{"id":25677,"date":"2022-07-19T14:11:41","date_gmt":"2022-07-19T14:11:41","guid":{"rendered":"https:\/\/elixscent.com\/?post_type=product&#038;p=25677"},"modified":"2023-07-28T05:59:19","modified_gmt":"2023-07-28T05:59:19","slug":"zel-wisniowy","status":"publish","type":"product","link":"https:\/\/elixscent.com\/pl\/product\/gel-cherry\/","title":{"rendered":"\u017bel w pude\u0142ku Cherry"},"content":{"rendered":"","protected":false},"featured_media":25678,"parent":0,"menu_order":77,"template":"","class_list":["post-25677","product","type-product","status-publish","has-post-thumbnail","hentry","product_category-gel-gel","product_category-gel"],"acf":[],"yoast_head":"<!-- This site is optimized with the Yoast SEO Premium plugin v27.2 (Yoast SEO v27.4) - https:\/\/yoast.com\/product\/yoast-seo-premium-wordpress\/ -->\n<title>GEL in box Cherry air freshener by ELiX<\/title>\n<meta name=\"description\" content=\"Effective air freshener in a small easy-to-use package. For simple room\/car freshening invisibly. Water-based gel, does not contain terpenes\" \/>\n<meta name=\"robots\" content=\"index, follow, max-snippet:-1, max-image-preview:large, max-video-preview:-1\" \/>\n<link rel=\"canonical\" href=\"https:\/\/elixscent.com\/pl\/produkt\/zel-wisniowy\/\" \/>\n<meta property=\"og:locale\" content=\"pl_PL\" \/>\n<meta property=\"og:type\" content=\"article\" \/>\n<meta property=\"og:title\" content=\"GEL in box Cherry\" \/>\n<meta property=\"og:description\" content=\"Effective air freshener in a small easy-to-use package. For simple room\/car freshening invisibly. Water-based gel, does not contain terpenes\" \/>\n<meta property=\"og:url\" content=\"https:\/\/elixscent.com\/pl\/produkt\/zel-wisniowy\/\" \/>\n<meta property=\"og:site_name\" content=\"ELiX EU air fresheners\" \/>\n<meta property=\"article:modified_time\" content=\"2023-07-28T05:59:19+00:00\" \/>\n<meta property=\"og:image\" content=\"https:\/\/elixscent.com\/wp-content\/uploads\/GEL_BOX_cherry.png\" \/>\n\t<meta property=\"og:image:width\" content=\"405\" \/>\n\t<meta property=\"og:image:height\" content=\"366\" \/>\n\t<meta property=\"og:image:type\" content=\"image\/png\" \/>\n<meta name=\"twitter:card\" content=\"summary_large_image\" \/>\n<script type=\"application\/ld+json\" class=\"yoast-schema-graph\">{\"@context\":\"https:\\\/\\\/schema.org\",\"@graph\":[{\"@type\":\"WebPage\",\"@id\":\"https:\\\/\\\/elixscent.com\\\/product\\\/gel-cherry\\\/\",\"url\":\"https:\\\/\\\/elixscent.com\\\/product\\\/gel-cherry\\\/\",\"name\":\"GEL in box Cherry air freshener by ELiX\",\"isPartOf\":{\"@id\":\"https:\\\/\\\/elixscent.com\\\/#website\"},\"primaryImageOfPage\":{\"@id\":\"https:\\\/\\\/elixscent.com\\\/product\\\/gel-cherry\\\/#primaryimage\"},\"image\":{\"@id\":\"https:\\\/\\\/elixscent.com\\\/product\\\/gel-cherry\\\/#primaryimage\"},\"thumbnailUrl\":\"https:\\\/\\\/elixscent.com\\\/wp-content\\\/uploads\\\/GEL_BOX_cherry.png\",\"datePublished\":\"2022-07-19T14:11:41+00:00\",\"dateModified\":\"2023-07-28T05:59:19+00:00\",\"description\":\"Effective air freshener in a small easy-to-use package. For simple room\\\/car freshening invisibly. Water-based gel, does not contain terpenes\",\"breadcrumb\":{\"@id\":\"https:\\\/\\\/elixscent.com\\\/product\\\/gel-cherry\\\/#breadcrumb\"},\"inLanguage\":\"pl-PL\",\"potentialAction\":[{\"@type\":\"ReadAction\",\"target\":[\"https:\\\/\\\/elixscent.com\\\/product\\\/gel-cherry\\\/\"]}]},{\"@type\":\"ImageObject\",\"inLanguage\":\"pl-PL\",\"@id\":\"https:\\\/\\\/elixscent.com\\\/product\\\/gel-cherry\\\/#primaryimage\",\"url\":\"https:\\\/\\\/elixscent.com\\\/wp-content\\\/uploads\\\/GEL_BOX_cherry.png\",\"contentUrl\":\"https:\\\/\\\/elixscent.com\\\/wp-content\\\/uploads\\\/GEL_BOX_cherry.png\",\"width\":405,\"height\":366,\"caption\":\"GEL BOX cherry\"},{\"@type\":\"BreadcrumbList\",\"@id\":\"https:\\\/\\\/elixscent.com\\\/product\\\/gel-cherry\\\/#breadcrumb\",\"itemListElement\":[{\"@type\":\"ListItem\",\"position\":1,\"name\":\"Home\",\"item\":\"https:\\\/\\\/elixscent.com\\\/\"},{\"@type\":\"ListItem\",\"position\":2,\"name\":\"Products\",\"item\":\"https:\\\/\\\/elixscent.com\\\/product\\\/\"},{\"@type\":\"ListItem\",\"position\":3,\"name\":\"GEL FRESHENERS\",\"item\":\"https:\\\/\\\/elixscent.com\\\/product-category\\\/gel\\\/\"},{\"@type\":\"ListItem\",\"position\":4,\"name\":\"Gel in box\",\"item\":\"https:\\\/\\\/elixscent.com\\\/product-category\\\/gel-gel\\\/\"},{\"@type\":\"ListItem\",\"position\":5,\"name\":\"GEL in box Cherry\"}]},{\"@type\":\"WebSite\",\"@id\":\"https:\\\/\\\/elixscent.com\\\/#website\",\"url\":\"https:\\\/\\\/elixscent.com\\\/\",\"name\":\"ELiX EU air fresheners\",\"description\":\"Air &amp; Fabric, Perfectly Fresh\",\"publisher\":{\"@id\":\"https:\\\/\\\/elixscent.com\\\/#organization\"},\"potentialAction\":[{\"@type\":\"SearchAction\",\"target\":{\"@type\":\"EntryPoint\",\"urlTemplate\":\"https:\\\/\\\/elixscent.com\\\/?s={search_term_string}\"},\"query-input\":{\"@type\":\"PropertyValueSpecification\",\"valueRequired\":true,\"valueName\":\"search_term_string\"}}],\"inLanguage\":\"pl-PL\"},{\"@type\":\"Organization\",\"@id\":\"https:\\\/\\\/elixscent.com\\\/#organization\",\"name\":\"ELIX air freshener manufacturer\",\"url\":\"https:\\\/\\\/elixscent.com\\\/\",\"logo\":{\"@type\":\"ImageObject\",\"inLanguage\":\"pl-PL\",\"@id\":\"https:\\\/\\\/elixscent.com\\\/#\\\/schema\\\/logo\\\/image\\\/\",\"url\":\"https:\\\/\\\/elixscent.com\\\/wp-content\\\/uploads\\\/elix_logo_1.0-_300.jpg\",\"contentUrl\":\"https:\\\/\\\/elixscent.com\\\/wp-content\\\/uploads\\\/elix_logo_1.0-_300.jpg\",\"width\":300,\"height\":257,\"caption\":\"ELIX air freshener manufacturer\"},\"image\":{\"@id\":\"https:\\\/\\\/elixscent.com\\\/#\\\/schema\\\/logo\\\/image\\\/\"},\"sameAs\":[\"https:\\\/\\\/www.linkedin.com\\\/company\\\/30084929\"]}]}<\/script>\n<!-- \/ Yoast SEO Premium plugin. -->","yoast_head_json":{"title":"Od\u015bwie\u017cacz powietrza GEL in box Cherry marki ELiX","description":"Skuteczny od\u015bwie\u017cacz powietrza w ma\u0142ym, \u0142atwym w u\u017cyciu opakowaniu. Do prostego i niewidocznego od\u015bwie\u017cania pomieszcze\u0144\/samochod\u00f3w. \u017bel na bazie wody, nie zawiera terpen\u00f3w","robots":{"index":"index","follow":"follow","max-snippet":"max-snippet:-1","max-image-preview":"max-image-preview:large","max-video-preview":"max-video-preview:-1"},"canonical":"https:\/\/elixscent.com\/pl\/produkt\/zel-wisniowy\/","og_locale":"pl_PL","og_type":"article","og_title":"GEL in box Cherry","og_description":"Effective air freshener in a small easy-to-use package. For simple room\/car freshening invisibly. Water-based gel, does not contain terpenes","og_url":"https:\/\/elixscent.com\/pl\/produkt\/zel-wisniowy\/","og_site_name":"ELiX EU air fresheners","article_modified_time":"2023-07-28T05:59:19+00:00","og_image":[{"width":405,"height":366,"url":"https:\/\/elixscent.com\/wp-content\/uploads\/GEL_BOX_cherry.png","type":"image\/png"}],"twitter_card":"summary_large_image","schema":{"@context":"https:\/\/schema.org","@graph":[{"@type":"WebPage","@id":"https:\/\/elixscent.com\/product\/gel-cherry\/","url":"https:\/\/elixscent.com\/product\/gel-cherry\/","name":"Od\u015bwie\u017cacz powietrza GEL in box Cherry marki ELiX","isPartOf":{"@id":"https:\/\/elixscent.com\/#website"},"primaryImageOfPage":{"@id":"https:\/\/elixscent.com\/product\/gel-cherry\/#primaryimage"},"image":{"@id":"https:\/\/elixscent.com\/product\/gel-cherry\/#primaryimage"},"thumbnailUrl":"https:\/\/elixscent.com\/wp-content\/uploads\/GEL_BOX_cherry.png","datePublished":"2022-07-19T14:11:41+00:00","dateModified":"2023-07-28T05:59:19+00:00","description":"Skuteczny od\u015bwie\u017cacz powietrza w ma\u0142ym, \u0142atwym w u\u017cyciu opakowaniu. Do prostego i niewidocznego od\u015bwie\u017cania pomieszcze\u0144\/samochod\u00f3w. \u017bel na bazie wody, nie zawiera terpen\u00f3w","breadcrumb":{"@id":"https:\/\/elixscent.com\/product\/gel-cherry\/#breadcrumb"},"inLanguage":"pl-PL","potentialAction":[{"@type":"ReadAction","target":["https:\/\/elixscent.com\/product\/gel-cherry\/"]}]},{"@type":"ImageObject","inLanguage":"pl-PL","@id":"https:\/\/elixscent.com\/product\/gel-cherry\/#primaryimage","url":"https:\/\/elixscent.com\/wp-content\/uploads\/GEL_BOX_cherry.png","contentUrl":"https:\/\/elixscent.com\/wp-content\/uploads\/GEL_BOX_cherry.png","width":405,"height":366,"caption":"GEL BOX cherry"},{"@type":"BreadcrumbList","@id":"https:\/\/elixscent.com\/product\/gel-cherry\/#breadcrumb","itemListElement":[{"@type":"ListItem","position":1,"name":"Home","item":"https:\/\/elixscent.com\/"},{"@type":"ListItem","position":2,"name":"Products","item":"https:\/\/elixscent.com\/product\/"},{"@type":"ListItem","position":3,"name":"GEL FRESHENERS","item":"https:\/\/elixscent.com\/product-category\/gel\/"},{"@type":"ListItem","position":4,"name":"Gel in box","item":"https:\/\/elixscent.com\/product-category\/gel-gel\/"},{"@type":"ListItem","position":5,"name":"GEL in box Cherry"}]},{"@type":"WebSite","@id":"https:\/\/elixscent.com\/#website","url":"https:\/\/elixscent.com\/","name":"Od\u015bwie\u017cacze powietrza ELiX EU","description":"Powietrze i tkaniny, idealnie \u015bwie\u017ce","publisher":{"@id":"https:\/\/elixscent.com\/#organization"},"potentialAction":[{"@type":"SearchAction","target":{"@type":"EntryPoint","urlTemplate":"https:\/\/elixscent.com\/?s={search_term_string}"},"query-input":{"@type":"PropertyValueSpecification","valueRequired":true,"valueName":"search_term_string"}}],"inLanguage":"pl-PL"},{"@type":"Organization","@id":"https:\/\/elixscent.com\/#organization","name":"Producent od\u015bwie\u017caczy powietrza ELIX","url":"https:\/\/elixscent.com\/","logo":{"@type":"ImageObject","inLanguage":"pl-PL","@id":"https:\/\/elixscent.com\/#\/schema\/logo\/image\/","url":"https:\/\/elixscent.com\/wp-content\/uploads\/elix_logo_1.0-_300.jpg","contentUrl":"https:\/\/elixscent.com\/wp-content\/uploads\/elix_logo_1.0-_300.jpg","width":300,"height":257,"caption":"ELIX air freshener manufacturer"},"image":{"@id":"https:\/\/elixscent.com\/#\/schema\/logo\/image\/"},"sameAs":["https:\/\/www.linkedin.com\/company\/30084929"]}]}},"_links":{"self":[{"href":"https:\/\/elixscent.com\/pl\/wp-json\/wp\/v2\/product\/25677","targetHints":{"allow":["GET"]}}],"collection":[{"href":"https:\/\/elixscent.com\/pl\/wp-json\/wp\/v2\/product"}],"about":[{"href":"https:\/\/elixscent.com\/pl\/wp-json\/wp\/v2\/types\/product"}],"version-history":[{"count":8,"href":"https:\/\/elixscent.com\/pl\/wp-json\/wp\/v2\/product\/25677\/revisions"}],"predecessor-version":[{"id":30035,"href":"https:\/\/elixscent.com\/pl\/wp-json\/wp\/v2\/product\/25677\/revisions\/30035"}],"wp:featuredmedia":[{"embeddable":true,"href":"https:\/\/elixscent.com\/pl\/wp-json\/wp\/v2\/media\/25678"}],"wp:attachment":[{"href":"https:\/\/elixscent.com\/pl\/wp-json\/wp\/v2\/media?parent=25677"}],"curies":[{"name":"wp","href":"https:\/\/api.w.org\/{rel}","templated":true}]}}