{"id":25330,"date":"2022-07-13T11:47:57","date_gmt":"2022-07-13T11:47:57","guid":{"rendered":"https:\/\/elixscent.com\/?post_type=product&#038;p=25330"},"modified":"2024-10-14T13:19:29","modified_gmt":"2024-10-14T13:19:29","slug":"bh-gardenia","status":"publish","type":"product","link":"https:\/\/elixscent.com\/pl\/product\/bh-gardenia\/","title":{"rendered":"BLOOM at HOME White Gardenia"},"content":{"rendered":"<p>Wyobra\u017a sobie, \u017ce jeste\u015b <em>spacer po \u0142\u0105ce<\/em> w d\u00f3\u0142 rzeki i poczu\u0107 zapach zroszonych konwalii... Zapach jest kwiatowy, przyjemny i intensywny. Kszta\u0142t kwiatu przypomina puszysty mniszek lekarski, kt\u00f3ry roztacza pi\u0119kny zapach. Kolor p\u0142ynu jest b\u0142yszcz\u0105cy jak <strong>eleganckie per\u0142y<\/strong>. Jest to jednocze\u015bnie wyr\u00f3\u017cniaj\u0105cy si\u0119 i minimalistyczny wyb\u00f3r.<\/p>\n<p>Elegancka butelka z ozdobn\u0105 naklejk\u0105 b\u0119dzie pasowa\u0107 do ka\u017cdego wn\u0119trza. Pi\u0119kny kolor kwiat\u00f3w b\u0119dzie pachn\u0105cym i gustownym elementem wystroju domu.<\/p>\n<p>Pozw\u00f3l kwiatowi nasi\u0105kn\u0105\u0107 i rozkwitn\u0105\u0107 kolorem i ciesz si\u0119 wspania\u0142ym zapachem, nawet gdy p\u0142yn si\u0119 sko\u0144czy. Kwiat b\u0119dzie pachnia\u0142 znacznie d\u0142u\u017cej!<\/p>\n<p><span id=\"span-23-132\" class=\"ct-span oxy-stock-content-styles\"><em>&gt;&gt; Je\u015bli chcesz kupi\u0107, odwied\u017a nasz sklep:<\/em> <a class=\"_ps2id\" href=\"https:\/\/airfresh24.com\/products\/shop\/bloom-at-home\/\" data-ps2id-offset=\"\"><strong>www.airfresh24.com<\/strong><\/a><\/span><\/p>","protected":false},"featured_media":28362,"parent":0,"menu_order":108,"template":"","class_list":["post-25330","product","type-product","status-publish","has-post-thumbnail","hentry","product_category-bh","product_category-home"],"acf":[],"yoast_head":"<!-- This site is optimized with the Yoast SEO Premium plugin v27.4 (Yoast SEO v27.5) - https:\/\/yoast.com\/product\/yoast-seo-premium-wordpress\/ -->\n<title>BLOOM at HOME White Gardenia home air perfume by ELix<\/title>\n<meta name=\"description\" content=\"An all-natural, handmade air freshener. Natural floral extracts and hand-formed flower from dried plant. Probably the only one on the market\" \/>\n<meta name=\"robots\" content=\"index, follow, max-snippet:-1, max-image-preview:large, max-video-preview:-1\" \/>\n<link rel=\"canonical\" href=\"https:\/\/elixscent.com\/pl\/produkt\/bh-gardenia\/\" \/>\n<meta property=\"og:locale\" content=\"pl_PL\" \/>\n<meta property=\"og:type\" content=\"article\" \/>\n<meta property=\"og:title\" content=\"BLOOM at HOME White Gardenia\" \/>\n<meta property=\"og:description\" content=\"An all-natural, handmade air freshener. Natural floral extracts and hand-formed flower from dried plant. Probably the only one on the market\" \/>\n<meta property=\"og:url\" content=\"https:\/\/elixscent.com\/pl\/produkt\/bh-gardenia\/\" \/>\n<meta property=\"og:site_name\" content=\"ELiX EU air fresheners\" \/>\n<meta property=\"article:modified_time\" content=\"2024-10-14T13:19:29+00:00\" \/>\n<meta property=\"og:image\" content=\"https:\/\/elixscent.com\/wp-content\/uploads\/BAH2.0_whitegardenia_F1.jpg\" \/>\n\t<meta property=\"og:image:width\" content=\"600\" \/>\n\t<meta property=\"og:image:height\" content=\"600\" \/>\n\t<meta property=\"og:image:type\" content=\"image\/jpeg\" \/>\n<meta name=\"twitter:card\" content=\"summary_large_image\" \/>\n<meta name=\"twitter:label1\" content=\"Szacowany czas czytania\" \/>\n\t<meta name=\"twitter:data1\" content=\"1 minuta\" \/>\n<script type=\"application\/ld+json\" class=\"yoast-schema-graph\">{\"@context\":\"https:\\\/\\\/schema.org\",\"@graph\":[{\"@type\":\"WebPage\",\"@id\":\"https:\\\/\\\/elixscent.com\\\/product\\\/bh-gardenia\\\/\",\"url\":\"https:\\\/\\\/elixscent.com\\\/product\\\/bh-gardenia\\\/\",\"name\":\"BLOOM at HOME White Gardenia home air perfume by ELix\",\"isPartOf\":{\"@id\":\"https:\\\/\\\/elixscent.com\\\/#website\"},\"primaryImageOfPage\":{\"@id\":\"https:\\\/\\\/elixscent.com\\\/product\\\/bh-gardenia\\\/#primaryimage\"},\"image\":{\"@id\":\"https:\\\/\\\/elixscent.com\\\/product\\\/bh-gardenia\\\/#primaryimage\"},\"thumbnailUrl\":\"https:\\\/\\\/elixscent.com\\\/wp-content\\\/uploads\\\/BAH2.0_whitegardenia_F1.jpg\",\"datePublished\":\"2022-07-13T11:47:57+00:00\",\"dateModified\":\"2024-10-14T13:19:29+00:00\",\"description\":\"An all-natural, handmade air freshener. Natural floral extracts and hand-formed flower from dried plant. Probably the only one on the market\",\"breadcrumb\":{\"@id\":\"https:\\\/\\\/elixscent.com\\\/product\\\/bh-gardenia\\\/#breadcrumb\"},\"inLanguage\":\"pl-PL\",\"potentialAction\":[{\"@type\":\"ReadAction\",\"target\":[\"https:\\\/\\\/elixscent.com\\\/product\\\/bh-gardenia\\\/\"]}]},{\"@type\":\"ImageObject\",\"inLanguage\":\"pl-PL\",\"@id\":\"https:\\\/\\\/elixscent.com\\\/product\\\/bh-gardenia\\\/#primaryimage\",\"url\":\"https:\\\/\\\/elixscent.com\\\/wp-content\\\/uploads\\\/BAH2.0_whitegardenia_F1.jpg\",\"contentUrl\":\"https:\\\/\\\/elixscent.com\\\/wp-content\\\/uploads\\\/BAH2.0_whitegardenia_F1.jpg\",\"width\":600,\"height\":600,\"caption\":\"BAH2.0 whitegardenia F1\"},{\"@type\":\"BreadcrumbList\",\"@id\":\"https:\\\/\\\/elixscent.com\\\/product\\\/bh-gardenia\\\/#breadcrumb\",\"itemListElement\":[{\"@type\":\"ListItem\",\"position\":1,\"name\":\"Home\",\"item\":\"https:\\\/\\\/elixscent.com\\\/\"},{\"@type\":\"ListItem\",\"position\":2,\"name\":\"Products\",\"item\":\"https:\\\/\\\/elixscent.com\\\/product\\\/\"},{\"@type\":\"ListItem\",\"position\":3,\"name\":\"HOME PERFUME\",\"item\":\"https:\\\/\\\/elixscent.com\\\/product-category\\\/home\\\/\"},{\"@type\":\"ListItem\",\"position\":4,\"name\":\"BLOOM at HOME White Gardenia\"}]},{\"@type\":\"WebSite\",\"@id\":\"https:\\\/\\\/elixscent.com\\\/#website\",\"url\":\"https:\\\/\\\/elixscent.com\\\/\",\"name\":\"ELiX EU air fresheners\",\"description\":\"Air &amp; Fabric, Perfectly Fresh\",\"publisher\":{\"@id\":\"https:\\\/\\\/elixscent.com\\\/#organization\"},\"potentialAction\":[{\"@type\":\"SearchAction\",\"target\":{\"@type\":\"EntryPoint\",\"urlTemplate\":\"https:\\\/\\\/elixscent.com\\\/?s={search_term_string}\"},\"query-input\":{\"@type\":\"PropertyValueSpecification\",\"valueRequired\":true,\"valueName\":\"search_term_string\"}}],\"inLanguage\":\"pl-PL\"},{\"@type\":\"Organization\",\"@id\":\"https:\\\/\\\/elixscent.com\\\/#organization\",\"name\":\"ELIX air freshener manufacturer\",\"url\":\"https:\\\/\\\/elixscent.com\\\/\",\"logo\":{\"@type\":\"ImageObject\",\"inLanguage\":\"pl-PL\",\"@id\":\"https:\\\/\\\/elixscent.com\\\/#\\\/schema\\\/logo\\\/image\\\/\",\"url\":\"https:\\\/\\\/elixscent.com\\\/wp-content\\\/uploads\\\/elix_logo_1.0-_300.jpg\",\"contentUrl\":\"https:\\\/\\\/elixscent.com\\\/wp-content\\\/uploads\\\/elix_logo_1.0-_300.jpg\",\"width\":300,\"height\":257,\"caption\":\"ELIX air freshener manufacturer\"},\"image\":{\"@id\":\"https:\\\/\\\/elixscent.com\\\/#\\\/schema\\\/logo\\\/image\\\/\"},\"sameAs\":[\"https:\\\/\\\/www.linkedin.com\\\/company\\\/30084929\"]}]}<\/script>\n<!-- \/ Yoast SEO Premium plugin. -->","yoast_head_json":{"title":"Perfumy do domu BLOOM at HOME White Gardenia marki ELix","description":"Ca\u0142kowicie naturalny, r\u0119cznie robiony od\u015bwie\u017cacz powietrza. Naturalne ekstrakty kwiatowe i r\u0119cznie formowany kwiat z suszonej ro\u015bliny. Prawdopodobnie jedyny na rynku","robots":{"index":"index","follow":"follow","max-snippet":"max-snippet:-1","max-image-preview":"max-image-preview:large","max-video-preview":"max-video-preview:-1"},"canonical":"https:\/\/elixscent.com\/pl\/produkt\/bh-gardenia\/","og_locale":"pl_PL","og_type":"article","og_title":"BLOOM at HOME White Gardenia","og_description":"An all-natural, handmade air freshener. Natural floral extracts and hand-formed flower from dried plant. Probably the only one on the market","og_url":"https:\/\/elixscent.com\/pl\/produkt\/bh-gardenia\/","og_site_name":"ELiX EU air fresheners","article_modified_time":"2024-10-14T13:19:29+00:00","og_image":[{"width":600,"height":600,"url":"https:\/\/elixscent.com\/wp-content\/uploads\/BAH2.0_whitegardenia_F1.jpg","type":"image\/jpeg"}],"twitter_card":"summary_large_image","twitter_misc":{"Szacowany czas czytania":"1 minuta"},"schema":{"@context":"https:\/\/schema.org","@graph":[{"@type":"WebPage","@id":"https:\/\/elixscent.com\/product\/bh-gardenia\/","url":"https:\/\/elixscent.com\/product\/bh-gardenia\/","name":"Perfumy do domu BLOOM at HOME White Gardenia marki ELix","isPartOf":{"@id":"https:\/\/elixscent.com\/#website"},"primaryImageOfPage":{"@id":"https:\/\/elixscent.com\/product\/bh-gardenia\/#primaryimage"},"image":{"@id":"https:\/\/elixscent.com\/product\/bh-gardenia\/#primaryimage"},"thumbnailUrl":"https:\/\/elixscent.com\/wp-content\/uploads\/BAH2.0_whitegardenia_F1.jpg","datePublished":"2022-07-13T11:47:57+00:00","dateModified":"2024-10-14T13:19:29+00:00","description":"Ca\u0142kowicie naturalny, r\u0119cznie robiony od\u015bwie\u017cacz powietrza. Naturalne ekstrakty kwiatowe i r\u0119cznie formowany kwiat z suszonej ro\u015bliny. Prawdopodobnie jedyny na rynku","breadcrumb":{"@id":"https:\/\/elixscent.com\/product\/bh-gardenia\/#breadcrumb"},"inLanguage":"pl-PL","potentialAction":[{"@type":"ReadAction","target":["https:\/\/elixscent.com\/product\/bh-gardenia\/"]}]},{"@type":"ImageObject","inLanguage":"pl-PL","@id":"https:\/\/elixscent.com\/product\/bh-gardenia\/#primaryimage","url":"https:\/\/elixscent.com\/wp-content\/uploads\/BAH2.0_whitegardenia_F1.jpg","contentUrl":"https:\/\/elixscent.com\/wp-content\/uploads\/BAH2.0_whitegardenia_F1.jpg","width":600,"height":600,"caption":"BAH2.0 whitegardenia F1"},{"@type":"BreadcrumbList","@id":"https:\/\/elixscent.com\/product\/bh-gardenia\/#breadcrumb","itemListElement":[{"@type":"ListItem","position":1,"name":"Home","item":"https:\/\/elixscent.com\/"},{"@type":"ListItem","position":2,"name":"Products","item":"https:\/\/elixscent.com\/product\/"},{"@type":"ListItem","position":3,"name":"HOME PERFUME","item":"https:\/\/elixscent.com\/product-category\/home\/"},{"@type":"ListItem","position":4,"name":"BLOOM at HOME White Gardenia"}]},{"@type":"WebSite","@id":"https:\/\/elixscent.com\/#website","url":"https:\/\/elixscent.com\/","name":"Od\u015bwie\u017cacze powietrza ELiX EU","description":"Powietrze i tkaniny, idealnie \u015bwie\u017ce","publisher":{"@id":"https:\/\/elixscent.com\/#organization"},"potentialAction":[{"@type":"SearchAction","target":{"@type":"EntryPoint","urlTemplate":"https:\/\/elixscent.com\/?s={search_term_string}"},"query-input":{"@type":"PropertyValueSpecification","valueRequired":true,"valueName":"search_term_string"}}],"inLanguage":"pl-PL"},{"@type":"Organization","@id":"https:\/\/elixscent.com\/#organization","name":"Producent od\u015bwie\u017caczy powietrza ELIX","url":"https:\/\/elixscent.com\/","logo":{"@type":"ImageObject","inLanguage":"pl-PL","@id":"https:\/\/elixscent.com\/#\/schema\/logo\/image\/","url":"https:\/\/elixscent.com\/wp-content\/uploads\/elix_logo_1.0-_300.jpg","contentUrl":"https:\/\/elixscent.com\/wp-content\/uploads\/elix_logo_1.0-_300.jpg","width":300,"height":257,"caption":"ELIX air freshener manufacturer"},"image":{"@id":"https:\/\/elixscent.com\/#\/schema\/logo\/image\/"},"sameAs":["https:\/\/www.linkedin.com\/company\/30084929"]}]}},"_links":{"self":[{"href":"https:\/\/elixscent.com\/pl\/wp-json\/wp\/v2\/product\/25330","targetHints":{"allow":["GET"]}}],"collection":[{"href":"https:\/\/elixscent.com\/pl\/wp-json\/wp\/v2\/product"}],"about":[{"href":"https:\/\/elixscent.com\/pl\/wp-json\/wp\/v2\/types\/product"}],"version-history":[{"count":14,"href":"https:\/\/elixscent.com\/pl\/wp-json\/wp\/v2\/product\/25330\/revisions"}],"predecessor-version":[{"id":53360,"href":"https:\/\/elixscent.com\/pl\/wp-json\/wp\/v2\/product\/25330\/revisions\/53360"}],"wp:featuredmedia":[{"embeddable":true,"href":"https:\/\/elixscent.com\/pl\/wp-json\/wp\/v2\/media\/28362"}],"wp:attachment":[{"href":"https:\/\/elixscent.com\/pl\/wp-json\/wp\/v2\/media?parent=25330"}],"curies":[{"name":"wp","href":"https:\/\/api.w.org\/{rel}","templated":true}]}}