{"id":25096,"date":"2022-07-12T12:44:22","date_gmt":"2022-07-12T12:44:22","guid":{"rendered":"https:\/\/elixscent.com\/?post_type=product&#038;p=25096"},"modified":"2024-10-14T11:23:45","modified_gmt":"2024-10-14T11:23:45","slug":"tulip-platinum","status":"publish","type":"product","link":"https:\/\/elixscent.com\/pl\/product\/tulip-platinum\/","title":{"rendered":"TULIP Platinum"},"content":{"rendered":"<p><span id=\"span-23-132\" class=\"ct-span oxy-stock-content-styles\">Unique and sophisticated combination of fine fragrances of tuberose, sandalwood and a bit of cinnamon. This special combination of fragrance and nice graphic of product will<strong> give you extraordinary <\/strong>feeling in your car.<\/span><\/p>\n<p><span id=\"span-23-132\" class=\"ct-span oxy-stock-content-styles\"><em>&gt;&gt; Je\u015bli chcesz kupi\u0107, odwied\u017a nasz sklep:<\/em> <a class=\"_ps2id\" href=\"https:\/\/airfresh24.com\/products\/shop\/tulip-cellulose-air-freshener\/\" data-ps2id-offset=\"\"><strong>www.airfresh24.com<\/strong><\/a><br \/>\n<\/span><\/p>","protected":false},"featured_media":28112,"parent":0,"menu_order":167,"template":"","class_list":["post-25096","product","type-product","status-publish","has-post-thumbnail","hentry","product_category-tulip","product_category-paper-air-fresheners"],"acf":[],"yoast_head":"<!-- This site is optimized with the Yoast SEO Premium plugin v27.2 (Yoast SEO v27.4) - https:\/\/yoast.com\/product\/yoast-seo-premium-wordpress\/ -->\n<title>TULIP Platinum paper air freshener by ELiX<\/title>\n<meta name=\"description\" content=\"The most popular form of air freshener. Longer refreshing effect due to special soaking formula. Made in Poland by ELiX\" \/>\n<meta name=\"robots\" content=\"index, follow, max-snippet:-1, max-image-preview:large, max-video-preview:-1\" \/>\n<link rel=\"canonical\" href=\"https:\/\/elixscent.com\/pl\/produkt\/tulip-platinum\/\" \/>\n<meta property=\"og:locale\" content=\"pl_PL\" \/>\n<meta property=\"og:type\" content=\"article\" \/>\n<meta property=\"og:title\" content=\"TULIP Platinum\" \/>\n<meta property=\"og:description\" content=\"The most popular form of air freshener. Longer refreshing effect due to special soaking formula. Made in Poland by ELiX\" \/>\n<meta property=\"og:url\" content=\"https:\/\/elixscent.com\/pl\/produkt\/tulip-platinum\/\" \/>\n<meta property=\"og:site_name\" content=\"ELiX EU air fresheners\" \/>\n<meta property=\"article:modified_time\" content=\"2024-10-14T11:23:45+00:00\" \/>\n<meta property=\"og:image\" content=\"https:\/\/elixscent.com\/wp-content\/uploads\/ELIXpaper_platinum_headder_1.0.png\" \/>\n\t<meta property=\"og:image:width\" content=\"175\" \/>\n\t<meta property=\"og:image:height\" content=\"419\" \/>\n\t<meta property=\"og:image:type\" content=\"image\/png\" \/>\n<meta name=\"twitter:card\" content=\"summary_large_image\" \/>\n<meta name=\"twitter:label1\" content=\"Szacowany czas czytania\" \/>\n\t<meta name=\"twitter:data1\" content=\"1 minuta\" \/>\n<script type=\"application\/ld+json\" class=\"yoast-schema-graph\">{\"@context\":\"https:\\\/\\\/schema.org\",\"@graph\":[{\"@type\":\"WebPage\",\"@id\":\"https:\\\/\\\/elixscent.com\\\/product\\\/tulip-platinum\\\/\",\"url\":\"https:\\\/\\\/elixscent.com\\\/product\\\/tulip-platinum\\\/\",\"name\":\"TULIP Platinum paper air freshener by ELiX\",\"isPartOf\":{\"@id\":\"https:\\\/\\\/elixscent.com\\\/#website\"},\"primaryImageOfPage\":{\"@id\":\"https:\\\/\\\/elixscent.com\\\/product\\\/tulip-platinum\\\/#primaryimage\"},\"image\":{\"@id\":\"https:\\\/\\\/elixscent.com\\\/product\\\/tulip-platinum\\\/#primaryimage\"},\"thumbnailUrl\":\"https:\\\/\\\/elixscent.com\\\/wp-content\\\/uploads\\\/ELIXpaper_platinum_headder_1.0.png\",\"datePublished\":\"2022-07-12T12:44:22+00:00\",\"dateModified\":\"2024-10-14T11:23:45+00:00\",\"description\":\"The most popular form of air freshener. Longer refreshing effect due to special soaking formula. Made in Poland by ELiX\",\"breadcrumb\":{\"@id\":\"https:\\\/\\\/elixscent.com\\\/product\\\/tulip-platinum\\\/#breadcrumb\"},\"inLanguage\":\"pl-PL\",\"potentialAction\":[{\"@type\":\"ReadAction\",\"target\":[\"https:\\\/\\\/elixscent.com\\\/product\\\/tulip-platinum\\\/\"]}]},{\"@type\":\"ImageObject\",\"inLanguage\":\"pl-PL\",\"@id\":\"https:\\\/\\\/elixscent.com\\\/product\\\/tulip-platinum\\\/#primaryimage\",\"url\":\"https:\\\/\\\/elixscent.com\\\/wp-content\\\/uploads\\\/ELIXpaper_platinum_headder_1.0.png\",\"contentUrl\":\"https:\\\/\\\/elixscent.com\\\/wp-content\\\/uploads\\\/ELIXpaper_platinum_headder_1.0.png\",\"width\":175,\"height\":419,\"caption\":\"ELIXpaper platinum headder 1.0\"},{\"@type\":\"BreadcrumbList\",\"@id\":\"https:\\\/\\\/elixscent.com\\\/product\\\/tulip-platinum\\\/#breadcrumb\",\"itemListElement\":[{\"@type\":\"ListItem\",\"position\":1,\"name\":\"Home\",\"item\":\"https:\\\/\\\/elixscent.com\\\/\"},{\"@type\":\"ListItem\",\"position\":2,\"name\":\"Products\",\"item\":\"https:\\\/\\\/elixscent.com\\\/product\\\/\"},{\"@type\":\"ListItem\",\"position\":3,\"name\":\"Paper air fresheners\",\"item\":\"https:\\\/\\\/elixscent.com\\\/product-category\\\/paper-air-fresheners\\\/\"},{\"@type\":\"ListItem\",\"position\":4,\"name\":\"TULIP\",\"item\":\"https:\\\/\\\/elixscent.com\\\/product-category\\\/tulip\\\/\"},{\"@type\":\"ListItem\",\"position\":5,\"name\":\"TULIP Platinum\"}]},{\"@type\":\"WebSite\",\"@id\":\"https:\\\/\\\/elixscent.com\\\/#website\",\"url\":\"https:\\\/\\\/elixscent.com\\\/\",\"name\":\"ELiX EU air fresheners\",\"description\":\"Air &amp; Fabric, Perfectly Fresh\",\"publisher\":{\"@id\":\"https:\\\/\\\/elixscent.com\\\/#organization\"},\"potentialAction\":[{\"@type\":\"SearchAction\",\"target\":{\"@type\":\"EntryPoint\",\"urlTemplate\":\"https:\\\/\\\/elixscent.com\\\/?s={search_term_string}\"},\"query-input\":{\"@type\":\"PropertyValueSpecification\",\"valueRequired\":true,\"valueName\":\"search_term_string\"}}],\"inLanguage\":\"pl-PL\"},{\"@type\":\"Organization\",\"@id\":\"https:\\\/\\\/elixscent.com\\\/#organization\",\"name\":\"ELIX air freshener manufacturer\",\"url\":\"https:\\\/\\\/elixscent.com\\\/\",\"logo\":{\"@type\":\"ImageObject\",\"inLanguage\":\"pl-PL\",\"@id\":\"https:\\\/\\\/elixscent.com\\\/#\\\/schema\\\/logo\\\/image\\\/\",\"url\":\"https:\\\/\\\/elixscent.com\\\/wp-content\\\/uploads\\\/elix_logo_1.0-_300.jpg\",\"contentUrl\":\"https:\\\/\\\/elixscent.com\\\/wp-content\\\/uploads\\\/elix_logo_1.0-_300.jpg\",\"width\":300,\"height\":257,\"caption\":\"ELIX air freshener manufacturer\"},\"image\":{\"@id\":\"https:\\\/\\\/elixscent.com\\\/#\\\/schema\\\/logo\\\/image\\\/\"},\"sameAs\":[\"https:\\\/\\\/www.linkedin.com\\\/company\\\/30084929\"]}]}<\/script>\n<!-- \/ Yoast SEO Premium plugin. -->","yoast_head_json":{"title":"TULIP Platinum paper air freshener by ELiX","description":"Najpopularniejsza forma od\u015bwie\u017cacza powietrza. D\u0142u\u017csze dzia\u0142anie od\u015bwie\u017caj\u0105ce dzi\u0119ki specjalnej formule nas\u0105czania. Wyprodukowano w Polsce przez ELiX","robots":{"index":"index","follow":"follow","max-snippet":"max-snippet:-1","max-image-preview":"max-image-preview:large","max-video-preview":"max-video-preview:-1"},"canonical":"https:\/\/elixscent.com\/pl\/produkt\/tulip-platinum\/","og_locale":"pl_PL","og_type":"article","og_title":"TULIP Platinum","og_description":"The most popular form of air freshener. Longer refreshing effect due to special soaking formula. Made in Poland by ELiX","og_url":"https:\/\/elixscent.com\/pl\/produkt\/tulip-platinum\/","og_site_name":"ELiX EU air fresheners","article_modified_time":"2024-10-14T11:23:45+00:00","og_image":[{"width":175,"height":419,"url":"https:\/\/elixscent.com\/wp-content\/uploads\/ELIXpaper_platinum_headder_1.0.png","type":"image\/png"}],"twitter_card":"summary_large_image","twitter_misc":{"Szacowany czas czytania":"1 minuta"},"schema":{"@context":"https:\/\/schema.org","@graph":[{"@type":"WebPage","@id":"https:\/\/elixscent.com\/product\/tulip-platinum\/","url":"https:\/\/elixscent.com\/product\/tulip-platinum\/","name":"TULIP Platinum paper air freshener by ELiX","isPartOf":{"@id":"https:\/\/elixscent.com\/#website"},"primaryImageOfPage":{"@id":"https:\/\/elixscent.com\/product\/tulip-platinum\/#primaryimage"},"image":{"@id":"https:\/\/elixscent.com\/product\/tulip-platinum\/#primaryimage"},"thumbnailUrl":"https:\/\/elixscent.com\/wp-content\/uploads\/ELIXpaper_platinum_headder_1.0.png","datePublished":"2022-07-12T12:44:22+00:00","dateModified":"2024-10-14T11:23:45+00:00","description":"Najpopularniejsza forma od\u015bwie\u017cacza powietrza. D\u0142u\u017csze dzia\u0142anie od\u015bwie\u017caj\u0105ce dzi\u0119ki specjalnej formule nas\u0105czania. Wyprodukowano w Polsce przez ELiX","breadcrumb":{"@id":"https:\/\/elixscent.com\/product\/tulip-platinum\/#breadcrumb"},"inLanguage":"pl-PL","potentialAction":[{"@type":"ReadAction","target":["https:\/\/elixscent.com\/product\/tulip-platinum\/"]}]},{"@type":"ImageObject","inLanguage":"pl-PL","@id":"https:\/\/elixscent.com\/product\/tulip-platinum\/#primaryimage","url":"https:\/\/elixscent.com\/wp-content\/uploads\/ELIXpaper_platinum_headder_1.0.png","contentUrl":"https:\/\/elixscent.com\/wp-content\/uploads\/ELIXpaper_platinum_headder_1.0.png","width":175,"height":419,"caption":"ELIXpaper platinum headder 1.0"},{"@type":"BreadcrumbList","@id":"https:\/\/elixscent.com\/product\/tulip-platinum\/#breadcrumb","itemListElement":[{"@type":"ListItem","position":1,"name":"Home","item":"https:\/\/elixscent.com\/"},{"@type":"ListItem","position":2,"name":"Products","item":"https:\/\/elixscent.com\/product\/"},{"@type":"ListItem","position":3,"name":"Paper air fresheners","item":"https:\/\/elixscent.com\/product-category\/paper-air-fresheners\/"},{"@type":"ListItem","position":4,"name":"TULIP","item":"https:\/\/elixscent.com\/product-category\/tulip\/"},{"@type":"ListItem","position":5,"name":"TULIP Platinum"}]},{"@type":"WebSite","@id":"https:\/\/elixscent.com\/#website","url":"https:\/\/elixscent.com\/","name":"Od\u015bwie\u017cacze powietrza ELiX EU","description":"Powietrze i tkaniny, idealnie \u015bwie\u017ce","publisher":{"@id":"https:\/\/elixscent.com\/#organization"},"potentialAction":[{"@type":"SearchAction","target":{"@type":"EntryPoint","urlTemplate":"https:\/\/elixscent.com\/?s={search_term_string}"},"query-input":{"@type":"PropertyValueSpecification","valueRequired":true,"valueName":"search_term_string"}}],"inLanguage":"pl-PL"},{"@type":"Organization","@id":"https:\/\/elixscent.com\/#organization","name":"Producent od\u015bwie\u017caczy powietrza ELIX","url":"https:\/\/elixscent.com\/","logo":{"@type":"ImageObject","inLanguage":"pl-PL","@id":"https:\/\/elixscent.com\/#\/schema\/logo\/image\/","url":"https:\/\/elixscent.com\/wp-content\/uploads\/elix_logo_1.0-_300.jpg","contentUrl":"https:\/\/elixscent.com\/wp-content\/uploads\/elix_logo_1.0-_300.jpg","width":300,"height":257,"caption":"ELIX air freshener manufacturer"},"image":{"@id":"https:\/\/elixscent.com\/#\/schema\/logo\/image\/"},"sameAs":["https:\/\/www.linkedin.com\/company\/30084929"]}]}},"_links":{"self":[{"href":"https:\/\/elixscent.com\/pl\/wp-json\/wp\/v2\/product\/25096","targetHints":{"allow":["GET"]}}],"collection":[{"href":"https:\/\/elixscent.com\/pl\/wp-json\/wp\/v2\/product"}],"about":[{"href":"https:\/\/elixscent.com\/pl\/wp-json\/wp\/v2\/types\/product"}],"version-history":[{"count":20,"href":"https:\/\/elixscent.com\/pl\/wp-json\/wp\/v2\/product\/25096\/revisions"}],"predecessor-version":[{"id":53251,"href":"https:\/\/elixscent.com\/pl\/wp-json\/wp\/v2\/product\/25096\/revisions\/53251"}],"wp:featuredmedia":[{"embeddable":true,"href":"https:\/\/elixscent.com\/pl\/wp-json\/wp\/v2\/media\/28112"}],"wp:attachment":[{"href":"https:\/\/elixscent.com\/pl\/wp-json\/wp\/v2\/media?parent=25096"}],"curies":[{"name":"wp","href":"https:\/\/api.w.org\/{rel}","templated":true}]}}