{"id":24949,"date":"2022-07-12T11:02:02","date_gmt":"2022-07-12T11:02:02","guid":{"rendered":"https:\/\/elixscent.com\/?post_type=product&#038;p=24949"},"modified":"2024-10-14T11:33:46","modified_gmt":"2024-10-14T11:33:46","slug":"elixir-grand-vanilla","status":"publish","type":"product","link":"https:\/\/elixscent.com\/pl\/product\/elixir-grand-vanilla\/","title":{"rendered":"elixir 8sp Vanilla"},"content":{"rendered":"<p><span id=\"span-23-132\" class=\"ct-span oxy-stock-content-styles\"><em>&gt;&gt; Je\u015bli chcesz kupi\u0107, odwied\u017a nasz sklep:<\/em><\/span> <a href=\"https:\/\/airfresh24.com\/products\/shop\/elixir-8sp\/\"><strong>www.airfresh24.com<\/strong><\/a><\/p>","protected":false},"featured_media":24978,"parent":0,"menu_order":193,"template":"","class_list":["post-24949","product","type-product","status-publish","has-post-thumbnail","hentry","product_category-wooden-air-freshener","product_category-elixir8-simple"],"acf":[],"yoast_head":"<!-- This site is optimized with the Yoast SEO Premium plugin v27.2 (Yoast SEO v27.4) - https:\/\/yoast.com\/product\/yoast-seo-premium-wordpress\/ -->\n<title>elixir 8sp Vanilla air perfume by ELiX<\/title>\n<meta name=\"description\" content=\"Wood air perfume is an excellent choice for refreshing a room with natural fragrance. Plastic free, minimalist packaging.\" \/>\n<meta name=\"robots\" content=\"index, follow, max-snippet:-1, max-image-preview:large, max-video-preview:-1\" \/>\n<link rel=\"canonical\" href=\"https:\/\/elixscent.com\/pl\/produkt\/elixir-grand-vanilla\/\" \/>\n<meta property=\"og:locale\" content=\"pl_PL\" \/>\n<meta property=\"og:type\" content=\"article\" \/>\n<meta property=\"og:title\" content=\"elixir 8sp Vanilla\" \/>\n<meta property=\"og:description\" content=\"Wood air perfume is an excellent choice for refreshing a room with natural fragrance. Plastic free, minimalist packaging.\" \/>\n<meta property=\"og:url\" content=\"https:\/\/elixscent.com\/pl\/produkt\/elixir-grand-vanilla\/\" \/>\n<meta property=\"og:site_name\" content=\"ELiX EU air fresheners\" \/>\n<meta property=\"article:modified_time\" content=\"2024-10-14T11:33:46+00:00\" \/>\n<meta property=\"og:image\" content=\"https:\/\/elixscent.com\/wp-content\/uploads\/8ml_vanilla_2.0.png\" \/>\n\t<meta property=\"og:image:width\" content=\"300\" \/>\n\t<meta property=\"og:image:height\" content=\"561\" \/>\n\t<meta property=\"og:image:type\" content=\"image\/png\" \/>\n<meta name=\"twitter:card\" content=\"summary_large_image\" \/>\n<meta name=\"twitter:label1\" content=\"Szacowany czas czytania\" \/>\n\t<meta name=\"twitter:data1\" content=\"1 minuta\" \/>\n<script type=\"application\/ld+json\" class=\"yoast-schema-graph\">{\"@context\":\"https:\\\/\\\/schema.org\",\"@graph\":[{\"@type\":\"WebPage\",\"@id\":\"https:\\\/\\\/elixscent.com\\\/product\\\/elixir-grand-vanilla\\\/\",\"url\":\"https:\\\/\\\/elixscent.com\\\/product\\\/elixir-grand-vanilla\\\/\",\"name\":\"elixir 8sp Vanilla air perfume by ELiX\",\"isPartOf\":{\"@id\":\"https:\\\/\\\/elixscent.com\\\/#website\"},\"primaryImageOfPage\":{\"@id\":\"https:\\\/\\\/elixscent.com\\\/product\\\/elixir-grand-vanilla\\\/#primaryimage\"},\"image\":{\"@id\":\"https:\\\/\\\/elixscent.com\\\/product\\\/elixir-grand-vanilla\\\/#primaryimage\"},\"thumbnailUrl\":\"https:\\\/\\\/elixscent.com\\\/wp-content\\\/uploads\\\/8ml_vanilla_2.0.png\",\"datePublished\":\"2022-07-12T11:02:02+00:00\",\"dateModified\":\"2024-10-14T11:33:46+00:00\",\"description\":\"Wood air perfume is an excellent choice for refreshing a room with natural fragrance. Plastic free, minimalist packaging.\",\"breadcrumb\":{\"@id\":\"https:\\\/\\\/elixscent.com\\\/product\\\/elixir-grand-vanilla\\\/#breadcrumb\"},\"inLanguage\":\"pl-PL\",\"potentialAction\":[{\"@type\":\"ReadAction\",\"target\":[\"https:\\\/\\\/elixscent.com\\\/product\\\/elixir-grand-vanilla\\\/\"]}]},{\"@type\":\"ImageObject\",\"inLanguage\":\"pl-PL\",\"@id\":\"https:\\\/\\\/elixscent.com\\\/product\\\/elixir-grand-vanilla\\\/#primaryimage\",\"url\":\"https:\\\/\\\/elixscent.com\\\/wp-content\\\/uploads\\\/8ml_vanilla_2.0.png\",\"contentUrl\":\"https:\\\/\\\/elixscent.com\\\/wp-content\\\/uploads\\\/8ml_vanilla_2.0.png\",\"width\":300,\"height\":561,\"caption\":\"8ml vanilla 2.0\"},{\"@type\":\"BreadcrumbList\",\"@id\":\"https:\\\/\\\/elixscent.com\\\/product\\\/elixir-grand-vanilla\\\/#breadcrumb\",\"itemListElement\":[{\"@type\":\"ListItem\",\"position\":1,\"name\":\"Home\",\"item\":\"https:\\\/\\\/elixscent.com\\\/\"},{\"@type\":\"ListItem\",\"position\":2,\"name\":\"Products\",\"item\":\"https:\\\/\\\/elixscent.com\\\/product\\\/\"},{\"@type\":\"ListItem\",\"position\":3,\"name\":\"WOOD\",\"item\":\"https:\\\/\\\/elixscent.com\\\/product-category\\\/wooden-air-freshener\\\/\"},{\"@type\":\"ListItem\",\"position\":4,\"name\":\"elixir 8sp Vanilla\"}]},{\"@type\":\"WebSite\",\"@id\":\"https:\\\/\\\/elixscent.com\\\/#website\",\"url\":\"https:\\\/\\\/elixscent.com\\\/\",\"name\":\"ELiX EU air fresheners\",\"description\":\"Air &amp; Fabric, Perfectly Fresh\",\"publisher\":{\"@id\":\"https:\\\/\\\/elixscent.com\\\/#organization\"},\"potentialAction\":[{\"@type\":\"SearchAction\",\"target\":{\"@type\":\"EntryPoint\",\"urlTemplate\":\"https:\\\/\\\/elixscent.com\\\/?s={search_term_string}\"},\"query-input\":{\"@type\":\"PropertyValueSpecification\",\"valueRequired\":true,\"valueName\":\"search_term_string\"}}],\"inLanguage\":\"pl-PL\"},{\"@type\":\"Organization\",\"@id\":\"https:\\\/\\\/elixscent.com\\\/#organization\",\"name\":\"ELIX air freshener manufacturer\",\"url\":\"https:\\\/\\\/elixscent.com\\\/\",\"logo\":{\"@type\":\"ImageObject\",\"inLanguage\":\"pl-PL\",\"@id\":\"https:\\\/\\\/elixscent.com\\\/#\\\/schema\\\/logo\\\/image\\\/\",\"url\":\"https:\\\/\\\/elixscent.com\\\/wp-content\\\/uploads\\\/elix_logo_1.0-_300.jpg\",\"contentUrl\":\"https:\\\/\\\/elixscent.com\\\/wp-content\\\/uploads\\\/elix_logo_1.0-_300.jpg\",\"width\":300,\"height\":257,\"caption\":\"ELIX air freshener manufacturer\"},\"image\":{\"@id\":\"https:\\\/\\\/elixscent.com\\\/#\\\/schema\\\/logo\\\/image\\\/\"},\"sameAs\":[\"https:\\\/\\\/www.linkedin.com\\\/company\\\/30084929\"]}]}<\/script>\n<!-- \/ Yoast SEO Premium plugin. -->","yoast_head_json":{"title":"elixir 8sp Vanilla air perfume by ELiX","description":"Perfumy Wood Air to doskona\u0142y wyb\u00f3r do od\u015bwie\u017cenia pomieszczenia naturalnym zapachem. Minimalistyczne opakowanie nie zawiera plastiku.","robots":{"index":"index","follow":"follow","max-snippet":"max-snippet:-1","max-image-preview":"max-image-preview:large","max-video-preview":"max-video-preview:-1"},"canonical":"https:\/\/elixscent.com\/pl\/produkt\/elixir-grand-vanilla\/","og_locale":"pl_PL","og_type":"article","og_title":"elixir 8sp Vanilla","og_description":"Wood air perfume is an excellent choice for refreshing a room with natural fragrance. Plastic free, minimalist packaging.","og_url":"https:\/\/elixscent.com\/pl\/produkt\/elixir-grand-vanilla\/","og_site_name":"ELiX EU air fresheners","article_modified_time":"2024-10-14T11:33:46+00:00","og_image":[{"width":300,"height":561,"url":"https:\/\/elixscent.com\/wp-content\/uploads\/8ml_vanilla_2.0.png","type":"image\/png"}],"twitter_card":"summary_large_image","twitter_misc":{"Szacowany czas czytania":"1 minuta"},"schema":{"@context":"https:\/\/schema.org","@graph":[{"@type":"WebPage","@id":"https:\/\/elixscent.com\/product\/elixir-grand-vanilla\/","url":"https:\/\/elixscent.com\/product\/elixir-grand-vanilla\/","name":"elixir 8sp Vanilla air perfume by ELiX","isPartOf":{"@id":"https:\/\/elixscent.com\/#website"},"primaryImageOfPage":{"@id":"https:\/\/elixscent.com\/product\/elixir-grand-vanilla\/#primaryimage"},"image":{"@id":"https:\/\/elixscent.com\/product\/elixir-grand-vanilla\/#primaryimage"},"thumbnailUrl":"https:\/\/elixscent.com\/wp-content\/uploads\/8ml_vanilla_2.0.png","datePublished":"2022-07-12T11:02:02+00:00","dateModified":"2024-10-14T11:33:46+00:00","description":"Perfumy Wood Air to doskona\u0142y wyb\u00f3r do od\u015bwie\u017cenia pomieszczenia naturalnym zapachem. Minimalistyczne opakowanie nie zawiera plastiku.","breadcrumb":{"@id":"https:\/\/elixscent.com\/product\/elixir-grand-vanilla\/#breadcrumb"},"inLanguage":"pl-PL","potentialAction":[{"@type":"ReadAction","target":["https:\/\/elixscent.com\/product\/elixir-grand-vanilla\/"]}]},{"@type":"ImageObject","inLanguage":"pl-PL","@id":"https:\/\/elixscent.com\/product\/elixir-grand-vanilla\/#primaryimage","url":"https:\/\/elixscent.com\/wp-content\/uploads\/8ml_vanilla_2.0.png","contentUrl":"https:\/\/elixscent.com\/wp-content\/uploads\/8ml_vanilla_2.0.png","width":300,"height":561,"caption":"8ml vanilla 2.0"},{"@type":"BreadcrumbList","@id":"https:\/\/elixscent.com\/product\/elixir-grand-vanilla\/#breadcrumb","itemListElement":[{"@type":"ListItem","position":1,"name":"Home","item":"https:\/\/elixscent.com\/"},{"@type":"ListItem","position":2,"name":"Products","item":"https:\/\/elixscent.com\/product\/"},{"@type":"ListItem","position":3,"name":"WOOD","item":"https:\/\/elixscent.com\/product-category\/wooden-air-freshener\/"},{"@type":"ListItem","position":4,"name":"elixir 8sp Vanilla"}]},{"@type":"WebSite","@id":"https:\/\/elixscent.com\/#website","url":"https:\/\/elixscent.com\/","name":"Od\u015bwie\u017cacze powietrza ELiX EU","description":"Powietrze i tkaniny, idealnie \u015bwie\u017ce","publisher":{"@id":"https:\/\/elixscent.com\/#organization"},"potentialAction":[{"@type":"SearchAction","target":{"@type":"EntryPoint","urlTemplate":"https:\/\/elixscent.com\/?s={search_term_string}"},"query-input":{"@type":"PropertyValueSpecification","valueRequired":true,"valueName":"search_term_string"}}],"inLanguage":"pl-PL"},{"@type":"Organization","@id":"https:\/\/elixscent.com\/#organization","name":"Producent od\u015bwie\u017caczy powietrza ELIX","url":"https:\/\/elixscent.com\/","logo":{"@type":"ImageObject","inLanguage":"pl-PL","@id":"https:\/\/elixscent.com\/#\/schema\/logo\/image\/","url":"https:\/\/elixscent.com\/wp-content\/uploads\/elix_logo_1.0-_300.jpg","contentUrl":"https:\/\/elixscent.com\/wp-content\/uploads\/elix_logo_1.0-_300.jpg","width":300,"height":257,"caption":"ELIX air freshener manufacturer"},"image":{"@id":"https:\/\/elixscent.com\/#\/schema\/logo\/image\/"},"sameAs":["https:\/\/www.linkedin.com\/company\/30084929"]}]}},"_links":{"self":[{"href":"https:\/\/elixscent.com\/pl\/wp-json\/wp\/v2\/product\/24949","targetHints":{"allow":["GET"]}}],"collection":[{"href":"https:\/\/elixscent.com\/pl\/wp-json\/wp\/v2\/product"}],"about":[{"href":"https:\/\/elixscent.com\/pl\/wp-json\/wp\/v2\/types\/product"}],"version-history":[{"count":17,"href":"https:\/\/elixscent.com\/pl\/wp-json\/wp\/v2\/product\/24949\/revisions"}],"predecessor-version":[{"id":53304,"href":"https:\/\/elixscent.com\/pl\/wp-json\/wp\/v2\/product\/24949\/revisions\/53304"}],"wp:featuredmedia":[{"embeddable":true,"href":"https:\/\/elixscent.com\/pl\/wp-json\/wp\/v2\/media\/24978"}],"wp:attachment":[{"href":"https:\/\/elixscent.com\/pl\/wp-json\/wp\/v2\/media?parent=24949"}],"curies":[{"name":"wp","href":"https:\/\/api.w.org\/{rel}","templated":true}]}}