{"id":56895,"date":"2025-03-26T14:38:23","date_gmt":"2025-03-26T14:38:23","guid":{"rendered":"https:\/\/elixscent.com\/?post_type=product&#038;p=56895"},"modified":"2025-08-01T07:55:26","modified_gmt":"2025-08-01T07:55:26","slug":"profumatore-per-bucato-lavella","status":"publish","type":"product","link":"https:\/\/elixscent.com\/it\/product\/laundry-scent-booster-lavella\/","title":{"rendered":"Profumatore per bucato Lavella"},"content":{"rendered":"<p data-start=\"75\" data-end=\"470\">Avvolgetevi nell'abbraccio confortante di <strong data-start=\"118\" data-end=\"138\">Amarella Lavella<\/strong>una fragranza studiata per portare tranquillit\u00e0, calore e pura serenit\u00e0 nel bucato. Ispirato ai momenti di relax e di cura di s\u00e9, questo booster di profumo trasforma ogni lavaggio in un'esperienza sensoriale rilassante. Immaginate la sensazione della biancheria appena lavata, infusa con un aroma delicato e calmante che permane come un dolce abbraccio.<\/p>\n<h3 data-start=\"472\" data-end=\"510\"><strong data-start=\"476\" data-end=\"508\">Profilo di fragranza - Lavella:<\/strong><\/h3>\n<ul data-start=\"511\" data-end=\"828\">\n<li data-start=\"511\" data-end=\"616\">\n<p data-start=\"513\" data-end=\"616\"><strong data-start=\"513\" data-end=\"527\">Note di testa:<\/strong> Un soffice sussurro di lavanda fresca e petali di rugiada, che evoca un senso di tranquillo benessere.<\/p>\n<\/li>\n<li data-start=\"617\" data-end=\"719\">\n<p data-start=\"619\" data-end=\"719\"><strong data-start=\"619\" data-end=\"635\">Note di cuore:<\/strong> Una delicata miscela di fiori bianchi e vaniglia cremosa, che aggiunge calore ed eleganza.<\/p>\n<\/li>\n<li data-start=\"720\" data-end=\"828\">\n<p data-start=\"722\" data-end=\"828\"><strong data-start=\"722\" data-end=\"737\">Note di fondo:<\/strong> Una finitura liscia e muschiata con una nota di legni morbidi, che crea un bozzolo di serenit\u00e0 duraturo.<\/p>\n<\/li>\n<\/ul>\n<h3 data-start=\"830\" data-end=\"868\"><strong data-start=\"834\" data-end=\"866\">Perch\u00e9 scegliere Amarella Lavella?<\/strong><\/h3>\n<p data-start=\"869\" data-end=\"1464\">\u2714 <strong data-start=\"871\" data-end=\"891\">Nessuna microplastica<\/strong> - Privo di microcapsule di profumo, classificate come microplastiche secondo le normative UE.<br data-start=\"988\" data-end=\"991\" \/>\u2714 <strong data-start=\"993\" data-end=\"1025\">Un profumo che sa di casa<\/strong> - Progettato per evocare calore, intimit\u00e0 e momenti di puro relax.<br data-start=\"1095\" data-end=\"1098\" \/>\u2714 <strong data-start=\"1100\" data-end=\"1126\">Freschezza di lunga durata<\/strong> - Infonde in profondit\u00e0 i tessuti con una fragranza morbida e confortante che rimane per settimane.<br data-start=\"1207\" data-end=\"1210\" \/>\u2714 <strong data-start=\"1212\" data-end=\"1247\">Sicuro per tutti i tessuti e le macchine<\/strong> - Funziona perfettamente con tutti i tipi di bucato e di lavatrici, compresi i modelli HE.<br data-start=\"1331\" data-end=\"1334\" \/>\u2714 <strong data-start=\"1336\" data-end=\"1361\">Indulgenza senza sforzo<\/strong> - Basta aggiungere le perle al tamburo di lavaggio e lasciare che il profumo calmante elevi la vostra esperienza di bucato.<\/p>\n<p data-start=\"1466\" data-end=\"1604\">Lasciate che <strong data-start=\"1470\" data-end=\"1490\">Amarella Lavella<\/strong> trasformare il bucato in un rituale di relax, dove morbidezza, calore e serenit\u00e0 si fondono in ogni lavaggio.<\/p>","protected":false},"featured_media":56896,"parent":0,"menu_order":0,"template":"","class_list":["post-56895","product","type-product","status-publish","has-post-thumbnail","hentry","product_category-amarella_2","product_category-laundry_scent_booster"],"acf":[],"yoast_head":"<!-- This site is optimized with the Yoast SEO Premium plugin v27.4 (Yoast SEO v27.4) - https:\/\/yoast.com\/product\/yoast-seo-premium-wordpress\/ -->\n<title>Laundry Scent Booster for a Long-Lasting Aroma<\/title>\n<meta name=\"description\" content=\"Amarella Laundry Scent Booster Beads \u2013 370g (24 Doses). Key Features: Advanced Fragrance Technology \u2013 Ensures deep fabric penetration for an enduring scent experience. No Microcapsules \u2013 Microplastic-Free\" \/>\n<meta name=\"robots\" content=\"index, follow, max-snippet:-1, max-image-preview:large, max-video-preview:-1\" \/>\n<link rel=\"canonical\" href=\"https:\/\/elixscent.com\/it\/prodotto\/profumatore-per-bucato-lavella\/\" \/>\n<meta property=\"og:locale\" content=\"it_IT\" \/>\n<meta property=\"og:type\" content=\"article\" \/>\n<meta property=\"og:title\" content=\"Laundry Scent Booster Lavella\" \/>\n<meta property=\"og:description\" content=\"Amarella Laundry Scent Booster Beads \u2013 370g (24 Doses). Key Features: Advanced Fragrance Technology \u2013 Ensures deep fabric penetration for an enduring scent experience. No Microcapsules \u2013 Microplastic-Free\" \/>\n<meta property=\"og:url\" content=\"https:\/\/elixscent.com\/it\/prodotto\/profumatore-per-bucato-lavella\/\" \/>\n<meta property=\"og:site_name\" content=\"ELiX EU air fresheners\" \/>\n<meta property=\"article:modified_time\" content=\"2025-08-01T07:55:26+00:00\" \/>\n<meta property=\"og:image\" content=\"https:\/\/elixscent.com\/wp-content\/uploads\/WEBP_Perfume_Beeds_lavella_1.1.webp\" \/>\n\t<meta property=\"og:image:width\" content=\"210\" \/>\n\t<meta property=\"og:image:height\" content=\"655\" \/>\n\t<meta property=\"og:image:type\" content=\"image\/webp\" \/>\n<meta name=\"twitter:card\" content=\"summary_large_image\" \/>\n<meta name=\"twitter:label1\" content=\"Tempo di lettura stimato\" \/>\n\t<meta name=\"twitter:data1\" content=\"2 minuti\" \/>\n<script type=\"application\/ld+json\" class=\"yoast-schema-graph\">{\"@context\":\"https:\\\/\\\/schema.org\",\"@graph\":[{\"@type\":\"WebPage\",\"@id\":\"https:\\\/\\\/elixscent.com\\\/product\\\/laundry-scent-booster-lavella\\\/\",\"url\":\"https:\\\/\\\/elixscent.com\\\/product\\\/laundry-scent-booster-lavella\\\/\",\"name\":\"Laundry Scent Booster for a Long-Lasting Aroma\",\"isPartOf\":{\"@id\":\"https:\\\/\\\/elixscent.com\\\/#website\"},\"primaryImageOfPage\":{\"@id\":\"https:\\\/\\\/elixscent.com\\\/product\\\/laundry-scent-booster-lavella\\\/#primaryimage\"},\"image\":{\"@id\":\"https:\\\/\\\/elixscent.com\\\/product\\\/laundry-scent-booster-lavella\\\/#primaryimage\"},\"thumbnailUrl\":\"https:\\\/\\\/elixscent.com\\\/wp-content\\\/uploads\\\/WEBP_Perfume_Beeds_lavella_1.1.webp\",\"datePublished\":\"2025-03-26T14:38:23+00:00\",\"dateModified\":\"2025-08-01T07:55:26+00:00\",\"description\":\"Amarella Laundry Scent Booster Beads \u2013 370g (24 Doses). Key Features: Advanced Fragrance Technology \u2013 Ensures deep fabric penetration for an enduring scent experience. No Microcapsules \u2013 Microplastic-Free\",\"breadcrumb\":{\"@id\":\"https:\\\/\\\/elixscent.com\\\/product\\\/laundry-scent-booster-lavella\\\/#breadcrumb\"},\"inLanguage\":\"it-IT\",\"potentialAction\":[{\"@type\":\"ReadAction\",\"target\":[\"https:\\\/\\\/elixscent.com\\\/product\\\/laundry-scent-booster-lavella\\\/\"]}]},{\"@type\":\"ImageObject\",\"inLanguage\":\"it-IT\",\"@id\":\"https:\\\/\\\/elixscent.com\\\/product\\\/laundry-scent-booster-lavella\\\/#primaryimage\",\"url\":\"https:\\\/\\\/elixscent.com\\\/wp-content\\\/uploads\\\/WEBP_Perfume_Beeds_lavella_1.1.webp\",\"contentUrl\":\"https:\\\/\\\/elixscent.com\\\/wp-content\\\/uploads\\\/WEBP_Perfume_Beeds_lavella_1.1.webp\",\"width\":210,\"height\":655,\"caption\":\"WEBP Perfume Beeds lavella 1.1\"},{\"@type\":\"BreadcrumbList\",\"@id\":\"https:\\\/\\\/elixscent.com\\\/product\\\/laundry-scent-booster-lavella\\\/#breadcrumb\",\"itemListElement\":[{\"@type\":\"ListItem\",\"position\":1,\"name\":\"Home\",\"item\":\"https:\\\/\\\/elixscent.com\\\/\"},{\"@type\":\"ListItem\",\"position\":2,\"name\":\"Products\",\"item\":\"https:\\\/\\\/elixscent.com\\\/product\\\/\"},{\"@type\":\"ListItem\",\"position\":3,\"name\":\"AMARELLA scented laundry\",\"item\":\"https:\\\/\\\/elixscent.com\\\/product-category\\\/amarella_2\\\/\"},{\"@type\":\"ListItem\",\"position\":4,\"name\":\"In-Wash Scent Booster Beads\",\"item\":\"https:\\\/\\\/elixscent.com\\\/product-category\\\/laundry_scent_booster\\\/\"},{\"@type\":\"ListItem\",\"position\":5,\"name\":\"Laundry Scent Booster Lavella\"}]},{\"@type\":\"WebSite\",\"@id\":\"https:\\\/\\\/elixscent.com\\\/#website\",\"url\":\"https:\\\/\\\/elixscent.com\\\/\",\"name\":\"ELiX EU air fresheners\",\"description\":\"Air &amp; Fabric, Perfectly Fresh\",\"publisher\":{\"@id\":\"https:\\\/\\\/elixscent.com\\\/#organization\"},\"potentialAction\":[{\"@type\":\"SearchAction\",\"target\":{\"@type\":\"EntryPoint\",\"urlTemplate\":\"https:\\\/\\\/elixscent.com\\\/?s={search_term_string}\"},\"query-input\":{\"@type\":\"PropertyValueSpecification\",\"valueRequired\":true,\"valueName\":\"search_term_string\"}}],\"inLanguage\":\"it-IT\"},{\"@type\":\"Organization\",\"@id\":\"https:\\\/\\\/elixscent.com\\\/#organization\",\"name\":\"ELIX air freshener manufacturer\",\"url\":\"https:\\\/\\\/elixscent.com\\\/\",\"logo\":{\"@type\":\"ImageObject\",\"inLanguage\":\"it-IT\",\"@id\":\"https:\\\/\\\/elixscent.com\\\/#\\\/schema\\\/logo\\\/image\\\/\",\"url\":\"https:\\\/\\\/elixscent.com\\\/wp-content\\\/uploads\\\/elix_logo_1.0-_300.jpg\",\"contentUrl\":\"https:\\\/\\\/elixscent.com\\\/wp-content\\\/uploads\\\/elix_logo_1.0-_300.jpg\",\"width\":300,\"height\":257,\"caption\":\"ELIX air freshener manufacturer\"},\"image\":{\"@id\":\"https:\\\/\\\/elixscent.com\\\/#\\\/schema\\\/logo\\\/image\\\/\"},\"sameAs\":[\"https:\\\/\\\/www.linkedin.com\\\/company\\\/30084929\"]}]}<\/script>\n<!-- \/ Yoast SEO Premium plugin. -->","yoast_head_json":{"title":"Potenziatore del profumo del bucato per un aroma di lunga durata","description":"Perle profumate per bucato Amarella - 370 g (24 dosi). Caratteristiche principali: Tecnologia di profumazione avanzata - Assicura una penetrazione profonda nei tessuti per un'esperienza di profumazione duratura. Senza microcapsule - Senza microplastiche","robots":{"index":"index","follow":"follow","max-snippet":"max-snippet:-1","max-image-preview":"max-image-preview:large","max-video-preview":"max-video-preview:-1"},"canonical":"https:\/\/elixscent.com\/it\/prodotto\/profumatore-per-bucato-lavella\/","og_locale":"it_IT","og_type":"article","og_title":"Laundry Scent Booster Lavella","og_description":"Amarella Laundry Scent Booster Beads \u2013 370g (24 Doses). Key Features: Advanced Fragrance Technology \u2013 Ensures deep fabric penetration for an enduring scent experience. No Microcapsules \u2013 Microplastic-Free","og_url":"https:\/\/elixscent.com\/it\/prodotto\/profumatore-per-bucato-lavella\/","og_site_name":"ELiX EU air fresheners","article_modified_time":"2025-08-01T07:55:26+00:00","og_image":[{"width":210,"height":655,"url":"https:\/\/elixscent.com\/wp-content\/uploads\/WEBP_Perfume_Beeds_lavella_1.1.webp","type":"image\/webp"}],"twitter_card":"summary_large_image","twitter_misc":{"Tempo di lettura stimato":"2 minuti"},"schema":{"@context":"https:\/\/schema.org","@graph":[{"@type":"WebPage","@id":"https:\/\/elixscent.com\/product\/laundry-scent-booster-lavella\/","url":"https:\/\/elixscent.com\/product\/laundry-scent-booster-lavella\/","name":"Potenziatore del profumo del bucato per un aroma di lunga durata","isPartOf":{"@id":"https:\/\/elixscent.com\/#website"},"primaryImageOfPage":{"@id":"https:\/\/elixscent.com\/product\/laundry-scent-booster-lavella\/#primaryimage"},"image":{"@id":"https:\/\/elixscent.com\/product\/laundry-scent-booster-lavella\/#primaryimage"},"thumbnailUrl":"https:\/\/elixscent.com\/wp-content\/uploads\/WEBP_Perfume_Beeds_lavella_1.1.webp","datePublished":"2025-03-26T14:38:23+00:00","dateModified":"2025-08-01T07:55:26+00:00","description":"Perle profumate per bucato Amarella - 370 g (24 dosi). Caratteristiche principali: Tecnologia di profumazione avanzata - Assicura una penetrazione profonda nei tessuti per un'esperienza di profumazione duratura. Senza microcapsule - Senza microplastiche","breadcrumb":{"@id":"https:\/\/elixscent.com\/product\/laundry-scent-booster-lavella\/#breadcrumb"},"inLanguage":"it-IT","potentialAction":[{"@type":"ReadAction","target":["https:\/\/elixscent.com\/product\/laundry-scent-booster-lavella\/"]}]},{"@type":"ImageObject","inLanguage":"it-IT","@id":"https:\/\/elixscent.com\/product\/laundry-scent-booster-lavella\/#primaryimage","url":"https:\/\/elixscent.com\/wp-content\/uploads\/WEBP_Perfume_Beeds_lavella_1.1.webp","contentUrl":"https:\/\/elixscent.com\/wp-content\/uploads\/WEBP_Perfume_Beeds_lavella_1.1.webp","width":210,"height":655,"caption":"WEBP Perfume Beeds lavella 1.1"},{"@type":"BreadcrumbList","@id":"https:\/\/elixscent.com\/product\/laundry-scent-booster-lavella\/#breadcrumb","itemListElement":[{"@type":"ListItem","position":1,"name":"Home","item":"https:\/\/elixscent.com\/"},{"@type":"ListItem","position":2,"name":"Products","item":"https:\/\/elixscent.com\/product\/"},{"@type":"ListItem","position":3,"name":"AMARELLA scented laundry","item":"https:\/\/elixscent.com\/product-category\/amarella_2\/"},{"@type":"ListItem","position":4,"name":"In-Wash Scent Booster Beads","item":"https:\/\/elixscent.com\/product-category\/laundry_scent_booster\/"},{"@type":"ListItem","position":5,"name":"Laundry Scent Booster Lavella"}]},{"@type":"WebSite","@id":"https:\/\/elixscent.com\/#website","url":"https:\/\/elixscent.com\/","name":"Deodoranti per ambienti ELiX EU","description":"Aria e tessuti, perfettamente freschi","publisher":{"@id":"https:\/\/elixscent.com\/#organization"},"potentialAction":[{"@type":"SearchAction","target":{"@type":"EntryPoint","urlTemplate":"https:\/\/elixscent.com\/?s={search_term_string}"},"query-input":{"@type":"PropertyValueSpecification","valueRequired":true,"valueName":"search_term_string"}}],"inLanguage":"it-IT"},{"@type":"Organization","@id":"https:\/\/elixscent.com\/#organization","name":"Produttore di deodoranti per ambienti ELIX","url":"https:\/\/elixscent.com\/","logo":{"@type":"ImageObject","inLanguage":"it-IT","@id":"https:\/\/elixscent.com\/#\/schema\/logo\/image\/","url":"https:\/\/elixscent.com\/wp-content\/uploads\/elix_logo_1.0-_300.jpg","contentUrl":"https:\/\/elixscent.com\/wp-content\/uploads\/elix_logo_1.0-_300.jpg","width":300,"height":257,"caption":"ELIX air freshener manufacturer"},"image":{"@id":"https:\/\/elixscent.com\/#\/schema\/logo\/image\/"},"sameAs":["https:\/\/www.linkedin.com\/company\/30084929"]}]}},"_links":{"self":[{"href":"https:\/\/elixscent.com\/it\/wp-json\/wp\/v2\/product\/56895","targetHints":{"allow":["GET"]}}],"collection":[{"href":"https:\/\/elixscent.com\/it\/wp-json\/wp\/v2\/product"}],"about":[{"href":"https:\/\/elixscent.com\/it\/wp-json\/wp\/v2\/types\/product"}],"version-history":[{"count":3,"href":"https:\/\/elixscent.com\/it\/wp-json\/wp\/v2\/product\/56895\/revisions"}],"predecessor-version":[{"id":58695,"href":"https:\/\/elixscent.com\/it\/wp-json\/wp\/v2\/product\/56895\/revisions\/58695"}],"wp:featuredmedia":[{"embeddable":true,"href":"https:\/\/elixscent.com\/it\/wp-json\/wp\/v2\/media\/56896"}],"wp:attachment":[{"href":"https:\/\/elixscent.com\/it\/wp-json\/wp\/v2\/media?parent=56895"}],"curies":[{"name":"wp","href":"https:\/\/api.w.org\/{rel}","templated":true}]}}