{"id":28460,"date":"2022-12-15T10:43:24","date_gmt":"2022-12-15T10:43:24","guid":{"rendered":"https:\/\/elixscent.com\/?post_type=product&#038;p=28460"},"modified":"2026-03-02T08:07:35","modified_gmt":"2026-03-02T08:07:35","slug":"cv-vaniglia","status":"publish","type":"product","link":"https:\/\/elixscent.com\/it\/product\/hp-vanilla\/","title":{"rendered":"Home Profumo Vaniglia e Sandalo"},"content":{"rendered":"<p><em>Semplice, grande ed elegante...!<\/em><\/p>\n<p>Profumo di <em><strong>Vaniglia e sandalo<\/strong><\/em> conferir\u00e0 al vostro spazio un'atmosfera calda, tonica e dolce per tutto il tempo che <em><strong>125 ml<\/strong><\/em> capacit\u00e0 di durare nel tempo! In questa fragranza il potere della vaniglia e della fava tonka \u00e8 amplificato dal pepe, dal legno di cedro e da un accenno di chiodi di garofano, creando una miscela che non \u00e8 la tipica vaniglia e non \u00e8 il tipico legno di sandalo, ma \u00e8 semplicemente la fragranza che ci si aspetta tenendo questo prodotto in mano.<\/p>\n<p>Graziosa confezione, perfetta per un regalo o per un piccolo sfizio!<br \/>\nIl design minimalista del prodotto si adatta a ogni stanza di ogni casa!<\/p>\n<p><span id=\"span-23-132\" class=\"ct-span oxy-stock-content-styles\"><em>&gt;&gt; Se si desidera acquistare, si prega di visitare il nostro negozio:<\/em> <a class=\"_ps2id\" href=\"https:\/\/airfresh24.com\/products\/shop\/home-perfume-125\/\" data-ps2id-offset=\"\"><strong>www.airfresh24.com<\/strong><\/a><\/span><\/p>","protected":false},"featured_media":28461,"parent":0,"menu_order":0,"template":"","class_list":["post-28460","product","type-product","status-publish","has-post-thumbnail","hentry","product_category-hp","product_category-home"],"acf":[],"yoast_head":"<!-- This site is optimized with the Yoast SEO Premium plugin v27.2 (Yoast SEO v27.4) - https:\/\/yoast.com\/product\/yoast-seo-premium-wordpress\/ -->\n<title>Home Perfume Vanilla &amp; Sandalwood | ELiX Scent<\/title>\n<meta name=\"description\" content=\"A warm blend of creamy vanilla and rich sandalwood \u2013 Home Perfume by ELiX creates a cozy, elegant atmosphere in any interior.\" \/>\n<meta name=\"robots\" content=\"index, follow, max-snippet:-1, max-image-preview:large, max-video-preview:-1\" \/>\n<link rel=\"canonical\" href=\"https:\/\/elixscent.com\/it\/prodotto\/cv-vaniglia\/\" \/>\n<meta property=\"og:locale\" content=\"it_IT\" \/>\n<meta property=\"og:type\" content=\"article\" \/>\n<meta property=\"og:title\" content=\"Home Perfume Vanilla &amp; Sandalwood\" \/>\n<meta property=\"og:description\" content=\"A warm blend of creamy vanilla and rich sandalwood \u2013 Home Perfume by ELiX creates a cozy, elegant atmosphere in any interior.\" \/>\n<meta property=\"og:url\" content=\"https:\/\/elixscent.com\/it\/prodotto\/cv-vaniglia\/\" \/>\n<meta property=\"og:site_name\" content=\"ELiX EU air fresheners\" \/>\n<meta property=\"article:modified_time\" content=\"2026-03-02T08:07:35+00:00\" \/>\n<meta property=\"og:image\" content=\"https:\/\/elixscent.com\/wp-content\/uploads\/Reed-Diffuser-Vanilla-Sandalwood-480.png\" \/>\n\t<meta property=\"og:image:width\" content=\"500\" \/>\n\t<meta property=\"og:image:height\" content=\"600\" \/>\n\t<meta property=\"og:image:type\" content=\"image\/png\" \/>\n<meta name=\"twitter:card\" content=\"summary_large_image\" \/>\n<meta name=\"twitter:label1\" content=\"Tempo di lettura stimato\" \/>\n\t<meta name=\"twitter:data1\" content=\"1 minuto\" \/>\n<script type=\"application\/ld+json\" class=\"yoast-schema-graph\">{\"@context\":\"https:\\\/\\\/schema.org\",\"@graph\":[{\"@type\":\"WebPage\",\"@id\":\"https:\\\/\\\/elixscent.com\\\/product\\\/hp-vanilla\\\/\",\"url\":\"https:\\\/\\\/elixscent.com\\\/product\\\/hp-vanilla\\\/\",\"name\":\"Home Perfume Vanilla & Sandalwood | ELiX Scent\",\"isPartOf\":{\"@id\":\"https:\\\/\\\/elixscent.com\\\/#website\"},\"primaryImageOfPage\":{\"@id\":\"https:\\\/\\\/elixscent.com\\\/product\\\/hp-vanilla\\\/#primaryimage\"},\"image\":{\"@id\":\"https:\\\/\\\/elixscent.com\\\/product\\\/hp-vanilla\\\/#primaryimage\"},\"thumbnailUrl\":\"https:\\\/\\\/elixscent.com\\\/wp-content\\\/uploads\\\/Reed-Diffuser-Vanilla-Sandalwood-480.png\",\"datePublished\":\"2022-12-15T10:43:24+00:00\",\"dateModified\":\"2026-03-02T08:07:35+00:00\",\"description\":\"A warm blend of creamy vanilla and rich sandalwood \u2013 Home Perfume by ELiX creates a cozy, elegant atmosphere in any interior.\",\"breadcrumb\":{\"@id\":\"https:\\\/\\\/elixscent.com\\\/product\\\/hp-vanilla\\\/#breadcrumb\"},\"inLanguage\":\"it-IT\",\"potentialAction\":[{\"@type\":\"ReadAction\",\"target\":[\"https:\\\/\\\/elixscent.com\\\/product\\\/hp-vanilla\\\/\"]}]},{\"@type\":\"ImageObject\",\"inLanguage\":\"it-IT\",\"@id\":\"https:\\\/\\\/elixscent.com\\\/product\\\/hp-vanilla\\\/#primaryimage\",\"url\":\"https:\\\/\\\/elixscent.com\\\/wp-content\\\/uploads\\\/Reed-Diffuser-Vanilla-Sandalwood-480.png\",\"contentUrl\":\"https:\\\/\\\/elixscent.com\\\/wp-content\\\/uploads\\\/Reed-Diffuser-Vanilla-Sandalwood-480.png\",\"width\":500,\"height\":600,\"caption\":\"Reed Diffuser Vanilla Sandalwood 480\"},{\"@type\":\"BreadcrumbList\",\"@id\":\"https:\\\/\\\/elixscent.com\\\/product\\\/hp-vanilla\\\/#breadcrumb\",\"itemListElement\":[{\"@type\":\"ListItem\",\"position\":1,\"name\":\"Home\",\"item\":\"https:\\\/\\\/elixscent.com\\\/\"},{\"@type\":\"ListItem\",\"position\":2,\"name\":\"Products\",\"item\":\"https:\\\/\\\/elixscent.com\\\/product\\\/\"},{\"@type\":\"ListItem\",\"position\":3,\"name\":\"HOME PERFUME\",\"item\":\"https:\\\/\\\/elixscent.com\\\/product-category\\\/home\\\/\"},{\"@type\":\"ListItem\",\"position\":4,\"name\":\"Home Perfume Vanilla &#038; Sandalwood\"}]},{\"@type\":\"WebSite\",\"@id\":\"https:\\\/\\\/elixscent.com\\\/#website\",\"url\":\"https:\\\/\\\/elixscent.com\\\/\",\"name\":\"ELiX EU air fresheners\",\"description\":\"Air &amp; Fabric, Perfectly Fresh\",\"publisher\":{\"@id\":\"https:\\\/\\\/elixscent.com\\\/#organization\"},\"potentialAction\":[{\"@type\":\"SearchAction\",\"target\":{\"@type\":\"EntryPoint\",\"urlTemplate\":\"https:\\\/\\\/elixscent.com\\\/?s={search_term_string}\"},\"query-input\":{\"@type\":\"PropertyValueSpecification\",\"valueRequired\":true,\"valueName\":\"search_term_string\"}}],\"inLanguage\":\"it-IT\"},{\"@type\":\"Organization\",\"@id\":\"https:\\\/\\\/elixscent.com\\\/#organization\",\"name\":\"ELIX air freshener manufacturer\",\"url\":\"https:\\\/\\\/elixscent.com\\\/\",\"logo\":{\"@type\":\"ImageObject\",\"inLanguage\":\"it-IT\",\"@id\":\"https:\\\/\\\/elixscent.com\\\/#\\\/schema\\\/logo\\\/image\\\/\",\"url\":\"https:\\\/\\\/elixscent.com\\\/wp-content\\\/uploads\\\/elix_logo_1.0-_300.jpg\",\"contentUrl\":\"https:\\\/\\\/elixscent.com\\\/wp-content\\\/uploads\\\/elix_logo_1.0-_300.jpg\",\"width\":300,\"height\":257,\"caption\":\"ELIX air freshener manufacturer\"},\"image\":{\"@id\":\"https:\\\/\\\/elixscent.com\\\/#\\\/schema\\\/logo\\\/image\\\/\"},\"sameAs\":[\"https:\\\/\\\/www.linkedin.com\\\/company\\\/30084929\"]}]}<\/script>\n<!-- \/ Yoast SEO Premium plugin. -->","yoast_head_json":{"title":"Home Profumo Vaniglia e Sandalo | ELiX Scent","description":"Una calda miscela di vaniglia cremosa e ricco legno di sandalo - il profumo Home di ELiX crea un'atmosfera accogliente ed elegante in qualsiasi ambiente.","robots":{"index":"index","follow":"follow","max-snippet":"max-snippet:-1","max-image-preview":"max-image-preview:large","max-video-preview":"max-video-preview:-1"},"canonical":"https:\/\/elixscent.com\/it\/prodotto\/cv-vaniglia\/","og_locale":"it_IT","og_type":"article","og_title":"Home Perfume Vanilla & Sandalwood","og_description":"A warm blend of creamy vanilla and rich sandalwood \u2013 Home Perfume by ELiX creates a cozy, elegant atmosphere in any interior.","og_url":"https:\/\/elixscent.com\/it\/prodotto\/cv-vaniglia\/","og_site_name":"ELiX EU air fresheners","article_modified_time":"2026-03-02T08:07:35+00:00","og_image":[{"width":500,"height":600,"url":"https:\/\/elixscent.com\/wp-content\/uploads\/Reed-Diffuser-Vanilla-Sandalwood-480.png","type":"image\/png"}],"twitter_card":"summary_large_image","twitter_misc":{"Tempo di lettura stimato":"1 minuto"},"schema":{"@context":"https:\/\/schema.org","@graph":[{"@type":"WebPage","@id":"https:\/\/elixscent.com\/product\/hp-vanilla\/","url":"https:\/\/elixscent.com\/product\/hp-vanilla\/","name":"Home Profumo Vaniglia e Sandalo | ELiX Scent","isPartOf":{"@id":"https:\/\/elixscent.com\/#website"},"primaryImageOfPage":{"@id":"https:\/\/elixscent.com\/product\/hp-vanilla\/#primaryimage"},"image":{"@id":"https:\/\/elixscent.com\/product\/hp-vanilla\/#primaryimage"},"thumbnailUrl":"https:\/\/elixscent.com\/wp-content\/uploads\/Reed-Diffuser-Vanilla-Sandalwood-480.png","datePublished":"2022-12-15T10:43:24+00:00","dateModified":"2026-03-02T08:07:35+00:00","description":"Una calda miscela di vaniglia cremosa e ricco legno di sandalo - il profumo Home di ELiX crea un'atmosfera accogliente ed elegante in qualsiasi ambiente.","breadcrumb":{"@id":"https:\/\/elixscent.com\/product\/hp-vanilla\/#breadcrumb"},"inLanguage":"it-IT","potentialAction":[{"@type":"ReadAction","target":["https:\/\/elixscent.com\/product\/hp-vanilla\/"]}]},{"@type":"ImageObject","inLanguage":"it-IT","@id":"https:\/\/elixscent.com\/product\/hp-vanilla\/#primaryimage","url":"https:\/\/elixscent.com\/wp-content\/uploads\/Reed-Diffuser-Vanilla-Sandalwood-480.png","contentUrl":"https:\/\/elixscent.com\/wp-content\/uploads\/Reed-Diffuser-Vanilla-Sandalwood-480.png","width":500,"height":600,"caption":"Reed Diffuser Vanilla Sandalwood 480"},{"@type":"BreadcrumbList","@id":"https:\/\/elixscent.com\/product\/hp-vanilla\/#breadcrumb","itemListElement":[{"@type":"ListItem","position":1,"name":"Home","item":"https:\/\/elixscent.com\/"},{"@type":"ListItem","position":2,"name":"Products","item":"https:\/\/elixscent.com\/product\/"},{"@type":"ListItem","position":3,"name":"HOME PERFUME","item":"https:\/\/elixscent.com\/product-category\/home\/"},{"@type":"ListItem","position":4,"name":"Home Perfume Vanilla &#038; Sandalwood"}]},{"@type":"WebSite","@id":"https:\/\/elixscent.com\/#website","url":"https:\/\/elixscent.com\/","name":"Deodoranti per ambienti ELiX EU","description":"Aria e tessuti, perfettamente freschi","publisher":{"@id":"https:\/\/elixscent.com\/#organization"},"potentialAction":[{"@type":"SearchAction","target":{"@type":"EntryPoint","urlTemplate":"https:\/\/elixscent.com\/?s={search_term_string}"},"query-input":{"@type":"PropertyValueSpecification","valueRequired":true,"valueName":"search_term_string"}}],"inLanguage":"it-IT"},{"@type":"Organization","@id":"https:\/\/elixscent.com\/#organization","name":"Produttore di deodoranti per ambienti ELIX","url":"https:\/\/elixscent.com\/","logo":{"@type":"ImageObject","inLanguage":"it-IT","@id":"https:\/\/elixscent.com\/#\/schema\/logo\/image\/","url":"https:\/\/elixscent.com\/wp-content\/uploads\/elix_logo_1.0-_300.jpg","contentUrl":"https:\/\/elixscent.com\/wp-content\/uploads\/elix_logo_1.0-_300.jpg","width":300,"height":257,"caption":"ELIX air freshener manufacturer"},"image":{"@id":"https:\/\/elixscent.com\/#\/schema\/logo\/image\/"},"sameAs":["https:\/\/www.linkedin.com\/company\/30084929"]}]}},"_links":{"self":[{"href":"https:\/\/elixscent.com\/it\/wp-json\/wp\/v2\/product\/28460","targetHints":{"allow":["GET"]}}],"collection":[{"href":"https:\/\/elixscent.com\/it\/wp-json\/wp\/v2\/product"}],"about":[{"href":"https:\/\/elixscent.com\/it\/wp-json\/wp\/v2\/types\/product"}],"version-history":[{"count":18,"href":"https:\/\/elixscent.com\/it\/wp-json\/wp\/v2\/product\/28460\/revisions"}],"predecessor-version":[{"id":60751,"href":"https:\/\/elixscent.com\/it\/wp-json\/wp\/v2\/product\/28460\/revisions\/60751"}],"wp:featuredmedia":[{"embeddable":true,"href":"https:\/\/elixscent.com\/it\/wp-json\/wp\/v2\/media\/28461"}],"wp:attachment":[{"href":"https:\/\/elixscent.com\/it\/wp-json\/wp\/v2\/media?parent=28460"}],"curies":[{"name":"wp","href":"https:\/\/api.w.org\/{rel}","templated":true}]}}