{"id":60609,"date":"2026-02-20T13:01:31","date_gmt":"2026-02-20T13:01:31","guid":{"rendered":"https:\/\/elixscent.com\/?post_type=product&#038;p=60609"},"modified":"2026-03-23T06:56:16","modified_gmt":"2026-03-23T06:56:16","slug":"diffuseur-en-bois-newcar","status":"publish","type":"product","link":"https:\/\/elixscent.com\/fr\/product\/wooden-diffuser-newcar\/","title":{"rendered":"Diffuseur en bois Nouvelle voiture"},"content":{"rendered":"<p data-start=\"708\" data-end=\"1092\">Lorsque les gens recherchent un <strong data-start=\"733\" data-end=\"760\">Nouveau diffuseur en bois pour voiture<\/strong>, Ils signifient g\u00e9n\u00e9ralement une chose : un int\u00e9rieur propre, \u201cjuste d\u00e9taill\u00e9\u201d - sans d\u00e9sodorisant qui crie le premier jour et s'estompe \u00e0 la fin de la semaine. <strong data-start=\"914\" data-end=\"941\">Diffuseur en bois Nouvelle voiture<\/strong> est con\u00e7u pour conserver l'odeur <strong data-start=\"968\" data-end=\"997\">coh\u00e9rent et contr\u00f4l\u00e9<\/strong>, avec <strong data-start=\"1004\" data-end=\"1028\">diffusion lente et r\u00e9guli\u00e8re<\/strong> par le biais d'un <strong data-start=\"1039\" data-end=\"1053\">capuchon en bois<\/strong>.<\/p>\n<p data-start=\"1094\" data-end=\"1407\">Le pr\u00e9sent <strong data-start=\"1099\" data-end=\"1129\">parfum de voiture longue dur\u00e9e<\/strong> est con\u00e7u pour <strong data-start=\"1148\" data-end=\"1179\">30+ jours de lib\u00e9ration progressive<\/strong> (et peut fonctionner plus longtemps en fonction de la temp\u00e9rature, de la circulation de l'air et de la fr\u00e9quence \u00e0 laquelle vous rafra\u00eechissez le bois). C'est pourquoi il convient parfaitement aux conducteurs qui souhaitent que l'habitacle soit \u201cfini\u201d \u00e0 chaque fois qu'ils y montent.<\/p>\n<p data-start=\"1409\" data-end=\"1684\">Afin de simplifier la pr\u00e9sentation du d\u00e9veloppement durable dans le commerce de d\u00e9tail et sur les march\u00e9s, la version actualis\u00e9e se pr\u00e9sente sous la forme d'une brochure. <strong data-start=\"1510\" data-end=\"1542\">bo\u00eete sans plastique ni papier<\/strong>\u00a0une d\u00e9marche pratique <strong data-start=\"1565\" data-end=\"1592\">d\u00e9veloppement responsable<\/strong> vous pouvez communiquer clairement sur les listes et dans les rayons.<\/p>","protected":false},"featured_media":60610,"parent":0,"menu_order":0,"template":"","class_list":["post-60609","product","type-product","status-publish","has-post-thumbnail","hentry","product_category-wooden-diffuser","product_category-wooden-air-freshener"],"acf":[],"yoast_head":"<!-- This site is optimized with the Yoast SEO Premium plugin v27.2 (Yoast SEO v27.4) - https:\/\/yoast.com\/product\/yoast-seo-premium-wordpress\/ -->\n<title>Wooden Diffuser New Car | Long-Lasting 30+ Day Car Fragrance<\/title>\n<meta name=\"description\" content=\"New Car wooden diffuser: a long-lasting car air freshener (30+ days) with even, slow release through a wooden diffuser cap. Plastic-free paper box.\" \/>\n<meta name=\"robots\" content=\"index, follow, max-snippet:-1, max-image-preview:large, max-video-preview:-1\" \/>\n<link rel=\"canonical\" href=\"https:\/\/elixscent.com\/fr\/produit\/diffuseur-en-bois-newcar\/\" \/>\n<meta property=\"og:locale\" content=\"fr_FR\" \/>\n<meta property=\"og:type\" content=\"article\" \/>\n<meta property=\"og:title\" content=\"Wooden Diffuser New Car\" \/>\n<meta property=\"og:description\" content=\"New Car wooden diffuser: a long-lasting car air freshener (30+ days) with even, slow release through a wooden diffuser cap. Plastic-free paper box.\" \/>\n<meta property=\"og:url\" content=\"https:\/\/elixscent.com\/fr\/produit\/diffuseur-en-bois-newcar\/\" \/>\n<meta property=\"og:site_name\" content=\"ELiX EU air fresheners\" \/>\n<meta property=\"article:modified_time\" content=\"2026-03-23T06:56:16+00:00\" \/>\n<meta property=\"og:image\" content=\"https:\/\/elixscent.com\/wp-content\/uploads\/WEBP_WoodenDiffuser_newcar_packaging_1.0.webp\" \/>\n\t<meta property=\"og:image:width\" content=\"350\" \/>\n\t<meta property=\"og:image:height\" content=\"663\" \/>\n\t<meta property=\"og:image:type\" content=\"image\/webp\" \/>\n<meta name=\"twitter:card\" content=\"summary_large_image\" \/>\n<meta name=\"twitter:label1\" content=\"Dur\u00e9e de lecture estim\u00e9e\" \/>\n\t<meta name=\"twitter:data1\" content=\"2 minutes\" \/>\n<script type=\"application\/ld+json\" class=\"yoast-schema-graph\">{\"@context\":\"https:\\\/\\\/schema.org\",\"@graph\":[{\"@type\":\"WebPage\",\"@id\":\"https:\\\/\\\/elixscent.com\\\/product\\\/wooden-diffuser-newcar\\\/\",\"url\":\"https:\\\/\\\/elixscent.com\\\/product\\\/wooden-diffuser-newcar\\\/\",\"name\":\"Wooden Diffuser New Car | Long-Lasting 30+ Day Car Fragrance\",\"isPartOf\":{\"@id\":\"https:\\\/\\\/elixscent.com\\\/#website\"},\"primaryImageOfPage\":{\"@id\":\"https:\\\/\\\/elixscent.com\\\/product\\\/wooden-diffuser-newcar\\\/#primaryimage\"},\"image\":{\"@id\":\"https:\\\/\\\/elixscent.com\\\/product\\\/wooden-diffuser-newcar\\\/#primaryimage\"},\"thumbnailUrl\":\"https:\\\/\\\/elixscent.com\\\/wp-content\\\/uploads\\\/WEBP_WoodenDiffuser_newcar_packaging_1.0.webp\",\"datePublished\":\"2026-02-20T13:01:31+00:00\",\"dateModified\":\"2026-03-23T06:56:16+00:00\",\"description\":\"New Car wooden diffuser: a long-lasting car air freshener (30+ days) with even, slow release through a wooden diffuser cap. Plastic-free paper box.\",\"breadcrumb\":{\"@id\":\"https:\\\/\\\/elixscent.com\\\/product\\\/wooden-diffuser-newcar\\\/#breadcrumb\"},\"inLanguage\":\"fr-FR\",\"potentialAction\":[{\"@type\":\"ReadAction\",\"target\":[\"https:\\\/\\\/elixscent.com\\\/product\\\/wooden-diffuser-newcar\\\/\"]}]},{\"@type\":\"ImageObject\",\"inLanguage\":\"fr-FR\",\"@id\":\"https:\\\/\\\/elixscent.com\\\/product\\\/wooden-diffuser-newcar\\\/#primaryimage\",\"url\":\"https:\\\/\\\/elixscent.com\\\/wp-content\\\/uploads\\\/WEBP_WoodenDiffuser_newcar_packaging_1.0.webp\",\"contentUrl\":\"https:\\\/\\\/elixscent.com\\\/wp-content\\\/uploads\\\/WEBP_WoodenDiffuser_newcar_packaging_1.0.webp\",\"width\":350,\"height\":663,\"caption\":\"New Car air freshener\"},{\"@type\":\"BreadcrumbList\",\"@id\":\"https:\\\/\\\/elixscent.com\\\/product\\\/wooden-diffuser-newcar\\\/#breadcrumb\",\"itemListElement\":[{\"@type\":\"ListItem\",\"position\":1,\"name\":\"Home\",\"item\":\"https:\\\/\\\/elixscent.com\\\/\"},{\"@type\":\"ListItem\",\"position\":2,\"name\":\"Products\",\"item\":\"https:\\\/\\\/elixscent.com\\\/product\\\/\"},{\"@type\":\"ListItem\",\"position\":3,\"name\":\"WOOD\",\"item\":\"https:\\\/\\\/elixscent.com\\\/product-category\\\/wooden-air-freshener\\\/\"},{\"@type\":\"ListItem\",\"position\":4,\"name\":\"Wooden Diffuser\",\"item\":\"https:\\\/\\\/elixscent.com\\\/product-category\\\/wooden-diffuser\\\/\"},{\"@type\":\"ListItem\",\"position\":5,\"name\":\"Wooden Diffuser New Car\"}]},{\"@type\":\"WebSite\",\"@id\":\"https:\\\/\\\/elixscent.com\\\/#website\",\"url\":\"https:\\\/\\\/elixscent.com\\\/\",\"name\":\"ELiX EU air fresheners\",\"description\":\"Air &amp; Fabric, Perfectly Fresh\",\"publisher\":{\"@id\":\"https:\\\/\\\/elixscent.com\\\/#organization\"},\"potentialAction\":[{\"@type\":\"SearchAction\",\"target\":{\"@type\":\"EntryPoint\",\"urlTemplate\":\"https:\\\/\\\/elixscent.com\\\/?s={search_term_string}\"},\"query-input\":{\"@type\":\"PropertyValueSpecification\",\"valueRequired\":true,\"valueName\":\"search_term_string\"}}],\"inLanguage\":\"fr-FR\"},{\"@type\":\"Organization\",\"@id\":\"https:\\\/\\\/elixscent.com\\\/#organization\",\"name\":\"ELIX air freshener manufacturer\",\"url\":\"https:\\\/\\\/elixscent.com\\\/\",\"logo\":{\"@type\":\"ImageObject\",\"inLanguage\":\"fr-FR\",\"@id\":\"https:\\\/\\\/elixscent.com\\\/#\\\/schema\\\/logo\\\/image\\\/\",\"url\":\"https:\\\/\\\/elixscent.com\\\/wp-content\\\/uploads\\\/elix_logo_1.0-_300.jpg\",\"contentUrl\":\"https:\\\/\\\/elixscent.com\\\/wp-content\\\/uploads\\\/elix_logo_1.0-_300.jpg\",\"width\":300,\"height\":257,\"caption\":\"ELIX air freshener manufacturer\"},\"image\":{\"@id\":\"https:\\\/\\\/elixscent.com\\\/#\\\/schema\\\/logo\\\/image\\\/\"},\"sameAs\":[\"https:\\\/\\\/www.linkedin.com\\\/company\\\/30084929\"]}]}<\/script>\n<!-- \/ Yoast SEO Premium plugin. -->","yoast_head_json":{"title":"Diffuseur en bois New Car | Long-Lasting 30+ Day Car Fragrance","description":"Diffuseur en bois New Car : un d\u00e9sodorisant de longue dur\u00e9e pour la voiture (plus de 30 jours) qui se diffuse lentement et uniform\u00e9ment par le biais d'un bouchon diffuseur en bois. Bo\u00eete en papier sans plastique.","robots":{"index":"index","follow":"follow","max-snippet":"max-snippet:-1","max-image-preview":"max-image-preview:large","max-video-preview":"max-video-preview:-1"},"canonical":"https:\/\/elixscent.com\/fr\/produit\/diffuseur-en-bois-newcar\/","og_locale":"fr_FR","og_type":"article","og_title":"Wooden Diffuser New Car","og_description":"New Car wooden diffuser: a long-lasting car air freshener (30+ days) with even, slow release through a wooden diffuser cap. Plastic-free paper box.","og_url":"https:\/\/elixscent.com\/fr\/produit\/diffuseur-en-bois-newcar\/","og_site_name":"ELiX EU air fresheners","article_modified_time":"2026-03-23T06:56:16+00:00","og_image":[{"width":350,"height":663,"url":"https:\/\/elixscent.com\/wp-content\/uploads\/WEBP_WoodenDiffuser_newcar_packaging_1.0.webp","type":"image\/webp"}],"twitter_card":"summary_large_image","twitter_misc":{"Dur\u00e9e de lecture estim\u00e9e":"2 minutes"},"schema":{"@context":"https:\/\/schema.org","@graph":[{"@type":"WebPage","@id":"https:\/\/elixscent.com\/product\/wooden-diffuser-newcar\/","url":"https:\/\/elixscent.com\/product\/wooden-diffuser-newcar\/","name":"Diffuseur en bois New Car | Long-Lasting 30+ Day Car Fragrance","isPartOf":{"@id":"https:\/\/elixscent.com\/#website"},"primaryImageOfPage":{"@id":"https:\/\/elixscent.com\/product\/wooden-diffuser-newcar\/#primaryimage"},"image":{"@id":"https:\/\/elixscent.com\/product\/wooden-diffuser-newcar\/#primaryimage"},"thumbnailUrl":"https:\/\/elixscent.com\/wp-content\/uploads\/WEBP_WoodenDiffuser_newcar_packaging_1.0.webp","datePublished":"2026-02-20T13:01:31+00:00","dateModified":"2026-03-23T06:56:16+00:00","description":"Diffuseur en bois New Car : un d\u00e9sodorisant de longue dur\u00e9e pour la voiture (plus de 30 jours) qui se diffuse lentement et uniform\u00e9ment par le biais d'un bouchon diffuseur en bois. Bo\u00eete en papier sans plastique.","breadcrumb":{"@id":"https:\/\/elixscent.com\/product\/wooden-diffuser-newcar\/#breadcrumb"},"inLanguage":"fr-FR","potentialAction":[{"@type":"ReadAction","target":["https:\/\/elixscent.com\/product\/wooden-diffuser-newcar\/"]}]},{"@type":"ImageObject","inLanguage":"fr-FR","@id":"https:\/\/elixscent.com\/product\/wooden-diffuser-newcar\/#primaryimage","url":"https:\/\/elixscent.com\/wp-content\/uploads\/WEBP_WoodenDiffuser_newcar_packaging_1.0.webp","contentUrl":"https:\/\/elixscent.com\/wp-content\/uploads\/WEBP_WoodenDiffuser_newcar_packaging_1.0.webp","width":350,"height":663,"caption":"New Car air freshener"},{"@type":"BreadcrumbList","@id":"https:\/\/elixscent.com\/product\/wooden-diffuser-newcar\/#breadcrumb","itemListElement":[{"@type":"ListItem","position":1,"name":"Home","item":"https:\/\/elixscent.com\/"},{"@type":"ListItem","position":2,"name":"Products","item":"https:\/\/elixscent.com\/product\/"},{"@type":"ListItem","position":3,"name":"WOOD","item":"https:\/\/elixscent.com\/product-category\/wooden-air-freshener\/"},{"@type":"ListItem","position":4,"name":"Wooden Diffuser","item":"https:\/\/elixscent.com\/product-category\/wooden-diffuser\/"},{"@type":"ListItem","position":5,"name":"Wooden Diffuser New Car"}]},{"@type":"WebSite","@id":"https:\/\/elixscent.com\/#website","url":"https:\/\/elixscent.com\/","name":"D\u00e9sodorisants ELiX EU","description":"Air &amp; Tissus, Parfaitement frais","publisher":{"@id":"https:\/\/elixscent.com\/#organization"},"potentialAction":[{"@type":"SearchAction","target":{"@type":"EntryPoint","urlTemplate":"https:\/\/elixscent.com\/?s={search_term_string}"},"query-input":{"@type":"PropertyValueSpecification","valueRequired":true,"valueName":"search_term_string"}}],"inLanguage":"fr-FR"},{"@type":"Organization","@id":"https:\/\/elixscent.com\/#organization","name":"Fabricant de d\u00e9sodorisants ELIX","url":"https:\/\/elixscent.com\/","logo":{"@type":"ImageObject","inLanguage":"fr-FR","@id":"https:\/\/elixscent.com\/#\/schema\/logo\/image\/","url":"https:\/\/elixscent.com\/wp-content\/uploads\/elix_logo_1.0-_300.jpg","contentUrl":"https:\/\/elixscent.com\/wp-content\/uploads\/elix_logo_1.0-_300.jpg","width":300,"height":257,"caption":"ELIX air freshener manufacturer"},"image":{"@id":"https:\/\/elixscent.com\/#\/schema\/logo\/image\/"},"sameAs":["https:\/\/www.linkedin.com\/company\/30084929"]}]}},"_links":{"self":[{"href":"https:\/\/elixscent.com\/fr\/wp-json\/wp\/v2\/product\/60609","targetHints":{"allow":["GET"]}}],"collection":[{"href":"https:\/\/elixscent.com\/fr\/wp-json\/wp\/v2\/product"}],"about":[{"href":"https:\/\/elixscent.com\/fr\/wp-json\/wp\/v2\/types\/product"}],"version-history":[{"count":2,"href":"https:\/\/elixscent.com\/fr\/wp-json\/wp\/v2\/product\/60609\/revisions"}],"predecessor-version":[{"id":61002,"href":"https:\/\/elixscent.com\/fr\/wp-json\/wp\/v2\/product\/60609\/revisions\/61002"}],"wp:featuredmedia":[{"embeddable":true,"href":"https:\/\/elixscent.com\/fr\/wp-json\/wp\/v2\/media\/60610"}],"wp:attachment":[{"href":"https:\/\/elixscent.com\/fr\/wp-json\/wp\/v2\/media?parent=60609"}],"curies":[{"name":"wp","href":"https:\/\/api.w.org\/{rel}","templated":true}]}}