{"id":59854,"date":"2025-12-03T08:43:05","date_gmt":"2025-12-03T08:43:05","guid":{"rendered":"https:\/\/elixscent.com\/?post_type=product&#038;p=59854"},"modified":"2025-12-15T08:47:46","modified_gmt":"2025-12-15T08:47:46","slug":"aura-maison-energie-agrumes","status":"publish","type":"product","link":"https:\/\/elixscent.com\/fr\/product\/aura-home-citrus-energy\/","title":{"rendered":"AURA maison \u00c9nergie d'agrumes"},"content":{"rendered":"<p data-start=\"122\" data-end=\"174\"><strong data-start=\"122\" data-end=\"174\">D\u00e9sodorisant domestique \u00e0 membrane<\/strong><\/p>\n<p data-start=\"176\" data-end=\"620\">AURA Citrus Energy est un d\u00e9sodorisant d\u00e9coratif \u00e0 membrane pour la maison, au design \u00e9l\u00e9gant. <span class=\"Y2IQFc\" lang=\"en\">motif d\u00e9coratif intemporel<\/span>\u00a0qui apporte une explosion vibrante de fra\u00eecheur citronn\u00e9e dans n'importe quelle pi\u00e8ce. Les notes p\u00e9tillantes de citron, de pamplemousse et d'orange juteuse cr\u00e9ent une atmosph\u00e8re \u00e9nergisante et agr\u00e9able qui rend votre espace plus lumineux et plus accueillant. La membrane scell\u00e9e lib\u00e8re progressivement le parfum pendant 60 jours, sans fuite, sans a\u00e9rosol et sans \u00e9lectricit\u00e9. Elle diffuse simplement un parfum pur et constant et apporte une touche moderne aussi agr\u00e9able \u00e0 l'\u0153il qu'\u00e0 l'odorat.<\/p>","protected":false},"featured_media":59855,"parent":0,"menu_order":0,"template":"","class_list":["post-59854","product","type-product","status-publish","has-post-thumbnail","hentry","product_category-aura_home","product_category-membrane"],"acf":[],"yoast_head":"<!-- This site is optimized with the Yoast SEO Premium plugin v27.4 (Yoast SEO v27.4) - https:\/\/yoast.com\/product\/yoast-seo-premium-wordpress\/ -->\n<title>AURA Citrus Energy Membrane Home Air Freshener | ELiX<\/title>\n<meta name=\"description\" content=\"AURA Citrus Energy is a decorative membrane home air freshener with a soft floral fragrance and up to 60 days of spill-free scent to enhance any room.\" \/>\n<meta name=\"robots\" content=\"index, follow, max-snippet:-1, max-image-preview:large, max-video-preview:-1\" \/>\n<link rel=\"canonical\" href=\"https:\/\/elixscent.com\/fr\/produit\/aura-maison-energie-agrumes\/\" \/>\n<meta property=\"og:locale\" content=\"fr_FR\" \/>\n<meta property=\"og:type\" content=\"article\" \/>\n<meta property=\"og:title\" content=\"AURA home Citrus Energy\" \/>\n<meta property=\"og:description\" content=\"AURA Citrus Energy is a decorative membrane home air freshener with a soft floral fragrance and up to 60 days of spill-free scent to enhance any room.\" \/>\n<meta property=\"og:url\" content=\"https:\/\/elixscent.com\/fr\/produit\/aura-maison-energie-agrumes\/\" \/>\n<meta property=\"og:site_name\" content=\"ELiX EU air fresheners\" \/>\n<meta property=\"article:modified_time\" content=\"2025-12-15T08:47:46+00:00\" \/>\n<meta property=\"og:image\" content=\"https:\/\/elixscent.com\/wp-content\/uploads\/WEBP_AURA_HOME_CitrusEnergy_product.webp\" \/>\n\t<meta property=\"og:image:width\" content=\"600\" \/>\n\t<meta property=\"og:image:height\" content=\"632\" \/>\n\t<meta property=\"og:image:type\" content=\"image\/webp\" \/>\n<meta name=\"twitter:card\" content=\"summary_large_image\" \/>\n<meta name=\"twitter:label1\" content=\"Dur\u00e9e de lecture estim\u00e9e\" \/>\n\t<meta name=\"twitter:data1\" content=\"1 minute\" \/>\n<script type=\"application\/ld+json\" class=\"yoast-schema-graph\">{\"@context\":\"https:\\\/\\\/schema.org\",\"@graph\":[{\"@type\":\"WebPage\",\"@id\":\"https:\\\/\\\/elixscent.com\\\/product\\\/aura-home-citrus-energy\\\/\",\"url\":\"https:\\\/\\\/elixscent.com\\\/product\\\/aura-home-citrus-energy\\\/\",\"name\":\"AURA Citrus Energy Membrane Home Air Freshener | ELiX\",\"isPartOf\":{\"@id\":\"https:\\\/\\\/elixscent.com\\\/#website\"},\"primaryImageOfPage\":{\"@id\":\"https:\\\/\\\/elixscent.com\\\/product\\\/aura-home-citrus-energy\\\/#primaryimage\"},\"image\":{\"@id\":\"https:\\\/\\\/elixscent.com\\\/product\\\/aura-home-citrus-energy\\\/#primaryimage\"},\"thumbnailUrl\":\"https:\\\/\\\/elixscent.com\\\/wp-content\\\/uploads\\\/WEBP_AURA_HOME_CitrusEnergy_product.webp\",\"datePublished\":\"2025-12-03T08:43:05+00:00\",\"dateModified\":\"2025-12-15T08:47:46+00:00\",\"description\":\"AURA Citrus Energy is a decorative membrane home air freshener with a soft floral fragrance and up to 60 days of spill-free scent to enhance any room.\",\"breadcrumb\":{\"@id\":\"https:\\\/\\\/elixscent.com\\\/product\\\/aura-home-citrus-energy\\\/#breadcrumb\"},\"inLanguage\":\"fr-FR\",\"potentialAction\":[{\"@type\":\"ReadAction\",\"target\":[\"https:\\\/\\\/elixscent.com\\\/product\\\/aura-home-citrus-energy\\\/\"]}]},{\"@type\":\"ImageObject\",\"inLanguage\":\"fr-FR\",\"@id\":\"https:\\\/\\\/elixscent.com\\\/product\\\/aura-home-citrus-energy\\\/#primaryimage\",\"url\":\"https:\\\/\\\/elixscent.com\\\/wp-content\\\/uploads\\\/WEBP_AURA_HOME_CitrusEnergy_product.webp\",\"contentUrl\":\"https:\\\/\\\/elixscent.com\\\/wp-content\\\/uploads\\\/WEBP_AURA_HOME_CitrusEnergy_product.webp\",\"width\":600,\"height\":632,\"caption\":\"Membrane air perfume\"},{\"@type\":\"BreadcrumbList\",\"@id\":\"https:\\\/\\\/elixscent.com\\\/product\\\/aura-home-citrus-energy\\\/#breadcrumb\",\"itemListElement\":[{\"@type\":\"ListItem\",\"position\":1,\"name\":\"Home\",\"item\":\"https:\\\/\\\/elixscent.com\\\/\"},{\"@type\":\"ListItem\",\"position\":2,\"name\":\"Products\",\"item\":\"https:\\\/\\\/elixscent.com\\\/product\\\/\"},{\"@type\":\"ListItem\",\"position\":3,\"name\":\"MEMBRANE air fresheners\",\"item\":\"https:\\\/\\\/elixscent.com\\\/product-category\\\/membrane\\\/\"},{\"@type\":\"ListItem\",\"position\":4,\"name\":\"AURA intense home perfume\",\"item\":\"https:\\\/\\\/elixscent.com\\\/product-category\\\/aura_home\\\/\"},{\"@type\":\"ListItem\",\"position\":5,\"name\":\"AURA home Citrus Energy\"}]},{\"@type\":\"WebSite\",\"@id\":\"https:\\\/\\\/elixscent.com\\\/#website\",\"url\":\"https:\\\/\\\/elixscent.com\\\/\",\"name\":\"ELiX EU air fresheners\",\"description\":\"Air &amp; Fabric, Perfectly Fresh\",\"publisher\":{\"@id\":\"https:\\\/\\\/elixscent.com\\\/#organization\"},\"potentialAction\":[{\"@type\":\"SearchAction\",\"target\":{\"@type\":\"EntryPoint\",\"urlTemplate\":\"https:\\\/\\\/elixscent.com\\\/?s={search_term_string}\"},\"query-input\":{\"@type\":\"PropertyValueSpecification\",\"valueRequired\":true,\"valueName\":\"search_term_string\"}}],\"inLanguage\":\"fr-FR\"},{\"@type\":\"Organization\",\"@id\":\"https:\\\/\\\/elixscent.com\\\/#organization\",\"name\":\"ELIX air freshener manufacturer\",\"url\":\"https:\\\/\\\/elixscent.com\\\/\",\"logo\":{\"@type\":\"ImageObject\",\"inLanguage\":\"fr-FR\",\"@id\":\"https:\\\/\\\/elixscent.com\\\/#\\\/schema\\\/logo\\\/image\\\/\",\"url\":\"https:\\\/\\\/elixscent.com\\\/wp-content\\\/uploads\\\/elix_logo_1.0-_300.jpg\",\"contentUrl\":\"https:\\\/\\\/elixscent.com\\\/wp-content\\\/uploads\\\/elix_logo_1.0-_300.jpg\",\"width\":300,\"height\":257,\"caption\":\"ELIX air freshener manufacturer\"},\"image\":{\"@id\":\"https:\\\/\\\/elixscent.com\\\/#\\\/schema\\\/logo\\\/image\\\/\"},\"sameAs\":[\"https:\\\/\\\/www.linkedin.com\\\/company\\\/30084929\"]}]}<\/script>\n<!-- \/ Yoast SEO Premium plugin. -->","yoast_head_json":{"title":"D\u00e9sodorisant d'int\u00e9rieur AURA Citrus Energy Membrane | ELiX","description":"AURA Citrus Energy est un d\u00e9sodorisant d\u00e9coratif \u00e0 membrane pour la maison, qui diffuse un parfum floral doux pendant 60 jours sans risque de renversement, pour embellir n'importe quelle pi\u00e8ce.","robots":{"index":"index","follow":"follow","max-snippet":"max-snippet:-1","max-image-preview":"max-image-preview:large","max-video-preview":"max-video-preview:-1"},"canonical":"https:\/\/elixscent.com\/fr\/produit\/aura-maison-energie-agrumes\/","og_locale":"fr_FR","og_type":"article","og_title":"AURA home Citrus Energy","og_description":"AURA Citrus Energy is a decorative membrane home air freshener with a soft floral fragrance and up to 60 days of spill-free scent to enhance any room.","og_url":"https:\/\/elixscent.com\/fr\/produit\/aura-maison-energie-agrumes\/","og_site_name":"ELiX EU air fresheners","article_modified_time":"2025-12-15T08:47:46+00:00","og_image":[{"width":600,"height":632,"url":"https:\/\/elixscent.com\/wp-content\/uploads\/WEBP_AURA_HOME_CitrusEnergy_product.webp","type":"image\/webp"}],"twitter_card":"summary_large_image","twitter_misc":{"Dur\u00e9e de lecture estim\u00e9e":"1 minute"},"schema":{"@context":"https:\/\/schema.org","@graph":[{"@type":"WebPage","@id":"https:\/\/elixscent.com\/product\/aura-home-citrus-energy\/","url":"https:\/\/elixscent.com\/product\/aura-home-citrus-energy\/","name":"D\u00e9sodorisant d'int\u00e9rieur AURA Citrus Energy Membrane | ELiX","isPartOf":{"@id":"https:\/\/elixscent.com\/#website"},"primaryImageOfPage":{"@id":"https:\/\/elixscent.com\/product\/aura-home-citrus-energy\/#primaryimage"},"image":{"@id":"https:\/\/elixscent.com\/product\/aura-home-citrus-energy\/#primaryimage"},"thumbnailUrl":"https:\/\/elixscent.com\/wp-content\/uploads\/WEBP_AURA_HOME_CitrusEnergy_product.webp","datePublished":"2025-12-03T08:43:05+00:00","dateModified":"2025-12-15T08:47:46+00:00","description":"AURA Citrus Energy est un d\u00e9sodorisant d\u00e9coratif \u00e0 membrane pour la maison, qui diffuse un parfum floral doux pendant 60 jours sans risque de renversement, pour embellir n'importe quelle pi\u00e8ce.","breadcrumb":{"@id":"https:\/\/elixscent.com\/product\/aura-home-citrus-energy\/#breadcrumb"},"inLanguage":"fr-FR","potentialAction":[{"@type":"ReadAction","target":["https:\/\/elixscent.com\/product\/aura-home-citrus-energy\/"]}]},{"@type":"ImageObject","inLanguage":"fr-FR","@id":"https:\/\/elixscent.com\/product\/aura-home-citrus-energy\/#primaryimage","url":"https:\/\/elixscent.com\/wp-content\/uploads\/WEBP_AURA_HOME_CitrusEnergy_product.webp","contentUrl":"https:\/\/elixscent.com\/wp-content\/uploads\/WEBP_AURA_HOME_CitrusEnergy_product.webp","width":600,"height":632,"caption":"Membrane air perfume"},{"@type":"BreadcrumbList","@id":"https:\/\/elixscent.com\/product\/aura-home-citrus-energy\/#breadcrumb","itemListElement":[{"@type":"ListItem","position":1,"name":"Home","item":"https:\/\/elixscent.com\/"},{"@type":"ListItem","position":2,"name":"Products","item":"https:\/\/elixscent.com\/product\/"},{"@type":"ListItem","position":3,"name":"MEMBRANE air fresheners","item":"https:\/\/elixscent.com\/product-category\/membrane\/"},{"@type":"ListItem","position":4,"name":"AURA intense home perfume","item":"https:\/\/elixscent.com\/product-category\/aura_home\/"},{"@type":"ListItem","position":5,"name":"AURA home Citrus Energy"}]},{"@type":"WebSite","@id":"https:\/\/elixscent.com\/#website","url":"https:\/\/elixscent.com\/","name":"D\u00e9sodorisants ELiX EU","description":"Air &amp; Tissus, Parfaitement frais","publisher":{"@id":"https:\/\/elixscent.com\/#organization"},"potentialAction":[{"@type":"SearchAction","target":{"@type":"EntryPoint","urlTemplate":"https:\/\/elixscent.com\/?s={search_term_string}"},"query-input":{"@type":"PropertyValueSpecification","valueRequired":true,"valueName":"search_term_string"}}],"inLanguage":"fr-FR"},{"@type":"Organization","@id":"https:\/\/elixscent.com\/#organization","name":"Fabricant de d\u00e9sodorisants ELIX","url":"https:\/\/elixscent.com\/","logo":{"@type":"ImageObject","inLanguage":"fr-FR","@id":"https:\/\/elixscent.com\/#\/schema\/logo\/image\/","url":"https:\/\/elixscent.com\/wp-content\/uploads\/elix_logo_1.0-_300.jpg","contentUrl":"https:\/\/elixscent.com\/wp-content\/uploads\/elix_logo_1.0-_300.jpg","width":300,"height":257,"caption":"ELIX air freshener manufacturer"},"image":{"@id":"https:\/\/elixscent.com\/#\/schema\/logo\/image\/"},"sameAs":["https:\/\/www.linkedin.com\/company\/30084929"]}]}},"_links":{"self":[{"href":"https:\/\/elixscent.com\/fr\/wp-json\/wp\/v2\/product\/59854","targetHints":{"allow":["GET"]}}],"collection":[{"href":"https:\/\/elixscent.com\/fr\/wp-json\/wp\/v2\/product"}],"about":[{"href":"https:\/\/elixscent.com\/fr\/wp-json\/wp\/v2\/types\/product"}],"version-history":[{"count":4,"href":"https:\/\/elixscent.com\/fr\/wp-json\/wp\/v2\/product\/59854\/revisions"}],"predecessor-version":[{"id":60011,"href":"https:\/\/elixscent.com\/fr\/wp-json\/wp\/v2\/product\/59854\/revisions\/60011"}],"wp:featuredmedia":[{"embeddable":true,"href":"https:\/\/elixscent.com\/fr\/wp-json\/wp\/v2\/media\/59855"}],"wp:attachment":[{"href":"https:\/\/elixscent.com\/fr\/wp-json\/wp\/v2\/media?parent=59854"}],"curies":[{"name":"wp","href":"https:\/\/api.w.org\/{rel}","templated":true}]}}