{"id":59572,"date":"2025-10-30T11:55:16","date_gmt":"2025-10-30T11:55:16","guid":{"rendered":"https:\/\/elixscent.com\/?post_type=product&#038;p=59572"},"modified":"2025-12-15T09:59:46","modified_gmt":"2025-12-15T09:59:46","slug":"double-set-de-mini-bouteilles-parfumees-mer","status":"publish","type":"product","link":"https:\/\/elixscent.com\/fr\/product\/dual-set-scented-mini-bottles-sea\/","title":{"rendered":"Mini-bouteilles parfum\u00e9es Dual Set Sea &amp; Forest"},"content":{"rendered":"<p>Rivage vif. For\u00eat tranquille. Les <strong data-start=\"295\" data-end=\"329\">D\u00e9sodorisant de voiture Sea &amp; Forest<\/strong> vous offre deux ambiances distinctes dans des mini-flacons compacts : <strong data-start=\"384\" data-end=\"396\">Sel de mer<\/strong> apporte une fra\u00eecheur propre et min\u00e9rale avec une sensation de brise sal\u00e9e, tandis que le <strong data-start=\"463\" data-end=\"478\">Pin sylvestre<\/strong> ajoute un vert calme et r\u00e9sineux, stable et ancr\u00e9. Passez de l'un \u00e0 l'autre au fil de la journ\u00e9e, ou gardez-en un pour la voiture et l'autre pour un petit espace \u00e0 la maison. Chaque miniature en verre est munie d'un bouchon en bois naturel qui assure la m\u00e8che et la diffusion uniforme du parfum, sans vaporisateur, ni chaleur, ni pile.<\/p>","protected":false},"featured_media":59573,"parent":0,"menu_order":0,"template":"","class_list":["post-59572","product","type-product","status-publish","has-post-thumbnail","hentry","product_category-2-x-scented-mini-bottles","product_category-wooden-air-freshener"],"acf":[],"yoast_head":"<!-- This site is optimized with the Yoast SEO Premium plugin v27.4 (Yoast SEO v27.4) - https:\/\/yoast.com\/product\/yoast-seo-premium-wordpress\/ -->\n<title>Sea &amp; Forest Car Air Freshener | Sea Salt &amp; Forest Pine<\/title>\n<meta name=\"description\" content=\"The Sea &amp; Forest car air freshener combines Sea Salt (crisp, mineral) and Forest Pine (green, resinous) in two mini bottles for smooth, even diffusion via a natural wood cap. Eco-minded build: paper, wood, glass and recycled plastic.\" \/>\n<meta name=\"robots\" content=\"index, follow, max-snippet:-1, max-image-preview:large, max-video-preview:-1\" \/>\n<link rel=\"canonical\" href=\"https:\/\/elixscent.com\/fr\/produit\/double-set-de-mini-bouteilles-parfumees-mer\/\" \/>\n<meta property=\"og:locale\" content=\"fr_FR\" \/>\n<meta property=\"og:type\" content=\"article\" \/>\n<meta property=\"og:title\" content=\"Dual Set Scented Mini Bottles Sea &amp; Forest\" \/>\n<meta property=\"og:description\" content=\"The Sea &amp; Forest car air freshener combines Sea Salt (crisp, mineral) and Forest Pine (green, resinous) in two mini bottles for smooth, even diffusion via a natural wood cap. Eco-minded build: paper, wood, glass and recycled plastic.\" \/>\n<meta property=\"og:url\" content=\"https:\/\/elixscent.com\/fr\/produit\/double-set-de-mini-bouteilles-parfumees-mer\/\" \/>\n<meta property=\"og:site_name\" content=\"ELiX EU air fresheners\" \/>\n<meta property=\"article:modified_time\" content=\"2025-12-15T09:59:46+00:00\" \/>\n<meta property=\"og:image\" content=\"https:\/\/elixscent.com\/wp-content\/uploads\/WEBP_2xSMB_seaforest_headder_1.0.webp\" \/>\n\t<meta property=\"og:image:width\" content=\"300\" \/>\n\t<meta property=\"og:image:height\" content=\"731\" \/>\n\t<meta property=\"og:image:type\" content=\"image\/webp\" \/>\n<meta name=\"twitter:card\" content=\"summary_large_image\" \/>\n<meta name=\"twitter:label1\" content=\"Dur\u00e9e de lecture estim\u00e9e\" \/>\n\t<meta name=\"twitter:data1\" content=\"1 minute\" \/>\n<script type=\"application\/ld+json\" class=\"yoast-schema-graph\">{\"@context\":\"https:\\\/\\\/schema.org\",\"@graph\":[{\"@type\":\"WebPage\",\"@id\":\"https:\\\/\\\/elixscent.com\\\/product\\\/dual-set-scented-mini-bottles-sea\\\/\",\"url\":\"https:\\\/\\\/elixscent.com\\\/product\\\/dual-set-scented-mini-bottles-sea\\\/\",\"name\":\"Sea & Forest Car Air Freshener | Sea Salt & Forest Pine\",\"isPartOf\":{\"@id\":\"https:\\\/\\\/elixscent.com\\\/#website\"},\"primaryImageOfPage\":{\"@id\":\"https:\\\/\\\/elixscent.com\\\/product\\\/dual-set-scented-mini-bottles-sea\\\/#primaryimage\"},\"image\":{\"@id\":\"https:\\\/\\\/elixscent.com\\\/product\\\/dual-set-scented-mini-bottles-sea\\\/#primaryimage\"},\"thumbnailUrl\":\"https:\\\/\\\/elixscent.com\\\/wp-content\\\/uploads\\\/WEBP_2xSMB_seaforest_headder_1.0.webp\",\"datePublished\":\"2025-10-30T11:55:16+00:00\",\"dateModified\":\"2025-12-15T09:59:46+00:00\",\"description\":\"The Sea & Forest car air freshener combines Sea Salt (crisp, mineral) and Forest Pine (green, resinous) in two mini bottles for smooth, even diffusion via a natural wood cap. Eco-minded build: paper, wood, glass and recycled plastic.\",\"breadcrumb\":{\"@id\":\"https:\\\/\\\/elixscent.com\\\/product\\\/dual-set-scented-mini-bottles-sea\\\/#breadcrumb\"},\"inLanguage\":\"fr-FR\",\"potentialAction\":[{\"@type\":\"ReadAction\",\"target\":[\"https:\\\/\\\/elixscent.com\\\/product\\\/dual-set-scented-mini-bottles-sea\\\/\"]}]},{\"@type\":\"ImageObject\",\"inLanguage\":\"fr-FR\",\"@id\":\"https:\\\/\\\/elixscent.com\\\/product\\\/dual-set-scented-mini-bottles-sea\\\/#primaryimage\",\"url\":\"https:\\\/\\\/elixscent.com\\\/wp-content\\\/uploads\\\/WEBP_2xSMB_seaforest_headder_1.0.webp\",\"contentUrl\":\"https:\\\/\\\/elixscent.com\\\/wp-content\\\/uploads\\\/WEBP_2xSMB_seaforest_headder_1.0.webp\",\"width\":300,\"height\":731,\"caption\":\"car perfume wood air freshener\"},{\"@type\":\"BreadcrumbList\",\"@id\":\"https:\\\/\\\/elixscent.com\\\/product\\\/dual-set-scented-mini-bottles-sea\\\/#breadcrumb\",\"itemListElement\":[{\"@type\":\"ListItem\",\"position\":1,\"name\":\"Home\",\"item\":\"https:\\\/\\\/elixscent.com\\\/\"},{\"@type\":\"ListItem\",\"position\":2,\"name\":\"Products\",\"item\":\"https:\\\/\\\/elixscent.com\\\/product\\\/\"},{\"@type\":\"ListItem\",\"position\":3,\"name\":\"WOOD\",\"item\":\"https:\\\/\\\/elixscent.com\\\/product-category\\\/wooden-air-freshener\\\/\"},{\"@type\":\"ListItem\",\"position\":4,\"name\":\"2 x Scented Mini Bottles\",\"item\":\"https:\\\/\\\/elixscent.com\\\/product-category\\\/2-x-scented-mini-bottles\\\/\"},{\"@type\":\"ListItem\",\"position\":5,\"name\":\"Dual Set Scented Mini Bottles Sea &#038; Forest\"}]},{\"@type\":\"WebSite\",\"@id\":\"https:\\\/\\\/elixscent.com\\\/#website\",\"url\":\"https:\\\/\\\/elixscent.com\\\/\",\"name\":\"ELiX EU air fresheners\",\"description\":\"Air &amp; Fabric, Perfectly Fresh\",\"publisher\":{\"@id\":\"https:\\\/\\\/elixscent.com\\\/#organization\"},\"potentialAction\":[{\"@type\":\"SearchAction\",\"target\":{\"@type\":\"EntryPoint\",\"urlTemplate\":\"https:\\\/\\\/elixscent.com\\\/?s={search_term_string}\"},\"query-input\":{\"@type\":\"PropertyValueSpecification\",\"valueRequired\":true,\"valueName\":\"search_term_string\"}}],\"inLanguage\":\"fr-FR\"},{\"@type\":\"Organization\",\"@id\":\"https:\\\/\\\/elixscent.com\\\/#organization\",\"name\":\"ELIX air freshener manufacturer\",\"url\":\"https:\\\/\\\/elixscent.com\\\/\",\"logo\":{\"@type\":\"ImageObject\",\"inLanguage\":\"fr-FR\",\"@id\":\"https:\\\/\\\/elixscent.com\\\/#\\\/schema\\\/logo\\\/image\\\/\",\"url\":\"https:\\\/\\\/elixscent.com\\\/wp-content\\\/uploads\\\/elix_logo_1.0-_300.jpg\",\"contentUrl\":\"https:\\\/\\\/elixscent.com\\\/wp-content\\\/uploads\\\/elix_logo_1.0-_300.jpg\",\"width\":300,\"height\":257,\"caption\":\"ELIX air freshener manufacturer\"},\"image\":{\"@id\":\"https:\\\/\\\/elixscent.com\\\/#\\\/schema\\\/logo\\\/image\\\/\"},\"sameAs\":[\"https:\\\/\\\/www.linkedin.com\\\/company\\\/30084929\"]}]}<\/script>\n<!-- \/ Yoast SEO Premium plugin. -->","yoast_head_json":{"title":"Rafra\u00eechisseur d'air pour voiture Sea &amp; Forest | Sel de mer et pin forestier","description":"Le d\u00e9sodorisant pour voiture Sea &amp; Forest associe le sel de mer (frais et min\u00e9ral) et le pin sylvestre (vert et r\u00e9sineux) dans deux mini-flacons pour une diffusion douce et homog\u00e8ne gr\u00e2ce \u00e0 un bouchon en bois naturel. Fabrication \u00e9cologique : papier, bois, verre et plastique recycl\u00e9.","robots":{"index":"index","follow":"follow","max-snippet":"max-snippet:-1","max-image-preview":"max-image-preview:large","max-video-preview":"max-video-preview:-1"},"canonical":"https:\/\/elixscent.com\/fr\/produit\/double-set-de-mini-bouteilles-parfumees-mer\/","og_locale":"fr_FR","og_type":"article","og_title":"Dual Set Scented Mini Bottles Sea & Forest","og_description":"The Sea & Forest car air freshener combines Sea Salt (crisp, mineral) and Forest Pine (green, resinous) in two mini bottles for smooth, even diffusion via a natural wood cap. Eco-minded build: paper, wood, glass and recycled plastic.","og_url":"https:\/\/elixscent.com\/fr\/produit\/double-set-de-mini-bouteilles-parfumees-mer\/","og_site_name":"ELiX EU air fresheners","article_modified_time":"2025-12-15T09:59:46+00:00","og_image":[{"width":300,"height":731,"url":"https:\/\/elixscent.com\/wp-content\/uploads\/WEBP_2xSMB_seaforest_headder_1.0.webp","type":"image\/webp"}],"twitter_card":"summary_large_image","twitter_misc":{"Dur\u00e9e de lecture estim\u00e9e":"1 minute"},"schema":{"@context":"https:\/\/schema.org","@graph":[{"@type":"WebPage","@id":"https:\/\/elixscent.com\/product\/dual-set-scented-mini-bottles-sea\/","url":"https:\/\/elixscent.com\/product\/dual-set-scented-mini-bottles-sea\/","name":"Rafra\u00eechisseur d'air pour voiture Sea &amp; Forest | Sel de mer et pin forestier","isPartOf":{"@id":"https:\/\/elixscent.com\/#website"},"primaryImageOfPage":{"@id":"https:\/\/elixscent.com\/product\/dual-set-scented-mini-bottles-sea\/#primaryimage"},"image":{"@id":"https:\/\/elixscent.com\/product\/dual-set-scented-mini-bottles-sea\/#primaryimage"},"thumbnailUrl":"https:\/\/elixscent.com\/wp-content\/uploads\/WEBP_2xSMB_seaforest_headder_1.0.webp","datePublished":"2025-10-30T11:55:16+00:00","dateModified":"2025-12-15T09:59:46+00:00","description":"Le d\u00e9sodorisant pour voiture Sea &amp; Forest associe le sel de mer (frais et min\u00e9ral) et le pin sylvestre (vert et r\u00e9sineux) dans deux mini-flacons pour une diffusion douce et homog\u00e8ne gr\u00e2ce \u00e0 un bouchon en bois naturel. Fabrication \u00e9cologique : papier, bois, verre et plastique recycl\u00e9.","breadcrumb":{"@id":"https:\/\/elixscent.com\/product\/dual-set-scented-mini-bottles-sea\/#breadcrumb"},"inLanguage":"fr-FR","potentialAction":[{"@type":"ReadAction","target":["https:\/\/elixscent.com\/product\/dual-set-scented-mini-bottles-sea\/"]}]},{"@type":"ImageObject","inLanguage":"fr-FR","@id":"https:\/\/elixscent.com\/product\/dual-set-scented-mini-bottles-sea\/#primaryimage","url":"https:\/\/elixscent.com\/wp-content\/uploads\/WEBP_2xSMB_seaforest_headder_1.0.webp","contentUrl":"https:\/\/elixscent.com\/wp-content\/uploads\/WEBP_2xSMB_seaforest_headder_1.0.webp","width":300,"height":731,"caption":"car perfume wood air freshener"},{"@type":"BreadcrumbList","@id":"https:\/\/elixscent.com\/product\/dual-set-scented-mini-bottles-sea\/#breadcrumb","itemListElement":[{"@type":"ListItem","position":1,"name":"Home","item":"https:\/\/elixscent.com\/"},{"@type":"ListItem","position":2,"name":"Products","item":"https:\/\/elixscent.com\/product\/"},{"@type":"ListItem","position":3,"name":"WOOD","item":"https:\/\/elixscent.com\/product-category\/wooden-air-freshener\/"},{"@type":"ListItem","position":4,"name":"2 x Scented Mini Bottles","item":"https:\/\/elixscent.com\/product-category\/2-x-scented-mini-bottles\/"},{"@type":"ListItem","position":5,"name":"Dual Set Scented Mini Bottles Sea &#038; Forest"}]},{"@type":"WebSite","@id":"https:\/\/elixscent.com\/#website","url":"https:\/\/elixscent.com\/","name":"D\u00e9sodorisants ELiX EU","description":"Air &amp; Tissus, Parfaitement frais","publisher":{"@id":"https:\/\/elixscent.com\/#organization"},"potentialAction":[{"@type":"SearchAction","target":{"@type":"EntryPoint","urlTemplate":"https:\/\/elixscent.com\/?s={search_term_string}"},"query-input":{"@type":"PropertyValueSpecification","valueRequired":true,"valueName":"search_term_string"}}],"inLanguage":"fr-FR"},{"@type":"Organization","@id":"https:\/\/elixscent.com\/#organization","name":"Fabricant de d\u00e9sodorisants ELIX","url":"https:\/\/elixscent.com\/","logo":{"@type":"ImageObject","inLanguage":"fr-FR","@id":"https:\/\/elixscent.com\/#\/schema\/logo\/image\/","url":"https:\/\/elixscent.com\/wp-content\/uploads\/elix_logo_1.0-_300.jpg","contentUrl":"https:\/\/elixscent.com\/wp-content\/uploads\/elix_logo_1.0-_300.jpg","width":300,"height":257,"caption":"ELIX air freshener manufacturer"},"image":{"@id":"https:\/\/elixscent.com\/#\/schema\/logo\/image\/"},"sameAs":["https:\/\/www.linkedin.com\/company\/30084929"]}]}},"_links":{"self":[{"href":"https:\/\/elixscent.com\/fr\/wp-json\/wp\/v2\/product\/59572","targetHints":{"allow":["GET"]}}],"collection":[{"href":"https:\/\/elixscent.com\/fr\/wp-json\/wp\/v2\/product"}],"about":[{"href":"https:\/\/elixscent.com\/fr\/wp-json\/wp\/v2\/types\/product"}],"version-history":[{"count":3,"href":"https:\/\/elixscent.com\/fr\/wp-json\/wp\/v2\/product\/59572\/revisions"}],"predecessor-version":[{"id":60020,"href":"https:\/\/elixscent.com\/fr\/wp-json\/wp\/v2\/product\/59572\/revisions\/60020"}],"wp:featuredmedia":[{"embeddable":true,"href":"https:\/\/elixscent.com\/fr\/wp-json\/wp\/v2\/media\/59573"}],"wp:attachment":[{"href":"https:\/\/elixscent.com\/fr\/wp-json\/wp\/v2\/media?parent=59572"}],"curies":[{"name":"wp","href":"https:\/\/api.w.org\/{rel}","templated":true}]}}