{"id":59567,"date":"2025-10-30T11:51:45","date_gmt":"2025-10-30T11:51:45","guid":{"rendered":"https:\/\/elixscent.com\/?post_type=product&#038;p=59567"},"modified":"2025-12-15T09:48:12","modified_gmt":"2025-12-15T09:48:12","slug":"double-set-de-mini-bouteilles-parfumees-basic","status":"publish","type":"product","link":"https:\/\/elixscent.com\/fr\/product\/dual-set-scented-mini-bottles-basic\/","title":{"rendered":"Double set de mini-bouteilles parfum\u00e9es Basic Stuff"},"content":{"rendered":"<p>Retour au confort quotidien sans effort. Les <strong data-start=\"291\" data-end=\"324\">D\u00e9sodorisant pour voiture Basic Stuff<\/strong> paires de deux mini-bouteilles : <strong data-start=\"349\" data-end=\"367\">Mousse \u00e0 la vanille<\/strong> pour un \u00e9clat doux et cr\u00e9meux \u00e0 la vanille, et le <strong data-start=\"405\" data-end=\"421\">Nuage de coton<\/strong> pour un nettoyage frais et a\u00e9r\u00e9. \u00c9changez les senteurs en fonction du moment ou partagez-en une avec un partenaire. Chaque miniature en verre est munie d'un bouchon diffuseur en bois naturel pour une diffusion douce et r\u00e9guli\u00e8re - pas de vaporisateur, de chaleur ou de piles.<\/p>","protected":false},"featured_media":59568,"parent":0,"menu_order":0,"template":"","class_list":["post-59567","product","type-product","status-publish","has-post-thumbnail","hentry","product_category-2-x-scented-mini-bottles","product_category-wooden-air-freshener"],"acf":[],"yoast_head":"<!-- This site is optimized with the Yoast SEO Premium plugin v27.4 (Yoast SEO v27.4) - https:\/\/yoast.com\/product\/yoast-seo-premium-wordpress\/ -->\n<title>Basic Stuff Car Air Freshener | Vanilla Mousse &amp; Cotton Cloud<\/title>\n<meta name=\"description\" content=\"The Basic Stuff car air freshener blends Vanilla Mousse warmth with Cotton Cloud clean freshness in two compact bottles for even diffusion via a natural wood cap. Eco-minded materials: paper, wood, glass and recycled plastic\" \/>\n<meta name=\"robots\" content=\"index, follow, max-snippet:-1, max-image-preview:large, max-video-preview:-1\" \/>\n<link rel=\"canonical\" href=\"https:\/\/elixscent.com\/fr\/produit\/double-set-de-mini-bouteilles-parfumees-basic\/\" \/>\n<meta property=\"og:locale\" content=\"fr_FR\" \/>\n<meta property=\"og:type\" content=\"article\" \/>\n<meta property=\"og:title\" content=\"Dual Set Scented Mini Bottles Basic Stuff\" \/>\n<meta property=\"og:description\" content=\"The Basic Stuff car air freshener blends Vanilla Mousse warmth with Cotton Cloud clean freshness in two compact bottles for even diffusion via a natural wood cap. Eco-minded materials: paper, wood, glass and recycled plastic\" \/>\n<meta property=\"og:url\" content=\"https:\/\/elixscent.com\/fr\/produit\/double-set-de-mini-bouteilles-parfumees-basic\/\" \/>\n<meta property=\"og:site_name\" content=\"ELiX EU air fresheners\" \/>\n<meta property=\"article:modified_time\" content=\"2025-12-15T09:48:12+00:00\" \/>\n<meta property=\"og:image\" content=\"https:\/\/elixscent.com\/wp-content\/uploads\/WEBP_2xSMB_basicstuff_headder_1.0.webp\" \/>\n\t<meta property=\"og:image:width\" content=\"300\" \/>\n\t<meta property=\"og:image:height\" content=\"731\" \/>\n\t<meta property=\"og:image:type\" content=\"image\/webp\" \/>\n<meta name=\"twitter:card\" content=\"summary_large_image\" \/>\n<meta name=\"twitter:label1\" content=\"Dur\u00e9e de lecture estim\u00e9e\" \/>\n\t<meta name=\"twitter:data1\" content=\"1 minute\" \/>\n<script type=\"application\/ld+json\" class=\"yoast-schema-graph\">{\"@context\":\"https:\\\/\\\/schema.org\",\"@graph\":[{\"@type\":\"WebPage\",\"@id\":\"https:\\\/\\\/elixscent.com\\\/product\\\/dual-set-scented-mini-bottles-basic\\\/\",\"url\":\"https:\\\/\\\/elixscent.com\\\/product\\\/dual-set-scented-mini-bottles-basic\\\/\",\"name\":\"Basic Stuff Car Air Freshener | Vanilla Mousse & Cotton Cloud\",\"isPartOf\":{\"@id\":\"https:\\\/\\\/elixscent.com\\\/#website\"},\"primaryImageOfPage\":{\"@id\":\"https:\\\/\\\/elixscent.com\\\/product\\\/dual-set-scented-mini-bottles-basic\\\/#primaryimage\"},\"image\":{\"@id\":\"https:\\\/\\\/elixscent.com\\\/product\\\/dual-set-scented-mini-bottles-basic\\\/#primaryimage\"},\"thumbnailUrl\":\"https:\\\/\\\/elixscent.com\\\/wp-content\\\/uploads\\\/WEBP_2xSMB_basicstuff_headder_1.0.webp\",\"datePublished\":\"2025-10-30T11:51:45+00:00\",\"dateModified\":\"2025-12-15T09:48:12+00:00\",\"description\":\"The Basic Stuff car air freshener blends Vanilla Mousse warmth with Cotton Cloud clean freshness in two compact bottles for even diffusion via a natural wood cap. Eco-minded materials: paper, wood, glass and recycled plastic\",\"breadcrumb\":{\"@id\":\"https:\\\/\\\/elixscent.com\\\/product\\\/dual-set-scented-mini-bottles-basic\\\/#breadcrumb\"},\"inLanguage\":\"fr-FR\",\"potentialAction\":[{\"@type\":\"ReadAction\",\"target\":[\"https:\\\/\\\/elixscent.com\\\/product\\\/dual-set-scented-mini-bottles-basic\\\/\"]}]},{\"@type\":\"ImageObject\",\"inLanguage\":\"fr-FR\",\"@id\":\"https:\\\/\\\/elixscent.com\\\/product\\\/dual-set-scented-mini-bottles-basic\\\/#primaryimage\",\"url\":\"https:\\\/\\\/elixscent.com\\\/wp-content\\\/uploads\\\/WEBP_2xSMB_basicstuff_headder_1.0.webp\",\"contentUrl\":\"https:\\\/\\\/elixscent.com\\\/wp-content\\\/uploads\\\/WEBP_2xSMB_basicstuff_headder_1.0.webp\",\"width\":300,\"height\":731,\"caption\":\"car perfume 2 pcs set\"},{\"@type\":\"BreadcrumbList\",\"@id\":\"https:\\\/\\\/elixscent.com\\\/product\\\/dual-set-scented-mini-bottles-basic\\\/#breadcrumb\",\"itemListElement\":[{\"@type\":\"ListItem\",\"position\":1,\"name\":\"Home\",\"item\":\"https:\\\/\\\/elixscent.com\\\/\"},{\"@type\":\"ListItem\",\"position\":2,\"name\":\"Products\",\"item\":\"https:\\\/\\\/elixscent.com\\\/product\\\/\"},{\"@type\":\"ListItem\",\"position\":3,\"name\":\"WOOD\",\"item\":\"https:\\\/\\\/elixscent.com\\\/product-category\\\/wooden-air-freshener\\\/\"},{\"@type\":\"ListItem\",\"position\":4,\"name\":\"2 x Scented Mini Bottles\",\"item\":\"https:\\\/\\\/elixscent.com\\\/product-category\\\/2-x-scented-mini-bottles\\\/\"},{\"@type\":\"ListItem\",\"position\":5,\"name\":\"Dual Set Scented Mini Bottles Basic Stuff\"}]},{\"@type\":\"WebSite\",\"@id\":\"https:\\\/\\\/elixscent.com\\\/#website\",\"url\":\"https:\\\/\\\/elixscent.com\\\/\",\"name\":\"ELiX EU air fresheners\",\"description\":\"Air &amp; Fabric, Perfectly Fresh\",\"publisher\":{\"@id\":\"https:\\\/\\\/elixscent.com\\\/#organization\"},\"potentialAction\":[{\"@type\":\"SearchAction\",\"target\":{\"@type\":\"EntryPoint\",\"urlTemplate\":\"https:\\\/\\\/elixscent.com\\\/?s={search_term_string}\"},\"query-input\":{\"@type\":\"PropertyValueSpecification\",\"valueRequired\":true,\"valueName\":\"search_term_string\"}}],\"inLanguage\":\"fr-FR\"},{\"@type\":\"Organization\",\"@id\":\"https:\\\/\\\/elixscent.com\\\/#organization\",\"name\":\"ELIX air freshener manufacturer\",\"url\":\"https:\\\/\\\/elixscent.com\\\/\",\"logo\":{\"@type\":\"ImageObject\",\"inLanguage\":\"fr-FR\",\"@id\":\"https:\\\/\\\/elixscent.com\\\/#\\\/schema\\\/logo\\\/image\\\/\",\"url\":\"https:\\\/\\\/elixscent.com\\\/wp-content\\\/uploads\\\/elix_logo_1.0-_300.jpg\",\"contentUrl\":\"https:\\\/\\\/elixscent.com\\\/wp-content\\\/uploads\\\/elix_logo_1.0-_300.jpg\",\"width\":300,\"height\":257,\"caption\":\"ELIX air freshener manufacturer\"},\"image\":{\"@id\":\"https:\\\/\\\/elixscent.com\\\/#\\\/schema\\\/logo\\\/image\\\/\"},\"sameAs\":[\"https:\\\/\\\/www.linkedin.com\\\/company\\\/30084929\"]}]}<\/script>\n<!-- \/ Yoast SEO Premium plugin. -->","yoast_head_json":{"title":"Basic Stuff Rafra\u00eechisseur d'air pour voiture - Mousse vanille et nuage de coton","description":"Le d\u00e9sodorisant pour voiture Basic Stuff allie la chaleur de la mousse de vanille \u00e0 la fra\u00eecheur du nuage de coton dans deux flacons compacts pour une diffusion uniforme gr\u00e2ce \u00e0 un bouchon en bois naturel. Mat\u00e9riaux \u00e9cologiques : papier, bois, verre et plastique recycl\u00e9.","robots":{"index":"index","follow":"follow","max-snippet":"max-snippet:-1","max-image-preview":"max-image-preview:large","max-video-preview":"max-video-preview:-1"},"canonical":"https:\/\/elixscent.com\/fr\/produit\/double-set-de-mini-bouteilles-parfumees-basic\/","og_locale":"fr_FR","og_type":"article","og_title":"Dual Set Scented Mini Bottles Basic Stuff","og_description":"The Basic Stuff car air freshener blends Vanilla Mousse warmth with Cotton Cloud clean freshness in two compact bottles for even diffusion via a natural wood cap. Eco-minded materials: paper, wood, glass and recycled plastic","og_url":"https:\/\/elixscent.com\/fr\/produit\/double-set-de-mini-bouteilles-parfumees-basic\/","og_site_name":"ELiX EU air fresheners","article_modified_time":"2025-12-15T09:48:12+00:00","og_image":[{"width":300,"height":731,"url":"https:\/\/elixscent.com\/wp-content\/uploads\/WEBP_2xSMB_basicstuff_headder_1.0.webp","type":"image\/webp"}],"twitter_card":"summary_large_image","twitter_misc":{"Dur\u00e9e de lecture estim\u00e9e":"1 minute"},"schema":{"@context":"https:\/\/schema.org","@graph":[{"@type":"WebPage","@id":"https:\/\/elixscent.com\/product\/dual-set-scented-mini-bottles-basic\/","url":"https:\/\/elixscent.com\/product\/dual-set-scented-mini-bottles-basic\/","name":"Basic Stuff Rafra\u00eechisseur d'air pour voiture - Mousse vanille et nuage de coton","isPartOf":{"@id":"https:\/\/elixscent.com\/#website"},"primaryImageOfPage":{"@id":"https:\/\/elixscent.com\/product\/dual-set-scented-mini-bottles-basic\/#primaryimage"},"image":{"@id":"https:\/\/elixscent.com\/product\/dual-set-scented-mini-bottles-basic\/#primaryimage"},"thumbnailUrl":"https:\/\/elixscent.com\/wp-content\/uploads\/WEBP_2xSMB_basicstuff_headder_1.0.webp","datePublished":"2025-10-30T11:51:45+00:00","dateModified":"2025-12-15T09:48:12+00:00","description":"Le d\u00e9sodorisant pour voiture Basic Stuff allie la chaleur de la mousse de vanille \u00e0 la fra\u00eecheur du nuage de coton dans deux flacons compacts pour une diffusion uniforme gr\u00e2ce \u00e0 un bouchon en bois naturel. Mat\u00e9riaux \u00e9cologiques : papier, bois, verre et plastique recycl\u00e9.","breadcrumb":{"@id":"https:\/\/elixscent.com\/product\/dual-set-scented-mini-bottles-basic\/#breadcrumb"},"inLanguage":"fr-FR","potentialAction":[{"@type":"ReadAction","target":["https:\/\/elixscent.com\/product\/dual-set-scented-mini-bottles-basic\/"]}]},{"@type":"ImageObject","inLanguage":"fr-FR","@id":"https:\/\/elixscent.com\/product\/dual-set-scented-mini-bottles-basic\/#primaryimage","url":"https:\/\/elixscent.com\/wp-content\/uploads\/WEBP_2xSMB_basicstuff_headder_1.0.webp","contentUrl":"https:\/\/elixscent.com\/wp-content\/uploads\/WEBP_2xSMB_basicstuff_headder_1.0.webp","width":300,"height":731,"caption":"car perfume 2 pcs set"},{"@type":"BreadcrumbList","@id":"https:\/\/elixscent.com\/product\/dual-set-scented-mini-bottles-basic\/#breadcrumb","itemListElement":[{"@type":"ListItem","position":1,"name":"Home","item":"https:\/\/elixscent.com\/"},{"@type":"ListItem","position":2,"name":"Products","item":"https:\/\/elixscent.com\/product\/"},{"@type":"ListItem","position":3,"name":"WOOD","item":"https:\/\/elixscent.com\/product-category\/wooden-air-freshener\/"},{"@type":"ListItem","position":4,"name":"2 x Scented Mini Bottles","item":"https:\/\/elixscent.com\/product-category\/2-x-scented-mini-bottles\/"},{"@type":"ListItem","position":5,"name":"Dual Set Scented Mini Bottles Basic Stuff"}]},{"@type":"WebSite","@id":"https:\/\/elixscent.com\/#website","url":"https:\/\/elixscent.com\/","name":"D\u00e9sodorisants ELiX EU","description":"Air &amp; Tissus, Parfaitement frais","publisher":{"@id":"https:\/\/elixscent.com\/#organization"},"potentialAction":[{"@type":"SearchAction","target":{"@type":"EntryPoint","urlTemplate":"https:\/\/elixscent.com\/?s={search_term_string}"},"query-input":{"@type":"PropertyValueSpecification","valueRequired":true,"valueName":"search_term_string"}}],"inLanguage":"fr-FR"},{"@type":"Organization","@id":"https:\/\/elixscent.com\/#organization","name":"Fabricant de d\u00e9sodorisants ELIX","url":"https:\/\/elixscent.com\/","logo":{"@type":"ImageObject","inLanguage":"fr-FR","@id":"https:\/\/elixscent.com\/#\/schema\/logo\/image\/","url":"https:\/\/elixscent.com\/wp-content\/uploads\/elix_logo_1.0-_300.jpg","contentUrl":"https:\/\/elixscent.com\/wp-content\/uploads\/elix_logo_1.0-_300.jpg","width":300,"height":257,"caption":"ELIX air freshener manufacturer"},"image":{"@id":"https:\/\/elixscent.com\/#\/schema\/logo\/image\/"},"sameAs":["https:\/\/www.linkedin.com\/company\/30084929"]}]}},"_links":{"self":[{"href":"https:\/\/elixscent.com\/fr\/wp-json\/wp\/v2\/product\/59567","targetHints":{"allow":["GET"]}}],"collection":[{"href":"https:\/\/elixscent.com\/fr\/wp-json\/wp\/v2\/product"}],"about":[{"href":"https:\/\/elixscent.com\/fr\/wp-json\/wp\/v2\/types\/product"}],"version-history":[{"count":3,"href":"https:\/\/elixscent.com\/fr\/wp-json\/wp\/v2\/product\/59567\/revisions"}],"predecessor-version":[{"id":60015,"href":"https:\/\/elixscent.com\/fr\/wp-json\/wp\/v2\/product\/59567\/revisions\/60015"}],"wp:featuredmedia":[{"embeddable":true,"href":"https:\/\/elixscent.com\/fr\/wp-json\/wp\/v2\/media\/59568"}],"wp:attachment":[{"href":"https:\/\/elixscent.com\/fr\/wp-json\/wp\/v2\/media?parent=59567"}],"curies":[{"name":"wp","href":"https:\/\/api.w.org\/{rel}","templated":true}]}}