{"id":59273,"date":"2025-10-08T09:35:46","date_gmt":"2025-10-08T09:35:46","guid":{"rendered":"https:\/\/elixscent.com\/?post_type=product&#038;p=59273"},"modified":"2026-03-23T14:13:27","modified_gmt":"2026-03-23T14:13:27","slug":"cr250","status":"publish","type":"product","link":"https:\/\/elixscent.com\/fr\/product\/cr250\/","title":{"rendered":"Crease Releaser Fragrance Free 250"},"content":{"rendered":"<div class=\"relative p-1 rounded-sm flex items-center justify-center bg-token-main-surface-primary text-token-text-primary h-8 w-8\">\n<p><strong><em>PAS DE SOLUTION DE REPASSAGE !<\/em><\/strong><\/p>\n<\/div>\n<div>Now in FRAGRANCE FREE OPTION - designed especially for those who are sensitive to scents, so they too can enjoy wrinkle-free clothes <strong>!<br \/>\n<\/strong><strong><br \/>\n<\/strong>Instruction : Agiter avant utilisation. Vaporiser uniform\u00e9ment le tissu sur toute sa surface, de mani\u00e8re \u00e0 ce qu'il soit humide. Lisser ou \u00e9tirer l\u00e9g\u00e8rement le tissu. Laisser s\u00e9cher. Faire un essai sur une petite partie du tissu avant utilisation.<\/div>\n<p><strong>V\u00e9rifier son fonctionnement : <a href=\"https:\/\/www.youtube.com\/watch?v=JEayzSW_y2s\">Elix Crease Releaser - comment l'utiliser ?<\/a><\/strong><\/p>\n<p>Practical mid-size for daily care\u2014fast, fragrance-free fibre relaxation for shirts and curtains. Safe, eco-conscious ingredients; a neat finish without scent.<\/p>\n<p>250ml<\/p>","protected":false},"featured_media":59274,"parent":0,"menu_order":0,"template":"","class_list":["post-59273","product","type-product","status-publish","has-post-thumbnail","hentry","product_category-amarella_2","product_category-fragrance-free-crease-releaser-eco-allergy-friendly"],"acf":[],"yoast_head":"<!-- This site is optimized with the Yoast SEO Premium plugin v27.2 (Yoast SEO v27.4) - https:\/\/yoast.com\/product\/yoast-seo-premium-wordpress\/ -->\n<title>Fragrance-Free Crease Releaser 250 ml | Everyday Size<\/title>\n<meta name=\"description\" content=\"Odourless crease-release spray in a versatile 250 ml bottle. Quickly relaxes fibres for smooth garments and curtains. Eco-conscious, EU-compliant; no added perfume.\" \/>\n<meta name=\"robots\" content=\"index, follow, max-snippet:-1, max-image-preview:large, max-video-preview:-1\" \/>\n<link rel=\"canonical\" href=\"https:\/\/elixscent.com\/fr\/produit\/cr250\/\" \/>\n<meta property=\"og:locale\" content=\"fr_FR\" \/>\n<meta property=\"og:type\" content=\"article\" \/>\n<meta property=\"og:title\" content=\"Crease Releaser Fragrance Free 250\" \/>\n<meta property=\"og:description\" content=\"Odourless crease-release spray in a versatile 250 ml bottle. Quickly relaxes fibres for smooth garments and curtains. Eco-conscious, EU-compliant; no added perfume.\" \/>\n<meta property=\"og:url\" content=\"https:\/\/elixscent.com\/fr\/produit\/cr250\/\" \/>\n<meta property=\"og:site_name\" content=\"ELiX EU air fresheners\" \/>\n<meta property=\"article:modified_time\" content=\"2026-03-23T14:13:27+00:00\" \/>\n<meta property=\"og:image\" content=\"https:\/\/elixscent.com\/wp-content\/uploads\/WEBP_Crease_Release_FF_250ml_product_1.0.webp\" \/>\n\t<meta property=\"og:image:width\" content=\"290\" \/>\n\t<meta property=\"og:image:height\" content=\"791\" \/>\n\t<meta property=\"og:image:type\" content=\"image\/webp\" \/>\n<meta name=\"twitter:card\" content=\"summary_large_image\" \/>\n<meta name=\"twitter:label1\" content=\"Dur\u00e9e de lecture estim\u00e9e\" \/>\n\t<meta name=\"twitter:data1\" content=\"1 minute\" \/>\n<script type=\"application\/ld+json\" class=\"yoast-schema-graph\">{\"@context\":\"https:\\\/\\\/schema.org\",\"@graph\":[{\"@type\":\"WebPage\",\"@id\":\"https:\\\/\\\/elixscent.com\\\/product\\\/cr250\\\/\",\"url\":\"https:\\\/\\\/elixscent.com\\\/product\\\/cr250\\\/\",\"name\":\"Fragrance-Free Crease Releaser 250 ml | Everyday Size\",\"isPartOf\":{\"@id\":\"https:\\\/\\\/elixscent.com\\\/#website\"},\"primaryImageOfPage\":{\"@id\":\"https:\\\/\\\/elixscent.com\\\/product\\\/cr250\\\/#primaryimage\"},\"image\":{\"@id\":\"https:\\\/\\\/elixscent.com\\\/product\\\/cr250\\\/#primaryimage\"},\"thumbnailUrl\":\"https:\\\/\\\/elixscent.com\\\/wp-content\\\/uploads\\\/WEBP_Crease_Release_FF_250ml_product_1.0.webp\",\"datePublished\":\"2025-10-08T09:35:46+00:00\",\"dateModified\":\"2026-03-23T14:13:27+00:00\",\"description\":\"Odourless crease-release spray in a versatile 250 ml bottle. Quickly relaxes fibres for smooth garments and curtains. Eco-conscious, EU-compliant; no added perfume.\",\"breadcrumb\":{\"@id\":\"https:\\\/\\\/elixscent.com\\\/product\\\/cr250\\\/#breadcrumb\"},\"inLanguage\":\"fr-FR\",\"potentialAction\":[{\"@type\":\"ReadAction\",\"target\":[\"https:\\\/\\\/elixscent.com\\\/product\\\/cr250\\\/\"]}]},{\"@type\":\"ImageObject\",\"inLanguage\":\"fr-FR\",\"@id\":\"https:\\\/\\\/elixscent.com\\\/product\\\/cr250\\\/#primaryimage\",\"url\":\"https:\\\/\\\/elixscent.com\\\/wp-content\\\/uploads\\\/WEBP_Crease_Release_FF_250ml_product_1.0.webp\",\"contentUrl\":\"https:\\\/\\\/elixscent.com\\\/wp-content\\\/uploads\\\/WEBP_Crease_Release_FF_250ml_product_1.0.webp\",\"width\":290,\"height\":791,\"caption\":\"crease releaser 250 fragrance free\"},{\"@type\":\"BreadcrumbList\",\"@id\":\"https:\\\/\\\/elixscent.com\\\/product\\\/cr250\\\/#breadcrumb\",\"itemListElement\":[{\"@type\":\"ListItem\",\"position\":1,\"name\":\"Home\",\"item\":\"https:\\\/\\\/elixscent.com\\\/\"},{\"@type\":\"ListItem\",\"position\":2,\"name\":\"Products\",\"item\":\"https:\\\/\\\/elixscent.com\\\/product\\\/\"},{\"@type\":\"ListItem\",\"position\":3,\"name\":\"Wrinkle &amp; Crease Releasers\",\"item\":\"https:\\\/\\\/elixscent.com\\\/product-category\\\/wrinkle-crease-releasers\\\/\"},{\"@type\":\"ListItem\",\"position\":4,\"name\":\"Crease Releaser Fragrance Free\",\"item\":\"https:\\\/\\\/elixscent.com\\\/product-category\\\/fragrance-free-crease-releaser-eco-allergy-friendly\\\/\"},{\"@type\":\"ListItem\",\"position\":5,\"name\":\"Crease Releaser Fragrance Free 250\"}]},{\"@type\":\"WebSite\",\"@id\":\"https:\\\/\\\/elixscent.com\\\/#website\",\"url\":\"https:\\\/\\\/elixscent.com\\\/\",\"name\":\"ELiX EU air fresheners\",\"description\":\"Air &amp; Fabric, Perfectly Fresh\",\"publisher\":{\"@id\":\"https:\\\/\\\/elixscent.com\\\/#organization\"},\"potentialAction\":[{\"@type\":\"SearchAction\",\"target\":{\"@type\":\"EntryPoint\",\"urlTemplate\":\"https:\\\/\\\/elixscent.com\\\/?s={search_term_string}\"},\"query-input\":{\"@type\":\"PropertyValueSpecification\",\"valueRequired\":true,\"valueName\":\"search_term_string\"}}],\"inLanguage\":\"fr-FR\"},{\"@type\":\"Organization\",\"@id\":\"https:\\\/\\\/elixscent.com\\\/#organization\",\"name\":\"ELIX air freshener manufacturer\",\"url\":\"https:\\\/\\\/elixscent.com\\\/\",\"logo\":{\"@type\":\"ImageObject\",\"inLanguage\":\"fr-FR\",\"@id\":\"https:\\\/\\\/elixscent.com\\\/#\\\/schema\\\/logo\\\/image\\\/\",\"url\":\"https:\\\/\\\/elixscent.com\\\/wp-content\\\/uploads\\\/elix_logo_1.0-_300.jpg\",\"contentUrl\":\"https:\\\/\\\/elixscent.com\\\/wp-content\\\/uploads\\\/elix_logo_1.0-_300.jpg\",\"width\":300,\"height\":257,\"caption\":\"ELIX air freshener manufacturer\"},\"image\":{\"@id\":\"https:\\\/\\\/elixscent.com\\\/#\\\/schema\\\/logo\\\/image\\\/\"},\"sameAs\":[\"https:\\\/\\\/www.linkedin.com\\\/company\\\/30084929\"]}]}<\/script>\n<!-- \/ Yoast SEO Premium plugin. -->","yoast_head_json":{"title":"Fragrance-Free Crease Releaser 250 ml | Everyday Size","description":"Odourless crease-release spray in a versatile 250 ml bottle. Quickly relaxes fibres for smooth garments and curtains. Eco-conscious, EU-compliant; no added perfume.","robots":{"index":"index","follow":"follow","max-snippet":"max-snippet:-1","max-image-preview":"max-image-preview:large","max-video-preview":"max-video-preview:-1"},"canonical":"https:\/\/elixscent.com\/fr\/produit\/cr250\/","og_locale":"fr_FR","og_type":"article","og_title":"Crease Releaser Fragrance Free 250","og_description":"Odourless crease-release spray in a versatile 250 ml bottle. Quickly relaxes fibres for smooth garments and curtains. Eco-conscious, EU-compliant; no added perfume.","og_url":"https:\/\/elixscent.com\/fr\/produit\/cr250\/","og_site_name":"ELiX EU air fresheners","article_modified_time":"2026-03-23T14:13:27+00:00","og_image":[{"width":290,"height":791,"url":"https:\/\/elixscent.com\/wp-content\/uploads\/WEBP_Crease_Release_FF_250ml_product_1.0.webp","type":"image\/webp"}],"twitter_card":"summary_large_image","twitter_misc":{"Dur\u00e9e de lecture estim\u00e9e":"1 minute"},"schema":{"@context":"https:\/\/schema.org","@graph":[{"@type":"WebPage","@id":"https:\/\/elixscent.com\/product\/cr250\/","url":"https:\/\/elixscent.com\/product\/cr250\/","name":"Fragrance-Free Crease Releaser 250 ml | Everyday Size","isPartOf":{"@id":"https:\/\/elixscent.com\/#website"},"primaryImageOfPage":{"@id":"https:\/\/elixscent.com\/product\/cr250\/#primaryimage"},"image":{"@id":"https:\/\/elixscent.com\/product\/cr250\/#primaryimage"},"thumbnailUrl":"https:\/\/elixscent.com\/wp-content\/uploads\/WEBP_Crease_Release_FF_250ml_product_1.0.webp","datePublished":"2025-10-08T09:35:46+00:00","dateModified":"2026-03-23T14:13:27+00:00","description":"Odourless crease-release spray in a versatile 250 ml bottle. Quickly relaxes fibres for smooth garments and curtains. Eco-conscious, EU-compliant; no added perfume.","breadcrumb":{"@id":"https:\/\/elixscent.com\/product\/cr250\/#breadcrumb"},"inLanguage":"fr-FR","potentialAction":[{"@type":"ReadAction","target":["https:\/\/elixscent.com\/product\/cr250\/"]}]},{"@type":"ImageObject","inLanguage":"fr-FR","@id":"https:\/\/elixscent.com\/product\/cr250\/#primaryimage","url":"https:\/\/elixscent.com\/wp-content\/uploads\/WEBP_Crease_Release_FF_250ml_product_1.0.webp","contentUrl":"https:\/\/elixscent.com\/wp-content\/uploads\/WEBP_Crease_Release_FF_250ml_product_1.0.webp","width":290,"height":791,"caption":"crease releaser 250 fragrance free"},{"@type":"BreadcrumbList","@id":"https:\/\/elixscent.com\/product\/cr250\/#breadcrumb","itemListElement":[{"@type":"ListItem","position":1,"name":"Home","item":"https:\/\/elixscent.com\/"},{"@type":"ListItem","position":2,"name":"Products","item":"https:\/\/elixscent.com\/product\/"},{"@type":"ListItem","position":3,"name":"Wrinkle &amp; Crease Releasers","item":"https:\/\/elixscent.com\/product-category\/wrinkle-crease-releasers\/"},{"@type":"ListItem","position":4,"name":"Crease Releaser Fragrance Free","item":"https:\/\/elixscent.com\/product-category\/fragrance-free-crease-releaser-eco-allergy-friendly\/"},{"@type":"ListItem","position":5,"name":"Crease Releaser Fragrance Free 250"}]},{"@type":"WebSite","@id":"https:\/\/elixscent.com\/#website","url":"https:\/\/elixscent.com\/","name":"D\u00e9sodorisants ELiX EU","description":"Air &amp; Tissus, Parfaitement frais","publisher":{"@id":"https:\/\/elixscent.com\/#organization"},"potentialAction":[{"@type":"SearchAction","target":{"@type":"EntryPoint","urlTemplate":"https:\/\/elixscent.com\/?s={search_term_string}"},"query-input":{"@type":"PropertyValueSpecification","valueRequired":true,"valueName":"search_term_string"}}],"inLanguage":"fr-FR"},{"@type":"Organization","@id":"https:\/\/elixscent.com\/#organization","name":"Fabricant de d\u00e9sodorisants ELIX","url":"https:\/\/elixscent.com\/","logo":{"@type":"ImageObject","inLanguage":"fr-FR","@id":"https:\/\/elixscent.com\/#\/schema\/logo\/image\/","url":"https:\/\/elixscent.com\/wp-content\/uploads\/elix_logo_1.0-_300.jpg","contentUrl":"https:\/\/elixscent.com\/wp-content\/uploads\/elix_logo_1.0-_300.jpg","width":300,"height":257,"caption":"ELIX air freshener manufacturer"},"image":{"@id":"https:\/\/elixscent.com\/#\/schema\/logo\/image\/"},"sameAs":["https:\/\/www.linkedin.com\/company\/30084929"]}]}},"_links":{"self":[{"href":"https:\/\/elixscent.com\/fr\/wp-json\/wp\/v2\/product\/59273","targetHints":{"allow":["GET"]}}],"collection":[{"href":"https:\/\/elixscent.com\/fr\/wp-json\/wp\/v2\/product"}],"about":[{"href":"https:\/\/elixscent.com\/fr\/wp-json\/wp\/v2\/types\/product"}],"version-history":[{"count":4,"href":"https:\/\/elixscent.com\/fr\/wp-json\/wp\/v2\/product\/59273\/revisions"}],"predecessor-version":[{"id":61057,"href":"https:\/\/elixscent.com\/fr\/wp-json\/wp\/v2\/product\/59273\/revisions\/61057"}],"wp:featuredmedia":[{"embeddable":true,"href":"https:\/\/elixscent.com\/fr\/wp-json\/wp\/v2\/media\/59274"}],"wp:attachment":[{"href":"https:\/\/elixscent.com\/fr\/wp-json\/wp\/v2\/media?parent=59273"}],"curies":[{"name":"wp","href":"https:\/\/api.w.org\/{rel}","templated":true}]}}