{"id":59268,"date":"2025-10-08T09:31:33","date_gmt":"2025-10-08T09:31:33","guid":{"rendered":"https:\/\/elixscent.com\/?post_type=product&#038;p=59268"},"modified":"2026-03-23T14:13:22","modified_gmt":"2026-03-23T14:13:22","slug":"cr75","status":"publish","type":"product","link":"https:\/\/elixscent.com\/fr\/product\/cr75\/","title":{"rendered":"Crease Releaser Sans Parfum 75"},"content":{"rendered":"<div class=\"relative p-1 rounded-sm flex items-center justify-center bg-token-main-surface-primary text-token-text-primary h-8 w-8\">\n<p><strong><em>PAS DE SOLUTION DE REPASSAGE !<\/em><\/strong><\/p>\n<\/div>\n<div>Maintenant en OPTION SANS FRAGRANCE - con\u00e7ue sp\u00e9cialement pour les personnes sensibles aux parfums, afin qu'elles puissent elles aussi profiter de v\u00eatements infroissables. <strong>!<br \/>\n<\/strong><strong><br \/>\n<\/strong>Instruction : Agiter avant utilisation. Vaporiser uniform\u00e9ment le tissu sur toute sa surface, de mani\u00e8re \u00e0 ce qu'il soit humide. Lisser ou \u00e9tirer l\u00e9g\u00e8rement le tissu. Laisser s\u00e9cher. Faire un essai sur une petite partie du tissu avant utilisation.<\/div>\n<p><strong>V\u00e9rifier son fonctionnement : <a href=\"https:\/\/www.youtube.com\/watch?v=JEayzSW_y2s\">Elix Crease Releaser - comment l'utiliser ?<\/a><\/strong><\/p>\n<p>Flacon compact, adapt\u00e9 \u00e0 l'habitacle, pour des retouches rapides n'importe o\u00f9 - d\u00e9froissage rapide et sans parfum, sans odeur trop forte.<\/p>\n<p>75ml<\/p>","protected":false},"featured_media":59269,"parent":0,"menu_order":0,"template":"","class_list":["post-59268","product","type-product","status-publish","has-post-thumbnail","hentry","product_category-amarella_2","product_category-fragrance-free-crease-releaser-eco-allergy-friendly"],"acf":[],"yoast_head":"<!-- This site is optimized with the Yoast SEO Premium plugin v27.4 (Yoast SEO v27.4) - https:\/\/yoast.com\/product\/yoast-seo-premium-wordpress\/ -->\n<title>Fragrance-Free Crease Releaser 75 ml | Travel Size<\/title>\n<meta name=\"description\" content=\"Cabin-friendly, odourless wrinkle spray for shirts and fabrics on the go. Quick fibre relaxation and a tidy finish\u2014no added perfume.\" \/>\n<meta name=\"robots\" content=\"index, follow, max-snippet:-1, max-image-preview:large, max-video-preview:-1\" \/>\n<link rel=\"canonical\" href=\"https:\/\/elixscent.com\/fr\/produit\/cr75\/\" \/>\n<meta property=\"og:locale\" content=\"fr_FR\" \/>\n<meta property=\"og:type\" content=\"article\" \/>\n<meta property=\"og:title\" content=\"Crease Releaser Fragrance Free 75\" \/>\n<meta property=\"og:description\" content=\"Cabin-friendly, odourless wrinkle spray for shirts and fabrics on the go. Quick fibre relaxation and a tidy finish\u2014no added perfume.\" \/>\n<meta property=\"og:url\" content=\"https:\/\/elixscent.com\/fr\/produit\/cr75\/\" \/>\n<meta property=\"og:site_name\" content=\"ELiX EU air fresheners\" \/>\n<meta property=\"article:modified_time\" content=\"2026-03-23T14:13:22+00:00\" \/>\n<meta property=\"og:image\" content=\"https:\/\/elixscent.com\/wp-content\/uploads\/WEBP_Crease_Release_FF_75ml_product_1.0.webp\" \/>\n\t<meta property=\"og:image:width\" content=\"230\" \/>\n\t<meta property=\"og:image:height\" content=\"724\" \/>\n\t<meta property=\"og:image:type\" content=\"image\/webp\" \/>\n<meta name=\"twitter:card\" content=\"summary_large_image\" \/>\n<meta name=\"twitter:label1\" content=\"Dur\u00e9e de lecture estim\u00e9e\" \/>\n\t<meta name=\"twitter:data1\" content=\"1 minute\" \/>\n<script type=\"application\/ld+json\" class=\"yoast-schema-graph\">{\"@context\":\"https:\\\/\\\/schema.org\",\"@graph\":[{\"@type\":\"WebPage\",\"@id\":\"https:\\\/\\\/elixscent.com\\\/product\\\/cr75\\\/\",\"url\":\"https:\\\/\\\/elixscent.com\\\/product\\\/cr75\\\/\",\"name\":\"Fragrance-Free Crease Releaser 75 ml | Travel Size\",\"isPartOf\":{\"@id\":\"https:\\\/\\\/elixscent.com\\\/#website\"},\"primaryImageOfPage\":{\"@id\":\"https:\\\/\\\/elixscent.com\\\/product\\\/cr75\\\/#primaryimage\"},\"image\":{\"@id\":\"https:\\\/\\\/elixscent.com\\\/product\\\/cr75\\\/#primaryimage\"},\"thumbnailUrl\":\"https:\\\/\\\/elixscent.com\\\/wp-content\\\/uploads\\\/WEBP_Crease_Release_FF_75ml_product_1.0.webp\",\"datePublished\":\"2025-10-08T09:31:33+00:00\",\"dateModified\":\"2026-03-23T14:13:22+00:00\",\"description\":\"Cabin-friendly, odourless wrinkle spray for shirts and fabrics on the go. Quick fibre relaxation and a tidy finish\u2014no added perfume.\",\"breadcrumb\":{\"@id\":\"https:\\\/\\\/elixscent.com\\\/product\\\/cr75\\\/#breadcrumb\"},\"inLanguage\":\"fr-FR\",\"potentialAction\":[{\"@type\":\"ReadAction\",\"target\":[\"https:\\\/\\\/elixscent.com\\\/product\\\/cr75\\\/\"]}]},{\"@type\":\"ImageObject\",\"inLanguage\":\"fr-FR\",\"@id\":\"https:\\\/\\\/elixscent.com\\\/product\\\/cr75\\\/#primaryimage\",\"url\":\"https:\\\/\\\/elixscent.com\\\/wp-content\\\/uploads\\\/WEBP_Crease_Release_FF_75ml_product_1.0.webp\",\"contentUrl\":\"https:\\\/\\\/elixscent.com\\\/wp-content\\\/uploads\\\/WEBP_Crease_Release_FF_75ml_product_1.0.webp\",\"width\":230,\"height\":724,\"caption\":\"crease releaser Fragrance free 75\"},{\"@type\":\"BreadcrumbList\",\"@id\":\"https:\\\/\\\/elixscent.com\\\/product\\\/cr75\\\/#breadcrumb\",\"itemListElement\":[{\"@type\":\"ListItem\",\"position\":1,\"name\":\"Home\",\"item\":\"https:\\\/\\\/elixscent.com\\\/\"},{\"@type\":\"ListItem\",\"position\":2,\"name\":\"Products\",\"item\":\"https:\\\/\\\/elixscent.com\\\/product\\\/\"},{\"@type\":\"ListItem\",\"position\":3,\"name\":\"Wrinkle &amp; Crease Releasers\",\"item\":\"https:\\\/\\\/elixscent.com\\\/product-category\\\/wrinkle-crease-releasers\\\/\"},{\"@type\":\"ListItem\",\"position\":4,\"name\":\"Crease Releaser Fragrance Free\",\"item\":\"https:\\\/\\\/elixscent.com\\\/product-category\\\/fragrance-free-crease-releaser-eco-allergy-friendly\\\/\"},{\"@type\":\"ListItem\",\"position\":5,\"name\":\"Crease Releaser Fragrance Free 75\"}]},{\"@type\":\"WebSite\",\"@id\":\"https:\\\/\\\/elixscent.com\\\/#website\",\"url\":\"https:\\\/\\\/elixscent.com\\\/\",\"name\":\"ELiX EU air fresheners\",\"description\":\"Air &amp; Fabric, Perfectly Fresh\",\"publisher\":{\"@id\":\"https:\\\/\\\/elixscent.com\\\/#organization\"},\"potentialAction\":[{\"@type\":\"SearchAction\",\"target\":{\"@type\":\"EntryPoint\",\"urlTemplate\":\"https:\\\/\\\/elixscent.com\\\/?s={search_term_string}\"},\"query-input\":{\"@type\":\"PropertyValueSpecification\",\"valueRequired\":true,\"valueName\":\"search_term_string\"}}],\"inLanguage\":\"fr-FR\"},{\"@type\":\"Organization\",\"@id\":\"https:\\\/\\\/elixscent.com\\\/#organization\",\"name\":\"ELIX air freshener manufacturer\",\"url\":\"https:\\\/\\\/elixscent.com\\\/\",\"logo\":{\"@type\":\"ImageObject\",\"inLanguage\":\"fr-FR\",\"@id\":\"https:\\\/\\\/elixscent.com\\\/#\\\/schema\\\/logo\\\/image\\\/\",\"url\":\"https:\\\/\\\/elixscent.com\\\/wp-content\\\/uploads\\\/elix_logo_1.0-_300.jpg\",\"contentUrl\":\"https:\\\/\\\/elixscent.com\\\/wp-content\\\/uploads\\\/elix_logo_1.0-_300.jpg\",\"width\":300,\"height\":257,\"caption\":\"ELIX air freshener manufacturer\"},\"image\":{\"@id\":\"https:\\\/\\\/elixscent.com\\\/#\\\/schema\\\/logo\\\/image\\\/\"},\"sameAs\":[\"https:\\\/\\\/www.linkedin.com\\\/company\\\/30084929\"]}]}<\/script>\n<!-- \/ Yoast SEO Premium plugin. -->","yoast_head_json":{"title":"Lib\u00e9rateur de plis sans parfum 75 ml | Travel Size","description":"Spray anti-froissement inodore et agr\u00e9able \u00e0 utiliser en cabine pour les chemises et les tissus en d\u00e9placement. D\u00e9tente rapide des fibres et finition soign\u00e9e, sans parfum ajout\u00e9.","robots":{"index":"index","follow":"follow","max-snippet":"max-snippet:-1","max-image-preview":"max-image-preview:large","max-video-preview":"max-video-preview:-1"},"canonical":"https:\/\/elixscent.com\/fr\/produit\/cr75\/","og_locale":"fr_FR","og_type":"article","og_title":"Crease Releaser Fragrance Free 75","og_description":"Cabin-friendly, odourless wrinkle spray for shirts and fabrics on the go. Quick fibre relaxation and a tidy finish\u2014no added perfume.","og_url":"https:\/\/elixscent.com\/fr\/produit\/cr75\/","og_site_name":"ELiX EU air fresheners","article_modified_time":"2026-03-23T14:13:22+00:00","og_image":[{"width":230,"height":724,"url":"https:\/\/elixscent.com\/wp-content\/uploads\/WEBP_Crease_Release_FF_75ml_product_1.0.webp","type":"image\/webp"}],"twitter_card":"summary_large_image","twitter_misc":{"Dur\u00e9e de lecture estim\u00e9e":"1 minute"},"schema":{"@context":"https:\/\/schema.org","@graph":[{"@type":"WebPage","@id":"https:\/\/elixscent.com\/product\/cr75\/","url":"https:\/\/elixscent.com\/product\/cr75\/","name":"Lib\u00e9rateur de plis sans parfum 75 ml | Travel Size","isPartOf":{"@id":"https:\/\/elixscent.com\/#website"},"primaryImageOfPage":{"@id":"https:\/\/elixscent.com\/product\/cr75\/#primaryimage"},"image":{"@id":"https:\/\/elixscent.com\/product\/cr75\/#primaryimage"},"thumbnailUrl":"https:\/\/elixscent.com\/wp-content\/uploads\/WEBP_Crease_Release_FF_75ml_product_1.0.webp","datePublished":"2025-10-08T09:31:33+00:00","dateModified":"2026-03-23T14:13:22+00:00","description":"Spray anti-froissement inodore et agr\u00e9able \u00e0 utiliser en cabine pour les chemises et les tissus en d\u00e9placement. D\u00e9tente rapide des fibres et finition soign\u00e9e, sans parfum ajout\u00e9.","breadcrumb":{"@id":"https:\/\/elixscent.com\/product\/cr75\/#breadcrumb"},"inLanguage":"fr-FR","potentialAction":[{"@type":"ReadAction","target":["https:\/\/elixscent.com\/product\/cr75\/"]}]},{"@type":"ImageObject","inLanguage":"fr-FR","@id":"https:\/\/elixscent.com\/product\/cr75\/#primaryimage","url":"https:\/\/elixscent.com\/wp-content\/uploads\/WEBP_Crease_Release_FF_75ml_product_1.0.webp","contentUrl":"https:\/\/elixscent.com\/wp-content\/uploads\/WEBP_Crease_Release_FF_75ml_product_1.0.webp","width":230,"height":724,"caption":"crease releaser Fragrance free 75"},{"@type":"BreadcrumbList","@id":"https:\/\/elixscent.com\/product\/cr75\/#breadcrumb","itemListElement":[{"@type":"ListItem","position":1,"name":"Home","item":"https:\/\/elixscent.com\/"},{"@type":"ListItem","position":2,"name":"Products","item":"https:\/\/elixscent.com\/product\/"},{"@type":"ListItem","position":3,"name":"Wrinkle &amp; Crease Releasers","item":"https:\/\/elixscent.com\/product-category\/wrinkle-crease-releasers\/"},{"@type":"ListItem","position":4,"name":"Crease Releaser Fragrance Free","item":"https:\/\/elixscent.com\/product-category\/fragrance-free-crease-releaser-eco-allergy-friendly\/"},{"@type":"ListItem","position":5,"name":"Crease Releaser Fragrance Free 75"}]},{"@type":"WebSite","@id":"https:\/\/elixscent.com\/#website","url":"https:\/\/elixscent.com\/","name":"D\u00e9sodorisants ELiX EU","description":"Air &amp; Tissus, Parfaitement frais","publisher":{"@id":"https:\/\/elixscent.com\/#organization"},"potentialAction":[{"@type":"SearchAction","target":{"@type":"EntryPoint","urlTemplate":"https:\/\/elixscent.com\/?s={search_term_string}"},"query-input":{"@type":"PropertyValueSpecification","valueRequired":true,"valueName":"search_term_string"}}],"inLanguage":"fr-FR"},{"@type":"Organization","@id":"https:\/\/elixscent.com\/#organization","name":"Fabricant de d\u00e9sodorisants ELIX","url":"https:\/\/elixscent.com\/","logo":{"@type":"ImageObject","inLanguage":"fr-FR","@id":"https:\/\/elixscent.com\/#\/schema\/logo\/image\/","url":"https:\/\/elixscent.com\/wp-content\/uploads\/elix_logo_1.0-_300.jpg","contentUrl":"https:\/\/elixscent.com\/wp-content\/uploads\/elix_logo_1.0-_300.jpg","width":300,"height":257,"caption":"ELIX air freshener manufacturer"},"image":{"@id":"https:\/\/elixscent.com\/#\/schema\/logo\/image\/"},"sameAs":["https:\/\/www.linkedin.com\/company\/30084929"]}]}},"_links":{"self":[{"href":"https:\/\/elixscent.com\/fr\/wp-json\/wp\/v2\/product\/59268","targetHints":{"allow":["GET"]}}],"collection":[{"href":"https:\/\/elixscent.com\/fr\/wp-json\/wp\/v2\/product"}],"about":[{"href":"https:\/\/elixscent.com\/fr\/wp-json\/wp\/v2\/types\/product"}],"version-history":[{"count":5,"href":"https:\/\/elixscent.com\/fr\/wp-json\/wp\/v2\/product\/59268\/revisions"}],"predecessor-version":[{"id":61056,"href":"https:\/\/elixscent.com\/fr\/wp-json\/wp\/v2\/product\/59268\/revisions\/61056"}],"wp:featuredmedia":[{"embeddable":true,"href":"https:\/\/elixscent.com\/fr\/wp-json\/wp\/v2\/media\/59269"}],"wp:attachment":[{"href":"https:\/\/elixscent.com\/fr\/wp-json\/wp\/v2\/media?parent=59268"}],"curies":[{"name":"wp","href":"https:\/\/api.w.org\/{rel}","templated":true}]}}