{"id":59261,"date":"2025-10-08T06:59:43","date_gmt":"2025-10-08T06:59:43","guid":{"rendered":"https:\/\/elixscent.com\/?post_type=product&#038;p=59261"},"modified":"2025-11-03T14:03:17","modified_gmt":"2025-11-03T14:03:17","slug":"vc","status":"publish","type":"product","link":"https:\/\/elixscent.com\/fr\/product\/vc\/","title":{"rendered":"Accueil Parfums Vanille et Caramel"},"content":{"rendered":"<p>Avec son design \u00e9l\u00e9gant, le flacon en verre de 100 ml respire la sophistication et rehausse sans effort l'esth\u00e9tique de votre int\u00e9rieur. L'emballage comprend un ensemble de b\u00e2tonnets de roseaux de haute qualit\u00e9, soigneusement con\u00e7us pour maximiser la diffusion de la senteur, pour une exp\u00e9rience coh\u00e9rente et d\u00e9licieuse.<\/p>\n<p><span id=\"span-23-132\" class=\"ct-span oxy-stock-content-styles\"><em>&gt;&gt; Si vous voulez acheter, visitez notre magasin :<\/em> <a class=\"_ps2id\" href=\"https:\/\/airfresh24.com\/products\/shop\/home-perfume-100\/\" data-ps2id-offset=\"\"><strong>www.airfresh24.com<\/strong><\/a><\/span><\/p>","protected":false},"featured_media":59262,"parent":0,"menu_order":0,"template":"","class_list":["post-59261","product","type-product","status-publish","has-post-thumbnail","hentry","product_category-hp100","product_category-home"],"acf":[],"yoast_head":"<!-- This site is optimized with the Yoast SEO Premium plugin v27.4 (Yoast SEO v27.4) - https:\/\/yoast.com\/product\/yoast-seo-premium-wordpress\/ -->\n<title>Home Perfume Vanilla &amp; Caramel - ELiX EU air fresheners<\/title>\n<meta name=\"description\" content=\"With its elegant design, the 100ml glass bottle exudes sophistication, effortlessly enhancing the aesthetics of your home decor. The package includes a set of high-quality reed sticks, carefully designed to maximize scent diffusion for a consistent and delightful experience.\" \/>\n<meta name=\"robots\" content=\"index, follow, max-snippet:-1, max-image-preview:large, max-video-preview:-1\" \/>\n<link rel=\"canonical\" href=\"https:\/\/elixscent.com\/fr\/produit\/vc\/\" \/>\n<meta property=\"og:locale\" content=\"fr_FR\" \/>\n<meta property=\"og:type\" content=\"article\" \/>\n<meta property=\"og:title\" content=\"Home Perfume Vanilla &amp; Caramel\" \/>\n<meta property=\"og:description\" content=\"With its elegant design, the 100ml glass bottle exudes sophistication, effortlessly enhancing the aesthetics of your home decor. The package includes a set of high-quality reed sticks, carefully designed to maximize scent diffusion for a consistent and delightful experience.\" \/>\n<meta property=\"og:url\" content=\"https:\/\/elixscent.com\/fr\/produit\/vc\/\" \/>\n<meta property=\"og:site_name\" content=\"ELiX EU air fresheners\" \/>\n<meta property=\"article:modified_time\" content=\"2025-11-03T14:03:17+00:00\" \/>\n<meta property=\"og:image\" content=\"https:\/\/elixscent.com\/wp-content\/uploads\/WEBP_RF100_caramelvanilla_1.0-scaled.webp\" \/>\n\t<meta property=\"og:image:width\" content=\"2560\" \/>\n\t<meta property=\"og:image:height\" content=\"2560\" \/>\n\t<meta property=\"og:image:type\" content=\"image\/webp\" \/>\n<meta name=\"twitter:card\" content=\"summary_large_image\" \/>\n<meta name=\"twitter:label1\" content=\"Dur\u00e9e de lecture estim\u00e9e\" \/>\n\t<meta name=\"twitter:data1\" content=\"1 minute\" \/>\n<script type=\"application\/ld+json\" class=\"yoast-schema-graph\">{\"@context\":\"https:\\\/\\\/schema.org\",\"@graph\":[{\"@type\":\"WebPage\",\"@id\":\"https:\\\/\\\/elixscent.com\\\/product\\\/vc\\\/\",\"url\":\"https:\\\/\\\/elixscent.com\\\/product\\\/vc\\\/\",\"name\":\"Home Perfume Vanilla & Caramel - ELiX EU air fresheners\",\"isPartOf\":{\"@id\":\"https:\\\/\\\/elixscent.com\\\/#website\"},\"primaryImageOfPage\":{\"@id\":\"https:\\\/\\\/elixscent.com\\\/product\\\/vc\\\/#primaryimage\"},\"image\":{\"@id\":\"https:\\\/\\\/elixscent.com\\\/product\\\/vc\\\/#primaryimage\"},\"thumbnailUrl\":\"https:\\\/\\\/elixscent.com\\\/wp-content\\\/uploads\\\/WEBP_RF100_caramelvanilla_1.0-scaled.webp\",\"datePublished\":\"2025-10-08T06:59:43+00:00\",\"dateModified\":\"2025-11-03T14:03:17+00:00\",\"description\":\"With its elegant design, the 100ml glass bottle exudes sophistication, effortlessly enhancing the aesthetics of your home decor. The package includes a set of high-quality reed sticks, carefully designed to maximize scent diffusion for a consistent and delightful experience.\",\"breadcrumb\":{\"@id\":\"https:\\\/\\\/elixscent.com\\\/product\\\/vc\\\/#breadcrumb\"},\"inLanguage\":\"fr-FR\",\"potentialAction\":[{\"@type\":\"ReadAction\",\"target\":[\"https:\\\/\\\/elixscent.com\\\/product\\\/vc\\\/\"]}]},{\"@type\":\"ImageObject\",\"inLanguage\":\"fr-FR\",\"@id\":\"https:\\\/\\\/elixscent.com\\\/product\\\/vc\\\/#primaryimage\",\"url\":\"https:\\\/\\\/elixscent.com\\\/wp-content\\\/uploads\\\/WEBP_RF100_caramelvanilla_1.0-scaled.webp\",\"contentUrl\":\"https:\\\/\\\/elixscent.com\\\/wp-content\\\/uploads\\\/WEBP_RF100_caramelvanilla_1.0-scaled.webp\",\"width\":2560,\"height\":2560,\"caption\":\"home air freshener reed diffuser\"},{\"@type\":\"BreadcrumbList\",\"@id\":\"https:\\\/\\\/elixscent.com\\\/product\\\/vc\\\/#breadcrumb\",\"itemListElement\":[{\"@type\":\"ListItem\",\"position\":1,\"name\":\"Home\",\"item\":\"https:\\\/\\\/elixscent.com\\\/\"},{\"@type\":\"ListItem\",\"position\":2,\"name\":\"Products\",\"item\":\"https:\\\/\\\/elixscent.com\\\/product\\\/\"},{\"@type\":\"ListItem\",\"position\":3,\"name\":\"HOME PERFUME\",\"item\":\"https:\\\/\\\/elixscent.com\\\/product-category\\\/home\\\/\"},{\"@type\":\"ListItem\",\"position\":4,\"name\":\"Home Perfume Vanilla &#038; Caramel\"}]},{\"@type\":\"WebSite\",\"@id\":\"https:\\\/\\\/elixscent.com\\\/#website\",\"url\":\"https:\\\/\\\/elixscent.com\\\/\",\"name\":\"ELiX EU air fresheners\",\"description\":\"Air &amp; Fabric, Perfectly Fresh\",\"publisher\":{\"@id\":\"https:\\\/\\\/elixscent.com\\\/#organization\"},\"potentialAction\":[{\"@type\":\"SearchAction\",\"target\":{\"@type\":\"EntryPoint\",\"urlTemplate\":\"https:\\\/\\\/elixscent.com\\\/?s={search_term_string}\"},\"query-input\":{\"@type\":\"PropertyValueSpecification\",\"valueRequired\":true,\"valueName\":\"search_term_string\"}}],\"inLanguage\":\"fr-FR\"},{\"@type\":\"Organization\",\"@id\":\"https:\\\/\\\/elixscent.com\\\/#organization\",\"name\":\"ELIX air freshener manufacturer\",\"url\":\"https:\\\/\\\/elixscent.com\\\/\",\"logo\":{\"@type\":\"ImageObject\",\"inLanguage\":\"fr-FR\",\"@id\":\"https:\\\/\\\/elixscent.com\\\/#\\\/schema\\\/logo\\\/image\\\/\",\"url\":\"https:\\\/\\\/elixscent.com\\\/wp-content\\\/uploads\\\/elix_logo_1.0-_300.jpg\",\"contentUrl\":\"https:\\\/\\\/elixscent.com\\\/wp-content\\\/uploads\\\/elix_logo_1.0-_300.jpg\",\"width\":300,\"height\":257,\"caption\":\"ELIX air freshener manufacturer\"},\"image\":{\"@id\":\"https:\\\/\\\/elixscent.com\\\/#\\\/schema\\\/logo\\\/image\\\/\"},\"sameAs\":[\"https:\\\/\\\/www.linkedin.com\\\/company\\\/30084929\"]}]}<\/script>\n<!-- \/ Yoast SEO Premium plugin. -->","yoast_head_json":{"title":"Home Parfum Vanilla &amp; Caramel - ELiX EU d\u00e9sodorisants d'int\u00e9rieur","description":"Avec son design \u00e9l\u00e9gant, le flacon en verre de 100 ml respire la sophistication et rehausse sans effort l'esth\u00e9tique de votre int\u00e9rieur. L'emballage comprend un ensemble de b\u00e2tonnets de roseaux de haute qualit\u00e9, soigneusement con\u00e7us pour maximiser la diffusion de la senteur, pour une exp\u00e9rience coh\u00e9rente et d\u00e9licieuse.","robots":{"index":"index","follow":"follow","max-snippet":"max-snippet:-1","max-image-preview":"max-image-preview:large","max-video-preview":"max-video-preview:-1"},"canonical":"https:\/\/elixscent.com\/fr\/produit\/vc\/","og_locale":"fr_FR","og_type":"article","og_title":"Home Perfume Vanilla & Caramel","og_description":"With its elegant design, the 100ml glass bottle exudes sophistication, effortlessly enhancing the aesthetics of your home decor. The package includes a set of high-quality reed sticks, carefully designed to maximize scent diffusion for a consistent and delightful experience.","og_url":"https:\/\/elixscent.com\/fr\/produit\/vc\/","og_site_name":"ELiX EU air fresheners","article_modified_time":"2025-11-03T14:03:17+00:00","og_image":[{"width":2560,"height":2560,"url":"https:\/\/elixscent.com\/wp-content\/uploads\/WEBP_RF100_caramelvanilla_1.0-scaled.webp","type":"image\/webp"}],"twitter_card":"summary_large_image","twitter_misc":{"Dur\u00e9e de lecture estim\u00e9e":"1 minute"},"schema":{"@context":"https:\/\/schema.org","@graph":[{"@type":"WebPage","@id":"https:\/\/elixscent.com\/product\/vc\/","url":"https:\/\/elixscent.com\/product\/vc\/","name":"Home Parfum Vanilla &amp; Caramel - ELiX EU d\u00e9sodorisants d'int\u00e9rieur","isPartOf":{"@id":"https:\/\/elixscent.com\/#website"},"primaryImageOfPage":{"@id":"https:\/\/elixscent.com\/product\/vc\/#primaryimage"},"image":{"@id":"https:\/\/elixscent.com\/product\/vc\/#primaryimage"},"thumbnailUrl":"https:\/\/elixscent.com\/wp-content\/uploads\/WEBP_RF100_caramelvanilla_1.0-scaled.webp","datePublished":"2025-10-08T06:59:43+00:00","dateModified":"2025-11-03T14:03:17+00:00","description":"Avec son design \u00e9l\u00e9gant, le flacon en verre de 100 ml respire la sophistication et rehausse sans effort l'esth\u00e9tique de votre int\u00e9rieur. L'emballage comprend un ensemble de b\u00e2tonnets de roseaux de haute qualit\u00e9, soigneusement con\u00e7us pour maximiser la diffusion de la senteur, pour une exp\u00e9rience coh\u00e9rente et d\u00e9licieuse.","breadcrumb":{"@id":"https:\/\/elixscent.com\/product\/vc\/#breadcrumb"},"inLanguage":"fr-FR","potentialAction":[{"@type":"ReadAction","target":["https:\/\/elixscent.com\/product\/vc\/"]}]},{"@type":"ImageObject","inLanguage":"fr-FR","@id":"https:\/\/elixscent.com\/product\/vc\/#primaryimage","url":"https:\/\/elixscent.com\/wp-content\/uploads\/WEBP_RF100_caramelvanilla_1.0-scaled.webp","contentUrl":"https:\/\/elixscent.com\/wp-content\/uploads\/WEBP_RF100_caramelvanilla_1.0-scaled.webp","width":2560,"height":2560,"caption":"home air freshener reed diffuser"},{"@type":"BreadcrumbList","@id":"https:\/\/elixscent.com\/product\/vc\/#breadcrumb","itemListElement":[{"@type":"ListItem","position":1,"name":"Home","item":"https:\/\/elixscent.com\/"},{"@type":"ListItem","position":2,"name":"Products","item":"https:\/\/elixscent.com\/product\/"},{"@type":"ListItem","position":3,"name":"HOME PERFUME","item":"https:\/\/elixscent.com\/product-category\/home\/"},{"@type":"ListItem","position":4,"name":"Home Perfume Vanilla &#038; Caramel"}]},{"@type":"WebSite","@id":"https:\/\/elixscent.com\/#website","url":"https:\/\/elixscent.com\/","name":"D\u00e9sodorisants ELiX EU","description":"Air &amp; Tissus, Parfaitement frais","publisher":{"@id":"https:\/\/elixscent.com\/#organization"},"potentialAction":[{"@type":"SearchAction","target":{"@type":"EntryPoint","urlTemplate":"https:\/\/elixscent.com\/?s={search_term_string}"},"query-input":{"@type":"PropertyValueSpecification","valueRequired":true,"valueName":"search_term_string"}}],"inLanguage":"fr-FR"},{"@type":"Organization","@id":"https:\/\/elixscent.com\/#organization","name":"Fabricant de d\u00e9sodorisants ELIX","url":"https:\/\/elixscent.com\/","logo":{"@type":"ImageObject","inLanguage":"fr-FR","@id":"https:\/\/elixscent.com\/#\/schema\/logo\/image\/","url":"https:\/\/elixscent.com\/wp-content\/uploads\/elix_logo_1.0-_300.jpg","contentUrl":"https:\/\/elixscent.com\/wp-content\/uploads\/elix_logo_1.0-_300.jpg","width":300,"height":257,"caption":"ELIX air freshener manufacturer"},"image":{"@id":"https:\/\/elixscent.com\/#\/schema\/logo\/image\/"},"sameAs":["https:\/\/www.linkedin.com\/company\/30084929"]}]}},"_links":{"self":[{"href":"https:\/\/elixscent.com\/fr\/wp-json\/wp\/v2\/product\/59261","targetHints":{"allow":["GET"]}}],"collection":[{"href":"https:\/\/elixscent.com\/fr\/wp-json\/wp\/v2\/product"}],"about":[{"href":"https:\/\/elixscent.com\/fr\/wp-json\/wp\/v2\/types\/product"}],"version-history":[{"count":4,"href":"https:\/\/elixscent.com\/fr\/wp-json\/wp\/v2\/product\/59261\/revisions"}],"predecessor-version":[{"id":60752,"href":"https:\/\/elixscent.com\/fr\/wp-json\/wp\/v2\/product\/59261\/revisions\/60752"}],"wp:featuredmedia":[{"embeddable":true,"href":"https:\/\/elixscent.com\/fr\/wp-json\/wp\/v2\/media\/59262"}],"wp:attachment":[{"href":"https:\/\/elixscent.com\/fr\/wp-json\/wp\/v2\/media?parent=59261"}],"curies":[{"name":"wp","href":"https:\/\/api.w.org\/{rel}","templated":true}]}}