{"id":58006,"date":"2025-06-10T11:46:03","date_gmt":"2025-06-10T11:46:03","guid":{"rendered":"https:\/\/elixscent.com\/?post_type=product&#038;p=58006"},"modified":"2026-01-20T13:20:58","modified_gmt":"2026-01-20T13:20:58","slug":"bonde-paper-car-perfume-essenza","status":"publish","type":"product","link":"https:\/\/elixscent.com\/fr\/product\/bonde-paper-car-perfume-essenza\/","title":{"rendered":"BOND\u00c9 Paper Car Parfum Essenza di Yes"},"content":{"rendered":"<h2 data-start=\"0\" data-end=\"62\">Essenza di Yes (inspir\u00e9 par <em data-start=\"39\" data-end=\"43\">S\u00ec<\/em> de Giorgio Armani)<\/h2>\n<p data-start=\"64\" data-end=\"482\"><strong data-start=\"64\" data-end=\"82\">Essence de Oui<\/strong> est une signature \u00e9l\u00e9gante et f\u00e9minine qui s'articule autour d'un c\u0153ur floral fruit\u00e9 raffin\u00e9 et d'un fond velout\u00e9 qui cr\u00e9e une douce d\u00e9pendance. Il s'ouvre sur une note fruit\u00e9e brillante et moderne, plus raffin\u00e9e que sucr\u00e9e, puis s'\u00e9panouit en un bouquet onctueux \u00e0 l'\u00e9clat subtilement romantique. Lorsqu'il s'installe, la vanille chaude et les bois doux enveloppent l'espace d'un sillage sophistiqu\u00e9 et durable, chic, confiant et d'un \u201coui\u201d sans effort.<\/p>\n<p data-start=\"484\" data-end=\"612\"><em data-start=\"484\" data-end=\"612\">Inspir\u00e9 par les parfums list\u00e9s ci-dessus, BONDE n'est pas affili\u00e9, endoss\u00e9 ou connect\u00e9 au propri\u00e9taire respectif de la marque.<\/em><\/p>\n<p data-start=\"484\" data-end=\"612\">\n<ul>\n<li data-start=\"1703\" data-end=\"1835\">\n<p data-start=\"1706\" data-end=\"1835\"><strong data-start=\"1706\" data-end=\"1740\">Quelle est l'odeur de l'Essenza di Yes ?<\/strong> Un d\u00e9part fruit\u00e9 raffin\u00e9, des fleurs \u00e9l\u00e9gantes au c\u0153ur et un fond cr\u00e9meux de vanille et de bois.<\/p>\n<\/li>\n<li data-start=\"1836\" data-end=\"1988\" data-is-last-node=\"\">\n<p data-start=\"1839\" data-end=\"1988\" data-is-last-node=\"\"><strong data-start=\"1839\" data-end=\"1880\">Est-il inspir\u00e9 d'un parfum de cr\u00e9ateur ?<\/strong> Oui, cette version BONDE s'inspire de la fragrance r\u00e9f\u00e9renc\u00e9e pour une exp\u00e9rience haut de gamme, digne d'une parfumerie.<\/p>\n<\/li>\n<\/ul>","protected":false},"featured_media":60294,"parent":0,"menu_order":0,"template":"","class_list":["post-58006","product","type-product","status-publish","has-post-thumbnail","hentry","product_category-bonde","product_category-perfumery_inspired"],"acf":[],"yoast_head":"<!-- This site is optimized with the Yoast SEO Premium plugin v27.2 (Yoast SEO v27.4) - https:\/\/yoast.com\/product\/yoast-seo-premium-wordpress\/ -->\n<title>Essenza di Yes BONDE | Luxury Paper Air Freshener<\/title>\n<meta name=\"description\" content=\"BONDE Essenza di Yes: a luxury paper air freshener inspired by S\u00ec Armani. Fruity-floral elegance with creamy vanilla and smooth woods.\" \/>\n<meta name=\"robots\" content=\"index, follow, max-snippet:-1, max-image-preview:large, max-video-preview:-1\" \/>\n<link rel=\"canonical\" href=\"https:\/\/elixscent.com\/fr\/produit\/bonde-paper-car-perfume-essenza\/\" \/>\n<meta property=\"og:locale\" content=\"fr_FR\" \/>\n<meta property=\"og:type\" content=\"article\" \/>\n<meta property=\"og:title\" content=\"BOND\u00c9 Paper Car Perfume Essenza di Yes\" \/>\n<meta property=\"og:description\" content=\"BONDE Essenza di Yes: a luxury paper air freshener inspired by S\u00ec Armani. Fruity-floral elegance with creamy vanilla and smooth woods.\" \/>\n<meta property=\"og:url\" content=\"https:\/\/elixscent.com\/fr\/produit\/bonde-paper-car-perfume-essenza\/\" \/>\n<meta property=\"og:site_name\" content=\"ELiX EU air fresheners\" \/>\n<meta property=\"article:modified_time\" content=\"2026-01-20T13:20:58+00:00\" \/>\n<meta property=\"og:image\" content=\"https:\/\/elixscent.com\/wp-content\/uploads\/WEBP_BONDE_essenza_di_yes_1.0-scaled.webp\" \/>\n\t<meta property=\"og:image:width\" content=\"2560\" \/>\n\t<meta property=\"og:image:height\" content=\"2560\" \/>\n\t<meta property=\"og:image:type\" content=\"image\/webp\" \/>\n<meta name=\"twitter:card\" content=\"summary_large_image\" \/>\n<meta name=\"twitter:label1\" content=\"Dur\u00e9e de lecture estim\u00e9e\" \/>\n\t<meta name=\"twitter:data1\" content=\"2 minutes\" \/>\n<script type=\"application\/ld+json\" class=\"yoast-schema-graph\">{\"@context\":\"https:\\\/\\\/schema.org\",\"@graph\":[{\"@type\":\"WebPage\",\"@id\":\"https:\\\/\\\/elixscent.com\\\/product\\\/bonde-paper-car-perfume-essenza\\\/\",\"url\":\"https:\\\/\\\/elixscent.com\\\/product\\\/bonde-paper-car-perfume-essenza\\\/\",\"name\":\"Essenza di Yes BONDE | Luxury Paper Air Freshener\",\"isPartOf\":{\"@id\":\"https:\\\/\\\/elixscent.com\\\/#website\"},\"primaryImageOfPage\":{\"@id\":\"https:\\\/\\\/elixscent.com\\\/product\\\/bonde-paper-car-perfume-essenza\\\/#primaryimage\"},\"image\":{\"@id\":\"https:\\\/\\\/elixscent.com\\\/product\\\/bonde-paper-car-perfume-essenza\\\/#primaryimage\"},\"thumbnailUrl\":\"https:\\\/\\\/elixscent.com\\\/wp-content\\\/uploads\\\/WEBP_BONDE_essenza_di_yes_1.0-scaled.webp\",\"datePublished\":\"2025-06-10T11:46:03+00:00\",\"dateModified\":\"2026-01-20T13:20:58+00:00\",\"description\":\"BONDE Essenza di Yes: a luxury paper air freshener inspired by S\u00ec Armani. Fruity-floral elegance with creamy vanilla and smooth woods.\",\"breadcrumb\":{\"@id\":\"https:\\\/\\\/elixscent.com\\\/product\\\/bonde-paper-car-perfume-essenza\\\/#breadcrumb\"},\"inLanguage\":\"fr-FR\",\"potentialAction\":[{\"@type\":\"ReadAction\",\"target\":[\"https:\\\/\\\/elixscent.com\\\/product\\\/bonde-paper-car-perfume-essenza\\\/\"]}]},{\"@type\":\"ImageObject\",\"inLanguage\":\"fr-FR\",\"@id\":\"https:\\\/\\\/elixscent.com\\\/product\\\/bonde-paper-car-perfume-essenza\\\/#primaryimage\",\"url\":\"https:\\\/\\\/elixscent.com\\\/wp-content\\\/uploads\\\/WEBP_BONDE_essenza_di_yes_1.0-scaled.webp\",\"contentUrl\":\"https:\\\/\\\/elixscent.com\\\/wp-content\\\/uploads\\\/WEBP_BONDE_essenza_di_yes_1.0-scaled.webp\",\"width\":2560,\"height\":2560,\"caption\":\"BONDE Essenza di Yes luxury paper air freshener \u2013 fruity floral vanilla woods inspired scent\"},{\"@type\":\"BreadcrumbList\",\"@id\":\"https:\\\/\\\/elixscent.com\\\/product\\\/bonde-paper-car-perfume-essenza\\\/#breadcrumb\",\"itemListElement\":[{\"@type\":\"ListItem\",\"position\":1,\"name\":\"Home\",\"item\":\"https:\\\/\\\/elixscent.com\\\/\"},{\"@type\":\"ListItem\",\"position\":2,\"name\":\"Products\",\"item\":\"https:\\\/\\\/elixscent.com\\\/product\\\/\"},{\"@type\":\"ListItem\",\"position\":3,\"name\":\"Perfumery-Inspired\",\"item\":\"https:\\\/\\\/elixscent.com\\\/product-category\\\/perfumery_inspired\\\/\"},{\"@type\":\"ListItem\",\"position\":4,\"name\":\"BOND\u00c9 Paper Car Perfume\",\"item\":\"https:\\\/\\\/elixscent.com\\\/product-category\\\/bonde\\\/\"},{\"@type\":\"ListItem\",\"position\":5,\"name\":\"BOND\u00c9 Paper Car Perfume Essenza di Yes\"}]},{\"@type\":\"WebSite\",\"@id\":\"https:\\\/\\\/elixscent.com\\\/#website\",\"url\":\"https:\\\/\\\/elixscent.com\\\/\",\"name\":\"ELiX EU air fresheners\",\"description\":\"Air &amp; Fabric, Perfectly Fresh\",\"publisher\":{\"@id\":\"https:\\\/\\\/elixscent.com\\\/#organization\"},\"potentialAction\":[{\"@type\":\"SearchAction\",\"target\":{\"@type\":\"EntryPoint\",\"urlTemplate\":\"https:\\\/\\\/elixscent.com\\\/?s={search_term_string}\"},\"query-input\":{\"@type\":\"PropertyValueSpecification\",\"valueRequired\":true,\"valueName\":\"search_term_string\"}}],\"inLanguage\":\"fr-FR\"},{\"@type\":\"Organization\",\"@id\":\"https:\\\/\\\/elixscent.com\\\/#organization\",\"name\":\"ELIX air freshener manufacturer\",\"url\":\"https:\\\/\\\/elixscent.com\\\/\",\"logo\":{\"@type\":\"ImageObject\",\"inLanguage\":\"fr-FR\",\"@id\":\"https:\\\/\\\/elixscent.com\\\/#\\\/schema\\\/logo\\\/image\\\/\",\"url\":\"https:\\\/\\\/elixscent.com\\\/wp-content\\\/uploads\\\/elix_logo_1.0-_300.jpg\",\"contentUrl\":\"https:\\\/\\\/elixscent.com\\\/wp-content\\\/uploads\\\/elix_logo_1.0-_300.jpg\",\"width\":300,\"height\":257,\"caption\":\"ELIX air freshener manufacturer\"},\"image\":{\"@id\":\"https:\\\/\\\/elixscent.com\\\/#\\\/schema\\\/logo\\\/image\\\/\"},\"sameAs\":[\"https:\\\/\\\/www.linkedin.com\\\/company\\\/30084929\"]}]}<\/script>\n<!-- \/ Yoast SEO Premium plugin. -->","yoast_head_json":{"title":"Essenza di Yes BONDE | D\u00e9sodorisant en papier de luxe","description":"BONDE Essenza di Yes : un d\u00e9sodorisant de luxe en papier inspir\u00e9 par S\u00ec Armani. Une \u00e9l\u00e9gance florale fruit\u00e9e avec une vanille cr\u00e9meuse et des bois doux.","robots":{"index":"index","follow":"follow","max-snippet":"max-snippet:-1","max-image-preview":"max-image-preview:large","max-video-preview":"max-video-preview:-1"},"canonical":"https:\/\/elixscent.com\/fr\/produit\/bonde-paper-car-perfume-essenza\/","og_locale":"fr_FR","og_type":"article","og_title":"BOND\u00c9 Paper Car Perfume Essenza di Yes","og_description":"BONDE Essenza di Yes: a luxury paper air freshener inspired by S\u00ec Armani. Fruity-floral elegance with creamy vanilla and smooth woods.","og_url":"https:\/\/elixscent.com\/fr\/produit\/bonde-paper-car-perfume-essenza\/","og_site_name":"ELiX EU air fresheners","article_modified_time":"2026-01-20T13:20:58+00:00","og_image":[{"width":2560,"height":2560,"url":"https:\/\/elixscent.com\/wp-content\/uploads\/WEBP_BONDE_essenza_di_yes_1.0-scaled.webp","type":"image\/webp"}],"twitter_card":"summary_large_image","twitter_misc":{"Dur\u00e9e de lecture estim\u00e9e":"2 minutes"},"schema":{"@context":"https:\/\/schema.org","@graph":[{"@type":"WebPage","@id":"https:\/\/elixscent.com\/product\/bonde-paper-car-perfume-essenza\/","url":"https:\/\/elixscent.com\/product\/bonde-paper-car-perfume-essenza\/","name":"Essenza di Yes BONDE | D\u00e9sodorisant en papier de luxe","isPartOf":{"@id":"https:\/\/elixscent.com\/#website"},"primaryImageOfPage":{"@id":"https:\/\/elixscent.com\/product\/bonde-paper-car-perfume-essenza\/#primaryimage"},"image":{"@id":"https:\/\/elixscent.com\/product\/bonde-paper-car-perfume-essenza\/#primaryimage"},"thumbnailUrl":"https:\/\/elixscent.com\/wp-content\/uploads\/WEBP_BONDE_essenza_di_yes_1.0-scaled.webp","datePublished":"2025-06-10T11:46:03+00:00","dateModified":"2026-01-20T13:20:58+00:00","description":"BONDE Essenza di Yes : un d\u00e9sodorisant de luxe en papier inspir\u00e9 par S\u00ec Armani. Une \u00e9l\u00e9gance florale fruit\u00e9e avec une vanille cr\u00e9meuse et des bois doux.","breadcrumb":{"@id":"https:\/\/elixscent.com\/product\/bonde-paper-car-perfume-essenza\/#breadcrumb"},"inLanguage":"fr-FR","potentialAction":[{"@type":"ReadAction","target":["https:\/\/elixscent.com\/product\/bonde-paper-car-perfume-essenza\/"]}]},{"@type":"ImageObject","inLanguage":"fr-FR","@id":"https:\/\/elixscent.com\/product\/bonde-paper-car-perfume-essenza\/#primaryimage","url":"https:\/\/elixscent.com\/wp-content\/uploads\/WEBP_BONDE_essenza_di_yes_1.0-scaled.webp","contentUrl":"https:\/\/elixscent.com\/wp-content\/uploads\/WEBP_BONDE_essenza_di_yes_1.0-scaled.webp","width":2560,"height":2560,"caption":"BONDE Essenza di Yes luxury paper air freshener \u2013 fruity floral vanilla woods inspired scent"},{"@type":"BreadcrumbList","@id":"https:\/\/elixscent.com\/product\/bonde-paper-car-perfume-essenza\/#breadcrumb","itemListElement":[{"@type":"ListItem","position":1,"name":"Home","item":"https:\/\/elixscent.com\/"},{"@type":"ListItem","position":2,"name":"Products","item":"https:\/\/elixscent.com\/product\/"},{"@type":"ListItem","position":3,"name":"Perfumery-Inspired","item":"https:\/\/elixscent.com\/product-category\/perfumery_inspired\/"},{"@type":"ListItem","position":4,"name":"BOND\u00c9 Paper Car Perfume","item":"https:\/\/elixscent.com\/product-category\/bonde\/"},{"@type":"ListItem","position":5,"name":"BOND\u00c9 Paper Car Perfume Essenza di Yes"}]},{"@type":"WebSite","@id":"https:\/\/elixscent.com\/#website","url":"https:\/\/elixscent.com\/","name":"D\u00e9sodorisants ELiX EU","description":"Air &amp; Tissus, Parfaitement frais","publisher":{"@id":"https:\/\/elixscent.com\/#organization"},"potentialAction":[{"@type":"SearchAction","target":{"@type":"EntryPoint","urlTemplate":"https:\/\/elixscent.com\/?s={search_term_string}"},"query-input":{"@type":"PropertyValueSpecification","valueRequired":true,"valueName":"search_term_string"}}],"inLanguage":"fr-FR"},{"@type":"Organization","@id":"https:\/\/elixscent.com\/#organization","name":"Fabricant de d\u00e9sodorisants ELIX","url":"https:\/\/elixscent.com\/","logo":{"@type":"ImageObject","inLanguage":"fr-FR","@id":"https:\/\/elixscent.com\/#\/schema\/logo\/image\/","url":"https:\/\/elixscent.com\/wp-content\/uploads\/elix_logo_1.0-_300.jpg","contentUrl":"https:\/\/elixscent.com\/wp-content\/uploads\/elix_logo_1.0-_300.jpg","width":300,"height":257,"caption":"ELIX air freshener manufacturer"},"image":{"@id":"https:\/\/elixscent.com\/#\/schema\/logo\/image\/"},"sameAs":["https:\/\/www.linkedin.com\/company\/30084929"]}]}},"_links":{"self":[{"href":"https:\/\/elixscent.com\/fr\/wp-json\/wp\/v2\/product\/58006","targetHints":{"allow":["GET"]}}],"collection":[{"href":"https:\/\/elixscent.com\/fr\/wp-json\/wp\/v2\/product"}],"about":[{"href":"https:\/\/elixscent.com\/fr\/wp-json\/wp\/v2\/types\/product"}],"version-history":[{"count":5,"href":"https:\/\/elixscent.com\/fr\/wp-json\/wp\/v2\/product\/58006\/revisions"}],"predecessor-version":[{"id":60296,"href":"https:\/\/elixscent.com\/fr\/wp-json\/wp\/v2\/product\/58006\/revisions\/60296"}],"wp:featuredmedia":[{"embeddable":true,"href":"https:\/\/elixscent.com\/fr\/wp-json\/wp\/v2\/media\/60294"}],"wp:attachment":[{"href":"https:\/\/elixscent.com\/fr\/wp-json\/wp\/v2\/media?parent=58006"}],"curies":[{"name":"wp","href":"https:\/\/api.w.org\/{rel}","templated":true}]}}