{"id":57987,"date":"2025-06-10T11:35:46","date_gmt":"2025-06-10T11:35:46","guid":{"rendered":"https:\/\/elixscent.com\/?post_type=product&#038;p=57987"},"modified":"2026-01-20T13:30:45","modified_gmt":"2026-01-20T13:30:45","slug":"bonde-paper-car-perfume-heroes-earth","status":"publish","type":"product","link":"https:\/\/elixscent.com\/fr\/product\/bonde-paper-car-perfume-heroes-earth\/","title":{"rendered":"BOND\u00c9 Paper Car Parfum Heroes of earth"},"content":{"rendered":"<h2 data-start=\"0\" data-end=\"57\">H\u00e9ros de la Terre (inspir\u00e9 par <em data-start=\"40\" data-end=\"56\">Terre d'Herm\u00e8s<\/em>)<\/h2>\n<p data-start=\"59\" data-end=\"441\">Vous voulez un parfum qui soit <em data-start=\"87\" data-end=\"94\">propre<\/em>, <em data-start=\"96\" data-end=\"107\">confiant<\/em> et <em data-start=\"112\" data-end=\"122\">adulte<\/em> - pas bruyant, pas sucr\u00e9, et certainement pas \u201cd\u00e9sodorisant\u201d. <strong data-start=\"182\" data-end=\"201\">H\u00e9ros de la Terre<\/strong> est exactement fait pour cela. Il s'ouvre sur une note croustillante d'agrumes, puis r\u00e9v\u00e8le rapidement un caract\u00e8re min\u00e9ral et bois\u00e9, avec une pointe subtile d'\u00e9pices. La finale est s\u00e8che, \u00e9l\u00e9gante et persistante - comme l'air frais sur la pierre chaude et le bois poli.<\/p>\n<p data-start=\"443\" data-end=\"568\">Il semble que vous souhaitiez une signature qui donne \u00e0 la voiture une sensation de s\u00e9curit\u00e9. <em data-start=\"504\" data-end=\"515\">co\u00fbteux<\/em> sans en faire trop. <strong data-start=\"541\" data-end=\"568\">Il s'agit de Heroes of Earth.<\/strong><\/p>\n<p data-start=\"570\" data-end=\"698\"><em data-start=\"570\" data-end=\"698\">Inspir\u00e9 par les parfums list\u00e9s ci-dessus, BONDE n'est pas affili\u00e9, endoss\u00e9 ou connect\u00e9 au propri\u00e9taire respectif de la marque.<\/em><\/p>\n<p data-start=\"570\" data-end=\"698\">\n<ul>\n<li data-start=\"1044\" data-end=\"1100\">\n<p data-start=\"1046\" data-end=\"1100\">\u00c0 la recherche de <strong data-start=\"1058\" data-end=\"1081\">frais et masculin<\/strong>, mais pas sportive ?<\/p>\n<\/li>\n<li data-start=\"1101\" data-end=\"1166\">\n<p data-start=\"1103\" data-end=\"1166\">Vouloir <strong data-start=\"1108\" data-end=\"1125\">bois + agrumes<\/strong> qui se sent <strong data-start=\"1137\" data-end=\"1148\">prime<\/strong>, et non synth\u00e9tiques ?<\/p>\n<\/li>\n<li data-start=\"1167\" data-end=\"1254\">\n<p data-start=\"1169\" data-end=\"1254\">Vous pr\u00e9f\u00e9rez un parfum qui dit \u201cqualit\u00e9\u201d d\u00e8s les 10 premi\u00e8res secondes - et qui reste \u00e9l\u00e9gant par la suite ?<\/p>\n<\/li>\n<\/ul>","protected":false},"featured_media":60304,"parent":0,"menu_order":0,"template":"","class_list":["post-57987","product","type-product","status-publish","has-post-thumbnail","hentry","product_category-bonde","product_category-perfumery_inspired"],"acf":[],"yoast_head":"<!-- This site is optimized with the Yoast SEO Premium plugin v27.4 (Yoast SEO v27.5) - https:\/\/yoast.com\/product\/yoast-seo-premium-wordpress\/ -->\n<title>Heroes of Earth BONDE | Luxury Woody Citrus Air Freshener<\/title>\n<meta name=\"description\" content=\"BONDE Heroes of Earth: a luxury paper air freshener inspired by Terre d\u2019Herm\u00e8s. Crisp citrus, mineral woods and a refined earthy-amber finish.\" \/>\n<meta name=\"robots\" content=\"index, follow, max-snippet:-1, max-image-preview:large, max-video-preview:-1\" \/>\n<link rel=\"canonical\" href=\"https:\/\/elixscent.com\/fr\/produit\/bonde-paper-car-perfume-heroes-earth\/\" \/>\n<meta property=\"og:locale\" content=\"fr_FR\" \/>\n<meta property=\"og:type\" content=\"article\" \/>\n<meta property=\"og:title\" content=\"BOND\u00c9 Paper Car Perfume Heroes of earth\" \/>\n<meta property=\"og:description\" content=\"BONDE Heroes of Earth: a luxury paper air freshener inspired by Terre d\u2019Herm\u00e8s. Crisp citrus, mineral woods and a refined earthy-amber finish.\" \/>\n<meta property=\"og:url\" content=\"https:\/\/elixscent.com\/fr\/produit\/bonde-paper-car-perfume-heroes-earth\/\" \/>\n<meta property=\"og:site_name\" content=\"ELiX EU air fresheners\" \/>\n<meta property=\"article:modified_time\" content=\"2026-01-20T13:30:45+00:00\" \/>\n<meta property=\"og:image\" content=\"https:\/\/elixscent.com\/wp-content\/uploads\/WEBP_BONDE_heroes_of_earth_1.0-scaled.webp\" \/>\n\t<meta property=\"og:image:width\" content=\"2560\" \/>\n\t<meta property=\"og:image:height\" content=\"2560\" \/>\n\t<meta property=\"og:image:type\" content=\"image\/webp\" \/>\n<meta name=\"twitter:card\" content=\"summary_large_image\" \/>\n<meta name=\"twitter:label1\" content=\"Dur\u00e9e de lecture estim\u00e9e\" \/>\n\t<meta name=\"twitter:data1\" content=\"2 minutes\" \/>\n<script type=\"application\/ld+json\" class=\"yoast-schema-graph\">{\"@context\":\"https:\\\/\\\/schema.org\",\"@graph\":[{\"@type\":\"WebPage\",\"@id\":\"https:\\\/\\\/elixscent.com\\\/product\\\/bonde-paper-car-perfume-heroes-earth\\\/\",\"url\":\"https:\\\/\\\/elixscent.com\\\/product\\\/bonde-paper-car-perfume-heroes-earth\\\/\",\"name\":\"Heroes of Earth BONDE | Luxury Woody Citrus Air Freshener\",\"isPartOf\":{\"@id\":\"https:\\\/\\\/elixscent.com\\\/#website\"},\"primaryImageOfPage\":{\"@id\":\"https:\\\/\\\/elixscent.com\\\/product\\\/bonde-paper-car-perfume-heroes-earth\\\/#primaryimage\"},\"image\":{\"@id\":\"https:\\\/\\\/elixscent.com\\\/product\\\/bonde-paper-car-perfume-heroes-earth\\\/#primaryimage\"},\"thumbnailUrl\":\"https:\\\/\\\/elixscent.com\\\/wp-content\\\/uploads\\\/WEBP_BONDE_heroes_of_earth_1.0-scaled.webp\",\"datePublished\":\"2025-06-10T11:35:46+00:00\",\"dateModified\":\"2026-01-20T13:30:45+00:00\",\"description\":\"BONDE Heroes of Earth: a luxury paper air freshener inspired by Terre d\u2019Herm\u00e8s. Crisp citrus, mineral woods and a refined earthy-amber finish.\",\"breadcrumb\":{\"@id\":\"https:\\\/\\\/elixscent.com\\\/product\\\/bonde-paper-car-perfume-heroes-earth\\\/#breadcrumb\"},\"inLanguage\":\"fr-FR\",\"potentialAction\":[{\"@type\":\"ReadAction\",\"target\":[\"https:\\\/\\\/elixscent.com\\\/product\\\/bonde-paper-car-perfume-heroes-earth\\\/\"]}]},{\"@type\":\"ImageObject\",\"inLanguage\":\"fr-FR\",\"@id\":\"https:\\\/\\\/elixscent.com\\\/product\\\/bonde-paper-car-perfume-heroes-earth\\\/#primaryimage\",\"url\":\"https:\\\/\\\/elixscent.com\\\/wp-content\\\/uploads\\\/WEBP_BONDE_heroes_of_earth_1.0-scaled.webp\",\"contentUrl\":\"https:\\\/\\\/elixscent.com\\\/wp-content\\\/uploads\\\/WEBP_BONDE_heroes_of_earth_1.0-scaled.webp\",\"width\":2560,\"height\":2560,\"caption\":\"BONDE Heroes of Earth luxury paper air freshener \u2013 woody citrus mineral inspired scent\"},{\"@type\":\"BreadcrumbList\",\"@id\":\"https:\\\/\\\/elixscent.com\\\/product\\\/bonde-paper-car-perfume-heroes-earth\\\/#breadcrumb\",\"itemListElement\":[{\"@type\":\"ListItem\",\"position\":1,\"name\":\"Home\",\"item\":\"https:\\\/\\\/elixscent.com\\\/\"},{\"@type\":\"ListItem\",\"position\":2,\"name\":\"Products\",\"item\":\"https:\\\/\\\/elixscent.com\\\/product\\\/\"},{\"@type\":\"ListItem\",\"position\":3,\"name\":\"Perfumery-Inspired\",\"item\":\"https:\\\/\\\/elixscent.com\\\/product-category\\\/perfumery_inspired\\\/\"},{\"@type\":\"ListItem\",\"position\":4,\"name\":\"BOND\u00c9 Paper Car Perfume\",\"item\":\"https:\\\/\\\/elixscent.com\\\/product-category\\\/bonde\\\/\"},{\"@type\":\"ListItem\",\"position\":5,\"name\":\"BOND\u00c9 Paper Car Perfume Heroes of earth\"}]},{\"@type\":\"WebSite\",\"@id\":\"https:\\\/\\\/elixscent.com\\\/#website\",\"url\":\"https:\\\/\\\/elixscent.com\\\/\",\"name\":\"ELiX EU air fresheners\",\"description\":\"Air &amp; Fabric, Perfectly Fresh\",\"publisher\":{\"@id\":\"https:\\\/\\\/elixscent.com\\\/#organization\"},\"potentialAction\":[{\"@type\":\"SearchAction\",\"target\":{\"@type\":\"EntryPoint\",\"urlTemplate\":\"https:\\\/\\\/elixscent.com\\\/?s={search_term_string}\"},\"query-input\":{\"@type\":\"PropertyValueSpecification\",\"valueRequired\":true,\"valueName\":\"search_term_string\"}}],\"inLanguage\":\"fr-FR\"},{\"@type\":\"Organization\",\"@id\":\"https:\\\/\\\/elixscent.com\\\/#organization\",\"name\":\"ELIX air freshener manufacturer\",\"url\":\"https:\\\/\\\/elixscent.com\\\/\",\"logo\":{\"@type\":\"ImageObject\",\"inLanguage\":\"fr-FR\",\"@id\":\"https:\\\/\\\/elixscent.com\\\/#\\\/schema\\\/logo\\\/image\\\/\",\"url\":\"https:\\\/\\\/elixscent.com\\\/wp-content\\\/uploads\\\/elix_logo_1.0-_300.jpg\",\"contentUrl\":\"https:\\\/\\\/elixscent.com\\\/wp-content\\\/uploads\\\/elix_logo_1.0-_300.jpg\",\"width\":300,\"height\":257,\"caption\":\"ELIX air freshener manufacturer\"},\"image\":{\"@id\":\"https:\\\/\\\/elixscent.com\\\/#\\\/schema\\\/logo\\\/image\\\/\"},\"sameAs\":[\"https:\\\/\\\/www.linkedin.com\\\/company\\\/30084929\"]}]}<\/script>\n<!-- \/ Yoast SEO Premium plugin. -->","yoast_head_json":{"title":"Heroes of Earth BONDE | D\u00e9sodorisant de luxe au bois et aux agrumes","description":"BONDE Heroes of Earth : un d\u00e9sodorisant de luxe en papier inspir\u00e9 de Terre d'Herm\u00e8s. Des agrumes croquants, des bois min\u00e9raux et un final terreux-ambre raffin\u00e9.","robots":{"index":"index","follow":"follow","max-snippet":"max-snippet:-1","max-image-preview":"max-image-preview:large","max-video-preview":"max-video-preview:-1"},"canonical":"https:\/\/elixscent.com\/fr\/produit\/bonde-paper-car-perfume-heroes-earth\/","og_locale":"fr_FR","og_type":"article","og_title":"BOND\u00c9 Paper Car Perfume Heroes of earth","og_description":"BONDE Heroes of Earth: a luxury paper air freshener inspired by Terre d\u2019Herm\u00e8s. Crisp citrus, mineral woods and a refined earthy-amber finish.","og_url":"https:\/\/elixscent.com\/fr\/produit\/bonde-paper-car-perfume-heroes-earth\/","og_site_name":"ELiX EU air fresheners","article_modified_time":"2026-01-20T13:30:45+00:00","og_image":[{"width":2560,"height":2560,"url":"https:\/\/elixscent.com\/wp-content\/uploads\/WEBP_BONDE_heroes_of_earth_1.0-scaled.webp","type":"image\/webp"}],"twitter_card":"summary_large_image","twitter_misc":{"Dur\u00e9e de lecture estim\u00e9e":"2 minutes"},"schema":{"@context":"https:\/\/schema.org","@graph":[{"@type":"WebPage","@id":"https:\/\/elixscent.com\/product\/bonde-paper-car-perfume-heroes-earth\/","url":"https:\/\/elixscent.com\/product\/bonde-paper-car-perfume-heroes-earth\/","name":"Heroes of Earth BONDE | D\u00e9sodorisant de luxe au bois et aux agrumes","isPartOf":{"@id":"https:\/\/elixscent.com\/#website"},"primaryImageOfPage":{"@id":"https:\/\/elixscent.com\/product\/bonde-paper-car-perfume-heroes-earth\/#primaryimage"},"image":{"@id":"https:\/\/elixscent.com\/product\/bonde-paper-car-perfume-heroes-earth\/#primaryimage"},"thumbnailUrl":"https:\/\/elixscent.com\/wp-content\/uploads\/WEBP_BONDE_heroes_of_earth_1.0-scaled.webp","datePublished":"2025-06-10T11:35:46+00:00","dateModified":"2026-01-20T13:30:45+00:00","description":"BONDE Heroes of Earth : un d\u00e9sodorisant de luxe en papier inspir\u00e9 de Terre d'Herm\u00e8s. Des agrumes croquants, des bois min\u00e9raux et un final terreux-ambre raffin\u00e9.","breadcrumb":{"@id":"https:\/\/elixscent.com\/product\/bonde-paper-car-perfume-heroes-earth\/#breadcrumb"},"inLanguage":"fr-FR","potentialAction":[{"@type":"ReadAction","target":["https:\/\/elixscent.com\/product\/bonde-paper-car-perfume-heroes-earth\/"]}]},{"@type":"ImageObject","inLanguage":"fr-FR","@id":"https:\/\/elixscent.com\/product\/bonde-paper-car-perfume-heroes-earth\/#primaryimage","url":"https:\/\/elixscent.com\/wp-content\/uploads\/WEBP_BONDE_heroes_of_earth_1.0-scaled.webp","contentUrl":"https:\/\/elixscent.com\/wp-content\/uploads\/WEBP_BONDE_heroes_of_earth_1.0-scaled.webp","width":2560,"height":2560,"caption":"BONDE Heroes of Earth luxury paper air freshener \u2013 woody citrus mineral inspired scent"},{"@type":"BreadcrumbList","@id":"https:\/\/elixscent.com\/product\/bonde-paper-car-perfume-heroes-earth\/#breadcrumb","itemListElement":[{"@type":"ListItem","position":1,"name":"Home","item":"https:\/\/elixscent.com\/"},{"@type":"ListItem","position":2,"name":"Products","item":"https:\/\/elixscent.com\/product\/"},{"@type":"ListItem","position":3,"name":"Perfumery-Inspired","item":"https:\/\/elixscent.com\/product-category\/perfumery_inspired\/"},{"@type":"ListItem","position":4,"name":"BOND\u00c9 Paper Car Perfume","item":"https:\/\/elixscent.com\/product-category\/bonde\/"},{"@type":"ListItem","position":5,"name":"BOND\u00c9 Paper Car Perfume Heroes of earth"}]},{"@type":"WebSite","@id":"https:\/\/elixscent.com\/#website","url":"https:\/\/elixscent.com\/","name":"D\u00e9sodorisants ELiX EU","description":"Air &amp; Tissus, Parfaitement frais","publisher":{"@id":"https:\/\/elixscent.com\/#organization"},"potentialAction":[{"@type":"SearchAction","target":{"@type":"EntryPoint","urlTemplate":"https:\/\/elixscent.com\/?s={search_term_string}"},"query-input":{"@type":"PropertyValueSpecification","valueRequired":true,"valueName":"search_term_string"}}],"inLanguage":"fr-FR"},{"@type":"Organization","@id":"https:\/\/elixscent.com\/#organization","name":"Fabricant de d\u00e9sodorisants ELIX","url":"https:\/\/elixscent.com\/","logo":{"@type":"ImageObject","inLanguage":"fr-FR","@id":"https:\/\/elixscent.com\/#\/schema\/logo\/image\/","url":"https:\/\/elixscent.com\/wp-content\/uploads\/elix_logo_1.0-_300.jpg","contentUrl":"https:\/\/elixscent.com\/wp-content\/uploads\/elix_logo_1.0-_300.jpg","width":300,"height":257,"caption":"ELIX air freshener manufacturer"},"image":{"@id":"https:\/\/elixscent.com\/#\/schema\/logo\/image\/"},"sameAs":["https:\/\/www.linkedin.com\/company\/30084929"]}]}},"_links":{"self":[{"href":"https:\/\/elixscent.com\/fr\/wp-json\/wp\/v2\/product\/57987","targetHints":{"allow":["GET"]}}],"collection":[{"href":"https:\/\/elixscent.com\/fr\/wp-json\/wp\/v2\/product"}],"about":[{"href":"https:\/\/elixscent.com\/fr\/wp-json\/wp\/v2\/types\/product"}],"version-history":[{"count":4,"href":"https:\/\/elixscent.com\/fr\/wp-json\/wp\/v2\/product\/57987\/revisions"}],"predecessor-version":[{"id":60310,"href":"https:\/\/elixscent.com\/fr\/wp-json\/wp\/v2\/product\/57987\/revisions\/60310"}],"wp:featuredmedia":[{"embeddable":true,"href":"https:\/\/elixscent.com\/fr\/wp-json\/wp\/v2\/media\/60304"}],"wp:attachment":[{"href":"https:\/\/elixscent.com\/fr\/wp-json\/wp\/v2\/media?parent=57987"}],"curies":[{"name":"wp","href":"https:\/\/api.w.org\/{rel}","templated":true}]}}