{"id":57981,"date":"2025-06-10T11:31:59","date_gmt":"2025-06-10T11:31:59","guid":{"rendered":"https:\/\/elixscent.com\/?post_type=product&#038;p=57981"},"modified":"2026-01-20T13:13:40","modified_gmt":"2026-01-20T13:13:40","slug":"bonde-paper-car-perfume-belle_cherie","status":"publish","type":"product","link":"https:\/\/elixscent.com\/fr\/product\/bonde-paper-car-perfume-belle_cherie\/","title":{"rendered":"BOND\u00c9 Paper Car Parfum Belle cherie"},"content":{"rendered":"<h2 data-start=\"0\" data-end=\"63\">Belle Ch\u00e9rie (inspir\u00e9e par <em data-start=\"37\" data-end=\"50\">Cerise perdue<\/em> de Tom Ford)<\/h2>\n<p data-start=\"65\" data-end=\"502\"><strong data-start=\"65\" data-end=\"81\">Belle Ch\u00e9rie<\/strong> est un gourmand moderne et luxuriant qui s'ouvre sur l'attrait incomparable de la cerise m\u00fbre et un \u00e9clat subtil de liqueur. Une douce nuance d'amande ajoute de la profondeur et de la sophistication, avant que le parfum ne s'installe dans un sillage doux et sensuel de tonka cr\u00e9meuse, de chaleur vanill\u00e9e et de bois polis. Le r\u00e9sultat est indulgent mais raffin\u00e9 - un ar\u00f4me de luxe, de type parfumerie, con\u00e7u pour donner \u00e0 votre voiture ou \u00e0 votre espace int\u00e9rieur une sensation d'\u00e9l\u00e9vation sans effort.<\/p>\n<p data-start=\"504\" data-end=\"632\"><em data-start=\"504\" data-end=\"632\">Inspir\u00e9 par les parfums list\u00e9s ci-dessus, BONDE n'est pas affili\u00e9, endoss\u00e9 ou connect\u00e9 au propri\u00e9taire respectif de la marque.<\/em><\/p>\n<p data-start=\"504\" data-end=\"632\">\n<ul>\n<li data-start=\"1670\" data-end=\"1808\">\n<p data-start=\"1673\" data-end=\"1808\"><strong data-start=\"1673\" data-end=\"1705\">Quelle est l'odeur de Belle Ch\u00e9rie ?<\/strong> Une cerise juteuse qui s'ouvre sur une touche d'amande et qui s'ass\u00e8che pour laisser place \u00e0 une tonka chaude, une vanille et des bois \u00e9l\u00e9gants.<\/p>\n<\/li>\n<li data-start=\"1809\" data-end=\"1972\" data-is-last-node=\"\">\n<p data-start=\"1812\" data-end=\"1972\" data-is-last-node=\"\"><strong data-start=\"1812\" data-end=\"1846\">S'agit-il d'un parfum original ?<\/strong> C'est un parfum BONDE <strong data-start=\"1866\" data-end=\"1881\">inspir\u00e9 par<\/strong> le parfum r\u00e9f\u00e9renc\u00e9, cr\u00e9\u00e9 pour offrir une exp\u00e9rience olfactive haut de gamme sous forme de d\u00e9sodorisant.<\/p>\n<\/li>\n<\/ul>","protected":false},"featured_media":60267,"parent":0,"menu_order":0,"template":"","class_list":["post-57981","product","type-product","status-publish","has-post-thumbnail","hentry","product_category-bonde","product_category-perfumery_inspired"],"acf":[],"yoast_head":"<!-- This site is optimized with the Yoast SEO Premium plugin v27.4 (Yoast SEO v27.4) - https:\/\/yoast.com\/product\/yoast-seo-premium-wordpress\/ -->\n<title>Belle Ch\u00e9rie BONDE | Luxury Cherry Paper Air Freshener<\/title>\n<meta name=\"description\" content=\"BONDE Belle Ch\u00e9rie: a luxury paper air freshener inspired by Lost Cherry. Juicy cherry, almond and warm tonka-woods for a refined, sensual vibe.\" \/>\n<meta name=\"robots\" content=\"index, follow, max-snippet:-1, max-image-preview:large, max-video-preview:-1\" \/>\n<link rel=\"canonical\" href=\"https:\/\/elixscent.com\/fr\/produit\/bonde-paper-car-perfume-belle_cherie\/\" \/>\n<meta property=\"og:locale\" content=\"fr_FR\" \/>\n<meta property=\"og:type\" content=\"article\" \/>\n<meta property=\"og:title\" content=\"BOND\u00c9 Paper Car Perfume Belle cherie\" \/>\n<meta property=\"og:description\" content=\"BONDE Belle Ch\u00e9rie: a luxury paper air freshener inspired by Lost Cherry. Juicy cherry, almond and warm tonka-woods for a refined, sensual vibe.\" \/>\n<meta property=\"og:url\" content=\"https:\/\/elixscent.com\/fr\/produit\/bonde-paper-car-perfume-belle_cherie\/\" \/>\n<meta property=\"og:site_name\" content=\"ELiX EU air fresheners\" \/>\n<meta property=\"article:modified_time\" content=\"2026-01-20T13:13:40+00:00\" \/>\n<meta property=\"og:image\" content=\"https:\/\/elixscent.com\/wp-content\/uploads\/WEBP_BONDE_belle_cherie_1.0-scaled.webp\" \/>\n\t<meta property=\"og:image:width\" content=\"2560\" \/>\n\t<meta property=\"og:image:height\" content=\"2560\" \/>\n\t<meta property=\"og:image:type\" content=\"image\/webp\" \/>\n<meta name=\"twitter:card\" content=\"summary_large_image\" \/>\n<meta name=\"twitter:label1\" content=\"Dur\u00e9e de lecture estim\u00e9e\" \/>\n\t<meta name=\"twitter:data1\" content=\"2 minutes\" \/>\n<script type=\"application\/ld+json\" class=\"yoast-schema-graph\">{\"@context\":\"https:\\\/\\\/schema.org\",\"@graph\":[{\"@type\":\"WebPage\",\"@id\":\"https:\\\/\\\/elixscent.com\\\/product\\\/bonde-paper-car-perfume-belle_cherie\\\/\",\"url\":\"https:\\\/\\\/elixscent.com\\\/product\\\/bonde-paper-car-perfume-belle_cherie\\\/\",\"name\":\"Belle Ch\u00e9rie BONDE | Luxury Cherry Paper Air Freshener\",\"isPartOf\":{\"@id\":\"https:\\\/\\\/elixscent.com\\\/#website\"},\"primaryImageOfPage\":{\"@id\":\"https:\\\/\\\/elixscent.com\\\/product\\\/bonde-paper-car-perfume-belle_cherie\\\/#primaryimage\"},\"image\":{\"@id\":\"https:\\\/\\\/elixscent.com\\\/product\\\/bonde-paper-car-perfume-belle_cherie\\\/#primaryimage\"},\"thumbnailUrl\":\"https:\\\/\\\/elixscent.com\\\/wp-content\\\/uploads\\\/WEBP_BONDE_belle_cherie_1.0-scaled.webp\",\"datePublished\":\"2025-06-10T11:31:59+00:00\",\"dateModified\":\"2026-01-20T13:13:40+00:00\",\"description\":\"BONDE Belle Ch\u00e9rie: a luxury paper air freshener inspired by Lost Cherry. Juicy cherry, almond and warm tonka-woods for a refined, sensual vibe.\",\"breadcrumb\":{\"@id\":\"https:\\\/\\\/elixscent.com\\\/product\\\/bonde-paper-car-perfume-belle_cherie\\\/#breadcrumb\"},\"inLanguage\":\"fr-FR\",\"potentialAction\":[{\"@type\":\"ReadAction\",\"target\":[\"https:\\\/\\\/elixscent.com\\\/product\\\/bonde-paper-car-perfume-belle_cherie\\\/\"]}]},{\"@type\":\"ImageObject\",\"inLanguage\":\"fr-FR\",\"@id\":\"https:\\\/\\\/elixscent.com\\\/product\\\/bonde-paper-car-perfume-belle_cherie\\\/#primaryimage\",\"url\":\"https:\\\/\\\/elixscent.com\\\/wp-content\\\/uploads\\\/WEBP_BONDE_belle_cherie_1.0-scaled.webp\",\"contentUrl\":\"https:\\\/\\\/elixscent.com\\\/wp-content\\\/uploads\\\/WEBP_BONDE_belle_cherie_1.0-scaled.webp\",\"width\":2560,\"height\":2560,\"caption\":\"BONDE luxury perfumery paper air fresheners \u2013 premium car and home fragrance hangers\"},{\"@type\":\"BreadcrumbList\",\"@id\":\"https:\\\/\\\/elixscent.com\\\/product\\\/bonde-paper-car-perfume-belle_cherie\\\/#breadcrumb\",\"itemListElement\":[{\"@type\":\"ListItem\",\"position\":1,\"name\":\"Home\",\"item\":\"https:\\\/\\\/elixscent.com\\\/\"},{\"@type\":\"ListItem\",\"position\":2,\"name\":\"Products\",\"item\":\"https:\\\/\\\/elixscent.com\\\/product\\\/\"},{\"@type\":\"ListItem\",\"position\":3,\"name\":\"Perfumery-Inspired\",\"item\":\"https:\\\/\\\/elixscent.com\\\/product-category\\\/perfumery_inspired\\\/\"},{\"@type\":\"ListItem\",\"position\":4,\"name\":\"BOND\u00c9 Paper Car Perfume\",\"item\":\"https:\\\/\\\/elixscent.com\\\/product-category\\\/bonde\\\/\"},{\"@type\":\"ListItem\",\"position\":5,\"name\":\"BOND\u00c9 Paper Car Perfume Belle cherie\"}]},{\"@type\":\"WebSite\",\"@id\":\"https:\\\/\\\/elixscent.com\\\/#website\",\"url\":\"https:\\\/\\\/elixscent.com\\\/\",\"name\":\"ELiX EU air fresheners\",\"description\":\"Air &amp; Fabric, Perfectly Fresh\",\"publisher\":{\"@id\":\"https:\\\/\\\/elixscent.com\\\/#organization\"},\"potentialAction\":[{\"@type\":\"SearchAction\",\"target\":{\"@type\":\"EntryPoint\",\"urlTemplate\":\"https:\\\/\\\/elixscent.com\\\/?s={search_term_string}\"},\"query-input\":{\"@type\":\"PropertyValueSpecification\",\"valueRequired\":true,\"valueName\":\"search_term_string\"}}],\"inLanguage\":\"fr-FR\"},{\"@type\":\"Organization\",\"@id\":\"https:\\\/\\\/elixscent.com\\\/#organization\",\"name\":\"ELIX air freshener manufacturer\",\"url\":\"https:\\\/\\\/elixscent.com\\\/\",\"logo\":{\"@type\":\"ImageObject\",\"inLanguage\":\"fr-FR\",\"@id\":\"https:\\\/\\\/elixscent.com\\\/#\\\/schema\\\/logo\\\/image\\\/\",\"url\":\"https:\\\/\\\/elixscent.com\\\/wp-content\\\/uploads\\\/elix_logo_1.0-_300.jpg\",\"contentUrl\":\"https:\\\/\\\/elixscent.com\\\/wp-content\\\/uploads\\\/elix_logo_1.0-_300.jpg\",\"width\":300,\"height\":257,\"caption\":\"ELIX air freshener manufacturer\"},\"image\":{\"@id\":\"https:\\\/\\\/elixscent.com\\\/#\\\/schema\\\/logo\\\/image\\\/\"},\"sameAs\":[\"https:\\\/\\\/www.linkedin.com\\\/company\\\/30084929\"]}]}<\/script>\n<!-- \/ Yoast SEO Premium plugin. -->","yoast_head_json":{"title":"Belle Ch\u00e9rie BONDE | Rafra\u00eechisseur d'air en papier de luxe \u00e0 la cerise","description":"BONDE Belle Ch\u00e9rie : un d\u00e9sodorisant de luxe en papier inspir\u00e9 par la cerise perdue. Cerise juteuse, amande et bois de tonka chauds pour une ambiance raffin\u00e9e et sensuelle.","robots":{"index":"index","follow":"follow","max-snippet":"max-snippet:-1","max-image-preview":"max-image-preview:large","max-video-preview":"max-video-preview:-1"},"canonical":"https:\/\/elixscent.com\/fr\/produit\/bonde-paper-car-perfume-belle_cherie\/","og_locale":"fr_FR","og_type":"article","og_title":"BOND\u00c9 Paper Car Perfume Belle cherie","og_description":"BONDE Belle Ch\u00e9rie: a luxury paper air freshener inspired by Lost Cherry. Juicy cherry, almond and warm tonka-woods for a refined, sensual vibe.","og_url":"https:\/\/elixscent.com\/fr\/produit\/bonde-paper-car-perfume-belle_cherie\/","og_site_name":"ELiX EU air fresheners","article_modified_time":"2026-01-20T13:13:40+00:00","og_image":[{"width":2560,"height":2560,"url":"https:\/\/elixscent.com\/wp-content\/uploads\/WEBP_BONDE_belle_cherie_1.0-scaled.webp","type":"image\/webp"}],"twitter_card":"summary_large_image","twitter_misc":{"Dur\u00e9e de lecture estim\u00e9e":"2 minutes"},"schema":{"@context":"https:\/\/schema.org","@graph":[{"@type":"WebPage","@id":"https:\/\/elixscent.com\/product\/bonde-paper-car-perfume-belle_cherie\/","url":"https:\/\/elixscent.com\/product\/bonde-paper-car-perfume-belle_cherie\/","name":"Belle Ch\u00e9rie BONDE | Rafra\u00eechisseur d'air en papier de luxe \u00e0 la cerise","isPartOf":{"@id":"https:\/\/elixscent.com\/#website"},"primaryImageOfPage":{"@id":"https:\/\/elixscent.com\/product\/bonde-paper-car-perfume-belle_cherie\/#primaryimage"},"image":{"@id":"https:\/\/elixscent.com\/product\/bonde-paper-car-perfume-belle_cherie\/#primaryimage"},"thumbnailUrl":"https:\/\/elixscent.com\/wp-content\/uploads\/WEBP_BONDE_belle_cherie_1.0-scaled.webp","datePublished":"2025-06-10T11:31:59+00:00","dateModified":"2026-01-20T13:13:40+00:00","description":"BONDE Belle Ch\u00e9rie : un d\u00e9sodorisant de luxe en papier inspir\u00e9 par la cerise perdue. Cerise juteuse, amande et bois de tonka chauds pour une ambiance raffin\u00e9e et sensuelle.","breadcrumb":{"@id":"https:\/\/elixscent.com\/product\/bonde-paper-car-perfume-belle_cherie\/#breadcrumb"},"inLanguage":"fr-FR","potentialAction":[{"@type":"ReadAction","target":["https:\/\/elixscent.com\/product\/bonde-paper-car-perfume-belle_cherie\/"]}]},{"@type":"ImageObject","inLanguage":"fr-FR","@id":"https:\/\/elixscent.com\/product\/bonde-paper-car-perfume-belle_cherie\/#primaryimage","url":"https:\/\/elixscent.com\/wp-content\/uploads\/WEBP_BONDE_belle_cherie_1.0-scaled.webp","contentUrl":"https:\/\/elixscent.com\/wp-content\/uploads\/WEBP_BONDE_belle_cherie_1.0-scaled.webp","width":2560,"height":2560,"caption":"BONDE luxury perfumery paper air fresheners \u2013 premium car and home fragrance hangers"},{"@type":"BreadcrumbList","@id":"https:\/\/elixscent.com\/product\/bonde-paper-car-perfume-belle_cherie\/#breadcrumb","itemListElement":[{"@type":"ListItem","position":1,"name":"Home","item":"https:\/\/elixscent.com\/"},{"@type":"ListItem","position":2,"name":"Products","item":"https:\/\/elixscent.com\/product\/"},{"@type":"ListItem","position":3,"name":"Perfumery-Inspired","item":"https:\/\/elixscent.com\/product-category\/perfumery_inspired\/"},{"@type":"ListItem","position":4,"name":"BOND\u00c9 Paper Car Perfume","item":"https:\/\/elixscent.com\/product-category\/bonde\/"},{"@type":"ListItem","position":5,"name":"BOND\u00c9 Paper Car Perfume Belle cherie"}]},{"@type":"WebSite","@id":"https:\/\/elixscent.com\/#website","url":"https:\/\/elixscent.com\/","name":"D\u00e9sodorisants ELiX EU","description":"Air &amp; Tissus, Parfaitement frais","publisher":{"@id":"https:\/\/elixscent.com\/#organization"},"potentialAction":[{"@type":"SearchAction","target":{"@type":"EntryPoint","urlTemplate":"https:\/\/elixscent.com\/?s={search_term_string}"},"query-input":{"@type":"PropertyValueSpecification","valueRequired":true,"valueName":"search_term_string"}}],"inLanguage":"fr-FR"},{"@type":"Organization","@id":"https:\/\/elixscent.com\/#organization","name":"Fabricant de d\u00e9sodorisants ELIX","url":"https:\/\/elixscent.com\/","logo":{"@type":"ImageObject","inLanguage":"fr-FR","@id":"https:\/\/elixscent.com\/#\/schema\/logo\/image\/","url":"https:\/\/elixscent.com\/wp-content\/uploads\/elix_logo_1.0-_300.jpg","contentUrl":"https:\/\/elixscent.com\/wp-content\/uploads\/elix_logo_1.0-_300.jpg","width":300,"height":257,"caption":"ELIX air freshener manufacturer"},"image":{"@id":"https:\/\/elixscent.com\/#\/schema\/logo\/image\/"},"sameAs":["https:\/\/www.linkedin.com\/company\/30084929"]}]}},"_links":{"self":[{"href":"https:\/\/elixscent.com\/fr\/wp-json\/wp\/v2\/product\/57981","targetHints":{"allow":["GET"]}}],"collection":[{"href":"https:\/\/elixscent.com\/fr\/wp-json\/wp\/v2\/product"}],"about":[{"href":"https:\/\/elixscent.com\/fr\/wp-json\/wp\/v2\/types\/product"}],"version-history":[{"count":6,"href":"https:\/\/elixscent.com\/fr\/wp-json\/wp\/v2\/product\/57981\/revisions"}],"predecessor-version":[{"id":60284,"href":"https:\/\/elixscent.com\/fr\/wp-json\/wp\/v2\/product\/57981\/revisions\/60284"}],"wp:featuredmedia":[{"embeddable":true,"href":"https:\/\/elixscent.com\/fr\/wp-json\/wp\/v2\/media\/60267"}],"wp:attachment":[{"href":"https:\/\/elixscent.com\/fr\/wp-json\/wp\/v2\/media?parent=57981"}],"curies":[{"name":"wp","href":"https:\/\/api.w.org\/{rel}","templated":true}]}}