{"id":57975,"date":"2025-06-10T11:27:51","date_gmt":"2025-06-10T11:27:51","guid":{"rendered":"https:\/\/elixscent.com\/?post_type=product&#038;p=57975"},"modified":"2026-01-20T13:38:37","modified_gmt":"2026-01-20T13:38:37","slug":"bonde-paper-car-parfum-noir-infusion","status":"publish","type":"product","link":"https:\/\/elixscent.com\/fr\/product\/bonde-paper-car-perfume-noir-infusion\/","title":{"rendered":"BOND\u00c9 Paper Car Parfum Noir infusion"},"content":{"rendered":"<h2 data-start=\"0\" data-end=\"74\">Noir Infusion (inspir\u00e9 par <em data-start=\"38\" data-end=\"51\">Opium noir<\/em> d'Yves Saint Laurent)<\/h2>\n<p data-start=\"76\" data-end=\"536\">Il semble que vous recherchiez quelque chose qui se sente <strong data-start=\"121\" data-end=\"160\">riche, addictif et pr\u00eat pour la soir\u00e9e\u201c<\/strong> - pas un simple parfum sucr\u00e9, mais une <em data-start=\"195\" data-end=\"206\">parfumerie<\/em> un avec de la profondeur. <strong data-start=\"223\" data-end=\"240\">Infusion de noir<\/strong> s'ouvre sur une douceur sombre et brillante et une touche de luminosit\u00e9, puis devient rapidement doux et sensuel, tandis que des notes chaudes enveloppent l'espace d'un sillage confiant et velout\u00e9. Le final est cr\u00e9meux, l\u00e9g\u00e8rement gourmand et merveilleusement durable - le genre d'ar\u00f4me qui donne \u00e0 une voiture l'impression d'\u00eatre un salon priv\u00e9.<\/p>\n<p data-start=\"538\" data-end=\"641\">Si vous voulez un parfum qui dit <strong data-start=\"572\" data-end=\"593\">le luxe \u00e0 la tomb\u00e9e de la nuit<\/strong>... c'est exactement la raison d'\u00eatre de <strong data-start=\"623\" data-end=\"640\">Infusion de noir<\/strong>.<\/p>\n<p data-start=\"643\" data-end=\"771\"><em data-start=\"643\" data-end=\"771\">Inspir\u00e9 par les parfums list\u00e9s ci-dessus, BONDE n'est pas affili\u00e9, endoss\u00e9 ou connect\u00e9 au propri\u00e9taire respectif de la marque.<\/em><\/p>\n<p data-start=\"643\" data-end=\"771\">\n<ul>\n<li data-start=\"1124\" data-end=\"1185\">\n<p data-start=\"1126\" data-end=\"1185\">Envie de quelque chose <strong data-start=\"1141\" data-end=\"1159\">sexy et doux<\/strong>, mais tout de m\u00eame <strong data-start=\"1171\" data-end=\"1182\">prime<\/strong>?<\/p>\n<\/li>\n<li data-start=\"1186\" data-end=\"1260\">\n<p data-start=\"1188\" data-end=\"1260\">A la recherche d'un parfum <strong data-start=\"1219\" data-end=\"1246\">comme un parfum de marque<\/strong>, pas des bonbons ?<\/p>\n<\/li>\n<li data-start=\"1261\" data-end=\"1326\">\n<p data-start=\"1263\" data-end=\"1326\">Vous avez besoin d'un parfum qui reste \u00e9l\u00e9gant m\u00eame lorsque la voiture se r\u00e9chauffe ?<\/p>\n<\/li>\n<\/ul>","protected":false},"featured_media":60318,"parent":0,"menu_order":0,"template":"","class_list":["post-57975","product","type-product","status-publish","has-post-thumbnail","hentry","product_category-bonde","product_category-perfumery_inspired"],"acf":[],"yoast_head":"<!-- This site is optimized with the Yoast SEO Premium plugin v27.4 (Yoast SEO v27.4) - https:\/\/yoast.com\/product\/yoast-seo-premium-wordpress\/ -->\n<title>BONDE Noir Infusion \u2013 Luxury Paper Air Freshener<\/title>\n<meta name=\"description\" content=\"BONDE Noir Infusion: a luxury paper air freshener inspired by Black Opium. Dark sweet notes, warm florals and creamy vanilla woods for an evening-luxe vibe.\" \/>\n<meta name=\"robots\" content=\"index, follow, max-snippet:-1, max-image-preview:large, max-video-preview:-1\" \/>\n<link rel=\"canonical\" href=\"https:\/\/elixscent.com\/fr\/produit\/bonde-paper-car-parfum-noir-infusion\/\" \/>\n<meta property=\"og:locale\" content=\"fr_FR\" \/>\n<meta property=\"og:type\" content=\"article\" \/>\n<meta property=\"og:title\" content=\"BOND\u00c9 Paper Car Perfume Noir infusion\" \/>\n<meta property=\"og:description\" content=\"BONDE Noir Infusion: a luxury paper air freshener inspired by Black Opium. Dark sweet notes, warm florals and creamy vanilla woods for an evening-luxe vibe.\" \/>\n<meta property=\"og:url\" content=\"https:\/\/elixscent.com\/fr\/produit\/bonde-paper-car-parfum-noir-infusion\/\" \/>\n<meta property=\"og:site_name\" content=\"ELiX EU air fresheners\" \/>\n<meta property=\"article:modified_time\" content=\"2026-01-20T13:38:37+00:00\" \/>\n<meta property=\"og:image\" content=\"https:\/\/elixscent.com\/wp-content\/uploads\/WEBP_BONDE_noir_infusion_1.0-scaled.webp\" \/>\n\t<meta property=\"og:image:width\" content=\"2560\" \/>\n\t<meta property=\"og:image:height\" content=\"2560\" \/>\n\t<meta property=\"og:image:type\" content=\"image\/webp\" \/>\n<meta name=\"twitter:card\" content=\"summary_large_image\" \/>\n<meta name=\"twitter:label1\" content=\"Dur\u00e9e de lecture estim\u00e9e\" \/>\n\t<meta name=\"twitter:data1\" content=\"2 minutes\" \/>\n<script type=\"application\/ld+json\" class=\"yoast-schema-graph\">{\"@context\":\"https:\\\/\\\/schema.org\",\"@graph\":[{\"@type\":\"WebPage\",\"@id\":\"https:\\\/\\\/elixscent.com\\\/product\\\/bonde-paper-car-perfume-noir-infusion\\\/\",\"url\":\"https:\\\/\\\/elixscent.com\\\/product\\\/bonde-paper-car-perfume-noir-infusion\\\/\",\"name\":\"BONDE Noir Infusion \u2013 Luxury Paper Air Freshener\",\"isPartOf\":{\"@id\":\"https:\\\/\\\/elixscent.com\\\/#website\"},\"primaryImageOfPage\":{\"@id\":\"https:\\\/\\\/elixscent.com\\\/product\\\/bonde-paper-car-perfume-noir-infusion\\\/#primaryimage\"},\"image\":{\"@id\":\"https:\\\/\\\/elixscent.com\\\/product\\\/bonde-paper-car-perfume-noir-infusion\\\/#primaryimage\"},\"thumbnailUrl\":\"https:\\\/\\\/elixscent.com\\\/wp-content\\\/uploads\\\/WEBP_BONDE_noir_infusion_1.0-scaled.webp\",\"datePublished\":\"2025-06-10T11:27:51+00:00\",\"dateModified\":\"2026-01-20T13:38:37+00:00\",\"description\":\"BONDE Noir Infusion: a luxury paper air freshener inspired by Black Opium. Dark sweet notes, warm florals and creamy vanilla woods for an evening-luxe vibe.\",\"breadcrumb\":{\"@id\":\"https:\\\/\\\/elixscent.com\\\/product\\\/bonde-paper-car-perfume-noir-infusion\\\/#breadcrumb\"},\"inLanguage\":\"fr-FR\",\"potentialAction\":[{\"@type\":\"ReadAction\",\"target\":[\"https:\\\/\\\/elixscent.com\\\/product\\\/bonde-paper-car-perfume-noir-infusion\\\/\"]}]},{\"@type\":\"ImageObject\",\"inLanguage\":\"fr-FR\",\"@id\":\"https:\\\/\\\/elixscent.com\\\/product\\\/bonde-paper-car-perfume-noir-infusion\\\/#primaryimage\",\"url\":\"https:\\\/\\\/elixscent.com\\\/wp-content\\\/uploads\\\/WEBP_BONDE_noir_infusion_1.0-scaled.webp\",\"contentUrl\":\"https:\\\/\\\/elixscent.com\\\/wp-content\\\/uploads\\\/WEBP_BONDE_noir_infusion_1.0-scaled.webp\",\"width\":2560,\"height\":2560,\"caption\":\"BONDE Noir Infusion luxury paper air freshener \u2013 warm sweet vanilla woods inspired scent\"},{\"@type\":\"BreadcrumbList\",\"@id\":\"https:\\\/\\\/elixscent.com\\\/product\\\/bonde-paper-car-perfume-noir-infusion\\\/#breadcrumb\",\"itemListElement\":[{\"@type\":\"ListItem\",\"position\":1,\"name\":\"Home\",\"item\":\"https:\\\/\\\/elixscent.com\\\/\"},{\"@type\":\"ListItem\",\"position\":2,\"name\":\"Products\",\"item\":\"https:\\\/\\\/elixscent.com\\\/product\\\/\"},{\"@type\":\"ListItem\",\"position\":3,\"name\":\"Perfumery-Inspired\",\"item\":\"https:\\\/\\\/elixscent.com\\\/product-category\\\/perfumery_inspired\\\/\"},{\"@type\":\"ListItem\",\"position\":4,\"name\":\"BOND\u00c9 Paper Car Perfume\",\"item\":\"https:\\\/\\\/elixscent.com\\\/product-category\\\/bonde\\\/\"},{\"@type\":\"ListItem\",\"position\":5,\"name\":\"BOND\u00c9 Paper Car Perfume Noir infusion\"}]},{\"@type\":\"WebSite\",\"@id\":\"https:\\\/\\\/elixscent.com\\\/#website\",\"url\":\"https:\\\/\\\/elixscent.com\\\/\",\"name\":\"ELiX EU air fresheners\",\"description\":\"Air &amp; Fabric, Perfectly Fresh\",\"publisher\":{\"@id\":\"https:\\\/\\\/elixscent.com\\\/#organization\"},\"potentialAction\":[{\"@type\":\"SearchAction\",\"target\":{\"@type\":\"EntryPoint\",\"urlTemplate\":\"https:\\\/\\\/elixscent.com\\\/?s={search_term_string}\"},\"query-input\":{\"@type\":\"PropertyValueSpecification\",\"valueRequired\":true,\"valueName\":\"search_term_string\"}}],\"inLanguage\":\"fr-FR\"},{\"@type\":\"Organization\",\"@id\":\"https:\\\/\\\/elixscent.com\\\/#organization\",\"name\":\"ELIX air freshener manufacturer\",\"url\":\"https:\\\/\\\/elixscent.com\\\/\",\"logo\":{\"@type\":\"ImageObject\",\"inLanguage\":\"fr-FR\",\"@id\":\"https:\\\/\\\/elixscent.com\\\/#\\\/schema\\\/logo\\\/image\\\/\",\"url\":\"https:\\\/\\\/elixscent.com\\\/wp-content\\\/uploads\\\/elix_logo_1.0-_300.jpg\",\"contentUrl\":\"https:\\\/\\\/elixscent.com\\\/wp-content\\\/uploads\\\/elix_logo_1.0-_300.jpg\",\"width\":300,\"height\":257,\"caption\":\"ELIX air freshener manufacturer\"},\"image\":{\"@id\":\"https:\\\/\\\/elixscent.com\\\/#\\\/schema\\\/logo\\\/image\\\/\"},\"sameAs\":[\"https:\\\/\\\/www.linkedin.com\\\/company\\\/30084929\"]}]}<\/script>\n<!-- \/ Yoast SEO Premium plugin. -->","yoast_head_json":{"title":"BONDE Noir Infusion - Rafra\u00eechisseur d'air en papier de luxe","description":"BONDE Noir Infusion : un d\u00e9sodorisant de luxe en papier inspir\u00e9 de l'opium noir. Des notes sombres et sucr\u00e9es, des fleurs chaudes et des bois cr\u00e9meux et vanill\u00e9s pour une soir\u00e9e de luxe.","robots":{"index":"index","follow":"follow","max-snippet":"max-snippet:-1","max-image-preview":"max-image-preview:large","max-video-preview":"max-video-preview:-1"},"canonical":"https:\/\/elixscent.com\/fr\/produit\/bonde-paper-car-parfum-noir-infusion\/","og_locale":"fr_FR","og_type":"article","og_title":"BOND\u00c9 Paper Car Perfume Noir infusion","og_description":"BONDE Noir Infusion: a luxury paper air freshener inspired by Black Opium. Dark sweet notes, warm florals and creamy vanilla woods for an evening-luxe vibe.","og_url":"https:\/\/elixscent.com\/fr\/produit\/bonde-paper-car-parfum-noir-infusion\/","og_site_name":"ELiX EU air fresheners","article_modified_time":"2026-01-20T13:38:37+00:00","og_image":[{"width":2560,"height":2560,"url":"https:\/\/elixscent.com\/wp-content\/uploads\/WEBP_BONDE_noir_infusion_1.0-scaled.webp","type":"image\/webp"}],"twitter_card":"summary_large_image","twitter_misc":{"Dur\u00e9e de lecture estim\u00e9e":"2 minutes"},"schema":{"@context":"https:\/\/schema.org","@graph":[{"@type":"WebPage","@id":"https:\/\/elixscent.com\/product\/bonde-paper-car-perfume-noir-infusion\/","url":"https:\/\/elixscent.com\/product\/bonde-paper-car-perfume-noir-infusion\/","name":"BONDE Noir Infusion - Rafra\u00eechisseur d'air en papier de luxe","isPartOf":{"@id":"https:\/\/elixscent.com\/#website"},"primaryImageOfPage":{"@id":"https:\/\/elixscent.com\/product\/bonde-paper-car-perfume-noir-infusion\/#primaryimage"},"image":{"@id":"https:\/\/elixscent.com\/product\/bonde-paper-car-perfume-noir-infusion\/#primaryimage"},"thumbnailUrl":"https:\/\/elixscent.com\/wp-content\/uploads\/WEBP_BONDE_noir_infusion_1.0-scaled.webp","datePublished":"2025-06-10T11:27:51+00:00","dateModified":"2026-01-20T13:38:37+00:00","description":"BONDE Noir Infusion : un d\u00e9sodorisant de luxe en papier inspir\u00e9 de l'opium noir. Des notes sombres et sucr\u00e9es, des fleurs chaudes et des bois cr\u00e9meux et vanill\u00e9s pour une soir\u00e9e de luxe.","breadcrumb":{"@id":"https:\/\/elixscent.com\/product\/bonde-paper-car-perfume-noir-infusion\/#breadcrumb"},"inLanguage":"fr-FR","potentialAction":[{"@type":"ReadAction","target":["https:\/\/elixscent.com\/product\/bonde-paper-car-perfume-noir-infusion\/"]}]},{"@type":"ImageObject","inLanguage":"fr-FR","@id":"https:\/\/elixscent.com\/product\/bonde-paper-car-perfume-noir-infusion\/#primaryimage","url":"https:\/\/elixscent.com\/wp-content\/uploads\/WEBP_BONDE_noir_infusion_1.0-scaled.webp","contentUrl":"https:\/\/elixscent.com\/wp-content\/uploads\/WEBP_BONDE_noir_infusion_1.0-scaled.webp","width":2560,"height":2560,"caption":"BONDE Noir Infusion luxury paper air freshener \u2013 warm sweet vanilla woods inspired scent"},{"@type":"BreadcrumbList","@id":"https:\/\/elixscent.com\/product\/bonde-paper-car-perfume-noir-infusion\/#breadcrumb","itemListElement":[{"@type":"ListItem","position":1,"name":"Home","item":"https:\/\/elixscent.com\/"},{"@type":"ListItem","position":2,"name":"Products","item":"https:\/\/elixscent.com\/product\/"},{"@type":"ListItem","position":3,"name":"Perfumery-Inspired","item":"https:\/\/elixscent.com\/product-category\/perfumery_inspired\/"},{"@type":"ListItem","position":4,"name":"BOND\u00c9 Paper Car Perfume","item":"https:\/\/elixscent.com\/product-category\/bonde\/"},{"@type":"ListItem","position":5,"name":"BOND\u00c9 Paper Car Perfume Noir infusion"}]},{"@type":"WebSite","@id":"https:\/\/elixscent.com\/#website","url":"https:\/\/elixscent.com\/","name":"D\u00e9sodorisants ELiX EU","description":"Air &amp; Tissus, Parfaitement frais","publisher":{"@id":"https:\/\/elixscent.com\/#organization"},"potentialAction":[{"@type":"SearchAction","target":{"@type":"EntryPoint","urlTemplate":"https:\/\/elixscent.com\/?s={search_term_string}"},"query-input":{"@type":"PropertyValueSpecification","valueRequired":true,"valueName":"search_term_string"}}],"inLanguage":"fr-FR"},{"@type":"Organization","@id":"https:\/\/elixscent.com\/#organization","name":"Fabricant de d\u00e9sodorisants ELIX","url":"https:\/\/elixscent.com\/","logo":{"@type":"ImageObject","inLanguage":"fr-FR","@id":"https:\/\/elixscent.com\/#\/schema\/logo\/image\/","url":"https:\/\/elixscent.com\/wp-content\/uploads\/elix_logo_1.0-_300.jpg","contentUrl":"https:\/\/elixscent.com\/wp-content\/uploads\/elix_logo_1.0-_300.jpg","width":300,"height":257,"caption":"ELIX air freshener manufacturer"},"image":{"@id":"https:\/\/elixscent.com\/#\/schema\/logo\/image\/"},"sameAs":["https:\/\/www.linkedin.com\/company\/30084929"]}]}},"_links":{"self":[{"href":"https:\/\/elixscent.com\/fr\/wp-json\/wp\/v2\/product\/57975","targetHints":{"allow":["GET"]}}],"collection":[{"href":"https:\/\/elixscent.com\/fr\/wp-json\/wp\/v2\/product"}],"about":[{"href":"https:\/\/elixscent.com\/fr\/wp-json\/wp\/v2\/types\/product"}],"version-history":[{"count":4,"href":"https:\/\/elixscent.com\/fr\/wp-json\/wp\/v2\/product\/57975\/revisions"}],"predecessor-version":[{"id":60324,"href":"https:\/\/elixscent.com\/fr\/wp-json\/wp\/v2\/product\/57975\/revisions\/60324"}],"wp:featuredmedia":[{"embeddable":true,"href":"https:\/\/elixscent.com\/fr\/wp-json\/wp\/v2\/media\/60318"}],"wp:attachment":[{"href":"https:\/\/elixscent.com\/fr\/wp-json\/wp\/v2\/media?parent=57975"}],"curies":[{"name":"wp","href":"https:\/\/api.w.org\/{rel}","templated":true}]}}