{"id":56895,"date":"2025-03-26T14:38:23","date_gmt":"2025-03-26T14:38:23","guid":{"rendered":"https:\/\/elixscent.com\/?post_type=product&#038;p=56895"},"modified":"2025-08-01T07:55:26","modified_gmt":"2025-08-01T07:55:26","slug":"amplificateur-de-parfum-pour-lessive-lavella","status":"publish","type":"product","link":"https:\/\/elixscent.com\/fr\/product\/laundry-scent-booster-lavella\/","title":{"rendered":"Booster de parfum pour le linge Lavella"},"content":{"rendered":"<p data-start=\"75\" data-end=\"470\">Enveloppez-vous dans l'\u00e9treinte r\u00e9confortante de <strong data-start=\"118\" data-end=\"138\">Amarella Lavella<\/strong>, un parfum con\u00e7u pour apporter tranquillit\u00e9, chaleur et s\u00e9r\u00e9nit\u00e9 \u00e0 votre linge. Inspir\u00e9 par les moments de d\u00e9tente et de bien-\u00eatre, cet exhausteur de parfum transforme chaque lavage en une exp\u00e9rience sensorielle apaisante. Imaginez la sensation d'un linge fra\u00eechement lav\u00e9, impr\u00e9gn\u00e9 d'un ar\u00f4me d\u00e9licat et apaisant qui persiste comme une douce \u00e9treinte.<\/p>\n<h3 data-start=\"472\" data-end=\"510\"><strong data-start=\"476\" data-end=\"508\">Profil olfactif \u2013 Lavella :<\/strong><\/h3>\n<ul data-start=\"511\" data-end=\"828\">\n<li data-start=\"511\" data-end=\"616\">\n<p data-start=\"513\" data-end=\"616\"><strong data-start=\"513\" data-end=\"527\">Notes de t\u00eate :<\/strong> Un doux murmure de lavande fra\u00eeche et de p\u00e9tales couverts de ros\u00e9e, \u00e9voquant un sentiment de confort paisible.<\/p>\n<\/li>\n<li data-start=\"617\" data-end=\"719\">\n<p data-start=\"619\" data-end=\"719\"><strong data-start=\"619\" data-end=\"635\">Notes de c\u0153ur :<\/strong> Un m\u00e9lange d\u00e9licat de fleurs blanches et de vanille cr\u00e9meuse, qui apporte chaleur et \u00e9l\u00e9gance.<\/p>\n<\/li>\n<li data-start=\"720\" data-end=\"828\">\n<p data-start=\"722\" data-end=\"828\"><strong data-start=\"722\" data-end=\"737\">Notes de fond :<\/strong> Une finale douce et musqu\u00e9e avec une touche de bois tendres, cr\u00e9ant une bulle de s\u00e9r\u00e9nit\u00e9 durable.<\/p>\n<\/li>\n<\/ul>\n<h3 data-start=\"830\" data-end=\"868\"><strong data-start=\"834\" data-end=\"866\">Pourquoi choisir Amarella Lavella ?<\/strong><\/h3>\n<p data-start=\"869\" data-end=\"1464\">\u2714 <strong data-start=\"871\" data-end=\"891\">Pas de microplastiques<\/strong> - Exempt de microcapsules de parfum, qui sont class\u00e9es comme microplastiques par la r\u00e9glementation europ\u00e9enne.<br data-start=\"988\" data-end=\"991\" \/>\u2714 <strong data-start=\"993\" data-end=\"1025\">Un parfum qui rappelle la maison<\/strong> \u2013 Con\u00e7u pour \u00e9voquer la chaleur, le confort et des moments de pure d\u00e9tente.<br data-start=\"1095\" data-end=\"1098\" \/>\u2714 <strong data-start=\"1100\" data-end=\"1126\">Fra\u00eecheur durable<\/strong> \u2013 Impr\u00e8gne profond\u00e9ment les tissus d'un parfum r\u00e9confortant et doux qui persiste pendant des semaines.<br data-start=\"1207\" data-end=\"1210\" \/>\u2714 <strong data-start=\"1212\" data-end=\"1247\">Sans danger pour tous les tissus et toutes les machines<\/strong> \u2013 Fonctionne parfaitement avec tous les types de linge et toutes les machines \u00e0 laver, y compris les mod\u00e8les HE.<br data-start=\"1331\" data-end=\"1334\" \/>\u2714 <strong data-start=\"1336\" data-end=\"1361\">Un plaisir sans effort<\/strong> \u2013 Il suffit d'ajouter les perles dans votre tambour et de laisser leur parfum apaisant embellir votre exp\u00e9rience de lessive.<\/p>\n<p data-start=\"1466\" data-end=\"1604\">Laissez <strong data-start=\"1470\" data-end=\"1490\">Amarella Lavella<\/strong> Transformez votre lessive en un rituel de d\u00e9tente, o\u00f9 douceur, chaleur et s\u00e9r\u00e9nit\u00e9 s'allient \u00e0 chaque lavage.<\/p>","protected":false},"featured_media":56896,"parent":0,"menu_order":0,"template":"","class_list":["post-56895","product","type-product","status-publish","has-post-thumbnail","hentry","product_category-amarella_2","product_category-laundry_scent_booster"],"acf":[],"yoast_head":"<!-- This site is optimized with the Yoast SEO Premium plugin v27.2 (Yoast SEO v27.4) - https:\/\/yoast.com\/product\/yoast-seo-premium-wordpress\/ -->\n<title>Laundry Scent Booster for a Long-Lasting Aroma<\/title>\n<meta name=\"description\" content=\"Amarella Laundry Scent Booster Beads \u2013 370g (24 Doses). Key Features: Advanced Fragrance Technology \u2013 Ensures deep fabric penetration for an enduring scent experience. No Microcapsules \u2013 Microplastic-Free\" \/>\n<meta name=\"robots\" content=\"index, follow, max-snippet:-1, max-image-preview:large, max-video-preview:-1\" \/>\n<link rel=\"canonical\" href=\"https:\/\/elixscent.com\/fr\/produit\/amplificateur-de-parfum-pour-lessive-lavella\/\" \/>\n<meta property=\"og:locale\" content=\"fr_FR\" \/>\n<meta property=\"og:type\" content=\"article\" \/>\n<meta property=\"og:title\" content=\"Laundry Scent Booster Lavella\" \/>\n<meta property=\"og:description\" content=\"Amarella Laundry Scent Booster Beads \u2013 370g (24 Doses). Key Features: Advanced Fragrance Technology \u2013 Ensures deep fabric penetration for an enduring scent experience. No Microcapsules \u2013 Microplastic-Free\" \/>\n<meta property=\"og:url\" content=\"https:\/\/elixscent.com\/fr\/produit\/amplificateur-de-parfum-pour-lessive-lavella\/\" \/>\n<meta property=\"og:site_name\" content=\"ELiX EU air fresheners\" \/>\n<meta property=\"article:modified_time\" content=\"2025-08-01T07:55:26+00:00\" \/>\n<meta property=\"og:image\" content=\"https:\/\/elixscent.com\/wp-content\/uploads\/WEBP_Perfume_Beeds_lavella_1.1.webp\" \/>\n\t<meta property=\"og:image:width\" content=\"210\" \/>\n\t<meta property=\"og:image:height\" content=\"655\" \/>\n\t<meta property=\"og:image:type\" content=\"image\/webp\" \/>\n<meta name=\"twitter:card\" content=\"summary_large_image\" \/>\n<meta name=\"twitter:label1\" content=\"Dur\u00e9e de lecture estim\u00e9e\" \/>\n\t<meta name=\"twitter:data1\" content=\"2 minutes\" \/>\n<script type=\"application\/ld+json\" class=\"yoast-schema-graph\">{\"@context\":\"https:\\\/\\\/schema.org\",\"@graph\":[{\"@type\":\"WebPage\",\"@id\":\"https:\\\/\\\/elixscent.com\\\/product\\\/laundry-scent-booster-lavella\\\/\",\"url\":\"https:\\\/\\\/elixscent.com\\\/product\\\/laundry-scent-booster-lavella\\\/\",\"name\":\"Laundry Scent Booster for a Long-Lasting Aroma\",\"isPartOf\":{\"@id\":\"https:\\\/\\\/elixscent.com\\\/#website\"},\"primaryImageOfPage\":{\"@id\":\"https:\\\/\\\/elixscent.com\\\/product\\\/laundry-scent-booster-lavella\\\/#primaryimage\"},\"image\":{\"@id\":\"https:\\\/\\\/elixscent.com\\\/product\\\/laundry-scent-booster-lavella\\\/#primaryimage\"},\"thumbnailUrl\":\"https:\\\/\\\/elixscent.com\\\/wp-content\\\/uploads\\\/WEBP_Perfume_Beeds_lavella_1.1.webp\",\"datePublished\":\"2025-03-26T14:38:23+00:00\",\"dateModified\":\"2025-08-01T07:55:26+00:00\",\"description\":\"Amarella Laundry Scent Booster Beads \u2013 370g (24 Doses). Key Features: Advanced Fragrance Technology \u2013 Ensures deep fabric penetration for an enduring scent experience. No Microcapsules \u2013 Microplastic-Free\",\"breadcrumb\":{\"@id\":\"https:\\\/\\\/elixscent.com\\\/product\\\/laundry-scent-booster-lavella\\\/#breadcrumb\"},\"inLanguage\":\"fr-FR\",\"potentialAction\":[{\"@type\":\"ReadAction\",\"target\":[\"https:\\\/\\\/elixscent.com\\\/product\\\/laundry-scent-booster-lavella\\\/\"]}]},{\"@type\":\"ImageObject\",\"inLanguage\":\"fr-FR\",\"@id\":\"https:\\\/\\\/elixscent.com\\\/product\\\/laundry-scent-booster-lavella\\\/#primaryimage\",\"url\":\"https:\\\/\\\/elixscent.com\\\/wp-content\\\/uploads\\\/WEBP_Perfume_Beeds_lavella_1.1.webp\",\"contentUrl\":\"https:\\\/\\\/elixscent.com\\\/wp-content\\\/uploads\\\/WEBP_Perfume_Beeds_lavella_1.1.webp\",\"width\":210,\"height\":655,\"caption\":\"WEBP Perfume Beeds lavella 1.1\"},{\"@type\":\"BreadcrumbList\",\"@id\":\"https:\\\/\\\/elixscent.com\\\/product\\\/laundry-scent-booster-lavella\\\/#breadcrumb\",\"itemListElement\":[{\"@type\":\"ListItem\",\"position\":1,\"name\":\"Home\",\"item\":\"https:\\\/\\\/elixscent.com\\\/\"},{\"@type\":\"ListItem\",\"position\":2,\"name\":\"Products\",\"item\":\"https:\\\/\\\/elixscent.com\\\/product\\\/\"},{\"@type\":\"ListItem\",\"position\":3,\"name\":\"AMARELLA scented laundry\",\"item\":\"https:\\\/\\\/elixscent.com\\\/product-category\\\/amarella_2\\\/\"},{\"@type\":\"ListItem\",\"position\":4,\"name\":\"In-Wash Scent Booster Beads\",\"item\":\"https:\\\/\\\/elixscent.com\\\/product-category\\\/laundry_scent_booster\\\/\"},{\"@type\":\"ListItem\",\"position\":5,\"name\":\"Laundry Scent Booster Lavella\"}]},{\"@type\":\"WebSite\",\"@id\":\"https:\\\/\\\/elixscent.com\\\/#website\",\"url\":\"https:\\\/\\\/elixscent.com\\\/\",\"name\":\"ELiX EU air fresheners\",\"description\":\"Air &amp; Fabric, Perfectly Fresh\",\"publisher\":{\"@id\":\"https:\\\/\\\/elixscent.com\\\/#organization\"},\"potentialAction\":[{\"@type\":\"SearchAction\",\"target\":{\"@type\":\"EntryPoint\",\"urlTemplate\":\"https:\\\/\\\/elixscent.com\\\/?s={search_term_string}\"},\"query-input\":{\"@type\":\"PropertyValueSpecification\",\"valueRequired\":true,\"valueName\":\"search_term_string\"}}],\"inLanguage\":\"fr-FR\"},{\"@type\":\"Organization\",\"@id\":\"https:\\\/\\\/elixscent.com\\\/#organization\",\"name\":\"ELIX air freshener manufacturer\",\"url\":\"https:\\\/\\\/elixscent.com\\\/\",\"logo\":{\"@type\":\"ImageObject\",\"inLanguage\":\"fr-FR\",\"@id\":\"https:\\\/\\\/elixscent.com\\\/#\\\/schema\\\/logo\\\/image\\\/\",\"url\":\"https:\\\/\\\/elixscent.com\\\/wp-content\\\/uploads\\\/elix_logo_1.0-_300.jpg\",\"contentUrl\":\"https:\\\/\\\/elixscent.com\\\/wp-content\\\/uploads\\\/elix_logo_1.0-_300.jpg\",\"width\":300,\"height\":257,\"caption\":\"ELIX air freshener manufacturer\"},\"image\":{\"@id\":\"https:\\\/\\\/elixscent.com\\\/#\\\/schema\\\/logo\\\/image\\\/\"},\"sameAs\":[\"https:\\\/\\\/www.linkedin.com\\\/company\\\/30084929\"]}]}<\/script>\n<!-- \/ Yoast SEO Premium plugin. -->","yoast_head_json":{"title":"Renforcer le parfum de la lessive pour un ar\u00f4me durable","description":"Amarella Laundry Scent Booster Beads - 370g (24 doses). Caract\u00e9ristiques principales : Technologie de parfum avanc\u00e9e - Assure une p\u00e9n\u00e9tration en profondeur dans les tissus pour une exp\u00e9rience olfactive durable. Sans microcapsules - Sans microplastique","robots":{"index":"index","follow":"follow","max-snippet":"max-snippet:-1","max-image-preview":"max-image-preview:large","max-video-preview":"max-video-preview:-1"},"canonical":"https:\/\/elixscent.com\/fr\/produit\/amplificateur-de-parfum-pour-lessive-lavella\/","og_locale":"fr_FR","og_type":"article","og_title":"Laundry Scent Booster Lavella","og_description":"Amarella Laundry Scent Booster Beads \u2013 370g (24 Doses). Key Features: Advanced Fragrance Technology \u2013 Ensures deep fabric penetration for an enduring scent experience. No Microcapsules \u2013 Microplastic-Free","og_url":"https:\/\/elixscent.com\/fr\/produit\/amplificateur-de-parfum-pour-lessive-lavella\/","og_site_name":"ELiX EU air fresheners","article_modified_time":"2025-08-01T07:55:26+00:00","og_image":[{"width":210,"height":655,"url":"https:\/\/elixscent.com\/wp-content\/uploads\/WEBP_Perfume_Beeds_lavella_1.1.webp","type":"image\/webp"}],"twitter_card":"summary_large_image","twitter_misc":{"Dur\u00e9e de lecture estim\u00e9e":"2 minutes"},"schema":{"@context":"https:\/\/schema.org","@graph":[{"@type":"WebPage","@id":"https:\/\/elixscent.com\/product\/laundry-scent-booster-lavella\/","url":"https:\/\/elixscent.com\/product\/laundry-scent-booster-lavella\/","name":"Renforcer le parfum de la lessive pour un ar\u00f4me durable","isPartOf":{"@id":"https:\/\/elixscent.com\/#website"},"primaryImageOfPage":{"@id":"https:\/\/elixscent.com\/product\/laundry-scent-booster-lavella\/#primaryimage"},"image":{"@id":"https:\/\/elixscent.com\/product\/laundry-scent-booster-lavella\/#primaryimage"},"thumbnailUrl":"https:\/\/elixscent.com\/wp-content\/uploads\/WEBP_Perfume_Beeds_lavella_1.1.webp","datePublished":"2025-03-26T14:38:23+00:00","dateModified":"2025-08-01T07:55:26+00:00","description":"Amarella Laundry Scent Booster Beads - 370g (24 doses). Caract\u00e9ristiques principales : Technologie de parfum avanc\u00e9e - Assure une p\u00e9n\u00e9tration en profondeur dans les tissus pour une exp\u00e9rience olfactive durable. Sans microcapsules - Sans microplastique","breadcrumb":{"@id":"https:\/\/elixscent.com\/product\/laundry-scent-booster-lavella\/#breadcrumb"},"inLanguage":"fr-FR","potentialAction":[{"@type":"ReadAction","target":["https:\/\/elixscent.com\/product\/laundry-scent-booster-lavella\/"]}]},{"@type":"ImageObject","inLanguage":"fr-FR","@id":"https:\/\/elixscent.com\/product\/laundry-scent-booster-lavella\/#primaryimage","url":"https:\/\/elixscent.com\/wp-content\/uploads\/WEBP_Perfume_Beeds_lavella_1.1.webp","contentUrl":"https:\/\/elixscent.com\/wp-content\/uploads\/WEBP_Perfume_Beeds_lavella_1.1.webp","width":210,"height":655,"caption":"WEBP Perfume Beeds lavella 1.1"},{"@type":"BreadcrumbList","@id":"https:\/\/elixscent.com\/product\/laundry-scent-booster-lavella\/#breadcrumb","itemListElement":[{"@type":"ListItem","position":1,"name":"Home","item":"https:\/\/elixscent.com\/"},{"@type":"ListItem","position":2,"name":"Products","item":"https:\/\/elixscent.com\/product\/"},{"@type":"ListItem","position":3,"name":"AMARELLA scented laundry","item":"https:\/\/elixscent.com\/product-category\/amarella_2\/"},{"@type":"ListItem","position":4,"name":"In-Wash Scent Booster Beads","item":"https:\/\/elixscent.com\/product-category\/laundry_scent_booster\/"},{"@type":"ListItem","position":5,"name":"Laundry Scent Booster Lavella"}]},{"@type":"WebSite","@id":"https:\/\/elixscent.com\/#website","url":"https:\/\/elixscent.com\/","name":"D\u00e9sodorisants ELiX EU","description":"Air &amp; Tissus, Parfaitement frais","publisher":{"@id":"https:\/\/elixscent.com\/#organization"},"potentialAction":[{"@type":"SearchAction","target":{"@type":"EntryPoint","urlTemplate":"https:\/\/elixscent.com\/?s={search_term_string}"},"query-input":{"@type":"PropertyValueSpecification","valueRequired":true,"valueName":"search_term_string"}}],"inLanguage":"fr-FR"},{"@type":"Organization","@id":"https:\/\/elixscent.com\/#organization","name":"Fabricant de d\u00e9sodorisants ELIX","url":"https:\/\/elixscent.com\/","logo":{"@type":"ImageObject","inLanguage":"fr-FR","@id":"https:\/\/elixscent.com\/#\/schema\/logo\/image\/","url":"https:\/\/elixscent.com\/wp-content\/uploads\/elix_logo_1.0-_300.jpg","contentUrl":"https:\/\/elixscent.com\/wp-content\/uploads\/elix_logo_1.0-_300.jpg","width":300,"height":257,"caption":"ELIX air freshener manufacturer"},"image":{"@id":"https:\/\/elixscent.com\/#\/schema\/logo\/image\/"},"sameAs":["https:\/\/www.linkedin.com\/company\/30084929"]}]}},"_links":{"self":[{"href":"https:\/\/elixscent.com\/fr\/wp-json\/wp\/v2\/product\/56895","targetHints":{"allow":["GET"]}}],"collection":[{"href":"https:\/\/elixscent.com\/fr\/wp-json\/wp\/v2\/product"}],"about":[{"href":"https:\/\/elixscent.com\/fr\/wp-json\/wp\/v2\/types\/product"}],"version-history":[{"count":3,"href":"https:\/\/elixscent.com\/fr\/wp-json\/wp\/v2\/product\/56895\/revisions"}],"predecessor-version":[{"id":58695,"href":"https:\/\/elixscent.com\/fr\/wp-json\/wp\/v2\/product\/56895\/revisions\/58695"}],"wp:featuredmedia":[{"embeddable":true,"href":"https:\/\/elixscent.com\/fr\/wp-json\/wp\/v2\/media\/56896"}],"wp:attachment":[{"href":"https:\/\/elixscent.com\/fr\/wp-json\/wp\/v2\/media?parent=56895"}],"curies":[{"name":"wp","href":"https:\/\/api.w.org\/{rel}","templated":true}]}}