{"id":56871,"date":"2025-03-26T14:20:05","date_gmt":"2025-03-26T14:20:05","guid":{"rendered":"https:\/\/elixscent.com\/?post_type=product&#038;p=56871"},"modified":"2025-08-01T07:58:04","modified_gmt":"2025-08-01T07:58:04","slug":"booster-de-parfum-pour-la-lessive-bloomingo","status":"publish","type":"product","link":"https:\/\/elixscent.com\/fr\/product\/laundry-scent-booster-bloomingo\/","title":{"rendered":"Booster de parfum pour la lessive Bloomingo"},"content":{"rendered":"<p data-start=\"77\" data-end=\"371\">D\u00e9couvrez l'essence de la nature en fleurs avec <strong data-start=\"124\" data-end=\"146\">Amarella Bloomingo<\/strong> - un parfum inspir\u00e9 de jardins floraux luxuriants et de zestes d'agrumes rafra\u00eechissants. Cet exquis amplificateur de parfum enveloppe votre linge d'un ar\u00f4me vibrant et durable qui donne l'impression d'un matin frais de printemps \u00e0 chaque lavage.<\/p>\n<h3 data-start=\"373\" data-end=\"413\"><strong data-start=\"377\" data-end=\"411\">Profil de parfum - Bloomingo :<\/strong><\/h3>\n<ul data-start=\"414\" data-end=\"753\">\n<li data-start=\"414\" data-end=\"535\">\n<p data-start=\"416\" data-end=\"535\"><strong data-start=\"416\" data-end=\"430\">Notes de t\u00eate :<\/strong> Un m\u00e9lange p\u00e9tillant d'agrumes juteux et d'accords fruit\u00e9s d\u00e9licats, cr\u00e9ant une premi\u00e8re impression enjou\u00e9e.<\/p>\n<\/li>\n<li data-start=\"536\" data-end=\"632\">\n<p data-start=\"538\" data-end=\"632\"><strong data-start=\"538\" data-end=\"554\">Notes de c\u0153ur :<\/strong> Un bouquet harmonieux de fleurs \u00e9panouies, rayonnant de fra\u00eecheur et d'\u00e9l\u00e9gance.<\/p>\n<\/li>\n<li data-start=\"633\" data-end=\"753\">\n<p data-start=\"635\" data-end=\"753\"><strong data-start=\"635\" data-end=\"650\">Notes de fond :<\/strong> Des notes musqu\u00e9es douces qui renforcent la long\u00e9vit\u00e9 du parfum et laissent un sillage subtil et sophistiqu\u00e9.<\/p>\n<\/li>\n<\/ul>\n<h3 data-start=\"755\" data-end=\"795\"><strong data-start=\"759\" data-end=\"793\">Pourquoi choisir Amarella Bloomingo ?<\/strong><\/h3>\n<p data-start=\"796\" data-end=\"1266\">\u2714 <strong data-start=\"798\" data-end=\"818\">Pas de microplastiques<\/strong> - Exempt de microcapsules de parfum, qui sont class\u00e9es comme microplastiques par la r\u00e9glementation europ\u00e9enne.<br data-start=\"915\" data-end=\"918\" \/>\u2714 <strong data-start=\"920\" data-end=\"946\">Fra\u00eecheur durable<\/strong> - La formule avanc\u00e9e assure une infusion en profondeur du tissu pour un parfum qui dure des semaines.<br data-start=\"1028\" data-end=\"1031\" \/>\u2714 <strong data-start=\"1033\" data-end=\"1068\">Sans danger pour tous les tissus et toutes les machines<\/strong> - Fonctionne parfaitement avec tous les types de linge et de machines \u00e0 laver, y compris les mod\u00e8les HE.<br data-start=\"1156\" data-end=\"1159\" \/>\u2714 <strong data-start=\"1161\" data-end=\"1176\">Facile \u00e0 utiliser<\/strong> - Il suffit d'ajouter les perles dans le tambour de votre machine \u00e0 laver et de profiter d'une am\u00e9lioration du parfum sans effort.<\/p>\n<p data-start=\"1268\" data-end=\"1390\">Transformez votre routine de lavage avec <strong data-start=\"1304\" data-end=\"1326\">Amarella Bloomingo<\/strong> - le m\u00e9lange parfait de l'\u00e9l\u00e9gance florale et de l'\u00e9clat rafra\u00eechissant.<\/p>","protected":false},"featured_media":56873,"parent":0,"menu_order":0,"template":"","class_list":["post-56871","product","type-product","status-publish","has-post-thumbnail","hentry","product_category-amarella_2","product_category-laundry_scent_booster"],"acf":[],"yoast_head":"<!-- This site is optimized with the Yoast SEO Premium plugin v27.2 (Yoast SEO v27.4) - https:\/\/yoast.com\/product\/yoast-seo-premium-wordpress\/ -->\n<title>Laundry Scent Booster for a Long-Lasting Aroma<\/title>\n<meta name=\"description\" content=\"Amarella Laundry Scent Booster Beads \u2013 370g (24 Doses). Key Features: Advanced Fragrance Technology \u2013 Ensures deep fabric penetration for an enduring scent experience. No Microcapsules \u2013 Microplastic-Free\" \/>\n<meta name=\"robots\" content=\"index, follow, max-snippet:-1, max-image-preview:large, max-video-preview:-1\" \/>\n<link rel=\"canonical\" href=\"https:\/\/elixscent.com\/fr\/produit\/booster-de-parfum-pour-la-lessive-bloomingo\/\" \/>\n<meta property=\"og:locale\" content=\"fr_FR\" \/>\n<meta property=\"og:type\" content=\"article\" \/>\n<meta property=\"og:title\" content=\"Laundry Scent Booster Bloomingo\" \/>\n<meta property=\"og:description\" content=\"Amarella Laundry Scent Booster Beads \u2013 370g (24 Doses). Key Features: Advanced Fragrance Technology \u2013 Ensures deep fabric penetration for an enduring scent experience. No Microcapsules \u2013 Microplastic-Free\" \/>\n<meta property=\"og:url\" content=\"https:\/\/elixscent.com\/fr\/produit\/booster-de-parfum-pour-la-lessive-bloomingo\/\" \/>\n<meta property=\"og:site_name\" content=\"ELiX EU air fresheners\" \/>\n<meta property=\"article:modified_time\" content=\"2025-08-01T07:58:04+00:00\" \/>\n<meta property=\"og:image\" content=\"https:\/\/elixscent.com\/wp-content\/uploads\/WEBP_Perfume_Beeds_bloomingo_1.1.webp\" \/>\n\t<meta property=\"og:image:width\" content=\"210\" \/>\n\t<meta property=\"og:image:height\" content=\"655\" \/>\n\t<meta property=\"og:image:type\" content=\"image\/webp\" \/>\n<meta name=\"twitter:card\" content=\"summary_large_image\" \/>\n<meta name=\"twitter:label1\" content=\"Dur\u00e9e de lecture estim\u00e9e\" \/>\n\t<meta name=\"twitter:data1\" content=\"2 minutes\" \/>\n<script type=\"application\/ld+json\" class=\"yoast-schema-graph\">{\"@context\":\"https:\\\/\\\/schema.org\",\"@graph\":[{\"@type\":\"WebPage\",\"@id\":\"https:\\\/\\\/elixscent.com\\\/product\\\/laundry-scent-booster-bloomingo\\\/\",\"url\":\"https:\\\/\\\/elixscent.com\\\/product\\\/laundry-scent-booster-bloomingo\\\/\",\"name\":\"Laundry Scent Booster for a Long-Lasting Aroma\",\"isPartOf\":{\"@id\":\"https:\\\/\\\/elixscent.com\\\/#website\"},\"primaryImageOfPage\":{\"@id\":\"https:\\\/\\\/elixscent.com\\\/product\\\/laundry-scent-booster-bloomingo\\\/#primaryimage\"},\"image\":{\"@id\":\"https:\\\/\\\/elixscent.com\\\/product\\\/laundry-scent-booster-bloomingo\\\/#primaryimage\"},\"thumbnailUrl\":\"https:\\\/\\\/elixscent.com\\\/wp-content\\\/uploads\\\/WEBP_Perfume_Beeds_bloomingo_1.1.webp\",\"datePublished\":\"2025-03-26T14:20:05+00:00\",\"dateModified\":\"2025-08-01T07:58:04+00:00\",\"description\":\"Amarella Laundry Scent Booster Beads \u2013 370g (24 Doses). Key Features: Advanced Fragrance Technology \u2013 Ensures deep fabric penetration for an enduring scent experience. No Microcapsules \u2013 Microplastic-Free\",\"breadcrumb\":{\"@id\":\"https:\\\/\\\/elixscent.com\\\/product\\\/laundry-scent-booster-bloomingo\\\/#breadcrumb\"},\"inLanguage\":\"fr-FR\",\"potentialAction\":[{\"@type\":\"ReadAction\",\"target\":[\"https:\\\/\\\/elixscent.com\\\/product\\\/laundry-scent-booster-bloomingo\\\/\"]}]},{\"@type\":\"ImageObject\",\"inLanguage\":\"fr-FR\",\"@id\":\"https:\\\/\\\/elixscent.com\\\/product\\\/laundry-scent-booster-bloomingo\\\/#primaryimage\",\"url\":\"https:\\\/\\\/elixscent.com\\\/wp-content\\\/uploads\\\/WEBP_Perfume_Beeds_bloomingo_1.1.webp\",\"contentUrl\":\"https:\\\/\\\/elixscent.com\\\/wp-content\\\/uploads\\\/WEBP_Perfume_Beeds_bloomingo_1.1.webp\",\"width\":210,\"height\":655,\"caption\":\"WEBP Perfume Beeds bloomingo 1.1\"},{\"@type\":\"BreadcrumbList\",\"@id\":\"https:\\\/\\\/elixscent.com\\\/product\\\/laundry-scent-booster-bloomingo\\\/#breadcrumb\",\"itemListElement\":[{\"@type\":\"ListItem\",\"position\":1,\"name\":\"Home\",\"item\":\"https:\\\/\\\/elixscent.com\\\/\"},{\"@type\":\"ListItem\",\"position\":2,\"name\":\"Products\",\"item\":\"https:\\\/\\\/elixscent.com\\\/product\\\/\"},{\"@type\":\"ListItem\",\"position\":3,\"name\":\"AMARELLA scented laundry\",\"item\":\"https:\\\/\\\/elixscent.com\\\/product-category\\\/amarella_2\\\/\"},{\"@type\":\"ListItem\",\"position\":4,\"name\":\"In-Wash Scent Booster Beads\",\"item\":\"https:\\\/\\\/elixscent.com\\\/product-category\\\/laundry_scent_booster\\\/\"},{\"@type\":\"ListItem\",\"position\":5,\"name\":\"Laundry Scent Booster Bloomingo\"}]},{\"@type\":\"WebSite\",\"@id\":\"https:\\\/\\\/elixscent.com\\\/#website\",\"url\":\"https:\\\/\\\/elixscent.com\\\/\",\"name\":\"ELiX EU air fresheners\",\"description\":\"Air &amp; Fabric, Perfectly Fresh\",\"publisher\":{\"@id\":\"https:\\\/\\\/elixscent.com\\\/#organization\"},\"potentialAction\":[{\"@type\":\"SearchAction\",\"target\":{\"@type\":\"EntryPoint\",\"urlTemplate\":\"https:\\\/\\\/elixscent.com\\\/?s={search_term_string}\"},\"query-input\":{\"@type\":\"PropertyValueSpecification\",\"valueRequired\":true,\"valueName\":\"search_term_string\"}}],\"inLanguage\":\"fr-FR\"},{\"@type\":\"Organization\",\"@id\":\"https:\\\/\\\/elixscent.com\\\/#organization\",\"name\":\"ELIX air freshener manufacturer\",\"url\":\"https:\\\/\\\/elixscent.com\\\/\",\"logo\":{\"@type\":\"ImageObject\",\"inLanguage\":\"fr-FR\",\"@id\":\"https:\\\/\\\/elixscent.com\\\/#\\\/schema\\\/logo\\\/image\\\/\",\"url\":\"https:\\\/\\\/elixscent.com\\\/wp-content\\\/uploads\\\/elix_logo_1.0-_300.jpg\",\"contentUrl\":\"https:\\\/\\\/elixscent.com\\\/wp-content\\\/uploads\\\/elix_logo_1.0-_300.jpg\",\"width\":300,\"height\":257,\"caption\":\"ELIX air freshener manufacturer\"},\"image\":{\"@id\":\"https:\\\/\\\/elixscent.com\\\/#\\\/schema\\\/logo\\\/image\\\/\"},\"sameAs\":[\"https:\\\/\\\/www.linkedin.com\\\/company\\\/30084929\"]}]}<\/script>\n<!-- \/ Yoast SEO Premium plugin. -->","yoast_head_json":{"title":"Renforcer le parfum de la lessive pour un ar\u00f4me durable","description":"Amarella Laundry Scent Booster Beads - 370g (24 doses). Caract\u00e9ristiques principales : Technologie de parfum avanc\u00e9e - Assure une p\u00e9n\u00e9tration en profondeur dans les tissus pour une exp\u00e9rience olfactive durable. Sans microcapsules - Sans microplastique","robots":{"index":"index","follow":"follow","max-snippet":"max-snippet:-1","max-image-preview":"max-image-preview:large","max-video-preview":"max-video-preview:-1"},"canonical":"https:\/\/elixscent.com\/fr\/produit\/booster-de-parfum-pour-la-lessive-bloomingo\/","og_locale":"fr_FR","og_type":"article","og_title":"Laundry Scent Booster Bloomingo","og_description":"Amarella Laundry Scent Booster Beads \u2013 370g (24 Doses). Key Features: Advanced Fragrance Technology \u2013 Ensures deep fabric penetration for an enduring scent experience. No Microcapsules \u2013 Microplastic-Free","og_url":"https:\/\/elixscent.com\/fr\/produit\/booster-de-parfum-pour-la-lessive-bloomingo\/","og_site_name":"ELiX EU air fresheners","article_modified_time":"2025-08-01T07:58:04+00:00","og_image":[{"width":210,"height":655,"url":"https:\/\/elixscent.com\/wp-content\/uploads\/WEBP_Perfume_Beeds_bloomingo_1.1.webp","type":"image\/webp"}],"twitter_card":"summary_large_image","twitter_misc":{"Dur\u00e9e de lecture estim\u00e9e":"2 minutes"},"schema":{"@context":"https:\/\/schema.org","@graph":[{"@type":"WebPage","@id":"https:\/\/elixscent.com\/product\/laundry-scent-booster-bloomingo\/","url":"https:\/\/elixscent.com\/product\/laundry-scent-booster-bloomingo\/","name":"Renforcer le parfum de la lessive pour un ar\u00f4me durable","isPartOf":{"@id":"https:\/\/elixscent.com\/#website"},"primaryImageOfPage":{"@id":"https:\/\/elixscent.com\/product\/laundry-scent-booster-bloomingo\/#primaryimage"},"image":{"@id":"https:\/\/elixscent.com\/product\/laundry-scent-booster-bloomingo\/#primaryimage"},"thumbnailUrl":"https:\/\/elixscent.com\/wp-content\/uploads\/WEBP_Perfume_Beeds_bloomingo_1.1.webp","datePublished":"2025-03-26T14:20:05+00:00","dateModified":"2025-08-01T07:58:04+00:00","description":"Amarella Laundry Scent Booster Beads - 370g (24 doses). Caract\u00e9ristiques principales : Technologie de parfum avanc\u00e9e - Assure une p\u00e9n\u00e9tration en profondeur dans les tissus pour une exp\u00e9rience olfactive durable. Sans microcapsules - Sans microplastique","breadcrumb":{"@id":"https:\/\/elixscent.com\/product\/laundry-scent-booster-bloomingo\/#breadcrumb"},"inLanguage":"fr-FR","potentialAction":[{"@type":"ReadAction","target":["https:\/\/elixscent.com\/product\/laundry-scent-booster-bloomingo\/"]}]},{"@type":"ImageObject","inLanguage":"fr-FR","@id":"https:\/\/elixscent.com\/product\/laundry-scent-booster-bloomingo\/#primaryimage","url":"https:\/\/elixscent.com\/wp-content\/uploads\/WEBP_Perfume_Beeds_bloomingo_1.1.webp","contentUrl":"https:\/\/elixscent.com\/wp-content\/uploads\/WEBP_Perfume_Beeds_bloomingo_1.1.webp","width":210,"height":655,"caption":"WEBP Perfume Beeds bloomingo 1.1"},{"@type":"BreadcrumbList","@id":"https:\/\/elixscent.com\/product\/laundry-scent-booster-bloomingo\/#breadcrumb","itemListElement":[{"@type":"ListItem","position":1,"name":"Home","item":"https:\/\/elixscent.com\/"},{"@type":"ListItem","position":2,"name":"Products","item":"https:\/\/elixscent.com\/product\/"},{"@type":"ListItem","position":3,"name":"AMARELLA scented laundry","item":"https:\/\/elixscent.com\/product-category\/amarella_2\/"},{"@type":"ListItem","position":4,"name":"In-Wash Scent Booster Beads","item":"https:\/\/elixscent.com\/product-category\/laundry_scent_booster\/"},{"@type":"ListItem","position":5,"name":"Laundry Scent Booster Bloomingo"}]},{"@type":"WebSite","@id":"https:\/\/elixscent.com\/#website","url":"https:\/\/elixscent.com\/","name":"D\u00e9sodorisants ELiX EU","description":"Air &amp; Tissus, Parfaitement frais","publisher":{"@id":"https:\/\/elixscent.com\/#organization"},"potentialAction":[{"@type":"SearchAction","target":{"@type":"EntryPoint","urlTemplate":"https:\/\/elixscent.com\/?s={search_term_string}"},"query-input":{"@type":"PropertyValueSpecification","valueRequired":true,"valueName":"search_term_string"}}],"inLanguage":"fr-FR"},{"@type":"Organization","@id":"https:\/\/elixscent.com\/#organization","name":"Fabricant de d\u00e9sodorisants ELIX","url":"https:\/\/elixscent.com\/","logo":{"@type":"ImageObject","inLanguage":"fr-FR","@id":"https:\/\/elixscent.com\/#\/schema\/logo\/image\/","url":"https:\/\/elixscent.com\/wp-content\/uploads\/elix_logo_1.0-_300.jpg","contentUrl":"https:\/\/elixscent.com\/wp-content\/uploads\/elix_logo_1.0-_300.jpg","width":300,"height":257,"caption":"ELIX air freshener manufacturer"},"image":{"@id":"https:\/\/elixscent.com\/#\/schema\/logo\/image\/"},"sameAs":["https:\/\/www.linkedin.com\/company\/30084929"]}]}},"_links":{"self":[{"href":"https:\/\/elixscent.com\/fr\/wp-json\/wp\/v2\/product\/56871","targetHints":{"allow":["GET"]}}],"collection":[{"href":"https:\/\/elixscent.com\/fr\/wp-json\/wp\/v2\/product"}],"about":[{"href":"https:\/\/elixscent.com\/fr\/wp-json\/wp\/v2\/types\/product"}],"version-history":[{"count":7,"href":"https:\/\/elixscent.com\/fr\/wp-json\/wp\/v2\/product\/56871\/revisions"}],"predecessor-version":[{"id":58701,"href":"https:\/\/elixscent.com\/fr\/wp-json\/wp\/v2\/product\/56871\/revisions\/58701"}],"wp:featuredmedia":[{"embeddable":true,"href":"https:\/\/elixscent.com\/fr\/wp-json\/wp\/v2\/media\/56873"}],"wp:attachment":[{"href":"https:\/\/elixscent.com\/fr\/wp-json\/wp\/v2\/media?parent=56871"}],"curies":[{"name":"wp","href":"https:\/\/api.w.org\/{rel}","templated":true}]}}