{"id":56719,"date":"2025-03-06T13:26:33","date_gmt":"2025-03-06T13:26:33","guid":{"rendered":"https:\/\/elixscent.com\/?post_type=product&#038;p=56719"},"modified":"2025-06-16T12:53:38","modified_gmt":"2025-06-16T12:53:38","slug":"sachet-eliminateur-dodeurs-lavande","status":"publish","type":"product","link":"https:\/\/elixscent.com\/fr\/product\/odor-eliminator-sachet-lavender\/","title":{"rendered":"Sachet d'\u00e9limination des odeurs Brise de lavande"},"content":{"rendered":"<p><em>Brise de lavande fra\u00eeche avec des notes de menthe et d'eucalyptus qui se cachent dans l'ombre.<\/em><\/p>\n<p>Sachet \u00e9liminant les odeurs \u00e0 la rescousse !<\/p>\n<p>\u00c9limine les odeurs d\u00e9sagr\u00e9ables de vos chaussures, de votre sac de sport, de votre linge et de tout autre endroit o\u00f9 vous le souhaitez. <span class=\"HwtZe\" lang=\"en\"><span class=\"jCAhz ChMk0b C1N51c\"><span class=\"ryNqvb\">en vous laissant l'agr\u00e9able parfum de notre sachet<\/span><\/span><\/span> pendant 45 jours.<\/p>\n<p>Comment l'utiliser ? Sortez le sachet de son emballage et savourez-le.<\/p>\n<p><strong>NE PAS D\u00c9CHIRER<\/strong> le sachet.<em><br \/>\n<\/em><\/p>\n<p>&nbsp;<\/p>","protected":false},"featured_media":56720,"parent":0,"menu_order":0,"template":"","class_list":["post-56719","product","type-product","status-publish","has-post-thumbnail","hentry","product_category-sachet-odor-eliminator"],"acf":[],"yoast_head":"<!-- This site is optimized with the Yoast SEO Premium plugin v27.4 (Yoast SEO v27.4) - https:\/\/yoast.com\/product\/yoast-seo-premium-wordpress\/ -->\n<title>Odor Eliminator Gel Sachet Lavender Breeze | ELiX Scent<\/title>\n<meta name=\"description\" content=\"Eco-friendly sachet with lavender, mint &amp; eucalyptus. Neutralizes odors in shoes, bags, and laundry up to 45 days with advanced gel technology.\" \/>\n<meta name=\"robots\" content=\"index, follow, max-snippet:-1, max-image-preview:large, max-video-preview:-1\" \/>\n<link rel=\"canonical\" href=\"https:\/\/elixscent.com\/fr\/produit\/sachet-eliminateur-dodeurs-lavande\/\" \/>\n<meta property=\"og:locale\" content=\"fr_FR\" \/>\n<meta property=\"og:type\" content=\"article\" \/>\n<meta property=\"og:title\" content=\"Odor Eliminator Sachet Lavender Breeze\" \/>\n<meta property=\"og:description\" content=\"Eco-friendly sachet with lavender, mint &amp; eucalyptus. Neutralizes odors in shoes, bags, and laundry up to 45 days with advanced gel technology.\" \/>\n<meta property=\"og:url\" content=\"https:\/\/elixscent.com\/fr\/produit\/sachet-eliminateur-dodeurs-lavande\/\" \/>\n<meta property=\"og:site_name\" content=\"ELiX EU air fresheners\" \/>\n<meta property=\"article:modified_time\" content=\"2025-06-16T12:53:38+00:00\" \/>\n<meta property=\"og:image\" content=\"https:\/\/elixscent.com\/wp-content\/uploads\/OE_headder_lavender_3.2.png\" \/>\n\t<meta property=\"og:image:width\" content=\"300\" \/>\n\t<meta property=\"og:image:height\" content=\"718\" \/>\n\t<meta property=\"og:image:type\" content=\"image\/png\" \/>\n<meta name=\"twitter:card\" content=\"summary_large_image\" \/>\n<meta name=\"twitter:label1\" content=\"Dur\u00e9e de lecture estim\u00e9e\" \/>\n\t<meta name=\"twitter:data1\" content=\"1 minute\" \/>\n<script type=\"application\/ld+json\" class=\"yoast-schema-graph\">{\"@context\":\"https:\\\/\\\/schema.org\",\"@graph\":[{\"@type\":\"WebPage\",\"@id\":\"https:\\\/\\\/elixscent.com\\\/product\\\/odor-eliminator-sachet-lavender\\\/\",\"url\":\"https:\\\/\\\/elixscent.com\\\/product\\\/odor-eliminator-sachet-lavender\\\/\",\"name\":\"Odor Eliminator Gel Sachet Lavender Breeze | ELiX Scent\",\"isPartOf\":{\"@id\":\"https:\\\/\\\/elixscent.com\\\/#website\"},\"primaryImageOfPage\":{\"@id\":\"https:\\\/\\\/elixscent.com\\\/product\\\/odor-eliminator-sachet-lavender\\\/#primaryimage\"},\"image\":{\"@id\":\"https:\\\/\\\/elixscent.com\\\/product\\\/odor-eliminator-sachet-lavender\\\/#primaryimage\"},\"thumbnailUrl\":\"https:\\\/\\\/elixscent.com\\\/wp-content\\\/uploads\\\/OE_headder_lavender_3.2.png\",\"datePublished\":\"2025-03-06T13:26:33+00:00\",\"dateModified\":\"2025-06-16T12:53:38+00:00\",\"description\":\"Eco-friendly sachet with lavender, mint & eucalyptus. Neutralizes odors in shoes, bags, and laundry up to 45 days with advanced gel technology.\",\"breadcrumb\":{\"@id\":\"https:\\\/\\\/elixscent.com\\\/product\\\/odor-eliminator-sachet-lavender\\\/#breadcrumb\"},\"inLanguage\":\"fr-FR\",\"potentialAction\":[{\"@type\":\"ReadAction\",\"target\":[\"https:\\\/\\\/elixscent.com\\\/product\\\/odor-eliminator-sachet-lavender\\\/\"]}]},{\"@type\":\"ImageObject\",\"inLanguage\":\"fr-FR\",\"@id\":\"https:\\\/\\\/elixscent.com\\\/product\\\/odor-eliminator-sachet-lavender\\\/#primaryimage\",\"url\":\"https:\\\/\\\/elixscent.com\\\/wp-content\\\/uploads\\\/OE_headder_lavender_3.2.png\",\"contentUrl\":\"https:\\\/\\\/elixscent.com\\\/wp-content\\\/uploads\\\/OE_headder_lavender_3.2.png\",\"width\":300,\"height\":718,\"caption\":\"OE headder lavender 3.2\"},{\"@type\":\"BreadcrumbList\",\"@id\":\"https:\\\/\\\/elixscent.com\\\/product\\\/odor-eliminator-sachet-lavender\\\/#breadcrumb\",\"itemListElement\":[{\"@type\":\"ListItem\",\"position\":1,\"name\":\"Home\",\"item\":\"https:\\\/\\\/elixscent.com\\\/\"},{\"@type\":\"ListItem\",\"position\":2,\"name\":\"Products\",\"item\":\"https:\\\/\\\/elixscent.com\\\/product\\\/\"},{\"@type\":\"ListItem\",\"position\":3,\"name\":\"ODOR NEUTRALIZERS\",\"item\":\"https:\\\/\\\/elixscent.com\\\/product-category\\\/odor-neutralizers\\\/\"},{\"@type\":\"ListItem\",\"position\":4,\"name\":\"Odor Eliminator GEL Sachet\",\"item\":\"https:\\\/\\\/elixscent.com\\\/product-category\\\/sachet-odor-eliminator\\\/\"},{\"@type\":\"ListItem\",\"position\":5,\"name\":\"Odor Eliminator Sachet Lavender Breeze\"}]},{\"@type\":\"WebSite\",\"@id\":\"https:\\\/\\\/elixscent.com\\\/#website\",\"url\":\"https:\\\/\\\/elixscent.com\\\/\",\"name\":\"ELiX EU air fresheners\",\"description\":\"Air &amp; Fabric, Perfectly Fresh\",\"publisher\":{\"@id\":\"https:\\\/\\\/elixscent.com\\\/#organization\"},\"potentialAction\":[{\"@type\":\"SearchAction\",\"target\":{\"@type\":\"EntryPoint\",\"urlTemplate\":\"https:\\\/\\\/elixscent.com\\\/?s={search_term_string}\"},\"query-input\":{\"@type\":\"PropertyValueSpecification\",\"valueRequired\":true,\"valueName\":\"search_term_string\"}}],\"inLanguage\":\"fr-FR\"},{\"@type\":\"Organization\",\"@id\":\"https:\\\/\\\/elixscent.com\\\/#organization\",\"name\":\"ELIX air freshener manufacturer\",\"url\":\"https:\\\/\\\/elixscent.com\\\/\",\"logo\":{\"@type\":\"ImageObject\",\"inLanguage\":\"fr-FR\",\"@id\":\"https:\\\/\\\/elixscent.com\\\/#\\\/schema\\\/logo\\\/image\\\/\",\"url\":\"https:\\\/\\\/elixscent.com\\\/wp-content\\\/uploads\\\/elix_logo_1.0-_300.jpg\",\"contentUrl\":\"https:\\\/\\\/elixscent.com\\\/wp-content\\\/uploads\\\/elix_logo_1.0-_300.jpg\",\"width\":300,\"height\":257,\"caption\":\"ELIX air freshener manufacturer\"},\"image\":{\"@id\":\"https:\\\/\\\/elixscent.com\\\/#\\\/schema\\\/logo\\\/image\\\/\"},\"sameAs\":[\"https:\\\/\\\/www.linkedin.com\\\/company\\\/30084929\"]}]}<\/script>\n<!-- \/ Yoast SEO Premium plugin. -->","yoast_head_json":{"title":"Gel \u00e9liminateur d'odeurs - Sachet brise de lavande | ELiX Scent","description":"Sachet \u00e9cologique \u00e0 base de lavande, de menthe et d'eucalyptus. Neutralise les odeurs dans les chaussures, les sacs et le linge jusqu'\u00e0 45 jours gr\u00e2ce \u00e0 une technologie de gel avanc\u00e9e.","robots":{"index":"index","follow":"follow","max-snippet":"max-snippet:-1","max-image-preview":"max-image-preview:large","max-video-preview":"max-video-preview:-1"},"canonical":"https:\/\/elixscent.com\/fr\/produit\/sachet-eliminateur-dodeurs-lavande\/","og_locale":"fr_FR","og_type":"article","og_title":"Odor Eliminator Sachet Lavender Breeze","og_description":"Eco-friendly sachet with lavender, mint & eucalyptus. Neutralizes odors in shoes, bags, and laundry up to 45 days with advanced gel technology.","og_url":"https:\/\/elixscent.com\/fr\/produit\/sachet-eliminateur-dodeurs-lavande\/","og_site_name":"ELiX EU air fresheners","article_modified_time":"2025-06-16T12:53:38+00:00","og_image":[{"width":300,"height":718,"url":"https:\/\/elixscent.com\/wp-content\/uploads\/OE_headder_lavender_3.2.png","type":"image\/png"}],"twitter_card":"summary_large_image","twitter_misc":{"Dur\u00e9e de lecture estim\u00e9e":"1 minute"},"schema":{"@context":"https:\/\/schema.org","@graph":[{"@type":"WebPage","@id":"https:\/\/elixscent.com\/product\/odor-eliminator-sachet-lavender\/","url":"https:\/\/elixscent.com\/product\/odor-eliminator-sachet-lavender\/","name":"Gel \u00e9liminateur d'odeurs - Sachet brise de lavande | ELiX Scent","isPartOf":{"@id":"https:\/\/elixscent.com\/#website"},"primaryImageOfPage":{"@id":"https:\/\/elixscent.com\/product\/odor-eliminator-sachet-lavender\/#primaryimage"},"image":{"@id":"https:\/\/elixscent.com\/product\/odor-eliminator-sachet-lavender\/#primaryimage"},"thumbnailUrl":"https:\/\/elixscent.com\/wp-content\/uploads\/OE_headder_lavender_3.2.png","datePublished":"2025-03-06T13:26:33+00:00","dateModified":"2025-06-16T12:53:38+00:00","description":"Sachet \u00e9cologique \u00e0 base de lavande, de menthe et d'eucalyptus. Neutralise les odeurs dans les chaussures, les sacs et le linge jusqu'\u00e0 45 jours gr\u00e2ce \u00e0 une technologie de gel avanc\u00e9e.","breadcrumb":{"@id":"https:\/\/elixscent.com\/product\/odor-eliminator-sachet-lavender\/#breadcrumb"},"inLanguage":"fr-FR","potentialAction":[{"@type":"ReadAction","target":["https:\/\/elixscent.com\/product\/odor-eliminator-sachet-lavender\/"]}]},{"@type":"ImageObject","inLanguage":"fr-FR","@id":"https:\/\/elixscent.com\/product\/odor-eliminator-sachet-lavender\/#primaryimage","url":"https:\/\/elixscent.com\/wp-content\/uploads\/OE_headder_lavender_3.2.png","contentUrl":"https:\/\/elixscent.com\/wp-content\/uploads\/OE_headder_lavender_3.2.png","width":300,"height":718,"caption":"OE headder lavender 3.2"},{"@type":"BreadcrumbList","@id":"https:\/\/elixscent.com\/product\/odor-eliminator-sachet-lavender\/#breadcrumb","itemListElement":[{"@type":"ListItem","position":1,"name":"Home","item":"https:\/\/elixscent.com\/"},{"@type":"ListItem","position":2,"name":"Products","item":"https:\/\/elixscent.com\/product\/"},{"@type":"ListItem","position":3,"name":"ODOR NEUTRALIZERS","item":"https:\/\/elixscent.com\/product-category\/odor-neutralizers\/"},{"@type":"ListItem","position":4,"name":"Odor Eliminator GEL Sachet","item":"https:\/\/elixscent.com\/product-category\/sachet-odor-eliminator\/"},{"@type":"ListItem","position":5,"name":"Odor Eliminator Sachet Lavender Breeze"}]},{"@type":"WebSite","@id":"https:\/\/elixscent.com\/#website","url":"https:\/\/elixscent.com\/","name":"D\u00e9sodorisants ELiX EU","description":"Air &amp; Tissus, Parfaitement frais","publisher":{"@id":"https:\/\/elixscent.com\/#organization"},"potentialAction":[{"@type":"SearchAction","target":{"@type":"EntryPoint","urlTemplate":"https:\/\/elixscent.com\/?s={search_term_string}"},"query-input":{"@type":"PropertyValueSpecification","valueRequired":true,"valueName":"search_term_string"}}],"inLanguage":"fr-FR"},{"@type":"Organization","@id":"https:\/\/elixscent.com\/#organization","name":"Fabricant de d\u00e9sodorisants ELIX","url":"https:\/\/elixscent.com\/","logo":{"@type":"ImageObject","inLanguage":"fr-FR","@id":"https:\/\/elixscent.com\/#\/schema\/logo\/image\/","url":"https:\/\/elixscent.com\/wp-content\/uploads\/elix_logo_1.0-_300.jpg","contentUrl":"https:\/\/elixscent.com\/wp-content\/uploads\/elix_logo_1.0-_300.jpg","width":300,"height":257,"caption":"ELIX air freshener manufacturer"},"image":{"@id":"https:\/\/elixscent.com\/#\/schema\/logo\/image\/"},"sameAs":["https:\/\/www.linkedin.com\/company\/30084929"]}]}},"_links":{"self":[{"href":"https:\/\/elixscent.com\/fr\/wp-json\/wp\/v2\/product\/56719","targetHints":{"allow":["GET"]}}],"collection":[{"href":"https:\/\/elixscent.com\/fr\/wp-json\/wp\/v2\/product"}],"about":[{"href":"https:\/\/elixscent.com\/fr\/wp-json\/wp\/v2\/types\/product"}],"version-history":[{"count":4,"href":"https:\/\/elixscent.com\/fr\/wp-json\/wp\/v2\/product\/56719\/revisions"}],"predecessor-version":[{"id":57129,"href":"https:\/\/elixscent.com\/fr\/wp-json\/wp\/v2\/product\/56719\/revisions\/57129"}],"wp:featuredmedia":[{"embeddable":true,"href":"https:\/\/elixscent.com\/fr\/wp-json\/wp\/v2\/media\/56720"}],"wp:attachment":[{"href":"https:\/\/elixscent.com\/fr\/wp-json\/wp\/v2\/media?parent=56719"}],"curies":[{"name":"wp","href":"https:\/\/api.w.org\/{rel}","templated":true}]}}