{"id":56653,"date":"2025-03-05T15:10:19","date_gmt":"2025-03-05T15:10:19","guid":{"rendered":"https:\/\/elixscent.com\/?post_type=product&#038;p=56653"},"modified":"2025-08-01T08:04:31","modified_gmt":"2025-08-01T08:04:31","slug":"sachet-de-parfum-pour-la-lessive-vanwood","status":"publish","type":"product","link":"https:\/\/elixscent.com\/fr\/product\/laundry-perfume-sachet-vanwood\/","title":{"rendered":"Lessive Sachet de parfum Vanwood"},"content":{"rendered":"<p>D\u00e9couvrez la fragrance Vanwood - \u00e9l\u00e9gante et parfum\u00e9e.<\/p>","protected":false},"featured_media":56654,"parent":0,"menu_order":0,"template":"","class_list":["post-56653","product","type-product","status-publish","has-post-thumbnail","hentry","product_category-amarella_2","product_category-laundry-perfume-sachet"],"acf":[],"yoast_head":"<!-- This site is optimized with the Yoast SEO Premium plugin v27.4 (Yoast SEO v27.5) - https:\/\/yoast.com\/product\/yoast-seo-premium-wordpress\/ -->\n<title>Laundry Perfume sachet Vanwood - ELiX EU air fresheners<\/title>\n<meta name=\"description\" content=\"Amarella Laundry Perfume+ in a convenient single-dose sachet is the perfect way to give your laundry an instant boost of freshness and long-lasting fragrance. Designed for ease of use, simply add one sachet per wash for a luxurious scent experience.\" \/>\n<meta name=\"robots\" content=\"index, follow, max-snippet:-1, max-image-preview:large, max-video-preview:-1\" \/>\n<link rel=\"canonical\" href=\"https:\/\/elixscent.com\/fr\/produit\/sachet-de-parfum-pour-la-lessive-vanwood\/\" \/>\n<meta property=\"og:locale\" content=\"fr_FR\" \/>\n<meta property=\"og:type\" content=\"article\" \/>\n<meta property=\"og:title\" content=\"Laundry Perfume sachet Vanwood\" \/>\n<meta property=\"og:description\" content=\"Amarella Laundry Perfume+ in a convenient single-dose sachet is the perfect way to give your laundry an instant boost of freshness and long-lasting fragrance. Designed for ease of use, simply add one sachet per wash for a luxurious scent experience.\" \/>\n<meta property=\"og:url\" content=\"https:\/\/elixscent.com\/fr\/produit\/sachet-de-parfum-pour-la-lessive-vanwood\/\" \/>\n<meta property=\"og:site_name\" content=\"ELiX EU air fresheners\" \/>\n<meta property=\"article:modified_time\" content=\"2025-08-01T08:04:31+00:00\" \/>\n<meta property=\"og:image\" content=\"https:\/\/elixscent.com\/wp-content\/uploads\/WEBP_amarella_5x10_vanwood_product_1.0-1.webp\" \/>\n\t<meta property=\"og:image:width\" content=\"300\" \/>\n\t<meta property=\"og:image:height\" content=\"587\" \/>\n\t<meta property=\"og:image:type\" content=\"image\/webp\" \/>\n<meta name=\"twitter:card\" content=\"summary_large_image\" \/>\n<meta name=\"twitter:label1\" content=\"Dur\u00e9e de lecture estim\u00e9e\" \/>\n\t<meta name=\"twitter:data1\" content=\"1 minute\" \/>\n<script type=\"application\/ld+json\" class=\"yoast-schema-graph\">{\"@context\":\"https:\\\/\\\/schema.org\",\"@graph\":[{\"@type\":\"WebPage\",\"@id\":\"https:\\\/\\\/elixscent.com\\\/product\\\/laundry-perfume-sachet-vanwood\\\/\",\"url\":\"https:\\\/\\\/elixscent.com\\\/product\\\/laundry-perfume-sachet-vanwood\\\/\",\"name\":\"Laundry Perfume sachet Vanwood - ELiX EU air fresheners\",\"isPartOf\":{\"@id\":\"https:\\\/\\\/elixscent.com\\\/#website\"},\"primaryImageOfPage\":{\"@id\":\"https:\\\/\\\/elixscent.com\\\/product\\\/laundry-perfume-sachet-vanwood\\\/#primaryimage\"},\"image\":{\"@id\":\"https:\\\/\\\/elixscent.com\\\/product\\\/laundry-perfume-sachet-vanwood\\\/#primaryimage\"},\"thumbnailUrl\":\"https:\\\/\\\/elixscent.com\\\/wp-content\\\/uploads\\\/WEBP_amarella_5x10_vanwood_product_1.0-1.webp\",\"datePublished\":\"2025-03-05T15:10:19+00:00\",\"dateModified\":\"2025-08-01T08:04:31+00:00\",\"description\":\"Amarella Laundry Perfume+ in a convenient single-dose sachet is the perfect way to give your laundry an instant boost of freshness and long-lasting fragrance. Designed for ease of use, simply add one sachet per wash for a luxurious scent experience.\",\"breadcrumb\":{\"@id\":\"https:\\\/\\\/elixscent.com\\\/product\\\/laundry-perfume-sachet-vanwood\\\/#breadcrumb\"},\"inLanguage\":\"fr-FR\",\"potentialAction\":[{\"@type\":\"ReadAction\",\"target\":[\"https:\\\/\\\/elixscent.com\\\/product\\\/laundry-perfume-sachet-vanwood\\\/\"]}]},{\"@type\":\"ImageObject\",\"inLanguage\":\"fr-FR\",\"@id\":\"https:\\\/\\\/elixscent.com\\\/product\\\/laundry-perfume-sachet-vanwood\\\/#primaryimage\",\"url\":\"https:\\\/\\\/elixscent.com\\\/wp-content\\\/uploads\\\/WEBP_amarella_5x10_vanwood_product_1.0-1.webp\",\"contentUrl\":\"https:\\\/\\\/elixscent.com\\\/wp-content\\\/uploads\\\/WEBP_amarella_5x10_vanwood_product_1.0-1.webp\",\"width\":300,\"height\":587,\"caption\":\"WEBP amarella 5x10 vanwood product 1.0 1\"},{\"@type\":\"BreadcrumbList\",\"@id\":\"https:\\\/\\\/elixscent.com\\\/product\\\/laundry-perfume-sachet-vanwood\\\/#breadcrumb\",\"itemListElement\":[{\"@type\":\"ListItem\",\"position\":1,\"name\":\"Home\",\"item\":\"https:\\\/\\\/elixscent.com\\\/\"},{\"@type\":\"ListItem\",\"position\":2,\"name\":\"Products\",\"item\":\"https:\\\/\\\/elixscent.com\\\/product\\\/\"},{\"@type\":\"ListItem\",\"position\":3,\"name\":\"AMARELLA scented laundry\",\"item\":\"https:\\\/\\\/elixscent.com\\\/product-category\\\/amarella_2\\\/\"},{\"@type\":\"ListItem\",\"position\":4,\"name\":\"Laundry Perfume sachet Vanwood\"}]},{\"@type\":\"WebSite\",\"@id\":\"https:\\\/\\\/elixscent.com\\\/#website\",\"url\":\"https:\\\/\\\/elixscent.com\\\/\",\"name\":\"ELiX EU air fresheners\",\"description\":\"Air &amp; Fabric, Perfectly Fresh\",\"publisher\":{\"@id\":\"https:\\\/\\\/elixscent.com\\\/#organization\"},\"potentialAction\":[{\"@type\":\"SearchAction\",\"target\":{\"@type\":\"EntryPoint\",\"urlTemplate\":\"https:\\\/\\\/elixscent.com\\\/?s={search_term_string}\"},\"query-input\":{\"@type\":\"PropertyValueSpecification\",\"valueRequired\":true,\"valueName\":\"search_term_string\"}}],\"inLanguage\":\"fr-FR\"},{\"@type\":\"Organization\",\"@id\":\"https:\\\/\\\/elixscent.com\\\/#organization\",\"name\":\"ELIX air freshener manufacturer\",\"url\":\"https:\\\/\\\/elixscent.com\\\/\",\"logo\":{\"@type\":\"ImageObject\",\"inLanguage\":\"fr-FR\",\"@id\":\"https:\\\/\\\/elixscent.com\\\/#\\\/schema\\\/logo\\\/image\\\/\",\"url\":\"https:\\\/\\\/elixscent.com\\\/wp-content\\\/uploads\\\/elix_logo_1.0-_300.jpg\",\"contentUrl\":\"https:\\\/\\\/elixscent.com\\\/wp-content\\\/uploads\\\/elix_logo_1.0-_300.jpg\",\"width\":300,\"height\":257,\"caption\":\"ELIX air freshener manufacturer\"},\"image\":{\"@id\":\"https:\\\/\\\/elixscent.com\\\/#\\\/schema\\\/logo\\\/image\\\/\"},\"sameAs\":[\"https:\\\/\\\/www.linkedin.com\\\/company\\\/30084929\"]}]}<\/script>\n<!-- \/ Yoast SEO Premium plugin. -->","yoast_head_json":{"title":"Sachet de parfum de lessive Vanwood - ELiX EU d\u00e9sodorisants d'int\u00e9rieur","description":"Amarella Laundry Perfume+ en sachet unidose pratique est le moyen id\u00e9al de donner \u00e0 votre linge un coup de fra\u00eecheur instantan\u00e9 et un parfum durable. Con\u00e7u pour une utilisation facile, il suffit d'ajouter un sachet par lavage pour obtenir un parfum luxueux.","robots":{"index":"index","follow":"follow","max-snippet":"max-snippet:-1","max-image-preview":"max-image-preview:large","max-video-preview":"max-video-preview:-1"},"canonical":"https:\/\/elixscent.com\/fr\/produit\/sachet-de-parfum-pour-la-lessive-vanwood\/","og_locale":"fr_FR","og_type":"article","og_title":"Laundry Perfume sachet Vanwood","og_description":"Amarella Laundry Perfume+ in a convenient single-dose sachet is the perfect way to give your laundry an instant boost of freshness and long-lasting fragrance. Designed for ease of use, simply add one sachet per wash for a luxurious scent experience.","og_url":"https:\/\/elixscent.com\/fr\/produit\/sachet-de-parfum-pour-la-lessive-vanwood\/","og_site_name":"ELiX EU air fresheners","article_modified_time":"2025-08-01T08:04:31+00:00","og_image":[{"width":300,"height":587,"url":"https:\/\/elixscent.com\/wp-content\/uploads\/WEBP_amarella_5x10_vanwood_product_1.0-1.webp","type":"image\/webp"}],"twitter_card":"summary_large_image","twitter_misc":{"Dur\u00e9e de lecture estim\u00e9e":"1 minute"},"schema":{"@context":"https:\/\/schema.org","@graph":[{"@type":"WebPage","@id":"https:\/\/elixscent.com\/product\/laundry-perfume-sachet-vanwood\/","url":"https:\/\/elixscent.com\/product\/laundry-perfume-sachet-vanwood\/","name":"Sachet de parfum de lessive Vanwood - ELiX EU d\u00e9sodorisants d'int\u00e9rieur","isPartOf":{"@id":"https:\/\/elixscent.com\/#website"},"primaryImageOfPage":{"@id":"https:\/\/elixscent.com\/product\/laundry-perfume-sachet-vanwood\/#primaryimage"},"image":{"@id":"https:\/\/elixscent.com\/product\/laundry-perfume-sachet-vanwood\/#primaryimage"},"thumbnailUrl":"https:\/\/elixscent.com\/wp-content\/uploads\/WEBP_amarella_5x10_vanwood_product_1.0-1.webp","datePublished":"2025-03-05T15:10:19+00:00","dateModified":"2025-08-01T08:04:31+00:00","description":"Amarella Laundry Perfume+ en sachet unidose pratique est le moyen id\u00e9al de donner \u00e0 votre linge un coup de fra\u00eecheur instantan\u00e9 et un parfum durable. Con\u00e7u pour une utilisation facile, il suffit d'ajouter un sachet par lavage pour obtenir un parfum luxueux.","breadcrumb":{"@id":"https:\/\/elixscent.com\/product\/laundry-perfume-sachet-vanwood\/#breadcrumb"},"inLanguage":"fr-FR","potentialAction":[{"@type":"ReadAction","target":["https:\/\/elixscent.com\/product\/laundry-perfume-sachet-vanwood\/"]}]},{"@type":"ImageObject","inLanguage":"fr-FR","@id":"https:\/\/elixscent.com\/product\/laundry-perfume-sachet-vanwood\/#primaryimage","url":"https:\/\/elixscent.com\/wp-content\/uploads\/WEBP_amarella_5x10_vanwood_product_1.0-1.webp","contentUrl":"https:\/\/elixscent.com\/wp-content\/uploads\/WEBP_amarella_5x10_vanwood_product_1.0-1.webp","width":300,"height":587,"caption":"WEBP amarella 5x10 vanwood product 1.0 1"},{"@type":"BreadcrumbList","@id":"https:\/\/elixscent.com\/product\/laundry-perfume-sachet-vanwood\/#breadcrumb","itemListElement":[{"@type":"ListItem","position":1,"name":"Home","item":"https:\/\/elixscent.com\/"},{"@type":"ListItem","position":2,"name":"Products","item":"https:\/\/elixscent.com\/product\/"},{"@type":"ListItem","position":3,"name":"AMARELLA scented laundry","item":"https:\/\/elixscent.com\/product-category\/amarella_2\/"},{"@type":"ListItem","position":4,"name":"Laundry Perfume sachet Vanwood"}]},{"@type":"WebSite","@id":"https:\/\/elixscent.com\/#website","url":"https:\/\/elixscent.com\/","name":"D\u00e9sodorisants ELiX EU","description":"Air &amp; Tissus, Parfaitement frais","publisher":{"@id":"https:\/\/elixscent.com\/#organization"},"potentialAction":[{"@type":"SearchAction","target":{"@type":"EntryPoint","urlTemplate":"https:\/\/elixscent.com\/?s={search_term_string}"},"query-input":{"@type":"PropertyValueSpecification","valueRequired":true,"valueName":"search_term_string"}}],"inLanguage":"fr-FR"},{"@type":"Organization","@id":"https:\/\/elixscent.com\/#organization","name":"Fabricant de d\u00e9sodorisants ELIX","url":"https:\/\/elixscent.com\/","logo":{"@type":"ImageObject","inLanguage":"fr-FR","@id":"https:\/\/elixscent.com\/#\/schema\/logo\/image\/","url":"https:\/\/elixscent.com\/wp-content\/uploads\/elix_logo_1.0-_300.jpg","contentUrl":"https:\/\/elixscent.com\/wp-content\/uploads\/elix_logo_1.0-_300.jpg","width":300,"height":257,"caption":"ELIX air freshener manufacturer"},"image":{"@id":"https:\/\/elixscent.com\/#\/schema\/logo\/image\/"},"sameAs":["https:\/\/www.linkedin.com\/company\/30084929"]}]}},"_links":{"self":[{"href":"https:\/\/elixscent.com\/fr\/wp-json\/wp\/v2\/product\/56653","targetHints":{"allow":["GET"]}}],"collection":[{"href":"https:\/\/elixscent.com\/fr\/wp-json\/wp\/v2\/product"}],"about":[{"href":"https:\/\/elixscent.com\/fr\/wp-json\/wp\/v2\/types\/product"}],"version-history":[{"count":4,"href":"https:\/\/elixscent.com\/fr\/wp-json\/wp\/v2\/product\/56653\/revisions"}],"predecessor-version":[{"id":58712,"href":"https:\/\/elixscent.com\/fr\/wp-json\/wp\/v2\/product\/56653\/revisions\/58712"}],"wp:featuredmedia":[{"embeddable":true,"href":"https:\/\/elixscent.com\/fr\/wp-json\/wp\/v2\/media\/56654"}],"wp:attachment":[{"href":"https:\/\/elixscent.com\/fr\/wp-json\/wp\/v2\/media?parent=56653"}],"curies":[{"name":"wp","href":"https:\/\/api.w.org\/{rel}","templated":true}]}}