{"id":54701,"date":"2024-11-27T08:53:34","date_gmt":"2024-11-27T08:53:34","guid":{"rendered":"https:\/\/elixscent.com\/?post_type=product&#038;p=54701"},"modified":"2025-04-17T07:00:49","modified_gmt":"2025-04-17T07:00:49","slug":"sachet-parfume-rouge","status":"publish","type":"product","link":"https:\/\/elixscent.com\/fr\/product\/scented-sachet-red\/","title":{"rendered":"Sachet parfum\u00e9 Fruits rouges"},"content":{"rendered":"<p>Sachet parfum\u00e9 pour rafra\u00eechir votre espace ! Armoire, tiroirs, v\u00eatements, casiers et autres.<\/p>\n<p>Il suffit de le retirer du sachet en aluminium pour profiter d'un nouveau parfum pendant 45 jours.<\/p>\n<p>Ne pas d\u00e9chirer le sachet.<\/p>","protected":false},"featured_media":54702,"parent":0,"menu_order":0,"template":"","class_list":["post-54701","product","type-product","status-publish","has-post-thumbnail","hentry","product_category-scented-sachet"],"acf":[],"yoast_head":"<!-- This site is optimized with the Yoast SEO Premium plugin v27.4 (Yoast SEO v27.4) - https:\/\/yoast.com\/product\/yoast-seo-premium-wordpress\/ -->\n<title>Scented Sachet Red Fruits<\/title>\n<meta name=\"description\" content=\"A scented sachet is a simple, affordable air freshener designed to keep wardrobes, drawers, and clothing smelling fresh. Filled with fragrant materials, it gently releases a pleasant aroma that lasts up to 45 days, eliminating odors and adding a touch of freshness to your belongings. Perfect for everyday use.\" \/>\n<meta name=\"robots\" content=\"index, follow, max-snippet:-1, max-image-preview:large, max-video-preview:-1\" \/>\n<link rel=\"canonical\" href=\"https:\/\/elixscent.com\/fr\/produit\/sachet-parfume-rouge\/\" \/>\n<meta property=\"og:locale\" content=\"fr_FR\" \/>\n<meta property=\"og:type\" content=\"article\" \/>\n<meta property=\"og:title\" content=\"Scented Sachet Red Fruits\" \/>\n<meta property=\"og:description\" content=\"A scented sachet is a simple, affordable air freshener designed to keep wardrobes, drawers, and clothing smelling fresh. Filled with fragrant materials, it gently releases a pleasant aroma that lasts up to 45 days, eliminating odors and adding a touch of freshness to your belongings. Perfect for everyday use.\" \/>\n<meta property=\"og:url\" content=\"https:\/\/elixscent.com\/fr\/produit\/sachet-parfume-rouge\/\" \/>\n<meta property=\"og:site_name\" content=\"ELiX EU air fresheners\" \/>\n<meta property=\"article:modified_time\" content=\"2025-04-17T07:00:49+00:00\" \/>\n<meta property=\"og:image\" content=\"https:\/\/elixscent.com\/wp-content\/uploads\/SS_11x11_RF_1.0.webp\" \/>\n\t<meta property=\"og:image:width\" content=\"600\" \/>\n\t<meta property=\"og:image:height\" content=\"601\" \/>\n\t<meta property=\"og:image:type\" content=\"image\/webp\" \/>\n<meta name=\"twitter:card\" content=\"summary_large_image\" \/>\n<meta name=\"twitter:label1\" content=\"Dur\u00e9e de lecture estim\u00e9e\" \/>\n\t<meta name=\"twitter:data1\" content=\"1 minute\" \/>\n<script type=\"application\/ld+json\" class=\"yoast-schema-graph\">{\"@context\":\"https:\\\/\\\/schema.org\",\"@graph\":[{\"@type\":\"WebPage\",\"@id\":\"https:\\\/\\\/elixscent.com\\\/product\\\/scented-sachet-red\\\/\",\"url\":\"https:\\\/\\\/elixscent.com\\\/product\\\/scented-sachet-red\\\/\",\"name\":\"Scented Sachet Red Fruits\",\"isPartOf\":{\"@id\":\"https:\\\/\\\/elixscent.com\\\/#website\"},\"primaryImageOfPage\":{\"@id\":\"https:\\\/\\\/elixscent.com\\\/product\\\/scented-sachet-red\\\/#primaryimage\"},\"image\":{\"@id\":\"https:\\\/\\\/elixscent.com\\\/product\\\/scented-sachet-red\\\/#primaryimage\"},\"thumbnailUrl\":\"https:\\\/\\\/elixscent.com\\\/wp-content\\\/uploads\\\/SS_11x11_RF_1.0.webp\",\"datePublished\":\"2024-11-27T08:53:34+00:00\",\"dateModified\":\"2025-04-17T07:00:49+00:00\",\"description\":\"A scented sachet is a simple, affordable air freshener designed to keep wardrobes, drawers, and clothing smelling fresh. Filled with fragrant materials, it gently releases a pleasant aroma that lasts up to 45 days, eliminating odors and adding a touch of freshness to your belongings. Perfect for everyday use.\",\"breadcrumb\":{\"@id\":\"https:\\\/\\\/elixscent.com\\\/product\\\/scented-sachet-red\\\/#breadcrumb\"},\"inLanguage\":\"fr-FR\",\"potentialAction\":[{\"@type\":\"ReadAction\",\"target\":[\"https:\\\/\\\/elixscent.com\\\/product\\\/scented-sachet-red\\\/\"]}]},{\"@type\":\"ImageObject\",\"inLanguage\":\"fr-FR\",\"@id\":\"https:\\\/\\\/elixscent.com\\\/product\\\/scented-sachet-red\\\/#primaryimage\",\"url\":\"https:\\\/\\\/elixscent.com\\\/wp-content\\\/uploads\\\/SS_11x11_RF_1.0.webp\",\"contentUrl\":\"https:\\\/\\\/elixscent.com\\\/wp-content\\\/uploads\\\/SS_11x11_RF_1.0.webp\",\"width\":600,\"height\":601,\"caption\":\"SS 11x11 RF 1.0\"},{\"@type\":\"BreadcrumbList\",\"@id\":\"https:\\\/\\\/elixscent.com\\\/product\\\/scented-sachet-red\\\/#breadcrumb\",\"itemListElement\":[{\"@type\":\"ListItem\",\"position\":1,\"name\":\"Home\",\"item\":\"https:\\\/\\\/elixscent.com\\\/\"},{\"@type\":\"ListItem\",\"position\":2,\"name\":\"Products\",\"item\":\"https:\\\/\\\/elixscent.com\\\/product\\\/\"},{\"@type\":\"ListItem\",\"position\":3,\"name\":\"Scented Sachet\",\"item\":\"https:\\\/\\\/elixscent.com\\\/product-category\\\/scented-sachet\\\/\"},{\"@type\":\"ListItem\",\"position\":4,\"name\":\"Scented Sachet Red Fruits\"}]},{\"@type\":\"WebSite\",\"@id\":\"https:\\\/\\\/elixscent.com\\\/#website\",\"url\":\"https:\\\/\\\/elixscent.com\\\/\",\"name\":\"ELiX EU air fresheners\",\"description\":\"Air &amp; Fabric, Perfectly Fresh\",\"publisher\":{\"@id\":\"https:\\\/\\\/elixscent.com\\\/#organization\"},\"potentialAction\":[{\"@type\":\"SearchAction\",\"target\":{\"@type\":\"EntryPoint\",\"urlTemplate\":\"https:\\\/\\\/elixscent.com\\\/?s={search_term_string}\"},\"query-input\":{\"@type\":\"PropertyValueSpecification\",\"valueRequired\":true,\"valueName\":\"search_term_string\"}}],\"inLanguage\":\"fr-FR\"},{\"@type\":\"Organization\",\"@id\":\"https:\\\/\\\/elixscent.com\\\/#organization\",\"name\":\"ELIX air freshener manufacturer\",\"url\":\"https:\\\/\\\/elixscent.com\\\/\",\"logo\":{\"@type\":\"ImageObject\",\"inLanguage\":\"fr-FR\",\"@id\":\"https:\\\/\\\/elixscent.com\\\/#\\\/schema\\\/logo\\\/image\\\/\",\"url\":\"https:\\\/\\\/elixscent.com\\\/wp-content\\\/uploads\\\/elix_logo_1.0-_300.jpg\",\"contentUrl\":\"https:\\\/\\\/elixscent.com\\\/wp-content\\\/uploads\\\/elix_logo_1.0-_300.jpg\",\"width\":300,\"height\":257,\"caption\":\"ELIX air freshener manufacturer\"},\"image\":{\"@id\":\"https:\\\/\\\/elixscent.com\\\/#\\\/schema\\\/logo\\\/image\\\/\"},\"sameAs\":[\"https:\\\/\\\/www.linkedin.com\\\/company\\\/30084929\"]}]}<\/script>\n<!-- \/ Yoast SEO Premium plugin. -->","yoast_head_json":{"title":"Sachet parfum\u00e9 Fruits rouges","description":"Un sachet parfum\u00e9 est un d\u00e9sodorisant simple et abordable con\u00e7u pour conserver une odeur de fra\u00eecheur dans les armoires, les tiroirs et les v\u00eatements. Rempli de mati\u00e8res odorantes, il diffuse doucement un ar\u00f4me agr\u00e9able qui dure jusqu'\u00e0 45 jours, \u00e9liminant les odeurs et apportant une touche de fra\u00eecheur \u00e0 vos affaires. Parfait pour un usage quotidien.","robots":{"index":"index","follow":"follow","max-snippet":"max-snippet:-1","max-image-preview":"max-image-preview:large","max-video-preview":"max-video-preview:-1"},"canonical":"https:\/\/elixscent.com\/fr\/produit\/sachet-parfume-rouge\/","og_locale":"fr_FR","og_type":"article","og_title":"Scented Sachet Red Fruits","og_description":"A scented sachet is a simple, affordable air freshener designed to keep wardrobes, drawers, and clothing smelling fresh. Filled with fragrant materials, it gently releases a pleasant aroma that lasts up to 45 days, eliminating odors and adding a touch of freshness to your belongings. Perfect for everyday use.","og_url":"https:\/\/elixscent.com\/fr\/produit\/sachet-parfume-rouge\/","og_site_name":"ELiX EU air fresheners","article_modified_time":"2025-04-17T07:00:49+00:00","og_image":[{"width":600,"height":601,"url":"https:\/\/elixscent.com\/wp-content\/uploads\/SS_11x11_RF_1.0.webp","type":"image\/webp"}],"twitter_card":"summary_large_image","twitter_misc":{"Dur\u00e9e de lecture estim\u00e9e":"1 minute"},"schema":{"@context":"https:\/\/schema.org","@graph":[{"@type":"WebPage","@id":"https:\/\/elixscent.com\/product\/scented-sachet-red\/","url":"https:\/\/elixscent.com\/product\/scented-sachet-red\/","name":"Sachet parfum\u00e9 Fruits rouges","isPartOf":{"@id":"https:\/\/elixscent.com\/#website"},"primaryImageOfPage":{"@id":"https:\/\/elixscent.com\/product\/scented-sachet-red\/#primaryimage"},"image":{"@id":"https:\/\/elixscent.com\/product\/scented-sachet-red\/#primaryimage"},"thumbnailUrl":"https:\/\/elixscent.com\/wp-content\/uploads\/SS_11x11_RF_1.0.webp","datePublished":"2024-11-27T08:53:34+00:00","dateModified":"2025-04-17T07:00:49+00:00","description":"Un sachet parfum\u00e9 est un d\u00e9sodorisant simple et abordable con\u00e7u pour conserver une odeur de fra\u00eecheur dans les armoires, les tiroirs et les v\u00eatements. Rempli de mati\u00e8res odorantes, il diffuse doucement un ar\u00f4me agr\u00e9able qui dure jusqu'\u00e0 45 jours, \u00e9liminant les odeurs et apportant une touche de fra\u00eecheur \u00e0 vos affaires. Parfait pour un usage quotidien.","breadcrumb":{"@id":"https:\/\/elixscent.com\/product\/scented-sachet-red\/#breadcrumb"},"inLanguage":"fr-FR","potentialAction":[{"@type":"ReadAction","target":["https:\/\/elixscent.com\/product\/scented-sachet-red\/"]}]},{"@type":"ImageObject","inLanguage":"fr-FR","@id":"https:\/\/elixscent.com\/product\/scented-sachet-red\/#primaryimage","url":"https:\/\/elixscent.com\/wp-content\/uploads\/SS_11x11_RF_1.0.webp","contentUrl":"https:\/\/elixscent.com\/wp-content\/uploads\/SS_11x11_RF_1.0.webp","width":600,"height":601,"caption":"SS 11x11 RF 1.0"},{"@type":"BreadcrumbList","@id":"https:\/\/elixscent.com\/product\/scented-sachet-red\/#breadcrumb","itemListElement":[{"@type":"ListItem","position":1,"name":"Home","item":"https:\/\/elixscent.com\/"},{"@type":"ListItem","position":2,"name":"Products","item":"https:\/\/elixscent.com\/product\/"},{"@type":"ListItem","position":3,"name":"Scented Sachet","item":"https:\/\/elixscent.com\/product-category\/scented-sachet\/"},{"@type":"ListItem","position":4,"name":"Scented Sachet Red Fruits"}]},{"@type":"WebSite","@id":"https:\/\/elixscent.com\/#website","url":"https:\/\/elixscent.com\/","name":"D\u00e9sodorisants ELiX EU","description":"Air &amp; Tissus, Parfaitement frais","publisher":{"@id":"https:\/\/elixscent.com\/#organization"},"potentialAction":[{"@type":"SearchAction","target":{"@type":"EntryPoint","urlTemplate":"https:\/\/elixscent.com\/?s={search_term_string}"},"query-input":{"@type":"PropertyValueSpecification","valueRequired":true,"valueName":"search_term_string"}}],"inLanguage":"fr-FR"},{"@type":"Organization","@id":"https:\/\/elixscent.com\/#organization","name":"Fabricant de d\u00e9sodorisants ELIX","url":"https:\/\/elixscent.com\/","logo":{"@type":"ImageObject","inLanguage":"fr-FR","@id":"https:\/\/elixscent.com\/#\/schema\/logo\/image\/","url":"https:\/\/elixscent.com\/wp-content\/uploads\/elix_logo_1.0-_300.jpg","contentUrl":"https:\/\/elixscent.com\/wp-content\/uploads\/elix_logo_1.0-_300.jpg","width":300,"height":257,"caption":"ELIX air freshener manufacturer"},"image":{"@id":"https:\/\/elixscent.com\/#\/schema\/logo\/image\/"},"sameAs":["https:\/\/www.linkedin.com\/company\/30084929"]}]}},"_links":{"self":[{"href":"https:\/\/elixscent.com\/fr\/wp-json\/wp\/v2\/product\/54701","targetHints":{"allow":["GET"]}}],"collection":[{"href":"https:\/\/elixscent.com\/fr\/wp-json\/wp\/v2\/product"}],"about":[{"href":"https:\/\/elixscent.com\/fr\/wp-json\/wp\/v2\/types\/product"}],"version-history":[{"count":5,"href":"https:\/\/elixscent.com\/fr\/wp-json\/wp\/v2\/product\/54701\/revisions"}],"predecessor-version":[{"id":57137,"href":"https:\/\/elixscent.com\/fr\/wp-json\/wp\/v2\/product\/54701\/revisions\/57137"}],"wp:featuredmedia":[{"embeddable":true,"href":"https:\/\/elixscent.com\/fr\/wp-json\/wp\/v2\/media\/54702"}],"wp:attachment":[{"href":"https:\/\/elixscent.com\/fr\/wp-json\/wp\/v2\/media?parent=54701"}],"curies":[{"name":"wp","href":"https:\/\/api.w.org\/{rel}","templated":true}]}}