{"id":53808,"date":"2024-11-04T13:41:47","date_gmt":"2024-11-04T13:41:47","guid":{"rendered":"https:\/\/elixscent.com\/?post_type=product&#038;p=53808"},"modified":"2025-08-23T06:41:29","modified_gmt":"2025-08-23T06:41:29","slug":"defroisseur-75-amarella-colavera","status":"publish","type":"product","link":"https:\/\/elixscent.com\/fr\/product\/crease-releaser-75-amarella-colavera\/","title":{"rendered":"D\u00e9froisseur 75 Amarella Colavera"},"content":{"rendered":"<div class=\"relative p-1 rounded-sm flex items-center justify-center bg-token-main-surface-primary text-token-text-primary h-8 w-8\">\n<p><strong><em>PAS DE SOLUTION DE REPASSAGE !<br \/>\n<\/em><\/strong><\/p>\n<p><strong>PETIT PAQUET<\/strong> pour plus de commodit\u00e9, parfait pour les voyages<\/p>\n<p>D\u00e9couvrez l'\u00e9l\u00e9gance classique de notre parfum : un m\u00e9lange intemporel qui apporte une senteur fra\u00eeche et raffin\u00e9e \u00e0 vos tissus. Parfait pour ceux qui appr\u00e9cient une touche de sophistication dans leur quotidien.<\/p>\n<\/div>\n<div><\/div>\n<ul>\n<li><strong>lisse les plis<\/strong><\/li>\n<li><strong>\u00e9limination des odeurs <\/strong><\/li>\n<li><strong>d\u00e9licatement parfum\u00e9 pour votre rafra\u00eechissement<br \/>\n<\/strong><strong><br \/>\n<\/strong>Instruction : Agiter avant utilisation. Vaporiser uniform\u00e9ment le tissu sur toute sa surface, de mani\u00e8re \u00e0 ce qu'il soit humide. Lisser ou \u00e9tirer l\u00e9g\u00e8rement le tissu. Laisser s\u00e9cher. Faire un essai sur une petite partie du tissu avant utilisation.<\/li>\n<\/ul>\n<p>V\u00e9rifier son fonctionnement : <a href=\"https:\/\/www.youtube.com\/watch?v=JEayzSW_y2s\">Elix Crease Releaser - comment l'utiliser ?<\/a><\/p>","protected":false},"featured_media":53812,"parent":0,"menu_order":0,"template":"","class_list":["post-53808","product","type-product","status-publish","has-post-thumbnail","hentry","product_category-amarella_2","product_category-crease_releaser_75"],"acf":[],"yoast_head":"<!-- This site is optimized with the Yoast SEO Premium plugin v27.4 (Yoast SEO v27.4) - https:\/\/yoast.com\/product\/yoast-seo-premium-wordpress\/ -->\n<title>Discover the Power of Crease Releaser for Wrinkle-Free Clothing<\/title>\n<meta name=\"description\" content=\"Discover the classic elegance of our fragrance that gives a fresh, sophisticated aroma to your fabrics. Perfect for those who appreciate a touch of sophistication in everyday use.\" \/>\n<meta name=\"robots\" content=\"index, follow, max-snippet:-1, max-image-preview:large, max-video-preview:-1\" \/>\n<link rel=\"canonical\" href=\"https:\/\/elixscent.com\/fr\/produit\/defroisseur-75-amarella-colavera\/\" \/>\n<meta property=\"og:locale\" content=\"fr_FR\" \/>\n<meta property=\"og:type\" content=\"article\" \/>\n<meta property=\"og:title\" content=\"Crease Releaser 75 Amarella Colavera\" \/>\n<meta property=\"og:description\" content=\"Discover the classic elegance of our fragrance that gives a fresh, sophisticated aroma to your fabrics. Perfect for those who appreciate a touch of sophistication in everyday use.\" \/>\n<meta property=\"og:url\" content=\"https:\/\/elixscent.com\/fr\/produit\/defroisseur-75-amarella-colavera\/\" \/>\n<meta property=\"og:site_name\" content=\"ELiX EU air fresheners\" \/>\n<meta property=\"article:modified_time\" content=\"2025-08-23T06:41:29+00:00\" \/>\n<meta property=\"og:image\" content=\"https:\/\/elixscent.com\/wp-content\/uploads\/CR_colavera_75_ENG_1.0.webp\" \/>\n\t<meta property=\"og:image:width\" content=\"1341\" \/>\n\t<meta property=\"og:image:height\" content=\"1341\" \/>\n\t<meta property=\"og:image:type\" content=\"image\/webp\" \/>\n<meta name=\"twitter:card\" content=\"summary_large_image\" \/>\n<meta name=\"twitter:label1\" content=\"Dur\u00e9e de lecture estim\u00e9e\" \/>\n\t<meta name=\"twitter:data1\" content=\"1 minute\" \/>\n<script type=\"application\/ld+json\" class=\"yoast-schema-graph\">{\"@context\":\"https:\\\/\\\/schema.org\",\"@graph\":[{\"@type\":\"WebPage\",\"@id\":\"https:\\\/\\\/elixscent.com\\\/product\\\/crease-releaser-75-amarella-colavera\\\/\",\"url\":\"https:\\\/\\\/elixscent.com\\\/product\\\/crease-releaser-75-amarella-colavera\\\/\",\"name\":\"Discover the Power of Crease Releaser for Wrinkle-Free Clothing\",\"isPartOf\":{\"@id\":\"https:\\\/\\\/elixscent.com\\\/#website\"},\"primaryImageOfPage\":{\"@id\":\"https:\\\/\\\/elixscent.com\\\/product\\\/crease-releaser-75-amarella-colavera\\\/#primaryimage\"},\"image\":{\"@id\":\"https:\\\/\\\/elixscent.com\\\/product\\\/crease-releaser-75-amarella-colavera\\\/#primaryimage\"},\"thumbnailUrl\":\"https:\\\/\\\/elixscent.com\\\/wp-content\\\/uploads\\\/CR_colavera_75_ENG_1.0.webp\",\"datePublished\":\"2024-11-04T13:41:47+00:00\",\"dateModified\":\"2025-08-23T06:41:29+00:00\",\"description\":\"Discover the classic elegance of our fragrance that gives a fresh, sophisticated aroma to your fabrics. Perfect for those who appreciate a touch of sophistication in everyday use.\",\"breadcrumb\":{\"@id\":\"https:\\\/\\\/elixscent.com\\\/product\\\/crease-releaser-75-amarella-colavera\\\/#breadcrumb\"},\"inLanguage\":\"fr-FR\",\"potentialAction\":[{\"@type\":\"ReadAction\",\"target\":[\"https:\\\/\\\/elixscent.com\\\/product\\\/crease-releaser-75-amarella-colavera\\\/\"]}]},{\"@type\":\"ImageObject\",\"inLanguage\":\"fr-FR\",\"@id\":\"https:\\\/\\\/elixscent.com\\\/product\\\/crease-releaser-75-amarella-colavera\\\/#primaryimage\",\"url\":\"https:\\\/\\\/elixscent.com\\\/wp-content\\\/uploads\\\/CR_colavera_75_ENG_1.0.webp\",\"contentUrl\":\"https:\\\/\\\/elixscent.com\\\/wp-content\\\/uploads\\\/CR_colavera_75_ENG_1.0.webp\",\"width\":1341,\"height\":1341,\"caption\":\"CR colavera 75 ENG 1.0\"},{\"@type\":\"BreadcrumbList\",\"@id\":\"https:\\\/\\\/elixscent.com\\\/product\\\/crease-releaser-75-amarella-colavera\\\/#breadcrumb\",\"itemListElement\":[{\"@type\":\"ListItem\",\"position\":1,\"name\":\"Home\",\"item\":\"https:\\\/\\\/elixscent.com\\\/\"},{\"@type\":\"ListItem\",\"position\":2,\"name\":\"Products\",\"item\":\"https:\\\/\\\/elixscent.com\\\/product\\\/\"},{\"@type\":\"ListItem\",\"position\":3,\"name\":\"AMARELLA scented laundry\",\"item\":\"https:\\\/\\\/elixscent.com\\\/product-category\\\/amarella_2\\\/\"},{\"@type\":\"ListItem\",\"position\":4,\"name\":\"Crease Releaser 75\",\"item\":\"https:\\\/\\\/elixscent.com\\\/product-category\\\/crease_releaser_75\\\/\"},{\"@type\":\"ListItem\",\"position\":5,\"name\":\"Crease Releaser 75 Amarella Colavera\"}]},{\"@type\":\"WebSite\",\"@id\":\"https:\\\/\\\/elixscent.com\\\/#website\",\"url\":\"https:\\\/\\\/elixscent.com\\\/\",\"name\":\"ELiX EU air fresheners\",\"description\":\"Air &amp; Fabric, Perfectly Fresh\",\"publisher\":{\"@id\":\"https:\\\/\\\/elixscent.com\\\/#organization\"},\"potentialAction\":[{\"@type\":\"SearchAction\",\"target\":{\"@type\":\"EntryPoint\",\"urlTemplate\":\"https:\\\/\\\/elixscent.com\\\/?s={search_term_string}\"},\"query-input\":{\"@type\":\"PropertyValueSpecification\",\"valueRequired\":true,\"valueName\":\"search_term_string\"}}],\"inLanguage\":\"fr-FR\"},{\"@type\":\"Organization\",\"@id\":\"https:\\\/\\\/elixscent.com\\\/#organization\",\"name\":\"ELIX air freshener manufacturer\",\"url\":\"https:\\\/\\\/elixscent.com\\\/\",\"logo\":{\"@type\":\"ImageObject\",\"inLanguage\":\"fr-FR\",\"@id\":\"https:\\\/\\\/elixscent.com\\\/#\\\/schema\\\/logo\\\/image\\\/\",\"url\":\"https:\\\/\\\/elixscent.com\\\/wp-content\\\/uploads\\\/elix_logo_1.0-_300.jpg\",\"contentUrl\":\"https:\\\/\\\/elixscent.com\\\/wp-content\\\/uploads\\\/elix_logo_1.0-_300.jpg\",\"width\":300,\"height\":257,\"caption\":\"ELIX air freshener manufacturer\"},\"image\":{\"@id\":\"https:\\\/\\\/elixscent.com\\\/#\\\/schema\\\/logo\\\/image\\\/\"},\"sameAs\":[\"https:\\\/\\\/www.linkedin.com\\\/company\\\/30084929\"]}]}<\/script>\n<!-- \/ Yoast SEO Premium plugin. -->","yoast_head_json":{"title":"D\u00e9couvrez le pouvoir du Crease Releaser pour des v\u00eatements infroissables","description":"D\u00e9couvrez l'\u00e9l\u00e9gance classique de notre parfum qui donne un ar\u00f4me frais et sophistiqu\u00e9 \u00e0 vos tissus. Parfait pour ceux qui appr\u00e9cient une touche de sophistication au quotidien.","robots":{"index":"index","follow":"follow","max-snippet":"max-snippet:-1","max-image-preview":"max-image-preview:large","max-video-preview":"max-video-preview:-1"},"canonical":"https:\/\/elixscent.com\/fr\/produit\/defroisseur-75-amarella-colavera\/","og_locale":"fr_FR","og_type":"article","og_title":"Crease Releaser 75 Amarella Colavera","og_description":"Discover the classic elegance of our fragrance that gives a fresh, sophisticated aroma to your fabrics. Perfect for those who appreciate a touch of sophistication in everyday use.","og_url":"https:\/\/elixscent.com\/fr\/produit\/defroisseur-75-amarella-colavera\/","og_site_name":"ELiX EU air fresheners","article_modified_time":"2025-08-23T06:41:29+00:00","og_image":[{"width":1341,"height":1341,"url":"https:\/\/elixscent.com\/wp-content\/uploads\/CR_colavera_75_ENG_1.0.webp","type":"image\/webp"}],"twitter_card":"summary_large_image","twitter_misc":{"Dur\u00e9e de lecture estim\u00e9e":"1 minute"},"schema":{"@context":"https:\/\/schema.org","@graph":[{"@type":"WebPage","@id":"https:\/\/elixscent.com\/product\/crease-releaser-75-amarella-colavera\/","url":"https:\/\/elixscent.com\/product\/crease-releaser-75-amarella-colavera\/","name":"D\u00e9couvrez le pouvoir du Crease Releaser pour des v\u00eatements infroissables","isPartOf":{"@id":"https:\/\/elixscent.com\/#website"},"primaryImageOfPage":{"@id":"https:\/\/elixscent.com\/product\/crease-releaser-75-amarella-colavera\/#primaryimage"},"image":{"@id":"https:\/\/elixscent.com\/product\/crease-releaser-75-amarella-colavera\/#primaryimage"},"thumbnailUrl":"https:\/\/elixscent.com\/wp-content\/uploads\/CR_colavera_75_ENG_1.0.webp","datePublished":"2024-11-04T13:41:47+00:00","dateModified":"2025-08-23T06:41:29+00:00","description":"D\u00e9couvrez l'\u00e9l\u00e9gance classique de notre parfum qui donne un ar\u00f4me frais et sophistiqu\u00e9 \u00e0 vos tissus. Parfait pour ceux qui appr\u00e9cient une touche de sophistication au quotidien.","breadcrumb":{"@id":"https:\/\/elixscent.com\/product\/crease-releaser-75-amarella-colavera\/#breadcrumb"},"inLanguage":"fr-FR","potentialAction":[{"@type":"ReadAction","target":["https:\/\/elixscent.com\/product\/crease-releaser-75-amarella-colavera\/"]}]},{"@type":"ImageObject","inLanguage":"fr-FR","@id":"https:\/\/elixscent.com\/product\/crease-releaser-75-amarella-colavera\/#primaryimage","url":"https:\/\/elixscent.com\/wp-content\/uploads\/CR_colavera_75_ENG_1.0.webp","contentUrl":"https:\/\/elixscent.com\/wp-content\/uploads\/CR_colavera_75_ENG_1.0.webp","width":1341,"height":1341,"caption":"CR colavera 75 ENG 1.0"},{"@type":"BreadcrumbList","@id":"https:\/\/elixscent.com\/product\/crease-releaser-75-amarella-colavera\/#breadcrumb","itemListElement":[{"@type":"ListItem","position":1,"name":"Home","item":"https:\/\/elixscent.com\/"},{"@type":"ListItem","position":2,"name":"Products","item":"https:\/\/elixscent.com\/product\/"},{"@type":"ListItem","position":3,"name":"AMARELLA scented laundry","item":"https:\/\/elixscent.com\/product-category\/amarella_2\/"},{"@type":"ListItem","position":4,"name":"Crease Releaser 75","item":"https:\/\/elixscent.com\/product-category\/crease_releaser_75\/"},{"@type":"ListItem","position":5,"name":"Crease Releaser 75 Amarella Colavera"}]},{"@type":"WebSite","@id":"https:\/\/elixscent.com\/#website","url":"https:\/\/elixscent.com\/","name":"D\u00e9sodorisants ELiX EU","description":"Air &amp; Tissus, Parfaitement frais","publisher":{"@id":"https:\/\/elixscent.com\/#organization"},"potentialAction":[{"@type":"SearchAction","target":{"@type":"EntryPoint","urlTemplate":"https:\/\/elixscent.com\/?s={search_term_string}"},"query-input":{"@type":"PropertyValueSpecification","valueRequired":true,"valueName":"search_term_string"}}],"inLanguage":"fr-FR"},{"@type":"Organization","@id":"https:\/\/elixscent.com\/#organization","name":"Fabricant de d\u00e9sodorisants ELIX","url":"https:\/\/elixscent.com\/","logo":{"@type":"ImageObject","inLanguage":"fr-FR","@id":"https:\/\/elixscent.com\/#\/schema\/logo\/image\/","url":"https:\/\/elixscent.com\/wp-content\/uploads\/elix_logo_1.0-_300.jpg","contentUrl":"https:\/\/elixscent.com\/wp-content\/uploads\/elix_logo_1.0-_300.jpg","width":300,"height":257,"caption":"ELIX air freshener manufacturer"},"image":{"@id":"https:\/\/elixscent.com\/#\/schema\/logo\/image\/"},"sameAs":["https:\/\/www.linkedin.com\/company\/30084929"]}]}},"_links":{"self":[{"href":"https:\/\/elixscent.com\/fr\/wp-json\/wp\/v2\/product\/53808","targetHints":{"allow":["GET"]}}],"collection":[{"href":"https:\/\/elixscent.com\/fr\/wp-json\/wp\/v2\/product"}],"about":[{"href":"https:\/\/elixscent.com\/fr\/wp-json\/wp\/v2\/types\/product"}],"version-history":[{"count":5,"href":"https:\/\/elixscent.com\/fr\/wp-json\/wp\/v2\/product\/53808\/revisions"}],"predecessor-version":[{"id":58877,"href":"https:\/\/elixscent.com\/fr\/wp-json\/wp\/v2\/product\/53808\/revisions\/58877"}],"wp:featuredmedia":[{"embeddable":true,"href":"https:\/\/elixscent.com\/fr\/wp-json\/wp\/v2\/media\/53812"}],"wp:attachment":[{"href":"https:\/\/elixscent.com\/fr\/wp-json\/wp\/v2\/media?parent=53808"}],"curies":[{"name":"wp","href":"https:\/\/api.w.org\/{rel}","templated":true}]}}