{"id":53617,"date":"2024-10-22T10:06:25","date_gmt":"2024-10-22T10:06:25","guid":{"rendered":"https:\/\/elixscent.com\/?post_type=product&#038;p=53617"},"modified":"2025-06-16T13:04:31","modified_gmt":"2025-06-16T13:04:31","slug":"eau-de-parfum-siamorita-pour-elle","status":"publish","type":"product","link":"https:\/\/elixscent.com\/fr\/product\/eau-de-parfum-siamorita-for-her\/","title":{"rendered":"Eau de Parfum Siamorita (pour elle)"},"content":{"rendered":"<blockquote><p><span id=\"span-23-132\" class=\"ct-span oxy-stock-content-styles\"><em>Si vous souhaitez acheter, visitez notre magasin :<\/em> <a class=\"_ps2id\" href=\"https:\/\/airfresh24.com\/products\/shop\/eau-de-parfum-handy-perfumes\/\" data-ps2id-offset=\"\"><strong>www.airfresh24.com<\/strong><\/a><\/span><\/p>\n<p>&nbsp;<\/p><\/blockquote>\n<p>Une \u00e9treinte d\u00e9licate et sophistiqu\u00e9e qui respire le romantisme et la gr\u00e2ce gr\u00e2ce \u00e0 une base profonde, o\u00f9 la douceur cr\u00e9meuse de la vanille et la p\u00eache pulpeuse se combinent pour \u00e9quilibrer le poids du patchouli et du musc.<\/p>","protected":false},"featured_media":53610,"parent":0,"menu_order":0,"template":"","class_list":["post-53617","product","type-product","status-publish","has-post-thumbnail","hentry","product_category-parfum-10ml"],"acf":[],"yoast_head":"<!-- This site is optimized with the Yoast SEO Premium plugin v27.4 (Yoast SEO v27.4) - https:\/\/yoast.com\/product\/yoast-seo-premium-wordpress\/ -->\n<title>Eau de Parfum Siamorita (for her) 10ml | ELiX Scent<\/title>\n<meta name=\"description\" content=\"Siamorita blends peach, rose, and vanilla in a romantic 10ml perfume \u2013 compact, elegant, and perfect for on-the-go fragrance all day.\" \/>\n<meta name=\"robots\" content=\"index, follow, max-snippet:-1, max-image-preview:large, max-video-preview:-1\" \/>\n<link rel=\"canonical\" href=\"https:\/\/elixscent.com\/fr\/produit\/eau-de-parfum-siamorita-pour-elle\/\" \/>\n<meta property=\"og:locale\" content=\"fr_FR\" \/>\n<meta property=\"og:type\" content=\"article\" \/>\n<meta property=\"og:title\" content=\"Eau de Parfum Siamorita (for her)\" \/>\n<meta property=\"og:description\" content=\"Siamorita blends peach, rose, and vanilla in a romantic 10ml perfume \u2013 compact, elegant, and perfect for on-the-go fragrance all day.\" \/>\n<meta property=\"og:url\" content=\"https:\/\/elixscent.com\/fr\/produit\/eau-de-parfum-siamorita-pour-elle\/\" \/>\n<meta property=\"og:site_name\" content=\"ELiX EU air fresheners\" \/>\n<meta property=\"article:modified_time\" content=\"2025-06-16T13:04:31+00:00\" \/>\n<meta property=\"og:image\" content=\"https:\/\/elixscent.com\/wp-content\/uploads\/10ml_perfume_siamorita_1.0-scaled.webp\" \/>\n\t<meta property=\"og:image:width\" content=\"2560\" \/>\n\t<meta property=\"og:image:height\" content=\"2560\" \/>\n\t<meta property=\"og:image:type\" content=\"image\/webp\" \/>\n<meta name=\"twitter:card\" content=\"summary_large_image\" \/>\n<meta name=\"twitter:label1\" content=\"Dur\u00e9e de lecture estim\u00e9e\" \/>\n\t<meta name=\"twitter:data1\" content=\"1 minute\" \/>\n<script type=\"application\/ld+json\" class=\"yoast-schema-graph\">{\"@context\":\"https:\\\/\\\/schema.org\",\"@graph\":[{\"@type\":\"WebPage\",\"@id\":\"https:\\\/\\\/elixscent.com\\\/product\\\/eau-de-parfum-siamorita-for-her\\\/\",\"url\":\"https:\\\/\\\/elixscent.com\\\/product\\\/eau-de-parfum-siamorita-for-her\\\/\",\"name\":\"Eau de Parfum Siamorita (for her) 10ml | ELiX Scent\",\"isPartOf\":{\"@id\":\"https:\\\/\\\/elixscent.com\\\/#website\"},\"primaryImageOfPage\":{\"@id\":\"https:\\\/\\\/elixscent.com\\\/product\\\/eau-de-parfum-siamorita-for-her\\\/#primaryimage\"},\"image\":{\"@id\":\"https:\\\/\\\/elixscent.com\\\/product\\\/eau-de-parfum-siamorita-for-her\\\/#primaryimage\"},\"thumbnailUrl\":\"https:\\\/\\\/elixscent.com\\\/wp-content\\\/uploads\\\/10ml_perfume_siamorita_1.0-scaled.webp\",\"datePublished\":\"2024-10-22T10:06:25+00:00\",\"dateModified\":\"2025-06-16T13:04:31+00:00\",\"description\":\"Siamorita blends peach, rose, and vanilla in a romantic 10ml perfume \u2013 compact, elegant, and perfect for on-the-go fragrance all day.\",\"breadcrumb\":{\"@id\":\"https:\\\/\\\/elixscent.com\\\/product\\\/eau-de-parfum-siamorita-for-her\\\/#breadcrumb\"},\"inLanguage\":\"fr-FR\",\"potentialAction\":[{\"@type\":\"ReadAction\",\"target\":[\"https:\\\/\\\/elixscent.com\\\/product\\\/eau-de-parfum-siamorita-for-her\\\/\"]}]},{\"@type\":\"ImageObject\",\"inLanguage\":\"fr-FR\",\"@id\":\"https:\\\/\\\/elixscent.com\\\/product\\\/eau-de-parfum-siamorita-for-her\\\/#primaryimage\",\"url\":\"https:\\\/\\\/elixscent.com\\\/wp-content\\\/uploads\\\/10ml_perfume_siamorita_1.0-scaled.webp\",\"contentUrl\":\"https:\\\/\\\/elixscent.com\\\/wp-content\\\/uploads\\\/10ml_perfume_siamorita_1.0-scaled.webp\",\"width\":2560,\"height\":2560,\"caption\":\"10ml perfume siamorita 1.0 scaled\"},{\"@type\":\"BreadcrumbList\",\"@id\":\"https:\\\/\\\/elixscent.com\\\/product\\\/eau-de-parfum-siamorita-for-her\\\/#breadcrumb\",\"itemListElement\":[{\"@type\":\"ListItem\",\"position\":1,\"name\":\"Home\",\"item\":\"https:\\\/\\\/elixscent.com\\\/\"},{\"@type\":\"ListItem\",\"position\":2,\"name\":\"Products\",\"item\":\"https:\\\/\\\/elixscent.com\\\/product\\\/\"},{\"@type\":\"ListItem\",\"position\":3,\"name\":\"Perfumery-Inspired\",\"item\":\"https:\\\/\\\/elixscent.com\\\/product-category\\\/perfumery_inspired\\\/\"},{\"@type\":\"ListItem\",\"position\":4,\"name\":\"PERFUME on-the-go 10ml\",\"item\":\"https:\\\/\\\/elixscent.com\\\/product-category\\\/parfum-10ml\\\/\"},{\"@type\":\"ListItem\",\"position\":5,\"name\":\"Eau de Parfum Siamorita (for her)\"}]},{\"@type\":\"WebSite\",\"@id\":\"https:\\\/\\\/elixscent.com\\\/#website\",\"url\":\"https:\\\/\\\/elixscent.com\\\/\",\"name\":\"ELiX EU air fresheners\",\"description\":\"Air &amp; Fabric, Perfectly Fresh\",\"publisher\":{\"@id\":\"https:\\\/\\\/elixscent.com\\\/#organization\"},\"potentialAction\":[{\"@type\":\"SearchAction\",\"target\":{\"@type\":\"EntryPoint\",\"urlTemplate\":\"https:\\\/\\\/elixscent.com\\\/?s={search_term_string}\"},\"query-input\":{\"@type\":\"PropertyValueSpecification\",\"valueRequired\":true,\"valueName\":\"search_term_string\"}}],\"inLanguage\":\"fr-FR\"},{\"@type\":\"Organization\",\"@id\":\"https:\\\/\\\/elixscent.com\\\/#organization\",\"name\":\"ELIX air freshener manufacturer\",\"url\":\"https:\\\/\\\/elixscent.com\\\/\",\"logo\":{\"@type\":\"ImageObject\",\"inLanguage\":\"fr-FR\",\"@id\":\"https:\\\/\\\/elixscent.com\\\/#\\\/schema\\\/logo\\\/image\\\/\",\"url\":\"https:\\\/\\\/elixscent.com\\\/wp-content\\\/uploads\\\/elix_logo_1.0-_300.jpg\",\"contentUrl\":\"https:\\\/\\\/elixscent.com\\\/wp-content\\\/uploads\\\/elix_logo_1.0-_300.jpg\",\"width\":300,\"height\":257,\"caption\":\"ELIX air freshener manufacturer\"},\"image\":{\"@id\":\"https:\\\/\\\/elixscent.com\\\/#\\\/schema\\\/logo\\\/image\\\/\"},\"sameAs\":[\"https:\\\/\\\/www.linkedin.com\\\/company\\\/30084929\"]}]}<\/script>\n<!-- \/ Yoast SEO Premium plugin. -->","yoast_head_json":{"title":"Eau de Parfum Siamorita (for her) 10ml | ELiX Scent","description":"Siamorita blends peach, rose, and vanilla in a romantic 10ml perfume \u2013 compact, elegant, and perfect for on-the-go fragrance all day.","robots":{"index":"index","follow":"follow","max-snippet":"max-snippet:-1","max-image-preview":"max-image-preview:large","max-video-preview":"max-video-preview:-1"},"canonical":"https:\/\/elixscent.com\/fr\/produit\/eau-de-parfum-siamorita-pour-elle\/","og_locale":"fr_FR","og_type":"article","og_title":"Eau de Parfum Siamorita (for her)","og_description":"Siamorita blends peach, rose, and vanilla in a romantic 10ml perfume \u2013 compact, elegant, and perfect for on-the-go fragrance all day.","og_url":"https:\/\/elixscent.com\/fr\/produit\/eau-de-parfum-siamorita-pour-elle\/","og_site_name":"ELiX EU air fresheners","article_modified_time":"2025-06-16T13:04:31+00:00","og_image":[{"width":2560,"height":2560,"url":"https:\/\/elixscent.com\/wp-content\/uploads\/10ml_perfume_siamorita_1.0-scaled.webp","type":"image\/webp"}],"twitter_card":"summary_large_image","twitter_misc":{"Dur\u00e9e de lecture estim\u00e9e":"1 minute"},"schema":{"@context":"https:\/\/schema.org","@graph":[{"@type":"WebPage","@id":"https:\/\/elixscent.com\/product\/eau-de-parfum-siamorita-for-her\/","url":"https:\/\/elixscent.com\/product\/eau-de-parfum-siamorita-for-her\/","name":"Eau de Parfum Siamorita (for her) 10ml | ELiX Scent","isPartOf":{"@id":"https:\/\/elixscent.com\/#website"},"primaryImageOfPage":{"@id":"https:\/\/elixscent.com\/product\/eau-de-parfum-siamorita-for-her\/#primaryimage"},"image":{"@id":"https:\/\/elixscent.com\/product\/eau-de-parfum-siamorita-for-her\/#primaryimage"},"thumbnailUrl":"https:\/\/elixscent.com\/wp-content\/uploads\/10ml_perfume_siamorita_1.0-scaled.webp","datePublished":"2024-10-22T10:06:25+00:00","dateModified":"2025-06-16T13:04:31+00:00","description":"Siamorita blends peach, rose, and vanilla in a romantic 10ml perfume \u2013 compact, elegant, and perfect for on-the-go fragrance all day.","breadcrumb":{"@id":"https:\/\/elixscent.com\/product\/eau-de-parfum-siamorita-for-her\/#breadcrumb"},"inLanguage":"fr-FR","potentialAction":[{"@type":"ReadAction","target":["https:\/\/elixscent.com\/product\/eau-de-parfum-siamorita-for-her\/"]}]},{"@type":"ImageObject","inLanguage":"fr-FR","@id":"https:\/\/elixscent.com\/product\/eau-de-parfum-siamorita-for-her\/#primaryimage","url":"https:\/\/elixscent.com\/wp-content\/uploads\/10ml_perfume_siamorita_1.0-scaled.webp","contentUrl":"https:\/\/elixscent.com\/wp-content\/uploads\/10ml_perfume_siamorita_1.0-scaled.webp","width":2560,"height":2560,"caption":"10ml perfume siamorita 1.0 scaled"},{"@type":"BreadcrumbList","@id":"https:\/\/elixscent.com\/product\/eau-de-parfum-siamorita-for-her\/#breadcrumb","itemListElement":[{"@type":"ListItem","position":1,"name":"Home","item":"https:\/\/elixscent.com\/"},{"@type":"ListItem","position":2,"name":"Products","item":"https:\/\/elixscent.com\/product\/"},{"@type":"ListItem","position":3,"name":"Perfumery-Inspired","item":"https:\/\/elixscent.com\/product-category\/perfumery_inspired\/"},{"@type":"ListItem","position":4,"name":"PERFUME on-the-go 10ml","item":"https:\/\/elixscent.com\/product-category\/parfum-10ml\/"},{"@type":"ListItem","position":5,"name":"Eau de Parfum Siamorita (for her)"}]},{"@type":"WebSite","@id":"https:\/\/elixscent.com\/#website","url":"https:\/\/elixscent.com\/","name":"D\u00e9sodorisants ELiX EU","description":"Air &amp; Tissus, Parfaitement frais","publisher":{"@id":"https:\/\/elixscent.com\/#organization"},"potentialAction":[{"@type":"SearchAction","target":{"@type":"EntryPoint","urlTemplate":"https:\/\/elixscent.com\/?s={search_term_string}"},"query-input":{"@type":"PropertyValueSpecification","valueRequired":true,"valueName":"search_term_string"}}],"inLanguage":"fr-FR"},{"@type":"Organization","@id":"https:\/\/elixscent.com\/#organization","name":"Fabricant de d\u00e9sodorisants ELIX","url":"https:\/\/elixscent.com\/","logo":{"@type":"ImageObject","inLanguage":"fr-FR","@id":"https:\/\/elixscent.com\/#\/schema\/logo\/image\/","url":"https:\/\/elixscent.com\/wp-content\/uploads\/elix_logo_1.0-_300.jpg","contentUrl":"https:\/\/elixscent.com\/wp-content\/uploads\/elix_logo_1.0-_300.jpg","width":300,"height":257,"caption":"ELIX air freshener manufacturer"},"image":{"@id":"https:\/\/elixscent.com\/#\/schema\/logo\/image\/"},"sameAs":["https:\/\/www.linkedin.com\/company\/30084929"]}]}},"_links":{"self":[{"href":"https:\/\/elixscent.com\/fr\/wp-json\/wp\/v2\/product\/53617","targetHints":{"allow":["GET"]}}],"collection":[{"href":"https:\/\/elixscent.com\/fr\/wp-json\/wp\/v2\/product"}],"about":[{"href":"https:\/\/elixscent.com\/fr\/wp-json\/wp\/v2\/types\/product"}],"version-history":[{"count":6,"href":"https:\/\/elixscent.com\/fr\/wp-json\/wp\/v2\/product\/53617\/revisions"}],"predecessor-version":[{"id":54114,"href":"https:\/\/elixscent.com\/fr\/wp-json\/wp\/v2\/product\/53617\/revisions\/54114"}],"wp:featuredmedia":[{"embeddable":true,"href":"https:\/\/elixscent.com\/fr\/wp-json\/wp\/v2\/media\/53610"}],"wp:attachment":[{"href":"https:\/\/elixscent.com\/fr\/wp-json\/wp\/v2\/media?parent=53617"}],"curies":[{"name":"wp","href":"https:\/\/api.w.org\/{rel}","templated":true}]}}