{"id":53606,"date":"2024-10-22T10:02:32","date_gmt":"2024-10-22T10:02:32","guid":{"rendered":"https:\/\/elixscent.com\/?post_type=product&#038;p=53606"},"modified":"2025-06-16T13:04:10","modified_gmt":"2025-06-16T13:04:10","slug":"eau-de-parfum-involare-pour-lui","status":"publish","type":"product","link":"https:\/\/elixscent.com\/fr\/product\/eau-de-parfum-involare-for-him\/","title":{"rendered":"Eau de Parfum Involare (pour lui)"},"content":{"rendered":"<blockquote><p><span id=\"span-23-132\" class=\"ct-span oxy-stock-content-styles\"><em>&gt; Si vous souhaitez acheter, visitez notre magasin :<\/em> <a class=\"_ps2id\" href=\"https:\/\/airfresh24.com\/products\/shop\/eau-de-parfum-handy-perfumes\/\" data-ps2id-offset=\"\"><strong>www.airfresh24.com<\/strong><\/a><\/span><\/p><\/blockquote>\n<p>&nbsp;<\/p>\n<p>Les notes de patchouli et d'ambre apportent richesse et intensit\u00e9. Leur chaleur profonde, douce et lourde \u00e0 la fois, se prolonge sur la peau, cr\u00e9ant une pr\u00e9sence puissante et enveloppante qui d\u00e9gage \u00e0 la fois force et sensualit\u00e9.<\/p>","protected":false},"featured_media":53608,"parent":0,"menu_order":0,"template":"","class_list":["post-53606","product","type-product","status-publish","has-post-thumbnail","hentry","product_category-parfum-10ml"],"acf":[],"yoast_head":"<!-- This site is optimized with the Yoast SEO Premium plugin v27.4 (Yoast SEO v27.4) - https:\/\/yoast.com\/product\/yoast-seo-premium-wordpress\/ -->\n<title>Eau de Parfum Involare (for him) 10ml | ELiX Scent<\/title>\n<meta name=\"description\" content=\"Involare combines patchouli, amber, and cedarwood for a bold, masculine scent in a sleek 10ml on-the-go perfume by AROMATONE.\" \/>\n<meta name=\"robots\" content=\"index, follow, max-snippet:-1, max-image-preview:large, max-video-preview:-1\" \/>\n<link rel=\"canonical\" href=\"https:\/\/elixscent.com\/fr\/produit\/eau-de-parfum-involare-pour-lui\/\" \/>\n<meta property=\"og:locale\" content=\"fr_FR\" \/>\n<meta property=\"og:type\" content=\"article\" \/>\n<meta property=\"og:title\" content=\"Eau de Parfum Involare (for him)\" \/>\n<meta property=\"og:description\" content=\"Involare combines patchouli, amber, and cedarwood for a bold, masculine scent in a sleek 10ml on-the-go perfume by AROMATONE.\" \/>\n<meta property=\"og:url\" content=\"https:\/\/elixscent.com\/fr\/produit\/eau-de-parfum-involare-pour-lui\/\" \/>\n<meta property=\"og:site_name\" content=\"ELiX EU air fresheners\" \/>\n<meta property=\"article:modified_time\" content=\"2025-06-16T13:04:10+00:00\" \/>\n<meta property=\"og:image\" content=\"https:\/\/elixscent.com\/wp-content\/uploads\/10ml_perfume_involare_1.0-scaled.webp\" \/>\n\t<meta property=\"og:image:width\" content=\"2560\" \/>\n\t<meta property=\"og:image:height\" content=\"2560\" \/>\n\t<meta property=\"og:image:type\" content=\"image\/webp\" \/>\n<meta name=\"twitter:card\" content=\"summary_large_image\" \/>\n<meta name=\"twitter:label1\" content=\"Dur\u00e9e de lecture estim\u00e9e\" \/>\n\t<meta name=\"twitter:data1\" content=\"1 minute\" \/>\n<script type=\"application\/ld+json\" class=\"yoast-schema-graph\">{\"@context\":\"https:\\\/\\\/schema.org\",\"@graph\":[{\"@type\":\"WebPage\",\"@id\":\"https:\\\/\\\/elixscent.com\\\/product\\\/eau-de-parfum-involare-for-him\\\/\",\"url\":\"https:\\\/\\\/elixscent.com\\\/product\\\/eau-de-parfum-involare-for-him\\\/\",\"name\":\"Eau de Parfum Involare (for him) 10ml | ELiX Scent\",\"isPartOf\":{\"@id\":\"https:\\\/\\\/elixscent.com\\\/#website\"},\"primaryImageOfPage\":{\"@id\":\"https:\\\/\\\/elixscent.com\\\/product\\\/eau-de-parfum-involare-for-him\\\/#primaryimage\"},\"image\":{\"@id\":\"https:\\\/\\\/elixscent.com\\\/product\\\/eau-de-parfum-involare-for-him\\\/#primaryimage\"},\"thumbnailUrl\":\"https:\\\/\\\/elixscent.com\\\/wp-content\\\/uploads\\\/10ml_perfume_involare_1.0-scaled.webp\",\"datePublished\":\"2024-10-22T10:02:32+00:00\",\"dateModified\":\"2025-06-16T13:04:10+00:00\",\"description\":\"Involare combines patchouli, amber, and cedarwood for a bold, masculine scent in a sleek 10ml on-the-go perfume by AROMATONE.\",\"breadcrumb\":{\"@id\":\"https:\\\/\\\/elixscent.com\\\/product\\\/eau-de-parfum-involare-for-him\\\/#breadcrumb\"},\"inLanguage\":\"fr-FR\",\"potentialAction\":[{\"@type\":\"ReadAction\",\"target\":[\"https:\\\/\\\/elixscent.com\\\/product\\\/eau-de-parfum-involare-for-him\\\/\"]}]},{\"@type\":\"ImageObject\",\"inLanguage\":\"fr-FR\",\"@id\":\"https:\\\/\\\/elixscent.com\\\/product\\\/eau-de-parfum-involare-for-him\\\/#primaryimage\",\"url\":\"https:\\\/\\\/elixscent.com\\\/wp-content\\\/uploads\\\/10ml_perfume_involare_1.0-scaled.webp\",\"contentUrl\":\"https:\\\/\\\/elixscent.com\\\/wp-content\\\/uploads\\\/10ml_perfume_involare_1.0-scaled.webp\",\"width\":2560,\"height\":2560,\"caption\":\"10ml perfume involare 1.0 scaled\"},{\"@type\":\"BreadcrumbList\",\"@id\":\"https:\\\/\\\/elixscent.com\\\/product\\\/eau-de-parfum-involare-for-him\\\/#breadcrumb\",\"itemListElement\":[{\"@type\":\"ListItem\",\"position\":1,\"name\":\"Home\",\"item\":\"https:\\\/\\\/elixscent.com\\\/\"},{\"@type\":\"ListItem\",\"position\":2,\"name\":\"Products\",\"item\":\"https:\\\/\\\/elixscent.com\\\/product\\\/\"},{\"@type\":\"ListItem\",\"position\":3,\"name\":\"Perfumery-Inspired\",\"item\":\"https:\\\/\\\/elixscent.com\\\/product-category\\\/perfumery_inspired\\\/\"},{\"@type\":\"ListItem\",\"position\":4,\"name\":\"PERFUME on-the-go 10ml\",\"item\":\"https:\\\/\\\/elixscent.com\\\/product-category\\\/parfum-10ml\\\/\"},{\"@type\":\"ListItem\",\"position\":5,\"name\":\"Eau de Parfum Involare (for him)\"}]},{\"@type\":\"WebSite\",\"@id\":\"https:\\\/\\\/elixscent.com\\\/#website\",\"url\":\"https:\\\/\\\/elixscent.com\\\/\",\"name\":\"ELiX EU air fresheners\",\"description\":\"Air &amp; Fabric, Perfectly Fresh\",\"publisher\":{\"@id\":\"https:\\\/\\\/elixscent.com\\\/#organization\"},\"potentialAction\":[{\"@type\":\"SearchAction\",\"target\":{\"@type\":\"EntryPoint\",\"urlTemplate\":\"https:\\\/\\\/elixscent.com\\\/?s={search_term_string}\"},\"query-input\":{\"@type\":\"PropertyValueSpecification\",\"valueRequired\":true,\"valueName\":\"search_term_string\"}}],\"inLanguage\":\"fr-FR\"},{\"@type\":\"Organization\",\"@id\":\"https:\\\/\\\/elixscent.com\\\/#organization\",\"name\":\"ELIX air freshener manufacturer\",\"url\":\"https:\\\/\\\/elixscent.com\\\/\",\"logo\":{\"@type\":\"ImageObject\",\"inLanguage\":\"fr-FR\",\"@id\":\"https:\\\/\\\/elixscent.com\\\/#\\\/schema\\\/logo\\\/image\\\/\",\"url\":\"https:\\\/\\\/elixscent.com\\\/wp-content\\\/uploads\\\/elix_logo_1.0-_300.jpg\",\"contentUrl\":\"https:\\\/\\\/elixscent.com\\\/wp-content\\\/uploads\\\/elix_logo_1.0-_300.jpg\",\"width\":300,\"height\":257,\"caption\":\"ELIX air freshener manufacturer\"},\"image\":{\"@id\":\"https:\\\/\\\/elixscent.com\\\/#\\\/schema\\\/logo\\\/image\\\/\"},\"sameAs\":[\"https:\\\/\\\/www.linkedin.com\\\/company\\\/30084929\"]}]}<\/script>\n<!-- \/ Yoast SEO Premium plugin. -->","yoast_head_json":{"title":"Eau de Parfum Involare (pour lui) 10ml | ELiX Scent","description":"Involare associe le patchouli, l'ambre et le bois de c\u00e8dre pour une senteur masculine audacieuse dans un parfum \u00e9l\u00e9gant de 10 ml \u00e0 emporter d'AROMATONE.","robots":{"index":"index","follow":"follow","max-snippet":"max-snippet:-1","max-image-preview":"max-image-preview:large","max-video-preview":"max-video-preview:-1"},"canonical":"https:\/\/elixscent.com\/fr\/produit\/eau-de-parfum-involare-pour-lui\/","og_locale":"fr_FR","og_type":"article","og_title":"Eau de Parfum Involare (for him)","og_description":"Involare combines patchouli, amber, and cedarwood for a bold, masculine scent in a sleek 10ml on-the-go perfume by AROMATONE.","og_url":"https:\/\/elixscent.com\/fr\/produit\/eau-de-parfum-involare-pour-lui\/","og_site_name":"ELiX EU air fresheners","article_modified_time":"2025-06-16T13:04:10+00:00","og_image":[{"width":2560,"height":2560,"url":"https:\/\/elixscent.com\/wp-content\/uploads\/10ml_perfume_involare_1.0-scaled.webp","type":"image\/webp"}],"twitter_card":"summary_large_image","twitter_misc":{"Dur\u00e9e de lecture estim\u00e9e":"1 minute"},"schema":{"@context":"https:\/\/schema.org","@graph":[{"@type":"WebPage","@id":"https:\/\/elixscent.com\/product\/eau-de-parfum-involare-for-him\/","url":"https:\/\/elixscent.com\/product\/eau-de-parfum-involare-for-him\/","name":"Eau de Parfum Involare (pour lui) 10ml | ELiX Scent","isPartOf":{"@id":"https:\/\/elixscent.com\/#website"},"primaryImageOfPage":{"@id":"https:\/\/elixscent.com\/product\/eau-de-parfum-involare-for-him\/#primaryimage"},"image":{"@id":"https:\/\/elixscent.com\/product\/eau-de-parfum-involare-for-him\/#primaryimage"},"thumbnailUrl":"https:\/\/elixscent.com\/wp-content\/uploads\/10ml_perfume_involare_1.0-scaled.webp","datePublished":"2024-10-22T10:02:32+00:00","dateModified":"2025-06-16T13:04:10+00:00","description":"Involare associe le patchouli, l'ambre et le bois de c\u00e8dre pour une senteur masculine audacieuse dans un parfum \u00e9l\u00e9gant de 10 ml \u00e0 emporter d'AROMATONE.","breadcrumb":{"@id":"https:\/\/elixscent.com\/product\/eau-de-parfum-involare-for-him\/#breadcrumb"},"inLanguage":"fr-FR","potentialAction":[{"@type":"ReadAction","target":["https:\/\/elixscent.com\/product\/eau-de-parfum-involare-for-him\/"]}]},{"@type":"ImageObject","inLanguage":"fr-FR","@id":"https:\/\/elixscent.com\/product\/eau-de-parfum-involare-for-him\/#primaryimage","url":"https:\/\/elixscent.com\/wp-content\/uploads\/10ml_perfume_involare_1.0-scaled.webp","contentUrl":"https:\/\/elixscent.com\/wp-content\/uploads\/10ml_perfume_involare_1.0-scaled.webp","width":2560,"height":2560,"caption":"10ml perfume involare 1.0 scaled"},{"@type":"BreadcrumbList","@id":"https:\/\/elixscent.com\/product\/eau-de-parfum-involare-for-him\/#breadcrumb","itemListElement":[{"@type":"ListItem","position":1,"name":"Home","item":"https:\/\/elixscent.com\/"},{"@type":"ListItem","position":2,"name":"Products","item":"https:\/\/elixscent.com\/product\/"},{"@type":"ListItem","position":3,"name":"Perfumery-Inspired","item":"https:\/\/elixscent.com\/product-category\/perfumery_inspired\/"},{"@type":"ListItem","position":4,"name":"PERFUME on-the-go 10ml","item":"https:\/\/elixscent.com\/product-category\/parfum-10ml\/"},{"@type":"ListItem","position":5,"name":"Eau de Parfum Involare (for him)"}]},{"@type":"WebSite","@id":"https:\/\/elixscent.com\/#website","url":"https:\/\/elixscent.com\/","name":"D\u00e9sodorisants ELiX EU","description":"Air &amp; Tissus, Parfaitement frais","publisher":{"@id":"https:\/\/elixscent.com\/#organization"},"potentialAction":[{"@type":"SearchAction","target":{"@type":"EntryPoint","urlTemplate":"https:\/\/elixscent.com\/?s={search_term_string}"},"query-input":{"@type":"PropertyValueSpecification","valueRequired":true,"valueName":"search_term_string"}}],"inLanguage":"fr-FR"},{"@type":"Organization","@id":"https:\/\/elixscent.com\/#organization","name":"Fabricant de d\u00e9sodorisants ELIX","url":"https:\/\/elixscent.com\/","logo":{"@type":"ImageObject","inLanguage":"fr-FR","@id":"https:\/\/elixscent.com\/#\/schema\/logo\/image\/","url":"https:\/\/elixscent.com\/wp-content\/uploads\/elix_logo_1.0-_300.jpg","contentUrl":"https:\/\/elixscent.com\/wp-content\/uploads\/elix_logo_1.0-_300.jpg","width":300,"height":257,"caption":"ELIX air freshener manufacturer"},"image":{"@id":"https:\/\/elixscent.com\/#\/schema\/logo\/image\/"},"sameAs":["https:\/\/www.linkedin.com\/company\/30084929"]}]}},"_links":{"self":[{"href":"https:\/\/elixscent.com\/fr\/wp-json\/wp\/v2\/product\/53606","targetHints":{"allow":["GET"]}}],"collection":[{"href":"https:\/\/elixscent.com\/fr\/wp-json\/wp\/v2\/product"}],"about":[{"href":"https:\/\/elixscent.com\/fr\/wp-json\/wp\/v2\/types\/product"}],"version-history":[{"count":6,"href":"https:\/\/elixscent.com\/fr\/wp-json\/wp\/v2\/product\/53606\/revisions"}],"predecessor-version":[{"id":54108,"href":"https:\/\/elixscent.com\/fr\/wp-json\/wp\/v2\/product\/53606\/revisions\/54108"}],"wp:featuredmedia":[{"embeddable":true,"href":"https:\/\/elixscent.com\/fr\/wp-json\/wp\/v2\/media\/53608"}],"wp:attachment":[{"href":"https:\/\/elixscent.com\/fr\/wp-json\/wp\/v2\/media?parent=53606"}],"curies":[{"name":"wp","href":"https:\/\/api.w.org\/{rel}","templated":true}]}}