{"id":51438,"date":"2024-07-12T09:07:54","date_gmt":"2024-07-12T09:07:54","guid":{"rendered":"https:\/\/elixscent.com\/?post_type=product&#038;p=51438"},"modified":"2025-06-24T09:11:29","modified_gmt":"2025-06-24T09:11:29","slug":"neutraliseur-dodeurs-pour-refrigerateur","status":"publish","type":"product","link":"https:\/\/elixscent.com\/fr\/product\/fridge-odor-neutralizer\/","title":{"rendered":"Neutralisant d'odeurs FRIDGE"},"content":{"rendered":"<h4>Caract\u00e9ristiques principales :<\/h4>\n<ul>\n<li><strong>S\u00e9curit\u00e9 d'utilisation<\/strong>: Notre neutralisateur d'odeurs pour r\u00e9frig\u00e9rateur est fabriqu\u00e9 \u00e0 partir d'ingr\u00e9dients naturels, ce qui permet de l'utiliser en toute s\u00e9curit\u00e9 en pr\u00e9sence d'aliments. Vous pouvez \u00eatre s\u00fbr qu'il ne nuira pas \u00e0 votre sant\u00e9 ou \u00e0 vos produits alimentaires.<\/li>\n<li><strong>R\u00e9glable<\/strong>: Le design \u00e9l\u00e9gant comprend des r\u00e9glages ajustables, vous permettant de contr\u00f4ler l'intensit\u00e9 de la fra\u00eecheur en fonction de vos besoins.<\/li>\n<li><strong>Longue dur\u00e9e<\/strong>: Con\u00e7u pour assurer une fra\u00eecheur continue pendant une p\u00e9riode prolong\u00e9e, il garantit que votre r\u00e9frig\u00e9rateur reste exempt d'odeurs pendant des semaines.<\/li>\n<li><strong>Huiles naturelles de citron et d'orange<\/strong>: Infus\u00e9 avec l'essence naturelle des huiles de citron et d'orange, il neutralise non seulement les mauvaises odeurs mais laisse \u00e9galement un parfum d'agrumes agr\u00e9able et rafra\u00eechissant.<\/li>\n<li><strong>Neutralisation efficace des odeurs<\/strong>: Notre formule avanc\u00e9e cible et neutralise tous les types d'odeurs d\u00e9sagr\u00e9ables, garantissant une odeur de propret\u00e9 et de fra\u00eecheur en permanence dans votre r\u00e9frig\u00e9rateur.<\/li>\n<\/ul>\n<h4>Pourquoi choisir notre neutralisateur d'odeurs de r\u00e9frig\u00e9rateur ?<\/h4>\n<ol>\n<li><strong>S\u00fbr et naturel<\/strong>: Ne contient pas de produits chimiques agressifs, mais uniquement les meilleurs ingr\u00e9dients naturels.<\/li>\n<li><strong>Facile \u00e0 utiliser<\/strong>: Il suffit de le placer dans le r\u00e9frig\u00e9rateur et d'ajuster les r\u00e9glages en fonction des besoins.<\/li>\n<li><strong>Respect de l'environnement<\/strong>: Fabriqu\u00e9 avec des mat\u00e9riaux respectueux de l'environnement et des huiles naturelles.<\/li>\n<li><strong>Rentabilit\u00e9<\/strong>: Une unit\u00e9 dure des semaines, ce qui permet de contr\u00f4ler les odeurs \u00e0 long terme sans avoir \u00e0 les remplacer fr\u00e9quemment.<\/li>\n<\/ol>\n<p><span id=\"span-23-132\" class=\"ct-span oxy-stock-content-styles\"><em>&gt;&gt; Si vous voulez acheter, visitez notre magasin :<\/em> <a class=\"_ps2id\" href=\"https:\/\/airfresh24.com\/products\/shop\/fridge-odor-neutralizer\/\" data-ps2id-offset=\"\"><strong>www.airfresh24.com<\/strong><\/a><\/span><\/p>","protected":false},"featured_media":51442,"parent":0,"menu_order":0,"template":"","class_list":["post-51438","product","type-product","status-publish","has-post-thumbnail","hentry","product_category-fridge"],"acf":[],"yoast_head":"<!-- This site is optimized with the Yoast SEO Premium plugin v27.4 (Yoast SEO v27.4) - https:\/\/yoast.com\/product\/yoast-seo-premium-wordpress\/ -->\n<title>FRIDGE Odor Neutralizer -<\/title>\n<meta name=\"description\" content=\"Neutralize fridge odors naturally with our safe and effective odor neutralizer. Made with natural lemon and orange oils for a refreshing citrus scent.\" \/>\n<meta name=\"robots\" content=\"index, follow, max-snippet:-1, max-image-preview:large, max-video-preview:-1\" \/>\n<link rel=\"canonical\" href=\"https:\/\/elixscent.com\/fr\/produit\/neutraliseur-dodeurs-pour-refrigerateur\/\" \/>\n<meta property=\"og:locale\" content=\"fr_FR\" \/>\n<meta property=\"og:type\" content=\"article\" \/>\n<meta property=\"og:title\" content=\"FRIDGE Odor Neutralizer\" \/>\n<meta property=\"og:description\" content=\"Neutralize fridge odors naturally with our safe and effective odor neutralizer. Made with natural lemon and orange oils for a refreshing citrus scent.\" \/>\n<meta property=\"og:url\" content=\"https:\/\/elixscent.com\/fr\/produit\/neutraliseur-dodeurs-pour-refrigerateur\/\" \/>\n<meta property=\"og:site_name\" content=\"ELiX EU air fresheners\" \/>\n<meta property=\"article:modified_time\" content=\"2025-06-24T09:11:29+00:00\" \/>\n<meta property=\"og:image\" content=\"https:\/\/elixscent.com\/wp-content\/uploads\/fridge_neutralizer_1.1.webp\" \/>\n\t<meta property=\"og:image:width\" content=\"2253\" \/>\n\t<meta property=\"og:image:height\" content=\"1888\" \/>\n\t<meta property=\"og:image:type\" content=\"image\/webp\" \/>\n<meta name=\"twitter:card\" content=\"summary_large_image\" \/>\n<meta name=\"twitter:label1\" content=\"Dur\u00e9e de lecture estim\u00e9e\" \/>\n\t<meta name=\"twitter:data1\" content=\"2 minutes\" \/>\n<script type=\"application\/ld+json\" class=\"yoast-schema-graph\">{\"@context\":\"https:\\\/\\\/schema.org\",\"@graph\":[{\"@type\":\"WebPage\",\"@id\":\"https:\\\/\\\/elixscent.com\\\/product\\\/fridge-odor-neutralizer\\\/\",\"url\":\"https:\\\/\\\/elixscent.com\\\/product\\\/fridge-odor-neutralizer\\\/\",\"name\":\"FRIDGE Odor Neutralizer -\",\"isPartOf\":{\"@id\":\"https:\\\/\\\/elixscent.com\\\/#website\"},\"primaryImageOfPage\":{\"@id\":\"https:\\\/\\\/elixscent.com\\\/product\\\/fridge-odor-neutralizer\\\/#primaryimage\"},\"image\":{\"@id\":\"https:\\\/\\\/elixscent.com\\\/product\\\/fridge-odor-neutralizer\\\/#primaryimage\"},\"thumbnailUrl\":\"https:\\\/\\\/elixscent.com\\\/wp-content\\\/uploads\\\/fridge_neutralizer_1.1.webp\",\"datePublished\":\"2024-07-12T09:07:54+00:00\",\"dateModified\":\"2025-06-24T09:11:29+00:00\",\"description\":\"Neutralize fridge odors naturally with our safe and effective odor neutralizer. Made with natural lemon and orange oils for a refreshing citrus scent.\",\"breadcrumb\":{\"@id\":\"https:\\\/\\\/elixscent.com\\\/product\\\/fridge-odor-neutralizer\\\/#breadcrumb\"},\"inLanguage\":\"fr-FR\",\"potentialAction\":[{\"@type\":\"ReadAction\",\"target\":[\"https:\\\/\\\/elixscent.com\\\/product\\\/fridge-odor-neutralizer\\\/\"]}]},{\"@type\":\"ImageObject\",\"inLanguage\":\"fr-FR\",\"@id\":\"https:\\\/\\\/elixscent.com\\\/product\\\/fridge-odor-neutralizer\\\/#primaryimage\",\"url\":\"https:\\\/\\\/elixscent.com\\\/wp-content\\\/uploads\\\/fridge_neutralizer_1.1.webp\",\"contentUrl\":\"https:\\\/\\\/elixscent.com\\\/wp-content\\\/uploads\\\/fridge_neutralizer_1.1.webp\",\"width\":2253,\"height\":1888,\"caption\":\"fridge neutralizer 1.1\"},{\"@type\":\"BreadcrumbList\",\"@id\":\"https:\\\/\\\/elixscent.com\\\/product\\\/fridge-odor-neutralizer\\\/#breadcrumb\",\"itemListElement\":[{\"@type\":\"ListItem\",\"position\":1,\"name\":\"Home\",\"item\":\"https:\\\/\\\/elixscent.com\\\/\"},{\"@type\":\"ListItem\",\"position\":2,\"name\":\"Products\",\"item\":\"https:\\\/\\\/elixscent.com\\\/product\\\/\"},{\"@type\":\"ListItem\",\"position\":3,\"name\":\"ODOR NEUTRALIZERS\",\"item\":\"https:\\\/\\\/elixscent.com\\\/product-category\\\/odor-neutralizers\\\/\"},{\"@type\":\"ListItem\",\"position\":4,\"name\":\"FRIDGE odor neutralizer\",\"item\":\"https:\\\/\\\/elixscent.com\\\/product-category\\\/fridge\\\/\"},{\"@type\":\"ListItem\",\"position\":5,\"name\":\"FRIDGE Odor Neutralizer\"}]},{\"@type\":\"WebSite\",\"@id\":\"https:\\\/\\\/elixscent.com\\\/#website\",\"url\":\"https:\\\/\\\/elixscent.com\\\/\",\"name\":\"ELiX EU air fresheners\",\"description\":\"Air &amp; Fabric, Perfectly Fresh\",\"publisher\":{\"@id\":\"https:\\\/\\\/elixscent.com\\\/#organization\"},\"potentialAction\":[{\"@type\":\"SearchAction\",\"target\":{\"@type\":\"EntryPoint\",\"urlTemplate\":\"https:\\\/\\\/elixscent.com\\\/?s={search_term_string}\"},\"query-input\":{\"@type\":\"PropertyValueSpecification\",\"valueRequired\":true,\"valueName\":\"search_term_string\"}}],\"inLanguage\":\"fr-FR\"},{\"@type\":\"Organization\",\"@id\":\"https:\\\/\\\/elixscent.com\\\/#organization\",\"name\":\"ELIX air freshener manufacturer\",\"url\":\"https:\\\/\\\/elixscent.com\\\/\",\"logo\":{\"@type\":\"ImageObject\",\"inLanguage\":\"fr-FR\",\"@id\":\"https:\\\/\\\/elixscent.com\\\/#\\\/schema\\\/logo\\\/image\\\/\",\"url\":\"https:\\\/\\\/elixscent.com\\\/wp-content\\\/uploads\\\/elix_logo_1.0-_300.jpg\",\"contentUrl\":\"https:\\\/\\\/elixscent.com\\\/wp-content\\\/uploads\\\/elix_logo_1.0-_300.jpg\",\"width\":300,\"height\":257,\"caption\":\"ELIX air freshener manufacturer\"},\"image\":{\"@id\":\"https:\\\/\\\/elixscent.com\\\/#\\\/schema\\\/logo\\\/image\\\/\"},\"sameAs\":[\"https:\\\/\\\/www.linkedin.com\\\/company\\\/30084929\"]}]}<\/script>\n<!-- \/ Yoast SEO Premium plugin. -->","yoast_head_json":{"title":"Neutralisant d'odeurs FRIDGE -","description":"Neutralisez naturellement les odeurs de r\u00e9frig\u00e9rateur avec notre neutralisant d'odeurs s\u00fbr et efficace. Fabriqu\u00e9 avec des huiles naturelles de citron et d'orange pour un parfum d'agrumes rafra\u00eechissant.","robots":{"index":"index","follow":"follow","max-snippet":"max-snippet:-1","max-image-preview":"max-image-preview:large","max-video-preview":"max-video-preview:-1"},"canonical":"https:\/\/elixscent.com\/fr\/produit\/neutraliseur-dodeurs-pour-refrigerateur\/","og_locale":"fr_FR","og_type":"article","og_title":"FRIDGE Odor Neutralizer","og_description":"Neutralize fridge odors naturally with our safe and effective odor neutralizer. Made with natural lemon and orange oils for a refreshing citrus scent.","og_url":"https:\/\/elixscent.com\/fr\/produit\/neutraliseur-dodeurs-pour-refrigerateur\/","og_site_name":"ELiX EU air fresheners","article_modified_time":"2025-06-24T09:11:29+00:00","og_image":[{"width":2253,"height":1888,"url":"https:\/\/elixscent.com\/wp-content\/uploads\/fridge_neutralizer_1.1.webp","type":"image\/webp"}],"twitter_card":"summary_large_image","twitter_misc":{"Dur\u00e9e de lecture estim\u00e9e":"2 minutes"},"schema":{"@context":"https:\/\/schema.org","@graph":[{"@type":"WebPage","@id":"https:\/\/elixscent.com\/product\/fridge-odor-neutralizer\/","url":"https:\/\/elixscent.com\/product\/fridge-odor-neutralizer\/","name":"Neutralisant d'odeurs FRIDGE -","isPartOf":{"@id":"https:\/\/elixscent.com\/#website"},"primaryImageOfPage":{"@id":"https:\/\/elixscent.com\/product\/fridge-odor-neutralizer\/#primaryimage"},"image":{"@id":"https:\/\/elixscent.com\/product\/fridge-odor-neutralizer\/#primaryimage"},"thumbnailUrl":"https:\/\/elixscent.com\/wp-content\/uploads\/fridge_neutralizer_1.1.webp","datePublished":"2024-07-12T09:07:54+00:00","dateModified":"2025-06-24T09:11:29+00:00","description":"Neutralisez naturellement les odeurs de r\u00e9frig\u00e9rateur avec notre neutralisant d'odeurs s\u00fbr et efficace. Fabriqu\u00e9 avec des huiles naturelles de citron et d'orange pour un parfum d'agrumes rafra\u00eechissant.","breadcrumb":{"@id":"https:\/\/elixscent.com\/product\/fridge-odor-neutralizer\/#breadcrumb"},"inLanguage":"fr-FR","potentialAction":[{"@type":"ReadAction","target":["https:\/\/elixscent.com\/product\/fridge-odor-neutralizer\/"]}]},{"@type":"ImageObject","inLanguage":"fr-FR","@id":"https:\/\/elixscent.com\/product\/fridge-odor-neutralizer\/#primaryimage","url":"https:\/\/elixscent.com\/wp-content\/uploads\/fridge_neutralizer_1.1.webp","contentUrl":"https:\/\/elixscent.com\/wp-content\/uploads\/fridge_neutralizer_1.1.webp","width":2253,"height":1888,"caption":"fridge neutralizer 1.1"},{"@type":"BreadcrumbList","@id":"https:\/\/elixscent.com\/product\/fridge-odor-neutralizer\/#breadcrumb","itemListElement":[{"@type":"ListItem","position":1,"name":"Home","item":"https:\/\/elixscent.com\/"},{"@type":"ListItem","position":2,"name":"Products","item":"https:\/\/elixscent.com\/product\/"},{"@type":"ListItem","position":3,"name":"ODOR NEUTRALIZERS","item":"https:\/\/elixscent.com\/product-category\/odor-neutralizers\/"},{"@type":"ListItem","position":4,"name":"FRIDGE odor neutralizer","item":"https:\/\/elixscent.com\/product-category\/fridge\/"},{"@type":"ListItem","position":5,"name":"FRIDGE Odor Neutralizer"}]},{"@type":"WebSite","@id":"https:\/\/elixscent.com\/#website","url":"https:\/\/elixscent.com\/","name":"D\u00e9sodorisants ELiX EU","description":"Air &amp; Tissus, Parfaitement frais","publisher":{"@id":"https:\/\/elixscent.com\/#organization"},"potentialAction":[{"@type":"SearchAction","target":{"@type":"EntryPoint","urlTemplate":"https:\/\/elixscent.com\/?s={search_term_string}"},"query-input":{"@type":"PropertyValueSpecification","valueRequired":true,"valueName":"search_term_string"}}],"inLanguage":"fr-FR"},{"@type":"Organization","@id":"https:\/\/elixscent.com\/#organization","name":"Fabricant de d\u00e9sodorisants ELIX","url":"https:\/\/elixscent.com\/","logo":{"@type":"ImageObject","inLanguage":"fr-FR","@id":"https:\/\/elixscent.com\/#\/schema\/logo\/image\/","url":"https:\/\/elixscent.com\/wp-content\/uploads\/elix_logo_1.0-_300.jpg","contentUrl":"https:\/\/elixscent.com\/wp-content\/uploads\/elix_logo_1.0-_300.jpg","width":300,"height":257,"caption":"ELIX air freshener manufacturer"},"image":{"@id":"https:\/\/elixscent.com\/#\/schema\/logo\/image\/"},"sameAs":["https:\/\/www.linkedin.com\/company\/30084929"]}]}},"_links":{"self":[{"href":"https:\/\/elixscent.com\/fr\/wp-json\/wp\/v2\/product\/51438","targetHints":{"allow":["GET"]}}],"collection":[{"href":"https:\/\/elixscent.com\/fr\/wp-json\/wp\/v2\/product"}],"about":[{"href":"https:\/\/elixscent.com\/fr\/wp-json\/wp\/v2\/types\/product"}],"version-history":[{"count":4,"href":"https:\/\/elixscent.com\/fr\/wp-json\/wp\/v2\/product\/51438\/revisions"}],"predecessor-version":[{"id":58175,"href":"https:\/\/elixscent.com\/fr\/wp-json\/wp\/v2\/product\/51438\/revisions\/58175"}],"wp:featuredmedia":[{"embeddable":true,"href":"https:\/\/elixscent.com\/fr\/wp-json\/wp\/v2\/media\/51442"}],"wp:attachment":[{"href":"https:\/\/elixscent.com\/fr\/wp-json\/wp\/v2\/media?parent=51438"}],"curies":[{"name":"wp","href":"https:\/\/api.w.org\/{rel}","templated":true}]}}