{"id":51389,"date":"2024-07-10T11:22:03","date_gmt":"2024-07-10T11:22:03","guid":{"rendered":"https:\/\/elixscent.com\/?post_type=product&#038;p=51389"},"modified":"2024-10-15T10:49:56","modified_gmt":"2024-10-15T10:49:56","slug":"cachemire-rose","status":"publish","type":"product","link":"https:\/\/elixscent.com\/fr\/product\/rose-cashmere\/","title":{"rendered":"Huile de parfum Rose &amp; Cachemire"},"content":{"rendered":"<p>Rose &amp; Cashmere Luxury Fragrance Oil, un m\u00e9lange luxueux con\u00e7u pour \u00e9voquer la sophistication et l'\u00e9l\u00e9gance.<\/p>\n<p>En t\u00eate, laissez-vous s\u00e9duire par les d\u00e9licats accents floraux de la fleur d'oranger et le piquant subtil du poivre rose. Au c\u0153ur du parfum, l'allure intemporelle de la rose se m\u00eale \u00e0 la fra\u00eecheur des fleurs blanches et \u00e0 l'ar\u00f4me riche du caf\u00e9 fra\u00eechement m\u00e9lang\u00e9. Les notes de fond d'ambre, de miel et de bois de santal apportent une touche finale chaleureuse et r\u00e9confortante, cr\u00e9ant un parfum \u00e0 la fois indulgent et captivant.<\/p>\n<p><span id=\"span-23-132\" class=\"ct-span oxy-stock-content-styles\"><em>&gt;&gt; Si vous voulez acheter, visitez notre magasin :<\/em> <a class=\"_ps2id\" href=\"https:\/\/airfresh24.com\/product-category\/fragrance_oil\/\" data-ps2id-offset=\"\"><strong>www.airfresh24.com<\/strong><\/a><\/span><\/p>","protected":false},"featured_media":51390,"parent":0,"menu_order":0,"template":"","class_list":["post-51389","product","type-product","status-publish","has-post-thumbnail","hentry","product_category-essential-oils"],"acf":[],"yoast_head":"<!-- This site is optimized with the Yoast SEO Premium plugin v27.2 (Yoast SEO v27.4) - https:\/\/yoast.com\/product\/yoast-seo-premium-wordpress\/ -->\n<title>Fragrance Oil: Sophistication and Elegance of Rose &amp; Cashmere<\/title>\n<meta name=\"description\" content=\"Discover the captivating fragrance of Rose &amp; Cashmere. Indulge in the luxurious blend of floral, spicy, and warm notes in this sophisticated fragrance oil.\" \/>\n<meta name=\"robots\" content=\"index, follow, max-snippet:-1, max-image-preview:large, max-video-preview:-1\" \/>\n<link rel=\"canonical\" href=\"https:\/\/elixscent.com\/fr\/produit\/cachemire-rose\/\" \/>\n<meta property=\"og:locale\" content=\"fr_FR\" \/>\n<meta property=\"og:type\" content=\"article\" \/>\n<meta property=\"og:title\" content=\"Fragrance Oil Rose &amp; Cashmere\" \/>\n<meta property=\"og:description\" content=\"Discover the captivating fragrance of Rose &amp; Cashmere. Indulge in the luxurious blend of floral, spicy, and warm notes in this sophisticated fragrance oil.\" \/>\n<meta property=\"og:url\" content=\"https:\/\/elixscent.com\/fr\/produit\/cachemire-rose\/\" \/>\n<meta property=\"og:site_name\" content=\"ELiX EU air fresheners\" \/>\n<meta property=\"article:modified_time\" content=\"2024-10-15T10:49:56+00:00\" \/>\n<meta property=\"og:image\" content=\"https:\/\/elixscent.com\/wp-content\/uploads\/50ml_LUXURY_1.0.webp\" \/>\n\t<meta property=\"og:image:width\" content=\"2048\" \/>\n\t<meta property=\"og:image:height\" content=\"2048\" \/>\n\t<meta property=\"og:image:type\" content=\"image\/webp\" \/>\n<meta name=\"twitter:card\" content=\"summary_large_image\" \/>\n<meta name=\"twitter:label1\" content=\"Dur\u00e9e de lecture estim\u00e9e\" \/>\n\t<meta name=\"twitter:data1\" content=\"1 minute\" \/>\n<script type=\"application\/ld+json\" class=\"yoast-schema-graph\">{\"@context\":\"https:\\\/\\\/schema.org\",\"@graph\":[{\"@type\":\"WebPage\",\"@id\":\"https:\\\/\\\/elixscent.com\\\/product\\\/rose-cashmere\\\/\",\"url\":\"https:\\\/\\\/elixscent.com\\\/product\\\/rose-cashmere\\\/\",\"name\":\"Fragrance Oil: Sophistication and Elegance of Rose & Cashmere\",\"isPartOf\":{\"@id\":\"https:\\\/\\\/elixscent.com\\\/#website\"},\"primaryImageOfPage\":{\"@id\":\"https:\\\/\\\/elixscent.com\\\/product\\\/rose-cashmere\\\/#primaryimage\"},\"image\":{\"@id\":\"https:\\\/\\\/elixscent.com\\\/product\\\/rose-cashmere\\\/#primaryimage\"},\"thumbnailUrl\":\"https:\\\/\\\/elixscent.com\\\/wp-content\\\/uploads\\\/50ml_LUXURY_1.0.webp\",\"datePublished\":\"2024-07-10T11:22:03+00:00\",\"dateModified\":\"2024-10-15T10:49:56+00:00\",\"description\":\"Discover the captivating fragrance of Rose & Cashmere. Indulge in the luxurious blend of floral, spicy, and warm notes in this sophisticated fragrance oil.\",\"breadcrumb\":{\"@id\":\"https:\\\/\\\/elixscent.com\\\/product\\\/rose-cashmere\\\/#breadcrumb\"},\"inLanguage\":\"fr-FR\",\"potentialAction\":[{\"@type\":\"ReadAction\",\"target\":[\"https:\\\/\\\/elixscent.com\\\/product\\\/rose-cashmere\\\/\"]}]},{\"@type\":\"ImageObject\",\"inLanguage\":\"fr-FR\",\"@id\":\"https:\\\/\\\/elixscent.com\\\/product\\\/rose-cashmere\\\/#primaryimage\",\"url\":\"https:\\\/\\\/elixscent.com\\\/wp-content\\\/uploads\\\/50ml_LUXURY_1.0.webp\",\"contentUrl\":\"https:\\\/\\\/elixscent.com\\\/wp-content\\\/uploads\\\/50ml_LUXURY_1.0.webp\",\"width\":2048,\"height\":2048,\"caption\":\"50ml LUXURY 1.0\"},{\"@type\":\"BreadcrumbList\",\"@id\":\"https:\\\/\\\/elixscent.com\\\/product\\\/rose-cashmere\\\/#breadcrumb\",\"itemListElement\":[{\"@type\":\"ListItem\",\"position\":1,\"name\":\"Home\",\"item\":\"https:\\\/\\\/elixscent.com\\\/\"},{\"@type\":\"ListItem\",\"position\":2,\"name\":\"Products\",\"item\":\"https:\\\/\\\/elixscent.com\\\/product\\\/\"},{\"@type\":\"ListItem\",\"position\":3,\"name\":\"ESSENTIAL OIL\",\"item\":\"https:\\\/\\\/elixscent.com\\\/product-category\\\/essential-oils\\\/\"},{\"@type\":\"ListItem\",\"position\":4,\"name\":\"Fragrance Oil Rose &#038; Cashmere\"}]},{\"@type\":\"WebSite\",\"@id\":\"https:\\\/\\\/elixscent.com\\\/#website\",\"url\":\"https:\\\/\\\/elixscent.com\\\/\",\"name\":\"ELiX EU air fresheners\",\"description\":\"Air &amp; Fabric, Perfectly Fresh\",\"publisher\":{\"@id\":\"https:\\\/\\\/elixscent.com\\\/#organization\"},\"potentialAction\":[{\"@type\":\"SearchAction\",\"target\":{\"@type\":\"EntryPoint\",\"urlTemplate\":\"https:\\\/\\\/elixscent.com\\\/?s={search_term_string}\"},\"query-input\":{\"@type\":\"PropertyValueSpecification\",\"valueRequired\":true,\"valueName\":\"search_term_string\"}}],\"inLanguage\":\"fr-FR\"},{\"@type\":\"Organization\",\"@id\":\"https:\\\/\\\/elixscent.com\\\/#organization\",\"name\":\"ELIX air freshener manufacturer\",\"url\":\"https:\\\/\\\/elixscent.com\\\/\",\"logo\":{\"@type\":\"ImageObject\",\"inLanguage\":\"fr-FR\",\"@id\":\"https:\\\/\\\/elixscent.com\\\/#\\\/schema\\\/logo\\\/image\\\/\",\"url\":\"https:\\\/\\\/elixscent.com\\\/wp-content\\\/uploads\\\/elix_logo_1.0-_300.jpg\",\"contentUrl\":\"https:\\\/\\\/elixscent.com\\\/wp-content\\\/uploads\\\/elix_logo_1.0-_300.jpg\",\"width\":300,\"height\":257,\"caption\":\"ELIX air freshener manufacturer\"},\"image\":{\"@id\":\"https:\\\/\\\/elixscent.com\\\/#\\\/schema\\\/logo\\\/image\\\/\"},\"sameAs\":[\"https:\\\/\\\/www.linkedin.com\\\/company\\\/30084929\"]}]}<\/script>\n<!-- \/ Yoast SEO Premium plugin. -->","yoast_head_json":{"title":"Huile de parfum : Sophistication et \u00e9l\u00e9gance de Rose &amp; Cashmere","description":"D\u00e9couvrez le parfum captivant de Rose &amp; Cashmere. Laissez-vous s\u00e9duire par le luxueux m\u00e9lange de notes florales, \u00e9pic\u00e9es et chaudes de cette huile de parfum sophistiqu\u00e9e.","robots":{"index":"index","follow":"follow","max-snippet":"max-snippet:-1","max-image-preview":"max-image-preview:large","max-video-preview":"max-video-preview:-1"},"canonical":"https:\/\/elixscent.com\/fr\/produit\/cachemire-rose\/","og_locale":"fr_FR","og_type":"article","og_title":"Fragrance Oil Rose & Cashmere","og_description":"Discover the captivating fragrance of Rose & Cashmere. Indulge in the luxurious blend of floral, spicy, and warm notes in this sophisticated fragrance oil.","og_url":"https:\/\/elixscent.com\/fr\/produit\/cachemire-rose\/","og_site_name":"ELiX EU air fresheners","article_modified_time":"2024-10-15T10:49:56+00:00","og_image":[{"width":2048,"height":2048,"url":"https:\/\/elixscent.com\/wp-content\/uploads\/50ml_LUXURY_1.0.webp","type":"image\/webp"}],"twitter_card":"summary_large_image","twitter_misc":{"Dur\u00e9e de lecture estim\u00e9e":"1 minute"},"schema":{"@context":"https:\/\/schema.org","@graph":[{"@type":"WebPage","@id":"https:\/\/elixscent.com\/product\/rose-cashmere\/","url":"https:\/\/elixscent.com\/product\/rose-cashmere\/","name":"Huile de parfum : Sophistication et \u00e9l\u00e9gance de Rose &amp; Cashmere","isPartOf":{"@id":"https:\/\/elixscent.com\/#website"},"primaryImageOfPage":{"@id":"https:\/\/elixscent.com\/product\/rose-cashmere\/#primaryimage"},"image":{"@id":"https:\/\/elixscent.com\/product\/rose-cashmere\/#primaryimage"},"thumbnailUrl":"https:\/\/elixscent.com\/wp-content\/uploads\/50ml_LUXURY_1.0.webp","datePublished":"2024-07-10T11:22:03+00:00","dateModified":"2024-10-15T10:49:56+00:00","description":"D\u00e9couvrez le parfum captivant de Rose &amp; Cashmere. Laissez-vous s\u00e9duire par le luxueux m\u00e9lange de notes florales, \u00e9pic\u00e9es et chaudes de cette huile de parfum sophistiqu\u00e9e.","breadcrumb":{"@id":"https:\/\/elixscent.com\/product\/rose-cashmere\/#breadcrumb"},"inLanguage":"fr-FR","potentialAction":[{"@type":"ReadAction","target":["https:\/\/elixscent.com\/product\/rose-cashmere\/"]}]},{"@type":"ImageObject","inLanguage":"fr-FR","@id":"https:\/\/elixscent.com\/product\/rose-cashmere\/#primaryimage","url":"https:\/\/elixscent.com\/wp-content\/uploads\/50ml_LUXURY_1.0.webp","contentUrl":"https:\/\/elixscent.com\/wp-content\/uploads\/50ml_LUXURY_1.0.webp","width":2048,"height":2048,"caption":"50ml LUXURY 1.0"},{"@type":"BreadcrumbList","@id":"https:\/\/elixscent.com\/product\/rose-cashmere\/#breadcrumb","itemListElement":[{"@type":"ListItem","position":1,"name":"Home","item":"https:\/\/elixscent.com\/"},{"@type":"ListItem","position":2,"name":"Products","item":"https:\/\/elixscent.com\/product\/"},{"@type":"ListItem","position":3,"name":"ESSENTIAL OIL","item":"https:\/\/elixscent.com\/product-category\/essential-oils\/"},{"@type":"ListItem","position":4,"name":"Fragrance Oil Rose &#038; Cashmere"}]},{"@type":"WebSite","@id":"https:\/\/elixscent.com\/#website","url":"https:\/\/elixscent.com\/","name":"D\u00e9sodorisants ELiX EU","description":"Air &amp; Tissus, Parfaitement frais","publisher":{"@id":"https:\/\/elixscent.com\/#organization"},"potentialAction":[{"@type":"SearchAction","target":{"@type":"EntryPoint","urlTemplate":"https:\/\/elixscent.com\/?s={search_term_string}"},"query-input":{"@type":"PropertyValueSpecification","valueRequired":true,"valueName":"search_term_string"}}],"inLanguage":"fr-FR"},{"@type":"Organization","@id":"https:\/\/elixscent.com\/#organization","name":"Fabricant de d\u00e9sodorisants ELIX","url":"https:\/\/elixscent.com\/","logo":{"@type":"ImageObject","inLanguage":"fr-FR","@id":"https:\/\/elixscent.com\/#\/schema\/logo\/image\/","url":"https:\/\/elixscent.com\/wp-content\/uploads\/elix_logo_1.0-_300.jpg","contentUrl":"https:\/\/elixscent.com\/wp-content\/uploads\/elix_logo_1.0-_300.jpg","width":300,"height":257,"caption":"ELIX air freshener manufacturer"},"image":{"@id":"https:\/\/elixscent.com\/#\/schema\/logo\/image\/"},"sameAs":["https:\/\/www.linkedin.com\/company\/30084929"]}]}},"_links":{"self":[{"href":"https:\/\/elixscent.com\/fr\/wp-json\/wp\/v2\/product\/51389","targetHints":{"allow":["GET"]}}],"collection":[{"href":"https:\/\/elixscent.com\/fr\/wp-json\/wp\/v2\/product"}],"about":[{"href":"https:\/\/elixscent.com\/fr\/wp-json\/wp\/v2\/types\/product"}],"version-history":[{"count":2,"href":"https:\/\/elixscent.com\/fr\/wp-json\/wp\/v2\/product\/51389\/revisions"}],"predecessor-version":[{"id":53525,"href":"https:\/\/elixscent.com\/fr\/wp-json\/wp\/v2\/product\/51389\/revisions\/53525"}],"wp:featuredmedia":[{"embeddable":true,"href":"https:\/\/elixscent.com\/fr\/wp-json\/wp\/v2\/media\/51390"}],"wp:attachment":[{"href":"https:\/\/elixscent.com\/fr\/wp-json\/wp\/v2\/media?parent=51389"}],"curies":[{"name":"wp","href":"https:\/\/api.w.org\/{rel}","templated":true}]}}