{"id":51376,"date":"2024-07-10T10:57:15","date_gmt":"2024-07-10T10:57:15","guid":{"rendered":"https:\/\/elixscent.com\/?post_type=product&#038;p=51376"},"modified":"2024-10-15T10:47:36","modified_gmt":"2024-10-15T10:47:36","slug":"huile-de-parfum-cappuccino","status":"publish","type":"product","link":"https:\/\/elixscent.com\/fr\/product\/fragrance-oil-cappuccino\/","title":{"rendered":"Huile de parfum Cappuccino"},"content":{"rendered":"<p>L'huile de parfum Cappuccino est un m\u00e9lange riche et aromatique qui capture l'essence d'un cappuccino fra\u00eechement pr\u00e9par\u00e9. Cette d\u00e9licieuse huile de parfum apporte l'ar\u00f4me r\u00e9confortant de l'espresso combin\u00e9 au lait \u00e0 la vapeur et \u00e0 un soup\u00e7on de vanille sucr\u00e9e.<\/p>\n<p>Parfaite pour une vari\u00e9t\u00e9 d'utilisations, notre huile de parfum Cappuccino est id\u00e9ale pour ajouter de la chaleur et du confort \u00e0 votre espace. Qu'elle soit utilis\u00e9e dans des bougies, des diffuseurs ou d'autres applications, elle offre une exp\u00e9rience olfactive r\u00e9confortante et invitante qui rappelle votre caf\u00e9 pr\u00e9f\u00e9r\u00e9.<\/p>\n<p><span id=\"span-23-132\" class=\"ct-span oxy-stock-content-styles\"><em>&gt;&gt; Si vous voulez acheter, visitez notre magasin :<\/em> <a class=\"_ps2id\" href=\"https:\/\/airfresh24.com\/product-category\/fragrance_oil\/\" data-ps2id-offset=\"\"><strong>www.airfresh24.com<\/strong><\/a><\/span><\/p>","protected":false},"featured_media":51377,"parent":0,"menu_order":0,"template":"","class_list":["post-51376","product","type-product","status-publish","has-post-thumbnail","hentry","product_category-essential-oils"],"acf":[],"yoast_head":"<!-- This site is optimized with the Yoast SEO Premium plugin v27.4 (Yoast SEO v27.4) - https:\/\/yoast.com\/product\/yoast-seo-premium-wordpress\/ -->\n<title>Fragrance Oil: The Scent of Freshly Brewed Cappuccino<\/title>\n<meta name=\"description\" content=\"Discover a wonderful cappuccino scented fragrance oil that will transport you to a cosy caf\u00e9 atmosphere. Ideal for candles, diffusers and other applications.\" \/>\n<meta name=\"robots\" content=\"index, follow, max-snippet:-1, max-image-preview:large, max-video-preview:-1\" \/>\n<link rel=\"canonical\" href=\"https:\/\/elixscent.com\/fr\/produit\/huile-de-parfum-cappuccino\/\" \/>\n<meta property=\"og:locale\" content=\"fr_FR\" \/>\n<meta property=\"og:type\" content=\"article\" \/>\n<meta property=\"og:title\" content=\"Fragrance Oil Cappuccino\" \/>\n<meta property=\"og:description\" content=\"Discover a wonderful cappuccino scented fragrance oil that will transport you to a cosy caf\u00e9 atmosphere. Ideal for candles, diffusers and other applications.\" \/>\n<meta property=\"og:url\" content=\"https:\/\/elixscent.com\/fr\/produit\/huile-de-parfum-cappuccino\/\" \/>\n<meta property=\"og:site_name\" content=\"ELiX EU air fresheners\" \/>\n<meta property=\"article:modified_time\" content=\"2024-10-15T10:47:36+00:00\" \/>\n<meta property=\"og:image\" content=\"https:\/\/elixscent.com\/wp-content\/uploads\/50ml_CAPPUCINO_1.0.webp\" \/>\n\t<meta property=\"og:image:width\" content=\"2048\" \/>\n\t<meta property=\"og:image:height\" content=\"2048\" \/>\n\t<meta property=\"og:image:type\" content=\"image\/webp\" \/>\n<meta name=\"twitter:card\" content=\"summary_large_image\" \/>\n<meta name=\"twitter:label1\" content=\"Dur\u00e9e de lecture estim\u00e9e\" \/>\n\t<meta name=\"twitter:data1\" content=\"1 minute\" \/>\n<script type=\"application\/ld+json\" class=\"yoast-schema-graph\">{\"@context\":\"https:\\\/\\\/schema.org\",\"@graph\":[{\"@type\":\"WebPage\",\"@id\":\"https:\\\/\\\/elixscent.com\\\/product\\\/fragrance-oil-cappuccino\\\/\",\"url\":\"https:\\\/\\\/elixscent.com\\\/product\\\/fragrance-oil-cappuccino\\\/\",\"name\":\"Fragrance Oil: The Scent of Freshly Brewed Cappuccino\",\"isPartOf\":{\"@id\":\"https:\\\/\\\/elixscent.com\\\/#website\"},\"primaryImageOfPage\":{\"@id\":\"https:\\\/\\\/elixscent.com\\\/product\\\/fragrance-oil-cappuccino\\\/#primaryimage\"},\"image\":{\"@id\":\"https:\\\/\\\/elixscent.com\\\/product\\\/fragrance-oil-cappuccino\\\/#primaryimage\"},\"thumbnailUrl\":\"https:\\\/\\\/elixscent.com\\\/wp-content\\\/uploads\\\/50ml_CAPPUCINO_1.0.webp\",\"datePublished\":\"2024-07-10T10:57:15+00:00\",\"dateModified\":\"2024-10-15T10:47:36+00:00\",\"description\":\"Discover a wonderful cappuccino scented fragrance oil that will transport you to a cosy caf\u00e9 atmosphere. Ideal for candles, diffusers and other applications.\",\"breadcrumb\":{\"@id\":\"https:\\\/\\\/elixscent.com\\\/product\\\/fragrance-oil-cappuccino\\\/#breadcrumb\"},\"inLanguage\":\"fr-FR\",\"potentialAction\":[{\"@type\":\"ReadAction\",\"target\":[\"https:\\\/\\\/elixscent.com\\\/product\\\/fragrance-oil-cappuccino\\\/\"]}]},{\"@type\":\"ImageObject\",\"inLanguage\":\"fr-FR\",\"@id\":\"https:\\\/\\\/elixscent.com\\\/product\\\/fragrance-oil-cappuccino\\\/#primaryimage\",\"url\":\"https:\\\/\\\/elixscent.com\\\/wp-content\\\/uploads\\\/50ml_CAPPUCINO_1.0.webp\",\"contentUrl\":\"https:\\\/\\\/elixscent.com\\\/wp-content\\\/uploads\\\/50ml_CAPPUCINO_1.0.webp\",\"width\":2048,\"height\":2048,\"caption\":\"50ml CAPPUCINO 1.0\"},{\"@type\":\"BreadcrumbList\",\"@id\":\"https:\\\/\\\/elixscent.com\\\/product\\\/fragrance-oil-cappuccino\\\/#breadcrumb\",\"itemListElement\":[{\"@type\":\"ListItem\",\"position\":1,\"name\":\"Home\",\"item\":\"https:\\\/\\\/elixscent.com\\\/\"},{\"@type\":\"ListItem\",\"position\":2,\"name\":\"Products\",\"item\":\"https:\\\/\\\/elixscent.com\\\/product\\\/\"},{\"@type\":\"ListItem\",\"position\":3,\"name\":\"ESSENTIAL OIL\",\"item\":\"https:\\\/\\\/elixscent.com\\\/product-category\\\/essential-oils\\\/\"},{\"@type\":\"ListItem\",\"position\":4,\"name\":\"Fragrance Oil Cappuccino\"}]},{\"@type\":\"WebSite\",\"@id\":\"https:\\\/\\\/elixscent.com\\\/#website\",\"url\":\"https:\\\/\\\/elixscent.com\\\/\",\"name\":\"ELiX EU air fresheners\",\"description\":\"Air &amp; Fabric, Perfectly Fresh\",\"publisher\":{\"@id\":\"https:\\\/\\\/elixscent.com\\\/#organization\"},\"potentialAction\":[{\"@type\":\"SearchAction\",\"target\":{\"@type\":\"EntryPoint\",\"urlTemplate\":\"https:\\\/\\\/elixscent.com\\\/?s={search_term_string}\"},\"query-input\":{\"@type\":\"PropertyValueSpecification\",\"valueRequired\":true,\"valueName\":\"search_term_string\"}}],\"inLanguage\":\"fr-FR\"},{\"@type\":\"Organization\",\"@id\":\"https:\\\/\\\/elixscent.com\\\/#organization\",\"name\":\"ELIX air freshener manufacturer\",\"url\":\"https:\\\/\\\/elixscent.com\\\/\",\"logo\":{\"@type\":\"ImageObject\",\"inLanguage\":\"fr-FR\",\"@id\":\"https:\\\/\\\/elixscent.com\\\/#\\\/schema\\\/logo\\\/image\\\/\",\"url\":\"https:\\\/\\\/elixscent.com\\\/wp-content\\\/uploads\\\/elix_logo_1.0-_300.jpg\",\"contentUrl\":\"https:\\\/\\\/elixscent.com\\\/wp-content\\\/uploads\\\/elix_logo_1.0-_300.jpg\",\"width\":300,\"height\":257,\"caption\":\"ELIX air freshener manufacturer\"},\"image\":{\"@id\":\"https:\\\/\\\/elixscent.com\\\/#\\\/schema\\\/logo\\\/image\\\/\"},\"sameAs\":[\"https:\\\/\\\/www.linkedin.com\\\/company\\\/30084929\"]}]}<\/script>\n<!-- \/ Yoast SEO Premium plugin. -->","yoast_head_json":{"title":"Huile de parfum : Le parfum du cappuccino fra\u00eechement infus\u00e9","description":"D\u00e9couvrez une merveilleuse huile parfum\u00e9e au cappuccino qui vous transportera dans une atmosph\u00e8re de caf\u00e9 confortable. Id\u00e9ale pour les bougies, les diffuseurs et autres applications.","robots":{"index":"index","follow":"follow","max-snippet":"max-snippet:-1","max-image-preview":"max-image-preview:large","max-video-preview":"max-video-preview:-1"},"canonical":"https:\/\/elixscent.com\/fr\/produit\/huile-de-parfum-cappuccino\/","og_locale":"fr_FR","og_type":"article","og_title":"Fragrance Oil Cappuccino","og_description":"Discover a wonderful cappuccino scented fragrance oil that will transport you to a cosy caf\u00e9 atmosphere. Ideal for candles, diffusers and other applications.","og_url":"https:\/\/elixscent.com\/fr\/produit\/huile-de-parfum-cappuccino\/","og_site_name":"ELiX EU air fresheners","article_modified_time":"2024-10-15T10:47:36+00:00","og_image":[{"width":2048,"height":2048,"url":"https:\/\/elixscent.com\/wp-content\/uploads\/50ml_CAPPUCINO_1.0.webp","type":"image\/webp"}],"twitter_card":"summary_large_image","twitter_misc":{"Dur\u00e9e de lecture estim\u00e9e":"1 minute"},"schema":{"@context":"https:\/\/schema.org","@graph":[{"@type":"WebPage","@id":"https:\/\/elixscent.com\/product\/fragrance-oil-cappuccino\/","url":"https:\/\/elixscent.com\/product\/fragrance-oil-cappuccino\/","name":"Huile de parfum : Le parfum du cappuccino fra\u00eechement infus\u00e9","isPartOf":{"@id":"https:\/\/elixscent.com\/#website"},"primaryImageOfPage":{"@id":"https:\/\/elixscent.com\/product\/fragrance-oil-cappuccino\/#primaryimage"},"image":{"@id":"https:\/\/elixscent.com\/product\/fragrance-oil-cappuccino\/#primaryimage"},"thumbnailUrl":"https:\/\/elixscent.com\/wp-content\/uploads\/50ml_CAPPUCINO_1.0.webp","datePublished":"2024-07-10T10:57:15+00:00","dateModified":"2024-10-15T10:47:36+00:00","description":"D\u00e9couvrez une merveilleuse huile parfum\u00e9e au cappuccino qui vous transportera dans une atmosph\u00e8re de caf\u00e9 confortable. Id\u00e9ale pour les bougies, les diffuseurs et autres applications.","breadcrumb":{"@id":"https:\/\/elixscent.com\/product\/fragrance-oil-cappuccino\/#breadcrumb"},"inLanguage":"fr-FR","potentialAction":[{"@type":"ReadAction","target":["https:\/\/elixscent.com\/product\/fragrance-oil-cappuccino\/"]}]},{"@type":"ImageObject","inLanguage":"fr-FR","@id":"https:\/\/elixscent.com\/product\/fragrance-oil-cappuccino\/#primaryimage","url":"https:\/\/elixscent.com\/wp-content\/uploads\/50ml_CAPPUCINO_1.0.webp","contentUrl":"https:\/\/elixscent.com\/wp-content\/uploads\/50ml_CAPPUCINO_1.0.webp","width":2048,"height":2048,"caption":"50ml CAPPUCINO 1.0"},{"@type":"BreadcrumbList","@id":"https:\/\/elixscent.com\/product\/fragrance-oil-cappuccino\/#breadcrumb","itemListElement":[{"@type":"ListItem","position":1,"name":"Home","item":"https:\/\/elixscent.com\/"},{"@type":"ListItem","position":2,"name":"Products","item":"https:\/\/elixscent.com\/product\/"},{"@type":"ListItem","position":3,"name":"ESSENTIAL OIL","item":"https:\/\/elixscent.com\/product-category\/essential-oils\/"},{"@type":"ListItem","position":4,"name":"Fragrance Oil Cappuccino"}]},{"@type":"WebSite","@id":"https:\/\/elixscent.com\/#website","url":"https:\/\/elixscent.com\/","name":"D\u00e9sodorisants ELiX EU","description":"Air &amp; Tissus, Parfaitement frais","publisher":{"@id":"https:\/\/elixscent.com\/#organization"},"potentialAction":[{"@type":"SearchAction","target":{"@type":"EntryPoint","urlTemplate":"https:\/\/elixscent.com\/?s={search_term_string}"},"query-input":{"@type":"PropertyValueSpecification","valueRequired":true,"valueName":"search_term_string"}}],"inLanguage":"fr-FR"},{"@type":"Organization","@id":"https:\/\/elixscent.com\/#organization","name":"Fabricant de d\u00e9sodorisants ELIX","url":"https:\/\/elixscent.com\/","logo":{"@type":"ImageObject","inLanguage":"fr-FR","@id":"https:\/\/elixscent.com\/#\/schema\/logo\/image\/","url":"https:\/\/elixscent.com\/wp-content\/uploads\/elix_logo_1.0-_300.jpg","contentUrl":"https:\/\/elixscent.com\/wp-content\/uploads\/elix_logo_1.0-_300.jpg","width":300,"height":257,"caption":"ELIX air freshener manufacturer"},"image":{"@id":"https:\/\/elixscent.com\/#\/schema\/logo\/image\/"},"sameAs":["https:\/\/www.linkedin.com\/company\/30084929"]}]}},"_links":{"self":[{"href":"https:\/\/elixscent.com\/fr\/wp-json\/wp\/v2\/product\/51376","targetHints":{"allow":["GET"]}}],"collection":[{"href":"https:\/\/elixscent.com\/fr\/wp-json\/wp\/v2\/product"}],"about":[{"href":"https:\/\/elixscent.com\/fr\/wp-json\/wp\/v2\/types\/product"}],"version-history":[{"count":2,"href":"https:\/\/elixscent.com\/fr\/wp-json\/wp\/v2\/product\/51376\/revisions"}],"predecessor-version":[{"id":53520,"href":"https:\/\/elixscent.com\/fr\/wp-json\/wp\/v2\/product\/51376\/revisions\/53520"}],"wp:featuredmedia":[{"embeddable":true,"href":"https:\/\/elixscent.com\/fr\/wp-json\/wp\/v2\/media\/51377"}],"wp:attachment":[{"href":"https:\/\/elixscent.com\/fr\/wp-json\/wp\/v2\/media?parent=51376"}],"curies":[{"name":"wp","href":"https:\/\/api.w.org\/{rel}","templated":true}]}}