{"id":51349,"date":"2024-07-10T10:08:38","date_gmt":"2024-07-10T10:08:38","guid":{"rendered":"https:\/\/elixscent.com\/?post_type=product&#038;p=51349"},"modified":"2025-01-18T02:04:47","modified_gmt":"2025-01-18T02:04:47","slug":"cedre-orange","status":"publish","type":"product","link":"https:\/\/elixscent.com\/fr\/product\/orange-cedar\/","title":{"rendered":"Huile essentielle Orange et C\u00e8dre"},"content":{"rendered":"<p>L'huile essentielle naturelle Orange &amp; C\u00e8dre est un m\u00e9lange harmonieux con\u00e7u pour apporter chaleur et vitalit\u00e9 \u00e0 votre environnement. Cette huile essentielle associe les notes vives et citronn\u00e9es de l'orange \u00e0 l'ar\u00f4me riche et bois\u00e9 du c\u00e8dre, cr\u00e9ant ainsi un parfum \u00e9quilibr\u00e9 et accueillant.<\/p>\n<p>L'orange est appr\u00e9ci\u00e9e pour ses propri\u00e9t\u00e9s stimulantes et rafra\u00eechissantes, offrant un parfum gai et vibrant qui am\u00e9liore l'humeur et favorise la positivit\u00e9, tandis que le c\u00e8dre ajoute une touche terreuse et r\u00e9confortante qui cr\u00e9e un sentiment de stabilit\u00e9 et de tranquillit\u00e9. Ensemble, ils cr\u00e9ent une exp\u00e9rience olfactive harmonieuse et rajeunissante inspir\u00e9e par la nature.<\/p>\n<p><span id=\"span-23-132\" class=\"ct-span oxy-stock-content-styles\"><em>&gt;&gt; Si vous voulez acheter, visitez notre magasin :<\/em> <a class=\"_ps2id\" href=\"https:\/\/airfresh24.com\/product-category\/fragrance_oil\/\" data-ps2id-offset=\"\"><strong>www.airfresh24.com<\/strong><\/a><\/span><\/p>","protected":false},"featured_media":55613,"parent":0,"menu_order":0,"template":"","class_list":["post-51349","product","type-product","status-publish","has-post-thumbnail","hentry","product_category-essential-oils"],"acf":[],"yoast_head":"<!-- This site is optimized with the Yoast SEO Premium plugin v27.2 (Yoast SEO v27.4) - https:\/\/yoast.com\/product\/yoast-seo-premium-wordpress\/ -->\n<title>Orange &amp; Cedar<\/title>\n<meta name=\"description\" content=\"Captivating blend of Orange &amp; Cedar Natural Essential Oil. Experience the warm and invigorating aroma that brings balance and vitality to any space.\" \/>\n<meta name=\"robots\" content=\"index, follow, max-snippet:-1, max-image-preview:large, max-video-preview:-1\" \/>\n<link rel=\"canonical\" href=\"https:\/\/elixscent.com\/fr\/produit\/cedre-orange\/\" \/>\n<meta property=\"og:locale\" content=\"fr_FR\" \/>\n<meta property=\"og:type\" content=\"article\" \/>\n<meta property=\"og:title\" content=\"Essential Oil Orange &amp; Cedar\" \/>\n<meta property=\"og:description\" content=\"Captivating blend of Orange &amp; Cedar Natural Essential Oil. Experience the warm and invigorating aroma that brings balance and vitality to any space.\" \/>\n<meta property=\"og:url\" content=\"https:\/\/elixscent.com\/fr\/produit\/cedre-orange\/\" \/>\n<meta property=\"og:site_name\" content=\"ELiX EU air fresheners\" \/>\n<meta property=\"article:modified_time\" content=\"2025-01-18T02:04:47+00:00\" \/>\n<meta property=\"og:image\" content=\"https:\/\/elixscent.com\/wp-content\/uploads\/50ml_CEDARORANGE_1.0-Photoroom.webp\" \/>\n\t<meta property=\"og:image:width\" content=\"1280\" \/>\n\t<meta property=\"og:image:height\" content=\"1280\" \/>\n\t<meta property=\"og:image:type\" content=\"image\/webp\" \/>\n<meta name=\"twitter:card\" content=\"summary_large_image\" \/>\n<meta name=\"twitter:label1\" content=\"Dur\u00e9e de lecture estim\u00e9e\" \/>\n\t<meta name=\"twitter:data1\" content=\"1 minute\" \/>\n<script type=\"application\/ld+json\" class=\"yoast-schema-graph\">{\"@context\":\"https:\\\/\\\/schema.org\",\"@graph\":[{\"@type\":\"WebPage\",\"@id\":\"https:\\\/\\\/elixscent.com\\\/product\\\/orange-cedar\\\/\",\"url\":\"https:\\\/\\\/elixscent.com\\\/product\\\/orange-cedar\\\/\",\"name\":\"Orange & Cedar\",\"isPartOf\":{\"@id\":\"https:\\\/\\\/elixscent.com\\\/#website\"},\"primaryImageOfPage\":{\"@id\":\"https:\\\/\\\/elixscent.com\\\/product\\\/orange-cedar\\\/#primaryimage\"},\"image\":{\"@id\":\"https:\\\/\\\/elixscent.com\\\/product\\\/orange-cedar\\\/#primaryimage\"},\"thumbnailUrl\":\"https:\\\/\\\/elixscent.com\\\/wp-content\\\/uploads\\\/50ml_CEDARORANGE_1.0-Photoroom.webp\",\"datePublished\":\"2024-07-10T10:08:38+00:00\",\"dateModified\":\"2025-01-18T02:04:47+00:00\",\"description\":\"Captivating blend of Orange & Cedar Natural Essential Oil. Experience the warm and invigorating aroma that brings balance and vitality to any space.\",\"breadcrumb\":{\"@id\":\"https:\\\/\\\/elixscent.com\\\/product\\\/orange-cedar\\\/#breadcrumb\"},\"inLanguage\":\"fr-FR\",\"potentialAction\":[{\"@type\":\"ReadAction\",\"target\":[\"https:\\\/\\\/elixscent.com\\\/product\\\/orange-cedar\\\/\"]}]},{\"@type\":\"ImageObject\",\"inLanguage\":\"fr-FR\",\"@id\":\"https:\\\/\\\/elixscent.com\\\/product\\\/orange-cedar\\\/#primaryimage\",\"url\":\"https:\\\/\\\/elixscent.com\\\/wp-content\\\/uploads\\\/50ml_CEDARORANGE_1.0-Photoroom.webp\",\"contentUrl\":\"https:\\\/\\\/elixscent.com\\\/wp-content\\\/uploads\\\/50ml_CEDARORANGE_1.0-Photoroom.webp\",\"width\":1280,\"height\":1280,\"caption\":\"50ml CEDARORANGE 1.0 Photoroom\"},{\"@type\":\"BreadcrumbList\",\"@id\":\"https:\\\/\\\/elixscent.com\\\/product\\\/orange-cedar\\\/#breadcrumb\",\"itemListElement\":[{\"@type\":\"ListItem\",\"position\":1,\"name\":\"Home\",\"item\":\"https:\\\/\\\/elixscent.com\\\/\"},{\"@type\":\"ListItem\",\"position\":2,\"name\":\"Products\",\"item\":\"https:\\\/\\\/elixscent.com\\\/product\\\/\"},{\"@type\":\"ListItem\",\"position\":3,\"name\":\"ESSENTIAL OIL\",\"item\":\"https:\\\/\\\/elixscent.com\\\/product-category\\\/essential-oils\\\/\"},{\"@type\":\"ListItem\",\"position\":4,\"name\":\"Essential Oil Orange &#038; Cedar\"}]},{\"@type\":\"WebSite\",\"@id\":\"https:\\\/\\\/elixscent.com\\\/#website\",\"url\":\"https:\\\/\\\/elixscent.com\\\/\",\"name\":\"ELiX EU air fresheners\",\"description\":\"Air &amp; Fabric, Perfectly Fresh\",\"publisher\":{\"@id\":\"https:\\\/\\\/elixscent.com\\\/#organization\"},\"potentialAction\":[{\"@type\":\"SearchAction\",\"target\":{\"@type\":\"EntryPoint\",\"urlTemplate\":\"https:\\\/\\\/elixscent.com\\\/?s={search_term_string}\"},\"query-input\":{\"@type\":\"PropertyValueSpecification\",\"valueRequired\":true,\"valueName\":\"search_term_string\"}}],\"inLanguage\":\"fr-FR\"},{\"@type\":\"Organization\",\"@id\":\"https:\\\/\\\/elixscent.com\\\/#organization\",\"name\":\"ELIX air freshener manufacturer\",\"url\":\"https:\\\/\\\/elixscent.com\\\/\",\"logo\":{\"@type\":\"ImageObject\",\"inLanguage\":\"fr-FR\",\"@id\":\"https:\\\/\\\/elixscent.com\\\/#\\\/schema\\\/logo\\\/image\\\/\",\"url\":\"https:\\\/\\\/elixscent.com\\\/wp-content\\\/uploads\\\/elix_logo_1.0-_300.jpg\",\"contentUrl\":\"https:\\\/\\\/elixscent.com\\\/wp-content\\\/uploads\\\/elix_logo_1.0-_300.jpg\",\"width\":300,\"height\":257,\"caption\":\"ELIX air freshener manufacturer\"},\"image\":{\"@id\":\"https:\\\/\\\/elixscent.com\\\/#\\\/schema\\\/logo\\\/image\\\/\"},\"sameAs\":[\"https:\\\/\\\/www.linkedin.com\\\/company\\\/30084929\"]}]}<\/script>\n<!-- \/ Yoast SEO Premium plugin. -->","yoast_head_json":{"title":"Orange et c\u00e8dre","description":"M\u00e9lange captivant d'huiles essentielles naturelles d'orange et de c\u00e8dre. D\u00e9couvrez l'ar\u00f4me chaud et vivifiant qui apporte \u00e9quilibre et vitalit\u00e9 \u00e0 tout espace.","robots":{"index":"index","follow":"follow","max-snippet":"max-snippet:-1","max-image-preview":"max-image-preview:large","max-video-preview":"max-video-preview:-1"},"canonical":"https:\/\/elixscent.com\/fr\/produit\/cedre-orange\/","og_locale":"fr_FR","og_type":"article","og_title":"Essential Oil Orange & Cedar","og_description":"Captivating blend of Orange & Cedar Natural Essential Oil. Experience the warm and invigorating aroma that brings balance and vitality to any space.","og_url":"https:\/\/elixscent.com\/fr\/produit\/cedre-orange\/","og_site_name":"ELiX EU air fresheners","article_modified_time":"2025-01-18T02:04:47+00:00","og_image":[{"width":1280,"height":1280,"url":"https:\/\/elixscent.com\/wp-content\/uploads\/50ml_CEDARORANGE_1.0-Photoroom.webp","type":"image\/webp"}],"twitter_card":"summary_large_image","twitter_misc":{"Dur\u00e9e de lecture estim\u00e9e":"1 minute"},"schema":{"@context":"https:\/\/schema.org","@graph":[{"@type":"WebPage","@id":"https:\/\/elixscent.com\/product\/orange-cedar\/","url":"https:\/\/elixscent.com\/product\/orange-cedar\/","name":"Orange et c\u00e8dre","isPartOf":{"@id":"https:\/\/elixscent.com\/#website"},"primaryImageOfPage":{"@id":"https:\/\/elixscent.com\/product\/orange-cedar\/#primaryimage"},"image":{"@id":"https:\/\/elixscent.com\/product\/orange-cedar\/#primaryimage"},"thumbnailUrl":"https:\/\/elixscent.com\/wp-content\/uploads\/50ml_CEDARORANGE_1.0-Photoroom.webp","datePublished":"2024-07-10T10:08:38+00:00","dateModified":"2025-01-18T02:04:47+00:00","description":"M\u00e9lange captivant d'huiles essentielles naturelles d'orange et de c\u00e8dre. D\u00e9couvrez l'ar\u00f4me chaud et vivifiant qui apporte \u00e9quilibre et vitalit\u00e9 \u00e0 tout espace.","breadcrumb":{"@id":"https:\/\/elixscent.com\/product\/orange-cedar\/#breadcrumb"},"inLanguage":"fr-FR","potentialAction":[{"@type":"ReadAction","target":["https:\/\/elixscent.com\/product\/orange-cedar\/"]}]},{"@type":"ImageObject","inLanguage":"fr-FR","@id":"https:\/\/elixscent.com\/product\/orange-cedar\/#primaryimage","url":"https:\/\/elixscent.com\/wp-content\/uploads\/50ml_CEDARORANGE_1.0-Photoroom.webp","contentUrl":"https:\/\/elixscent.com\/wp-content\/uploads\/50ml_CEDARORANGE_1.0-Photoroom.webp","width":1280,"height":1280,"caption":"50ml CEDARORANGE 1.0 Photoroom"},{"@type":"BreadcrumbList","@id":"https:\/\/elixscent.com\/product\/orange-cedar\/#breadcrumb","itemListElement":[{"@type":"ListItem","position":1,"name":"Home","item":"https:\/\/elixscent.com\/"},{"@type":"ListItem","position":2,"name":"Products","item":"https:\/\/elixscent.com\/product\/"},{"@type":"ListItem","position":3,"name":"ESSENTIAL OIL","item":"https:\/\/elixscent.com\/product-category\/essential-oils\/"},{"@type":"ListItem","position":4,"name":"Essential Oil Orange &#038; Cedar"}]},{"@type":"WebSite","@id":"https:\/\/elixscent.com\/#website","url":"https:\/\/elixscent.com\/","name":"D\u00e9sodorisants ELiX EU","description":"Air &amp; Tissus, Parfaitement frais","publisher":{"@id":"https:\/\/elixscent.com\/#organization"},"potentialAction":[{"@type":"SearchAction","target":{"@type":"EntryPoint","urlTemplate":"https:\/\/elixscent.com\/?s={search_term_string}"},"query-input":{"@type":"PropertyValueSpecification","valueRequired":true,"valueName":"search_term_string"}}],"inLanguage":"fr-FR"},{"@type":"Organization","@id":"https:\/\/elixscent.com\/#organization","name":"Fabricant de d\u00e9sodorisants ELIX","url":"https:\/\/elixscent.com\/","logo":{"@type":"ImageObject","inLanguage":"fr-FR","@id":"https:\/\/elixscent.com\/#\/schema\/logo\/image\/","url":"https:\/\/elixscent.com\/wp-content\/uploads\/elix_logo_1.0-_300.jpg","contentUrl":"https:\/\/elixscent.com\/wp-content\/uploads\/elix_logo_1.0-_300.jpg","width":300,"height":257,"caption":"ELIX air freshener manufacturer"},"image":{"@id":"https:\/\/elixscent.com\/#\/schema\/logo\/image\/"},"sameAs":["https:\/\/www.linkedin.com\/company\/30084929"]}]}},"_links":{"self":[{"href":"https:\/\/elixscent.com\/fr\/wp-json\/wp\/v2\/product\/51349","targetHints":{"allow":["GET"]}}],"collection":[{"href":"https:\/\/elixscent.com\/fr\/wp-json\/wp\/v2\/product"}],"about":[{"href":"https:\/\/elixscent.com\/fr\/wp-json\/wp\/v2\/types\/product"}],"version-history":[{"count":2,"href":"https:\/\/elixscent.com\/fr\/wp-json\/wp\/v2\/product\/51349\/revisions"}],"predecessor-version":[{"id":53515,"href":"https:\/\/elixscent.com\/fr\/wp-json\/wp\/v2\/product\/51349\/revisions\/53515"}],"wp:featuredmedia":[{"embeddable":true,"href":"https:\/\/elixscent.com\/fr\/wp-json\/wp\/v2\/media\/55613"}],"wp:attachment":[{"href":"https:\/\/elixscent.com\/fr\/wp-json\/wp\/v2\/media?parent=51349"}],"curies":[{"name":"wp","href":"https:\/\/api.w.org\/{rel}","templated":true}]}}