{"id":51340,"date":"2024-07-10T09:55:30","date_gmt":"2024-07-10T09:55:30","guid":{"rendered":"https:\/\/elixscent.com\/?post_type=product&#038;p=51340"},"modified":"2024-10-15T10:47:08","modified_gmt":"2024-10-15T10:47:08","slug":"pin-lavande","status":"publish","type":"product","link":"https:\/\/elixscent.com\/fr\/product\/lavender-pine\/","title":{"rendered":"Huile essentielle de lavande et de pin"},"content":{"rendered":"<p>Huile essentielle naturelle de lavande et de pin, un m\u00e9lange rafra\u00eechissant con\u00e7u pour associer l'essence apaisante de la lavande \u00e0 l'ar\u00f4me vivifiant du pin. Cette combinaison d'huiles essentielles cr\u00e9e un parfum harmonieux et revitalisant qui rehausse n'importe quel environnement.<\/p>\n<p>La lavande est appr\u00e9ci\u00e9e pour ses propri\u00e9t\u00e9s calmantes et relaxantes, favorisant la tranquillit\u00e9 et le soulagement du stress, tandis que le pin ajoute un parfum frais et bois\u00e9 qui revitalise les sens et am\u00e9liore l'humeur. Ensemble, ils cr\u00e9ent une exp\u00e9rience olfactive \u00e9quilibr\u00e9e et rajeunissante inspir\u00e9e par la nature.<\/p>\n<p><span id=\"span-23-132\" class=\"ct-span oxy-stock-content-styles\"><em>&gt;&gt; Si vous voulez acheter, visitez notre magasin :<\/em> <a class=\"_ps2id\" href=\"https:\/\/airfresh24.com\/product-category\/fragrance_oil\/\" data-ps2id-offset=\"\"><strong>www.airfresh24.com<\/strong><\/a><\/span><\/p>","protected":false},"featured_media":51341,"parent":0,"menu_order":0,"template":"","class_list":["post-51340","product","type-product","status-publish","has-post-thumbnail","hentry","product_category-essential-oils"],"acf":[],"yoast_head":"<!-- This site is optimized with the Yoast SEO Premium plugin v27.2 (Yoast SEO v27.4) - https:\/\/yoast.com\/product\/yoast-seo-premium-wordpress\/ -->\n<title>Lavender &amp; Pine essential oil<\/title>\n<meta name=\"description\" content=\"Discover the amazing properties of lavender and peppermint essential oil. A balanced and refreshing fragrance that works on the senses and the mind.\" \/>\n<meta name=\"robots\" content=\"index, follow, max-snippet:-1, max-image-preview:large, max-video-preview:-1\" \/>\n<link rel=\"canonical\" href=\"https:\/\/elixscent.com\/fr\/produit\/pin-lavande\/\" \/>\n<meta property=\"og:locale\" content=\"fr_FR\" \/>\n<meta property=\"og:type\" content=\"article\" \/>\n<meta property=\"og:title\" content=\"Essential Oil Lavender &amp; Pine\" \/>\n<meta property=\"og:description\" content=\"Discover the amazing properties of lavender and peppermint essential oil. A balanced and refreshing fragrance that works on the senses and the mind.\" \/>\n<meta property=\"og:url\" content=\"https:\/\/elixscent.com\/fr\/produit\/pin-lavande\/\" \/>\n<meta property=\"og:site_name\" content=\"ELiX EU air fresheners\" \/>\n<meta property=\"article:modified_time\" content=\"2024-10-15T10:47:08+00:00\" \/>\n<meta property=\"og:image\" content=\"https:\/\/elixscent.com\/wp-content\/uploads\/50ml_LAVENDERPINE_1.0.webp\" \/>\n\t<meta property=\"og:image:width\" content=\"2048\" \/>\n\t<meta property=\"og:image:height\" content=\"2048\" \/>\n\t<meta property=\"og:image:type\" content=\"image\/webp\" \/>\n<meta name=\"twitter:card\" content=\"summary_large_image\" \/>\n<meta name=\"twitter:label1\" content=\"Dur\u00e9e de lecture estim\u00e9e\" \/>\n\t<meta name=\"twitter:data1\" content=\"1 minute\" \/>\n<script type=\"application\/ld+json\" class=\"yoast-schema-graph\">{\"@context\":\"https:\\\/\\\/schema.org\",\"@graph\":[{\"@type\":\"WebPage\",\"@id\":\"https:\\\/\\\/elixscent.com\\\/product\\\/lavender-pine\\\/\",\"url\":\"https:\\\/\\\/elixscent.com\\\/product\\\/lavender-pine\\\/\",\"name\":\"Lavender & Pine essential oil\",\"isPartOf\":{\"@id\":\"https:\\\/\\\/elixscent.com\\\/#website\"},\"primaryImageOfPage\":{\"@id\":\"https:\\\/\\\/elixscent.com\\\/product\\\/lavender-pine\\\/#primaryimage\"},\"image\":{\"@id\":\"https:\\\/\\\/elixscent.com\\\/product\\\/lavender-pine\\\/#primaryimage\"},\"thumbnailUrl\":\"https:\\\/\\\/elixscent.com\\\/wp-content\\\/uploads\\\/50ml_LAVENDERPINE_1.0.webp\",\"datePublished\":\"2024-07-10T09:55:30+00:00\",\"dateModified\":\"2024-10-15T10:47:08+00:00\",\"description\":\"Discover the amazing properties of lavender and peppermint essential oil. A balanced and refreshing fragrance that works on the senses and the mind.\",\"breadcrumb\":{\"@id\":\"https:\\\/\\\/elixscent.com\\\/product\\\/lavender-pine\\\/#breadcrumb\"},\"inLanguage\":\"fr-FR\",\"potentialAction\":[{\"@type\":\"ReadAction\",\"target\":[\"https:\\\/\\\/elixscent.com\\\/product\\\/lavender-pine\\\/\"]}]},{\"@type\":\"ImageObject\",\"inLanguage\":\"fr-FR\",\"@id\":\"https:\\\/\\\/elixscent.com\\\/product\\\/lavender-pine\\\/#primaryimage\",\"url\":\"https:\\\/\\\/elixscent.com\\\/wp-content\\\/uploads\\\/50ml_LAVENDERPINE_1.0.webp\",\"contentUrl\":\"https:\\\/\\\/elixscent.com\\\/wp-content\\\/uploads\\\/50ml_LAVENDERPINE_1.0.webp\",\"width\":2048,\"height\":2048,\"caption\":\"50ml LAVENDERPINE 1.0\"},{\"@type\":\"BreadcrumbList\",\"@id\":\"https:\\\/\\\/elixscent.com\\\/product\\\/lavender-pine\\\/#breadcrumb\",\"itemListElement\":[{\"@type\":\"ListItem\",\"position\":1,\"name\":\"Home\",\"item\":\"https:\\\/\\\/elixscent.com\\\/\"},{\"@type\":\"ListItem\",\"position\":2,\"name\":\"Products\",\"item\":\"https:\\\/\\\/elixscent.com\\\/product\\\/\"},{\"@type\":\"ListItem\",\"position\":3,\"name\":\"ESSENTIAL OIL\",\"item\":\"https:\\\/\\\/elixscent.com\\\/product-category\\\/essential-oils\\\/\"},{\"@type\":\"ListItem\",\"position\":4,\"name\":\"Essential Oil Lavender &#038; Pine\"}]},{\"@type\":\"WebSite\",\"@id\":\"https:\\\/\\\/elixscent.com\\\/#website\",\"url\":\"https:\\\/\\\/elixscent.com\\\/\",\"name\":\"ELiX EU air fresheners\",\"description\":\"Air &amp; Fabric, Perfectly Fresh\",\"publisher\":{\"@id\":\"https:\\\/\\\/elixscent.com\\\/#organization\"},\"potentialAction\":[{\"@type\":\"SearchAction\",\"target\":{\"@type\":\"EntryPoint\",\"urlTemplate\":\"https:\\\/\\\/elixscent.com\\\/?s={search_term_string}\"},\"query-input\":{\"@type\":\"PropertyValueSpecification\",\"valueRequired\":true,\"valueName\":\"search_term_string\"}}],\"inLanguage\":\"fr-FR\"},{\"@type\":\"Organization\",\"@id\":\"https:\\\/\\\/elixscent.com\\\/#organization\",\"name\":\"ELIX air freshener manufacturer\",\"url\":\"https:\\\/\\\/elixscent.com\\\/\",\"logo\":{\"@type\":\"ImageObject\",\"inLanguage\":\"fr-FR\",\"@id\":\"https:\\\/\\\/elixscent.com\\\/#\\\/schema\\\/logo\\\/image\\\/\",\"url\":\"https:\\\/\\\/elixscent.com\\\/wp-content\\\/uploads\\\/elix_logo_1.0-_300.jpg\",\"contentUrl\":\"https:\\\/\\\/elixscent.com\\\/wp-content\\\/uploads\\\/elix_logo_1.0-_300.jpg\",\"width\":300,\"height\":257,\"caption\":\"ELIX air freshener manufacturer\"},\"image\":{\"@id\":\"https:\\\/\\\/elixscent.com\\\/#\\\/schema\\\/logo\\\/image\\\/\"},\"sameAs\":[\"https:\\\/\\\/www.linkedin.com\\\/company\\\/30084929\"]}]}<\/script>\n<!-- \/ Yoast SEO Premium plugin. -->","yoast_head_json":{"title":"Huile essentielle de lavande et de pin","description":"D\u00e9couvrez les propri\u00e9t\u00e9s \u00e9tonnantes de la lavande et de l'huile essentielle de menthe poivr\u00e9e. Un parfum \u00e9quilibr\u00e9 et rafra\u00eechissant qui agit sur les sens et l'esprit.","robots":{"index":"index","follow":"follow","max-snippet":"max-snippet:-1","max-image-preview":"max-image-preview:large","max-video-preview":"max-video-preview:-1"},"canonical":"https:\/\/elixscent.com\/fr\/produit\/pin-lavande\/","og_locale":"fr_FR","og_type":"article","og_title":"Essential Oil Lavender & Pine","og_description":"Discover the amazing properties of lavender and peppermint essential oil. A balanced and refreshing fragrance that works on the senses and the mind.","og_url":"https:\/\/elixscent.com\/fr\/produit\/pin-lavande\/","og_site_name":"ELiX EU air fresheners","article_modified_time":"2024-10-15T10:47:08+00:00","og_image":[{"width":2048,"height":2048,"url":"https:\/\/elixscent.com\/wp-content\/uploads\/50ml_LAVENDERPINE_1.0.webp","type":"image\/webp"}],"twitter_card":"summary_large_image","twitter_misc":{"Dur\u00e9e de lecture estim\u00e9e":"1 minute"},"schema":{"@context":"https:\/\/schema.org","@graph":[{"@type":"WebPage","@id":"https:\/\/elixscent.com\/product\/lavender-pine\/","url":"https:\/\/elixscent.com\/product\/lavender-pine\/","name":"Huile essentielle de lavande et de pin","isPartOf":{"@id":"https:\/\/elixscent.com\/#website"},"primaryImageOfPage":{"@id":"https:\/\/elixscent.com\/product\/lavender-pine\/#primaryimage"},"image":{"@id":"https:\/\/elixscent.com\/product\/lavender-pine\/#primaryimage"},"thumbnailUrl":"https:\/\/elixscent.com\/wp-content\/uploads\/50ml_LAVENDERPINE_1.0.webp","datePublished":"2024-07-10T09:55:30+00:00","dateModified":"2024-10-15T10:47:08+00:00","description":"D\u00e9couvrez les propri\u00e9t\u00e9s \u00e9tonnantes de la lavande et de l'huile essentielle de menthe poivr\u00e9e. Un parfum \u00e9quilibr\u00e9 et rafra\u00eechissant qui agit sur les sens et l'esprit.","breadcrumb":{"@id":"https:\/\/elixscent.com\/product\/lavender-pine\/#breadcrumb"},"inLanguage":"fr-FR","potentialAction":[{"@type":"ReadAction","target":["https:\/\/elixscent.com\/product\/lavender-pine\/"]}]},{"@type":"ImageObject","inLanguage":"fr-FR","@id":"https:\/\/elixscent.com\/product\/lavender-pine\/#primaryimage","url":"https:\/\/elixscent.com\/wp-content\/uploads\/50ml_LAVENDERPINE_1.0.webp","contentUrl":"https:\/\/elixscent.com\/wp-content\/uploads\/50ml_LAVENDERPINE_1.0.webp","width":2048,"height":2048,"caption":"50ml LAVENDERPINE 1.0"},{"@type":"BreadcrumbList","@id":"https:\/\/elixscent.com\/product\/lavender-pine\/#breadcrumb","itemListElement":[{"@type":"ListItem","position":1,"name":"Home","item":"https:\/\/elixscent.com\/"},{"@type":"ListItem","position":2,"name":"Products","item":"https:\/\/elixscent.com\/product\/"},{"@type":"ListItem","position":3,"name":"ESSENTIAL OIL","item":"https:\/\/elixscent.com\/product-category\/essential-oils\/"},{"@type":"ListItem","position":4,"name":"Essential Oil Lavender &#038; Pine"}]},{"@type":"WebSite","@id":"https:\/\/elixscent.com\/#website","url":"https:\/\/elixscent.com\/","name":"D\u00e9sodorisants ELiX EU","description":"Air &amp; Tissus, Parfaitement frais","publisher":{"@id":"https:\/\/elixscent.com\/#organization"},"potentialAction":[{"@type":"SearchAction","target":{"@type":"EntryPoint","urlTemplate":"https:\/\/elixscent.com\/?s={search_term_string}"},"query-input":{"@type":"PropertyValueSpecification","valueRequired":true,"valueName":"search_term_string"}}],"inLanguage":"fr-FR"},{"@type":"Organization","@id":"https:\/\/elixscent.com\/#organization","name":"Fabricant de d\u00e9sodorisants ELIX","url":"https:\/\/elixscent.com\/","logo":{"@type":"ImageObject","inLanguage":"fr-FR","@id":"https:\/\/elixscent.com\/#\/schema\/logo\/image\/","url":"https:\/\/elixscent.com\/wp-content\/uploads\/elix_logo_1.0-_300.jpg","contentUrl":"https:\/\/elixscent.com\/wp-content\/uploads\/elix_logo_1.0-_300.jpg","width":300,"height":257,"caption":"ELIX air freshener manufacturer"},"image":{"@id":"https:\/\/elixscent.com\/#\/schema\/logo\/image\/"},"sameAs":["https:\/\/www.linkedin.com\/company\/30084929"]}]}},"_links":{"self":[{"href":"https:\/\/elixscent.com\/fr\/wp-json\/wp\/v2\/product\/51340","targetHints":{"allow":["GET"]}}],"collection":[{"href":"https:\/\/elixscent.com\/fr\/wp-json\/wp\/v2\/product"}],"about":[{"href":"https:\/\/elixscent.com\/fr\/wp-json\/wp\/v2\/types\/product"}],"version-history":[{"count":2,"href":"https:\/\/elixscent.com\/fr\/wp-json\/wp\/v2\/product\/51340\/revisions"}],"predecessor-version":[{"id":53513,"href":"https:\/\/elixscent.com\/fr\/wp-json\/wp\/v2\/product\/51340\/revisions\/53513"}],"wp:featuredmedia":[{"embeddable":true,"href":"https:\/\/elixscent.com\/fr\/wp-json\/wp\/v2\/media\/51341"}],"wp:attachment":[{"href":"https:\/\/elixscent.com\/fr\/wp-json\/wp\/v2\/media?parent=51340"}],"curies":[{"name":"wp","href":"https:\/\/api.w.org\/{rel}","templated":true}]}}