{"id":51317,"date":"2024-07-10T09:26:40","date_gmt":"2024-07-10T09:26:40","guid":{"rendered":"https:\/\/elixscent.com\/?post_type=product&#038;p=51317"},"modified":"2024-10-15T10:42:28","modified_gmt":"2024-10-15T10:42:28","slug":"anis-eucalyptu","status":"publish","type":"product","link":"https:\/\/elixscent.com\/fr\/product\/anis-eucalyptu\/","title":{"rendered":"Huile essentielle Anis et Eucalyptus"},"content":{"rendered":"<p>L'huile \u00e9th\u00e9r\u00e9e naturelle d'anis et d'eucalyptus est un m\u00e9lange unique con\u00e7u pour revigorer et rafra\u00eechir vos sens. Parfaite pour un usage personnel ou professionnel, cette huile associe les notes douces et \u00e9pic\u00e9es de l'anis \u00e0 l'ar\u00f4me vif et vivifiant de l'eucalyptus, cr\u00e9ant ainsi une exp\u00e9rience olfactive harmonieuse et vivifiante.<\/p>\n<p><span id=\"span-23-132\" class=\"ct-span oxy-stock-content-styles\"><em>&gt;&gt; Si vous voulez acheter, visitez notre magasin :<\/em> <a class=\"_ps2id\" href=\"https:\/\/airfresh24.com\/product-category\/fragrance_oil\/\" data-ps2id-offset=\"\"><strong>www.airfresh24.com<\/strong><\/a><\/span><\/p>","protected":false},"featured_media":51318,"parent":0,"menu_order":0,"template":"","class_list":["post-51317","product","type-product","status-publish","has-post-thumbnail","hentry","product_category-essential-oils"],"acf":[],"yoast_head":"<!-- This site is optimized with the Yoast SEO Premium plugin v27.4 (Yoast SEO v27.4) - https:\/\/yoast.com\/product\/yoast-seo-premium-wordpress\/ -->\n<title>Refresh Your Mind and Body with Anise-Eucalyptus Natural Fragrance Oil - ELiX EU air fresheners<\/title>\n<meta name=\"description\" content=\"Discover the invigorating blend of Anise-Eucalyptus Ethereal Oil. Experience a harmonious and uplifting scent that refreshes your senses.\" \/>\n<meta name=\"robots\" content=\"index, follow, max-snippet:-1, max-image-preview:large, max-video-preview:-1\" \/>\n<link rel=\"canonical\" href=\"https:\/\/elixscent.com\/fr\/produit\/anis-eucalyptu\/\" \/>\n<meta property=\"og:locale\" content=\"fr_FR\" \/>\n<meta property=\"og:type\" content=\"article\" \/>\n<meta property=\"og:title\" content=\"Essential Oil Anis &amp; Eucalyptus\" \/>\n<meta property=\"og:description\" content=\"Discover the invigorating blend of Anise-Eucalyptus Ethereal Oil. Experience a harmonious and uplifting scent that refreshes your senses.\" \/>\n<meta property=\"og:url\" content=\"https:\/\/elixscent.com\/fr\/produit\/anis-eucalyptu\/\" \/>\n<meta property=\"og:site_name\" content=\"ELiX EU air fresheners\" \/>\n<meta property=\"article:modified_time\" content=\"2024-10-15T10:42:28+00:00\" \/>\n<meta property=\"og:image\" content=\"https:\/\/elixscent.com\/wp-content\/uploads\/50ml_ANISEUCALYPTUS_1.0.webp\" \/>\n\t<meta property=\"og:image:width\" content=\"2048\" \/>\n\t<meta property=\"og:image:height\" content=\"2048\" \/>\n\t<meta property=\"og:image:type\" content=\"image\/webp\" \/>\n<meta name=\"twitter:card\" content=\"summary_large_image\" \/>\n<meta name=\"twitter:label1\" content=\"Dur\u00e9e de lecture estim\u00e9e\" \/>\n\t<meta name=\"twitter:data1\" content=\"1 minute\" \/>\n<script type=\"application\/ld+json\" class=\"yoast-schema-graph\">{\"@context\":\"https:\\\/\\\/schema.org\",\"@graph\":[{\"@type\":\"WebPage\",\"@id\":\"https:\\\/\\\/elixscent.com\\\/product\\\/anis-eucalyptu\\\/\",\"url\":\"https:\\\/\\\/elixscent.com\\\/product\\\/anis-eucalyptu\\\/\",\"name\":\"Refresh Your Mind and Body with Anise-Eucalyptus Natural Fragrance Oil - ELiX EU air fresheners\",\"isPartOf\":{\"@id\":\"https:\\\/\\\/elixscent.com\\\/#website\"},\"primaryImageOfPage\":{\"@id\":\"https:\\\/\\\/elixscent.com\\\/product\\\/anis-eucalyptu\\\/#primaryimage\"},\"image\":{\"@id\":\"https:\\\/\\\/elixscent.com\\\/product\\\/anis-eucalyptu\\\/#primaryimage\"},\"thumbnailUrl\":\"https:\\\/\\\/elixscent.com\\\/wp-content\\\/uploads\\\/50ml_ANISEUCALYPTUS_1.0.webp\",\"datePublished\":\"2024-07-10T09:26:40+00:00\",\"dateModified\":\"2024-10-15T10:42:28+00:00\",\"description\":\"Discover the invigorating blend of Anise-Eucalyptus Ethereal Oil. Experience a harmonious and uplifting scent that refreshes your senses.\",\"breadcrumb\":{\"@id\":\"https:\\\/\\\/elixscent.com\\\/product\\\/anis-eucalyptu\\\/#breadcrumb\"},\"inLanguage\":\"fr-FR\",\"potentialAction\":[{\"@type\":\"ReadAction\",\"target\":[\"https:\\\/\\\/elixscent.com\\\/product\\\/anis-eucalyptu\\\/\"]}]},{\"@type\":\"ImageObject\",\"inLanguage\":\"fr-FR\",\"@id\":\"https:\\\/\\\/elixscent.com\\\/product\\\/anis-eucalyptu\\\/#primaryimage\",\"url\":\"https:\\\/\\\/elixscent.com\\\/wp-content\\\/uploads\\\/50ml_ANISEUCALYPTUS_1.0.webp\",\"contentUrl\":\"https:\\\/\\\/elixscent.com\\\/wp-content\\\/uploads\\\/50ml_ANISEUCALYPTUS_1.0.webp\",\"width\":2048,\"height\":2048,\"caption\":\"50ml ANISEUCALYPTUS 1.0\"},{\"@type\":\"BreadcrumbList\",\"@id\":\"https:\\\/\\\/elixscent.com\\\/product\\\/anis-eucalyptu\\\/#breadcrumb\",\"itemListElement\":[{\"@type\":\"ListItem\",\"position\":1,\"name\":\"Home\",\"item\":\"https:\\\/\\\/elixscent.com\\\/\"},{\"@type\":\"ListItem\",\"position\":2,\"name\":\"Products\",\"item\":\"https:\\\/\\\/elixscent.com\\\/product\\\/\"},{\"@type\":\"ListItem\",\"position\":3,\"name\":\"ESSENTIAL OIL\",\"item\":\"https:\\\/\\\/elixscent.com\\\/product-category\\\/essential-oils\\\/\"},{\"@type\":\"ListItem\",\"position\":4,\"name\":\"Essential Oil Anis &#038; Eucalyptus\"}]},{\"@type\":\"WebSite\",\"@id\":\"https:\\\/\\\/elixscent.com\\\/#website\",\"url\":\"https:\\\/\\\/elixscent.com\\\/\",\"name\":\"ELiX EU air fresheners\",\"description\":\"Air &amp; Fabric, Perfectly Fresh\",\"publisher\":{\"@id\":\"https:\\\/\\\/elixscent.com\\\/#organization\"},\"potentialAction\":[{\"@type\":\"SearchAction\",\"target\":{\"@type\":\"EntryPoint\",\"urlTemplate\":\"https:\\\/\\\/elixscent.com\\\/?s={search_term_string}\"},\"query-input\":{\"@type\":\"PropertyValueSpecification\",\"valueRequired\":true,\"valueName\":\"search_term_string\"}}],\"inLanguage\":\"fr-FR\"},{\"@type\":\"Organization\",\"@id\":\"https:\\\/\\\/elixscent.com\\\/#organization\",\"name\":\"ELIX air freshener manufacturer\",\"url\":\"https:\\\/\\\/elixscent.com\\\/\",\"logo\":{\"@type\":\"ImageObject\",\"inLanguage\":\"fr-FR\",\"@id\":\"https:\\\/\\\/elixscent.com\\\/#\\\/schema\\\/logo\\\/image\\\/\",\"url\":\"https:\\\/\\\/elixscent.com\\\/wp-content\\\/uploads\\\/elix_logo_1.0-_300.jpg\",\"contentUrl\":\"https:\\\/\\\/elixscent.com\\\/wp-content\\\/uploads\\\/elix_logo_1.0-_300.jpg\",\"width\":300,\"height\":257,\"caption\":\"ELIX air freshener manufacturer\"},\"image\":{\"@id\":\"https:\\\/\\\/elixscent.com\\\/#\\\/schema\\\/logo\\\/image\\\/\"},\"sameAs\":[\"https:\\\/\\\/www.linkedin.com\\\/company\\\/30084929\"]}]}<\/script>\n<!-- \/ Yoast SEO Premium plugin. -->","yoast_head_json":{"title":"Rafra\u00eechissez votre esprit et votre corps avec l'huile de parfum naturelle Anis-Eucalyptus - ELiX EU air fresheners","description":"D\u00e9couvrez le m\u00e9lange vivifiant de l'huile \u00e9th\u00e9r\u00e9e d'anis et d'eucalyptus. Un parfum harmonieux et vivifiant qui rafra\u00eechit les sens.","robots":{"index":"index","follow":"follow","max-snippet":"max-snippet:-1","max-image-preview":"max-image-preview:large","max-video-preview":"max-video-preview:-1"},"canonical":"https:\/\/elixscent.com\/fr\/produit\/anis-eucalyptu\/","og_locale":"fr_FR","og_type":"article","og_title":"Essential Oil Anis & Eucalyptus","og_description":"Discover the invigorating blend of Anise-Eucalyptus Ethereal Oil. Experience a harmonious and uplifting scent that refreshes your senses.","og_url":"https:\/\/elixscent.com\/fr\/produit\/anis-eucalyptu\/","og_site_name":"ELiX EU air fresheners","article_modified_time":"2024-10-15T10:42:28+00:00","og_image":[{"width":2048,"height":2048,"url":"https:\/\/elixscent.com\/wp-content\/uploads\/50ml_ANISEUCALYPTUS_1.0.webp","type":"image\/webp"}],"twitter_card":"summary_large_image","twitter_misc":{"Dur\u00e9e de lecture estim\u00e9e":"1 minute"},"schema":{"@context":"https:\/\/schema.org","@graph":[{"@type":"WebPage","@id":"https:\/\/elixscent.com\/product\/anis-eucalyptu\/","url":"https:\/\/elixscent.com\/product\/anis-eucalyptu\/","name":"Rafra\u00eechissez votre esprit et votre corps avec l'huile de parfum naturelle Anis-Eucalyptus - ELiX EU air fresheners","isPartOf":{"@id":"https:\/\/elixscent.com\/#website"},"primaryImageOfPage":{"@id":"https:\/\/elixscent.com\/product\/anis-eucalyptu\/#primaryimage"},"image":{"@id":"https:\/\/elixscent.com\/product\/anis-eucalyptu\/#primaryimage"},"thumbnailUrl":"https:\/\/elixscent.com\/wp-content\/uploads\/50ml_ANISEUCALYPTUS_1.0.webp","datePublished":"2024-07-10T09:26:40+00:00","dateModified":"2024-10-15T10:42:28+00:00","description":"D\u00e9couvrez le m\u00e9lange vivifiant de l'huile \u00e9th\u00e9r\u00e9e d'anis et d'eucalyptus. Un parfum harmonieux et vivifiant qui rafra\u00eechit les sens.","breadcrumb":{"@id":"https:\/\/elixscent.com\/product\/anis-eucalyptu\/#breadcrumb"},"inLanguage":"fr-FR","potentialAction":[{"@type":"ReadAction","target":["https:\/\/elixscent.com\/product\/anis-eucalyptu\/"]}]},{"@type":"ImageObject","inLanguage":"fr-FR","@id":"https:\/\/elixscent.com\/product\/anis-eucalyptu\/#primaryimage","url":"https:\/\/elixscent.com\/wp-content\/uploads\/50ml_ANISEUCALYPTUS_1.0.webp","contentUrl":"https:\/\/elixscent.com\/wp-content\/uploads\/50ml_ANISEUCALYPTUS_1.0.webp","width":2048,"height":2048,"caption":"50ml ANISEUCALYPTUS 1.0"},{"@type":"BreadcrumbList","@id":"https:\/\/elixscent.com\/product\/anis-eucalyptu\/#breadcrumb","itemListElement":[{"@type":"ListItem","position":1,"name":"Home","item":"https:\/\/elixscent.com\/"},{"@type":"ListItem","position":2,"name":"Products","item":"https:\/\/elixscent.com\/product\/"},{"@type":"ListItem","position":3,"name":"ESSENTIAL OIL","item":"https:\/\/elixscent.com\/product-category\/essential-oils\/"},{"@type":"ListItem","position":4,"name":"Essential Oil Anis &#038; Eucalyptus"}]},{"@type":"WebSite","@id":"https:\/\/elixscent.com\/#website","url":"https:\/\/elixscent.com\/","name":"D\u00e9sodorisants ELiX EU","description":"Air &amp; Tissus, Parfaitement frais","publisher":{"@id":"https:\/\/elixscent.com\/#organization"},"potentialAction":[{"@type":"SearchAction","target":{"@type":"EntryPoint","urlTemplate":"https:\/\/elixscent.com\/?s={search_term_string}"},"query-input":{"@type":"PropertyValueSpecification","valueRequired":true,"valueName":"search_term_string"}}],"inLanguage":"fr-FR"},{"@type":"Organization","@id":"https:\/\/elixscent.com\/#organization","name":"Fabricant de d\u00e9sodorisants ELIX","url":"https:\/\/elixscent.com\/","logo":{"@type":"ImageObject","inLanguage":"fr-FR","@id":"https:\/\/elixscent.com\/#\/schema\/logo\/image\/","url":"https:\/\/elixscent.com\/wp-content\/uploads\/elix_logo_1.0-_300.jpg","contentUrl":"https:\/\/elixscent.com\/wp-content\/uploads\/elix_logo_1.0-_300.jpg","width":300,"height":257,"caption":"ELIX air freshener manufacturer"},"image":{"@id":"https:\/\/elixscent.com\/#\/schema\/logo\/image\/"},"sameAs":["https:\/\/www.linkedin.com\/company\/30084929"]}]}},"_links":{"self":[{"href":"https:\/\/elixscent.com\/fr\/wp-json\/wp\/v2\/product\/51317","targetHints":{"allow":["GET"]}}],"collection":[{"href":"https:\/\/elixscent.com\/fr\/wp-json\/wp\/v2\/product"}],"about":[{"href":"https:\/\/elixscent.com\/fr\/wp-json\/wp\/v2\/types\/product"}],"version-history":[{"count":5,"href":"https:\/\/elixscent.com\/fr\/wp-json\/wp\/v2\/product\/51317\/revisions"}],"predecessor-version":[{"id":53509,"href":"https:\/\/elixscent.com\/fr\/wp-json\/wp\/v2\/product\/51317\/revisions\/53509"}],"wp:featuredmedia":[{"embeddable":true,"href":"https:\/\/elixscent.com\/fr\/wp-json\/wp\/v2\/media\/51318"}],"wp:attachment":[{"href":"https:\/\/elixscent.com\/fr\/wp-json\/wp\/v2\/media?parent=51317"}],"curies":[{"name":"wp","href":"https:\/\/api.w.org\/{rel}","templated":true}]}}