{"id":28613,"date":"2023-01-19T09:12:47","date_gmt":"2023-01-19T09:12:47","guid":{"rendered":"https:\/\/elixscent.com\/?post_type=product&#038;p=28613"},"modified":"2024-10-14T13:33:08","modified_gmt":"2024-10-14T13:33:08","slug":"power-300","status":"publish","type":"product","link":"https:\/\/elixscent.com\/fr\/product\/power-300\/","title":{"rendered":"Relaxeen Power 300"},"content":{"rendered":"<p><span id=\"span-23-132\" class=\"ct-span oxy-stock-content-styles\">Superbe collection fleurie, aussi vive et color\u00e9e que vous pouvez le voir sur l'emballage, il y a des parfums \u00e0 l'int\u00e9rieur ! Puissants et durables, les produits tr\u00e8s frais et fleuris cr\u00e9eront de jolis souvenirs dans votre espace !<\/span><\/p>\n<p><span id=\"span-23-132\" class=\"ct-span oxy-stock-content-styles\"><em>&gt;&gt; Si vous voulez acheter, visitez notre magasin :<\/em> <a class=\"_ps2id\" href=\"https:\/\/airfresh24.com\/products\/shop\/relaxeen\/\" data-ps2id-offset=\"\"><strong>www.airfresh24.com<\/strong><\/a><\/span><\/p>","protected":false},"featured_media":28594,"parent":0,"menu_order":0,"template":"","class_list":["post-28613","product","type-product","status-publish","has-post-thumbnail","hentry","product_category-relaxeen-300"],"acf":[],"yoast_head":"<!-- This site is optimized with the Yoast SEO Premium plugin v27.2 (Yoast SEO v27.4) - https:\/\/yoast.com\/product\/yoast-seo-premium-wordpress\/ -->\n<title>Relaxeen Power 300 - ELiX EU air fresheners<\/title>\n<meta name=\"description\" content=\"The only such air freshener on the market, truly natural, containing plant extracts, which will make you feel like in a real garden\" \/>\n<meta name=\"robots\" content=\"index, follow, max-snippet:-1, max-image-preview:large, max-video-preview:-1\" \/>\n<link rel=\"canonical\" href=\"https:\/\/elixscent.com\/fr\/produit\/power-300\/\" \/>\n<meta property=\"og:locale\" content=\"fr_FR\" \/>\n<meta property=\"og:type\" content=\"article\" \/>\n<meta property=\"og:title\" content=\"Relaxeen Power 300\" \/>\n<meta property=\"og:description\" content=\"The only such air freshener on the market, truly natural, containing plant extracts, which will make you feel like in a real garden\" \/>\n<meta property=\"og:url\" content=\"https:\/\/elixscent.com\/fr\/produit\/power-300\/\" \/>\n<meta property=\"og:site_name\" content=\"ELiX EU air fresheners\" \/>\n<meta property=\"article:modified_time\" content=\"2024-10-14T13:33:08+00:00\" \/>\n<meta property=\"og:image\" content=\"https:\/\/elixscent.com\/wp-content\/uploads\/Relaxeen_ENG_power_2.0.png\" \/>\n\t<meta property=\"og:image:width\" content=\"175\" \/>\n\t<meta property=\"og:image:height\" content=\"623\" \/>\n\t<meta property=\"og:image:type\" content=\"image\/png\" \/>\n<meta name=\"twitter:card\" content=\"summary_large_image\" \/>\n<meta name=\"twitter:label1\" content=\"Dur\u00e9e de lecture estim\u00e9e\" \/>\n\t<meta name=\"twitter:data1\" content=\"1 minute\" \/>\n<script type=\"application\/ld+json\" class=\"yoast-schema-graph\">{\"@context\":\"https:\\\/\\\/schema.org\",\"@graph\":[{\"@type\":\"WebPage\",\"@id\":\"https:\\\/\\\/elixscent.com\\\/product\\\/power-300\\\/\",\"url\":\"https:\\\/\\\/elixscent.com\\\/product\\\/power-300\\\/\",\"name\":\"Relaxeen Power 300 - ELiX EU air fresheners\",\"isPartOf\":{\"@id\":\"https:\\\/\\\/elixscent.com\\\/#website\"},\"primaryImageOfPage\":{\"@id\":\"https:\\\/\\\/elixscent.com\\\/product\\\/power-300\\\/#primaryimage\"},\"image\":{\"@id\":\"https:\\\/\\\/elixscent.com\\\/product\\\/power-300\\\/#primaryimage\"},\"thumbnailUrl\":\"https:\\\/\\\/elixscent.com\\\/wp-content\\\/uploads\\\/Relaxeen_ENG_power_2.0.png\",\"datePublished\":\"2023-01-19T09:12:47+00:00\",\"dateModified\":\"2024-10-14T13:33:08+00:00\",\"description\":\"The only such air freshener on the market, truly natural, containing plant extracts, which will make you feel like in a real garden\",\"breadcrumb\":{\"@id\":\"https:\\\/\\\/elixscent.com\\\/product\\\/power-300\\\/#breadcrumb\"},\"inLanguage\":\"fr-FR\",\"potentialAction\":[{\"@type\":\"ReadAction\",\"target\":[\"https:\\\/\\\/elixscent.com\\\/product\\\/power-300\\\/\"]}]},{\"@type\":\"ImageObject\",\"inLanguage\":\"fr-FR\",\"@id\":\"https:\\\/\\\/elixscent.com\\\/product\\\/power-300\\\/#primaryimage\",\"url\":\"https:\\\/\\\/elixscent.com\\\/wp-content\\\/uploads\\\/Relaxeen_ENG_power_2.0.png\",\"contentUrl\":\"https:\\\/\\\/elixscent.com\\\/wp-content\\\/uploads\\\/Relaxeen_ENG_power_2.0.png\",\"width\":175,\"height\":623,\"caption\":\"Relaxeen ENG power 2.0\"},{\"@type\":\"BreadcrumbList\",\"@id\":\"https:\\\/\\\/elixscent.com\\\/product\\\/power-300\\\/#breadcrumb\",\"itemListElement\":[{\"@type\":\"ListItem\",\"position\":1,\"name\":\"Home\",\"item\":\"https:\\\/\\\/elixscent.com\\\/\"},{\"@type\":\"ListItem\",\"position\":2,\"name\":\"Products\",\"item\":\"https:\\\/\\\/elixscent.com\\\/product\\\/\"},{\"@type\":\"ListItem\",\"position\":3,\"name\":\"SPRAY AIR FRESHENERS\",\"item\":\"https:\\\/\\\/elixscent.com\\\/product-category\\\/air-spray\\\/\"},{\"@type\":\"ListItem\",\"position\":4,\"name\":\"Relaxeen 300\",\"item\":\"https:\\\/\\\/elixscent.com\\\/product-category\\\/relaxeen-300\\\/\"},{\"@type\":\"ListItem\",\"position\":5,\"name\":\"Relaxeen Power 300\"}]},{\"@type\":\"WebSite\",\"@id\":\"https:\\\/\\\/elixscent.com\\\/#website\",\"url\":\"https:\\\/\\\/elixscent.com\\\/\",\"name\":\"ELiX EU air fresheners\",\"description\":\"Air &amp; Fabric, Perfectly Fresh\",\"publisher\":{\"@id\":\"https:\\\/\\\/elixscent.com\\\/#organization\"},\"potentialAction\":[{\"@type\":\"SearchAction\",\"target\":{\"@type\":\"EntryPoint\",\"urlTemplate\":\"https:\\\/\\\/elixscent.com\\\/?s={search_term_string}\"},\"query-input\":{\"@type\":\"PropertyValueSpecification\",\"valueRequired\":true,\"valueName\":\"search_term_string\"}}],\"inLanguage\":\"fr-FR\"},{\"@type\":\"Organization\",\"@id\":\"https:\\\/\\\/elixscent.com\\\/#organization\",\"name\":\"ELIX air freshener manufacturer\",\"url\":\"https:\\\/\\\/elixscent.com\\\/\",\"logo\":{\"@type\":\"ImageObject\",\"inLanguage\":\"fr-FR\",\"@id\":\"https:\\\/\\\/elixscent.com\\\/#\\\/schema\\\/logo\\\/image\\\/\",\"url\":\"https:\\\/\\\/elixscent.com\\\/wp-content\\\/uploads\\\/elix_logo_1.0-_300.jpg\",\"contentUrl\":\"https:\\\/\\\/elixscent.com\\\/wp-content\\\/uploads\\\/elix_logo_1.0-_300.jpg\",\"width\":300,\"height\":257,\"caption\":\"ELIX air freshener manufacturer\"},\"image\":{\"@id\":\"https:\\\/\\\/elixscent.com\\\/#\\\/schema\\\/logo\\\/image\\\/\"},\"sameAs\":[\"https:\\\/\\\/www.linkedin.com\\\/company\\\/30084929\"]}]}<\/script>\n<!-- \/ Yoast SEO Premium plugin. -->","yoast_head_json":{"title":"Relaxeen Power 300 - ELiX EU air fresheners","description":"Le seul d\u00e9sodorisant de ce type sur le march\u00e9, vraiment naturel, contenant des extraits de plantes, qui vous donnera l'impression d'\u00eatre dans un vrai jardin.","robots":{"index":"index","follow":"follow","max-snippet":"max-snippet:-1","max-image-preview":"max-image-preview:large","max-video-preview":"max-video-preview:-1"},"canonical":"https:\/\/elixscent.com\/fr\/produit\/power-300\/","og_locale":"fr_FR","og_type":"article","og_title":"Relaxeen Power 300","og_description":"The only such air freshener on the market, truly natural, containing plant extracts, which will make you feel like in a real garden","og_url":"https:\/\/elixscent.com\/fr\/produit\/power-300\/","og_site_name":"ELiX EU air fresheners","article_modified_time":"2024-10-14T13:33:08+00:00","og_image":[{"width":175,"height":623,"url":"https:\/\/elixscent.com\/wp-content\/uploads\/Relaxeen_ENG_power_2.0.png","type":"image\/png"}],"twitter_card":"summary_large_image","twitter_misc":{"Dur\u00e9e de lecture estim\u00e9e":"1 minute"},"schema":{"@context":"https:\/\/schema.org","@graph":[{"@type":"WebPage","@id":"https:\/\/elixscent.com\/product\/power-300\/","url":"https:\/\/elixscent.com\/product\/power-300\/","name":"Relaxeen Power 300 - ELiX EU air fresheners","isPartOf":{"@id":"https:\/\/elixscent.com\/#website"},"primaryImageOfPage":{"@id":"https:\/\/elixscent.com\/product\/power-300\/#primaryimage"},"image":{"@id":"https:\/\/elixscent.com\/product\/power-300\/#primaryimage"},"thumbnailUrl":"https:\/\/elixscent.com\/wp-content\/uploads\/Relaxeen_ENG_power_2.0.png","datePublished":"2023-01-19T09:12:47+00:00","dateModified":"2024-10-14T13:33:08+00:00","description":"Le seul d\u00e9sodorisant de ce type sur le march\u00e9, vraiment naturel, contenant des extraits de plantes, qui vous donnera l'impression d'\u00eatre dans un vrai jardin.","breadcrumb":{"@id":"https:\/\/elixscent.com\/product\/power-300\/#breadcrumb"},"inLanguage":"fr-FR","potentialAction":[{"@type":"ReadAction","target":["https:\/\/elixscent.com\/product\/power-300\/"]}]},{"@type":"ImageObject","inLanguage":"fr-FR","@id":"https:\/\/elixscent.com\/product\/power-300\/#primaryimage","url":"https:\/\/elixscent.com\/wp-content\/uploads\/Relaxeen_ENG_power_2.0.png","contentUrl":"https:\/\/elixscent.com\/wp-content\/uploads\/Relaxeen_ENG_power_2.0.png","width":175,"height":623,"caption":"Relaxeen ENG power 2.0"},{"@type":"BreadcrumbList","@id":"https:\/\/elixscent.com\/product\/power-300\/#breadcrumb","itemListElement":[{"@type":"ListItem","position":1,"name":"Home","item":"https:\/\/elixscent.com\/"},{"@type":"ListItem","position":2,"name":"Products","item":"https:\/\/elixscent.com\/product\/"},{"@type":"ListItem","position":3,"name":"SPRAY AIR FRESHENERS","item":"https:\/\/elixscent.com\/product-category\/air-spray\/"},{"@type":"ListItem","position":4,"name":"Relaxeen 300","item":"https:\/\/elixscent.com\/product-category\/relaxeen-300\/"},{"@type":"ListItem","position":5,"name":"Relaxeen Power 300"}]},{"@type":"WebSite","@id":"https:\/\/elixscent.com\/#website","url":"https:\/\/elixscent.com\/","name":"D\u00e9sodorisants ELiX EU","description":"Air &amp; Tissus, Parfaitement frais","publisher":{"@id":"https:\/\/elixscent.com\/#organization"},"potentialAction":[{"@type":"SearchAction","target":{"@type":"EntryPoint","urlTemplate":"https:\/\/elixscent.com\/?s={search_term_string}"},"query-input":{"@type":"PropertyValueSpecification","valueRequired":true,"valueName":"search_term_string"}}],"inLanguage":"fr-FR"},{"@type":"Organization","@id":"https:\/\/elixscent.com\/#organization","name":"Fabricant de d\u00e9sodorisants ELIX","url":"https:\/\/elixscent.com\/","logo":{"@type":"ImageObject","inLanguage":"fr-FR","@id":"https:\/\/elixscent.com\/#\/schema\/logo\/image\/","url":"https:\/\/elixscent.com\/wp-content\/uploads\/elix_logo_1.0-_300.jpg","contentUrl":"https:\/\/elixscent.com\/wp-content\/uploads\/elix_logo_1.0-_300.jpg","width":300,"height":257,"caption":"ELIX air freshener manufacturer"},"image":{"@id":"https:\/\/elixscent.com\/#\/schema\/logo\/image\/"},"sameAs":["https:\/\/www.linkedin.com\/company\/30084929"]}]}},"_links":{"self":[{"href":"https:\/\/elixscent.com\/fr\/wp-json\/wp\/v2\/product\/28613","targetHints":{"allow":["GET"]}}],"collection":[{"href":"https:\/\/elixscent.com\/fr\/wp-json\/wp\/v2\/product"}],"about":[{"href":"https:\/\/elixscent.com\/fr\/wp-json\/wp\/v2\/types\/product"}],"version-history":[{"count":6,"href":"https:\/\/elixscent.com\/fr\/wp-json\/wp\/v2\/product\/28613\/revisions"}],"predecessor-version":[{"id":53408,"href":"https:\/\/elixscent.com\/fr\/wp-json\/wp\/v2\/product\/28613\/revisions\/53408"}],"wp:featuredmedia":[{"embeddable":true,"href":"https:\/\/elixscent.com\/fr\/wp-json\/wp\/v2\/media\/28594"}],"wp:attachment":[{"href":"https:\/\/elixscent.com\/fr\/wp-json\/wp\/v2\/media?parent=28613"}],"curies":[{"name":"wp","href":"https:\/\/api.w.org\/{rel}","templated":true}]}}