{"id":28460,"date":"2022-12-15T10:43:24","date_gmt":"2022-12-15T10:43:24","guid":{"rendered":"https:\/\/elixscent.com\/?post_type=product&#038;p=28460"},"modified":"2026-03-02T08:07:35","modified_gmt":"2026-03-02T08:07:35","slug":"hp-vanille","status":"publish","type":"product","link":"https:\/\/elixscent.com\/fr\/product\/hp-vanilla\/","title":{"rendered":"Accueil Parfum Vanille et bois de santal"},"content":{"rendered":"<p><em>Simple, grand et \u00e9l\u00e9gant... !<\/em><\/p>\n<p>Odeur de <em><strong>Vanille et bois de santal<\/strong><\/em> donnera \u00e0 votre espace une ambiance chaleureuse, tonique et douce aussi longtemps que vous le souhaitez. <em><strong>125 ml<\/strong><\/em> Une capacit\u00e9 qui dure ! Dans ce parfum, la puissance de la vanille et de la f\u00e8ve tonka est amplifi\u00e9e par le poivre, le bois de c\u00e8dre et un soup\u00e7on de clou de girofle, formant un m\u00e9lange qui n'est ni une vanille typique, ni un bois de santal typique, mais juste un parfum parfait que vous attendez en tenant ce produit dans votre main.<\/p>\n<p>Joli emballage, parfait pour un cadeau ou pour se faire plaisir !<br \/>\nUn produit au design minimaliste qui trouvera sa place dans toutes les pi\u00e8ces de la maison !<\/p>\n<p><span id=\"span-23-132\" class=\"ct-span oxy-stock-content-styles\"><em>&gt;&gt; Si vous voulez acheter, visitez notre magasin :<\/em> <a class=\"_ps2id\" href=\"https:\/\/airfresh24.com\/products\/shop\/home-perfume-125\/\" data-ps2id-offset=\"\"><strong>www.airfresh24.com<\/strong><\/a><\/span><\/p>","protected":false},"featured_media":28461,"parent":0,"menu_order":0,"template":"","class_list":["post-28460","product","type-product","status-publish","has-post-thumbnail","hentry","product_category-hp","product_category-home"],"acf":[],"yoast_head":"<!-- This site is optimized with the Yoast SEO Premium plugin v27.4 (Yoast SEO v27.4) - https:\/\/yoast.com\/product\/yoast-seo-premium-wordpress\/ -->\n<title>Home Perfume Vanilla &amp; Sandalwood | ELiX Scent<\/title>\n<meta name=\"description\" content=\"A warm blend of creamy vanilla and rich sandalwood \u2013 Home Perfume by ELiX creates a cozy, elegant atmosphere in any interior.\" \/>\n<meta name=\"robots\" content=\"index, follow, max-snippet:-1, max-image-preview:large, max-video-preview:-1\" \/>\n<link rel=\"canonical\" href=\"https:\/\/elixscent.com\/fr\/produit\/hp-vanille\/\" \/>\n<meta property=\"og:locale\" content=\"fr_FR\" \/>\n<meta property=\"og:type\" content=\"article\" \/>\n<meta property=\"og:title\" content=\"Home Perfume Vanilla &amp; Sandalwood\" \/>\n<meta property=\"og:description\" content=\"A warm blend of creamy vanilla and rich sandalwood \u2013 Home Perfume by ELiX creates a cozy, elegant atmosphere in any interior.\" \/>\n<meta property=\"og:url\" content=\"https:\/\/elixscent.com\/fr\/produit\/hp-vanille\/\" \/>\n<meta property=\"og:site_name\" content=\"ELiX EU air fresheners\" \/>\n<meta property=\"article:modified_time\" content=\"2026-03-02T08:07:35+00:00\" \/>\n<meta property=\"og:image\" content=\"https:\/\/elixscent.com\/wp-content\/uploads\/Reed-Diffuser-Vanilla-Sandalwood-480.png\" \/>\n\t<meta property=\"og:image:width\" content=\"500\" \/>\n\t<meta property=\"og:image:height\" content=\"600\" \/>\n\t<meta property=\"og:image:type\" content=\"image\/png\" \/>\n<meta name=\"twitter:card\" content=\"summary_large_image\" \/>\n<meta name=\"twitter:label1\" content=\"Dur\u00e9e de lecture estim\u00e9e\" \/>\n\t<meta name=\"twitter:data1\" content=\"1 minute\" \/>\n<script type=\"application\/ld+json\" class=\"yoast-schema-graph\">{\"@context\":\"https:\\\/\\\/schema.org\",\"@graph\":[{\"@type\":\"WebPage\",\"@id\":\"https:\\\/\\\/elixscent.com\\\/product\\\/hp-vanilla\\\/\",\"url\":\"https:\\\/\\\/elixscent.com\\\/product\\\/hp-vanilla\\\/\",\"name\":\"Home Perfume Vanilla & Sandalwood | ELiX Scent\",\"isPartOf\":{\"@id\":\"https:\\\/\\\/elixscent.com\\\/#website\"},\"primaryImageOfPage\":{\"@id\":\"https:\\\/\\\/elixscent.com\\\/product\\\/hp-vanilla\\\/#primaryimage\"},\"image\":{\"@id\":\"https:\\\/\\\/elixscent.com\\\/product\\\/hp-vanilla\\\/#primaryimage\"},\"thumbnailUrl\":\"https:\\\/\\\/elixscent.com\\\/wp-content\\\/uploads\\\/Reed-Diffuser-Vanilla-Sandalwood-480.png\",\"datePublished\":\"2022-12-15T10:43:24+00:00\",\"dateModified\":\"2026-03-02T08:07:35+00:00\",\"description\":\"A warm blend of creamy vanilla and rich sandalwood \u2013 Home Perfume by ELiX creates a cozy, elegant atmosphere in any interior.\",\"breadcrumb\":{\"@id\":\"https:\\\/\\\/elixscent.com\\\/product\\\/hp-vanilla\\\/#breadcrumb\"},\"inLanguage\":\"fr-FR\",\"potentialAction\":[{\"@type\":\"ReadAction\",\"target\":[\"https:\\\/\\\/elixscent.com\\\/product\\\/hp-vanilla\\\/\"]}]},{\"@type\":\"ImageObject\",\"inLanguage\":\"fr-FR\",\"@id\":\"https:\\\/\\\/elixscent.com\\\/product\\\/hp-vanilla\\\/#primaryimage\",\"url\":\"https:\\\/\\\/elixscent.com\\\/wp-content\\\/uploads\\\/Reed-Diffuser-Vanilla-Sandalwood-480.png\",\"contentUrl\":\"https:\\\/\\\/elixscent.com\\\/wp-content\\\/uploads\\\/Reed-Diffuser-Vanilla-Sandalwood-480.png\",\"width\":500,\"height\":600,\"caption\":\"Reed Diffuser Vanilla Sandalwood 480\"},{\"@type\":\"BreadcrumbList\",\"@id\":\"https:\\\/\\\/elixscent.com\\\/product\\\/hp-vanilla\\\/#breadcrumb\",\"itemListElement\":[{\"@type\":\"ListItem\",\"position\":1,\"name\":\"Home\",\"item\":\"https:\\\/\\\/elixscent.com\\\/\"},{\"@type\":\"ListItem\",\"position\":2,\"name\":\"Products\",\"item\":\"https:\\\/\\\/elixscent.com\\\/product\\\/\"},{\"@type\":\"ListItem\",\"position\":3,\"name\":\"HOME PERFUME\",\"item\":\"https:\\\/\\\/elixscent.com\\\/product-category\\\/home\\\/\"},{\"@type\":\"ListItem\",\"position\":4,\"name\":\"Home Perfume Vanilla &#038; Sandalwood\"}]},{\"@type\":\"WebSite\",\"@id\":\"https:\\\/\\\/elixscent.com\\\/#website\",\"url\":\"https:\\\/\\\/elixscent.com\\\/\",\"name\":\"ELiX EU air fresheners\",\"description\":\"Air &amp; Fabric, Perfectly Fresh\",\"publisher\":{\"@id\":\"https:\\\/\\\/elixscent.com\\\/#organization\"},\"potentialAction\":[{\"@type\":\"SearchAction\",\"target\":{\"@type\":\"EntryPoint\",\"urlTemplate\":\"https:\\\/\\\/elixscent.com\\\/?s={search_term_string}\"},\"query-input\":{\"@type\":\"PropertyValueSpecification\",\"valueRequired\":true,\"valueName\":\"search_term_string\"}}],\"inLanguage\":\"fr-FR\"},{\"@type\":\"Organization\",\"@id\":\"https:\\\/\\\/elixscent.com\\\/#organization\",\"name\":\"ELIX air freshener manufacturer\",\"url\":\"https:\\\/\\\/elixscent.com\\\/\",\"logo\":{\"@type\":\"ImageObject\",\"inLanguage\":\"fr-FR\",\"@id\":\"https:\\\/\\\/elixscent.com\\\/#\\\/schema\\\/logo\\\/image\\\/\",\"url\":\"https:\\\/\\\/elixscent.com\\\/wp-content\\\/uploads\\\/elix_logo_1.0-_300.jpg\",\"contentUrl\":\"https:\\\/\\\/elixscent.com\\\/wp-content\\\/uploads\\\/elix_logo_1.0-_300.jpg\",\"width\":300,\"height\":257,\"caption\":\"ELIX air freshener manufacturer\"},\"image\":{\"@id\":\"https:\\\/\\\/elixscent.com\\\/#\\\/schema\\\/logo\\\/image\\\/\"},\"sameAs\":[\"https:\\\/\\\/www.linkedin.com\\\/company\\\/30084929\"]}]}<\/script>\n<!-- \/ Yoast SEO Premium plugin. -->","yoast_head_json":{"title":"Home Parfum Vanille et bois de santal | ELiX Scent","description":"Un m\u00e9lange chaleureux de vanille cr\u00e9meuse et de bois de santal riche - Home Perfume de ELiX cr\u00e9e une atmosph\u00e8re confortable et \u00e9l\u00e9gante dans n'importe quel int\u00e9rieur.","robots":{"index":"index","follow":"follow","max-snippet":"max-snippet:-1","max-image-preview":"max-image-preview:large","max-video-preview":"max-video-preview:-1"},"canonical":"https:\/\/elixscent.com\/fr\/produit\/hp-vanille\/","og_locale":"fr_FR","og_type":"article","og_title":"Home Perfume Vanilla & Sandalwood","og_description":"A warm blend of creamy vanilla and rich sandalwood \u2013 Home Perfume by ELiX creates a cozy, elegant atmosphere in any interior.","og_url":"https:\/\/elixscent.com\/fr\/produit\/hp-vanille\/","og_site_name":"ELiX EU air fresheners","article_modified_time":"2026-03-02T08:07:35+00:00","og_image":[{"width":500,"height":600,"url":"https:\/\/elixscent.com\/wp-content\/uploads\/Reed-Diffuser-Vanilla-Sandalwood-480.png","type":"image\/png"}],"twitter_card":"summary_large_image","twitter_misc":{"Dur\u00e9e de lecture estim\u00e9e":"1 minute"},"schema":{"@context":"https:\/\/schema.org","@graph":[{"@type":"WebPage","@id":"https:\/\/elixscent.com\/product\/hp-vanilla\/","url":"https:\/\/elixscent.com\/product\/hp-vanilla\/","name":"Home Parfum Vanille et bois de santal | ELiX Scent","isPartOf":{"@id":"https:\/\/elixscent.com\/#website"},"primaryImageOfPage":{"@id":"https:\/\/elixscent.com\/product\/hp-vanilla\/#primaryimage"},"image":{"@id":"https:\/\/elixscent.com\/product\/hp-vanilla\/#primaryimage"},"thumbnailUrl":"https:\/\/elixscent.com\/wp-content\/uploads\/Reed-Diffuser-Vanilla-Sandalwood-480.png","datePublished":"2022-12-15T10:43:24+00:00","dateModified":"2026-03-02T08:07:35+00:00","description":"Un m\u00e9lange chaleureux de vanille cr\u00e9meuse et de bois de santal riche - Home Perfume de ELiX cr\u00e9e une atmosph\u00e8re confortable et \u00e9l\u00e9gante dans n'importe quel int\u00e9rieur.","breadcrumb":{"@id":"https:\/\/elixscent.com\/product\/hp-vanilla\/#breadcrumb"},"inLanguage":"fr-FR","potentialAction":[{"@type":"ReadAction","target":["https:\/\/elixscent.com\/product\/hp-vanilla\/"]}]},{"@type":"ImageObject","inLanguage":"fr-FR","@id":"https:\/\/elixscent.com\/product\/hp-vanilla\/#primaryimage","url":"https:\/\/elixscent.com\/wp-content\/uploads\/Reed-Diffuser-Vanilla-Sandalwood-480.png","contentUrl":"https:\/\/elixscent.com\/wp-content\/uploads\/Reed-Diffuser-Vanilla-Sandalwood-480.png","width":500,"height":600,"caption":"Reed Diffuser Vanilla Sandalwood 480"},{"@type":"BreadcrumbList","@id":"https:\/\/elixscent.com\/product\/hp-vanilla\/#breadcrumb","itemListElement":[{"@type":"ListItem","position":1,"name":"Home","item":"https:\/\/elixscent.com\/"},{"@type":"ListItem","position":2,"name":"Products","item":"https:\/\/elixscent.com\/product\/"},{"@type":"ListItem","position":3,"name":"HOME PERFUME","item":"https:\/\/elixscent.com\/product-category\/home\/"},{"@type":"ListItem","position":4,"name":"Home Perfume Vanilla &#038; Sandalwood"}]},{"@type":"WebSite","@id":"https:\/\/elixscent.com\/#website","url":"https:\/\/elixscent.com\/","name":"D\u00e9sodorisants ELiX EU","description":"Air &amp; Tissus, Parfaitement frais","publisher":{"@id":"https:\/\/elixscent.com\/#organization"},"potentialAction":[{"@type":"SearchAction","target":{"@type":"EntryPoint","urlTemplate":"https:\/\/elixscent.com\/?s={search_term_string}"},"query-input":{"@type":"PropertyValueSpecification","valueRequired":true,"valueName":"search_term_string"}}],"inLanguage":"fr-FR"},{"@type":"Organization","@id":"https:\/\/elixscent.com\/#organization","name":"Fabricant de d\u00e9sodorisants ELIX","url":"https:\/\/elixscent.com\/","logo":{"@type":"ImageObject","inLanguage":"fr-FR","@id":"https:\/\/elixscent.com\/#\/schema\/logo\/image\/","url":"https:\/\/elixscent.com\/wp-content\/uploads\/elix_logo_1.0-_300.jpg","contentUrl":"https:\/\/elixscent.com\/wp-content\/uploads\/elix_logo_1.0-_300.jpg","width":300,"height":257,"caption":"ELIX air freshener manufacturer"},"image":{"@id":"https:\/\/elixscent.com\/#\/schema\/logo\/image\/"},"sameAs":["https:\/\/www.linkedin.com\/company\/30084929"]}]}},"_links":{"self":[{"href":"https:\/\/elixscent.com\/fr\/wp-json\/wp\/v2\/product\/28460","targetHints":{"allow":["GET"]}}],"collection":[{"href":"https:\/\/elixscent.com\/fr\/wp-json\/wp\/v2\/product"}],"about":[{"href":"https:\/\/elixscent.com\/fr\/wp-json\/wp\/v2\/types\/product"}],"version-history":[{"count":18,"href":"https:\/\/elixscent.com\/fr\/wp-json\/wp\/v2\/product\/28460\/revisions"}],"predecessor-version":[{"id":60751,"href":"https:\/\/elixscent.com\/fr\/wp-json\/wp\/v2\/product\/28460\/revisions\/60751"}],"wp:featuredmedia":[{"embeddable":true,"href":"https:\/\/elixscent.com\/fr\/wp-json\/wp\/v2\/media\/28461"}],"wp:attachment":[{"href":"https:\/\/elixscent.com\/fr\/wp-json\/wp\/v2\/media?parent=28460"}],"curies":[{"name":"wp","href":"https:\/\/api.w.org\/{rel}","templated":true}]}}