{"id":28448,"date":"2022-12-15T10:30:04","date_gmt":"2022-12-15T10:30:04","guid":{"rendered":"https:\/\/elixscent.com\/?post_type=product&#038;p=28448"},"modified":"2026-03-02T08:06:23","modified_gmt":"2026-03-02T08:06:23","slug":"hp-jasmine","status":"publish","type":"product","link":"https:\/\/elixscent.com\/fr\/product\/hp-jasmine\/","title":{"rendered":"Accueil Parfum Jasmin &amp; Mono\u00ef"},"content":{"rendered":"<p><em>Simple, grand et \u00e9l\u00e9gant... !<\/em><\/p>\n<p>Odeur de <em><strong>Jasmin &amp; Monoi<\/strong><\/em> donnera \u00e0 votre espace une finition douce, fleurie et velout\u00e9e aussi longtemps que vous le souhaitez. <em><strong>125 ml<\/strong><\/em> une capacit\u00e9 qui dure ! Dans ce parfum \u00e0 la fleur de mono\u00ef au c\u0153ur de la composition m\u00eal\u00e9e \u00e0 la douceur de la vanille et \u00e0 la l\u00e9g\u00e8ret\u00e9 du jasmin, vous vous sentirez douillette et douce comme dans une prairie parsem\u00e9e de jolies petites fleurs...<\/p>\n<p>Joli emballage, parfait pour un cadeau ou pour se faire plaisir !<br \/>\nUn produit au design minimaliste qui trouvera sa place dans toutes les pi\u00e8ces de la maison !<\/p>\n<div id=\"text_block-22-132\" class=\"ct-text-block\">\n<p><span id=\"span-23-132\" class=\"ct-span oxy-stock-content-styles\"><em>&gt;&gt; Si vous voulez acheter, visitez notre magasin :<\/em> <a class=\"_ps2id\" href=\"https:\/\/airfresh24.com\/products\/shop\/home-perfume-125\/\" data-ps2id-offset=\"\"><strong>www.airfresh24.com<\/strong><\/a><\/span><\/p>\n<\/div>","protected":false},"featured_media":28449,"parent":0,"menu_order":0,"template":"","class_list":["post-28448","product","type-product","status-publish","has-post-thumbnail","hentry","product_category-hp","product_category-home"],"acf":[],"yoast_head":"<!-- This site is optimized with the Yoast SEO Premium plugin v27.4 (Yoast SEO v27.5) - https:\/\/yoast.com\/product\/yoast-seo-premium-wordpress\/ -->\n<title>Home Perfume Jasmine &amp; Monoi | ELiX Scent<\/title>\n<meta name=\"description\" content=\"Exotic and delicate \u2013 Jasmine &amp; Monoi Home Perfume by ELiX offers a floral escape with long-lasting elegance and subtle intensity.\" \/>\n<meta name=\"robots\" content=\"index, follow, max-snippet:-1, max-image-preview:large, max-video-preview:-1\" \/>\n<link rel=\"canonical\" href=\"https:\/\/elixscent.com\/fr\/produit\/hp-jasmine\/\" \/>\n<meta property=\"og:locale\" content=\"fr_FR\" \/>\n<meta property=\"og:type\" content=\"article\" \/>\n<meta property=\"og:title\" content=\"Home Perfume Jasmine &amp; Monoi\" \/>\n<meta property=\"og:description\" content=\"Exotic and delicate \u2013 Jasmine &amp; Monoi Home Perfume by ELiX offers a floral escape with long-lasting elegance and subtle intensity.\" \/>\n<meta property=\"og:url\" content=\"https:\/\/elixscent.com\/fr\/produit\/hp-jasmine\/\" \/>\n<meta property=\"og:site_name\" content=\"ELiX EU air fresheners\" \/>\n<meta property=\"article:modified_time\" content=\"2026-03-02T08:06:23+00:00\" \/>\n<meta property=\"og:image\" content=\"https:\/\/elixscent.com\/wp-content\/uploads\/Reed-Diffuser-Jasmine-Monoi-JP-480.png\" \/>\n\t<meta property=\"og:image:width\" content=\"500\" \/>\n\t<meta property=\"og:image:height\" content=\"600\" \/>\n\t<meta property=\"og:image:type\" content=\"image\/png\" \/>\n<meta name=\"twitter:card\" content=\"summary_large_image\" \/>\n<meta name=\"twitter:label1\" content=\"Dur\u00e9e de lecture estim\u00e9e\" \/>\n\t<meta name=\"twitter:data1\" content=\"1 minute\" \/>\n<script type=\"application\/ld+json\" class=\"yoast-schema-graph\">{\"@context\":\"https:\\\/\\\/schema.org\",\"@graph\":[{\"@type\":\"WebPage\",\"@id\":\"https:\\\/\\\/elixscent.com\\\/product\\\/hp-jasmine\\\/\",\"url\":\"https:\\\/\\\/elixscent.com\\\/product\\\/hp-jasmine\\\/\",\"name\":\"Home Perfume Jasmine & Monoi | ELiX Scent\",\"isPartOf\":{\"@id\":\"https:\\\/\\\/elixscent.com\\\/#website\"},\"primaryImageOfPage\":{\"@id\":\"https:\\\/\\\/elixscent.com\\\/product\\\/hp-jasmine\\\/#primaryimage\"},\"image\":{\"@id\":\"https:\\\/\\\/elixscent.com\\\/product\\\/hp-jasmine\\\/#primaryimage\"},\"thumbnailUrl\":\"https:\\\/\\\/elixscent.com\\\/wp-content\\\/uploads\\\/Reed-Diffuser-Jasmine-Monoi-JP-480.png\",\"datePublished\":\"2022-12-15T10:30:04+00:00\",\"dateModified\":\"2026-03-02T08:06:23+00:00\",\"description\":\"Exotic and delicate \u2013 Jasmine & Monoi Home Perfume by ELiX offers a floral escape with long-lasting elegance and subtle intensity.\",\"breadcrumb\":{\"@id\":\"https:\\\/\\\/elixscent.com\\\/product\\\/hp-jasmine\\\/#breadcrumb\"},\"inLanguage\":\"fr-FR\",\"potentialAction\":[{\"@type\":\"ReadAction\",\"target\":[\"https:\\\/\\\/elixscent.com\\\/product\\\/hp-jasmine\\\/\"]}]},{\"@type\":\"ImageObject\",\"inLanguage\":\"fr-FR\",\"@id\":\"https:\\\/\\\/elixscent.com\\\/product\\\/hp-jasmine\\\/#primaryimage\",\"url\":\"https:\\\/\\\/elixscent.com\\\/wp-content\\\/uploads\\\/Reed-Diffuser-Jasmine-Monoi-JP-480.png\",\"contentUrl\":\"https:\\\/\\\/elixscent.com\\\/wp-content\\\/uploads\\\/Reed-Diffuser-Jasmine-Monoi-JP-480.png\",\"width\":500,\"height\":600,\"caption\":\"Reed Diffuser Jasmine Monoi JP 480\"},{\"@type\":\"BreadcrumbList\",\"@id\":\"https:\\\/\\\/elixscent.com\\\/product\\\/hp-jasmine\\\/#breadcrumb\",\"itemListElement\":[{\"@type\":\"ListItem\",\"position\":1,\"name\":\"Home\",\"item\":\"https:\\\/\\\/elixscent.com\\\/\"},{\"@type\":\"ListItem\",\"position\":2,\"name\":\"Products\",\"item\":\"https:\\\/\\\/elixscent.com\\\/product\\\/\"},{\"@type\":\"ListItem\",\"position\":3,\"name\":\"HOME PERFUME\",\"item\":\"https:\\\/\\\/elixscent.com\\\/product-category\\\/home\\\/\"},{\"@type\":\"ListItem\",\"position\":4,\"name\":\"Home Perfume Jasmine &#038; Monoi\"}]},{\"@type\":\"WebSite\",\"@id\":\"https:\\\/\\\/elixscent.com\\\/#website\",\"url\":\"https:\\\/\\\/elixscent.com\\\/\",\"name\":\"ELiX EU air fresheners\",\"description\":\"Air &amp; Fabric, Perfectly Fresh\",\"publisher\":{\"@id\":\"https:\\\/\\\/elixscent.com\\\/#organization\"},\"potentialAction\":[{\"@type\":\"SearchAction\",\"target\":{\"@type\":\"EntryPoint\",\"urlTemplate\":\"https:\\\/\\\/elixscent.com\\\/?s={search_term_string}\"},\"query-input\":{\"@type\":\"PropertyValueSpecification\",\"valueRequired\":true,\"valueName\":\"search_term_string\"}}],\"inLanguage\":\"fr-FR\"},{\"@type\":\"Organization\",\"@id\":\"https:\\\/\\\/elixscent.com\\\/#organization\",\"name\":\"ELIX air freshener manufacturer\",\"url\":\"https:\\\/\\\/elixscent.com\\\/\",\"logo\":{\"@type\":\"ImageObject\",\"inLanguage\":\"fr-FR\",\"@id\":\"https:\\\/\\\/elixscent.com\\\/#\\\/schema\\\/logo\\\/image\\\/\",\"url\":\"https:\\\/\\\/elixscent.com\\\/wp-content\\\/uploads\\\/elix_logo_1.0-_300.jpg\",\"contentUrl\":\"https:\\\/\\\/elixscent.com\\\/wp-content\\\/uploads\\\/elix_logo_1.0-_300.jpg\",\"width\":300,\"height\":257,\"caption\":\"ELIX air freshener manufacturer\"},\"image\":{\"@id\":\"https:\\\/\\\/elixscent.com\\\/#\\\/schema\\\/logo\\\/image\\\/\"},\"sameAs\":[\"https:\\\/\\\/www.linkedin.com\\\/company\\\/30084929\"]}]}<\/script>\n<!-- \/ Yoast SEO Premium plugin. -->","yoast_head_json":{"title":"Home Perfume Jasmine & Monoi | ELiX Scent","description":"Exotic and delicate \u2013 Jasmine & Monoi Home Perfume by ELiX offers a floral escape with long-lasting elegance and subtle intensity.","robots":{"index":"index","follow":"follow","max-snippet":"max-snippet:-1","max-image-preview":"max-image-preview:large","max-video-preview":"max-video-preview:-1"},"canonical":"https:\/\/elixscent.com\/fr\/produit\/hp-jasmine\/","og_locale":"fr_FR","og_type":"article","og_title":"Home Perfume Jasmine & Monoi","og_description":"Exotic and delicate \u2013 Jasmine & Monoi Home Perfume by ELiX offers a floral escape with long-lasting elegance and subtle intensity.","og_url":"https:\/\/elixscent.com\/fr\/produit\/hp-jasmine\/","og_site_name":"ELiX EU air fresheners","article_modified_time":"2026-03-02T08:06:23+00:00","og_image":[{"width":500,"height":600,"url":"https:\/\/elixscent.com\/wp-content\/uploads\/Reed-Diffuser-Jasmine-Monoi-JP-480.png","type":"image\/png"}],"twitter_card":"summary_large_image","twitter_misc":{"Dur\u00e9e de lecture estim\u00e9e":"1 minute"},"schema":{"@context":"https:\/\/schema.org","@graph":[{"@type":"WebPage","@id":"https:\/\/elixscent.com\/product\/hp-jasmine\/","url":"https:\/\/elixscent.com\/product\/hp-jasmine\/","name":"Home Perfume Jasmine & Monoi | ELiX Scent","isPartOf":{"@id":"https:\/\/elixscent.com\/#website"},"primaryImageOfPage":{"@id":"https:\/\/elixscent.com\/product\/hp-jasmine\/#primaryimage"},"image":{"@id":"https:\/\/elixscent.com\/product\/hp-jasmine\/#primaryimage"},"thumbnailUrl":"https:\/\/elixscent.com\/wp-content\/uploads\/Reed-Diffuser-Jasmine-Monoi-JP-480.png","datePublished":"2022-12-15T10:30:04+00:00","dateModified":"2026-03-02T08:06:23+00:00","description":"Exotic and delicate \u2013 Jasmine & Monoi Home Perfume by ELiX offers a floral escape with long-lasting elegance and subtle intensity.","breadcrumb":{"@id":"https:\/\/elixscent.com\/product\/hp-jasmine\/#breadcrumb"},"inLanguage":"fr-FR","potentialAction":[{"@type":"ReadAction","target":["https:\/\/elixscent.com\/product\/hp-jasmine\/"]}]},{"@type":"ImageObject","inLanguage":"fr-FR","@id":"https:\/\/elixscent.com\/product\/hp-jasmine\/#primaryimage","url":"https:\/\/elixscent.com\/wp-content\/uploads\/Reed-Diffuser-Jasmine-Monoi-JP-480.png","contentUrl":"https:\/\/elixscent.com\/wp-content\/uploads\/Reed-Diffuser-Jasmine-Monoi-JP-480.png","width":500,"height":600,"caption":"Reed Diffuser Jasmine Monoi JP 480"},{"@type":"BreadcrumbList","@id":"https:\/\/elixscent.com\/product\/hp-jasmine\/#breadcrumb","itemListElement":[{"@type":"ListItem","position":1,"name":"Home","item":"https:\/\/elixscent.com\/"},{"@type":"ListItem","position":2,"name":"Products","item":"https:\/\/elixscent.com\/product\/"},{"@type":"ListItem","position":3,"name":"HOME PERFUME","item":"https:\/\/elixscent.com\/product-category\/home\/"},{"@type":"ListItem","position":4,"name":"Home Perfume Jasmine &#038; Monoi"}]},{"@type":"WebSite","@id":"https:\/\/elixscent.com\/#website","url":"https:\/\/elixscent.com\/","name":"D\u00e9sodorisants ELiX EU","description":"Air &amp; Tissus, Parfaitement frais","publisher":{"@id":"https:\/\/elixscent.com\/#organization"},"potentialAction":[{"@type":"SearchAction","target":{"@type":"EntryPoint","urlTemplate":"https:\/\/elixscent.com\/?s={search_term_string}"},"query-input":{"@type":"PropertyValueSpecification","valueRequired":true,"valueName":"search_term_string"}}],"inLanguage":"fr-FR"},{"@type":"Organization","@id":"https:\/\/elixscent.com\/#organization","name":"Fabricant de d\u00e9sodorisants ELIX","url":"https:\/\/elixscent.com\/","logo":{"@type":"ImageObject","inLanguage":"fr-FR","@id":"https:\/\/elixscent.com\/#\/schema\/logo\/image\/","url":"https:\/\/elixscent.com\/wp-content\/uploads\/elix_logo_1.0-_300.jpg","contentUrl":"https:\/\/elixscent.com\/wp-content\/uploads\/elix_logo_1.0-_300.jpg","width":300,"height":257,"caption":"ELIX air freshener manufacturer"},"image":{"@id":"https:\/\/elixscent.com\/#\/schema\/logo\/image\/"},"sameAs":["https:\/\/www.linkedin.com\/company\/30084929"]}]}},"_links":{"self":[{"href":"https:\/\/elixscent.com\/fr\/wp-json\/wp\/v2\/product\/28448","targetHints":{"allow":["GET"]}}],"collection":[{"href":"https:\/\/elixscent.com\/fr\/wp-json\/wp\/v2\/product"}],"about":[{"href":"https:\/\/elixscent.com\/fr\/wp-json\/wp\/v2\/types\/product"}],"version-history":[{"count":15,"href":"https:\/\/elixscent.com\/fr\/wp-json\/wp\/v2\/product\/28448\/revisions"}],"predecessor-version":[{"id":60749,"href":"https:\/\/elixscent.com\/fr\/wp-json\/wp\/v2\/product\/28448\/revisions\/60749"}],"wp:featuredmedia":[{"embeddable":true,"href":"https:\/\/elixscent.com\/fr\/wp-json\/wp\/v2\/media\/28449"}],"wp:attachment":[{"href":"https:\/\/elixscent.com\/fr\/wp-json\/wp\/v2\/media?parent=28448"}],"curies":[{"name":"wp","href":"https:\/\/api.w.org\/{rel}","templated":true}]}}