{"id":26440,"date":"2022-08-11T10:56:49","date_gmt":"2022-08-11T10:56:49","guid":{"rendered":"https:\/\/elixscent.com\/?post_type=product&#038;p=26440"},"modified":"2024-10-15T09:58:28","modified_gmt":"2024-10-15T09:58:28","slug":"spray-de-repassage-pure-garden","status":"publish","type":"product","link":"https:\/\/elixscent.com\/fr\/product\/ironing-spray-pure-garden\/","title":{"rendered":"SPRAY DE LISSAGE Finition lisse Pure Garden"},"content":{"rendered":"<p><strong>Mode d'emploi :<\/strong> Secouez et vaporisez de l'eau sur le tissu avant de le repasser, \u00e0 au moins 30 cm de la surface, de mani\u00e8re \u00e0 ce que le tissu soit l\u00e9g\u00e8rement humide. Recommandation : Avant le repassage, tester le produit sur une partie peu visible ou cach\u00e9e du tissu. Conserver dans un endroit sec \u00e0 une temp\u00e9rature comprise entre 15 et 25\u00b0C.<\/p>\n<p><span id=\"span-23-132\" class=\"ct-span oxy-stock-content-styles\"><em>&gt;&gt; Si vous voulez acheter, visitez notre magasin :<\/em> <a class=\"_ps2id\" href=\"https:\/\/airfresh24.com\/products\/shop\/ironing-spray\/\" data-ps2id-offset=\"\"><strong>www.airfresh24.com<\/strong><\/a><\/span><\/p>","protected":false},"featured_media":26441,"parent":0,"menu_order":24,"template":"","class_list":["post-26440","product","type-product","status-publish","has-post-thumbnail","hentry","product_category-is","product_category-laundry"],"acf":[],"yoast_head":"<!-- This site is optimized with the Yoast SEO Premium plugin v27.4 (Yoast SEO v27.4) - https:\/\/yoast.com\/product\/yoast-seo-premium-wordpress\/ -->\n<title>IRONING SPRAY Smooth Finish Pure Garden perfume<\/title>\n<meta name=\"description\" content=\"Spray the ironed clothes and ironing will become easier and more enjoyable. Contains ironing agents and a wonderful scent of natural flowers\" \/>\n<meta name=\"robots\" content=\"index, follow, max-snippet:-1, max-image-preview:large, max-video-preview:-1\" \/>\n<link rel=\"canonical\" href=\"https:\/\/elixscent.com\/fr\/produit\/spray-de-repassage-pure-garden\/\" \/>\n<meta property=\"og:locale\" content=\"fr_FR\" \/>\n<meta property=\"og:type\" content=\"article\" \/>\n<meta property=\"og:title\" content=\"IRONING SPRAY Smooth Finish Pure Garden\" \/>\n<meta property=\"og:description\" content=\"Spray the ironed clothes and ironing will become easier and more enjoyable. Contains ironing agents and a wonderful scent of natural flowers\" \/>\n<meta property=\"og:url\" content=\"https:\/\/elixscent.com\/fr\/produit\/spray-de-repassage-pure-garden\/\" \/>\n<meta property=\"og:site_name\" content=\"ELiX EU air fresheners\" \/>\n<meta property=\"article:modified_time\" content=\"2024-10-15T09:58:28+00:00\" \/>\n<meta property=\"og:image\" content=\"https:\/\/elixscent.com\/wp-content\/uploads\/ironingspray500_garden_2.0.png\" \/>\n\t<meta property=\"og:image:width\" content=\"240\" \/>\n\t<meta property=\"og:image:height\" content=\"690\" \/>\n\t<meta property=\"og:image:type\" content=\"image\/png\" \/>\n<meta name=\"twitter:card\" content=\"summary_large_image\" \/>\n<meta name=\"twitter:label1\" content=\"Dur\u00e9e de lecture estim\u00e9e\" \/>\n\t<meta name=\"twitter:data1\" content=\"1 minute\" \/>\n<script type=\"application\/ld+json\" class=\"yoast-schema-graph\">{\"@context\":\"https:\\\/\\\/schema.org\",\"@graph\":[{\"@type\":\"WebPage\",\"@id\":\"https:\\\/\\\/elixscent.com\\\/product\\\/ironing-spray-pure-garden\\\/\",\"url\":\"https:\\\/\\\/elixscent.com\\\/product\\\/ironing-spray-pure-garden\\\/\",\"name\":\"IRONING SPRAY Smooth Finish Pure Garden perfume\",\"isPartOf\":{\"@id\":\"https:\\\/\\\/elixscent.com\\\/#website\"},\"primaryImageOfPage\":{\"@id\":\"https:\\\/\\\/elixscent.com\\\/product\\\/ironing-spray-pure-garden\\\/#primaryimage\"},\"image\":{\"@id\":\"https:\\\/\\\/elixscent.com\\\/product\\\/ironing-spray-pure-garden\\\/#primaryimage\"},\"thumbnailUrl\":\"https:\\\/\\\/elixscent.com\\\/wp-content\\\/uploads\\\/ironingspray500_garden_2.0.png\",\"datePublished\":\"2022-08-11T10:56:49+00:00\",\"dateModified\":\"2024-10-15T09:58:28+00:00\",\"description\":\"Spray the ironed clothes and ironing will become easier and more enjoyable. Contains ironing agents and a wonderful scent of natural flowers\",\"breadcrumb\":{\"@id\":\"https:\\\/\\\/elixscent.com\\\/product\\\/ironing-spray-pure-garden\\\/#breadcrumb\"},\"inLanguage\":\"fr-FR\",\"potentialAction\":[{\"@type\":\"ReadAction\",\"target\":[\"https:\\\/\\\/elixscent.com\\\/product\\\/ironing-spray-pure-garden\\\/\"]}]},{\"@type\":\"ImageObject\",\"inLanguage\":\"fr-FR\",\"@id\":\"https:\\\/\\\/elixscent.com\\\/product\\\/ironing-spray-pure-garden\\\/#primaryimage\",\"url\":\"https:\\\/\\\/elixscent.com\\\/wp-content\\\/uploads\\\/ironingspray500_garden_2.0.png\",\"contentUrl\":\"https:\\\/\\\/elixscent.com\\\/wp-content\\\/uploads\\\/ironingspray500_garden_2.0.png\",\"width\":240,\"height\":690,\"caption\":\"ironingspray500 garden 2.0\"},{\"@type\":\"BreadcrumbList\",\"@id\":\"https:\\\/\\\/elixscent.com\\\/product\\\/ironing-spray-pure-garden\\\/#breadcrumb\",\"itemListElement\":[{\"@type\":\"ListItem\",\"position\":1,\"name\":\"Home\",\"item\":\"https:\\\/\\\/elixscent.com\\\/\"},{\"@type\":\"ListItem\",\"position\":2,\"name\":\"Products\",\"item\":\"https:\\\/\\\/elixscent.com\\\/product\\\/\"},{\"@type\":\"ListItem\",\"position\":3,\"name\":\"IN-WASH SCENT BOOSTER\",\"item\":\"https:\\\/\\\/elixscent.com\\\/product-category\\\/laundry\\\/\"},{\"@type\":\"ListItem\",\"position\":4,\"name\":\"Ironing Spray\",\"item\":\"https:\\\/\\\/elixscent.com\\\/product-category\\\/is\\\/\"},{\"@type\":\"ListItem\",\"position\":5,\"name\":\"IRONING SPRAY Smooth Finish Pure Garden\"}]},{\"@type\":\"WebSite\",\"@id\":\"https:\\\/\\\/elixscent.com\\\/#website\",\"url\":\"https:\\\/\\\/elixscent.com\\\/\",\"name\":\"ELiX EU air fresheners\",\"description\":\"Air &amp; Fabric, Perfectly Fresh\",\"publisher\":{\"@id\":\"https:\\\/\\\/elixscent.com\\\/#organization\"},\"potentialAction\":[{\"@type\":\"SearchAction\",\"target\":{\"@type\":\"EntryPoint\",\"urlTemplate\":\"https:\\\/\\\/elixscent.com\\\/?s={search_term_string}\"},\"query-input\":{\"@type\":\"PropertyValueSpecification\",\"valueRequired\":true,\"valueName\":\"search_term_string\"}}],\"inLanguage\":\"fr-FR\"},{\"@type\":\"Organization\",\"@id\":\"https:\\\/\\\/elixscent.com\\\/#organization\",\"name\":\"ELIX air freshener manufacturer\",\"url\":\"https:\\\/\\\/elixscent.com\\\/\",\"logo\":{\"@type\":\"ImageObject\",\"inLanguage\":\"fr-FR\",\"@id\":\"https:\\\/\\\/elixscent.com\\\/#\\\/schema\\\/logo\\\/image\\\/\",\"url\":\"https:\\\/\\\/elixscent.com\\\/wp-content\\\/uploads\\\/elix_logo_1.0-_300.jpg\",\"contentUrl\":\"https:\\\/\\\/elixscent.com\\\/wp-content\\\/uploads\\\/elix_logo_1.0-_300.jpg\",\"width\":300,\"height\":257,\"caption\":\"ELIX air freshener manufacturer\"},\"image\":{\"@id\":\"https:\\\/\\\/elixscent.com\\\/#\\\/schema\\\/logo\\\/image\\\/\"},\"sameAs\":[\"https:\\\/\\\/www.linkedin.com\\\/company\\\/30084929\"]}]}<\/script>\n<!-- \/ Yoast SEO Premium plugin. -->","yoast_head_json":{"title":"SPRAY DE LISSAGE Finition Lisse Parfum Pure Garden","description":"Vaporisez le linge repass\u00e9 et le repassage deviendra plus facile et plus agr\u00e9able. Contient des agents de repassage et un merveilleux parfum de fleurs naturelles.","robots":{"index":"index","follow":"follow","max-snippet":"max-snippet:-1","max-image-preview":"max-image-preview:large","max-video-preview":"max-video-preview:-1"},"canonical":"https:\/\/elixscent.com\/fr\/produit\/spray-de-repassage-pure-garden\/","og_locale":"fr_FR","og_type":"article","og_title":"IRONING SPRAY Smooth Finish Pure Garden","og_description":"Spray the ironed clothes and ironing will become easier and more enjoyable. Contains ironing agents and a wonderful scent of natural flowers","og_url":"https:\/\/elixscent.com\/fr\/produit\/spray-de-repassage-pure-garden\/","og_site_name":"ELiX EU air fresheners","article_modified_time":"2024-10-15T09:58:28+00:00","og_image":[{"width":240,"height":690,"url":"https:\/\/elixscent.com\/wp-content\/uploads\/ironingspray500_garden_2.0.png","type":"image\/png"}],"twitter_card":"summary_large_image","twitter_misc":{"Dur\u00e9e de lecture estim\u00e9e":"1 minute"},"schema":{"@context":"https:\/\/schema.org","@graph":[{"@type":"WebPage","@id":"https:\/\/elixscent.com\/product\/ironing-spray-pure-garden\/","url":"https:\/\/elixscent.com\/product\/ironing-spray-pure-garden\/","name":"SPRAY DE LISSAGE Finition Lisse Parfum Pure Garden","isPartOf":{"@id":"https:\/\/elixscent.com\/#website"},"primaryImageOfPage":{"@id":"https:\/\/elixscent.com\/product\/ironing-spray-pure-garden\/#primaryimage"},"image":{"@id":"https:\/\/elixscent.com\/product\/ironing-spray-pure-garden\/#primaryimage"},"thumbnailUrl":"https:\/\/elixscent.com\/wp-content\/uploads\/ironingspray500_garden_2.0.png","datePublished":"2022-08-11T10:56:49+00:00","dateModified":"2024-10-15T09:58:28+00:00","description":"Vaporisez le linge repass\u00e9 et le repassage deviendra plus facile et plus agr\u00e9able. Contient des agents de repassage et un merveilleux parfum de fleurs naturelles.","breadcrumb":{"@id":"https:\/\/elixscent.com\/product\/ironing-spray-pure-garden\/#breadcrumb"},"inLanguage":"fr-FR","potentialAction":[{"@type":"ReadAction","target":["https:\/\/elixscent.com\/product\/ironing-spray-pure-garden\/"]}]},{"@type":"ImageObject","inLanguage":"fr-FR","@id":"https:\/\/elixscent.com\/product\/ironing-spray-pure-garden\/#primaryimage","url":"https:\/\/elixscent.com\/wp-content\/uploads\/ironingspray500_garden_2.0.png","contentUrl":"https:\/\/elixscent.com\/wp-content\/uploads\/ironingspray500_garden_2.0.png","width":240,"height":690,"caption":"ironingspray500 garden 2.0"},{"@type":"BreadcrumbList","@id":"https:\/\/elixscent.com\/product\/ironing-spray-pure-garden\/#breadcrumb","itemListElement":[{"@type":"ListItem","position":1,"name":"Home","item":"https:\/\/elixscent.com\/"},{"@type":"ListItem","position":2,"name":"Products","item":"https:\/\/elixscent.com\/product\/"},{"@type":"ListItem","position":3,"name":"IN-WASH SCENT BOOSTER","item":"https:\/\/elixscent.com\/product-category\/laundry\/"},{"@type":"ListItem","position":4,"name":"Ironing Spray","item":"https:\/\/elixscent.com\/product-category\/is\/"},{"@type":"ListItem","position":5,"name":"IRONING SPRAY Smooth Finish Pure Garden"}]},{"@type":"WebSite","@id":"https:\/\/elixscent.com\/#website","url":"https:\/\/elixscent.com\/","name":"D\u00e9sodorisants ELiX EU","description":"Air &amp; Tissus, Parfaitement frais","publisher":{"@id":"https:\/\/elixscent.com\/#organization"},"potentialAction":[{"@type":"SearchAction","target":{"@type":"EntryPoint","urlTemplate":"https:\/\/elixscent.com\/?s={search_term_string}"},"query-input":{"@type":"PropertyValueSpecification","valueRequired":true,"valueName":"search_term_string"}}],"inLanguage":"fr-FR"},{"@type":"Organization","@id":"https:\/\/elixscent.com\/#organization","name":"Fabricant de d\u00e9sodorisants ELIX","url":"https:\/\/elixscent.com\/","logo":{"@type":"ImageObject","inLanguage":"fr-FR","@id":"https:\/\/elixscent.com\/#\/schema\/logo\/image\/","url":"https:\/\/elixscent.com\/wp-content\/uploads\/elix_logo_1.0-_300.jpg","contentUrl":"https:\/\/elixscent.com\/wp-content\/uploads\/elix_logo_1.0-_300.jpg","width":300,"height":257,"caption":"ELIX air freshener manufacturer"},"image":{"@id":"https:\/\/elixscent.com\/#\/schema\/logo\/image\/"},"sameAs":["https:\/\/www.linkedin.com\/company\/30084929"]}]}},"_links":{"self":[{"href":"https:\/\/elixscent.com\/fr\/wp-json\/wp\/v2\/product\/26440","targetHints":{"allow":["GET"]}}],"collection":[{"href":"https:\/\/elixscent.com\/fr\/wp-json\/wp\/v2\/product"}],"about":[{"href":"https:\/\/elixscent.com\/fr\/wp-json\/wp\/v2\/types\/product"}],"version-history":[{"count":10,"href":"https:\/\/elixscent.com\/fr\/wp-json\/wp\/v2\/product\/26440\/revisions"}],"predecessor-version":[{"id":53495,"href":"https:\/\/elixscent.com\/fr\/wp-json\/wp\/v2\/product\/26440\/revisions\/53495"}],"wp:featuredmedia":[{"embeddable":true,"href":"https:\/\/elixscent.com\/fr\/wp-json\/wp\/v2\/media\/26441"}],"wp:attachment":[{"href":"https:\/\/elixscent.com\/fr\/wp-json\/wp\/v2\/media?parent=26440"}],"curies":[{"name":"wp","href":"https:\/\/api.w.org\/{rel}","templated":true}]}}