{"id":26411,"date":"2022-08-11T09:55:20","date_gmt":"2022-08-11T09:55:20","guid":{"rendered":"https:\/\/elixscent.com\/?post_type=product&#038;p=26411"},"modified":"2024-10-15T09:56:05","modified_gmt":"2024-10-15T09:56:05","slug":"perles-parfumees-pure-garden","status":"publish","type":"product","link":"https:\/\/elixscent.com\/fr\/product\/scent-booster-beads-pure-garden\/","title":{"rendered":"Perles de renforcement de l'odeur au lavage Pure Garden"},"content":{"rendered":"<p><strong>Mode d'emploi :<\/strong> Versez les granul\u00e9s directement dans le tambour du lave-linge avant de charger le linge. Utiliser de la lessive. La dose recommand\u00e9e est de 13 g (environ 1\/3 du bouchon). Dosez 1 bouchon complet pour renforcer le parfum. Utiliser un maximum de 3 bouchons par lavage. Le parfum se conserve jusqu'\u00e0 10 semaines dans un placard. Attention : Ne pas mettre les perles dans le tiroir \u00e0 assouplissant ni dans le s\u00e8che-linge. Ne pas manger. Conserver dans un endroit sec entre 15 et 25\u00b0C.<\/p>\n<p><span id=\"span-23-132\" class=\"ct-span oxy-stock-content-styles\"><em>&gt;&gt; Si vous voulez acheter, visitez notre magasin :<\/em> <a class=\"_ps2id\" href=\"https:\/\/airfresh24.com\/products\/shop\/scent-booster-beads\/\" data-ps2id-offset=\"\"><strong>www.airfresh24.com<\/strong><\/a><\/span><\/p>","protected":false},"featured_media":26412,"parent":0,"menu_order":33,"template":"","class_list":["post-26411","product","type-product","status-publish","has-post-thumbnail","hentry","product_category-beads","product_category-laundry"],"acf":[],"yoast_head":"<!-- This site is optimized with the Yoast SEO Premium plugin v27.4 (Yoast SEO v27.4) - https:\/\/yoast.com\/product\/yoast-seo-premium-wordpress\/ -->\n<title>In-Wash SCENT BOOSTER beads Pure Garden perfume by ELiX<\/title>\n<meta name=\"description\" content=\"Laundry Perfume. A fragrance booster that will transform your daily life by giving a long-lasting natural fragrance to your clothes\" \/>\n<meta name=\"robots\" content=\"index, follow, max-snippet:-1, max-image-preview:large, max-video-preview:-1\" \/>\n<link rel=\"canonical\" href=\"https:\/\/elixscent.com\/fr\/produit\/perles-parfumees-pure-garden\/\" \/>\n<meta property=\"og:locale\" content=\"fr_FR\" \/>\n<meta property=\"og:type\" content=\"article\" \/>\n<meta property=\"og:title\" content=\"In-Wash SCENT BOOSTER beads Pure Garden\" \/>\n<meta property=\"og:description\" content=\"Laundry Perfume. A fragrance booster that will transform your daily life by giving a long-lasting natural fragrance to your clothes\" \/>\n<meta property=\"og:url\" content=\"https:\/\/elixscent.com\/fr\/produit\/perles-parfumees-pure-garden\/\" \/>\n<meta property=\"og:site_name\" content=\"ELiX EU air fresheners\" \/>\n<meta property=\"article:modified_time\" content=\"2024-10-15T09:56:05+00:00\" \/>\n<meta property=\"og:image\" content=\"https:\/\/elixscent.com\/wp-content\/uploads\/boosterbeeds_garden_2.0.png\" \/>\n\t<meta property=\"og:image:width\" content=\"392\" \/>\n\t<meta property=\"og:image:height\" content=\"750\" \/>\n\t<meta property=\"og:image:type\" content=\"image\/png\" \/>\n<meta name=\"twitter:card\" content=\"summary_large_image\" \/>\n<meta name=\"twitter:label1\" content=\"Dur\u00e9e de lecture estim\u00e9e\" \/>\n\t<meta name=\"twitter:data1\" content=\"1 minute\" \/>\n<script type=\"application\/ld+json\" class=\"yoast-schema-graph\">{\"@context\":\"https:\\\/\\\/schema.org\",\"@graph\":[{\"@type\":\"WebPage\",\"@id\":\"https:\\\/\\\/elixscent.com\\\/product\\\/scent-booster-beads-pure-garden\\\/\",\"url\":\"https:\\\/\\\/elixscent.com\\\/product\\\/scent-booster-beads-pure-garden\\\/\",\"name\":\"In-Wash SCENT BOOSTER beads Pure Garden perfume by ELiX\",\"isPartOf\":{\"@id\":\"https:\\\/\\\/elixscent.com\\\/#website\"},\"primaryImageOfPage\":{\"@id\":\"https:\\\/\\\/elixscent.com\\\/product\\\/scent-booster-beads-pure-garden\\\/#primaryimage\"},\"image\":{\"@id\":\"https:\\\/\\\/elixscent.com\\\/product\\\/scent-booster-beads-pure-garden\\\/#primaryimage\"},\"thumbnailUrl\":\"https:\\\/\\\/elixscent.com\\\/wp-content\\\/uploads\\\/boosterbeeds_garden_2.0.png\",\"datePublished\":\"2022-08-11T09:55:20+00:00\",\"dateModified\":\"2024-10-15T09:56:05+00:00\",\"description\":\"Laundry Perfume. A fragrance booster that will transform your daily life by giving a long-lasting natural fragrance to your clothes\",\"breadcrumb\":{\"@id\":\"https:\\\/\\\/elixscent.com\\\/product\\\/scent-booster-beads-pure-garden\\\/#breadcrumb\"},\"inLanguage\":\"fr-FR\",\"potentialAction\":[{\"@type\":\"ReadAction\",\"target\":[\"https:\\\/\\\/elixscent.com\\\/product\\\/scent-booster-beads-pure-garden\\\/\"]}]},{\"@type\":\"ImageObject\",\"inLanguage\":\"fr-FR\",\"@id\":\"https:\\\/\\\/elixscent.com\\\/product\\\/scent-booster-beads-pure-garden\\\/#primaryimage\",\"url\":\"https:\\\/\\\/elixscent.com\\\/wp-content\\\/uploads\\\/boosterbeeds_garden_2.0.png\",\"contentUrl\":\"https:\\\/\\\/elixscent.com\\\/wp-content\\\/uploads\\\/boosterbeeds_garden_2.0.png\",\"width\":392,\"height\":750,\"caption\":\"boosterbeeds garden 2.0\"},{\"@type\":\"BreadcrumbList\",\"@id\":\"https:\\\/\\\/elixscent.com\\\/product\\\/scent-booster-beads-pure-garden\\\/#breadcrumb\",\"itemListElement\":[{\"@type\":\"ListItem\",\"position\":1,\"name\":\"Home\",\"item\":\"https:\\\/\\\/elixscent.com\\\/\"},{\"@type\":\"ListItem\",\"position\":2,\"name\":\"Products\",\"item\":\"https:\\\/\\\/elixscent.com\\\/product\\\/\"},{\"@type\":\"ListItem\",\"position\":3,\"name\":\"IN-WASH SCENT BOOSTER\",\"item\":\"https:\\\/\\\/elixscent.com\\\/product-category\\\/laundry\\\/\"},{\"@type\":\"ListItem\",\"position\":4,\"name\":\"In-Wash scent booster beads\",\"item\":\"https:\\\/\\\/elixscent.com\\\/product-category\\\/beads\\\/\"},{\"@type\":\"ListItem\",\"position\":5,\"name\":\"In-Wash SCENT BOOSTER beads Pure Garden\"}]},{\"@type\":\"WebSite\",\"@id\":\"https:\\\/\\\/elixscent.com\\\/#website\",\"url\":\"https:\\\/\\\/elixscent.com\\\/\",\"name\":\"ELiX EU air fresheners\",\"description\":\"Air &amp; Fabric, Perfectly Fresh\",\"publisher\":{\"@id\":\"https:\\\/\\\/elixscent.com\\\/#organization\"},\"potentialAction\":[{\"@type\":\"SearchAction\",\"target\":{\"@type\":\"EntryPoint\",\"urlTemplate\":\"https:\\\/\\\/elixscent.com\\\/?s={search_term_string}\"},\"query-input\":{\"@type\":\"PropertyValueSpecification\",\"valueRequired\":true,\"valueName\":\"search_term_string\"}}],\"inLanguage\":\"fr-FR\"},{\"@type\":\"Organization\",\"@id\":\"https:\\\/\\\/elixscent.com\\\/#organization\",\"name\":\"ELIX air freshener manufacturer\",\"url\":\"https:\\\/\\\/elixscent.com\\\/\",\"logo\":{\"@type\":\"ImageObject\",\"inLanguage\":\"fr-FR\",\"@id\":\"https:\\\/\\\/elixscent.com\\\/#\\\/schema\\\/logo\\\/image\\\/\",\"url\":\"https:\\\/\\\/elixscent.com\\\/wp-content\\\/uploads\\\/elix_logo_1.0-_300.jpg\",\"contentUrl\":\"https:\\\/\\\/elixscent.com\\\/wp-content\\\/uploads\\\/elix_logo_1.0-_300.jpg\",\"width\":300,\"height\":257,\"caption\":\"ELIX air freshener manufacturer\"},\"image\":{\"@id\":\"https:\\\/\\\/elixscent.com\\\/#\\\/schema\\\/logo\\\/image\\\/\"},\"sameAs\":[\"https:\\\/\\\/www.linkedin.com\\\/company\\\/30084929\"]}]}<\/script>\n<!-- \/ Yoast SEO Premium plugin. -->","yoast_head_json":{"title":"Perles SCENT BOOSTER en lavage Parfum Pure Garden de ELiX","description":"Parfum de lessive. Un amplificateur de parfum qui transformera votre vie quotidienne en donnant un parfum naturel durable \u00e0 vos v\u00eatements.","robots":{"index":"index","follow":"follow","max-snippet":"max-snippet:-1","max-image-preview":"max-image-preview:large","max-video-preview":"max-video-preview:-1"},"canonical":"https:\/\/elixscent.com\/fr\/produit\/perles-parfumees-pure-garden\/","og_locale":"fr_FR","og_type":"article","og_title":"In-Wash SCENT BOOSTER beads Pure Garden","og_description":"Laundry Perfume. A fragrance booster that will transform your daily life by giving a long-lasting natural fragrance to your clothes","og_url":"https:\/\/elixscent.com\/fr\/produit\/perles-parfumees-pure-garden\/","og_site_name":"ELiX EU air fresheners","article_modified_time":"2024-10-15T09:56:05+00:00","og_image":[{"width":392,"height":750,"url":"https:\/\/elixscent.com\/wp-content\/uploads\/boosterbeeds_garden_2.0.png","type":"image\/png"}],"twitter_card":"summary_large_image","twitter_misc":{"Dur\u00e9e de lecture estim\u00e9e":"1 minute"},"schema":{"@context":"https:\/\/schema.org","@graph":[{"@type":"WebPage","@id":"https:\/\/elixscent.com\/product\/scent-booster-beads-pure-garden\/","url":"https:\/\/elixscent.com\/product\/scent-booster-beads-pure-garden\/","name":"Perles SCENT BOOSTER en lavage Parfum Pure Garden de ELiX","isPartOf":{"@id":"https:\/\/elixscent.com\/#website"},"primaryImageOfPage":{"@id":"https:\/\/elixscent.com\/product\/scent-booster-beads-pure-garden\/#primaryimage"},"image":{"@id":"https:\/\/elixscent.com\/product\/scent-booster-beads-pure-garden\/#primaryimage"},"thumbnailUrl":"https:\/\/elixscent.com\/wp-content\/uploads\/boosterbeeds_garden_2.0.png","datePublished":"2022-08-11T09:55:20+00:00","dateModified":"2024-10-15T09:56:05+00:00","description":"Parfum de lessive. Un amplificateur de parfum qui transformera votre vie quotidienne en donnant un parfum naturel durable \u00e0 vos v\u00eatements.","breadcrumb":{"@id":"https:\/\/elixscent.com\/product\/scent-booster-beads-pure-garden\/#breadcrumb"},"inLanguage":"fr-FR","potentialAction":[{"@type":"ReadAction","target":["https:\/\/elixscent.com\/product\/scent-booster-beads-pure-garden\/"]}]},{"@type":"ImageObject","inLanguage":"fr-FR","@id":"https:\/\/elixscent.com\/product\/scent-booster-beads-pure-garden\/#primaryimage","url":"https:\/\/elixscent.com\/wp-content\/uploads\/boosterbeeds_garden_2.0.png","contentUrl":"https:\/\/elixscent.com\/wp-content\/uploads\/boosterbeeds_garden_2.0.png","width":392,"height":750,"caption":"boosterbeeds garden 2.0"},{"@type":"BreadcrumbList","@id":"https:\/\/elixscent.com\/product\/scent-booster-beads-pure-garden\/#breadcrumb","itemListElement":[{"@type":"ListItem","position":1,"name":"Home","item":"https:\/\/elixscent.com\/"},{"@type":"ListItem","position":2,"name":"Products","item":"https:\/\/elixscent.com\/product\/"},{"@type":"ListItem","position":3,"name":"IN-WASH SCENT BOOSTER","item":"https:\/\/elixscent.com\/product-category\/laundry\/"},{"@type":"ListItem","position":4,"name":"In-Wash scent booster beads","item":"https:\/\/elixscent.com\/product-category\/beads\/"},{"@type":"ListItem","position":5,"name":"In-Wash SCENT BOOSTER beads Pure Garden"}]},{"@type":"WebSite","@id":"https:\/\/elixscent.com\/#website","url":"https:\/\/elixscent.com\/","name":"D\u00e9sodorisants ELiX EU","description":"Air &amp; Tissus, Parfaitement frais","publisher":{"@id":"https:\/\/elixscent.com\/#organization"},"potentialAction":[{"@type":"SearchAction","target":{"@type":"EntryPoint","urlTemplate":"https:\/\/elixscent.com\/?s={search_term_string}"},"query-input":{"@type":"PropertyValueSpecification","valueRequired":true,"valueName":"search_term_string"}}],"inLanguage":"fr-FR"},{"@type":"Organization","@id":"https:\/\/elixscent.com\/#organization","name":"Fabricant de d\u00e9sodorisants ELIX","url":"https:\/\/elixscent.com\/","logo":{"@type":"ImageObject","inLanguage":"fr-FR","@id":"https:\/\/elixscent.com\/#\/schema\/logo\/image\/","url":"https:\/\/elixscent.com\/wp-content\/uploads\/elix_logo_1.0-_300.jpg","contentUrl":"https:\/\/elixscent.com\/wp-content\/uploads\/elix_logo_1.0-_300.jpg","width":300,"height":257,"caption":"ELIX air freshener manufacturer"},"image":{"@id":"https:\/\/elixscent.com\/#\/schema\/logo\/image\/"},"sameAs":["https:\/\/www.linkedin.com\/company\/30084929"]}]}},"_links":{"self":[{"href":"https:\/\/elixscent.com\/fr\/wp-json\/wp\/v2\/product\/26411","targetHints":{"allow":["GET"]}}],"collection":[{"href":"https:\/\/elixscent.com\/fr\/wp-json\/wp\/v2\/product"}],"about":[{"href":"https:\/\/elixscent.com\/fr\/wp-json\/wp\/v2\/types\/product"}],"version-history":[{"count":15,"href":"https:\/\/elixscent.com\/fr\/wp-json\/wp\/v2\/product\/26411\/revisions"}],"predecessor-version":[{"id":53486,"href":"https:\/\/elixscent.com\/fr\/wp-json\/wp\/v2\/product\/26411\/revisions\/53486"}],"wp:featuredmedia":[{"embeddable":true,"href":"https:\/\/elixscent.com\/fr\/wp-json\/wp\/v2\/media\/26412"}],"wp:attachment":[{"href":"https:\/\/elixscent.com\/fr\/wp-json\/wp\/v2\/media?parent=26411"}],"curies":[{"name":"wp","href":"https:\/\/api.w.org\/{rel}","templated":true}]}}