{"id":25826,"date":"2022-07-21T07:12:32","date_gmt":"2022-07-21T07:12:32","guid":{"rendered":"https:\/\/elixscent.com\/?post_type=product&#038;p=25826"},"modified":"2025-01-22T11:30:14","modified_gmt":"2025-01-22T11:30:14","slug":"clip-black","status":"publish","type":"product","link":"https:\/\/elixscent.com\/fr\/product\/clip-black\/","title":{"rendered":"Clip it Fresh Noir"},"content":{"rendered":"<p>D\u00e9sodorisant efficace pour les grilles de ventilation. Longue dur\u00e9e de vie jusqu'\u00e0 45 jours.<\/p>\n<p><span id=\"span-23-132\" class=\"ct-span oxy-stock-content-styles\"><em>&gt;&gt; Si vous voulez acheter, visitez notre magasin :<\/em> <a class=\"_ps2id\" href=\"https:\/\/airfresh24.com\/products\/shop\/clip-it-fresh-car-vent\/\" data-ps2id-offset=\"\"><strong>www.airfresh24.com<\/strong><\/a><\/span><\/p>","protected":false},"featured_media":25827,"parent":0,"menu_order":47,"template":"","class_list":["post-25826","product","type-product","status-publish","has-post-thumbnail","hentry","product_category-car-vent-perfume","product_category-vent"],"acf":[],"yoast_head":"<!-- This site is optimized with the Yoast SEO Premium plugin v27.2 (Yoast SEO v27.4) - https:\/\/yoast.com\/product\/yoast-seo-premium-wordpress\/ -->\n<title>Clip it Fresh Black car air freshener by ELiX<\/title>\n<meta name=\"description\" content=\"Formulation of the most popular perfume for the car with a system of mounting in the car&#039;s ventilation grille\" \/>\n<meta name=\"robots\" content=\"index, follow, max-snippet:-1, max-image-preview:large, max-video-preview:-1\" \/>\n<link rel=\"canonical\" href=\"https:\/\/elixscent.com\/fr\/produit\/clip-black\/\" \/>\n<meta property=\"og:locale\" content=\"fr_FR\" \/>\n<meta property=\"og:type\" content=\"article\" \/>\n<meta property=\"og:title\" content=\"Clip it Fresh Black\" \/>\n<meta property=\"og:description\" content=\"Formulation of the most popular perfume for the car with a system of mounting in the car&#039;s ventilation grille\" \/>\n<meta property=\"og:url\" content=\"https:\/\/elixscent.com\/fr\/produit\/clip-black\/\" \/>\n<meta property=\"og:site_name\" content=\"ELiX EU air fresheners\" \/>\n<meta property=\"article:modified_time\" content=\"2025-01-22T11:30:14+00:00\" \/>\n<meta property=\"og:image\" content=\"https:\/\/elixscent.com\/wp-content\/uploads\/cif_package_black.png\" \/>\n\t<meta property=\"og:image:width\" content=\"210\" \/>\n\t<meta property=\"og:image:height\" content=\"513\" \/>\n\t<meta property=\"og:image:type\" content=\"image\/png\" \/>\n<meta name=\"twitter:card\" content=\"summary_large_image\" \/>\n<meta name=\"twitter:label1\" content=\"Dur\u00e9e de lecture estim\u00e9e\" \/>\n\t<meta name=\"twitter:data1\" content=\"1 minute\" \/>\n<script type=\"application\/ld+json\" class=\"yoast-schema-graph\">{\"@context\":\"https:\\\/\\\/schema.org\",\"@graph\":[{\"@type\":\"WebPage\",\"@id\":\"https:\\\/\\\/elixscent.com\\\/product\\\/clip-black\\\/\",\"url\":\"https:\\\/\\\/elixscent.com\\\/product\\\/clip-black\\\/\",\"name\":\"Clip it Fresh Black car air freshener by ELiX\",\"isPartOf\":{\"@id\":\"https:\\\/\\\/elixscent.com\\\/#website\"},\"primaryImageOfPage\":{\"@id\":\"https:\\\/\\\/elixscent.com\\\/product\\\/clip-black\\\/#primaryimage\"},\"image\":{\"@id\":\"https:\\\/\\\/elixscent.com\\\/product\\\/clip-black\\\/#primaryimage\"},\"thumbnailUrl\":\"https:\\\/\\\/elixscent.com\\\/wp-content\\\/uploads\\\/cif_package_black.png\",\"datePublished\":\"2022-07-21T07:12:32+00:00\",\"dateModified\":\"2025-01-22T11:30:14+00:00\",\"description\":\"Formulation of the most popular perfume for the car with a system of mounting in the car's ventilation grille\",\"breadcrumb\":{\"@id\":\"https:\\\/\\\/elixscent.com\\\/product\\\/clip-black\\\/#breadcrumb\"},\"inLanguage\":\"fr-FR\",\"potentialAction\":[{\"@type\":\"ReadAction\",\"target\":[\"https:\\\/\\\/elixscent.com\\\/product\\\/clip-black\\\/\"]}]},{\"@type\":\"ImageObject\",\"inLanguage\":\"fr-FR\",\"@id\":\"https:\\\/\\\/elixscent.com\\\/product\\\/clip-black\\\/#primaryimage\",\"url\":\"https:\\\/\\\/elixscent.com\\\/wp-content\\\/uploads\\\/cif_package_black.png\",\"contentUrl\":\"https:\\\/\\\/elixscent.com\\\/wp-content\\\/uploads\\\/cif_package_black.png\",\"width\":210,\"height\":513,\"caption\":\"cif package black\"},{\"@type\":\"BreadcrumbList\",\"@id\":\"https:\\\/\\\/elixscent.com\\\/product\\\/clip-black\\\/#breadcrumb\",\"itemListElement\":[{\"@type\":\"ListItem\",\"position\":1,\"name\":\"Home\",\"item\":\"https:\\\/\\\/elixscent.com\\\/\"},{\"@type\":\"ListItem\",\"position\":2,\"name\":\"Products\",\"item\":\"https:\\\/\\\/elixscent.com\\\/product\\\/\"},{\"@type\":\"ListItem\",\"position\":3,\"name\":\"CAR VENT\",\"item\":\"https:\\\/\\\/elixscent.com\\\/product-category\\\/vent\\\/\"},{\"@type\":\"ListItem\",\"position\":4,\"name\":\"Clip-it-Fresh\",\"item\":\"https:\\\/\\\/elixscent.com\\\/product-category\\\/car-vent-perfume\\\/\"},{\"@type\":\"ListItem\",\"position\":5,\"name\":\"Clip it Fresh Black\"}]},{\"@type\":\"WebSite\",\"@id\":\"https:\\\/\\\/elixscent.com\\\/#website\",\"url\":\"https:\\\/\\\/elixscent.com\\\/\",\"name\":\"ELiX EU air fresheners\",\"description\":\"Air &amp; Fabric, Perfectly Fresh\",\"publisher\":{\"@id\":\"https:\\\/\\\/elixscent.com\\\/#organization\"},\"potentialAction\":[{\"@type\":\"SearchAction\",\"target\":{\"@type\":\"EntryPoint\",\"urlTemplate\":\"https:\\\/\\\/elixscent.com\\\/?s={search_term_string}\"},\"query-input\":{\"@type\":\"PropertyValueSpecification\",\"valueRequired\":true,\"valueName\":\"search_term_string\"}}],\"inLanguage\":\"fr-FR\"},{\"@type\":\"Organization\",\"@id\":\"https:\\\/\\\/elixscent.com\\\/#organization\",\"name\":\"ELIX air freshener manufacturer\",\"url\":\"https:\\\/\\\/elixscent.com\\\/\",\"logo\":{\"@type\":\"ImageObject\",\"inLanguage\":\"fr-FR\",\"@id\":\"https:\\\/\\\/elixscent.com\\\/#\\\/schema\\\/logo\\\/image\\\/\",\"url\":\"https:\\\/\\\/elixscent.com\\\/wp-content\\\/uploads\\\/elix_logo_1.0-_300.jpg\",\"contentUrl\":\"https:\\\/\\\/elixscent.com\\\/wp-content\\\/uploads\\\/elix_logo_1.0-_300.jpg\",\"width\":300,\"height\":257,\"caption\":\"ELIX air freshener manufacturer\"},\"image\":{\"@id\":\"https:\\\/\\\/elixscent.com\\\/#\\\/schema\\\/logo\\\/image\\\/\"},\"sameAs\":[\"https:\\\/\\\/www.linkedin.com\\\/company\\\/30084929\"]}]}<\/script>\n<!-- \/ Yoast SEO Premium plugin. -->","yoast_head_json":{"title":"Clip it Fresh Black car air freshener by ELiX","description":"Formulation du parfum le plus populaire pour la voiture avec un syst\u00e8me de montage dans la grille d'a\u00e9ration de la voiture","robots":{"index":"index","follow":"follow","max-snippet":"max-snippet:-1","max-image-preview":"max-image-preview:large","max-video-preview":"max-video-preview:-1"},"canonical":"https:\/\/elixscent.com\/fr\/produit\/clip-black\/","og_locale":"fr_FR","og_type":"article","og_title":"Clip it Fresh Black","og_description":"Formulation of the most popular perfume for the car with a system of mounting in the car's ventilation grille","og_url":"https:\/\/elixscent.com\/fr\/produit\/clip-black\/","og_site_name":"ELiX EU air fresheners","article_modified_time":"2025-01-22T11:30:14+00:00","og_image":[{"width":210,"height":513,"url":"https:\/\/elixscent.com\/wp-content\/uploads\/cif_package_black.png","type":"image\/png"}],"twitter_card":"summary_large_image","twitter_misc":{"Dur\u00e9e de lecture estim\u00e9e":"1 minute"},"schema":{"@context":"https:\/\/schema.org","@graph":[{"@type":"WebPage","@id":"https:\/\/elixscent.com\/product\/clip-black\/","url":"https:\/\/elixscent.com\/product\/clip-black\/","name":"Clip it Fresh Black car air freshener by ELiX","isPartOf":{"@id":"https:\/\/elixscent.com\/#website"},"primaryImageOfPage":{"@id":"https:\/\/elixscent.com\/product\/clip-black\/#primaryimage"},"image":{"@id":"https:\/\/elixscent.com\/product\/clip-black\/#primaryimage"},"thumbnailUrl":"https:\/\/elixscent.com\/wp-content\/uploads\/cif_package_black.png","datePublished":"2022-07-21T07:12:32+00:00","dateModified":"2025-01-22T11:30:14+00:00","description":"Formulation du parfum le plus populaire pour la voiture avec un syst\u00e8me de montage dans la grille d'a\u00e9ration de la voiture","breadcrumb":{"@id":"https:\/\/elixscent.com\/product\/clip-black\/#breadcrumb"},"inLanguage":"fr-FR","potentialAction":[{"@type":"ReadAction","target":["https:\/\/elixscent.com\/product\/clip-black\/"]}]},{"@type":"ImageObject","inLanguage":"fr-FR","@id":"https:\/\/elixscent.com\/product\/clip-black\/#primaryimage","url":"https:\/\/elixscent.com\/wp-content\/uploads\/cif_package_black.png","contentUrl":"https:\/\/elixscent.com\/wp-content\/uploads\/cif_package_black.png","width":210,"height":513,"caption":"cif package black"},{"@type":"BreadcrumbList","@id":"https:\/\/elixscent.com\/product\/clip-black\/#breadcrumb","itemListElement":[{"@type":"ListItem","position":1,"name":"Home","item":"https:\/\/elixscent.com\/"},{"@type":"ListItem","position":2,"name":"Products","item":"https:\/\/elixscent.com\/product\/"},{"@type":"ListItem","position":3,"name":"CAR VENT","item":"https:\/\/elixscent.com\/product-category\/vent\/"},{"@type":"ListItem","position":4,"name":"Clip-it-Fresh","item":"https:\/\/elixscent.com\/product-category\/car-vent-perfume\/"},{"@type":"ListItem","position":5,"name":"Clip it Fresh Black"}]},{"@type":"WebSite","@id":"https:\/\/elixscent.com\/#website","url":"https:\/\/elixscent.com\/","name":"D\u00e9sodorisants ELiX EU","description":"Air &amp; Tissus, Parfaitement frais","publisher":{"@id":"https:\/\/elixscent.com\/#organization"},"potentialAction":[{"@type":"SearchAction","target":{"@type":"EntryPoint","urlTemplate":"https:\/\/elixscent.com\/?s={search_term_string}"},"query-input":{"@type":"PropertyValueSpecification","valueRequired":true,"valueName":"search_term_string"}}],"inLanguage":"fr-FR"},{"@type":"Organization","@id":"https:\/\/elixscent.com\/#organization","name":"Fabricant de d\u00e9sodorisants ELIX","url":"https:\/\/elixscent.com\/","logo":{"@type":"ImageObject","inLanguage":"fr-FR","@id":"https:\/\/elixscent.com\/#\/schema\/logo\/image\/","url":"https:\/\/elixscent.com\/wp-content\/uploads\/elix_logo_1.0-_300.jpg","contentUrl":"https:\/\/elixscent.com\/wp-content\/uploads\/elix_logo_1.0-_300.jpg","width":300,"height":257,"caption":"ELIX air freshener manufacturer"},"image":{"@id":"https:\/\/elixscent.com\/#\/schema\/logo\/image\/"},"sameAs":["https:\/\/www.linkedin.com\/company\/30084929"]}]}},"_links":{"self":[{"href":"https:\/\/elixscent.com\/fr\/wp-json\/wp\/v2\/product\/25826","targetHints":{"allow":["GET"]}}],"collection":[{"href":"https:\/\/elixscent.com\/fr\/wp-json\/wp\/v2\/product"}],"about":[{"href":"https:\/\/elixscent.com\/fr\/wp-json\/wp\/v2\/types\/product"}],"version-history":[{"count":9,"href":"https:\/\/elixscent.com\/fr\/wp-json\/wp\/v2\/product\/25826\/revisions"}],"predecessor-version":[{"id":55729,"href":"https:\/\/elixscent.com\/fr\/wp-json\/wp\/v2\/product\/25826\/revisions\/55729"}],"wp:featuredmedia":[{"embeddable":true,"href":"https:\/\/elixscent.com\/fr\/wp-json\/wp\/v2\/media\/25827"}],"wp:attachment":[{"href":"https:\/\/elixscent.com\/fr\/wp-json\/wp\/v2\/media?parent=25826"}],"curies":[{"name":"wp","href":"https:\/\/api.w.org\/{rel}","templated":true}]}}