{"id":25762,"date":"2022-07-20T12:17:33","date_gmt":"2022-07-20T12:17:33","guid":{"rendered":"https:\/\/elixscent.com\/?post_type=product&#038;p=25762"},"modified":"2026-01-21T06:47:47","modified_gmt":"2026-01-21T06:47:47","slug":"chat-frais","status":"publish","type":"product","link":"https:\/\/elixscent.com\/fr\/product\/fresh-cat\/","title":{"rendered":"Blocage des odeurs et CAT frais"},"content":{"rendered":"<p><span id=\"span-23-132\" class=\"ct-span oxy-stock-content-styles\"><em>&gt;&gt; Si vous voulez acheter, visitez notre magasin :<\/em> <a class=\"_ps2id\" href=\"https:\/\/airfresh24.com\/products\/shop\/oops500\/\" data-ps2id-offset=\"\"><strong>www.airfresh24.com<\/strong><\/a><\/span><\/p>","protected":false},"featured_media":25763,"parent":0,"menu_order":61,"template":"","class_list":["post-25762","product","type-product","status-publish","has-post-thumbnail","hentry","product_category-ob-fresh"],"acf":[],"yoast_head":"<!-- This site is optimized with the Yoast SEO Premium plugin v27.2 (Yoast SEO v27.4) - https:\/\/yoast.com\/product\/yoast-seo-premium-wordpress\/ -->\n<title>Odor block &amp; fresh CAT odor eliminator by ELiX<\/title>\n<meta name=\"description\" content=\"Natural cat odor eliminator. Particularly effective on urine odors. Natural plant extracts discourage urination in the same place\" \/>\n<meta name=\"robots\" content=\"index, follow, max-snippet:-1, max-image-preview:large, max-video-preview:-1\" \/>\n<link rel=\"canonical\" href=\"https:\/\/elixscent.com\/fr\/produit\/chat-frais\/\" \/>\n<meta property=\"og:locale\" content=\"fr_FR\" \/>\n<meta property=\"og:type\" content=\"article\" \/>\n<meta property=\"og:title\" content=\"Odor block &amp; fresh CAT\" \/>\n<meta property=\"og:description\" content=\"Natural cat odor eliminator. Particularly effective on urine odors. Natural plant extracts discourage urination in the same place\" \/>\n<meta property=\"og:url\" content=\"https:\/\/elixscent.com\/fr\/produit\/chat-frais\/\" \/>\n<meta property=\"og:site_name\" content=\"ELiX EU air fresheners\" \/>\n<meta property=\"article:modified_time\" content=\"2026-01-21T06:47:47+00:00\" \/>\n<meta property=\"og:image\" content=\"https:\/\/elixscent.com\/wp-content\/uploads\/Oops_500_cat_1.0.png\" \/>\n\t<meta property=\"og:image:width\" content=\"250\" \/>\n\t<meta property=\"og:image:height\" content=\"576\" \/>\n\t<meta property=\"og:image:type\" content=\"image\/png\" \/>\n<meta name=\"twitter:card\" content=\"summary_large_image\" \/>\n<meta name=\"twitter:label1\" content=\"Dur\u00e9e de lecture estim\u00e9e\" \/>\n\t<meta name=\"twitter:data1\" content=\"1 minute\" \/>\n<script type=\"application\/ld+json\" class=\"yoast-schema-graph\">{\"@context\":\"https:\\\/\\\/schema.org\",\"@graph\":[{\"@type\":\"WebPage\",\"@id\":\"https:\\\/\\\/elixscent.com\\\/product\\\/fresh-cat\\\/\",\"url\":\"https:\\\/\\\/elixscent.com\\\/product\\\/fresh-cat\\\/\",\"name\":\"Odor block & fresh CAT odor eliminator by ELiX\",\"isPartOf\":{\"@id\":\"https:\\\/\\\/elixscent.com\\\/#website\"},\"primaryImageOfPage\":{\"@id\":\"https:\\\/\\\/elixscent.com\\\/product\\\/fresh-cat\\\/#primaryimage\"},\"image\":{\"@id\":\"https:\\\/\\\/elixscent.com\\\/product\\\/fresh-cat\\\/#primaryimage\"},\"thumbnailUrl\":\"https:\\\/\\\/elixscent.com\\\/wp-content\\\/uploads\\\/Oops_500_cat_1.0.png\",\"datePublished\":\"2022-07-20T12:17:33+00:00\",\"dateModified\":\"2026-01-21T06:47:47+00:00\",\"description\":\"Natural cat odor eliminator. Particularly effective on urine odors. Natural plant extracts discourage urination in the same place\",\"breadcrumb\":{\"@id\":\"https:\\\/\\\/elixscent.com\\\/product\\\/fresh-cat\\\/#breadcrumb\"},\"inLanguage\":\"fr-FR\",\"potentialAction\":[{\"@type\":\"ReadAction\",\"target\":[\"https:\\\/\\\/elixscent.com\\\/product\\\/fresh-cat\\\/\"]}]},{\"@type\":\"ImageObject\",\"inLanguage\":\"fr-FR\",\"@id\":\"https:\\\/\\\/elixscent.com\\\/product\\\/fresh-cat\\\/#primaryimage\",\"url\":\"https:\\\/\\\/elixscent.com\\\/wp-content\\\/uploads\\\/Oops_500_cat_1.0.png\",\"contentUrl\":\"https:\\\/\\\/elixscent.com\\\/wp-content\\\/uploads\\\/Oops_500_cat_1.0.png\",\"width\":250,\"height\":576,\"caption\":\"Oops 500 cat 1.0\"},{\"@type\":\"BreadcrumbList\",\"@id\":\"https:\\\/\\\/elixscent.com\\\/product\\\/fresh-cat\\\/#breadcrumb\",\"itemListElement\":[{\"@type\":\"ListItem\",\"position\":1,\"name\":\"Home\",\"item\":\"https:\\\/\\\/elixscent.com\\\/\"},{\"@type\":\"ListItem\",\"position\":2,\"name\":\"Products\",\"item\":\"https:\\\/\\\/elixscent.com\\\/product\\\/\"},{\"@type\":\"ListItem\",\"position\":3,\"name\":\"ODOR NEUTRALIZERS\",\"item\":\"https:\\\/\\\/elixscent.com\\\/product-category\\\/odor-neutralizers\\\/\"},{\"@type\":\"ListItem\",\"position\":4,\"name\":\"Odor block &amp; fresh\",\"item\":\"https:\\\/\\\/elixscent.com\\\/product-category\\\/ob-fresh\\\/\"},{\"@type\":\"ListItem\",\"position\":5,\"name\":\"Odor block &#038; fresh CAT\"}]},{\"@type\":\"WebSite\",\"@id\":\"https:\\\/\\\/elixscent.com\\\/#website\",\"url\":\"https:\\\/\\\/elixscent.com\\\/\",\"name\":\"ELiX EU air fresheners\",\"description\":\"Air &amp; Fabric, Perfectly Fresh\",\"publisher\":{\"@id\":\"https:\\\/\\\/elixscent.com\\\/#organization\"},\"potentialAction\":[{\"@type\":\"SearchAction\",\"target\":{\"@type\":\"EntryPoint\",\"urlTemplate\":\"https:\\\/\\\/elixscent.com\\\/?s={search_term_string}\"},\"query-input\":{\"@type\":\"PropertyValueSpecification\",\"valueRequired\":true,\"valueName\":\"search_term_string\"}}],\"inLanguage\":\"fr-FR\"},{\"@type\":\"Organization\",\"@id\":\"https:\\\/\\\/elixscent.com\\\/#organization\",\"name\":\"ELIX air freshener manufacturer\",\"url\":\"https:\\\/\\\/elixscent.com\\\/\",\"logo\":{\"@type\":\"ImageObject\",\"inLanguage\":\"fr-FR\",\"@id\":\"https:\\\/\\\/elixscent.com\\\/#\\\/schema\\\/logo\\\/image\\\/\",\"url\":\"https:\\\/\\\/elixscent.com\\\/wp-content\\\/uploads\\\/elix_logo_1.0-_300.jpg\",\"contentUrl\":\"https:\\\/\\\/elixscent.com\\\/wp-content\\\/uploads\\\/elix_logo_1.0-_300.jpg\",\"width\":300,\"height\":257,\"caption\":\"ELIX air freshener manufacturer\"},\"image\":{\"@id\":\"https:\\\/\\\/elixscent.com\\\/#\\\/schema\\\/logo\\\/image\\\/\"},\"sameAs\":[\"https:\\\/\\\/www.linkedin.com\\\/company\\\/30084929\"]}]}<\/script>\n<!-- \/ Yoast SEO Premium plugin. -->","yoast_head_json":{"title":"Odor block &amp; fresh CAT odor eliminator by ELiX","description":"\u00c9limine naturellement les odeurs de chat. Particuli\u00e8rement efficace sur les odeurs d'urine. Les extraits naturels de plantes d\u00e9couragent la miction au m\u00eame endroit.","robots":{"index":"index","follow":"follow","max-snippet":"max-snippet:-1","max-image-preview":"max-image-preview:large","max-video-preview":"max-video-preview:-1"},"canonical":"https:\/\/elixscent.com\/fr\/produit\/chat-frais\/","og_locale":"fr_FR","og_type":"article","og_title":"Odor block & fresh CAT","og_description":"Natural cat odor eliminator. Particularly effective on urine odors. Natural plant extracts discourage urination in the same place","og_url":"https:\/\/elixscent.com\/fr\/produit\/chat-frais\/","og_site_name":"ELiX EU air fresheners","article_modified_time":"2026-01-21T06:47:47+00:00","og_image":[{"width":250,"height":576,"url":"https:\/\/elixscent.com\/wp-content\/uploads\/Oops_500_cat_1.0.png","type":"image\/png"}],"twitter_card":"summary_large_image","twitter_misc":{"Dur\u00e9e de lecture estim\u00e9e":"1 minute"},"schema":{"@context":"https:\/\/schema.org","@graph":[{"@type":"WebPage","@id":"https:\/\/elixscent.com\/product\/fresh-cat\/","url":"https:\/\/elixscent.com\/product\/fresh-cat\/","name":"Odor block &amp; fresh CAT odor eliminator by ELiX","isPartOf":{"@id":"https:\/\/elixscent.com\/#website"},"primaryImageOfPage":{"@id":"https:\/\/elixscent.com\/product\/fresh-cat\/#primaryimage"},"image":{"@id":"https:\/\/elixscent.com\/product\/fresh-cat\/#primaryimage"},"thumbnailUrl":"https:\/\/elixscent.com\/wp-content\/uploads\/Oops_500_cat_1.0.png","datePublished":"2022-07-20T12:17:33+00:00","dateModified":"2026-01-21T06:47:47+00:00","description":"\u00c9limine naturellement les odeurs de chat. Particuli\u00e8rement efficace sur les odeurs d'urine. Les extraits naturels de plantes d\u00e9couragent la miction au m\u00eame endroit.","breadcrumb":{"@id":"https:\/\/elixscent.com\/product\/fresh-cat\/#breadcrumb"},"inLanguage":"fr-FR","potentialAction":[{"@type":"ReadAction","target":["https:\/\/elixscent.com\/product\/fresh-cat\/"]}]},{"@type":"ImageObject","inLanguage":"fr-FR","@id":"https:\/\/elixscent.com\/product\/fresh-cat\/#primaryimage","url":"https:\/\/elixscent.com\/wp-content\/uploads\/Oops_500_cat_1.0.png","contentUrl":"https:\/\/elixscent.com\/wp-content\/uploads\/Oops_500_cat_1.0.png","width":250,"height":576,"caption":"Oops 500 cat 1.0"},{"@type":"BreadcrumbList","@id":"https:\/\/elixscent.com\/product\/fresh-cat\/#breadcrumb","itemListElement":[{"@type":"ListItem","position":1,"name":"Home","item":"https:\/\/elixscent.com\/"},{"@type":"ListItem","position":2,"name":"Products","item":"https:\/\/elixscent.com\/product\/"},{"@type":"ListItem","position":3,"name":"ODOR NEUTRALIZERS","item":"https:\/\/elixscent.com\/product-category\/odor-neutralizers\/"},{"@type":"ListItem","position":4,"name":"Odor block &amp; fresh","item":"https:\/\/elixscent.com\/product-category\/ob-fresh\/"},{"@type":"ListItem","position":5,"name":"Odor block &#038; fresh CAT"}]},{"@type":"WebSite","@id":"https:\/\/elixscent.com\/#website","url":"https:\/\/elixscent.com\/","name":"D\u00e9sodorisants ELiX EU","description":"Air &amp; Tissus, Parfaitement frais","publisher":{"@id":"https:\/\/elixscent.com\/#organization"},"potentialAction":[{"@type":"SearchAction","target":{"@type":"EntryPoint","urlTemplate":"https:\/\/elixscent.com\/?s={search_term_string}"},"query-input":{"@type":"PropertyValueSpecification","valueRequired":true,"valueName":"search_term_string"}}],"inLanguage":"fr-FR"},{"@type":"Organization","@id":"https:\/\/elixscent.com\/#organization","name":"Fabricant de d\u00e9sodorisants ELIX","url":"https:\/\/elixscent.com\/","logo":{"@type":"ImageObject","inLanguage":"fr-FR","@id":"https:\/\/elixscent.com\/#\/schema\/logo\/image\/","url":"https:\/\/elixscent.com\/wp-content\/uploads\/elix_logo_1.0-_300.jpg","contentUrl":"https:\/\/elixscent.com\/wp-content\/uploads\/elix_logo_1.0-_300.jpg","width":300,"height":257,"caption":"ELIX air freshener manufacturer"},"image":{"@id":"https:\/\/elixscent.com\/#\/schema\/logo\/image\/"},"sameAs":["https:\/\/www.linkedin.com\/company\/30084929"]}]}},"_links":{"self":[{"href":"https:\/\/elixscent.com\/fr\/wp-json\/wp\/v2\/product\/25762","targetHints":{"allow":["GET"]}}],"collection":[{"href":"https:\/\/elixscent.com\/fr\/wp-json\/wp\/v2\/product"}],"about":[{"href":"https:\/\/elixscent.com\/fr\/wp-json\/wp\/v2\/types\/product"}],"version-history":[{"count":11,"href":"https:\/\/elixscent.com\/fr\/wp-json\/wp\/v2\/product\/25762\/revisions"}],"predecessor-version":[{"id":60342,"href":"https:\/\/elixscent.com\/fr\/wp-json\/wp\/v2\/product\/25762\/revisions\/60342"}],"wp:featuredmedia":[{"embeddable":true,"href":"https:\/\/elixscent.com\/fr\/wp-json\/wp\/v2\/media\/25763"}],"wp:attachment":[{"href":"https:\/\/elixscent.com\/fr\/wp-json\/wp\/v2\/media?parent=25762"}],"curies":[{"name":"wp","href":"https:\/\/api.w.org\/{rel}","templated":true}]}}