{"id":25202,"date":"2022-07-13T06:53:08","date_gmt":"2022-07-13T06:53:08","guid":{"rendered":"https:\/\/elixscent.com\/?post_type=product&#038;p=25202"},"modified":"2024-10-14T13:29:07","modified_gmt":"2024-10-14T13:29:07","slug":"gp-gentleman","status":"publish","type":"product","link":"https:\/\/elixscent.com\/fr\/product\/gp-gentleman\/","title":{"rendered":"GRAND Parfum Gentleman"},"content":{"rendered":"<p>Ar\u00f4me doux, profond et essentiel provenant de la richesse du patchouli, de la cardamome et du bois de c\u00e8dre. Cette combinaison sp\u00e9ciale de fragrances vous donne une sensation de classe et d'\u00e9l\u00e9gance. Parfum authentique<\/p>\n<p><span id=\"span-23-132\" class=\"ct-span oxy-stock-content-styles\"><em>&gt;&gt; Si vous voulez acheter, visitez notre magasin :<\/em> <a class=\"_ps2id\" href=\"https:\/\/airfresh24.com\/products\/shop\/grand-perfume-spray\/\" data-ps2id-offset=\"\"><strong>www.airfresh24.com<\/strong><\/a><\/span><\/p>","protected":false},"featured_media":25311,"parent":0,"menu_order":134,"template":"","class_list":["post-25202","product","type-product","status-publish","has-post-thumbnail","hentry","product_category-gp","product_category-air-spray"],"acf":[],"yoast_head":"<!-- This site is optimized with the Yoast SEO Premium plugin v27.4 (Yoast SEO v27.4) - https:\/\/yoast.com\/product\/yoast-seo-premium-wordpress\/ -->\n<title>GRAND Perfume Gentleman air spray by ELiX<\/title>\n<meta name=\"description\" content=\"Grand Perfume - air freshener for home or car, with special paper inside. Use as an air perfume or spray on the included paper.\" \/>\n<meta name=\"robots\" content=\"index, follow, max-snippet:-1, max-image-preview:large, max-video-preview:-1\" \/>\n<link rel=\"canonical\" href=\"https:\/\/elixscent.com\/fr\/produit\/gp-gentleman\/\" \/>\n<meta property=\"og:locale\" content=\"fr_FR\" \/>\n<meta property=\"og:type\" content=\"article\" \/>\n<meta property=\"og:title\" content=\"GRAND Perfume Gentleman\" \/>\n<meta property=\"og:description\" content=\"Grand Perfume - air freshener for home or car, with special paper inside. Use as an air perfume or spray on the included paper.\" \/>\n<meta property=\"og:url\" content=\"https:\/\/elixscent.com\/fr\/produit\/gp-gentleman\/\" \/>\n<meta property=\"og:site_name\" content=\"ELiX EU air fresheners\" \/>\n<meta property=\"article:modified_time\" content=\"2024-10-14T13:29:07+00:00\" \/>\n<meta property=\"og:image\" content=\"https:\/\/elixscent.com\/wp-content\/uploads\/CH_Gentleman_1.0.png\" \/>\n\t<meta property=\"og:image:width\" content=\"250\" \/>\n\t<meta property=\"og:image:height\" content=\"672\" \/>\n\t<meta property=\"og:image:type\" content=\"image\/png\" \/>\n<meta name=\"twitter:card\" content=\"summary_large_image\" \/>\n<meta name=\"twitter:label1\" content=\"Dur\u00e9e de lecture estim\u00e9e\" \/>\n\t<meta name=\"twitter:data1\" content=\"1 minute\" \/>\n<script type=\"application\/ld+json\" class=\"yoast-schema-graph\">{\"@context\":\"https:\\\/\\\/schema.org\",\"@graph\":[{\"@type\":\"WebPage\",\"@id\":\"https:\\\/\\\/elixscent.com\\\/product\\\/gp-gentleman\\\/\",\"url\":\"https:\\\/\\\/elixscent.com\\\/product\\\/gp-gentleman\\\/\",\"name\":\"GRAND Perfume Gentleman air spray by ELiX\",\"isPartOf\":{\"@id\":\"https:\\\/\\\/elixscent.com\\\/#website\"},\"primaryImageOfPage\":{\"@id\":\"https:\\\/\\\/elixscent.com\\\/product\\\/gp-gentleman\\\/#primaryimage\"},\"image\":{\"@id\":\"https:\\\/\\\/elixscent.com\\\/product\\\/gp-gentleman\\\/#primaryimage\"},\"thumbnailUrl\":\"https:\\\/\\\/elixscent.com\\\/wp-content\\\/uploads\\\/CH_Gentleman_1.0.png\",\"datePublished\":\"2022-07-13T06:53:08+00:00\",\"dateModified\":\"2024-10-14T13:29:07+00:00\",\"description\":\"Grand Perfume - air freshener for home or car, with special paper inside. Use as an air perfume or spray on the included paper.\",\"breadcrumb\":{\"@id\":\"https:\\\/\\\/elixscent.com\\\/product\\\/gp-gentleman\\\/#breadcrumb\"},\"inLanguage\":\"fr-FR\",\"potentialAction\":[{\"@type\":\"ReadAction\",\"target\":[\"https:\\\/\\\/elixscent.com\\\/product\\\/gp-gentleman\\\/\"]}]},{\"@type\":\"ImageObject\",\"inLanguage\":\"fr-FR\",\"@id\":\"https:\\\/\\\/elixscent.com\\\/product\\\/gp-gentleman\\\/#primaryimage\",\"url\":\"https:\\\/\\\/elixscent.com\\\/wp-content\\\/uploads\\\/CH_Gentleman_1.0.png\",\"contentUrl\":\"https:\\\/\\\/elixscent.com\\\/wp-content\\\/uploads\\\/CH_Gentleman_1.0.png\",\"width\":250,\"height\":672,\"caption\":\"CH Gentleman 1.0\"},{\"@type\":\"BreadcrumbList\",\"@id\":\"https:\\\/\\\/elixscent.com\\\/product\\\/gp-gentleman\\\/#breadcrumb\",\"itemListElement\":[{\"@type\":\"ListItem\",\"position\":1,\"name\":\"Home\",\"item\":\"https:\\\/\\\/elixscent.com\\\/\"},{\"@type\":\"ListItem\",\"position\":2,\"name\":\"Products\",\"item\":\"https:\\\/\\\/elixscent.com\\\/product\\\/\"},{\"@type\":\"ListItem\",\"position\":3,\"name\":\"SPRAY AIR FRESHENERS\",\"item\":\"https:\\\/\\\/elixscent.com\\\/product-category\\\/air-spray\\\/\"},{\"@type\":\"ListItem\",\"position\":4,\"name\":\"Grand Perfume\",\"item\":\"https:\\\/\\\/elixscent.com\\\/product-category\\\/gp\\\/\"},{\"@type\":\"ListItem\",\"position\":5,\"name\":\"GRAND Perfume Gentleman\"}]},{\"@type\":\"WebSite\",\"@id\":\"https:\\\/\\\/elixscent.com\\\/#website\",\"url\":\"https:\\\/\\\/elixscent.com\\\/\",\"name\":\"ELiX EU air fresheners\",\"description\":\"Air &amp; Fabric, Perfectly Fresh\",\"publisher\":{\"@id\":\"https:\\\/\\\/elixscent.com\\\/#organization\"},\"potentialAction\":[{\"@type\":\"SearchAction\",\"target\":{\"@type\":\"EntryPoint\",\"urlTemplate\":\"https:\\\/\\\/elixscent.com\\\/?s={search_term_string}\"},\"query-input\":{\"@type\":\"PropertyValueSpecification\",\"valueRequired\":true,\"valueName\":\"search_term_string\"}}],\"inLanguage\":\"fr-FR\"},{\"@type\":\"Organization\",\"@id\":\"https:\\\/\\\/elixscent.com\\\/#organization\",\"name\":\"ELIX air freshener manufacturer\",\"url\":\"https:\\\/\\\/elixscent.com\\\/\",\"logo\":{\"@type\":\"ImageObject\",\"inLanguage\":\"fr-FR\",\"@id\":\"https:\\\/\\\/elixscent.com\\\/#\\\/schema\\\/logo\\\/image\\\/\",\"url\":\"https:\\\/\\\/elixscent.com\\\/wp-content\\\/uploads\\\/elix_logo_1.0-_300.jpg\",\"contentUrl\":\"https:\\\/\\\/elixscent.com\\\/wp-content\\\/uploads\\\/elix_logo_1.0-_300.jpg\",\"width\":300,\"height\":257,\"caption\":\"ELIX air freshener manufacturer\"},\"image\":{\"@id\":\"https:\\\/\\\/elixscent.com\\\/#\\\/schema\\\/logo\\\/image\\\/\"},\"sameAs\":[\"https:\\\/\\\/www.linkedin.com\\\/company\\\/30084929\"]}]}<\/script>\n<!-- \/ Yoast SEO Premium plugin. -->","yoast_head_json":{"title":"GRAND Parfum Gentleman vaporisateur d'air par ELiX","description":"Grand Perfume - d\u00e9sodorisant pour la maison ou la voiture, avec papier sp\u00e9cial \u00e0 l'int\u00e9rieur. A utiliser comme parfum d'ambiance ou \u00e0 vaporiser sur le papier inclus.","robots":{"index":"index","follow":"follow","max-snippet":"max-snippet:-1","max-image-preview":"max-image-preview:large","max-video-preview":"max-video-preview:-1"},"canonical":"https:\/\/elixscent.com\/fr\/produit\/gp-gentleman\/","og_locale":"fr_FR","og_type":"article","og_title":"GRAND Perfume Gentleman","og_description":"Grand Perfume - air freshener for home or car, with special paper inside. Use as an air perfume or spray on the included paper.","og_url":"https:\/\/elixscent.com\/fr\/produit\/gp-gentleman\/","og_site_name":"ELiX EU air fresheners","article_modified_time":"2024-10-14T13:29:07+00:00","og_image":[{"width":250,"height":672,"url":"https:\/\/elixscent.com\/wp-content\/uploads\/CH_Gentleman_1.0.png","type":"image\/png"}],"twitter_card":"summary_large_image","twitter_misc":{"Dur\u00e9e de lecture estim\u00e9e":"1 minute"},"schema":{"@context":"https:\/\/schema.org","@graph":[{"@type":"WebPage","@id":"https:\/\/elixscent.com\/product\/gp-gentleman\/","url":"https:\/\/elixscent.com\/product\/gp-gentleman\/","name":"GRAND Parfum Gentleman vaporisateur d'air par ELiX","isPartOf":{"@id":"https:\/\/elixscent.com\/#website"},"primaryImageOfPage":{"@id":"https:\/\/elixscent.com\/product\/gp-gentleman\/#primaryimage"},"image":{"@id":"https:\/\/elixscent.com\/product\/gp-gentleman\/#primaryimage"},"thumbnailUrl":"https:\/\/elixscent.com\/wp-content\/uploads\/CH_Gentleman_1.0.png","datePublished":"2022-07-13T06:53:08+00:00","dateModified":"2024-10-14T13:29:07+00:00","description":"Grand Perfume - d\u00e9sodorisant pour la maison ou la voiture, avec papier sp\u00e9cial \u00e0 l'int\u00e9rieur. A utiliser comme parfum d'ambiance ou \u00e0 vaporiser sur le papier inclus.","breadcrumb":{"@id":"https:\/\/elixscent.com\/product\/gp-gentleman\/#breadcrumb"},"inLanguage":"fr-FR","potentialAction":[{"@type":"ReadAction","target":["https:\/\/elixscent.com\/product\/gp-gentleman\/"]}]},{"@type":"ImageObject","inLanguage":"fr-FR","@id":"https:\/\/elixscent.com\/product\/gp-gentleman\/#primaryimage","url":"https:\/\/elixscent.com\/wp-content\/uploads\/CH_Gentleman_1.0.png","contentUrl":"https:\/\/elixscent.com\/wp-content\/uploads\/CH_Gentleman_1.0.png","width":250,"height":672,"caption":"CH Gentleman 1.0"},{"@type":"BreadcrumbList","@id":"https:\/\/elixscent.com\/product\/gp-gentleman\/#breadcrumb","itemListElement":[{"@type":"ListItem","position":1,"name":"Home","item":"https:\/\/elixscent.com\/"},{"@type":"ListItem","position":2,"name":"Products","item":"https:\/\/elixscent.com\/product\/"},{"@type":"ListItem","position":3,"name":"SPRAY AIR FRESHENERS","item":"https:\/\/elixscent.com\/product-category\/air-spray\/"},{"@type":"ListItem","position":4,"name":"Grand Perfume","item":"https:\/\/elixscent.com\/product-category\/gp\/"},{"@type":"ListItem","position":5,"name":"GRAND Perfume Gentleman"}]},{"@type":"WebSite","@id":"https:\/\/elixscent.com\/#website","url":"https:\/\/elixscent.com\/","name":"D\u00e9sodorisants ELiX EU","description":"Air &amp; Tissus, Parfaitement frais","publisher":{"@id":"https:\/\/elixscent.com\/#organization"},"potentialAction":[{"@type":"SearchAction","target":{"@type":"EntryPoint","urlTemplate":"https:\/\/elixscent.com\/?s={search_term_string}"},"query-input":{"@type":"PropertyValueSpecification","valueRequired":true,"valueName":"search_term_string"}}],"inLanguage":"fr-FR"},{"@type":"Organization","@id":"https:\/\/elixscent.com\/#organization","name":"Fabricant de d\u00e9sodorisants ELIX","url":"https:\/\/elixscent.com\/","logo":{"@type":"ImageObject","inLanguage":"fr-FR","@id":"https:\/\/elixscent.com\/#\/schema\/logo\/image\/","url":"https:\/\/elixscent.com\/wp-content\/uploads\/elix_logo_1.0-_300.jpg","contentUrl":"https:\/\/elixscent.com\/wp-content\/uploads\/elix_logo_1.0-_300.jpg","width":300,"height":257,"caption":"ELIX air freshener manufacturer"},"image":{"@id":"https:\/\/elixscent.com\/#\/schema\/logo\/image\/"},"sameAs":["https:\/\/www.linkedin.com\/company\/30084929"]}]}},"_links":{"self":[{"href":"https:\/\/elixscent.com\/fr\/wp-json\/wp\/v2\/product\/25202","targetHints":{"allow":["GET"]}}],"collection":[{"href":"https:\/\/elixscent.com\/fr\/wp-json\/wp\/v2\/product"}],"about":[{"href":"https:\/\/elixscent.com\/fr\/wp-json\/wp\/v2\/types\/product"}],"version-history":[{"count":10,"href":"https:\/\/elixscent.com\/fr\/wp-json\/wp\/v2\/product\/25202\/revisions"}],"predecessor-version":[{"id":53387,"href":"https:\/\/elixscent.com\/fr\/wp-json\/wp\/v2\/product\/25202\/revisions\/53387"}],"wp:featuredmedia":[{"embeddable":true,"href":"https:\/\/elixscent.com\/fr\/wp-json\/wp\/v2\/media\/25311"}],"wp:attachment":[{"href":"https:\/\/elixscent.com\/fr\/wp-json\/wp\/v2\/media?parent=25202"}],"curies":[{"name":"wp","href":"https:\/\/api.w.org\/{rel}","templated":true}]}}