{"id":25076,"date":"2022-07-12T12:38:55","date_gmt":"2022-07-12T12:38:55","guid":{"rendered":"https:\/\/elixscent.com\/?post_type=product&#038;p=25076"},"modified":"2024-10-14T11:22:29","modified_gmt":"2024-10-14T11:22:29","slug":"sourire-nouvelle-voiture","status":"publish","type":"product","link":"https:\/\/elixscent.com\/fr\/product\/smile-new-car\/","title":{"rendered":"Fresh Smile New Car"},"content":{"rendered":"<p><span id=\"span-23-132\" class=\"ct-span oxy-stock-content-styles\">Combinaison unique de senteurs fra\u00eeches de citron et de pamplemousse avec des notes profondes de bois de c\u00e8dre et de santal. Cette combinaison sp\u00e9ciale de parfums et le graphisme agr\u00e9able du produit vont <strong>faire <\/strong><strong>vous souriez d'une oreille \u00e0 l'autre <\/strong>\u00e0 chaque fois que vous le regardez.<\/span><\/p>\n<p><span id=\"span-23-132\" class=\"ct-span oxy-stock-content-styles\"><em>&gt;&gt; Si vous voulez acheter, visitez notre magasin :<\/em> <strong><a class=\"_ps2id\" href=\"https:\/\/airfresh24.com\/products\/shop\/fresh-smile-cellulose-air-freshener\/\" data-ps2id-offset=\"\">www.airfresh24.com<\/a><\/strong><br \/>\n<\/span><\/p>","protected":false},"featured_media":27901,"parent":0,"menu_order":180,"template":"","class_list":["post-25076","product","type-product","status-publish","has-post-thumbnail","hentry","product_category-fresh-smile","product_category-paper-air-fresheners"],"acf":[],"yoast_head":"<!-- This site is optimized with the Yoast SEO Premium plugin v27.4 (Yoast SEO v27.5) - https:\/\/yoast.com\/product\/yoast-seo-premium-wordpress\/ -->\n<title>Paper air freshener New Car<\/title>\n<meta name=\"description\" content=\"The most popular form of air freshener. Longer refreshing effect due to special soaking formula. quality guaranteed by ELiX\" \/>\n<meta name=\"robots\" content=\"index, follow, max-snippet:-1, max-image-preview:large, max-video-preview:-1\" \/>\n<link rel=\"canonical\" href=\"https:\/\/elixscent.com\/fr\/produit\/sourire-nouvelle-voiture\/\" \/>\n<meta property=\"og:locale\" content=\"fr_FR\" \/>\n<meta property=\"og:type\" content=\"article\" \/>\n<meta property=\"og:title\" content=\"Fresh Smile New Car\" \/>\n<meta property=\"og:description\" content=\"The most popular form of air freshener. Longer refreshing effect due to special soaking formula. quality guaranteed by ELiX\" \/>\n<meta property=\"og:url\" content=\"https:\/\/elixscent.com\/fr\/produit\/sourire-nouvelle-voiture\/\" \/>\n<meta property=\"og:site_name\" content=\"ELiX EU air fresheners\" \/>\n<meta property=\"article:modified_time\" content=\"2024-10-14T11:22:29+00:00\" \/>\n<meta property=\"og:image\" content=\"https:\/\/elixscent.com\/wp-content\/uploads\/FS_newcar_headder_1.0.png\" \/>\n\t<meta property=\"og:image:width\" content=\"175\" \/>\n\t<meta property=\"og:image:height\" content=\"419\" \/>\n\t<meta property=\"og:image:type\" content=\"image\/png\" \/>\n<meta name=\"twitter:card\" content=\"summary_large_image\" \/>\n<meta name=\"twitter:label1\" content=\"Dur\u00e9e de lecture estim\u00e9e\" \/>\n\t<meta name=\"twitter:data1\" content=\"1 minute\" \/>\n<script type=\"application\/ld+json\" class=\"yoast-schema-graph\">{\"@context\":\"https:\\\/\\\/schema.org\",\"@graph\":[{\"@type\":\"WebPage\",\"@id\":\"https:\\\/\\\/elixscent.com\\\/product\\\/smile-new-car\\\/\",\"url\":\"https:\\\/\\\/elixscent.com\\\/product\\\/smile-new-car\\\/\",\"name\":\"Paper air freshener New Car\",\"isPartOf\":{\"@id\":\"https:\\\/\\\/elixscent.com\\\/#website\"},\"primaryImageOfPage\":{\"@id\":\"https:\\\/\\\/elixscent.com\\\/product\\\/smile-new-car\\\/#primaryimage\"},\"image\":{\"@id\":\"https:\\\/\\\/elixscent.com\\\/product\\\/smile-new-car\\\/#primaryimage\"},\"thumbnailUrl\":\"https:\\\/\\\/elixscent.com\\\/wp-content\\\/uploads\\\/FS_newcar_headder_1.0.png\",\"datePublished\":\"2022-07-12T12:38:55+00:00\",\"dateModified\":\"2024-10-14T11:22:29+00:00\",\"description\":\"The most popular form of air freshener. Longer refreshing effect due to special soaking formula. quality guaranteed by ELiX\",\"breadcrumb\":{\"@id\":\"https:\\\/\\\/elixscent.com\\\/product\\\/smile-new-car\\\/#breadcrumb\"},\"inLanguage\":\"fr-FR\",\"potentialAction\":[{\"@type\":\"ReadAction\",\"target\":[\"https:\\\/\\\/elixscent.com\\\/product\\\/smile-new-car\\\/\"]}]},{\"@type\":\"ImageObject\",\"inLanguage\":\"fr-FR\",\"@id\":\"https:\\\/\\\/elixscent.com\\\/product\\\/smile-new-car\\\/#primaryimage\",\"url\":\"https:\\\/\\\/elixscent.com\\\/wp-content\\\/uploads\\\/FS_newcar_headder_1.0.png\",\"contentUrl\":\"https:\\\/\\\/elixscent.com\\\/wp-content\\\/uploads\\\/FS_newcar_headder_1.0.png\",\"width\":175,\"height\":419,\"caption\":\"FS newcar headder 1.0\"},{\"@type\":\"BreadcrumbList\",\"@id\":\"https:\\\/\\\/elixscent.com\\\/product\\\/smile-new-car\\\/#breadcrumb\",\"itemListElement\":[{\"@type\":\"ListItem\",\"position\":1,\"name\":\"Home\",\"item\":\"https:\\\/\\\/elixscent.com\\\/\"},{\"@type\":\"ListItem\",\"position\":2,\"name\":\"Products\",\"item\":\"https:\\\/\\\/elixscent.com\\\/product\\\/\"},{\"@type\":\"ListItem\",\"position\":3,\"name\":\"Paper air fresheners\",\"item\":\"https:\\\/\\\/elixscent.com\\\/product-category\\\/paper-air-fresheners\\\/\"},{\"@type\":\"ListItem\",\"position\":4,\"name\":\"Fresh Smile\",\"item\":\"https:\\\/\\\/elixscent.com\\\/product-category\\\/fresh-smile\\\/\"},{\"@type\":\"ListItem\",\"position\":5,\"name\":\"Fresh Smile New Car\"}]},{\"@type\":\"WebSite\",\"@id\":\"https:\\\/\\\/elixscent.com\\\/#website\",\"url\":\"https:\\\/\\\/elixscent.com\\\/\",\"name\":\"ELiX EU air fresheners\",\"description\":\"Air &amp; Fabric, Perfectly Fresh\",\"publisher\":{\"@id\":\"https:\\\/\\\/elixscent.com\\\/#organization\"},\"potentialAction\":[{\"@type\":\"SearchAction\",\"target\":{\"@type\":\"EntryPoint\",\"urlTemplate\":\"https:\\\/\\\/elixscent.com\\\/?s={search_term_string}\"},\"query-input\":{\"@type\":\"PropertyValueSpecification\",\"valueRequired\":true,\"valueName\":\"search_term_string\"}}],\"inLanguage\":\"fr-FR\"},{\"@type\":\"Organization\",\"@id\":\"https:\\\/\\\/elixscent.com\\\/#organization\",\"name\":\"ELIX air freshener manufacturer\",\"url\":\"https:\\\/\\\/elixscent.com\\\/\",\"logo\":{\"@type\":\"ImageObject\",\"inLanguage\":\"fr-FR\",\"@id\":\"https:\\\/\\\/elixscent.com\\\/#\\\/schema\\\/logo\\\/image\\\/\",\"url\":\"https:\\\/\\\/elixscent.com\\\/wp-content\\\/uploads\\\/elix_logo_1.0-_300.jpg\",\"contentUrl\":\"https:\\\/\\\/elixscent.com\\\/wp-content\\\/uploads\\\/elix_logo_1.0-_300.jpg\",\"width\":300,\"height\":257,\"caption\":\"ELIX air freshener manufacturer\"},\"image\":{\"@id\":\"https:\\\/\\\/elixscent.com\\\/#\\\/schema\\\/logo\\\/image\\\/\"},\"sameAs\":[\"https:\\\/\\\/www.linkedin.com\\\/company\\\/30084929\"]}]}<\/script>\n<!-- \/ Yoast SEO Premium plugin. -->","yoast_head_json":{"title":"D\u00e9sodorisant en papier Nouvelle voiture","description":"La forme la plus populaire de d\u00e9sodorisant. Effet rafra\u00eechissant plus long gr\u00e2ce \u00e0 une formule de trempage sp\u00e9ciale. Qualit\u00e9 garantie par ELiX.","robots":{"index":"index","follow":"follow","max-snippet":"max-snippet:-1","max-image-preview":"max-image-preview:large","max-video-preview":"max-video-preview:-1"},"canonical":"https:\/\/elixscent.com\/fr\/produit\/sourire-nouvelle-voiture\/","og_locale":"fr_FR","og_type":"article","og_title":"Fresh Smile New Car","og_description":"The most popular form of air freshener. Longer refreshing effect due to special soaking formula. quality guaranteed by ELiX","og_url":"https:\/\/elixscent.com\/fr\/produit\/sourire-nouvelle-voiture\/","og_site_name":"ELiX EU air fresheners","article_modified_time":"2024-10-14T11:22:29+00:00","og_image":[{"width":175,"height":419,"url":"https:\/\/elixscent.com\/wp-content\/uploads\/FS_newcar_headder_1.0.png","type":"image\/png"}],"twitter_card":"summary_large_image","twitter_misc":{"Dur\u00e9e de lecture estim\u00e9e":"1 minute"},"schema":{"@context":"https:\/\/schema.org","@graph":[{"@type":"WebPage","@id":"https:\/\/elixscent.com\/product\/smile-new-car\/","url":"https:\/\/elixscent.com\/product\/smile-new-car\/","name":"D\u00e9sodorisant en papier Nouvelle voiture","isPartOf":{"@id":"https:\/\/elixscent.com\/#website"},"primaryImageOfPage":{"@id":"https:\/\/elixscent.com\/product\/smile-new-car\/#primaryimage"},"image":{"@id":"https:\/\/elixscent.com\/product\/smile-new-car\/#primaryimage"},"thumbnailUrl":"https:\/\/elixscent.com\/wp-content\/uploads\/FS_newcar_headder_1.0.png","datePublished":"2022-07-12T12:38:55+00:00","dateModified":"2024-10-14T11:22:29+00:00","description":"La forme la plus populaire de d\u00e9sodorisant. Effet rafra\u00eechissant plus long gr\u00e2ce \u00e0 une formule de trempage sp\u00e9ciale. Qualit\u00e9 garantie par ELiX.","breadcrumb":{"@id":"https:\/\/elixscent.com\/product\/smile-new-car\/#breadcrumb"},"inLanguage":"fr-FR","potentialAction":[{"@type":"ReadAction","target":["https:\/\/elixscent.com\/product\/smile-new-car\/"]}]},{"@type":"ImageObject","inLanguage":"fr-FR","@id":"https:\/\/elixscent.com\/product\/smile-new-car\/#primaryimage","url":"https:\/\/elixscent.com\/wp-content\/uploads\/FS_newcar_headder_1.0.png","contentUrl":"https:\/\/elixscent.com\/wp-content\/uploads\/FS_newcar_headder_1.0.png","width":175,"height":419,"caption":"FS newcar headder 1.0"},{"@type":"BreadcrumbList","@id":"https:\/\/elixscent.com\/product\/smile-new-car\/#breadcrumb","itemListElement":[{"@type":"ListItem","position":1,"name":"Home","item":"https:\/\/elixscent.com\/"},{"@type":"ListItem","position":2,"name":"Products","item":"https:\/\/elixscent.com\/product\/"},{"@type":"ListItem","position":3,"name":"Paper air fresheners","item":"https:\/\/elixscent.com\/product-category\/paper-air-fresheners\/"},{"@type":"ListItem","position":4,"name":"Fresh Smile","item":"https:\/\/elixscent.com\/product-category\/fresh-smile\/"},{"@type":"ListItem","position":5,"name":"Fresh Smile New Car"}]},{"@type":"WebSite","@id":"https:\/\/elixscent.com\/#website","url":"https:\/\/elixscent.com\/","name":"D\u00e9sodorisants ELiX EU","description":"Air &amp; Tissus, Parfaitement frais","publisher":{"@id":"https:\/\/elixscent.com\/#organization"},"potentialAction":[{"@type":"SearchAction","target":{"@type":"EntryPoint","urlTemplate":"https:\/\/elixscent.com\/?s={search_term_string}"},"query-input":{"@type":"PropertyValueSpecification","valueRequired":true,"valueName":"search_term_string"}}],"inLanguage":"fr-FR"},{"@type":"Organization","@id":"https:\/\/elixscent.com\/#organization","name":"Fabricant de d\u00e9sodorisants ELIX","url":"https:\/\/elixscent.com\/","logo":{"@type":"ImageObject","inLanguage":"fr-FR","@id":"https:\/\/elixscent.com\/#\/schema\/logo\/image\/","url":"https:\/\/elixscent.com\/wp-content\/uploads\/elix_logo_1.0-_300.jpg","contentUrl":"https:\/\/elixscent.com\/wp-content\/uploads\/elix_logo_1.0-_300.jpg","width":300,"height":257,"caption":"ELIX air freshener manufacturer"},"image":{"@id":"https:\/\/elixscent.com\/#\/schema\/logo\/image\/"},"sameAs":["https:\/\/www.linkedin.com\/company\/30084929"]}]}},"_links":{"self":[{"href":"https:\/\/elixscent.com\/fr\/wp-json\/wp\/v2\/product\/25076","targetHints":{"allow":["GET"]}}],"collection":[{"href":"https:\/\/elixscent.com\/fr\/wp-json\/wp\/v2\/product"}],"about":[{"href":"https:\/\/elixscent.com\/fr\/wp-json\/wp\/v2\/types\/product"}],"version-history":[{"count":16,"href":"https:\/\/elixscent.com\/fr\/wp-json\/wp\/v2\/product\/25076\/revisions"}],"predecessor-version":[{"id":53245,"href":"https:\/\/elixscent.com\/fr\/wp-json\/wp\/v2\/product\/25076\/revisions\/53245"}],"wp:featuredmedia":[{"embeddable":true,"href":"https:\/\/elixscent.com\/fr\/wp-json\/wp\/v2\/media\/27901"}],"wp:attachment":[{"href":"https:\/\/elixscent.com\/fr\/wp-json\/wp\/v2\/media?parent=25076"}],"curies":[{"name":"wp","href":"https:\/\/api.w.org\/{rel}","templated":true}]}}