{"id":58012,"date":"2025-06-10T11:49:12","date_gmt":"2025-06-10T11:49:12","guid":{"rendered":"https:\/\/elixscent.com\/?post_type=product&#038;p=58012"},"modified":"2026-01-20T13:35:16","modified_gmt":"2026-01-20T13:35:16","slug":"bonde-paper-car-perfume-aura-invencible","status":"publish","type":"product","link":"https:\/\/elixscent.com\/es\/product\/bonde-paper-car-perfume-invincible-aura\/","title":{"rendered":"Perfume de coche de papel BOND\u00c9 Aura invencible"},"content":{"rendered":"<h2 data-start=\"0\" data-end=\"67\">Aura invencible (inspirada en <em data-start=\"40\" data-end=\"50\">Invictus<\/em> de Paco Rabanne)<\/h2>\n<p data-start=\"69\" data-end=\"483\">Si lo que quieres es un aroma que al instante haga que el coche se sienta <strong data-start=\"131\" data-end=\"169\">fresco, en\u00e9rgico y \u201clisto para salir\u201d<\/strong> - sin oler barato o demasiado deportivo - <strong data-start=\"211\" data-end=\"230\">Aura invencible<\/strong> es tu jugada. Se abre con una elevaci\u00f3n fresca y picante y una fresca brisa marina, y luego se vuelve m\u00e1s suave y segura con un toque arom\u00e1tico. La base deja un rastro limpio y moderno: maderas, \u00e1mbar c\u00e1lido y un sutil dulzor que se mantiene controlado, no pegajoso.<\/p>\n<p data-start=\"485\" data-end=\"636\">Se siente como si estuvieras apuntando a una fragancia que dice <strong data-start=\"536\" data-end=\"573\">potencia + limpieza + rendimiento<\/strong>... y sigue trabajando todos los d\u00edas. <strong data-start=\"602\" data-end=\"636\">Eso es exactamente lo que hace esto.<\/strong><\/p>\n<p data-start=\"638\" data-end=\"766\"><em data-start=\"638\" data-end=\"766\">Inspirado en la fragancia mencionada anteriormente; BONDE no est\u00e1 afiliado, respaldado ni relacionado con el propietario de la marca respectiva.<\/em><\/p>\n<p data-start=\"638\" data-end=\"766\">\n<ul>\n<li data-start=\"1127\" data-end=\"1183\">\n<p data-start=\"1129\" data-end=\"1183\">Desea <strong data-start=\"1134\" data-end=\"1153\">fresco + acu\u00e1tico<\/strong>, \u00bfpero no \u201cgel de ducha azul\u201d?<\/p>\n<\/li>\n<li data-start=\"1184\" data-end=\"1251\">\n<p data-start=\"1186\" data-end=\"1251\">Buscando un aroma que se sienta <strong data-start=\"1217\" data-end=\"1227\">fuerte<\/strong>, pero se queda <strong data-start=\"1239\" data-end=\"1248\">limpiar<\/strong>?<\/p>\n<\/li>\n<li data-start=\"1252\" data-end=\"1325\">\n<p data-start=\"1254\" data-end=\"1325\">Necesito algo que funcione en el coche <strong data-start=\"1291\" data-end=\"1309\">todo el a\u00f1o<\/strong> - \u00bfcalor o fr\u00edo?<\/p>\n<\/li>\n<\/ul>","protected":false},"featured_media":60311,"parent":0,"menu_order":0,"template":"","class_list":["post-58012","product","type-product","status-publish","has-post-thumbnail","hentry","product_category-bonde","product_category-perfumery_inspired"],"acf":[],"yoast_head":"<!-- This site is optimized with the Yoast SEO Premium plugin v27.4 (Yoast SEO v27.5) - https:\/\/yoast.com\/product\/yoast-seo-premium-wordpress\/ -->\n<title>BONDE Invincible Aura \u2013 Luxury Paper Air Freshener<\/title>\n<meta name=\"description\" content=\"BONDE Invincible Aura: a luxury paper air freshener inspired by Invictus. Fresh citrus, cool aquatic notes and amber woods for a clean, powerful vibe.\" \/>\n<meta name=\"robots\" content=\"index, follow, max-snippet:-1, max-image-preview:large, max-video-preview:-1\" \/>\n<link rel=\"canonical\" href=\"https:\/\/elixscent.com\/es\/producto\/bonde-paper-car-perfume-aura-invencible\/\" \/>\n<meta property=\"og:locale\" content=\"es_ES\" \/>\n<meta property=\"og:type\" content=\"article\" \/>\n<meta property=\"og:title\" content=\"BOND\u00c9 Paper Car Perfume Invincible aura\" \/>\n<meta property=\"og:description\" content=\"BONDE Invincible Aura: a luxury paper air freshener inspired by Invictus. Fresh citrus, cool aquatic notes and amber woods for a clean, powerful vibe.\" \/>\n<meta property=\"og:url\" content=\"https:\/\/elixscent.com\/es\/producto\/bonde-paper-car-perfume-aura-invencible\/\" \/>\n<meta property=\"og:site_name\" content=\"ELiX EU air fresheners\" \/>\n<meta property=\"article:modified_time\" content=\"2026-01-20T13:35:16+00:00\" \/>\n<meta property=\"og:image\" content=\"https:\/\/elixscent.com\/wp-content\/uploads\/WEBP_BONDE_invincible_aura_1.0-scaled.webp\" \/>\n\t<meta property=\"og:image:width\" content=\"2560\" \/>\n\t<meta property=\"og:image:height\" content=\"2560\" \/>\n\t<meta property=\"og:image:type\" content=\"image\/webp\" \/>\n<meta name=\"twitter:card\" content=\"summary_large_image\" \/>\n<meta name=\"twitter:label1\" content=\"Tiempo de lectura\" \/>\n\t<meta name=\"twitter:data1\" content=\"2 minutos\" \/>\n<script type=\"application\/ld+json\" class=\"yoast-schema-graph\">{\"@context\":\"https:\\\/\\\/schema.org\",\"@graph\":[{\"@type\":\"WebPage\",\"@id\":\"https:\\\/\\\/elixscent.com\\\/product\\\/bonde-paper-car-perfume-invincible-aura\\\/\",\"url\":\"https:\\\/\\\/elixscent.com\\\/product\\\/bonde-paper-car-perfume-invincible-aura\\\/\",\"name\":\"BONDE Invincible Aura \u2013 Luxury Paper Air Freshener\",\"isPartOf\":{\"@id\":\"https:\\\/\\\/elixscent.com\\\/#website\"},\"primaryImageOfPage\":{\"@id\":\"https:\\\/\\\/elixscent.com\\\/product\\\/bonde-paper-car-perfume-invincible-aura\\\/#primaryimage\"},\"image\":{\"@id\":\"https:\\\/\\\/elixscent.com\\\/product\\\/bonde-paper-car-perfume-invincible-aura\\\/#primaryimage\"},\"thumbnailUrl\":\"https:\\\/\\\/elixscent.com\\\/wp-content\\\/uploads\\\/WEBP_BONDE_invincible_aura_1.0-scaled.webp\",\"datePublished\":\"2025-06-10T11:49:12+00:00\",\"dateModified\":\"2026-01-20T13:35:16+00:00\",\"description\":\"BONDE Invincible Aura: a luxury paper air freshener inspired by Invictus. Fresh citrus, cool aquatic notes and amber woods for a clean, powerful vibe.\",\"breadcrumb\":{\"@id\":\"https:\\\/\\\/elixscent.com\\\/product\\\/bonde-paper-car-perfume-invincible-aura\\\/#breadcrumb\"},\"inLanguage\":\"es\",\"potentialAction\":[{\"@type\":\"ReadAction\",\"target\":[\"https:\\\/\\\/elixscent.com\\\/product\\\/bonde-paper-car-perfume-invincible-aura\\\/\"]}]},{\"@type\":\"ImageObject\",\"inLanguage\":\"es\",\"@id\":\"https:\\\/\\\/elixscent.com\\\/product\\\/bonde-paper-car-perfume-invincible-aura\\\/#primaryimage\",\"url\":\"https:\\\/\\\/elixscent.com\\\/wp-content\\\/uploads\\\/WEBP_BONDE_invincible_aura_1.0-scaled.webp\",\"contentUrl\":\"https:\\\/\\\/elixscent.com\\\/wp-content\\\/uploads\\\/WEBP_BONDE_invincible_aura_1.0-scaled.webp\",\"width\":2560,\"height\":2560,\"caption\":\"BONDE Invincible Aura luxury paper air freshener \u2013 fresh aquatic citrus amber woods inspired scent\"},{\"@type\":\"BreadcrumbList\",\"@id\":\"https:\\\/\\\/elixscent.com\\\/product\\\/bonde-paper-car-perfume-invincible-aura\\\/#breadcrumb\",\"itemListElement\":[{\"@type\":\"ListItem\",\"position\":1,\"name\":\"Home\",\"item\":\"https:\\\/\\\/elixscent.com\\\/\"},{\"@type\":\"ListItem\",\"position\":2,\"name\":\"Products\",\"item\":\"https:\\\/\\\/elixscent.com\\\/product\\\/\"},{\"@type\":\"ListItem\",\"position\":3,\"name\":\"Perfumery-Inspired\",\"item\":\"https:\\\/\\\/elixscent.com\\\/product-category\\\/perfumery_inspired\\\/\"},{\"@type\":\"ListItem\",\"position\":4,\"name\":\"BOND\u00c9 Paper Car Perfume\",\"item\":\"https:\\\/\\\/elixscent.com\\\/product-category\\\/bonde\\\/\"},{\"@type\":\"ListItem\",\"position\":5,\"name\":\"BOND\u00c9 Paper Car Perfume Invincible aura\"}]},{\"@type\":\"WebSite\",\"@id\":\"https:\\\/\\\/elixscent.com\\\/#website\",\"url\":\"https:\\\/\\\/elixscent.com\\\/\",\"name\":\"ELiX EU air fresheners\",\"description\":\"Air &amp; Fabric, Perfectly Fresh\",\"publisher\":{\"@id\":\"https:\\\/\\\/elixscent.com\\\/#organization\"},\"potentialAction\":[{\"@type\":\"SearchAction\",\"target\":{\"@type\":\"EntryPoint\",\"urlTemplate\":\"https:\\\/\\\/elixscent.com\\\/?s={search_term_string}\"},\"query-input\":{\"@type\":\"PropertyValueSpecification\",\"valueRequired\":true,\"valueName\":\"search_term_string\"}}],\"inLanguage\":\"es\"},{\"@type\":\"Organization\",\"@id\":\"https:\\\/\\\/elixscent.com\\\/#organization\",\"name\":\"ELIX air freshener manufacturer\",\"url\":\"https:\\\/\\\/elixscent.com\\\/\",\"logo\":{\"@type\":\"ImageObject\",\"inLanguage\":\"es\",\"@id\":\"https:\\\/\\\/elixscent.com\\\/#\\\/schema\\\/logo\\\/image\\\/\",\"url\":\"https:\\\/\\\/elixscent.com\\\/wp-content\\\/uploads\\\/elix_logo_1.0-_300.jpg\",\"contentUrl\":\"https:\\\/\\\/elixscent.com\\\/wp-content\\\/uploads\\\/elix_logo_1.0-_300.jpg\",\"width\":300,\"height\":257,\"caption\":\"ELIX air freshener manufacturer\"},\"image\":{\"@id\":\"https:\\\/\\\/elixscent.com\\\/#\\\/schema\\\/logo\\\/image\\\/\"},\"sameAs\":[\"https:\\\/\\\/www.linkedin.com\\\/company\\\/30084929\"]}]}<\/script>\n<!-- \/ Yoast SEO Premium plugin. -->","yoast_head_json":{"title":"BONDE Invincible Aura - Ambientador de Papel de Lujo","description":"BONDE Invincible Aura: un ambientador de papel de lujo inspirado en Invictus. C\u00edtricos frescos, notas acu\u00e1ticas frescas y maderas ambarinas para un ambiente limpio y poderoso.","robots":{"index":"index","follow":"follow","max-snippet":"max-snippet:-1","max-image-preview":"max-image-preview:large","max-video-preview":"max-video-preview:-1"},"canonical":"https:\/\/elixscent.com\/es\/producto\/bonde-paper-car-perfume-aura-invencible\/","og_locale":"es_ES","og_type":"article","og_title":"BOND\u00c9 Paper Car Perfume Invincible aura","og_description":"BONDE Invincible Aura: a luxury paper air freshener inspired by Invictus. Fresh citrus, cool aquatic notes and amber woods for a clean, powerful vibe.","og_url":"https:\/\/elixscent.com\/es\/producto\/bonde-paper-car-perfume-aura-invencible\/","og_site_name":"ELiX EU air fresheners","article_modified_time":"2026-01-20T13:35:16+00:00","og_image":[{"width":2560,"height":2560,"url":"https:\/\/elixscent.com\/wp-content\/uploads\/WEBP_BONDE_invincible_aura_1.0-scaled.webp","type":"image\/webp"}],"twitter_card":"summary_large_image","twitter_misc":{"Tiempo de lectura":"2 minutos"},"schema":{"@context":"https:\/\/schema.org","@graph":[{"@type":"WebPage","@id":"https:\/\/elixscent.com\/product\/bonde-paper-car-perfume-invincible-aura\/","url":"https:\/\/elixscent.com\/product\/bonde-paper-car-perfume-invincible-aura\/","name":"BONDE Invincible Aura - Ambientador de Papel de Lujo","isPartOf":{"@id":"https:\/\/elixscent.com\/#website"},"primaryImageOfPage":{"@id":"https:\/\/elixscent.com\/product\/bonde-paper-car-perfume-invincible-aura\/#primaryimage"},"image":{"@id":"https:\/\/elixscent.com\/product\/bonde-paper-car-perfume-invincible-aura\/#primaryimage"},"thumbnailUrl":"https:\/\/elixscent.com\/wp-content\/uploads\/WEBP_BONDE_invincible_aura_1.0-scaled.webp","datePublished":"2025-06-10T11:49:12+00:00","dateModified":"2026-01-20T13:35:16+00:00","description":"BONDE Invincible Aura: un ambientador de papel de lujo inspirado en Invictus. C\u00edtricos frescos, notas acu\u00e1ticas frescas y maderas ambarinas para un ambiente limpio y poderoso.","breadcrumb":{"@id":"https:\/\/elixscent.com\/product\/bonde-paper-car-perfume-invincible-aura\/#breadcrumb"},"inLanguage":"es","potentialAction":[{"@type":"ReadAction","target":["https:\/\/elixscent.com\/product\/bonde-paper-car-perfume-invincible-aura\/"]}]},{"@type":"ImageObject","inLanguage":"es","@id":"https:\/\/elixscent.com\/product\/bonde-paper-car-perfume-invincible-aura\/#primaryimage","url":"https:\/\/elixscent.com\/wp-content\/uploads\/WEBP_BONDE_invincible_aura_1.0-scaled.webp","contentUrl":"https:\/\/elixscent.com\/wp-content\/uploads\/WEBP_BONDE_invincible_aura_1.0-scaled.webp","width":2560,"height":2560,"caption":"BONDE Invincible Aura luxury paper air freshener \u2013 fresh aquatic citrus amber woods inspired scent"},{"@type":"BreadcrumbList","@id":"https:\/\/elixscent.com\/product\/bonde-paper-car-perfume-invincible-aura\/#breadcrumb","itemListElement":[{"@type":"ListItem","position":1,"name":"Home","item":"https:\/\/elixscent.com\/"},{"@type":"ListItem","position":2,"name":"Products","item":"https:\/\/elixscent.com\/product\/"},{"@type":"ListItem","position":3,"name":"Perfumery-Inspired","item":"https:\/\/elixscent.com\/product-category\/perfumery_inspired\/"},{"@type":"ListItem","position":4,"name":"BOND\u00c9 Paper Car Perfume","item":"https:\/\/elixscent.com\/product-category\/bonde\/"},{"@type":"ListItem","position":5,"name":"BOND\u00c9 Paper Car Perfume Invincible aura"}]},{"@type":"WebSite","@id":"https:\/\/elixscent.com\/#website","url":"https:\/\/elixscent.com\/","name":"Ambientadores ELiX EU","description":"Aire y Tejido, Perfectamente Fresco","publisher":{"@id":"https:\/\/elixscent.com\/#organization"},"potentialAction":[{"@type":"SearchAction","target":{"@type":"EntryPoint","urlTemplate":"https:\/\/elixscent.com\/?s={search_term_string}"},"query-input":{"@type":"PropertyValueSpecification","valueRequired":true,"valueName":"search_term_string"}}],"inLanguage":"es"},{"@type":"Organization","@id":"https:\/\/elixscent.com\/#organization","name":"Fabricante de ambientadores ELIX","url":"https:\/\/elixscent.com\/","logo":{"@type":"ImageObject","inLanguage":"es","@id":"https:\/\/elixscent.com\/#\/schema\/logo\/image\/","url":"https:\/\/elixscent.com\/wp-content\/uploads\/elix_logo_1.0-_300.jpg","contentUrl":"https:\/\/elixscent.com\/wp-content\/uploads\/elix_logo_1.0-_300.jpg","width":300,"height":257,"caption":"ELIX air freshener manufacturer"},"image":{"@id":"https:\/\/elixscent.com\/#\/schema\/logo\/image\/"},"sameAs":["https:\/\/www.linkedin.com\/company\/30084929"]}]}},"_links":{"self":[{"href":"https:\/\/elixscent.com\/es\/wp-json\/wp\/v2\/product\/58012","targetHints":{"allow":["GET"]}}],"collection":[{"href":"https:\/\/elixscent.com\/es\/wp-json\/wp\/v2\/product"}],"about":[{"href":"https:\/\/elixscent.com\/es\/wp-json\/wp\/v2\/types\/product"}],"version-history":[{"count":4,"href":"https:\/\/elixscent.com\/es\/wp-json\/wp\/v2\/product\/58012\/revisions"}],"predecessor-version":[{"id":60317,"href":"https:\/\/elixscent.com\/es\/wp-json\/wp\/v2\/product\/58012\/revisions\/60317"}],"wp:featuredmedia":[{"embeddable":true,"href":"https:\/\/elixscent.com\/es\/wp-json\/wp\/v2\/media\/60311"}],"wp:attachment":[{"href":"https:\/\/elixscent.com\/es\/wp-json\/wp\/v2\/media?parent=58012"}],"curies":[{"name":"wp","href":"https:\/\/api.w.org\/{rel}","templated":true}]}}