{"id":57843,"date":"2025-05-30T07:56:36","date_gmt":"2025-05-30T07:56:36","guid":{"rendered":"https:\/\/elixscent.com\/?post_type=product&#038;p=57843"},"modified":"2025-08-01T06:58:56","modified_gmt":"2025-08-01T06:58:56","slug":"aura-intenso-platino","status":"publish","type":"product","link":"https:\/\/elixscent.com\/es\/product\/aura-intense-platinium\/","title":{"rendered":"AURA INTENSE Platinium"},"content":{"rendered":"<p><strong>AURA INTENSE - Platinium Mirage | Ambientador de coche con membrana 9 ml<\/strong><\/p>\n<p>Experimente la elegancia de una colonia de lujo cada vez que conduzca. <strong>Espejismo de platino<\/strong> capas de chispeante bergamota y crujientes aldeh\u00eddos met\u00e1licos sobre un coraz\u00f3n de lavanda y neroli, anclado por suave s\u00e1ndalo, \u00e1mbar y limpio almizcle blanco. Nuestro <strong>C\u00e1psula de membrana de 9 ml<\/strong> difunde mol\u00e9culas de perfume puro a una velocidad calibrada, envolviendo su cabina con un aroma refinado y duradero para <strong>60 + d\u00edas<\/strong>-nunca abrumadora, nunca se desvanece pronto.<\/p>\n<h3>\u00bfPor qu\u00e9 elegir AURA INTENSE Platinium Mirage?<\/h3>\n<ul>\n<li><strong>La mayor carga de aceite de 9 ml del segmento<\/strong> - triplican la masa de fragancia de las t\u00edpicas pinzas de membrana para una difusi\u00f3n m\u00e1s rica.<\/li>\n<li><strong>Tecnolog\u00eda avanzada de membrana polim\u00e9rica<\/strong> - proporciona un aroma constante sin fugas, derrames, pilas ni aerosoles.<\/li>\n<li><strong>Durabilidad de 60 d\u00edas comprobada en laboratorio<\/strong> tanto en el calor del verano como en el fr\u00edo del invierno.<\/li>\n<li><strong>Fabricado en Europa por ELiX<\/strong>con certificaci\u00f3n ISO <strong>fabricante de ambientadores<\/strong> centrada en fragancias innovadoras para autom\u00f3viles con bajo contenido en COV.<\/li>\n<li><strong>Clip de ventilaci\u00f3n delgado<\/strong> se instala en segundos y es totalmente reciclable.<\/li>\n<\/ul>\n<p>&nbsp;<\/p>\n<p>ambientador de coche de membrana, aroma de coche Platinium Mirage, fragancia de colonia de lujo, 9 ml, ambientador de larga duraci\u00f3n 60 d\u00edas, fabricante europeo de ambientadores, c\u00e1psula herm\u00e9tica, tecnolog\u00eda innovadora para el cuidado del aire<\/p>","protected":false},"featured_media":57844,"parent":0,"menu_order":0,"template":"","class_list":["post-57843","product","type-product","status-publish","has-post-thumbnail","hentry","product_category-aura","product_category-membrane"],"acf":[],"yoast_head":"<!-- This site is optimized with the Yoast SEO Premium plugin v27.4 (Yoast SEO v27.4) - https:\/\/yoast.com\/product\/yoast-seo-premium-wordpress\/ -->\n<title>AURA INTENSE Platinium - ELiX EU air fresheners<\/title>\n<meta name=\"description\" content=\"AURA INTENSE Platinium Mirage \u2013 9 ml membrane car air freshener by ELiX. Leak-proof capsule delivers luxury cologne scent for 60 + days\" \/>\n<meta name=\"robots\" content=\"index, follow, max-snippet:-1, max-image-preview:large, max-video-preview:-1\" \/>\n<link rel=\"canonical\" href=\"https:\/\/elixscent.com\/es\/producto\/aura-intenso-platino\/\" \/>\n<meta property=\"og:locale\" content=\"es_ES\" \/>\n<meta property=\"og:type\" content=\"article\" \/>\n<meta property=\"og:title\" content=\"AURA INTENSE Platinium\" \/>\n<meta property=\"og:description\" content=\"AURA INTENSE Platinium Mirage \u2013 9 ml membrane car air freshener by ELiX. Leak-proof capsule delivers luxury cologne scent for 60 + days\" \/>\n<meta property=\"og:url\" content=\"https:\/\/elixscent.com\/es\/producto\/aura-intenso-platino\/\" \/>\n<meta property=\"og:site_name\" content=\"ELiX EU air fresheners\" \/>\n<meta property=\"article:modified_time\" content=\"2025-08-01T06:58:56+00:00\" \/>\n<meta property=\"og:image\" content=\"https:\/\/elixscent.com\/wp-content\/uploads\/WEBP_AURA_platinum_headder_1.0.webp\" \/>\n\t<meta property=\"og:image:width\" content=\"300\" \/>\n\t<meta property=\"og:image:height\" content=\"732\" \/>\n\t<meta property=\"og:image:type\" content=\"image\/webp\" \/>\n<meta name=\"twitter:card\" content=\"summary_large_image\" \/>\n<meta name=\"twitter:label1\" content=\"Tiempo de lectura\" \/>\n\t<meta name=\"twitter:data1\" content=\"2 minutos\" \/>\n<script type=\"application\/ld+json\" class=\"yoast-schema-graph\">{\"@context\":\"https:\\\/\\\/schema.org\",\"@graph\":[{\"@type\":\"WebPage\",\"@id\":\"https:\\\/\\\/elixscent.com\\\/product\\\/aura-intense-platinium\\\/\",\"url\":\"https:\\\/\\\/elixscent.com\\\/product\\\/aura-intense-platinium\\\/\",\"name\":\"AURA INTENSE Platinium - ELiX EU air fresheners\",\"isPartOf\":{\"@id\":\"https:\\\/\\\/elixscent.com\\\/#website\"},\"primaryImageOfPage\":{\"@id\":\"https:\\\/\\\/elixscent.com\\\/product\\\/aura-intense-platinium\\\/#primaryimage\"},\"image\":{\"@id\":\"https:\\\/\\\/elixscent.com\\\/product\\\/aura-intense-platinium\\\/#primaryimage\"},\"thumbnailUrl\":\"https:\\\/\\\/elixscent.com\\\/wp-content\\\/uploads\\\/WEBP_AURA_platinum_headder_1.0.webp\",\"datePublished\":\"2025-05-30T07:56:36+00:00\",\"dateModified\":\"2025-08-01T06:58:56+00:00\",\"description\":\"AURA INTENSE Platinium Mirage \u2013 9 ml membrane car air freshener by ELiX. Leak-proof capsule delivers luxury cologne scent for 60 + days\",\"breadcrumb\":{\"@id\":\"https:\\\/\\\/elixscent.com\\\/product\\\/aura-intense-platinium\\\/#breadcrumb\"},\"inLanguage\":\"es\",\"potentialAction\":[{\"@type\":\"ReadAction\",\"target\":[\"https:\\\/\\\/elixscent.com\\\/product\\\/aura-intense-platinium\\\/\"]}]},{\"@type\":\"ImageObject\",\"inLanguage\":\"es\",\"@id\":\"https:\\\/\\\/elixscent.com\\\/product\\\/aura-intense-platinium\\\/#primaryimage\",\"url\":\"https:\\\/\\\/elixscent.com\\\/wp-content\\\/uploads\\\/WEBP_AURA_platinum_headder_1.0.webp\",\"contentUrl\":\"https:\\\/\\\/elixscent.com\\\/wp-content\\\/uploads\\\/WEBP_AURA_platinum_headder_1.0.webp\",\"width\":300,\"height\":732,\"caption\":\"WEBP AURA platinum headder 1.0\"},{\"@type\":\"BreadcrumbList\",\"@id\":\"https:\\\/\\\/elixscent.com\\\/product\\\/aura-intense-platinium\\\/#breadcrumb\",\"itemListElement\":[{\"@type\":\"ListItem\",\"position\":1,\"name\":\"Home\",\"item\":\"https:\\\/\\\/elixscent.com\\\/\"},{\"@type\":\"ListItem\",\"position\":2,\"name\":\"Products\",\"item\":\"https:\\\/\\\/elixscent.com\\\/product\\\/\"},{\"@type\":\"ListItem\",\"position\":3,\"name\":\"MEMBRANE air fresheners\",\"item\":\"https:\\\/\\\/elixscent.com\\\/product-category\\\/membrane\\\/\"},{\"@type\":\"ListItem\",\"position\":4,\"name\":\"AURA intense car perfume\",\"item\":\"https:\\\/\\\/elixscent.com\\\/product-category\\\/aura\\\/\"},{\"@type\":\"ListItem\",\"position\":5,\"name\":\"AURA INTENSE Platinium\"}]},{\"@type\":\"WebSite\",\"@id\":\"https:\\\/\\\/elixscent.com\\\/#website\",\"url\":\"https:\\\/\\\/elixscent.com\\\/\",\"name\":\"ELiX EU air fresheners\",\"description\":\"Air &amp; Fabric, Perfectly Fresh\",\"publisher\":{\"@id\":\"https:\\\/\\\/elixscent.com\\\/#organization\"},\"potentialAction\":[{\"@type\":\"SearchAction\",\"target\":{\"@type\":\"EntryPoint\",\"urlTemplate\":\"https:\\\/\\\/elixscent.com\\\/?s={search_term_string}\"},\"query-input\":{\"@type\":\"PropertyValueSpecification\",\"valueRequired\":true,\"valueName\":\"search_term_string\"}}],\"inLanguage\":\"es\"},{\"@type\":\"Organization\",\"@id\":\"https:\\\/\\\/elixscent.com\\\/#organization\",\"name\":\"ELIX air freshener manufacturer\",\"url\":\"https:\\\/\\\/elixscent.com\\\/\",\"logo\":{\"@type\":\"ImageObject\",\"inLanguage\":\"es\",\"@id\":\"https:\\\/\\\/elixscent.com\\\/#\\\/schema\\\/logo\\\/image\\\/\",\"url\":\"https:\\\/\\\/elixscent.com\\\/wp-content\\\/uploads\\\/elix_logo_1.0-_300.jpg\",\"contentUrl\":\"https:\\\/\\\/elixscent.com\\\/wp-content\\\/uploads\\\/elix_logo_1.0-_300.jpg\",\"width\":300,\"height\":257,\"caption\":\"ELIX air freshener manufacturer\"},\"image\":{\"@id\":\"https:\\\/\\\/elixscent.com\\\/#\\\/schema\\\/logo\\\/image\\\/\"},\"sameAs\":[\"https:\\\/\\\/www.linkedin.com\\\/company\\\/30084929\"]}]}<\/script>\n<!-- \/ Yoast SEO Premium plugin. -->","yoast_head_json":{"title":"AURA INTENSE Platinium - Ambientadores ELiX EU","description":"AURA INTENSE Platinium Mirage - Ambientador de coche de membrana de 9 ml de ELiX. C\u00e1psula a prueba de fugas que proporciona un aroma de colonia de lujo durante 60 + d\u00edas.","robots":{"index":"index","follow":"follow","max-snippet":"max-snippet:-1","max-image-preview":"max-image-preview:large","max-video-preview":"max-video-preview:-1"},"canonical":"https:\/\/elixscent.com\/es\/producto\/aura-intenso-platino\/","og_locale":"es_ES","og_type":"article","og_title":"AURA INTENSE Platinium","og_description":"AURA INTENSE Platinium Mirage \u2013 9 ml membrane car air freshener by ELiX. Leak-proof capsule delivers luxury cologne scent for 60 + days","og_url":"https:\/\/elixscent.com\/es\/producto\/aura-intenso-platino\/","og_site_name":"ELiX EU air fresheners","article_modified_time":"2025-08-01T06:58:56+00:00","og_image":[{"width":300,"height":732,"url":"https:\/\/elixscent.com\/wp-content\/uploads\/WEBP_AURA_platinum_headder_1.0.webp","type":"image\/webp"}],"twitter_card":"summary_large_image","twitter_misc":{"Tiempo de lectura":"2 minutos"},"schema":{"@context":"https:\/\/schema.org","@graph":[{"@type":"WebPage","@id":"https:\/\/elixscent.com\/product\/aura-intense-platinium\/","url":"https:\/\/elixscent.com\/product\/aura-intense-platinium\/","name":"AURA INTENSE Platinium - Ambientadores ELiX EU","isPartOf":{"@id":"https:\/\/elixscent.com\/#website"},"primaryImageOfPage":{"@id":"https:\/\/elixscent.com\/product\/aura-intense-platinium\/#primaryimage"},"image":{"@id":"https:\/\/elixscent.com\/product\/aura-intense-platinium\/#primaryimage"},"thumbnailUrl":"https:\/\/elixscent.com\/wp-content\/uploads\/WEBP_AURA_platinum_headder_1.0.webp","datePublished":"2025-05-30T07:56:36+00:00","dateModified":"2025-08-01T06:58:56+00:00","description":"AURA INTENSE Platinium Mirage - Ambientador de coche de membrana de 9 ml de ELiX. C\u00e1psula a prueba de fugas que proporciona un aroma de colonia de lujo durante 60 + d\u00edas.","breadcrumb":{"@id":"https:\/\/elixscent.com\/product\/aura-intense-platinium\/#breadcrumb"},"inLanguage":"es","potentialAction":[{"@type":"ReadAction","target":["https:\/\/elixscent.com\/product\/aura-intense-platinium\/"]}]},{"@type":"ImageObject","inLanguage":"es","@id":"https:\/\/elixscent.com\/product\/aura-intense-platinium\/#primaryimage","url":"https:\/\/elixscent.com\/wp-content\/uploads\/WEBP_AURA_platinum_headder_1.0.webp","contentUrl":"https:\/\/elixscent.com\/wp-content\/uploads\/WEBP_AURA_platinum_headder_1.0.webp","width":300,"height":732,"caption":"WEBP AURA platinum headder 1.0"},{"@type":"BreadcrumbList","@id":"https:\/\/elixscent.com\/product\/aura-intense-platinium\/#breadcrumb","itemListElement":[{"@type":"ListItem","position":1,"name":"Home","item":"https:\/\/elixscent.com\/"},{"@type":"ListItem","position":2,"name":"Products","item":"https:\/\/elixscent.com\/product\/"},{"@type":"ListItem","position":3,"name":"MEMBRANE air fresheners","item":"https:\/\/elixscent.com\/product-category\/membrane\/"},{"@type":"ListItem","position":4,"name":"AURA intense car perfume","item":"https:\/\/elixscent.com\/product-category\/aura\/"},{"@type":"ListItem","position":5,"name":"AURA INTENSE Platinium"}]},{"@type":"WebSite","@id":"https:\/\/elixscent.com\/#website","url":"https:\/\/elixscent.com\/","name":"Ambientadores ELiX EU","description":"Aire y Tejido, Perfectamente Fresco","publisher":{"@id":"https:\/\/elixscent.com\/#organization"},"potentialAction":[{"@type":"SearchAction","target":{"@type":"EntryPoint","urlTemplate":"https:\/\/elixscent.com\/?s={search_term_string}"},"query-input":{"@type":"PropertyValueSpecification","valueRequired":true,"valueName":"search_term_string"}}],"inLanguage":"es"},{"@type":"Organization","@id":"https:\/\/elixscent.com\/#organization","name":"Fabricante de ambientadores ELIX","url":"https:\/\/elixscent.com\/","logo":{"@type":"ImageObject","inLanguage":"es","@id":"https:\/\/elixscent.com\/#\/schema\/logo\/image\/","url":"https:\/\/elixscent.com\/wp-content\/uploads\/elix_logo_1.0-_300.jpg","contentUrl":"https:\/\/elixscent.com\/wp-content\/uploads\/elix_logo_1.0-_300.jpg","width":300,"height":257,"caption":"ELIX air freshener manufacturer"},"image":{"@id":"https:\/\/elixscent.com\/#\/schema\/logo\/image\/"},"sameAs":["https:\/\/www.linkedin.com\/company\/30084929"]}]}},"_links":{"self":[{"href":"https:\/\/elixscent.com\/es\/wp-json\/wp\/v2\/product\/57843","targetHints":{"allow":["GET"]}}],"collection":[{"href":"https:\/\/elixscent.com\/es\/wp-json\/wp\/v2\/product"}],"about":[{"href":"https:\/\/elixscent.com\/es\/wp-json\/wp\/v2\/types\/product"}],"version-history":[{"count":2,"href":"https:\/\/elixscent.com\/es\/wp-json\/wp\/v2\/product\/57843\/revisions"}],"predecessor-version":[{"id":58672,"href":"https:\/\/elixscent.com\/es\/wp-json\/wp\/v2\/product\/57843\/revisions\/58672"}],"wp:featuredmedia":[{"embeddable":true,"href":"https:\/\/elixscent.com\/es\/wp-json\/wp\/v2\/media\/57844"}],"wp:attachment":[{"href":"https:\/\/elixscent.com\/es\/wp-json\/wp\/v2\/media?parent=57843"}],"curies":[{"name":"wp","href":"https:\/\/api.w.org\/{rel}","templated":true}]}}