{"id":54827,"date":"2024-12-05T10:54:44","date_gmt":"2024-12-05T10:54:44","guid":{"rendered":"https:\/\/elixscent.com\/?post_type=product&#038;p=54827"},"modified":"2025-12-04T07:26:32","modified_gmt":"2025-12-04T07:26:32","slug":"amarella-250-classic","status":"publish","type":"product","link":"https:\/\/elixscent.com\/es\/product\/amarella-250-classic\/","title":{"rendered":"AMARELLA 250 Classic"},"content":{"rendered":"<p>Descubra Classic: el aroma puro y limpio de la ropa reci\u00e9n lavada.<\/p>\n<p><strong>M\u00e1xima potencia de fragancia: \u00a1ahora en una f\u00f3rmula m\u00e1s concentrada!<\/strong><\/p>\n<p><strong>AMARELLA 250 ml<\/strong> es un perfume premium para la colada que proporciona un aroma intenso y duradero y una eficacia extraordinaria. Gracias a su f\u00f3rmula concentrada, un frasco es suficiente para m\u00e1s de 50 lavados.<\/p>\n<ul>\n<li><strong>Frescura duradera<\/strong><br \/>\nDesde el momento en que saque la ropa de la lavadora, notar\u00e1 su fragancia \u00fanica. Persiste en el aire mientras la ropa se seca y, una vez seca, huele tan maravillosamente como al principio.<\/li>\n<\/ul>\n<p>Con ingredientes suavizantes a\u00f1adidos, este perfume para la colada no s\u00f3lo perfuma su ropa, sino que tambi\u00e9n realza su suavidad.<\/p>\n<p>Porque lavar la ropa no es s\u00f3lo una tarea: puede ser un placer diario.<\/p>","protected":false},"featured_media":59912,"parent":0,"menu_order":0,"template":"","class_list":["post-54827","product","type-product","status-publish","has-post-thumbnail","hentry","product_category-amarella_2","product_category-perfumed-washing-oil"],"acf":[],"yoast_head":"<!-- This site is optimized with the Yoast SEO Premium plugin v27.4 (Yoast SEO v27.5) - https:\/\/yoast.com\/product\/yoast-seo-premium-wordpress\/ -->\n<title>AMARELLA Classic | Perfumed Washing Oil 250ml | ELiX Scent<\/title>\n<meta name=\"description\" content=\"Timeless classic fragrance in a perfumed washing oil. Ensures lasting freshness and care for your garments.\" \/>\n<meta name=\"robots\" content=\"index, follow, max-snippet:-1, max-image-preview:large, max-video-preview:-1\" \/>\n<link rel=\"canonical\" href=\"https:\/\/elixscent.com\/es\/producto\/amarella-250-classic\/\" \/>\n<meta property=\"og:locale\" content=\"es_ES\" \/>\n<meta property=\"og:type\" content=\"article\" \/>\n<meta property=\"og:title\" content=\"AMARELLA 250 Classic\" \/>\n<meta property=\"og:description\" content=\"Timeless classic fragrance in a perfumed washing oil. Ensures lasting freshness and care for your garments.\" \/>\n<meta property=\"og:url\" content=\"https:\/\/elixscent.com\/es\/producto\/amarella-250-classic\/\" \/>\n<meta property=\"og:site_name\" content=\"ELiX EU air fresheners\" \/>\n<meta property=\"article:modified_time\" content=\"2025-12-04T07:26:32+00:00\" \/>\n<meta property=\"og:image\" content=\"https:\/\/elixscent.com\/wp-content\/uploads\/WEBP_Amarella_250_classic_product_1.0-1.webp\" \/>\n\t<meta property=\"og:image:width\" content=\"174\" \/>\n\t<meta property=\"og:image:height\" content=\"699\" \/>\n\t<meta property=\"og:image:type\" content=\"image\/webp\" \/>\n<meta name=\"twitter:card\" content=\"summary_large_image\" \/>\n<meta name=\"twitter:label1\" content=\"Tiempo de lectura\" \/>\n\t<meta name=\"twitter:data1\" content=\"1 minuto\" \/>\n<script type=\"application\/ld+json\" class=\"yoast-schema-graph\">{\"@context\":\"https:\\\/\\\/schema.org\",\"@graph\":[{\"@type\":\"WebPage\",\"@id\":\"https:\\\/\\\/elixscent.com\\\/product\\\/amarella-250-classic\\\/\",\"url\":\"https:\\\/\\\/elixscent.com\\\/product\\\/amarella-250-classic\\\/\",\"name\":\"AMARELLA Classic | Perfumed Washing Oil 250ml | ELiX Scent\",\"isPartOf\":{\"@id\":\"https:\\\/\\\/elixscent.com\\\/#website\"},\"primaryImageOfPage\":{\"@id\":\"https:\\\/\\\/elixscent.com\\\/product\\\/amarella-250-classic\\\/#primaryimage\"},\"image\":{\"@id\":\"https:\\\/\\\/elixscent.com\\\/product\\\/amarella-250-classic\\\/#primaryimage\"},\"thumbnailUrl\":\"https:\\\/\\\/elixscent.com\\\/wp-content\\\/uploads\\\/WEBP_Amarella_250_classic_product_1.0-1.webp\",\"datePublished\":\"2024-12-05T10:54:44+00:00\",\"dateModified\":\"2025-12-04T07:26:32+00:00\",\"description\":\"Timeless classic fragrance in a perfumed washing oil. Ensures lasting freshness and care for your garments.\",\"breadcrumb\":{\"@id\":\"https:\\\/\\\/elixscent.com\\\/product\\\/amarella-250-classic\\\/#breadcrumb\"},\"inLanguage\":\"es\",\"potentialAction\":[{\"@type\":\"ReadAction\",\"target\":[\"https:\\\/\\\/elixscent.com\\\/product\\\/amarella-250-classic\\\/\"]}]},{\"@type\":\"ImageObject\",\"inLanguage\":\"es\",\"@id\":\"https:\\\/\\\/elixscent.com\\\/product\\\/amarella-250-classic\\\/#primaryimage\",\"url\":\"https:\\\/\\\/elixscent.com\\\/wp-content\\\/uploads\\\/WEBP_Amarella_250_classic_product_1.0-1.webp\",\"contentUrl\":\"https:\\\/\\\/elixscent.com\\\/wp-content\\\/uploads\\\/WEBP_Amarella_250_classic_product_1.0-1.webp\",\"width\":174,\"height\":699,\"caption\":\"Laundry perfume classic\"},{\"@type\":\"BreadcrumbList\",\"@id\":\"https:\\\/\\\/elixscent.com\\\/product\\\/amarella-250-classic\\\/#breadcrumb\",\"itemListElement\":[{\"@type\":\"ListItem\",\"position\":1,\"name\":\"Home\",\"item\":\"https:\\\/\\\/elixscent.com\\\/\"},{\"@type\":\"ListItem\",\"position\":2,\"name\":\"Products\",\"item\":\"https:\\\/\\\/elixscent.com\\\/product\\\/\"},{\"@type\":\"ListItem\",\"position\":3,\"name\":\"AMARELLA scented laundry\",\"item\":\"https:\\\/\\\/elixscent.com\\\/product-category\\\/amarella_2\\\/\"},{\"@type\":\"ListItem\",\"position\":4,\"name\":\"Laundry Perfume 250\",\"item\":\"https:\\\/\\\/elixscent.com\\\/product-category\\\/perfumed-washing-oil\\\/\"},{\"@type\":\"ListItem\",\"position\":5,\"name\":\"AMARELLA 250 Classic\"}]},{\"@type\":\"WebSite\",\"@id\":\"https:\\\/\\\/elixscent.com\\\/#website\",\"url\":\"https:\\\/\\\/elixscent.com\\\/\",\"name\":\"ELiX EU air fresheners\",\"description\":\"Air &amp; Fabric, Perfectly Fresh\",\"publisher\":{\"@id\":\"https:\\\/\\\/elixscent.com\\\/#organization\"},\"potentialAction\":[{\"@type\":\"SearchAction\",\"target\":{\"@type\":\"EntryPoint\",\"urlTemplate\":\"https:\\\/\\\/elixscent.com\\\/?s={search_term_string}\"},\"query-input\":{\"@type\":\"PropertyValueSpecification\",\"valueRequired\":true,\"valueName\":\"search_term_string\"}}],\"inLanguage\":\"es\"},{\"@type\":\"Organization\",\"@id\":\"https:\\\/\\\/elixscent.com\\\/#organization\",\"name\":\"ELIX air freshener manufacturer\",\"url\":\"https:\\\/\\\/elixscent.com\\\/\",\"logo\":{\"@type\":\"ImageObject\",\"inLanguage\":\"es\",\"@id\":\"https:\\\/\\\/elixscent.com\\\/#\\\/schema\\\/logo\\\/image\\\/\",\"url\":\"https:\\\/\\\/elixscent.com\\\/wp-content\\\/uploads\\\/elix_logo_1.0-_300.jpg\",\"contentUrl\":\"https:\\\/\\\/elixscent.com\\\/wp-content\\\/uploads\\\/elix_logo_1.0-_300.jpg\",\"width\":300,\"height\":257,\"caption\":\"ELIX air freshener manufacturer\"},\"image\":{\"@id\":\"https:\\\/\\\/elixscent.com\\\/#\\\/schema\\\/logo\\\/image\\\/\"},\"sameAs\":[\"https:\\\/\\\/www.linkedin.com\\\/company\\\/30084929\"]}]}<\/script>\n<!-- \/ Yoast SEO Premium plugin. -->","yoast_head_json":{"title":"AMARELLA Classic | Aceite Perfumado 250ml | Aroma ELiX","description":"Fragancia cl\u00e1sica e intemporal en un aceite de lavado perfumado. Garantiza una frescura y un cuidado duraderos de sus prendas.","robots":{"index":"index","follow":"follow","max-snippet":"max-snippet:-1","max-image-preview":"max-image-preview:large","max-video-preview":"max-video-preview:-1"},"canonical":"https:\/\/elixscent.com\/es\/producto\/amarella-250-classic\/","og_locale":"es_ES","og_type":"article","og_title":"AMARELLA 250 Classic","og_description":"Timeless classic fragrance in a perfumed washing oil. Ensures lasting freshness and care for your garments.","og_url":"https:\/\/elixscent.com\/es\/producto\/amarella-250-classic\/","og_site_name":"ELiX EU air fresheners","article_modified_time":"2025-12-04T07:26:32+00:00","og_image":[{"width":174,"height":699,"url":"https:\/\/elixscent.com\/wp-content\/uploads\/WEBP_Amarella_250_classic_product_1.0-1.webp","type":"image\/webp"}],"twitter_card":"summary_large_image","twitter_misc":{"Tiempo de lectura":"1 minuto"},"schema":{"@context":"https:\/\/schema.org","@graph":[{"@type":"WebPage","@id":"https:\/\/elixscent.com\/product\/amarella-250-classic\/","url":"https:\/\/elixscent.com\/product\/amarella-250-classic\/","name":"AMARELLA Classic | Aceite Perfumado 250ml | Aroma ELiX","isPartOf":{"@id":"https:\/\/elixscent.com\/#website"},"primaryImageOfPage":{"@id":"https:\/\/elixscent.com\/product\/amarella-250-classic\/#primaryimage"},"image":{"@id":"https:\/\/elixscent.com\/product\/amarella-250-classic\/#primaryimage"},"thumbnailUrl":"https:\/\/elixscent.com\/wp-content\/uploads\/WEBP_Amarella_250_classic_product_1.0-1.webp","datePublished":"2024-12-05T10:54:44+00:00","dateModified":"2025-12-04T07:26:32+00:00","description":"Fragancia cl\u00e1sica e intemporal en un aceite de lavado perfumado. Garantiza una frescura y un cuidado duraderos de sus prendas.","breadcrumb":{"@id":"https:\/\/elixscent.com\/product\/amarella-250-classic\/#breadcrumb"},"inLanguage":"es","potentialAction":[{"@type":"ReadAction","target":["https:\/\/elixscent.com\/product\/amarella-250-classic\/"]}]},{"@type":"ImageObject","inLanguage":"es","@id":"https:\/\/elixscent.com\/product\/amarella-250-classic\/#primaryimage","url":"https:\/\/elixscent.com\/wp-content\/uploads\/WEBP_Amarella_250_classic_product_1.0-1.webp","contentUrl":"https:\/\/elixscent.com\/wp-content\/uploads\/WEBP_Amarella_250_classic_product_1.0-1.webp","width":174,"height":699,"caption":"Laundry perfume classic"},{"@type":"BreadcrumbList","@id":"https:\/\/elixscent.com\/product\/amarella-250-classic\/#breadcrumb","itemListElement":[{"@type":"ListItem","position":1,"name":"Home","item":"https:\/\/elixscent.com\/"},{"@type":"ListItem","position":2,"name":"Products","item":"https:\/\/elixscent.com\/product\/"},{"@type":"ListItem","position":3,"name":"AMARELLA scented laundry","item":"https:\/\/elixscent.com\/product-category\/amarella_2\/"},{"@type":"ListItem","position":4,"name":"Laundry Perfume 250","item":"https:\/\/elixscent.com\/product-category\/perfumed-washing-oil\/"},{"@type":"ListItem","position":5,"name":"AMARELLA 250 Classic"}]},{"@type":"WebSite","@id":"https:\/\/elixscent.com\/#website","url":"https:\/\/elixscent.com\/","name":"Ambientadores ELiX EU","description":"Aire y Tejido, Perfectamente Fresco","publisher":{"@id":"https:\/\/elixscent.com\/#organization"},"potentialAction":[{"@type":"SearchAction","target":{"@type":"EntryPoint","urlTemplate":"https:\/\/elixscent.com\/?s={search_term_string}"},"query-input":{"@type":"PropertyValueSpecification","valueRequired":true,"valueName":"search_term_string"}}],"inLanguage":"es"},{"@type":"Organization","@id":"https:\/\/elixscent.com\/#organization","name":"Fabricante de ambientadores ELIX","url":"https:\/\/elixscent.com\/","logo":{"@type":"ImageObject","inLanguage":"es","@id":"https:\/\/elixscent.com\/#\/schema\/logo\/image\/","url":"https:\/\/elixscent.com\/wp-content\/uploads\/elix_logo_1.0-_300.jpg","contentUrl":"https:\/\/elixscent.com\/wp-content\/uploads\/elix_logo_1.0-_300.jpg","width":300,"height":257,"caption":"ELIX air freshener manufacturer"},"image":{"@id":"https:\/\/elixscent.com\/#\/schema\/logo\/image\/"},"sameAs":["https:\/\/www.linkedin.com\/company\/30084929"]}]}},"_links":{"self":[{"href":"https:\/\/elixscent.com\/es\/wp-json\/wp\/v2\/product\/54827","targetHints":{"allow":["GET"]}}],"collection":[{"href":"https:\/\/elixscent.com\/es\/wp-json\/wp\/v2\/product"}],"about":[{"href":"https:\/\/elixscent.com\/es\/wp-json\/wp\/v2\/types\/product"}],"version-history":[{"count":11,"href":"https:\/\/elixscent.com\/es\/wp-json\/wp\/v2\/product\/54827\/revisions"}],"predecessor-version":[{"id":59916,"href":"https:\/\/elixscent.com\/es\/wp-json\/wp\/v2\/product\/54827\/revisions\/59916"}],"wp:featuredmedia":[{"embeddable":true,"href":"https:\/\/elixscent.com\/es\/wp-json\/wp\/v2\/media\/59912"}],"wp:attachment":[{"href":"https:\/\/elixscent.com\/es\/wp-json\/wp\/v2\/media?parent=54827"}],"curies":[{"name":"wp","href":"https:\/\/api.w.org\/{rel}","templated":true}]}}