{"id":53756,"date":"2024-11-04T12:19:43","date_gmt":"2024-11-04T12:19:43","guid":{"rendered":"https:\/\/elixscent.com\/?post_type=product&#038;p=53756"},"modified":"2025-08-23T06:44:22","modified_gmt":"2025-08-23T06:44:22","slug":"crease-releaser250-amarella-vanwood","status":"publish","type":"product","link":"https:\/\/elixscent.com\/es\/product\/crease-releaser250-amarella-vanwood\/","title":{"rendered":"Crease Releaser 250 Amarella Vanwood"},"content":{"rendered":"<div class=\"relative p-1 rounded-sm flex items-center justify-center bg-token-main-surface-primary text-token-text-primary h-8 w-8\">\n<p><strong><em>SIN SOLUCI\u00d3N DE PLANCHADO<\/em><\/strong><\/p>\n<p>Descubra la elegancia cl\u00e1sica de nuestra fragancia: una mezcla atemporal que aporta un aroma fresco y refinado a sus tejidos. Perfecta para quienes aprecian un toque de sofisticaci\u00f3n en sus esenciales diarios.<\/p>\n<\/div>\n<div><\/div>\n<ul>\n<li><strong>alisa las arrugas<\/strong><\/li>\n<li><strong>eliminaci\u00f3n de olores <\/strong><\/li>\n<li><strong>delicada fragancia para refrescarte<br \/>\n<\/strong><strong><br \/>\n<\/strong>Instrucciones de uso: Agitar antes de usar. Pulverizar el tejido uniformemente sobre toda la superficie, de forma que quede h\u00famedo. Alise o estire ligeramente el tejido. Dejar secar. Probar en una peque\u00f1a zona del tejido antes de usar.<\/li>\n<\/ul>\n<p><strong>Comprueba c\u00f3mo funciona: <a href=\"https:\/\/www.youtube.com\/watch?v=JEayzSW_y2s\">Elix Crease Releaser - c\u00f3mo utilizarlo<\/a><\/strong><\/p>","protected":false},"featured_media":53823,"parent":0,"menu_order":0,"template":"","class_list":["post-53756","product","type-product","status-publish","has-post-thumbnail","hentry","product_category-amarella_2","product_category-crease_releaser_250"],"acf":[],"yoast_head":"<!-- This site is optimized with the Yoast SEO Premium plugin v27.2 (Yoast SEO v27.4) - https:\/\/yoast.com\/product\/yoast-seo-premium-wordpress\/ -->\n<title>Crease Releaser: Add Elegance to Your Fabrics - ELiX EU air fresheners<\/title>\n<meta name=\"description\" content=\"Discover the classic elegance of our fragrance that gives a fresh, sophisticated aroma to your fabrics. Perfect for those who appreciate a touch of sophistication in everyday essentials.\" \/>\n<meta name=\"robots\" content=\"index, follow, max-snippet:-1, max-image-preview:large, max-video-preview:-1\" \/>\n<link rel=\"canonical\" href=\"https:\/\/elixscent.com\/es\/producto\/crease-releaser250-amarella-vanwood\/\" \/>\n<meta property=\"og:locale\" content=\"es_ES\" \/>\n<meta property=\"og:type\" content=\"article\" \/>\n<meta property=\"og:title\" content=\"Crease Releaser 250 Amarella Vanwood\" \/>\n<meta property=\"og:description\" content=\"Discover the classic elegance of our fragrance that gives a fresh, sophisticated aroma to your fabrics. Perfect for those who appreciate a touch of sophistication in everyday essentials.\" \/>\n<meta property=\"og:url\" content=\"https:\/\/elixscent.com\/es\/producto\/crease-releaser250-amarella-vanwood\/\" \/>\n<meta property=\"og:site_name\" content=\"ELiX EU air fresheners\" \/>\n<meta property=\"article:modified_time\" content=\"2025-08-23T06:44:22+00:00\" \/>\n<meta property=\"og:image\" content=\"https:\/\/elixscent.com\/wp-content\/uploads\/CR_vanwood_250_ENG_1.0.webp\" \/>\n\t<meta property=\"og:image:width\" content=\"230\" \/>\n\t<meta property=\"og:image:height\" content=\"656\" \/>\n\t<meta property=\"og:image:type\" content=\"image\/webp\" \/>\n<meta name=\"twitter:card\" content=\"summary_large_image\" \/>\n<meta name=\"twitter:label1\" content=\"Tiempo de lectura\" \/>\n\t<meta name=\"twitter:data1\" content=\"1 minuto\" \/>\n<script type=\"application\/ld+json\" class=\"yoast-schema-graph\">{\"@context\":\"https:\\\/\\\/schema.org\",\"@graph\":[{\"@type\":\"WebPage\",\"@id\":\"https:\\\/\\\/elixscent.com\\\/product\\\/crease-releaser250-amarella-vanwood\\\/\",\"url\":\"https:\\\/\\\/elixscent.com\\\/product\\\/crease-releaser250-amarella-vanwood\\\/\",\"name\":\"Crease Releaser: Add Elegance to Your Fabrics - ELiX EU air fresheners\",\"isPartOf\":{\"@id\":\"https:\\\/\\\/elixscent.com\\\/#website\"},\"primaryImageOfPage\":{\"@id\":\"https:\\\/\\\/elixscent.com\\\/product\\\/crease-releaser250-amarella-vanwood\\\/#primaryimage\"},\"image\":{\"@id\":\"https:\\\/\\\/elixscent.com\\\/product\\\/crease-releaser250-amarella-vanwood\\\/#primaryimage\"},\"thumbnailUrl\":\"https:\\\/\\\/elixscent.com\\\/wp-content\\\/uploads\\\/CR_vanwood_250_ENG_1.0.webp\",\"datePublished\":\"2024-11-04T12:19:43+00:00\",\"dateModified\":\"2025-08-23T06:44:22+00:00\",\"description\":\"Discover the classic elegance of our fragrance that gives a fresh, sophisticated aroma to your fabrics. Perfect for those who appreciate a touch of sophistication in everyday essentials.\",\"breadcrumb\":{\"@id\":\"https:\\\/\\\/elixscent.com\\\/product\\\/crease-releaser250-amarella-vanwood\\\/#breadcrumb\"},\"inLanguage\":\"es\",\"potentialAction\":[{\"@type\":\"ReadAction\",\"target\":[\"https:\\\/\\\/elixscent.com\\\/product\\\/crease-releaser250-amarella-vanwood\\\/\"]}]},{\"@type\":\"ImageObject\",\"inLanguage\":\"es\",\"@id\":\"https:\\\/\\\/elixscent.com\\\/product\\\/crease-releaser250-amarella-vanwood\\\/#primaryimage\",\"url\":\"https:\\\/\\\/elixscent.com\\\/wp-content\\\/uploads\\\/CR_vanwood_250_ENG_1.0.webp\",\"contentUrl\":\"https:\\\/\\\/elixscent.com\\\/wp-content\\\/uploads\\\/CR_vanwood_250_ENG_1.0.webp\",\"width\":230,\"height\":656,\"caption\":\"CR vanwood 250 ENG 1.0\"},{\"@type\":\"BreadcrumbList\",\"@id\":\"https:\\\/\\\/elixscent.com\\\/product\\\/crease-releaser250-amarella-vanwood\\\/#breadcrumb\",\"itemListElement\":[{\"@type\":\"ListItem\",\"position\":1,\"name\":\"Home\",\"item\":\"https:\\\/\\\/elixscent.com\\\/\"},{\"@type\":\"ListItem\",\"position\":2,\"name\":\"Products\",\"item\":\"https:\\\/\\\/elixscent.com\\\/product\\\/\"},{\"@type\":\"ListItem\",\"position\":3,\"name\":\"AMARELLA scented laundry\",\"item\":\"https:\\\/\\\/elixscent.com\\\/product-category\\\/amarella_2\\\/\"},{\"@type\":\"ListItem\",\"position\":4,\"name\":\"Crease Releaser 250\",\"item\":\"https:\\\/\\\/elixscent.com\\\/product-category\\\/crease_releaser_250\\\/\"},{\"@type\":\"ListItem\",\"position\":5,\"name\":\"Crease Releaser 250 Amarella Vanwood\"}]},{\"@type\":\"WebSite\",\"@id\":\"https:\\\/\\\/elixscent.com\\\/#website\",\"url\":\"https:\\\/\\\/elixscent.com\\\/\",\"name\":\"ELiX EU air fresheners\",\"description\":\"Air &amp; Fabric, Perfectly Fresh\",\"publisher\":{\"@id\":\"https:\\\/\\\/elixscent.com\\\/#organization\"},\"potentialAction\":[{\"@type\":\"SearchAction\",\"target\":{\"@type\":\"EntryPoint\",\"urlTemplate\":\"https:\\\/\\\/elixscent.com\\\/?s={search_term_string}\"},\"query-input\":{\"@type\":\"PropertyValueSpecification\",\"valueRequired\":true,\"valueName\":\"search_term_string\"}}],\"inLanguage\":\"es\"},{\"@type\":\"Organization\",\"@id\":\"https:\\\/\\\/elixscent.com\\\/#organization\",\"name\":\"ELIX air freshener manufacturer\",\"url\":\"https:\\\/\\\/elixscent.com\\\/\",\"logo\":{\"@type\":\"ImageObject\",\"inLanguage\":\"es\",\"@id\":\"https:\\\/\\\/elixscent.com\\\/#\\\/schema\\\/logo\\\/image\\\/\",\"url\":\"https:\\\/\\\/elixscent.com\\\/wp-content\\\/uploads\\\/elix_logo_1.0-_300.jpg\",\"contentUrl\":\"https:\\\/\\\/elixscent.com\\\/wp-content\\\/uploads\\\/elix_logo_1.0-_300.jpg\",\"width\":300,\"height\":257,\"caption\":\"ELIX air freshener manufacturer\"},\"image\":{\"@id\":\"https:\\\/\\\/elixscent.com\\\/#\\\/schema\\\/logo\\\/image\\\/\"},\"sameAs\":[\"https:\\\/\\\/www.linkedin.com\\\/company\\\/30084929\"]}]}<\/script>\n<!-- \/ Yoast SEO Premium plugin. -->","yoast_head_json":{"title":"Eliminador de arrugas: A\u00f1ada elegancia a sus tejidos - Ambientadores ELIX EU","description":"Descubra la elegancia cl\u00e1sica de nuestra fragancia que aporta un aroma fresco y sofisticado a sus tejidos. Perfecta para quienes aprecian un toque de sofisticaci\u00f3n en los b\u00e1sicos de cada d\u00eda.","robots":{"index":"index","follow":"follow","max-snippet":"max-snippet:-1","max-image-preview":"max-image-preview:large","max-video-preview":"max-video-preview:-1"},"canonical":"https:\/\/elixscent.com\/es\/producto\/crease-releaser250-amarella-vanwood\/","og_locale":"es_ES","og_type":"article","og_title":"Crease Releaser 250 Amarella Vanwood","og_description":"Discover the classic elegance of our fragrance that gives a fresh, sophisticated aroma to your fabrics. Perfect for those who appreciate a touch of sophistication in everyday essentials.","og_url":"https:\/\/elixscent.com\/es\/producto\/crease-releaser250-amarella-vanwood\/","og_site_name":"ELiX EU air fresheners","article_modified_time":"2025-08-23T06:44:22+00:00","og_image":[{"width":230,"height":656,"url":"https:\/\/elixscent.com\/wp-content\/uploads\/CR_vanwood_250_ENG_1.0.webp","type":"image\/webp"}],"twitter_card":"summary_large_image","twitter_misc":{"Tiempo de lectura":"1 minuto"},"schema":{"@context":"https:\/\/schema.org","@graph":[{"@type":"WebPage","@id":"https:\/\/elixscent.com\/product\/crease-releaser250-amarella-vanwood\/","url":"https:\/\/elixscent.com\/product\/crease-releaser250-amarella-vanwood\/","name":"Eliminador de arrugas: A\u00f1ada elegancia a sus tejidos - Ambientadores ELIX EU","isPartOf":{"@id":"https:\/\/elixscent.com\/#website"},"primaryImageOfPage":{"@id":"https:\/\/elixscent.com\/product\/crease-releaser250-amarella-vanwood\/#primaryimage"},"image":{"@id":"https:\/\/elixscent.com\/product\/crease-releaser250-amarella-vanwood\/#primaryimage"},"thumbnailUrl":"https:\/\/elixscent.com\/wp-content\/uploads\/CR_vanwood_250_ENG_1.0.webp","datePublished":"2024-11-04T12:19:43+00:00","dateModified":"2025-08-23T06:44:22+00:00","description":"Descubra la elegancia cl\u00e1sica de nuestra fragancia que aporta un aroma fresco y sofisticado a sus tejidos. Perfecta para quienes aprecian un toque de sofisticaci\u00f3n en los b\u00e1sicos de cada d\u00eda.","breadcrumb":{"@id":"https:\/\/elixscent.com\/product\/crease-releaser250-amarella-vanwood\/#breadcrumb"},"inLanguage":"es","potentialAction":[{"@type":"ReadAction","target":["https:\/\/elixscent.com\/product\/crease-releaser250-amarella-vanwood\/"]}]},{"@type":"ImageObject","inLanguage":"es","@id":"https:\/\/elixscent.com\/product\/crease-releaser250-amarella-vanwood\/#primaryimage","url":"https:\/\/elixscent.com\/wp-content\/uploads\/CR_vanwood_250_ENG_1.0.webp","contentUrl":"https:\/\/elixscent.com\/wp-content\/uploads\/CR_vanwood_250_ENG_1.0.webp","width":230,"height":656,"caption":"CR vanwood 250 ENG 1.0"},{"@type":"BreadcrumbList","@id":"https:\/\/elixscent.com\/product\/crease-releaser250-amarella-vanwood\/#breadcrumb","itemListElement":[{"@type":"ListItem","position":1,"name":"Home","item":"https:\/\/elixscent.com\/"},{"@type":"ListItem","position":2,"name":"Products","item":"https:\/\/elixscent.com\/product\/"},{"@type":"ListItem","position":3,"name":"AMARELLA scented laundry","item":"https:\/\/elixscent.com\/product-category\/amarella_2\/"},{"@type":"ListItem","position":4,"name":"Crease Releaser 250","item":"https:\/\/elixscent.com\/product-category\/crease_releaser_250\/"},{"@type":"ListItem","position":5,"name":"Crease Releaser 250 Amarella Vanwood"}]},{"@type":"WebSite","@id":"https:\/\/elixscent.com\/#website","url":"https:\/\/elixscent.com\/","name":"Ambientadores ELiX EU","description":"Aire y Tejido, Perfectamente Fresco","publisher":{"@id":"https:\/\/elixscent.com\/#organization"},"potentialAction":[{"@type":"SearchAction","target":{"@type":"EntryPoint","urlTemplate":"https:\/\/elixscent.com\/?s={search_term_string}"},"query-input":{"@type":"PropertyValueSpecification","valueRequired":true,"valueName":"search_term_string"}}],"inLanguage":"es"},{"@type":"Organization","@id":"https:\/\/elixscent.com\/#organization","name":"Fabricante de ambientadores ELIX","url":"https:\/\/elixscent.com\/","logo":{"@type":"ImageObject","inLanguage":"es","@id":"https:\/\/elixscent.com\/#\/schema\/logo\/image\/","url":"https:\/\/elixscent.com\/wp-content\/uploads\/elix_logo_1.0-_300.jpg","contentUrl":"https:\/\/elixscent.com\/wp-content\/uploads\/elix_logo_1.0-_300.jpg","width":300,"height":257,"caption":"ELIX air freshener manufacturer"},"image":{"@id":"https:\/\/elixscent.com\/#\/schema\/logo\/image\/"},"sameAs":["https:\/\/www.linkedin.com\/company\/30084929"]}]}},"_links":{"self":[{"href":"https:\/\/elixscent.com\/es\/wp-json\/wp\/v2\/product\/53756","targetHints":{"allow":["GET"]}}],"collection":[{"href":"https:\/\/elixscent.com\/es\/wp-json\/wp\/v2\/product"}],"about":[{"href":"https:\/\/elixscent.com\/es\/wp-json\/wp\/v2\/types\/product"}],"version-history":[{"count":9,"href":"https:\/\/elixscent.com\/es\/wp-json\/wp\/v2\/product\/53756\/revisions"}],"predecessor-version":[{"id":58882,"href":"https:\/\/elixscent.com\/es\/wp-json\/wp\/v2\/product\/53756\/revisions\/58882"}],"wp:featuredmedia":[{"embeddable":true,"href":"https:\/\/elixscent.com\/es\/wp-json\/wp\/v2\/media\/53823"}],"wp:attachment":[{"href":"https:\/\/elixscent.com\/es\/wp-json\/wp\/v2\/media?parent=53756"}],"curies":[{"name":"wp","href":"https:\/\/api.w.org\/{rel}","templated":true}]}}