{"id":51395,"date":"2024-07-10T11:29:47","date_gmt":"2024-07-10T11:29:47","guid":{"rendered":"https:\/\/elixscent.com\/?post_type=product&#038;p=51395"},"modified":"2024-10-15T10:47:45","modified_gmt":"2024-10-15T10:47:45","slug":"oud-de-cuero","status":"publish","type":"product","link":"https:\/\/elixscent.com\/es\/product\/leather-oud\/","title":{"rendered":"Aceite perfumado Cuero y Oud"},"content":{"rendered":"<p>Aceite con fragancia Leather &amp; Oud CLUB, una mezcla audaz y sofisticada elaborada para evocar la esencia del lujo.<\/p>\n<p>En las notas de salida, del\u00e9itese con el rico aroma del cuero impregnado del encanto especiado del azafr\u00e1n. En el coraz\u00f3n de la fragancia, experimente el oud profundo y resinoso armonizado con las notas amaderadas de la madera de cedro y la sensualidad del almizcle. Las notas de fondo de musgo, \u00e1mbar y l\u00e1dano proporcionan una base c\u00e1lida y terrosa, creando una fragancia poderosa y cautivadora.<\/p>\n<p><span id=\"span-23-132\" class=\"ct-span oxy-stock-content-styles\"><em>&gt;&gt; Si desea comprar, visite nuestra tienda:<\/em> <a class=\"_ps2id\" href=\"https:\/\/airfresh24.com\/product-category\/fragrance_oil\/\" data-ps2id-offset=\"\"><strong>www.airfresh24.com<\/strong><\/a><\/span><\/p>","protected":false},"featured_media":51396,"parent":0,"menu_order":0,"template":"","class_list":["post-51395","product","type-product","status-publish","has-post-thumbnail","hentry","product_category-essential-oils"],"acf":[],"yoast_head":"<!-- This site is optimized with the Yoast SEO Premium plugin v27.4 (Yoast SEO v27.4) - https:\/\/yoast.com\/product\/yoast-seo-premium-wordpress\/ -->\n<title>Fragrance Oil - Experience the Essence of Luxury<\/title>\n<meta name=\"description\" content=\"Discover the captivating scent of Leather &amp; Oud CLUB Fragrance Oil: a luxurious blend of leather, oud, saffron, cedarwood, musk, moss, amber, and labdanum.\" \/>\n<meta name=\"robots\" content=\"index, follow, max-snippet:-1, max-image-preview:large, max-video-preview:-1\" \/>\n<link rel=\"canonical\" href=\"https:\/\/elixscent.com\/es\/producto\/oud-de-cuero\/\" \/>\n<meta property=\"og:locale\" content=\"es_ES\" \/>\n<meta property=\"og:type\" content=\"article\" \/>\n<meta property=\"og:title\" content=\"Fragrance Oil Leather &amp; Oud\" \/>\n<meta property=\"og:description\" content=\"Discover the captivating scent of Leather &amp; Oud CLUB Fragrance Oil: a luxurious blend of leather, oud, saffron, cedarwood, musk, moss, amber, and labdanum.\" \/>\n<meta property=\"og:url\" content=\"https:\/\/elixscent.com\/es\/producto\/oud-de-cuero\/\" \/>\n<meta property=\"og:site_name\" content=\"ELiX EU air fresheners\" \/>\n<meta property=\"article:modified_time\" content=\"2024-10-15T10:47:45+00:00\" \/>\n<meta property=\"og:image\" content=\"https:\/\/elixscent.com\/wp-content\/uploads\/50ml_CLUB_1.0.webp\" \/>\n\t<meta property=\"og:image:width\" content=\"2048\" \/>\n\t<meta property=\"og:image:height\" content=\"2048\" \/>\n\t<meta property=\"og:image:type\" content=\"image\/webp\" \/>\n<meta name=\"twitter:card\" content=\"summary_large_image\" \/>\n<meta name=\"twitter:label1\" content=\"Tiempo de lectura\" \/>\n\t<meta name=\"twitter:data1\" content=\"1 minuto\" \/>\n<script type=\"application\/ld+json\" class=\"yoast-schema-graph\">{\"@context\":\"https:\\\/\\\/schema.org\",\"@graph\":[{\"@type\":\"WebPage\",\"@id\":\"https:\\\/\\\/elixscent.com\\\/product\\\/leather-oud\\\/\",\"url\":\"https:\\\/\\\/elixscent.com\\\/product\\\/leather-oud\\\/\",\"name\":\"Fragrance Oil - Experience the Essence of Luxury\",\"isPartOf\":{\"@id\":\"https:\\\/\\\/elixscent.com\\\/#website\"},\"primaryImageOfPage\":{\"@id\":\"https:\\\/\\\/elixscent.com\\\/product\\\/leather-oud\\\/#primaryimage\"},\"image\":{\"@id\":\"https:\\\/\\\/elixscent.com\\\/product\\\/leather-oud\\\/#primaryimage\"},\"thumbnailUrl\":\"https:\\\/\\\/elixscent.com\\\/wp-content\\\/uploads\\\/50ml_CLUB_1.0.webp\",\"datePublished\":\"2024-07-10T11:29:47+00:00\",\"dateModified\":\"2024-10-15T10:47:45+00:00\",\"description\":\"Discover the captivating scent of Leather & Oud CLUB Fragrance Oil: a luxurious blend of leather, oud, saffron, cedarwood, musk, moss, amber, and labdanum.\",\"breadcrumb\":{\"@id\":\"https:\\\/\\\/elixscent.com\\\/product\\\/leather-oud\\\/#breadcrumb\"},\"inLanguage\":\"es\",\"potentialAction\":[{\"@type\":\"ReadAction\",\"target\":[\"https:\\\/\\\/elixscent.com\\\/product\\\/leather-oud\\\/\"]}]},{\"@type\":\"ImageObject\",\"inLanguage\":\"es\",\"@id\":\"https:\\\/\\\/elixscent.com\\\/product\\\/leather-oud\\\/#primaryimage\",\"url\":\"https:\\\/\\\/elixscent.com\\\/wp-content\\\/uploads\\\/50ml_CLUB_1.0.webp\",\"contentUrl\":\"https:\\\/\\\/elixscent.com\\\/wp-content\\\/uploads\\\/50ml_CLUB_1.0.webp\",\"width\":2048,\"height\":2048,\"caption\":\"50ml CLUB 1.0\"},{\"@type\":\"BreadcrumbList\",\"@id\":\"https:\\\/\\\/elixscent.com\\\/product\\\/leather-oud\\\/#breadcrumb\",\"itemListElement\":[{\"@type\":\"ListItem\",\"position\":1,\"name\":\"Home\",\"item\":\"https:\\\/\\\/elixscent.com\\\/\"},{\"@type\":\"ListItem\",\"position\":2,\"name\":\"Products\",\"item\":\"https:\\\/\\\/elixscent.com\\\/product\\\/\"},{\"@type\":\"ListItem\",\"position\":3,\"name\":\"ESSENTIAL OIL\",\"item\":\"https:\\\/\\\/elixscent.com\\\/product-category\\\/essential-oils\\\/\"},{\"@type\":\"ListItem\",\"position\":4,\"name\":\"Fragrance Oil Leather &#038; Oud\"}]},{\"@type\":\"WebSite\",\"@id\":\"https:\\\/\\\/elixscent.com\\\/#website\",\"url\":\"https:\\\/\\\/elixscent.com\\\/\",\"name\":\"ELiX EU air fresheners\",\"description\":\"Air &amp; Fabric, Perfectly Fresh\",\"publisher\":{\"@id\":\"https:\\\/\\\/elixscent.com\\\/#organization\"},\"potentialAction\":[{\"@type\":\"SearchAction\",\"target\":{\"@type\":\"EntryPoint\",\"urlTemplate\":\"https:\\\/\\\/elixscent.com\\\/?s={search_term_string}\"},\"query-input\":{\"@type\":\"PropertyValueSpecification\",\"valueRequired\":true,\"valueName\":\"search_term_string\"}}],\"inLanguage\":\"es\"},{\"@type\":\"Organization\",\"@id\":\"https:\\\/\\\/elixscent.com\\\/#organization\",\"name\":\"ELIX air freshener manufacturer\",\"url\":\"https:\\\/\\\/elixscent.com\\\/\",\"logo\":{\"@type\":\"ImageObject\",\"inLanguage\":\"es\",\"@id\":\"https:\\\/\\\/elixscent.com\\\/#\\\/schema\\\/logo\\\/image\\\/\",\"url\":\"https:\\\/\\\/elixscent.com\\\/wp-content\\\/uploads\\\/elix_logo_1.0-_300.jpg\",\"contentUrl\":\"https:\\\/\\\/elixscent.com\\\/wp-content\\\/uploads\\\/elix_logo_1.0-_300.jpg\",\"width\":300,\"height\":257,\"caption\":\"ELIX air freshener manufacturer\"},\"image\":{\"@id\":\"https:\\\/\\\/elixscent.com\\\/#\\\/schema\\\/logo\\\/image\\\/\"},\"sameAs\":[\"https:\\\/\\\/www.linkedin.com\\\/company\\\/30084929\"]}]}<\/script>\n<!-- \/ Yoast SEO Premium plugin. -->","yoast_head_json":{"title":"Aceite con fragancia - Experimente la esencia del lujo","description":"Descubra el cautivador aroma del Aceite con Fragancia Leather &amp; Oud CLUB: una lujosa mezcla de cuero, oud, azafr\u00e1n, madera de cedro, almizcle, musgo, \u00e1mbar y l\u00e1dano.","robots":{"index":"index","follow":"follow","max-snippet":"max-snippet:-1","max-image-preview":"max-image-preview:large","max-video-preview":"max-video-preview:-1"},"canonical":"https:\/\/elixscent.com\/es\/producto\/oud-de-cuero\/","og_locale":"es_ES","og_type":"article","og_title":"Fragrance Oil Leather & Oud","og_description":"Discover the captivating scent of Leather & Oud CLUB Fragrance Oil: a luxurious blend of leather, oud, saffron, cedarwood, musk, moss, amber, and labdanum.","og_url":"https:\/\/elixscent.com\/es\/producto\/oud-de-cuero\/","og_site_name":"ELiX EU air fresheners","article_modified_time":"2024-10-15T10:47:45+00:00","og_image":[{"width":2048,"height":2048,"url":"https:\/\/elixscent.com\/wp-content\/uploads\/50ml_CLUB_1.0.webp","type":"image\/webp"}],"twitter_card":"summary_large_image","twitter_misc":{"Tiempo de lectura":"1 minuto"},"schema":{"@context":"https:\/\/schema.org","@graph":[{"@type":"WebPage","@id":"https:\/\/elixscent.com\/product\/leather-oud\/","url":"https:\/\/elixscent.com\/product\/leather-oud\/","name":"Aceite con fragancia - Experimente la esencia del lujo","isPartOf":{"@id":"https:\/\/elixscent.com\/#website"},"primaryImageOfPage":{"@id":"https:\/\/elixscent.com\/product\/leather-oud\/#primaryimage"},"image":{"@id":"https:\/\/elixscent.com\/product\/leather-oud\/#primaryimage"},"thumbnailUrl":"https:\/\/elixscent.com\/wp-content\/uploads\/50ml_CLUB_1.0.webp","datePublished":"2024-07-10T11:29:47+00:00","dateModified":"2024-10-15T10:47:45+00:00","description":"Descubra el cautivador aroma del Aceite con Fragancia Leather &amp; Oud CLUB: una lujosa mezcla de cuero, oud, azafr\u00e1n, madera de cedro, almizcle, musgo, \u00e1mbar y l\u00e1dano.","breadcrumb":{"@id":"https:\/\/elixscent.com\/product\/leather-oud\/#breadcrumb"},"inLanguage":"es","potentialAction":[{"@type":"ReadAction","target":["https:\/\/elixscent.com\/product\/leather-oud\/"]}]},{"@type":"ImageObject","inLanguage":"es","@id":"https:\/\/elixscent.com\/product\/leather-oud\/#primaryimage","url":"https:\/\/elixscent.com\/wp-content\/uploads\/50ml_CLUB_1.0.webp","contentUrl":"https:\/\/elixscent.com\/wp-content\/uploads\/50ml_CLUB_1.0.webp","width":2048,"height":2048,"caption":"50ml CLUB 1.0"},{"@type":"BreadcrumbList","@id":"https:\/\/elixscent.com\/product\/leather-oud\/#breadcrumb","itemListElement":[{"@type":"ListItem","position":1,"name":"Home","item":"https:\/\/elixscent.com\/"},{"@type":"ListItem","position":2,"name":"Products","item":"https:\/\/elixscent.com\/product\/"},{"@type":"ListItem","position":3,"name":"ESSENTIAL OIL","item":"https:\/\/elixscent.com\/product-category\/essential-oils\/"},{"@type":"ListItem","position":4,"name":"Fragrance Oil Leather &#038; Oud"}]},{"@type":"WebSite","@id":"https:\/\/elixscent.com\/#website","url":"https:\/\/elixscent.com\/","name":"Ambientadores ELiX EU","description":"Aire y Tejido, Perfectamente Fresco","publisher":{"@id":"https:\/\/elixscent.com\/#organization"},"potentialAction":[{"@type":"SearchAction","target":{"@type":"EntryPoint","urlTemplate":"https:\/\/elixscent.com\/?s={search_term_string}"},"query-input":{"@type":"PropertyValueSpecification","valueRequired":true,"valueName":"search_term_string"}}],"inLanguage":"es"},{"@type":"Organization","@id":"https:\/\/elixscent.com\/#organization","name":"Fabricante de ambientadores ELIX","url":"https:\/\/elixscent.com\/","logo":{"@type":"ImageObject","inLanguage":"es","@id":"https:\/\/elixscent.com\/#\/schema\/logo\/image\/","url":"https:\/\/elixscent.com\/wp-content\/uploads\/elix_logo_1.0-_300.jpg","contentUrl":"https:\/\/elixscent.com\/wp-content\/uploads\/elix_logo_1.0-_300.jpg","width":300,"height":257,"caption":"ELIX air freshener manufacturer"},"image":{"@id":"https:\/\/elixscent.com\/#\/schema\/logo\/image\/"},"sameAs":["https:\/\/www.linkedin.com\/company\/30084929"]}]}},"_links":{"self":[{"href":"https:\/\/elixscent.com\/es\/wp-json\/wp\/v2\/product\/51395","targetHints":{"allow":["GET"]}}],"collection":[{"href":"https:\/\/elixscent.com\/es\/wp-json\/wp\/v2\/product"}],"about":[{"href":"https:\/\/elixscent.com\/es\/wp-json\/wp\/v2\/types\/product"}],"version-history":[{"count":2,"href":"https:\/\/elixscent.com\/es\/wp-json\/wp\/v2\/product\/51395\/revisions"}],"predecessor-version":[{"id":53522,"href":"https:\/\/elixscent.com\/es\/wp-json\/wp\/v2\/product\/51395\/revisions\/53522"}],"wp:featuredmedia":[{"embeddable":true,"href":"https:\/\/elixscent.com\/es\/wp-json\/wp\/v2\/media\/51396"}],"wp:attachment":[{"href":"https:\/\/elixscent.com\/es\/wp-json\/wp\/v2\/media?parent=51395"}],"curies":[{"name":"wp","href":"https:\/\/api.w.org\/{rel}","templated":true}]}}