{"id":33936,"date":"2024-06-13T07:25:51","date_gmt":"2024-06-13T07:25:51","guid":{"rendered":"https:\/\/elixscent.com\/?post_type=product&#038;p=33936"},"modified":"2024-10-14T13:14:50","modified_gmt":"2024-10-14T13:14:50","slug":"decoracion-hawaiian-breeze","status":"publish","type":"product","link":"https:\/\/elixscent.com\/es\/product\/decor-hawaiian-breeze\/","title":{"rendered":"Difusor carrizo DECOR con bolas Brisa Hawaiana"},"content":{"rendered":"<p>Conozca nuestro nuevo difusor Reed DECOR <em>Brisa hawaiana<\/em> con peque\u00f1as canicas decorativas de color rosa, \u00a1como las jugosas bebidas de las vacaciones! Este difusor carrizo iluminar\u00e1 tu espacio con bonitos colores. Cada fragancia tiene su propio color. Disfruta de un nuevo concepto para la decoraci\u00f3n de tu hogar, \u00a1y m\u00e9zclalo con un dise\u00f1o diferente cada 30 d\u00edas!<\/p>\n<p><span id=\"span-23-132\" class=\"ct-span oxy-stock-content-styles\"><em>&gt;&gt; Si desea comprar, visite nuestra tienda:<\/em> <strong>www.airfresh24.com<\/strong><\/span><\/p>","protected":false},"featured_media":33932,"parent":0,"menu_order":0,"template":"","class_list":["post-33936","product","type-product","status-publish","has-post-thumbnail","hentry","product_category-reed-diffuser-with-balls"],"acf":[],"yoast_head":"<!-- This site is optimized with the Yoast SEO Premium plugin v27.4 (Yoast SEO v27.4) - https:\/\/yoast.com\/product\/yoast-seo-premium-wordpress\/ -->\n<title>DECOR reed diffuser with balls Hawaiian Breeze - ELiX EU air fresheners<\/title>\n<meta name=\"description\" content=\"Meet our new Reed diffuser DECOR with small decorative marbles! This reed diffuser will light up your space with some nice colors! Each uniqe fragrance have it&#039;s own color. Enjoy new concept for home decoration, and mix it up with diffrent design every 30 days!\" \/>\n<meta name=\"robots\" content=\"index, follow, max-snippet:-1, max-image-preview:large, max-video-preview:-1\" \/>\n<link rel=\"canonical\" href=\"https:\/\/elixscent.com\/es\/producto\/decoracion-hawaiian-breeze\/\" \/>\n<meta property=\"og:locale\" content=\"es_ES\" \/>\n<meta property=\"og:type\" content=\"article\" \/>\n<meta property=\"og:title\" content=\"DECOR reed diffuser with balls Hawaiian Breeze\" \/>\n<meta property=\"og:description\" content=\"Meet our new Reed diffuser DECOR with small decorative marbles! This reed diffuser will light up your space with some nice colors! Each uniqe fragrance have it&#039;s own color. Enjoy new concept for home decoration, and mix it up with diffrent design every 30 days!\" \/>\n<meta property=\"og:url\" content=\"https:\/\/elixscent.com\/es\/producto\/decoracion-hawaiian-breeze\/\" \/>\n<meta property=\"og:site_name\" content=\"ELiX EU air fresheners\" \/>\n<meta property=\"article:modified_time\" content=\"2024-10-14T13:14:50+00:00\" \/>\n<meta property=\"og:image\" content=\"https:\/\/elixscent.com\/wp-content\/uploads\/ELIX_RF100ml_HB_1.0_800.webp\" \/>\n\t<meta property=\"og:image:width\" content=\"800\" \/>\n\t<meta property=\"og:image:height\" content=\"800\" \/>\n\t<meta property=\"og:image:type\" content=\"image\/webp\" \/>\n<meta name=\"twitter:card\" content=\"summary_large_image\" \/>\n<meta name=\"twitter:label1\" content=\"Tiempo de lectura\" \/>\n\t<meta name=\"twitter:data1\" content=\"1 minuto\" \/>\n<script type=\"application\/ld+json\" class=\"yoast-schema-graph\">{\"@context\":\"https:\\\/\\\/schema.org\",\"@graph\":[{\"@type\":\"WebPage\",\"@id\":\"https:\\\/\\\/elixscent.com\\\/product\\\/decor-hawaiian-breeze\\\/\",\"url\":\"https:\\\/\\\/elixscent.com\\\/product\\\/decor-hawaiian-breeze\\\/\",\"name\":\"DECOR reed diffuser with balls Hawaiian Breeze - ELiX EU air fresheners\",\"isPartOf\":{\"@id\":\"https:\\\/\\\/elixscent.com\\\/#website\"},\"primaryImageOfPage\":{\"@id\":\"https:\\\/\\\/elixscent.com\\\/product\\\/decor-hawaiian-breeze\\\/#primaryimage\"},\"image\":{\"@id\":\"https:\\\/\\\/elixscent.com\\\/product\\\/decor-hawaiian-breeze\\\/#primaryimage\"},\"thumbnailUrl\":\"https:\\\/\\\/elixscent.com\\\/wp-content\\\/uploads\\\/ELIX_RF100ml_HB_1.0_800.webp\",\"datePublished\":\"2024-06-13T07:25:51+00:00\",\"dateModified\":\"2024-10-14T13:14:50+00:00\",\"description\":\"Meet our new Reed diffuser DECOR with small decorative marbles! This reed diffuser will light up your space with some nice colors! Each uniqe fragrance have it's own color. Enjoy new concept for home decoration, and mix it up with diffrent design every 30 days!\",\"breadcrumb\":{\"@id\":\"https:\\\/\\\/elixscent.com\\\/product\\\/decor-hawaiian-breeze\\\/#breadcrumb\"},\"inLanguage\":\"es\",\"potentialAction\":[{\"@type\":\"ReadAction\",\"target\":[\"https:\\\/\\\/elixscent.com\\\/product\\\/decor-hawaiian-breeze\\\/\"]}]},{\"@type\":\"ImageObject\",\"inLanguage\":\"es\",\"@id\":\"https:\\\/\\\/elixscent.com\\\/product\\\/decor-hawaiian-breeze\\\/#primaryimage\",\"url\":\"https:\\\/\\\/elixscent.com\\\/wp-content\\\/uploads\\\/ELIX_RF100ml_HB_1.0_800.webp\",\"contentUrl\":\"https:\\\/\\\/elixscent.com\\\/wp-content\\\/uploads\\\/ELIX_RF100ml_HB_1.0_800.webp\",\"width\":800,\"height\":800,\"caption\":\"ELIX RF100ml HB 1.0 800\"},{\"@type\":\"BreadcrumbList\",\"@id\":\"https:\\\/\\\/elixscent.com\\\/product\\\/decor-hawaiian-breeze\\\/#breadcrumb\",\"itemListElement\":[{\"@type\":\"ListItem\",\"position\":1,\"name\":\"Home\",\"item\":\"https:\\\/\\\/elixscent.com\\\/\"},{\"@type\":\"ListItem\",\"position\":2,\"name\":\"Products\",\"item\":\"https:\\\/\\\/elixscent.com\\\/product\\\/\"},{\"@type\":\"ListItem\",\"position\":3,\"name\":\"HOME PERFUME\",\"item\":\"https:\\\/\\\/elixscent.com\\\/product-category\\\/home\\\/\"},{\"@type\":\"ListItem\",\"position\":4,\"name\":\"DECOR reed diffuser with balls\",\"item\":\"https:\\\/\\\/elixscent.com\\\/product-category\\\/reed-diffuser-with-balls\\\/\"},{\"@type\":\"ListItem\",\"position\":5,\"name\":\"DECOR reed diffuser with balls Hawaiian Breeze\"}]},{\"@type\":\"WebSite\",\"@id\":\"https:\\\/\\\/elixscent.com\\\/#website\",\"url\":\"https:\\\/\\\/elixscent.com\\\/\",\"name\":\"ELiX EU air fresheners\",\"description\":\"Air &amp; Fabric, Perfectly Fresh\",\"publisher\":{\"@id\":\"https:\\\/\\\/elixscent.com\\\/#organization\"},\"potentialAction\":[{\"@type\":\"SearchAction\",\"target\":{\"@type\":\"EntryPoint\",\"urlTemplate\":\"https:\\\/\\\/elixscent.com\\\/?s={search_term_string}\"},\"query-input\":{\"@type\":\"PropertyValueSpecification\",\"valueRequired\":true,\"valueName\":\"search_term_string\"}}],\"inLanguage\":\"es\"},{\"@type\":\"Organization\",\"@id\":\"https:\\\/\\\/elixscent.com\\\/#organization\",\"name\":\"ELIX air freshener manufacturer\",\"url\":\"https:\\\/\\\/elixscent.com\\\/\",\"logo\":{\"@type\":\"ImageObject\",\"inLanguage\":\"es\",\"@id\":\"https:\\\/\\\/elixscent.com\\\/#\\\/schema\\\/logo\\\/image\\\/\",\"url\":\"https:\\\/\\\/elixscent.com\\\/wp-content\\\/uploads\\\/elix_logo_1.0-_300.jpg\",\"contentUrl\":\"https:\\\/\\\/elixscent.com\\\/wp-content\\\/uploads\\\/elix_logo_1.0-_300.jpg\",\"width\":300,\"height\":257,\"caption\":\"ELIX air freshener manufacturer\"},\"image\":{\"@id\":\"https:\\\/\\\/elixscent.com\\\/#\\\/schema\\\/logo\\\/image\\\/\"},\"sameAs\":[\"https:\\\/\\\/www.linkedin.com\\\/company\\\/30084929\"]}]}<\/script>\n<!-- \/ Yoast SEO Premium plugin. -->","yoast_head_json":{"title":"DECOR reed diffuser with balls Hawaiian Breeze - ELiX EU air fresheners","description":"\u00a1Te presentamos nuestro nuevo difusor carrizo DECOR con peque\u00f1as canicas decorativas! Este difusor carrizo iluminar\u00e1 tu espacio con bonitos colores. Cada fragancia tiene su propio color. Disfrute de un nuevo concepto para la decoraci\u00f3n de su hogar, y m\u00e9zclelo con un dise\u00f1o diferente cada 30 d\u00edas.","robots":{"index":"index","follow":"follow","max-snippet":"max-snippet:-1","max-image-preview":"max-image-preview:large","max-video-preview":"max-video-preview:-1"},"canonical":"https:\/\/elixscent.com\/es\/producto\/decoracion-hawaiian-breeze\/","og_locale":"es_ES","og_type":"article","og_title":"DECOR reed diffuser with balls Hawaiian Breeze","og_description":"Meet our new Reed diffuser DECOR with small decorative marbles! This reed diffuser will light up your space with some nice colors! Each uniqe fragrance have it's own color. Enjoy new concept for home decoration, and mix it up with diffrent design every 30 days!","og_url":"https:\/\/elixscent.com\/es\/producto\/decoracion-hawaiian-breeze\/","og_site_name":"ELiX EU air fresheners","article_modified_time":"2024-10-14T13:14:50+00:00","og_image":[{"width":800,"height":800,"url":"https:\/\/elixscent.com\/wp-content\/uploads\/ELIX_RF100ml_HB_1.0_800.webp","type":"image\/webp"}],"twitter_card":"summary_large_image","twitter_misc":{"Tiempo de lectura":"1 minuto"},"schema":{"@context":"https:\/\/schema.org","@graph":[{"@type":"WebPage","@id":"https:\/\/elixscent.com\/product\/decor-hawaiian-breeze\/","url":"https:\/\/elixscent.com\/product\/decor-hawaiian-breeze\/","name":"DECOR reed diffuser with balls Hawaiian Breeze - ELiX EU air fresheners","isPartOf":{"@id":"https:\/\/elixscent.com\/#website"},"primaryImageOfPage":{"@id":"https:\/\/elixscent.com\/product\/decor-hawaiian-breeze\/#primaryimage"},"image":{"@id":"https:\/\/elixscent.com\/product\/decor-hawaiian-breeze\/#primaryimage"},"thumbnailUrl":"https:\/\/elixscent.com\/wp-content\/uploads\/ELIX_RF100ml_HB_1.0_800.webp","datePublished":"2024-06-13T07:25:51+00:00","dateModified":"2024-10-14T13:14:50+00:00","description":"\u00a1Te presentamos nuestro nuevo difusor carrizo DECOR con peque\u00f1as canicas decorativas! Este difusor carrizo iluminar\u00e1 tu espacio con bonitos colores. Cada fragancia tiene su propio color. Disfrute de un nuevo concepto para la decoraci\u00f3n de su hogar, y m\u00e9zclelo con un dise\u00f1o diferente cada 30 d\u00edas.","breadcrumb":{"@id":"https:\/\/elixscent.com\/product\/decor-hawaiian-breeze\/#breadcrumb"},"inLanguage":"es","potentialAction":[{"@type":"ReadAction","target":["https:\/\/elixscent.com\/product\/decor-hawaiian-breeze\/"]}]},{"@type":"ImageObject","inLanguage":"es","@id":"https:\/\/elixscent.com\/product\/decor-hawaiian-breeze\/#primaryimage","url":"https:\/\/elixscent.com\/wp-content\/uploads\/ELIX_RF100ml_HB_1.0_800.webp","contentUrl":"https:\/\/elixscent.com\/wp-content\/uploads\/ELIX_RF100ml_HB_1.0_800.webp","width":800,"height":800,"caption":"ELIX RF100ml HB 1.0 800"},{"@type":"BreadcrumbList","@id":"https:\/\/elixscent.com\/product\/decor-hawaiian-breeze\/#breadcrumb","itemListElement":[{"@type":"ListItem","position":1,"name":"Home","item":"https:\/\/elixscent.com\/"},{"@type":"ListItem","position":2,"name":"Products","item":"https:\/\/elixscent.com\/product\/"},{"@type":"ListItem","position":3,"name":"HOME PERFUME","item":"https:\/\/elixscent.com\/product-category\/home\/"},{"@type":"ListItem","position":4,"name":"DECOR reed diffuser with balls","item":"https:\/\/elixscent.com\/product-category\/reed-diffuser-with-balls\/"},{"@type":"ListItem","position":5,"name":"DECOR reed diffuser with balls Hawaiian Breeze"}]},{"@type":"WebSite","@id":"https:\/\/elixscent.com\/#website","url":"https:\/\/elixscent.com\/","name":"Ambientadores ELiX EU","description":"Aire y Tejido, Perfectamente Fresco","publisher":{"@id":"https:\/\/elixscent.com\/#organization"},"potentialAction":[{"@type":"SearchAction","target":{"@type":"EntryPoint","urlTemplate":"https:\/\/elixscent.com\/?s={search_term_string}"},"query-input":{"@type":"PropertyValueSpecification","valueRequired":true,"valueName":"search_term_string"}}],"inLanguage":"es"},{"@type":"Organization","@id":"https:\/\/elixscent.com\/#organization","name":"Fabricante de ambientadores ELIX","url":"https:\/\/elixscent.com\/","logo":{"@type":"ImageObject","inLanguage":"es","@id":"https:\/\/elixscent.com\/#\/schema\/logo\/image\/","url":"https:\/\/elixscent.com\/wp-content\/uploads\/elix_logo_1.0-_300.jpg","contentUrl":"https:\/\/elixscent.com\/wp-content\/uploads\/elix_logo_1.0-_300.jpg","width":300,"height":257,"caption":"ELIX air freshener manufacturer"},"image":{"@id":"https:\/\/elixscent.com\/#\/schema\/logo\/image\/"},"sameAs":["https:\/\/www.linkedin.com\/company\/30084929"]}]}},"_links":{"self":[{"href":"https:\/\/elixscent.com\/es\/wp-json\/wp\/v2\/product\/33936","targetHints":{"allow":["GET"]}}],"collection":[{"href":"https:\/\/elixscent.com\/es\/wp-json\/wp\/v2\/product"}],"about":[{"href":"https:\/\/elixscent.com\/es\/wp-json\/wp\/v2\/types\/product"}],"version-history":[{"count":9,"href":"https:\/\/elixscent.com\/es\/wp-json\/wp\/v2\/product\/33936\/revisions"}],"predecessor-version":[{"id":53345,"href":"https:\/\/elixscent.com\/es\/wp-json\/wp\/v2\/product\/33936\/revisions\/53345"}],"wp:featuredmedia":[{"embeddable":true,"href":"https:\/\/elixscent.com\/es\/wp-json\/wp\/v2\/media\/33932"}],"wp:attachment":[{"href":"https:\/\/elixscent.com\/es\/wp-json\/wp\/v2\/media?parent=33936"}],"curies":[{"name":"wp","href":"https:\/\/api.w.org\/{rel}","templated":true}]}}