{"id":29433,"date":"2023-06-16T07:20:27","date_gmt":"2023-06-16T07:20:27","guid":{"rendered":"https:\/\/elixscent.com\/?post_type=product&#038;p=29433"},"modified":"2024-10-14T11:19:58","modified_gmt":"2024-10-14T11:19:58","slug":"ringo-limon","status":"publish","type":"product","link":"https:\/\/elixscent.com\/es\/product\/ringo-lemon\/","title":{"rendered":"RINGO Lim\u00f3n"},"content":{"rendered":"<p>Experimente el estimulante aroma de los jugosos limones con RINGO. Este ambientador de coche est\u00e1 dise\u00f1ado por expertos para encajar perfectamente en cualquier rejilla de ventilaci\u00f3n del coche, infundiendo su veh\u00edculo con el vigorizante aroma de limones reci\u00e9n exprimidos.<\/p>\n<p>Disfrute de una experiencia de fragancia suave y duradera mientras RINGO libera continuamente r\u00e1fagas de aroma de lim\u00f3n picante, creando un ambiente refrescante y revitalizante durante sus viajes.<\/p>\n<p>Con su dise\u00f1o discreto y elegante, RINGO realza sin esfuerzo el interior de su coche, a\u00f1adiendo un toque de vitalidad y frescura. Deje que el refrescante aroma c\u00edtrico de los limones despierte sus sentidos y alegre su experiencia de conducci\u00f3n.<\/p>\n<p>Mejore sus desplazamientos diarios con el ambientador de coche RINGO Lim\u00f3n.<\/p>\n<p><span id=\"span-23-132\" class=\"ct-span oxy-stock-content-styles\"><em>&gt;&gt; Si desea comprar, visite nuestra tienda:<\/em><\/span> <a class=\"_ps2id\" href=\"https:\/\/airfresh24.com\/products\/shop\/ringo\/\" data-ps2id-offset=\"\"><strong>www.airfresh24.com<\/strong><\/a><\/p>","protected":false},"featured_media":29434,"parent":0,"menu_order":0,"template":"","class_list":["post-29433","product","type-product","status-publish","has-post-thumbnail","hentry","product_category-ringo"],"acf":[],"yoast_head":"<!-- This site is optimized with the Yoast SEO Premium plugin v27.4 (Yoast SEO v27.4) - https:\/\/yoast.com\/product\/yoast-seo-premium-wordpress\/ -->\n<title>RINGO Lemon - Polymer air freshener<\/title>\n<meta name=\"description\" content=\"With precise fragrance dosing during the injection process, our air fresheners ensure an distribution of scent throughout the material. The result? An exceptional scent experience every time\" \/>\n<meta name=\"robots\" content=\"index, follow, max-snippet:-1, max-image-preview:large, max-video-preview:-1\" \/>\n<link rel=\"canonical\" href=\"https:\/\/elixscent.com\/es\/producto\/ringo-limon\/\" \/>\n<meta property=\"og:locale\" content=\"es_ES\" \/>\n<meta property=\"og:type\" content=\"article\" \/>\n<meta property=\"og:title\" content=\"RINGO Lemon\" \/>\n<meta property=\"og:description\" content=\"With precise fragrance dosing during the injection process, our air fresheners ensure an distribution of scent throughout the material. The result? An exceptional scent experience every time\" \/>\n<meta property=\"og:url\" content=\"https:\/\/elixscent.com\/es\/producto\/ringo-limon\/\" \/>\n<meta property=\"og:site_name\" content=\"ELiX EU air fresheners\" \/>\n<meta property=\"article:modified_time\" content=\"2024-10-14T11:19:58+00:00\" \/>\n<meta property=\"og:image\" content=\"https:\/\/elixscent.com\/wp-content\/uploads\/ringo_lemon.png\" \/>\n\t<meta property=\"og:image:width\" content=\"250\" \/>\n\t<meta property=\"og:image:height\" content=\"611\" \/>\n\t<meta property=\"og:image:type\" content=\"image\/png\" \/>\n<meta name=\"twitter:card\" content=\"summary_large_image\" \/>\n<meta name=\"twitter:label1\" content=\"Tiempo de lectura\" \/>\n\t<meta name=\"twitter:data1\" content=\"1 minuto\" \/>\n<script type=\"application\/ld+json\" class=\"yoast-schema-graph\">{\"@context\":\"https:\\\/\\\/schema.org\",\"@graph\":[{\"@type\":\"WebPage\",\"@id\":\"https:\\\/\\\/elixscent.com\\\/product\\\/ringo-lemon\\\/\",\"url\":\"https:\\\/\\\/elixscent.com\\\/product\\\/ringo-lemon\\\/\",\"name\":\"RINGO Lemon - Polymer air freshener\",\"isPartOf\":{\"@id\":\"https:\\\/\\\/elixscent.com\\\/#website\"},\"primaryImageOfPage\":{\"@id\":\"https:\\\/\\\/elixscent.com\\\/product\\\/ringo-lemon\\\/#primaryimage\"},\"image\":{\"@id\":\"https:\\\/\\\/elixscent.com\\\/product\\\/ringo-lemon\\\/#primaryimage\"},\"thumbnailUrl\":\"https:\\\/\\\/elixscent.com\\\/wp-content\\\/uploads\\\/ringo_lemon.png\",\"datePublished\":\"2023-06-16T07:20:27+00:00\",\"dateModified\":\"2024-10-14T11:19:58+00:00\",\"description\":\"With precise fragrance dosing during the injection process, our air fresheners ensure an distribution of scent throughout the material. The result? An exceptional scent experience every time\",\"breadcrumb\":{\"@id\":\"https:\\\/\\\/elixscent.com\\\/product\\\/ringo-lemon\\\/#breadcrumb\"},\"inLanguage\":\"es\",\"potentialAction\":[{\"@type\":\"ReadAction\",\"target\":[\"https:\\\/\\\/elixscent.com\\\/product\\\/ringo-lemon\\\/\"]}]},{\"@type\":\"ImageObject\",\"inLanguage\":\"es\",\"@id\":\"https:\\\/\\\/elixscent.com\\\/product\\\/ringo-lemon\\\/#primaryimage\",\"url\":\"https:\\\/\\\/elixscent.com\\\/wp-content\\\/uploads\\\/ringo_lemon.png\",\"contentUrl\":\"https:\\\/\\\/elixscent.com\\\/wp-content\\\/uploads\\\/ringo_lemon.png\",\"width\":250,\"height\":611,\"caption\":\"ringo lemon\"},{\"@type\":\"BreadcrumbList\",\"@id\":\"https:\\\/\\\/elixscent.com\\\/product\\\/ringo-lemon\\\/#breadcrumb\",\"itemListElement\":[{\"@type\":\"ListItem\",\"position\":1,\"name\":\"Home\",\"item\":\"https:\\\/\\\/elixscent.com\\\/\"},{\"@type\":\"ListItem\",\"position\":2,\"name\":\"Products\",\"item\":\"https:\\\/\\\/elixscent.com\\\/product\\\/\"},{\"@type\":\"ListItem\",\"position\":3,\"name\":\"RINGO Lemon\"}]},{\"@type\":\"WebSite\",\"@id\":\"https:\\\/\\\/elixscent.com\\\/#website\",\"url\":\"https:\\\/\\\/elixscent.com\\\/\",\"name\":\"ELiX EU air fresheners\",\"description\":\"Air &amp; Fabric, Perfectly Fresh\",\"publisher\":{\"@id\":\"https:\\\/\\\/elixscent.com\\\/#organization\"},\"potentialAction\":[{\"@type\":\"SearchAction\",\"target\":{\"@type\":\"EntryPoint\",\"urlTemplate\":\"https:\\\/\\\/elixscent.com\\\/?s={search_term_string}\"},\"query-input\":{\"@type\":\"PropertyValueSpecification\",\"valueRequired\":true,\"valueName\":\"search_term_string\"}}],\"inLanguage\":\"es\"},{\"@type\":\"Organization\",\"@id\":\"https:\\\/\\\/elixscent.com\\\/#organization\",\"name\":\"ELIX air freshener manufacturer\",\"url\":\"https:\\\/\\\/elixscent.com\\\/\",\"logo\":{\"@type\":\"ImageObject\",\"inLanguage\":\"es\",\"@id\":\"https:\\\/\\\/elixscent.com\\\/#\\\/schema\\\/logo\\\/image\\\/\",\"url\":\"https:\\\/\\\/elixscent.com\\\/wp-content\\\/uploads\\\/elix_logo_1.0-_300.jpg\",\"contentUrl\":\"https:\\\/\\\/elixscent.com\\\/wp-content\\\/uploads\\\/elix_logo_1.0-_300.jpg\",\"width\":300,\"height\":257,\"caption\":\"ELIX air freshener manufacturer\"},\"image\":{\"@id\":\"https:\\\/\\\/elixscent.com\\\/#\\\/schema\\\/logo\\\/image\\\/\"},\"sameAs\":[\"https:\\\/\\\/www.linkedin.com\\\/company\\\/30084929\"]}]}<\/script>\n<!-- \/ Yoast SEO Premium plugin. -->","yoast_head_json":{"title":"RINGO Lim\u00f3n - Ambientador de pol\u00edmero","description":"Con una dosificaci\u00f3n precisa de la fragancia durante el proceso de inyecci\u00f3n, nuestros ambientadores garantizan una distribuci\u00f3n del aroma por todo el material. \u00bfEl resultado? Una experiencia arom\u00e1tica excepcional en todo momento.","robots":{"index":"index","follow":"follow","max-snippet":"max-snippet:-1","max-image-preview":"max-image-preview:large","max-video-preview":"max-video-preview:-1"},"canonical":"https:\/\/elixscent.com\/es\/producto\/ringo-limon\/","og_locale":"es_ES","og_type":"article","og_title":"RINGO Lemon","og_description":"With precise fragrance dosing during the injection process, our air fresheners ensure an distribution of scent throughout the material. The result? An exceptional scent experience every time","og_url":"https:\/\/elixscent.com\/es\/producto\/ringo-limon\/","og_site_name":"ELiX EU air fresheners","article_modified_time":"2024-10-14T11:19:58+00:00","og_image":[{"width":250,"height":611,"url":"https:\/\/elixscent.com\/wp-content\/uploads\/ringo_lemon.png","type":"image\/png"}],"twitter_card":"summary_large_image","twitter_misc":{"Tiempo de lectura":"1 minuto"},"schema":{"@context":"https:\/\/schema.org","@graph":[{"@type":"WebPage","@id":"https:\/\/elixscent.com\/product\/ringo-lemon\/","url":"https:\/\/elixscent.com\/product\/ringo-lemon\/","name":"RINGO Lim\u00f3n - Ambientador de pol\u00edmero","isPartOf":{"@id":"https:\/\/elixscent.com\/#website"},"primaryImageOfPage":{"@id":"https:\/\/elixscent.com\/product\/ringo-lemon\/#primaryimage"},"image":{"@id":"https:\/\/elixscent.com\/product\/ringo-lemon\/#primaryimage"},"thumbnailUrl":"https:\/\/elixscent.com\/wp-content\/uploads\/ringo_lemon.png","datePublished":"2023-06-16T07:20:27+00:00","dateModified":"2024-10-14T11:19:58+00:00","description":"Con una dosificaci\u00f3n precisa de la fragancia durante el proceso de inyecci\u00f3n, nuestros ambientadores garantizan una distribuci\u00f3n del aroma por todo el material. \u00bfEl resultado? Una experiencia arom\u00e1tica excepcional en todo momento.","breadcrumb":{"@id":"https:\/\/elixscent.com\/product\/ringo-lemon\/#breadcrumb"},"inLanguage":"es","potentialAction":[{"@type":"ReadAction","target":["https:\/\/elixscent.com\/product\/ringo-lemon\/"]}]},{"@type":"ImageObject","inLanguage":"es","@id":"https:\/\/elixscent.com\/product\/ringo-lemon\/#primaryimage","url":"https:\/\/elixscent.com\/wp-content\/uploads\/ringo_lemon.png","contentUrl":"https:\/\/elixscent.com\/wp-content\/uploads\/ringo_lemon.png","width":250,"height":611,"caption":"ringo lemon"},{"@type":"BreadcrumbList","@id":"https:\/\/elixscent.com\/product\/ringo-lemon\/#breadcrumb","itemListElement":[{"@type":"ListItem","position":1,"name":"Home","item":"https:\/\/elixscent.com\/"},{"@type":"ListItem","position":2,"name":"Products","item":"https:\/\/elixscent.com\/product\/"},{"@type":"ListItem","position":3,"name":"RINGO Lemon"}]},{"@type":"WebSite","@id":"https:\/\/elixscent.com\/#website","url":"https:\/\/elixscent.com\/","name":"Ambientadores ELiX EU","description":"Aire y Tejido, Perfectamente Fresco","publisher":{"@id":"https:\/\/elixscent.com\/#organization"},"potentialAction":[{"@type":"SearchAction","target":{"@type":"EntryPoint","urlTemplate":"https:\/\/elixscent.com\/?s={search_term_string}"},"query-input":{"@type":"PropertyValueSpecification","valueRequired":true,"valueName":"search_term_string"}}],"inLanguage":"es"},{"@type":"Organization","@id":"https:\/\/elixscent.com\/#organization","name":"Fabricante de ambientadores ELIX","url":"https:\/\/elixscent.com\/","logo":{"@type":"ImageObject","inLanguage":"es","@id":"https:\/\/elixscent.com\/#\/schema\/logo\/image\/","url":"https:\/\/elixscent.com\/wp-content\/uploads\/elix_logo_1.0-_300.jpg","contentUrl":"https:\/\/elixscent.com\/wp-content\/uploads\/elix_logo_1.0-_300.jpg","width":300,"height":257,"caption":"ELIX air freshener manufacturer"},"image":{"@id":"https:\/\/elixscent.com\/#\/schema\/logo\/image\/"},"sameAs":["https:\/\/www.linkedin.com\/company\/30084929"]}]}},"_links":{"self":[{"href":"https:\/\/elixscent.com\/es\/wp-json\/wp\/v2\/product\/29433","targetHints":{"allow":["GET"]}}],"collection":[{"href":"https:\/\/elixscent.com\/es\/wp-json\/wp\/v2\/product"}],"about":[{"href":"https:\/\/elixscent.com\/es\/wp-json\/wp\/v2\/types\/product"}],"version-history":[{"count":9,"href":"https:\/\/elixscent.com\/es\/wp-json\/wp\/v2\/product\/29433\/revisions"}],"predecessor-version":[{"id":53235,"href":"https:\/\/elixscent.com\/es\/wp-json\/wp\/v2\/product\/29433\/revisions\/53235"}],"wp:featuredmedia":[{"embeddable":true,"href":"https:\/\/elixscent.com\/es\/wp-json\/wp\/v2\/media\/29434"}],"wp:attachment":[{"href":"https:\/\/elixscent.com\/es\/wp-json\/wp\/v2\/media?parent=29433"}],"curies":[{"name":"wp","href":"https:\/\/api.w.org\/{rel}","templated":true}]}}