{"id":25752,"date":"2022-07-20T12:10:11","date_gmt":"2022-07-20T12:10:11","guid":{"rendered":"https:\/\/elixscent.com\/?post_type=product&#038;p=25752"},"modified":"2025-06-09T08:20:56","modified_gmt":"2025-06-09T08:20:56","slug":"niebla-gran-flor","status":"publish","type":"product","link":"https:\/\/elixscent.com\/es\/product\/mist-grand-blossom\/","title":{"rendered":"MIST Grand 500 Blossom"},"content":{"rendered":"<p class=\"ai-optimize-7 ai-optimize-introduction\" data-start=\"38\" data-end=\"372\">Despierte cualquier espacio con la frescura de <strong data-start=\"83\" data-end=\"99\">Flor de roc\u00edo<\/strong>delicadas flores de primavera besadas por la bruma de primera hora de la ma\u00f1ana, adornadas con hojas verdes y un susurro de pera. El extragrande <strong data-start=\"220\" data-end=\"230\">500 ml<\/strong> proporciona miles de pulverizaciones ultrafinas, perfectas para dormitorios, salones o ropa de cama siempre que necesite un efecto lifting instant\u00e1neo y duradero.<\/p>\n<p class=\"ai-optimize-8\" data-start=\"374\" data-end=\"388\"><strong data-start=\"374\" data-end=\"388\">Puntos clave<\/strong><\/p>\n<ul data-start=\"389\" data-end=\"655\">\n<li class=\"ai-optimize-9\" data-start=\"389\" data-end=\"449\">\n<p class=\"ai-optimize-10\" data-start=\"391\" data-end=\"449\"><strong data-start=\"391\" data-end=\"415\">Gran capacidad 500 ml<\/strong> botella con gatillo para un uso prolongado<\/p>\n<\/li>\n<li class=\"ai-optimize-11\" data-start=\"450\" data-end=\"508\">\n<p class=\"ai-optimize-12\" data-start=\"452\" data-end=\"508\"><strong data-start=\"452\" data-end=\"471\">Niebla ultrafina<\/strong> se dispersa uniformemente sin dejar manchas de humedad<\/p>\n<\/li>\n<li class=\"ai-optimize-13\" data-start=\"509\" data-end=\"588\">\n<p class=\"ai-optimize-14\" data-start=\"511\" data-end=\"588\"><strong data-start=\"511\" data-end=\"535\">F\u00f3rmula de acci\u00f3n r\u00e1pida<\/strong> neutraliza los olores y perfuma el aire en segundos<\/p>\n<\/li>\n<\/ul>\n<p class=\"ai-optimize-17\" data-start=\"657\" data-end=\"777\" data-is-last-node=\"\" data-is-only-node=\"\">Un suave apret\u00f3n envuelve su hogar en la elegancia a\u00e9rea de las flores de la ma\u00f1ana: frescas, limpias y acogedoras sin esfuerzo.<\/p>\n<p>&nbsp;<\/p>\n<blockquote>\n<p class=\"ai-optimize-6\"><em>Si desea comprar, visite nuestra tienda:<\/em><a class=\"_ps2id\" href=\"https:\/\/airfresh24.com\/products\/shop\/mist500\/\" data-ps2id-offset=\"\"><strong>www.airfresh24.com<\/strong><\/a><\/p>\n<\/blockquote>\n<p>&nbsp;<\/p>\n<p>&nbsp;<\/p>","protected":false},"featured_media":57937,"parent":0,"menu_order":64,"template":"","class_list":["post-25752","product","type-product","status-publish","has-post-thumbnail","hentry","product_category-mist-grand"],"acf":[],"yoast_head":"<!-- This site is optimized with the Yoast SEO Premium plugin v27.4 (Yoast SEO v27.4) - https:\/\/yoast.com\/product\/yoast-seo-premium-wordpress\/ -->\n<title>MIST Grand 500 Blossom home air freshener by ELiX<\/title>\n<meta name=\"description\" content=\"A great air freshener for the home as opposed to pressurized air fresheners which are mainly dedicated to the toilet. Natural aromas\" \/>\n<meta name=\"robots\" content=\"index, follow, max-snippet:-1, max-image-preview:large, max-video-preview:-1\" \/>\n<link rel=\"canonical\" href=\"https:\/\/elixscent.com\/es\/producto\/niebla-gran-flor\/\" \/>\n<meta property=\"og:locale\" content=\"es_ES\" \/>\n<meta property=\"og:type\" content=\"article\" \/>\n<meta property=\"og:title\" content=\"MIST Grand 500 Blossom\" \/>\n<meta property=\"og:description\" content=\"A great air freshener for the home as opposed to pressurized air fresheners which are mainly dedicated to the toilet. Natural aromas\" \/>\n<meta property=\"og:url\" content=\"https:\/\/elixscent.com\/es\/producto\/niebla-gran-flor\/\" \/>\n<meta property=\"og:site_name\" content=\"ELiX EU air fresheners\" \/>\n<meta property=\"article:modified_time\" content=\"2025-06-09T08:20:56+00:00\" \/>\n<meta property=\"og:image\" content=\"https:\/\/elixscent.com\/wp-content\/uploads\/WEBP_mist500_DB_product_1.0.webp\" \/>\n\t<meta property=\"og:image:width\" content=\"220\" \/>\n\t<meta property=\"og:image:height\" content=\"684\" \/>\n\t<meta property=\"og:image:type\" content=\"image\/webp\" \/>\n<meta name=\"twitter:card\" content=\"summary_large_image\" \/>\n<meta name=\"twitter:label1\" content=\"Tiempo de lectura\" \/>\n\t<meta name=\"twitter:data1\" content=\"1 minuto\" \/>\n<script type=\"application\/ld+json\" class=\"yoast-schema-graph\">{\"@context\":\"https:\\\/\\\/schema.org\",\"@graph\":[{\"@type\":\"WebPage\",\"@id\":\"https:\\\/\\\/elixscent.com\\\/product\\\/mist-grand-blossom\\\/\",\"url\":\"https:\\\/\\\/elixscent.com\\\/product\\\/mist-grand-blossom\\\/\",\"name\":\"MIST Grand 500 Blossom home air freshener by ELiX\",\"isPartOf\":{\"@id\":\"https:\\\/\\\/elixscent.com\\\/#website\"},\"primaryImageOfPage\":{\"@id\":\"https:\\\/\\\/elixscent.com\\\/product\\\/mist-grand-blossom\\\/#primaryimage\"},\"image\":{\"@id\":\"https:\\\/\\\/elixscent.com\\\/product\\\/mist-grand-blossom\\\/#primaryimage\"},\"thumbnailUrl\":\"https:\\\/\\\/elixscent.com\\\/wp-content\\\/uploads\\\/WEBP_mist500_DB_product_1.0.webp\",\"datePublished\":\"2022-07-20T12:10:11+00:00\",\"dateModified\":\"2025-06-09T08:20:56+00:00\",\"description\":\"A great air freshener for the home as opposed to pressurized air fresheners which are mainly dedicated to the toilet. Natural aromas\",\"breadcrumb\":{\"@id\":\"https:\\\/\\\/elixscent.com\\\/product\\\/mist-grand-blossom\\\/#breadcrumb\"},\"inLanguage\":\"es\",\"potentialAction\":[{\"@type\":\"ReadAction\",\"target\":[\"https:\\\/\\\/elixscent.com\\\/product\\\/mist-grand-blossom\\\/\"]}]},{\"@type\":\"ImageObject\",\"inLanguage\":\"es\",\"@id\":\"https:\\\/\\\/elixscent.com\\\/product\\\/mist-grand-blossom\\\/#primaryimage\",\"url\":\"https:\\\/\\\/elixscent.com\\\/wp-content\\\/uploads\\\/WEBP_mist500_DB_product_1.0.webp\",\"contentUrl\":\"https:\\\/\\\/elixscent.com\\\/wp-content\\\/uploads\\\/WEBP_mist500_DB_product_1.0.webp\",\"width\":220,\"height\":684,\"caption\":\"WEBP mist500 DB product 1.0\"},{\"@type\":\"BreadcrumbList\",\"@id\":\"https:\\\/\\\/elixscent.com\\\/product\\\/mist-grand-blossom\\\/#breadcrumb\",\"itemListElement\":[{\"@type\":\"ListItem\",\"position\":1,\"name\":\"Home\",\"item\":\"https:\\\/\\\/elixscent.com\\\/\"},{\"@type\":\"ListItem\",\"position\":2,\"name\":\"Products\",\"item\":\"https:\\\/\\\/elixscent.com\\\/product\\\/\"},{\"@type\":\"ListItem\",\"position\":3,\"name\":\"SPRAY AIR FRESHENERS\",\"item\":\"https:\\\/\\\/elixscent.com\\\/product-category\\\/air-spray\\\/\"},{\"@type\":\"ListItem\",\"position\":4,\"name\":\"Mist 500\",\"item\":\"https:\\\/\\\/elixscent.com\\\/product-category\\\/mist-grand\\\/\"},{\"@type\":\"ListItem\",\"position\":5,\"name\":\"MIST Grand 500 Blossom\"}]},{\"@type\":\"WebSite\",\"@id\":\"https:\\\/\\\/elixscent.com\\\/#website\",\"url\":\"https:\\\/\\\/elixscent.com\\\/\",\"name\":\"ELiX EU air fresheners\",\"description\":\"Air &amp; Fabric, Perfectly Fresh\",\"publisher\":{\"@id\":\"https:\\\/\\\/elixscent.com\\\/#organization\"},\"potentialAction\":[{\"@type\":\"SearchAction\",\"target\":{\"@type\":\"EntryPoint\",\"urlTemplate\":\"https:\\\/\\\/elixscent.com\\\/?s={search_term_string}\"},\"query-input\":{\"@type\":\"PropertyValueSpecification\",\"valueRequired\":true,\"valueName\":\"search_term_string\"}}],\"inLanguage\":\"es\"},{\"@type\":\"Organization\",\"@id\":\"https:\\\/\\\/elixscent.com\\\/#organization\",\"name\":\"ELIX air freshener manufacturer\",\"url\":\"https:\\\/\\\/elixscent.com\\\/\",\"logo\":{\"@type\":\"ImageObject\",\"inLanguage\":\"es\",\"@id\":\"https:\\\/\\\/elixscent.com\\\/#\\\/schema\\\/logo\\\/image\\\/\",\"url\":\"https:\\\/\\\/elixscent.com\\\/wp-content\\\/uploads\\\/elix_logo_1.0-_300.jpg\",\"contentUrl\":\"https:\\\/\\\/elixscent.com\\\/wp-content\\\/uploads\\\/elix_logo_1.0-_300.jpg\",\"width\":300,\"height\":257,\"caption\":\"ELIX air freshener manufacturer\"},\"image\":{\"@id\":\"https:\\\/\\\/elixscent.com\\\/#\\\/schema\\\/logo\\\/image\\\/\"},\"sameAs\":[\"https:\\\/\\\/www.linkedin.com\\\/company\\\/30084929\"]}]}<\/script>\n<!-- \/ Yoast SEO Premium plugin. -->","yoast_head_json":{"title":"Ambientador para el hogar MIST Grand 500 Blossom de ELiX","description":"Un gran ambientador para el hogar a diferencia de los ambientadores presurizados que se dedican principalmente al aseo. Aromas naturales","robots":{"index":"index","follow":"follow","max-snippet":"max-snippet:-1","max-image-preview":"max-image-preview:large","max-video-preview":"max-video-preview:-1"},"canonical":"https:\/\/elixscent.com\/es\/producto\/niebla-gran-flor\/","og_locale":"es_ES","og_type":"article","og_title":"MIST Grand 500 Blossom","og_description":"A great air freshener for the home as opposed to pressurized air fresheners which are mainly dedicated to the toilet. Natural aromas","og_url":"https:\/\/elixscent.com\/es\/producto\/niebla-gran-flor\/","og_site_name":"ELiX EU air fresheners","article_modified_time":"2025-06-09T08:20:56+00:00","og_image":[{"width":220,"height":684,"url":"https:\/\/elixscent.com\/wp-content\/uploads\/WEBP_mist500_DB_product_1.0.webp","type":"image\/webp"}],"twitter_card":"summary_large_image","twitter_misc":{"Tiempo de lectura":"1 minuto"},"schema":{"@context":"https:\/\/schema.org","@graph":[{"@type":"WebPage","@id":"https:\/\/elixscent.com\/product\/mist-grand-blossom\/","url":"https:\/\/elixscent.com\/product\/mist-grand-blossom\/","name":"Ambientador para el hogar MIST Grand 500 Blossom de ELiX","isPartOf":{"@id":"https:\/\/elixscent.com\/#website"},"primaryImageOfPage":{"@id":"https:\/\/elixscent.com\/product\/mist-grand-blossom\/#primaryimage"},"image":{"@id":"https:\/\/elixscent.com\/product\/mist-grand-blossom\/#primaryimage"},"thumbnailUrl":"https:\/\/elixscent.com\/wp-content\/uploads\/WEBP_mist500_DB_product_1.0.webp","datePublished":"2022-07-20T12:10:11+00:00","dateModified":"2025-06-09T08:20:56+00:00","description":"Un gran ambientador para el hogar a diferencia de los ambientadores presurizados que se dedican principalmente al aseo. Aromas naturales","breadcrumb":{"@id":"https:\/\/elixscent.com\/product\/mist-grand-blossom\/#breadcrumb"},"inLanguage":"es","potentialAction":[{"@type":"ReadAction","target":["https:\/\/elixscent.com\/product\/mist-grand-blossom\/"]}]},{"@type":"ImageObject","inLanguage":"es","@id":"https:\/\/elixscent.com\/product\/mist-grand-blossom\/#primaryimage","url":"https:\/\/elixscent.com\/wp-content\/uploads\/WEBP_mist500_DB_product_1.0.webp","contentUrl":"https:\/\/elixscent.com\/wp-content\/uploads\/WEBP_mist500_DB_product_1.0.webp","width":220,"height":684,"caption":"WEBP mist500 DB product 1.0"},{"@type":"BreadcrumbList","@id":"https:\/\/elixscent.com\/product\/mist-grand-blossom\/#breadcrumb","itemListElement":[{"@type":"ListItem","position":1,"name":"Home","item":"https:\/\/elixscent.com\/"},{"@type":"ListItem","position":2,"name":"Products","item":"https:\/\/elixscent.com\/product\/"},{"@type":"ListItem","position":3,"name":"SPRAY AIR FRESHENERS","item":"https:\/\/elixscent.com\/product-category\/air-spray\/"},{"@type":"ListItem","position":4,"name":"Mist 500","item":"https:\/\/elixscent.com\/product-category\/mist-grand\/"},{"@type":"ListItem","position":5,"name":"MIST Grand 500 Blossom"}]},{"@type":"WebSite","@id":"https:\/\/elixscent.com\/#website","url":"https:\/\/elixscent.com\/","name":"Ambientadores ELiX EU","description":"Aire y Tejido, Perfectamente Fresco","publisher":{"@id":"https:\/\/elixscent.com\/#organization"},"potentialAction":[{"@type":"SearchAction","target":{"@type":"EntryPoint","urlTemplate":"https:\/\/elixscent.com\/?s={search_term_string}"},"query-input":{"@type":"PropertyValueSpecification","valueRequired":true,"valueName":"search_term_string"}}],"inLanguage":"es"},{"@type":"Organization","@id":"https:\/\/elixscent.com\/#organization","name":"Fabricante de ambientadores ELIX","url":"https:\/\/elixscent.com\/","logo":{"@type":"ImageObject","inLanguage":"es","@id":"https:\/\/elixscent.com\/#\/schema\/logo\/image\/","url":"https:\/\/elixscent.com\/wp-content\/uploads\/elix_logo_1.0-_300.jpg","contentUrl":"https:\/\/elixscent.com\/wp-content\/uploads\/elix_logo_1.0-_300.jpg","width":300,"height":257,"caption":"ELIX air freshener manufacturer"},"image":{"@id":"https:\/\/elixscent.com\/#\/schema\/logo\/image\/"},"sameAs":["https:\/\/www.linkedin.com\/company\/30084929"]}]}},"_links":{"self":[{"href":"https:\/\/elixscent.com\/es\/wp-json\/wp\/v2\/product\/25752","targetHints":{"allow":["GET"]}}],"collection":[{"href":"https:\/\/elixscent.com\/es\/wp-json\/wp\/v2\/product"}],"about":[{"href":"https:\/\/elixscent.com\/es\/wp-json\/wp\/v2\/types\/product"}],"version-history":[{"count":12,"href":"https:\/\/elixscent.com\/es\/wp-json\/wp\/v2\/product\/25752\/revisions"}],"predecessor-version":[{"id":57939,"href":"https:\/\/elixscent.com\/es\/wp-json\/wp\/v2\/product\/25752\/revisions\/57939"}],"wp:featuredmedia":[{"embeddable":true,"href":"https:\/\/elixscent.com\/es\/wp-json\/wp\/v2\/media\/57937"}],"wp:attachment":[{"href":"https:\/\/elixscent.com\/es\/wp-json\/wp\/v2\/media?parent=25752"}],"curies":[{"name":"wp","href":"https:\/\/api.w.org\/{rel}","templated":true}]}}