{"id":25342,"date":"2022-07-13T11:51:57","date_gmt":"2022-07-13T11:51:57","guid":{"rendered":"https:\/\/elixscent.com\/?post_type=product&#038;p=25342"},"modified":"2024-10-14T13:19:18","modified_gmt":"2024-10-14T13:19:18","slug":"bh-garden","status":"publish","type":"product","link":"https:\/\/elixscent.com\/es\/product\/bh-garden\/","title":{"rendered":"BLOOM at HOME English Garden"},"content":{"rendered":"<p>Name of the product is its <em>essence...<\/em> W<span class=\"Y2IQFc\" lang=\"en\">hile releasing the fragrance <\/span>you can feel like being in beautiful, green english garden with fresh scent of blooming roses. At first, you feel the smell of a beautiful sweet rose, with every moment gains additional freshness of green stems plucked straight from the bush. Flower gradually colors from the center to the tips of the petals until it gets like <strong>tea rose.<\/strong><\/p>\n<p>Elegante botella con una pegatina decorativa encajar\u00e1 en cualquier interior. Hermoso color de la flor ser\u00e1 una parte olorosa y tastefull de la decoraci\u00f3n de su hogar.<\/p>\n<p>Deje que la flor se empape y florezca con color y disfrute del gran aroma incluso cuando el l\u00edquido haya desaparecido. La flor oler\u00e1 durante mucho m\u00e1s tiempo.<\/p>\n<p><span id=\"span-23-132\" class=\"ct-span oxy-stock-content-styles\"><em>&gt;&gt; Si desea comprar, visite nuestra tienda:<\/em> <a class=\"_ps2id\" href=\"https:\/\/airfresh24.com\/products\/shop\/bloom-at-home\/\" data-ps2id-offset=\"\"><strong>www.airfresh24.com<\/strong><\/a><\/span><\/p>","protected":false},"featured_media":28359,"parent":0,"menu_order":105,"template":"","class_list":["post-25342","product","type-product","status-publish","has-post-thumbnail","hentry","product_category-bh","product_category-home"],"acf":[],"yoast_head":"<!-- This site is optimized with the Yoast SEO Premium plugin v27.4 (Yoast SEO v27.4) - https:\/\/yoast.com\/product\/yoast-seo-premium-wordpress\/ -->\n<title>BLOOM at HOME English Garden home air perfume by ELiX<\/title>\n<meta name=\"description\" content=\"An all-natural, handmade air freshener. Natural sola floral extracts and hand-formed flower from dried plant. Probably the only one on the market.\" \/>\n<meta name=\"robots\" content=\"index, follow, max-snippet:-1, max-image-preview:large, max-video-preview:-1\" \/>\n<link rel=\"canonical\" href=\"https:\/\/elixscent.com\/es\/producto\/bh-garden\/\" \/>\n<meta property=\"og:locale\" content=\"es_ES\" \/>\n<meta property=\"og:type\" content=\"article\" \/>\n<meta property=\"og:title\" content=\"BLOOM at HOME English Garden\" \/>\n<meta property=\"og:description\" content=\"An all-natural, handmade air freshener. Natural sola floral extracts and hand-formed flower from dried plant. Probably the only one on the market.\" \/>\n<meta property=\"og:url\" content=\"https:\/\/elixscent.com\/es\/producto\/bh-garden\/\" \/>\n<meta property=\"og:site_name\" content=\"ELiX EU air fresheners\" \/>\n<meta property=\"article:modified_time\" content=\"2024-10-14T13:19:18+00:00\" \/>\n<meta property=\"og:image\" content=\"https:\/\/elixscent.com\/wp-content\/uploads\/BAH2.0_englishgarden_F1.jpg\" \/>\n\t<meta property=\"og:image:width\" content=\"600\" \/>\n\t<meta property=\"og:image:height\" content=\"600\" \/>\n\t<meta property=\"og:image:type\" content=\"image\/jpeg\" \/>\n<meta name=\"twitter:card\" content=\"summary_large_image\" \/>\n<meta name=\"twitter:label1\" content=\"Tiempo de lectura\" \/>\n\t<meta name=\"twitter:data1\" content=\"1 minuto\" \/>\n<script type=\"application\/ld+json\" class=\"yoast-schema-graph\">{\"@context\":\"https:\\\/\\\/schema.org\",\"@graph\":[{\"@type\":\"WebPage\",\"@id\":\"https:\\\/\\\/elixscent.com\\\/product\\\/bh-garden\\\/\",\"url\":\"https:\\\/\\\/elixscent.com\\\/product\\\/bh-garden\\\/\",\"name\":\"BLOOM at HOME English Garden home air perfume by ELiX\",\"isPartOf\":{\"@id\":\"https:\\\/\\\/elixscent.com\\\/#website\"},\"primaryImageOfPage\":{\"@id\":\"https:\\\/\\\/elixscent.com\\\/product\\\/bh-garden\\\/#primaryimage\"},\"image\":{\"@id\":\"https:\\\/\\\/elixscent.com\\\/product\\\/bh-garden\\\/#primaryimage\"},\"thumbnailUrl\":\"https:\\\/\\\/elixscent.com\\\/wp-content\\\/uploads\\\/BAH2.0_englishgarden_F1.jpg\",\"datePublished\":\"2022-07-13T11:51:57+00:00\",\"dateModified\":\"2024-10-14T13:19:18+00:00\",\"description\":\"An all-natural, handmade air freshener. Natural sola floral extracts and hand-formed flower from dried plant. Probably the only one on the market.\",\"breadcrumb\":{\"@id\":\"https:\\\/\\\/elixscent.com\\\/product\\\/bh-garden\\\/#breadcrumb\"},\"inLanguage\":\"es\",\"potentialAction\":[{\"@type\":\"ReadAction\",\"target\":[\"https:\\\/\\\/elixscent.com\\\/product\\\/bh-garden\\\/\"]}]},{\"@type\":\"ImageObject\",\"inLanguage\":\"es\",\"@id\":\"https:\\\/\\\/elixscent.com\\\/product\\\/bh-garden\\\/#primaryimage\",\"url\":\"https:\\\/\\\/elixscent.com\\\/wp-content\\\/uploads\\\/BAH2.0_englishgarden_F1.jpg\",\"contentUrl\":\"https:\\\/\\\/elixscent.com\\\/wp-content\\\/uploads\\\/BAH2.0_englishgarden_F1.jpg\",\"width\":600,\"height\":600,\"caption\":\"BAH2.0 englishgarden F1\"},{\"@type\":\"BreadcrumbList\",\"@id\":\"https:\\\/\\\/elixscent.com\\\/product\\\/bh-garden\\\/#breadcrumb\",\"itemListElement\":[{\"@type\":\"ListItem\",\"position\":1,\"name\":\"Home\",\"item\":\"https:\\\/\\\/elixscent.com\\\/\"},{\"@type\":\"ListItem\",\"position\":2,\"name\":\"Products\",\"item\":\"https:\\\/\\\/elixscent.com\\\/product\\\/\"},{\"@type\":\"ListItem\",\"position\":3,\"name\":\"HOME PERFUME\",\"item\":\"https:\\\/\\\/elixscent.com\\\/product-category\\\/home\\\/\"},{\"@type\":\"ListItem\",\"position\":4,\"name\":\"BLOOM at HOME English Garden\"}]},{\"@type\":\"WebSite\",\"@id\":\"https:\\\/\\\/elixscent.com\\\/#website\",\"url\":\"https:\\\/\\\/elixscent.com\\\/\",\"name\":\"ELiX EU air fresheners\",\"description\":\"Air &amp; Fabric, Perfectly Fresh\",\"publisher\":{\"@id\":\"https:\\\/\\\/elixscent.com\\\/#organization\"},\"potentialAction\":[{\"@type\":\"SearchAction\",\"target\":{\"@type\":\"EntryPoint\",\"urlTemplate\":\"https:\\\/\\\/elixscent.com\\\/?s={search_term_string}\"},\"query-input\":{\"@type\":\"PropertyValueSpecification\",\"valueRequired\":true,\"valueName\":\"search_term_string\"}}],\"inLanguage\":\"es\"},{\"@type\":\"Organization\",\"@id\":\"https:\\\/\\\/elixscent.com\\\/#organization\",\"name\":\"ELIX air freshener manufacturer\",\"url\":\"https:\\\/\\\/elixscent.com\\\/\",\"logo\":{\"@type\":\"ImageObject\",\"inLanguage\":\"es\",\"@id\":\"https:\\\/\\\/elixscent.com\\\/#\\\/schema\\\/logo\\\/image\\\/\",\"url\":\"https:\\\/\\\/elixscent.com\\\/wp-content\\\/uploads\\\/elix_logo_1.0-_300.jpg\",\"contentUrl\":\"https:\\\/\\\/elixscent.com\\\/wp-content\\\/uploads\\\/elix_logo_1.0-_300.jpg\",\"width\":300,\"height\":257,\"caption\":\"ELIX air freshener manufacturer\"},\"image\":{\"@id\":\"https:\\\/\\\/elixscent.com\\\/#\\\/schema\\\/logo\\\/image\\\/\"},\"sameAs\":[\"https:\\\/\\\/www.linkedin.com\\\/company\\\/30084929\"]}]}<\/script>\n<!-- \/ Yoast SEO Premium plugin. -->","yoast_head_json":{"title":"BLOOM at HOME English Garden home air perfume by ELiX","description":"An all-natural, handmade air freshener. Natural sola floral extracts and hand-formed flower from dried plant. Probably the only one on the market.","robots":{"index":"index","follow":"follow","max-snippet":"max-snippet:-1","max-image-preview":"max-image-preview:large","max-video-preview":"max-video-preview:-1"},"canonical":"https:\/\/elixscent.com\/es\/producto\/bh-garden\/","og_locale":"es_ES","og_type":"article","og_title":"BLOOM at HOME English Garden","og_description":"An all-natural, handmade air freshener. Natural sola floral extracts and hand-formed flower from dried plant. Probably the only one on the market.","og_url":"https:\/\/elixscent.com\/es\/producto\/bh-garden\/","og_site_name":"ELiX EU air fresheners","article_modified_time":"2024-10-14T13:19:18+00:00","og_image":[{"width":600,"height":600,"url":"https:\/\/elixscent.com\/wp-content\/uploads\/BAH2.0_englishgarden_F1.jpg","type":"image\/jpeg"}],"twitter_card":"summary_large_image","twitter_misc":{"Tiempo de lectura":"1 minuto"},"schema":{"@context":"https:\/\/schema.org","@graph":[{"@type":"WebPage","@id":"https:\/\/elixscent.com\/product\/bh-garden\/","url":"https:\/\/elixscent.com\/product\/bh-garden\/","name":"BLOOM at HOME English Garden home air perfume by ELiX","isPartOf":{"@id":"https:\/\/elixscent.com\/#website"},"primaryImageOfPage":{"@id":"https:\/\/elixscent.com\/product\/bh-garden\/#primaryimage"},"image":{"@id":"https:\/\/elixscent.com\/product\/bh-garden\/#primaryimage"},"thumbnailUrl":"https:\/\/elixscent.com\/wp-content\/uploads\/BAH2.0_englishgarden_F1.jpg","datePublished":"2022-07-13T11:51:57+00:00","dateModified":"2024-10-14T13:19:18+00:00","description":"An all-natural, handmade air freshener. Natural sola floral extracts and hand-formed flower from dried plant. Probably the only one on the market.","breadcrumb":{"@id":"https:\/\/elixscent.com\/product\/bh-garden\/#breadcrumb"},"inLanguage":"es","potentialAction":[{"@type":"ReadAction","target":["https:\/\/elixscent.com\/product\/bh-garden\/"]}]},{"@type":"ImageObject","inLanguage":"es","@id":"https:\/\/elixscent.com\/product\/bh-garden\/#primaryimage","url":"https:\/\/elixscent.com\/wp-content\/uploads\/BAH2.0_englishgarden_F1.jpg","contentUrl":"https:\/\/elixscent.com\/wp-content\/uploads\/BAH2.0_englishgarden_F1.jpg","width":600,"height":600,"caption":"BAH2.0 englishgarden F1"},{"@type":"BreadcrumbList","@id":"https:\/\/elixscent.com\/product\/bh-garden\/#breadcrumb","itemListElement":[{"@type":"ListItem","position":1,"name":"Home","item":"https:\/\/elixscent.com\/"},{"@type":"ListItem","position":2,"name":"Products","item":"https:\/\/elixscent.com\/product\/"},{"@type":"ListItem","position":3,"name":"HOME PERFUME","item":"https:\/\/elixscent.com\/product-category\/home\/"},{"@type":"ListItem","position":4,"name":"BLOOM at HOME English Garden"}]},{"@type":"WebSite","@id":"https:\/\/elixscent.com\/#website","url":"https:\/\/elixscent.com\/","name":"Ambientadores ELiX EU","description":"Aire y Tejido, Perfectamente Fresco","publisher":{"@id":"https:\/\/elixscent.com\/#organization"},"potentialAction":[{"@type":"SearchAction","target":{"@type":"EntryPoint","urlTemplate":"https:\/\/elixscent.com\/?s={search_term_string}"},"query-input":{"@type":"PropertyValueSpecification","valueRequired":true,"valueName":"search_term_string"}}],"inLanguage":"es"},{"@type":"Organization","@id":"https:\/\/elixscent.com\/#organization","name":"Fabricante de ambientadores ELIX","url":"https:\/\/elixscent.com\/","logo":{"@type":"ImageObject","inLanguage":"es","@id":"https:\/\/elixscent.com\/#\/schema\/logo\/image\/","url":"https:\/\/elixscent.com\/wp-content\/uploads\/elix_logo_1.0-_300.jpg","contentUrl":"https:\/\/elixscent.com\/wp-content\/uploads\/elix_logo_1.0-_300.jpg","width":300,"height":257,"caption":"ELIX air freshener manufacturer"},"image":{"@id":"https:\/\/elixscent.com\/#\/schema\/logo\/image\/"},"sameAs":["https:\/\/www.linkedin.com\/company\/30084929"]}]}},"_links":{"self":[{"href":"https:\/\/elixscent.com\/es\/wp-json\/wp\/v2\/product\/25342","targetHints":{"allow":["GET"]}}],"collection":[{"href":"https:\/\/elixscent.com\/es\/wp-json\/wp\/v2\/product"}],"about":[{"href":"https:\/\/elixscent.com\/es\/wp-json\/wp\/v2\/types\/product"}],"version-history":[{"count":17,"href":"https:\/\/elixscent.com\/es\/wp-json\/wp\/v2\/product\/25342\/revisions"}],"predecessor-version":[{"id":53357,"href":"https:\/\/elixscent.com\/es\/wp-json\/wp\/v2\/product\/25342\/revisions\/53357"}],"wp:featuredmedia":[{"embeddable":true,"href":"https:\/\/elixscent.com\/es\/wp-json\/wp\/v2\/media\/28359"}],"wp:attachment":[{"href":"https:\/\/elixscent.com\/es\/wp-json\/wp\/v2\/media?parent=25342"}],"curies":[{"name":"wp","href":"https:\/\/api.w.org\/{rel}","templated":true}]}}