{"id":24894,"date":"2022-07-12T07:23:47","date_gmt":"2022-07-12T07:23:47","guid":{"rendered":"https:\/\/elixscent.com\/?post_type=product&#038;p=24894"},"modified":"2023-02-08T14:46:55","modified_gmt":"2023-02-08T14:46:55","slug":"gs015-ro","status":"publish","type":"product","link":"https:\/\/elixscent.com\/es\/product\/gs015-ro\/","title":{"rendered":"Bolsita verde BIO Rosa"},"content":{"rendered":"","protected":false},"featured_media":25018,"parent":0,"menu_order":233,"template":"","class_list":["post-24894","product","type-product","status-publish","has-post-thumbnail","hentry","product_category-sachet-organic-green","product_category-scented-sachets"],"acf":[],"yoast_head":"<!-- This site is optimized with the Yoast SEO Premium plugin v27.2 (Yoast SEO v27.4) - https:\/\/yoast.com\/product\/yoast-seo-premium-wordpress\/ -->\n<title>Green Sachet ORGANIC Rose air freshener by ELiX<\/title>\n<meta name=\"description\" content=\"The best air freshener for the home and car. Scented granules releasing fragrance long and evenly. Best known method of room aromatization\" \/>\n<meta name=\"robots\" content=\"index, follow, max-snippet:-1, max-image-preview:large, max-video-preview:-1\" \/>\n<link rel=\"canonical\" href=\"https:\/\/elixscent.com\/es\/producto\/gs015-ro\/\" \/>\n<meta property=\"og:locale\" content=\"es_ES\" \/>\n<meta property=\"og:type\" content=\"article\" \/>\n<meta property=\"og:title\" content=\"Green Sachet ORGANIC Rose\" \/>\n<meta property=\"og:description\" content=\"The best air freshener for the home and car. Scented granules releasing fragrance long and evenly. Best known method of room aromatization\" \/>\n<meta property=\"og:url\" content=\"https:\/\/elixscent.com\/es\/producto\/gs015-ro\/\" \/>\n<meta property=\"og:site_name\" content=\"ELiX EU air fresheners\" \/>\n<meta property=\"article:modified_time\" content=\"2023-02-08T14:46:55+00:00\" \/>\n<meta property=\"og:image\" content=\"https:\/\/elixscent.com\/wp-content\/uploads\/NS_rose_1.0.png\" \/>\n\t<meta property=\"og:image:width\" content=\"270\" \/>\n\t<meta property=\"og:image:height\" content=\"592\" \/>\n\t<meta property=\"og:image:type\" content=\"image\/png\" \/>\n<meta name=\"twitter:card\" content=\"summary_large_image\" \/>\n<script type=\"application\/ld+json\" class=\"yoast-schema-graph\">{\"@context\":\"https:\\\/\\\/schema.org\",\"@graph\":[{\"@type\":\"WebPage\",\"@id\":\"https:\\\/\\\/elixscent.com\\\/product\\\/gs015-ro\\\/\",\"url\":\"https:\\\/\\\/elixscent.com\\\/product\\\/gs015-ro\\\/\",\"name\":\"Green Sachet ORGANIC Rose air freshener by ELiX\",\"isPartOf\":{\"@id\":\"https:\\\/\\\/elixscent.com\\\/#website\"},\"primaryImageOfPage\":{\"@id\":\"https:\\\/\\\/elixscent.com\\\/product\\\/gs015-ro\\\/#primaryimage\"},\"image\":{\"@id\":\"https:\\\/\\\/elixscent.com\\\/product\\\/gs015-ro\\\/#primaryimage\"},\"thumbnailUrl\":\"https:\\\/\\\/elixscent.com\\\/wp-content\\\/uploads\\\/NS_rose_1.0.png\",\"datePublished\":\"2022-07-12T07:23:47+00:00\",\"dateModified\":\"2023-02-08T14:46:55+00:00\",\"description\":\"The best air freshener for the home and car. Scented granules releasing fragrance long and evenly. Best known method of room aromatization\",\"breadcrumb\":{\"@id\":\"https:\\\/\\\/elixscent.com\\\/product\\\/gs015-ro\\\/#breadcrumb\"},\"inLanguage\":\"es\",\"potentialAction\":[{\"@type\":\"ReadAction\",\"target\":[\"https:\\\/\\\/elixscent.com\\\/product\\\/gs015-ro\\\/\"]}]},{\"@type\":\"ImageObject\",\"inLanguage\":\"es\",\"@id\":\"https:\\\/\\\/elixscent.com\\\/product\\\/gs015-ro\\\/#primaryimage\",\"url\":\"https:\\\/\\\/elixscent.com\\\/wp-content\\\/uploads\\\/NS_rose_1.0.png\",\"contentUrl\":\"https:\\\/\\\/elixscent.com\\\/wp-content\\\/uploads\\\/NS_rose_1.0.png\",\"width\":270,\"height\":592,\"caption\":\"NS rose 1.0\"},{\"@type\":\"BreadcrumbList\",\"@id\":\"https:\\\/\\\/elixscent.com\\\/product\\\/gs015-ro\\\/#breadcrumb\",\"itemListElement\":[{\"@type\":\"ListItem\",\"position\":1,\"name\":\"Home\",\"item\":\"https:\\\/\\\/elixscent.com\\\/\"},{\"@type\":\"ListItem\",\"position\":2,\"name\":\"Products\",\"item\":\"https:\\\/\\\/elixscent.com\\\/product\\\/\"},{\"@type\":\"ListItem\",\"position\":3,\"name\":\"SCENTED SACHETS\",\"item\":\"https:\\\/\\\/elixscent.com\\\/product-category\\\/scented-sachets\\\/\"},{\"@type\":\"ListItem\",\"position\":4,\"name\":\"Green Sachet ORGANIC Rose\"}]},{\"@type\":\"WebSite\",\"@id\":\"https:\\\/\\\/elixscent.com\\\/#website\",\"url\":\"https:\\\/\\\/elixscent.com\\\/\",\"name\":\"ELiX EU air fresheners\",\"description\":\"Air &amp; Fabric, Perfectly Fresh\",\"publisher\":{\"@id\":\"https:\\\/\\\/elixscent.com\\\/#organization\"},\"potentialAction\":[{\"@type\":\"SearchAction\",\"target\":{\"@type\":\"EntryPoint\",\"urlTemplate\":\"https:\\\/\\\/elixscent.com\\\/?s={search_term_string}\"},\"query-input\":{\"@type\":\"PropertyValueSpecification\",\"valueRequired\":true,\"valueName\":\"search_term_string\"}}],\"inLanguage\":\"es\"},{\"@type\":\"Organization\",\"@id\":\"https:\\\/\\\/elixscent.com\\\/#organization\",\"name\":\"ELIX air freshener manufacturer\",\"url\":\"https:\\\/\\\/elixscent.com\\\/\",\"logo\":{\"@type\":\"ImageObject\",\"inLanguage\":\"es\",\"@id\":\"https:\\\/\\\/elixscent.com\\\/#\\\/schema\\\/logo\\\/image\\\/\",\"url\":\"https:\\\/\\\/elixscent.com\\\/wp-content\\\/uploads\\\/elix_logo_1.0-_300.jpg\",\"contentUrl\":\"https:\\\/\\\/elixscent.com\\\/wp-content\\\/uploads\\\/elix_logo_1.0-_300.jpg\",\"width\":300,\"height\":257,\"caption\":\"ELIX air freshener manufacturer\"},\"image\":{\"@id\":\"https:\\\/\\\/elixscent.com\\\/#\\\/schema\\\/logo\\\/image\\\/\"},\"sameAs\":[\"https:\\\/\\\/www.linkedin.com\\\/company\\\/30084929\"]}]}<\/script>\n<!-- \/ Yoast SEO Premium plugin. -->","yoast_head_json":{"title":"Ambientador Green Sachet BIO Rosa de ELiX","description":"El mejor ambientador para el hogar y el coche. Gr\u00e1nulos perfumados que liberan la fragancia de forma prolongada y uniforme. El mejor m\u00e9todo conocido de aromatizaci\u00f3n de ambientes","robots":{"index":"index","follow":"follow","max-snippet":"max-snippet:-1","max-image-preview":"max-image-preview:large","max-video-preview":"max-video-preview:-1"},"canonical":"https:\/\/elixscent.com\/es\/producto\/gs015-ro\/","og_locale":"es_ES","og_type":"article","og_title":"Green Sachet ORGANIC Rose","og_description":"The best air freshener for the home and car. Scented granules releasing fragrance long and evenly. Best known method of room aromatization","og_url":"https:\/\/elixscent.com\/es\/producto\/gs015-ro\/","og_site_name":"ELiX EU air fresheners","article_modified_time":"2023-02-08T14:46:55+00:00","og_image":[{"width":270,"height":592,"url":"https:\/\/elixscent.com\/wp-content\/uploads\/NS_rose_1.0.png","type":"image\/png"}],"twitter_card":"summary_large_image","schema":{"@context":"https:\/\/schema.org","@graph":[{"@type":"WebPage","@id":"https:\/\/elixscent.com\/product\/gs015-ro\/","url":"https:\/\/elixscent.com\/product\/gs015-ro\/","name":"Ambientador Green Sachet BIO Rosa de ELiX","isPartOf":{"@id":"https:\/\/elixscent.com\/#website"},"primaryImageOfPage":{"@id":"https:\/\/elixscent.com\/product\/gs015-ro\/#primaryimage"},"image":{"@id":"https:\/\/elixscent.com\/product\/gs015-ro\/#primaryimage"},"thumbnailUrl":"https:\/\/elixscent.com\/wp-content\/uploads\/NS_rose_1.0.png","datePublished":"2022-07-12T07:23:47+00:00","dateModified":"2023-02-08T14:46:55+00:00","description":"El mejor ambientador para el hogar y el coche. Gr\u00e1nulos perfumados que liberan la fragancia de forma prolongada y uniforme. El mejor m\u00e9todo conocido de aromatizaci\u00f3n de ambientes","breadcrumb":{"@id":"https:\/\/elixscent.com\/product\/gs015-ro\/#breadcrumb"},"inLanguage":"es","potentialAction":[{"@type":"ReadAction","target":["https:\/\/elixscent.com\/product\/gs015-ro\/"]}]},{"@type":"ImageObject","inLanguage":"es","@id":"https:\/\/elixscent.com\/product\/gs015-ro\/#primaryimage","url":"https:\/\/elixscent.com\/wp-content\/uploads\/NS_rose_1.0.png","contentUrl":"https:\/\/elixscent.com\/wp-content\/uploads\/NS_rose_1.0.png","width":270,"height":592,"caption":"NS rose 1.0"},{"@type":"BreadcrumbList","@id":"https:\/\/elixscent.com\/product\/gs015-ro\/#breadcrumb","itemListElement":[{"@type":"ListItem","position":1,"name":"Home","item":"https:\/\/elixscent.com\/"},{"@type":"ListItem","position":2,"name":"Products","item":"https:\/\/elixscent.com\/product\/"},{"@type":"ListItem","position":3,"name":"SCENTED SACHETS","item":"https:\/\/elixscent.com\/product-category\/scented-sachets\/"},{"@type":"ListItem","position":4,"name":"Green Sachet ORGANIC Rose"}]},{"@type":"WebSite","@id":"https:\/\/elixscent.com\/#website","url":"https:\/\/elixscent.com\/","name":"Ambientadores ELiX EU","description":"Aire y Tejido, Perfectamente Fresco","publisher":{"@id":"https:\/\/elixscent.com\/#organization"},"potentialAction":[{"@type":"SearchAction","target":{"@type":"EntryPoint","urlTemplate":"https:\/\/elixscent.com\/?s={search_term_string}"},"query-input":{"@type":"PropertyValueSpecification","valueRequired":true,"valueName":"search_term_string"}}],"inLanguage":"es"},{"@type":"Organization","@id":"https:\/\/elixscent.com\/#organization","name":"Fabricante de ambientadores ELIX","url":"https:\/\/elixscent.com\/","logo":{"@type":"ImageObject","inLanguage":"es","@id":"https:\/\/elixscent.com\/#\/schema\/logo\/image\/","url":"https:\/\/elixscent.com\/wp-content\/uploads\/elix_logo_1.0-_300.jpg","contentUrl":"https:\/\/elixscent.com\/wp-content\/uploads\/elix_logo_1.0-_300.jpg","width":300,"height":257,"caption":"ELIX air freshener manufacturer"},"image":{"@id":"https:\/\/elixscent.com\/#\/schema\/logo\/image\/"},"sameAs":["https:\/\/www.linkedin.com\/company\/30084929"]}]}},"_links":{"self":[{"href":"https:\/\/elixscent.com\/es\/wp-json\/wp\/v2\/product\/24894","targetHints":{"allow":["GET"]}}],"collection":[{"href":"https:\/\/elixscent.com\/es\/wp-json\/wp\/v2\/product"}],"about":[{"href":"https:\/\/elixscent.com\/es\/wp-json\/wp\/v2\/types\/product"}],"version-history":[{"count":6,"href":"https:\/\/elixscent.com\/es\/wp-json\/wp\/v2\/product\/24894\/revisions"}],"predecessor-version":[{"id":28959,"href":"https:\/\/elixscent.com\/es\/wp-json\/wp\/v2\/product\/24894\/revisions\/28959"}],"wp:featuredmedia":[{"embeddable":true,"href":"https:\/\/elixscent.com\/es\/wp-json\/wp\/v2\/media\/25018"}],"wp:attachment":[{"href":"https:\/\/elixscent.com\/es\/wp-json\/wp\/v2\/media?parent=24894"}],"curies":[{"name":"wp","href":"https:\/\/api.w.org\/{rel}","templated":true}]}}